{"id":46988,"date":"2026-04-27T04:42:36","date_gmt":"2026-04-27T04:42:36","guid":{"rendered":""},"modified":"2026-04-27T04:42:36","modified_gmt":"2026-04-27T04:42:36","slug":"airforce-uhlikovy-filtr-s-dlouhou-zivotnosti-afcfca238ll-vraceni-zdarma-46988","status":"publish","type":"product","link":"https:\/\/www.technodompro.com\/produkt\/airforce-uhlikovy-filtr-s-dlouhou-zivotnosti-afcfca238ll-vraceni-zdarma-46988\/","title":{"rendered":"AirForce Uhl\u00edkov\u00fd filtr s dlouhou \u017eivotnost\u00ed AFCFCA238LL Vr\u00e1cen\u00ed Zdarma"},"content":{"rendered":"<div class=\"ProductDetail-content NoFixImageContainer\" id=\"productDescription\">\n<div class=\"Heading\">\n<h2 class=\"Heading-title\">Popis produktu <span class=''>AirForce Uhl\u00edkov\u00fd filtr s dlouhou \u017eivotnost\u00ed AFCFCA238LL<\/span><\/h2>\n<\/p><\/div>\n<div class=\"ProductDetailContent\">                                                                    <\/div>\n<div class=\"ProductDetailContent\">\n<div class=\"ProductDetailContent-item\">\n<ul>\n<li>n\u00e1zev: <strong>Uhl\u00edkov\u00fd filtr s dlouhou \u017eivotnost\u00ed AFCFCA238LL<\/strong><\/li>\n<li>hmotnost: <strong>0.5 kg<\/strong><\/li>\n<li>v\u00fdrobce: <strong>Airforce Spa, Via Venza Volgore, 3\/A, 600 43 Cerreto D\u2019esi (AN), Italia, info@airforcespa.com<\/strong><\/li>\n<\/ul>\n<p>Pro digesto\u0159e Airforce: * F158 TLC (2 ks) * F195 *<\/p>\n<p>Uhl\u00edkov\u00e9 (protipachov\u00e9) filtry s dlouhou \u017eivotnost\u00ed (long life), jsou evoluc\u00ed standardn\u00edch uhl\u00edkov\u00fdch (protipachov\u00fdch) filtr\u016f. Zaru\u010duj\u00ed lep\u0161\u00ed \u00fa\u010dinnost filtrace a p\u0159edev\u0161\u00edm del\u0161\u00ed \u017eivotnost, kter\u00e1 m\u016f\u017ee dos\u00e1hnout 12-18 m\u011bs\u00edc\u016f. Pozn\u00e1te je podle zelen\u00e9ho r\u00e1me\u010dku. <\/p>\n<\/p><\/div>\n<\/p><\/div>\n<\/p><\/div>\n<\/p><\/div>\n<\/p><\/div>\n","protected":false},"excerpt":{"rendered":"<p>Popis produktu AirForce Uhl\u00edkov\u00fd filtr s dlouhou \u017eivotnost\u00ed AFCFCA238LL n\u00e1zev: Uhl\u00edkov\u00fd filtr s dlouhou \u017eivotnost\u00ed AFCFCA238LL hmotnost: 0.5 kg v\u00fdrobce: Airforce Spa, Via Venza Volgore, 3\/A, 600 43 Cerreto D\u2019esi (AN), Italia, info@airforcespa.com Pro digesto\u0159e Airforce: * F158 TLC (2 ks) * F195 * Uhl\u00edkov\u00e9 (protipachov\u00e9) filtry s dlouhou \u017eivotnost\u00ed (long life), jsou evoluc\u00ed standardn\u00edch [&hellip;]<\/p>\n","protected":false},"featured_media":47088,"template":"","meta":[],"product_brand":[],"product_cat":[74],"product_tag":[],"class_list":{"0":"post-46988","1":"product","2":"type-product","3":"status-publish","4":"has-post-thumbnail","6":"product_cat-rekuperace-vzduchu-a-vody-vetrani","8":"first","9":"instock","10":"sale","11":"shipping-taxable","12":"purchasable","13":"product-type-simple"},"yoast_head":"<!-- This site is optimized with the Yoast SEO plugin v26.8 - https:\/\/yoast.com\/product\/yoast-seo-wordpress\/ -->\n<title>AirForce Uhl\u00edkov\u00fd filtr s dlouhou \u017eivotnost\u00ed AFCFCA238LL Vr\u00e1cen\u00ed Zdarma - Modern\u00ed koupelny &amp; sanita a interi\u00e9rov\u00e9 vybaven\u00ed pro v\u00e1\u0161 domov<\/title>\n<meta name=\"robots\" content=\"index, follow, max-snippet:-1, max-image-preview:large, max-video-preview:-1\" \/>\n<link rel=\"canonical\" href=\"https:\/\/www.technodompro.com\/index.php\/produkt\/airforce-uhlikovy-filtr-s-dlouhou-zivotnosti-afcfca238ll-vraceni-zdarma-46988\/\" \/>\n<meta property=\"og:locale\" content=\"cs_CZ\" \/>\n<meta property=\"og:type\" content=\"article\" \/>\n<meta property=\"og:title\" content=\"AirForce Uhl\u00edkov\u00fd filtr s dlouhou \u017eivotnost\u00ed AFCFCA238LL Vr\u00e1cen\u00ed Zdarma - Modern\u00ed koupelny &amp; sanita a interi\u00e9rov\u00e9 vybaven\u00ed pro v\u00e1\u0161 domov\" \/>\n<meta property=\"og:description\" content=\"Popis produktu AirForce Uhl\u00edkov\u00fd filtr s dlouhou \u017eivotnost\u00ed AFCFCA238LL n\u00e1zev: Uhl\u00edkov\u00fd filtr s dlouhou \u017eivotnost\u00ed AFCFCA238LL hmotnost: 0.5 kg v\u00fdrobce: Airforce Spa, Via Venza Volgore, 3\/A, 600 43 Cerreto D\u2019esi (AN), Italia, info@airforcespa.com Pro digesto\u0159e Airforce: * F158 TLC (2 ks) * F195 * Uhl\u00edkov\u00e9 (protipachov\u00e9) filtry s dlouhou \u017eivotnost\u00ed (long life), jsou evoluc\u00ed standardn\u00edch [&hellip;]\" \/>\n<meta property=\"og:url\" content=\"https:\/\/www.technodompro.com\/index.php\/produkt\/airforce-uhlikovy-filtr-s-dlouhou-zivotnosti-afcfca238ll-vraceni-zdarma-46988\/\" \/>\n<meta property=\"og:site_name\" content=\"Modern\u00ed koupelny &amp; sanita a interi\u00e9rov\u00e9 vybaven\u00ed pro v\u00e1\u0161 domov\" \/>\n<meta property=\"og:image\" content=\"https:\/\/www.technodompro.com\/wp-content\/uploads\/2026\/SK0016945-CZ20260425-092632-0-1777080397-airforce-uhlikovy-filtr-s-dlouhou-zivotnosti-afcfca238ll-59.webp\" \/>\n\t<meta property=\"og:image:width\" content=\"600\" \/>\n\t<meta property=\"og:image:height\" content=\"600\" \/>\n\t<meta property=\"og:image:type\" content=\"image\/webp\" \/>\n<meta name=\"twitter:card\" content=\"summary_large_image\" \/>\n<script type=\"application\/ld+json\" class=\"yoast-schema-graph\">{\"@context\":\"https:\/\/schema.org\",\"@graph\":[{\"@type\":\"WebPage\",\"@id\":\"https:\/\/www.technodompro.com\/index.php\/produkt\/airforce-uhlikovy-filtr-s-dlouhou-zivotnosti-afcfca238ll-vraceni-zdarma-46988\/\",\"url\":\"https:\/\/www.technodompro.com\/index.php\/produkt\/airforce-uhlikovy-filtr-s-dlouhou-zivotnosti-afcfca238ll-vraceni-zdarma-46988\/\",\"name\":\"AirForce Uhl\u00edkov\u00fd filtr s dlouhou \u017eivotnost\u00ed AFCFCA238LL Vr\u00e1cen\u00ed Zdarma - Modern\u00ed koupelny &amp; sanita a interi\u00e9rov\u00e9 vybaven\u00ed pro v\u00e1\u0161 domov\",\"isPartOf\":{\"@id\":\"https:\/\/www.technodompro.com\/#website\"},\"primaryImageOfPage\":{\"@id\":\"https:\/\/www.technodompro.com\/index.php\/produkt\/airforce-uhlikovy-filtr-s-dlouhou-zivotnosti-afcfca238ll-vraceni-zdarma-46988\/#primaryimage\"},\"image\":{\"@id\":\"https:\/\/www.technodompro.com\/index.php\/produkt\/airforce-uhlikovy-filtr-s-dlouhou-zivotnosti-afcfca238ll-vraceni-zdarma-46988\/#primaryimage\"},\"thumbnailUrl\":\"https:\/\/www.technodompro.com\/wp-content\/uploads\/2026\/SK0016945-CZ20260425-092632-0-1777080397-airforce-uhlikovy-filtr-s-dlouhou-zivotnosti-afcfca238ll-59.webp\",\"datePublished\":\"2026-04-27T04:42:36+00:00\",\"breadcrumb\":{\"@id\":\"https:\/\/www.technodompro.com\/index.php\/produkt\/airforce-uhlikovy-filtr-s-dlouhou-zivotnosti-afcfca238ll-vraceni-zdarma-46988\/#breadcrumb\"},\"inLanguage\":\"cs\",\"potentialAction\":[{\"@type\":\"ReadAction\",\"target\":[\"https:\/\/www.technodompro.com\/index.php\/produkt\/airforce-uhlikovy-filtr-s-dlouhou-zivotnosti-afcfca238ll-vraceni-zdarma-46988\/\"]}]},{\"@type\":\"ImageObject\",\"inLanguage\":\"cs\",\"@id\":\"https:\/\/www.technodompro.com\/index.php\/produkt\/airforce-uhlikovy-filtr-s-dlouhou-zivotnosti-afcfca238ll-vraceni-zdarma-46988\/#primaryimage\",\"url\":\"https:\/\/www.technodompro.com\/wp-content\/uploads\/2026\/SK0016945-CZ20260425-092632-0-1777080397-airforce-uhlikovy-filtr-s-dlouhou-zivotnosti-afcfca238ll-59.webp\",\"contentUrl\":\"https:\/\/www.technodompro.com\/wp-content\/uploads\/2026\/SK0016945-CZ20260425-092632-0-1777080397-airforce-uhlikovy-filtr-s-dlouhou-zivotnosti-afcfca238ll-59.webp\",\"width\":600,\"height\":600},{\"@type\":\"BreadcrumbList\",\"@id\":\"https:\/\/www.technodompro.com\/index.php\/produkt\/airforce-uhlikovy-filtr-s-dlouhou-zivotnosti-afcfca238ll-vraceni-zdarma-46988\/#breadcrumb\",\"itemListElement\":[{\"@type\":\"ListItem\",\"position\":1,\"name\":\"Home\",\"item\":\"https:\/\/www.technodompro.com\/\"},{\"@type\":\"ListItem\",\"position\":2,\"name\":\"Products\",\"item\":\"https:\/\/www.technodompro.com\/products\/\"},{\"@type\":\"ListItem\",\"position\":3,\"name\":\"AirForce Uhl\u00edkov\u00fd filtr s dlouhou \u017eivotnost\u00ed AFCFCA238LL Vr\u00e1cen\u00ed Zdarma\"}]},{\"@type\":\"WebSite\",\"@id\":\"https:\/\/www.technodompro.com\/#website\",\"url\":\"https:\/\/www.technodompro.com\/\",\"name\":\"Modern\u00ed koupelny &amp; sanita a interi\u00e9rov\u00e9 vybaven\u00ed pro v\u00e1\u0161 domov\",\"description\":\"Modern\u00ed koupelny &amp; sanita a interi\u00e9rov\u00e9 vybaven\u00ed pro v\u00e1\u0161 domov\",\"publisher\":{\"@id\":\"https:\/\/www.technodompro.com\/#organization\"},\"potentialAction\":[{\"@type\":\"SearchAction\",\"target\":{\"@type\":\"EntryPoint\",\"urlTemplate\":\"https:\/\/www.technodompro.com\/?s={search_term_string}\"},\"query-input\":{\"@type\":\"PropertyValueSpecification\",\"valueRequired\":true,\"valueName\":\"search_term_string\"}}],\"inLanguage\":\"cs\"},{\"@type\":\"Organization\",\"@id\":\"https:\/\/www.technodompro.com\/#organization\",\"name\":\"Modern\u00ed koupelny &amp; sanita a interi\u00e9rov\u00e9 vybaven\u00ed pro v\u00e1\u0161 domov\",\"url\":\"https:\/\/www.technodompro.com\/\",\"logo\":{\"@type\":\"ImageObject\",\"inLanguage\":\"cs\",\"@id\":\"https:\/\/www.technodompro.com\/#\/schema\/logo\/image\/\",\"url\":\"https:\/\/www.technodompro.com\/wp-content\/uploads\/2026\/04\/technodompro_logo.svg\",\"contentUrl\":\"https:\/\/www.technodompro.com\/wp-content\/uploads\/2026\/04\/technodompro_logo.svg\",\"width\":760,\"height\":180,\"caption\":\"Modern\u00ed koupelny &amp; sanita a interi\u00e9rov\u00e9 vybaven\u00ed pro v\u00e1\u0161 domov\"},\"image\":{\"@id\":\"https:\/\/www.technodompro.com\/#\/schema\/logo\/image\/\"}}]}<\/script>\n<!-- \/ Yoast SEO plugin. -->","yoast_head_json":{"title":"AirForce Uhl\u00edkov\u00fd filtr s dlouhou \u017eivotnost\u00ed AFCFCA238LL Vr\u00e1cen\u00ed Zdarma - Modern\u00ed koupelny &amp; sanita a interi\u00e9rov\u00e9 vybaven\u00ed pro v\u00e1\u0161 domov","robots":{"index":"index","follow":"follow","max-snippet":"max-snippet:-1","max-image-preview":"max-image-preview:large","max-video-preview":"max-video-preview:-1"},"canonical":"https:\/\/www.technodompro.com\/index.php\/produkt\/airforce-uhlikovy-filtr-s-dlouhou-zivotnosti-afcfca238ll-vraceni-zdarma-46988\/","og_locale":"cs_CZ","og_type":"article","og_title":"AirForce Uhl\u00edkov\u00fd filtr s dlouhou \u017eivotnost\u00ed AFCFCA238LL Vr\u00e1cen\u00ed Zdarma - Modern\u00ed koupelny &amp; sanita a interi\u00e9rov\u00e9 vybaven\u00ed pro v\u00e1\u0161 domov","og_description":"Popis produktu AirForce Uhl\u00edkov\u00fd filtr s dlouhou \u017eivotnost\u00ed AFCFCA238LL n\u00e1zev: Uhl\u00edkov\u00fd filtr s dlouhou \u017eivotnost\u00ed AFCFCA238LL hmotnost: 0.5 kg v\u00fdrobce: Airforce Spa, Via Venza Volgore, 3\/A, 600 43 Cerreto D\u2019esi (AN), Italia, info@airforcespa.com Pro digesto\u0159e Airforce: * F158 TLC (2 ks) * F195 * Uhl\u00edkov\u00e9 (protipachov\u00e9) filtry s dlouhou \u017eivotnost\u00ed (long life), jsou evoluc\u00ed standardn\u00edch [&hellip;]","og_url":"https:\/\/www.technodompro.com\/index.php\/produkt\/airforce-uhlikovy-filtr-s-dlouhou-zivotnosti-afcfca238ll-vraceni-zdarma-46988\/","og_site_name":"Modern\u00ed koupelny &amp; sanita a interi\u00e9rov\u00e9 vybaven\u00ed pro v\u00e1\u0161 domov","og_image":[{"width":600,"height":600,"url":"https:\/\/www.technodompro.com\/wp-content\/uploads\/2026\/SK0016945-CZ20260425-092632-0-1777080397-airforce-uhlikovy-filtr-s-dlouhou-zivotnosti-afcfca238ll-59.webp","type":"image\/webp"}],"twitter_card":"summary_large_image","schema":{"@context":"https:\/\/schema.org","@graph":[{"@type":"WebPage","@id":"https:\/\/www.technodompro.com\/index.php\/produkt\/airforce-uhlikovy-filtr-s-dlouhou-zivotnosti-afcfca238ll-vraceni-zdarma-46988\/","url":"https:\/\/www.technodompro.com\/index.php\/produkt\/airforce-uhlikovy-filtr-s-dlouhou-zivotnosti-afcfca238ll-vraceni-zdarma-46988\/","name":"AirForce Uhl\u00edkov\u00fd filtr s dlouhou \u017eivotnost\u00ed AFCFCA238LL Vr\u00e1cen\u00ed Zdarma - Modern\u00ed koupelny &amp; sanita a interi\u00e9rov\u00e9 vybaven\u00ed pro v\u00e1\u0161 domov","isPartOf":{"@id":"https:\/\/www.technodompro.com\/#website"},"primaryImageOfPage":{"@id":"https:\/\/www.technodompro.com\/index.php\/produkt\/airforce-uhlikovy-filtr-s-dlouhou-zivotnosti-afcfca238ll-vraceni-zdarma-46988\/#primaryimage"},"image":{"@id":"https:\/\/www.technodompro.com\/index.php\/produkt\/airforce-uhlikovy-filtr-s-dlouhou-zivotnosti-afcfca238ll-vraceni-zdarma-46988\/#primaryimage"},"thumbnailUrl":"https:\/\/www.technodompro.com\/wp-content\/uploads\/2026\/SK0016945-CZ20260425-092632-0-1777080397-airforce-uhlikovy-filtr-s-dlouhou-zivotnosti-afcfca238ll-59.webp","datePublished":"2026-04-27T04:42:36+00:00","breadcrumb":{"@id":"https:\/\/www.technodompro.com\/index.php\/produkt\/airforce-uhlikovy-filtr-s-dlouhou-zivotnosti-afcfca238ll-vraceni-zdarma-46988\/#breadcrumb"},"inLanguage":"cs","potentialAction":[{"@type":"ReadAction","target":["https:\/\/www.technodompro.com\/index.php\/produkt\/airforce-uhlikovy-filtr-s-dlouhou-zivotnosti-afcfca238ll-vraceni-zdarma-46988\/"]}]},{"@type":"ImageObject","inLanguage":"cs","@id":"https:\/\/www.technodompro.com\/index.php\/produkt\/airforce-uhlikovy-filtr-s-dlouhou-zivotnosti-afcfca238ll-vraceni-zdarma-46988\/#primaryimage","url":"https:\/\/www.technodompro.com\/wp-content\/uploads\/2026\/SK0016945-CZ20260425-092632-0-1777080397-airforce-uhlikovy-filtr-s-dlouhou-zivotnosti-afcfca238ll-59.webp","contentUrl":"https:\/\/www.technodompro.com\/wp-content\/uploads\/2026\/SK0016945-CZ20260425-092632-0-1777080397-airforce-uhlikovy-filtr-s-dlouhou-zivotnosti-afcfca238ll-59.webp","width":600,"height":600},{"@type":"BreadcrumbList","@id":"https:\/\/www.technodompro.com\/index.php\/produkt\/airforce-uhlikovy-filtr-s-dlouhou-zivotnosti-afcfca238ll-vraceni-zdarma-46988\/#breadcrumb","itemListElement":[{"@type":"ListItem","position":1,"name":"Home","item":"https:\/\/www.technodompro.com\/"},{"@type":"ListItem","position":2,"name":"Products","item":"https:\/\/www.technodompro.com\/products\/"},{"@type":"ListItem","position":3,"name":"AirForce Uhl\u00edkov\u00fd filtr s dlouhou \u017eivotnost\u00ed AFCFCA238LL Vr\u00e1cen\u00ed Zdarma"}]},{"@type":"WebSite","@id":"https:\/\/www.technodompro.com\/#website","url":"https:\/\/www.technodompro.com\/","name":"Modern\u00ed koupelny &amp; sanita a interi\u00e9rov\u00e9 vybaven\u00ed pro v\u00e1\u0161 domov","description":"Modern\u00ed koupelny &amp; sanita a interi\u00e9rov\u00e9 vybaven\u00ed pro v\u00e1\u0161 domov","publisher":{"@id":"https:\/\/www.technodompro.com\/#organization"},"potentialAction":[{"@type":"SearchAction","target":{"@type":"EntryPoint","urlTemplate":"https:\/\/www.technodompro.com\/?s={search_term_string}"},"query-input":{"@type":"PropertyValueSpecification","valueRequired":true,"valueName":"search_term_string"}}],"inLanguage":"cs"},{"@type":"Organization","@id":"https:\/\/www.technodompro.com\/#organization","name":"Modern\u00ed koupelny &amp; sanita a interi\u00e9rov\u00e9 vybaven\u00ed pro v\u00e1\u0161 domov","url":"https:\/\/www.technodompro.com\/","logo":{"@type":"ImageObject","inLanguage":"cs","@id":"https:\/\/www.technodompro.com\/#\/schema\/logo\/image\/","url":"https:\/\/www.technodompro.com\/wp-content\/uploads\/2026\/04\/technodompro_logo.svg","contentUrl":"https:\/\/www.technodompro.com\/wp-content\/uploads\/2026\/04\/technodompro_logo.svg","width":760,"height":180,"caption":"Modern\u00ed koupelny &amp; sanita a interi\u00e9rov\u00e9 vybaven\u00ed pro v\u00e1\u0161 domov"},"image":{"@id":"https:\/\/www.technodompro.com\/#\/schema\/logo\/image\/"}}]}},"_links":{"self":[{"href":"https:\/\/www.technodompro.com\/wp-json\/wp\/v2\/product\/46988","targetHints":{"allow":["GET"]}}],"collection":[{"href":"https:\/\/www.technodompro.com\/wp-json\/wp\/v2\/product"}],"about":[{"href":"https:\/\/www.technodompro.com\/wp-json\/wp\/v2\/types\/product"}],"wp:featuredmedia":[{"embeddable":true,"href":"https:\/\/www.technodompro.com\/wp-json\/wp\/v2\/media\/47088"}],"wp:attachment":[{"href":"https:\/\/www.technodompro.com\/wp-json\/wp\/v2\/media?parent=46988"}],"wp:term":[{"taxonomy":"product_brand","embeddable":true,"href":"https:\/\/www.technodompro.com\/wp-json\/wp\/v2\/product_brand?post=46988"},{"taxonomy":"product_cat","embeddable":true,"href":"https:\/\/www.technodompro.com\/wp-json\/wp\/v2\/product_cat?post=46988"},{"taxonomy":"product_tag","embeddable":true,"href":"https:\/\/www.technodompro.com\/wp-json\/wp\/v2\/product_tag?post=46988"}],"curies":[{"name":"wp","href":"https:\/\/api.w.org\/{rel}","templated":true}]}}