{"id":4704,"date":"2026-04-27T04:40:40","date_gmt":"2026-04-27T04:40:40","guid":{"rendered":""},"modified":"2026-04-27T04:40:40","modified_gmt":"2026-04-27T04:40:40","slug":"odeslani-ihned-kovokraus-150-80-mm-4704","status":"publish","type":"product","link":"https:\/\/www.technodompro.com\/index.php\/produkt\/odeslani-ihned-kovokraus-150-80-mm-4704\/","title":{"rendered":"Odesl\u00e1n\u00ed Ihned Kovokraus 150 \/ 80 mm"},"content":{"rendered":"<div class=\"detail-description__right\">\t\t\t\t<\/div>\n<div class=\"detail-description__top\">\t\t\t\t<\/div>\n<div class=\"detail-description__left\">\n<div class=\"detail-description__left__overflow\">\n<div class=\"detail-description__left__head\">\t\t\t\t\t\tPopis:\t\t\t\t\t<\/div>\n<div class=\"ul-style ul-style--check\">\n<p><strong>Kom\u00ednov\u00e1 redukce kou\u0159ovodu 80\/150 mm<\/strong><\/p>\n<p>Redukce kou\u0159ovodu z\u00a0ocelov\u00e9ho plechu o\u00a0s\u00edle 1,5\u00a0mm.<\/p>\n<p>Vhodn\u00e9 pro peletov\u00e1 kamna s\u00a0v\u00fdvodem 80\u00a0mm a kom\u00ednov\u00fdm vstupem150\u00a0mm<\/p>\n<ul class=\"plusminus\">\n<li><i class=\"fas fa-check\"><\/i><span>Pr\u016fm\u011br redukce: 80\u00a0mm\u00a0\u2013 kamna \/ 150mm\u00a0\u2013 kom\u00edn<\/span><\/li>\n<li><i class=\"fas fa-check\"><\/i><span>S\u00edla materi\u00e1lu: 1,5mm<\/span><\/li>\n<li><i class=\"fas fa-check\"><\/i><span>O\u0161et\u0159eno \u010dernou \u017e\u00e1ruvzdornou barvou<\/span><\/li>\n<li><i class=\"fas fa-check\"><\/i><span>CE certifikace<\/span><\/li>\n<\/ul>\n<\/div>\n<div class=\"detail-description__left__more\">\t\t\t\t\t\t<span> <\/span><span> <\/span>\t\t\t\t\t<\/div>\n<\/p><\/div>\n<\/p><\/div>\n<div class=\"detail-description__more\"><span> <\/span><span> <\/span><\/div>\n<\/p><\/div>\n<\/p><\/div>\n","protected":false},"excerpt":{"rendered":"<p>Popis: Kom\u00ednov\u00e1 redukce kou\u0159ovodu 80\/150 mm Redukce kou\u0159ovodu z\u00a0ocelov\u00e9ho plechu o\u00a0s\u00edle 1,5\u00a0mm. Vhodn\u00e9 pro peletov\u00e1 kamna s\u00a0v\u00fdvodem 80\u00a0mm a kom\u00ednov\u00fdm vstupem150\u00a0mm Pr\u016fm\u011br redukce: 80\u00a0mm\u00a0\u2013 kamna \/ 150mm\u00a0\u2013 kom\u00edn S\u00edla materi\u00e1lu: 1,5mm O\u0161et\u0159eno \u010dernou \u017e\u00e1ruvzdornou barvou CE certifikace<\/p>\n","protected":false},"featured_media":4804,"comment_status":"open","ping_status":"open","template":"","meta":[],"product_brand":[],"product_cat":[38],"product_tag":[],"class_list":{"0":"post-4704","1":"product","2":"type-product","3":"status-publish","4":"has-post-thumbnail","6":"product_cat-bydleni","8":"first","9":"instock","10":"sale","11":"shipping-taxable","12":"purchasable","13":"product-type-simple"},"yoast_head":"<!-- This site is optimized with the Yoast SEO plugin v26.8 - https:\/\/yoast.com\/product\/yoast-seo-wordpress\/ -->\n<title>Odesl\u00e1n\u00ed Ihned Kovokraus 150 \/ 80 mm -<\/title>\n<meta name=\"robots\" content=\"index, follow, max-snippet:-1, max-image-preview:large, max-video-preview:-1\" \/>\n<link rel=\"canonical\" href=\"https:\/\/www.technodompro.com\/index.php\/produkt\/odeslani-ihned-kovokraus-150-80-mm-4704\/\" \/>\n<meta property=\"og:locale\" content=\"cs_CZ\" \/>\n<meta property=\"og:type\" content=\"article\" \/>\n<meta property=\"og:title\" content=\"Odesl\u00e1n\u00ed Ihned Kovokraus 150 \/ 80 mm -\" \/>\n<meta property=\"og:description\" content=\"Popis: Kom\u00ednov\u00e1 redukce kou\u0159ovodu 80\/150 mm Redukce kou\u0159ovodu z\u00a0ocelov\u00e9ho plechu o\u00a0s\u00edle 1,5\u00a0mm. Vhodn\u00e9 pro peletov\u00e1 kamna s\u00a0v\u00fdvodem 80\u00a0mm a kom\u00ednov\u00fdm vstupem150\u00a0mm Pr\u016fm\u011br redukce: 80\u00a0mm\u00a0\u2013 kamna \/ 150mm\u00a0\u2013 kom\u00edn S\u00edla materi\u00e1lu: 1,5mm O\u0161et\u0159eno \u010dernou \u017e\u00e1ruvzdornou barvou CE certifikace\" \/>\n<meta property=\"og:url\" content=\"https:\/\/www.technodompro.com\/index.php\/produkt\/odeslani-ihned-kovokraus-150-80-mm-4704\/\" \/>\n<meta property=\"og:image\" content=\"https:\/\/www.technodompro.com\/wp-content\/uploads\/2026\/SK0018187-CZ20260425-091936-0-1777079982-kominova-redukce-kovokraus-150-80-mm-w1200-h628-f8-e5519caa.webp\" \/>\n\t<meta property=\"og:image:width\" content=\"1000\" \/>\n\t<meta property=\"og:image:height\" content=\"523\" \/>\n\t<meta property=\"og:image:type\" content=\"image\/webp\" \/>\n<meta name=\"twitter:card\" content=\"summary_large_image\" \/>\n<script type=\"application\/ld+json\" class=\"yoast-schema-graph\">{\"@context\":\"https:\/\/schema.org\",\"@graph\":[{\"@type\":\"WebPage\",\"@id\":\"https:\/\/www.technodompro.com\/index.php\/produkt\/odeslani-ihned-kovokraus-150-80-mm-4704\/\",\"url\":\"https:\/\/www.technodompro.com\/index.php\/produkt\/odeslani-ihned-kovokraus-150-80-mm-4704\/\",\"name\":\"Odesl\u00e1n\u00ed Ihned Kovokraus 150 \/ 80 mm -\",\"isPartOf\":{\"@id\":\"https:\/\/www.technodompro.com\/#website\"},\"primaryImageOfPage\":{\"@id\":\"https:\/\/www.technodompro.com\/index.php\/produkt\/odeslani-ihned-kovokraus-150-80-mm-4704\/#primaryimage\"},\"image\":{\"@id\":\"https:\/\/www.technodompro.com\/index.php\/produkt\/odeslani-ihned-kovokraus-150-80-mm-4704\/#primaryimage\"},\"thumbnailUrl\":\"https:\/\/www.technodompro.com\/wp-content\/uploads\/2026\/SK0018187-CZ20260425-091936-0-1777079982-kominova-redukce-kovokraus-150-80-mm-w1200-h628-f8-e5519caa.webp\",\"datePublished\":\"2026-04-27T04:40:40+00:00\",\"breadcrumb\":{\"@id\":\"https:\/\/www.technodompro.com\/index.php\/produkt\/odeslani-ihned-kovokraus-150-80-mm-4704\/#breadcrumb\"},\"inLanguage\":\"cs\",\"potentialAction\":[{\"@type\":\"ReadAction\",\"target\":[\"https:\/\/www.technodompro.com\/index.php\/produkt\/odeslani-ihned-kovokraus-150-80-mm-4704\/\"]}]},{\"@type\":\"ImageObject\",\"inLanguage\":\"cs\",\"@id\":\"https:\/\/www.technodompro.com\/index.php\/produkt\/odeslani-ihned-kovokraus-150-80-mm-4704\/#primaryimage\",\"url\":\"https:\/\/www.technodompro.com\/wp-content\/uploads\/2026\/SK0018187-CZ20260425-091936-0-1777079982-kominova-redukce-kovokraus-150-80-mm-w1200-h628-f8-e5519caa.webp\",\"contentUrl\":\"https:\/\/www.technodompro.com\/wp-content\/uploads\/2026\/SK0018187-CZ20260425-091936-0-1777079982-kominova-redukce-kovokraus-150-80-mm-w1200-h628-f8-e5519caa.webp\",\"width\":1000,\"height\":523},{\"@type\":\"BreadcrumbList\",\"@id\":\"https:\/\/www.technodompro.com\/index.php\/produkt\/odeslani-ihned-kovokraus-150-80-mm-4704\/#breadcrumb\",\"itemListElement\":[{\"@type\":\"ListItem\",\"position\":1,\"name\":\"Home\",\"item\":\"https:\/\/www.technodompro.com\/\"},{\"@type\":\"ListItem\",\"position\":2,\"name\":\"Products\",\"item\":\"https:\/\/www.technodompro.com\/index.php\/products\/\"},{\"@type\":\"ListItem\",\"position\":3,\"name\":\"Odesl\u00e1n\u00ed Ihned Kovokraus 150 \/ 80 mm\"}]},{\"@type\":\"WebSite\",\"@id\":\"https:\/\/www.technodompro.com\/#website\",\"url\":\"https:\/\/www.technodompro.com\/\",\"name\":\"\",\"description\":\"\",\"potentialAction\":[{\"@type\":\"SearchAction\",\"target\":{\"@type\":\"EntryPoint\",\"urlTemplate\":\"https:\/\/www.technodompro.com\/?s={search_term_string}\"},\"query-input\":{\"@type\":\"PropertyValueSpecification\",\"valueRequired\":true,\"valueName\":\"search_term_string\"}}],\"inLanguage\":\"cs\"}]}<\/script>\n<!-- \/ Yoast SEO plugin. -->","yoast_head_json":{"title":"Odesl\u00e1n\u00ed Ihned Kovokraus 150 \/ 80 mm -","robots":{"index":"index","follow":"follow","max-snippet":"max-snippet:-1","max-image-preview":"max-image-preview:large","max-video-preview":"max-video-preview:-1"},"canonical":"https:\/\/www.technodompro.com\/index.php\/produkt\/odeslani-ihned-kovokraus-150-80-mm-4704\/","og_locale":"cs_CZ","og_type":"article","og_title":"Odesl\u00e1n\u00ed Ihned Kovokraus 150 \/ 80 mm -","og_description":"Popis: Kom\u00ednov\u00e1 redukce kou\u0159ovodu 80\/150 mm Redukce kou\u0159ovodu z\u00a0ocelov\u00e9ho plechu o\u00a0s\u00edle 1,5\u00a0mm. Vhodn\u00e9 pro peletov\u00e1 kamna s\u00a0v\u00fdvodem 80\u00a0mm a kom\u00ednov\u00fdm vstupem150\u00a0mm Pr\u016fm\u011br redukce: 80\u00a0mm\u00a0\u2013 kamna \/ 150mm\u00a0\u2013 kom\u00edn S\u00edla materi\u00e1lu: 1,5mm O\u0161et\u0159eno \u010dernou \u017e\u00e1ruvzdornou barvou CE certifikace","og_url":"https:\/\/www.technodompro.com\/index.php\/produkt\/odeslani-ihned-kovokraus-150-80-mm-4704\/","og_image":[{"width":1000,"height":523,"url":"https:\/\/www.technodompro.com\/wp-content\/uploads\/2026\/SK0018187-CZ20260425-091936-0-1777079982-kominova-redukce-kovokraus-150-80-mm-w1200-h628-f8-e5519caa.webp","type":"image\/webp"}],"twitter_card":"summary_large_image","schema":{"@context":"https:\/\/schema.org","@graph":[{"@type":"WebPage","@id":"https:\/\/www.technodompro.com\/index.php\/produkt\/odeslani-ihned-kovokraus-150-80-mm-4704\/","url":"https:\/\/www.technodompro.com\/index.php\/produkt\/odeslani-ihned-kovokraus-150-80-mm-4704\/","name":"Odesl\u00e1n\u00ed Ihned Kovokraus 150 \/ 80 mm -","isPartOf":{"@id":"https:\/\/www.technodompro.com\/#website"},"primaryImageOfPage":{"@id":"https:\/\/www.technodompro.com\/index.php\/produkt\/odeslani-ihned-kovokraus-150-80-mm-4704\/#primaryimage"},"image":{"@id":"https:\/\/www.technodompro.com\/index.php\/produkt\/odeslani-ihned-kovokraus-150-80-mm-4704\/#primaryimage"},"thumbnailUrl":"https:\/\/www.technodompro.com\/wp-content\/uploads\/2026\/SK0018187-CZ20260425-091936-0-1777079982-kominova-redukce-kovokraus-150-80-mm-w1200-h628-f8-e5519caa.webp","datePublished":"2026-04-27T04:40:40+00:00","breadcrumb":{"@id":"https:\/\/www.technodompro.com\/index.php\/produkt\/odeslani-ihned-kovokraus-150-80-mm-4704\/#breadcrumb"},"inLanguage":"cs","potentialAction":[{"@type":"ReadAction","target":["https:\/\/www.technodompro.com\/index.php\/produkt\/odeslani-ihned-kovokraus-150-80-mm-4704\/"]}]},{"@type":"ImageObject","inLanguage":"cs","@id":"https:\/\/www.technodompro.com\/index.php\/produkt\/odeslani-ihned-kovokraus-150-80-mm-4704\/#primaryimage","url":"https:\/\/www.technodompro.com\/wp-content\/uploads\/2026\/SK0018187-CZ20260425-091936-0-1777079982-kominova-redukce-kovokraus-150-80-mm-w1200-h628-f8-e5519caa.webp","contentUrl":"https:\/\/www.technodompro.com\/wp-content\/uploads\/2026\/SK0018187-CZ20260425-091936-0-1777079982-kominova-redukce-kovokraus-150-80-mm-w1200-h628-f8-e5519caa.webp","width":1000,"height":523},{"@type":"BreadcrumbList","@id":"https:\/\/www.technodompro.com\/index.php\/produkt\/odeslani-ihned-kovokraus-150-80-mm-4704\/#breadcrumb","itemListElement":[{"@type":"ListItem","position":1,"name":"Home","item":"https:\/\/www.technodompro.com\/"},{"@type":"ListItem","position":2,"name":"Products","item":"https:\/\/www.technodompro.com\/index.php\/products\/"},{"@type":"ListItem","position":3,"name":"Odesl\u00e1n\u00ed Ihned Kovokraus 150 \/ 80 mm"}]},{"@type":"WebSite","@id":"https:\/\/www.technodompro.com\/#website","url":"https:\/\/www.technodompro.com\/","name":"","description":"","potentialAction":[{"@type":"SearchAction","target":{"@type":"EntryPoint","urlTemplate":"https:\/\/www.technodompro.com\/?s={search_term_string}"},"query-input":{"@type":"PropertyValueSpecification","valueRequired":true,"valueName":"search_term_string"}}],"inLanguage":"cs"}]}},"_links":{"self":[{"href":"https:\/\/www.technodompro.com\/index.php\/wp-json\/wp\/v2\/product\/4704","targetHints":{"allow":["GET"]}}],"collection":[{"href":"https:\/\/www.technodompro.com\/index.php\/wp-json\/wp\/v2\/product"}],"about":[{"href":"https:\/\/www.technodompro.com\/index.php\/wp-json\/wp\/v2\/types\/product"}],"replies":[{"embeddable":true,"href":"https:\/\/www.technodompro.com\/index.php\/wp-json\/wp\/v2\/comments?post=4704"}],"wp:featuredmedia":[{"embeddable":true,"href":"https:\/\/www.technodompro.com\/index.php\/wp-json\/wp\/v2\/media\/4804"}],"wp:attachment":[{"href":"https:\/\/www.technodompro.com\/index.php\/wp-json\/wp\/v2\/media?parent=4704"}],"wp:term":[{"taxonomy":"product_brand","embeddable":true,"href":"https:\/\/www.technodompro.com\/index.php\/wp-json\/wp\/v2\/product_brand?post=4704"},{"taxonomy":"product_cat","embeddable":true,"href":"https:\/\/www.technodompro.com\/index.php\/wp-json\/wp\/v2\/product_cat?post=4704"},{"taxonomy":"product_tag","embeddable":true,"href":"https:\/\/www.technodompro.com\/index.php\/wp-json\/wp\/v2\/product_tag?post=4704"}],"curies":[{"name":"wp","href":"https:\/\/api.w.org\/{rel}","templated":true}]}}