{"id":47365,"date":"2026-04-27T04:42:37","date_gmt":"2026-04-27T04:42:37","guid":{"rendered":""},"modified":"2026-04-27T04:42:37","modified_gmt":"2026-04-27T04:42:37","slug":"znackovy-kominova-disgestor-faber-stilo-comfort-x-a90-325-0615-636-47365","status":"publish","type":"product","link":"https:\/\/www.technodompro.com\/index.php\/produkt\/znackovy-kominova-disgestor-faber-stilo-comfort-x-a90-325-0615-636-47365\/","title":{"rendered":"Zna\u010dkov\u00fd Kom\u00ednov\u00e1 disgesto\u0159 Faber STILO COMFORT X A90 &#8211; 325.0615.636"},"content":{"rendered":"<div class=\"ProductDetail-content NoFixImageContainer\" id=\"productDescription\">\n<div class=\"Heading\">\n<h2 class=\"Heading-title\">Popis produktu <span class=''>Kom\u00ednov\u00e1 disgesto\u0159 Faber STILO COMFORT X A90 &#8211; 325.0615.636<\/span><\/h2>\n<\/p><\/div>\n<div class=\"ProductDetailContent\">                                                                    <\/div>\n<div class=\"ProductDetailContent\">\n<div class=\"ProductDetailContent-item\">\n<p>Nerezov\u00e1 digesto\u0159 STILO je pr\u016fkopn\u00edkem klasick\u00e9ho tvaru obr\u00e1cen\u00e9ho p\u00edsmene T a sv\u00fdm elegantn\u00edm designem skv\u011ble zapadne do ka\u017ed\u00e9 kuchyn\u011b.<\/p>\n<p>Vysok\u00fd v\u00fdkon spolehliv\u011b zajist\u00ed modern\u00ed ventila\u010dn\u00ed jednotka EVO, kter\u00e1 vynik\u00e1 n\u00edzkou spot\u0159ebou energie.<\/p>\n<p>Unik\u00e1tn\u00ed je mo\u017enost \u00fapravy digesto\u0159e pro p\u0159\u00edm\u00e9 napojen\u00ed do rekupera\u010dn\u00edho syst\u00e9mu. Odsava\u010d je v tomto p\u0159\u00edpad\u011b dod\u00e1v\u00e1n bez motoru a je vybaven\u00fd p\u0159\u00eddavn\u00fdm tukov\u00fdm filtrem pro zachycen\u00ed t\u011bch nejjemn\u011bj\u0161\u00edch mastn\u00fdch \u010d\u00e1stic. FABER toto \u0159e\u0161en\u00ed nab\u00edz\u00ed ji\u017e 10 let jako jedin\u00fd v\u00fdrobce na trhu!<\/p>\n<p>Dal\u0161\u00ed zaj\u00edmavou mo\u017enost\u00ed je p\u0159em\u00edst\u011bn\u00ed motoru digesto\u0159e mimo kuchyni. Syst\u00e9m REMOTE BLOWER umo\u017e\u0148uje upravit digesto\u0159 na digesto\u0159 bezmotorovou a s pou\u017eit\u00edm p\u016fvodn\u00edho motoru vytvo\u0159it extern\u00ed ventila\u010dn\u00ed jednotku EVJ, kterou lze um\u00edstit do komory, technick\u00e9 m\u00edstnosti \u010di na p\u016fdu domu.<\/p>\n<p>Lze ji tak\u00e9 propojit s extern\u00edm motorem na fas\u00e1du MISTRAL. V tomto p\u0159\u00edpad\u011b jsou technick\u00e9 parametry digesto\u0159e shodn\u00e9 s parametry extern\u00ed ventila\u010dn\u00ed jednotky.<\/p>\n<p>Ve v\u0161ech t\u011bchto p\u0159\u00edpadech z\u016fst\u00e1vaj\u00ed zachov\u00e1ny v\u0161echny funkce digesto\u0159e, provoz se st\u00e1v\u00e1 bezhlu\u010dn\u00fdm a v p\u0159\u00edpad\u011b p\u0159\u00edm\u00e9ho napojen\u00ed do rekupera\u010dn\u00edho syst\u00e9mu lze d\u016fm certifikovat jako pasivn\u00ed.<\/p>\n<p>Odsava\u010d nab\u00edz\u00ed t\u0159i rychlostn\u00ed stupn\u011b a funkci intenzivn\u00edho ods\u00e1v\u00e1n\u00ed. Jednotliv\u00e9 funkce m\u016f\u017eete pohodln\u011b ovl\u00e1dat n\u00edzkozdvihov\u00fdmi tla\u010d\u00edtky.<\/p>\n<p>Kom\u00ednov\u00e1 digesto\u0159 je vybavena kovov\u00fdmi kazetov\u00fdmi tukov\u00fdmi filtry, kter\u00e9 nen\u00ed t\u0159eba m\u011bnit a lze je jednodu\u0161e um\u00fdt v my\u010dce n\u00e1dob\u00ed.<\/p>\n<p>Optim\u00e1ln\u00ed osv\u011btlen\u00ed pracovn\u00ed plochy je zaji\u0161t\u011bno dv\u011bma LED diodov\u00fdmi \u017e\u00e1rovkami se sv\u011bteln\u00fdm spektrem podobn\u00fdm denn\u00edmu sv\u011btlu.<\/p>\n<p>Z\u00e1ruka na bezchybnou funkci 5 let.<\/p>\n<\/p><\/div>\n<div class=\"ProductDetailContent-item\">\n<ul>\n<li>n\u00e1zev: <strong>STILO COMFORT X A90<\/strong><\/li>\n<li>\u0161\u00ed\u0159ka: <strong>90 cm<\/strong><\/li>\n<li>v\u00fdkon dle iec 61591: <strong>290 | 460 | 610 | INT 710 m3\/h<\/strong><\/li>\n<li>po\u010det rychlost\u00ed: <strong>3 + INT<\/strong><\/li>\n<li>mo\u017enost extern\u00edho motoru: <strong>ano<\/strong><\/li>\n<li>mo\u017enost odtahu: <strong>ano<\/strong><\/li>\n<li>mo\u017enost recirkulace: <strong>ano<\/strong><\/li>\n<li>ro\u010dn\u00ed spot\u0159eba: <strong>78 kWh<\/strong><\/li>\n<li>mo\u017enost napojen\u00ed na rekuperaci: <strong>ne<\/strong><\/li>\n<li>propojen\u00ed s varnou deskou: <strong>ne<\/strong><\/li>\n<li>energetick\u00e1 t\u0159\u00edda: <strong>B<\/strong><\/li>\n<li>tukov\u00fd filtr: <strong>kovov\u00fd kazetov\u00fd<\/strong><\/li>\n<li>hlu\u010dnost dle iec 60704-2-13: <strong>50 | 59 | 66 | INT 69 db(A)<\/strong><\/li>\n<li>maxim\u00e1ln\u00ed v\u00fdstupn\u00ed tlak: <strong>540 Pa<\/strong><\/li>\n<li>osv\u011btlen\u00ed: <strong>2x LED diody 3000 K<\/strong><\/li>\n<li>ovl\u00e1d\u00e1n\u00ed: <strong>n\u00edzkozdvihov\u00e1 tla\u010d\u00edtka<\/strong><\/li>\n<li>v\u00fdstupn\u00ed hrdlo: <strong>150 \/ 120 mm<\/strong><\/li>\n<li>proveden\u00ed: <strong>nerez<\/strong><\/li>\n<li>z\u00e1ruka: <strong>5 let<\/strong><\/li>\n<li>hmotnost: <strong>12.8 kg<\/strong><\/li>\n<\/ul>\n<div class=\"d-flex mb-2\">\n<div style=\"flex: 0 0 90px;\"><\/div>\n<div class=\"d-flex align-items-center\">D\u00edky nov\u00e9 technologii byly redukov\u00e1ny turbulence a v\u00edry vzduchu vznikaj\u00edc\u00ed v prostoru motoru. T\u00edm se poda\u0159ilo sn\u00ed\u017eit hluk a zlep\u0161it kvalitu zvuku digesto\u0159e.<\/div>\n<\/div>\n<div class=\"d-flex mb-2\">\n<div style=\"flex: 0 0 90px;\"><\/div>\n<div class=\"d-flex align-items-center\">U digesto\u0159\u00ed ozna\u010den\u00fdch touto ikonou je mo\u017en\u00e9 um\u00edstit motor extern\u011b mimo kuchyni. T\u00edm je dosa\u017eeno t\u00e9m\u011b\u0159 bezhlu\u010dn\u00e9ho chodu. V\u00edce viz p\u0159\u00edslu\u0161enstv\u00ed.<\/div>\n<\/div>\n<div class=\"d-flex mb-2\">\n<div style=\"flex: 0 0 90px;\"><\/div>\n<div class=\"d-flex align-items-center\">Zv\u00fd\u0161en\u00fd v\u00fdkon odsava\u010de lze aktivovat stiskem kl\u00e1vesy z kter\u00e9koliv rychlosti. Je ur\u010den ke kr\u00e1tkodob\u00e9mu pou\u017eit\u00ed. Po 10 minut\u00e1ch se p\u0159\u00edstroj automaticky p\u0159epne na rychlost, ze kter\u00e9 byla fuknce aktivov\u00e1na.<\/div>\n<\/div>\n<div class=\"d-flex mb-2\">\n<div style=\"flex: 0 0 90px;\"><\/div>\n<div class=\"d-flex align-items-center\">LED osv\u011btlen\u00ed vytv\u00e1\u0159\u00ed siln\u00fd a ostr\u00fd zdroj sv\u011btla t\u00edm, \u017ee kombinuje vynikaj\u00edc\u00ed rozlo\u017een\u00ed sv\u011btla na varn\u00e9 z\u00f3n\u011b s p\u0159\u00edjemnou relaxa\u010dn\u00ed intenzitou. Spot\u0159eba energie je p\u0159itom velmi n\u00edzk\u00e1, jen 2W.<\/div>\n<\/div>\n<p><strong>Rozm\u011bry balen\u00ed<\/strong><\/p>\n<ul>\n<li>Hmotnost: <strong>12.8 kg<\/strong><\/li>\n<li>Hmotnost boxu: <strong>17.5 kg<\/strong><\/li>\n<li>V\u00fd\u0161ka boxu: <strong>603 mm<\/strong><\/li>\n<li>\u0160\u00ed\u0159ka boxu <strong>415 mm<\/strong><\/li>\n<\/ul><\/div>\n<\/p><\/div>\n<\/p><\/div>\n<\/p><\/div>\n<\/p><\/div>\n","protected":false},"excerpt":{"rendered":"<p>Popis produktu Kom\u00ednov\u00e1 disgesto\u0159 Faber STILO COMFORT X A90 &#8211; 325.0615.636 Nerezov\u00e1 digesto\u0159 STILO je pr\u016fkopn\u00edkem klasick\u00e9ho tvaru obr\u00e1cen\u00e9ho p\u00edsmene T a sv\u00fdm elegantn\u00edm designem skv\u011ble zapadne do ka\u017ed\u00e9 kuchyn\u011b. Vysok\u00fd v\u00fdkon spolehliv\u011b zajist\u00ed modern\u00ed ventila\u010dn\u00ed jednotka EVO, kter\u00e1 vynik\u00e1 n\u00edzkou spot\u0159ebou energie. Unik\u00e1tn\u00ed je mo\u017enost \u00fapravy digesto\u0159e pro p\u0159\u00edm\u00e9 napojen\u00ed do rekupera\u010dn\u00edho syst\u00e9mu. Odsava\u010d [&hellip;]<\/p>\n","protected":false},"featured_media":47465,"comment_status":"open","ping_status":"open","template":"","meta":[],"product_brand":[],"product_cat":[74],"product_tag":[],"class_list":{"0":"post-47365","1":"product","2":"type-product","3":"status-publish","4":"has-post-thumbnail","6":"product_cat-rekuperace-vzduchu-a-vody-vetrani","8":"first","9":"instock","10":"sale","11":"shipping-taxable","12":"purchasable","13":"product-type-simple"},"yoast_head":"<!-- This site is optimized with the Yoast SEO plugin v26.8 - https:\/\/yoast.com\/product\/yoast-seo-wordpress\/ -->\n<title>Zna\u010dkov\u00fd Kom\u00ednov\u00e1 disgesto\u0159 Faber STILO COMFORT X A90 - 325.0615.636 -<\/title>\n<meta name=\"robots\" content=\"index, follow, max-snippet:-1, max-image-preview:large, max-video-preview:-1\" \/>\n<link rel=\"canonical\" href=\"https:\/\/www.technodompro.com\/index.php\/produkt\/znackovy-kominova-disgestor-faber-stilo-comfort-x-a90-325-0615-636-47365\/\" \/>\n<meta property=\"og:locale\" content=\"cs_CZ\" \/>\n<meta property=\"og:type\" content=\"article\" \/>\n<meta property=\"og:title\" content=\"Zna\u010dkov\u00fd Kom\u00ednov\u00e1 disgesto\u0159 Faber STILO COMFORT X A90 - 325.0615.636 -\" \/>\n<meta property=\"og:description\" content=\"Popis produktu Kom\u00ednov\u00e1 disgesto\u0159 Faber STILO COMFORT X A90 &#8211; 325.0615.636 Nerezov\u00e1 digesto\u0159 STILO je pr\u016fkopn\u00edkem klasick\u00e9ho tvaru obr\u00e1cen\u00e9ho p\u00edsmene T a sv\u00fdm elegantn\u00edm designem skv\u011ble zapadne do ka\u017ed\u00e9 kuchyn\u011b. Vysok\u00fd v\u00fdkon spolehliv\u011b zajist\u00ed modern\u00ed ventila\u010dn\u00ed jednotka EVO, kter\u00e1 vynik\u00e1 n\u00edzkou spot\u0159ebou energie. Unik\u00e1tn\u00ed je mo\u017enost \u00fapravy digesto\u0159e pro p\u0159\u00edm\u00e9 napojen\u00ed do rekupera\u010dn\u00edho syst\u00e9mu. Odsava\u010d [&hellip;]\" \/>\n<meta property=\"og:url\" content=\"https:\/\/www.technodompro.com\/index.php\/produkt\/znackovy-kominova-disgestor-faber-stilo-comfort-x-a90-325-0615-636-47365\/\" \/>\n<meta property=\"og:image\" content=\"https:\/\/www.technodompro.com\/wp-content\/uploads\/2026\/SK0017124-CZ20260425-092632-0-1777080397-kominova-disgestor-faber-stilo-comfort-x-a90-325-0615-636-6.webp\" \/>\n\t<meta property=\"og:image:width\" content=\"600\" \/>\n\t<meta property=\"og:image:height\" content=\"480\" \/>\n\t<meta property=\"og:image:type\" content=\"image\/webp\" \/>\n<meta name=\"twitter:card\" content=\"summary_large_image\" \/>\n<meta name=\"twitter:label1\" content=\"Odhadovan\u00e1 doba \u010dten\u00ed\" \/>\n\t<meta name=\"twitter:data1\" content=\"3 minuty\" \/>\n<script type=\"application\/ld+json\" class=\"yoast-schema-graph\">{\"@context\":\"https:\/\/schema.org\",\"@graph\":[{\"@type\":\"WebPage\",\"@id\":\"https:\/\/www.technodompro.com\/index.php\/produkt\/znackovy-kominova-disgestor-faber-stilo-comfort-x-a90-325-0615-636-47365\/\",\"url\":\"https:\/\/www.technodompro.com\/index.php\/produkt\/znackovy-kominova-disgestor-faber-stilo-comfort-x-a90-325-0615-636-47365\/\",\"name\":\"Zna\u010dkov\u00fd Kom\u00ednov\u00e1 disgesto\u0159 Faber STILO COMFORT X A90 - 325.0615.636 -\",\"isPartOf\":{\"@id\":\"https:\/\/www.technodompro.com\/#website\"},\"primaryImageOfPage\":{\"@id\":\"https:\/\/www.technodompro.com\/index.php\/produkt\/znackovy-kominova-disgestor-faber-stilo-comfort-x-a90-325-0615-636-47365\/#primaryimage\"},\"image\":{\"@id\":\"https:\/\/www.technodompro.com\/index.php\/produkt\/znackovy-kominova-disgestor-faber-stilo-comfort-x-a90-325-0615-636-47365\/#primaryimage\"},\"thumbnailUrl\":\"https:\/\/www.technodompro.com\/wp-content\/uploads\/2026\/SK0017124-CZ20260425-092632-0-1777080397-kominova-disgestor-faber-stilo-comfort-x-a90-325-0615-636-6.webp\",\"datePublished\":\"2026-04-27T04:42:37+00:00\",\"breadcrumb\":{\"@id\":\"https:\/\/www.technodompro.com\/index.php\/produkt\/znackovy-kominova-disgestor-faber-stilo-comfort-x-a90-325-0615-636-47365\/#breadcrumb\"},\"inLanguage\":\"cs\",\"potentialAction\":[{\"@type\":\"ReadAction\",\"target\":[\"https:\/\/www.technodompro.com\/index.php\/produkt\/znackovy-kominova-disgestor-faber-stilo-comfort-x-a90-325-0615-636-47365\/\"]}]},{\"@type\":\"ImageObject\",\"inLanguage\":\"cs\",\"@id\":\"https:\/\/www.technodompro.com\/index.php\/produkt\/znackovy-kominova-disgestor-faber-stilo-comfort-x-a90-325-0615-636-47365\/#primaryimage\",\"url\":\"https:\/\/www.technodompro.com\/wp-content\/uploads\/2026\/SK0017124-CZ20260425-092632-0-1777080397-kominova-disgestor-faber-stilo-comfort-x-a90-325-0615-636-6.webp\",\"contentUrl\":\"https:\/\/www.technodompro.com\/wp-content\/uploads\/2026\/SK0017124-CZ20260425-092632-0-1777080397-kominova-disgestor-faber-stilo-comfort-x-a90-325-0615-636-6.webp\",\"width\":600,\"height\":480},{\"@type\":\"BreadcrumbList\",\"@id\":\"https:\/\/www.technodompro.com\/index.php\/produkt\/znackovy-kominova-disgestor-faber-stilo-comfort-x-a90-325-0615-636-47365\/#breadcrumb\",\"itemListElement\":[{\"@type\":\"ListItem\",\"position\":1,\"name\":\"Home\",\"item\":\"https:\/\/www.technodompro.com\/\"},{\"@type\":\"ListItem\",\"position\":2,\"name\":\"Products\",\"item\":\"https:\/\/www.technodompro.com\/index.php\/products\/\"},{\"@type\":\"ListItem\",\"position\":3,\"name\":\"Zna\u010dkov\u00fd Kom\u00ednov\u00e1 disgesto\u0159 Faber STILO COMFORT X A90 &#8211; 325.0615.636\"}]},{\"@type\":\"WebSite\",\"@id\":\"https:\/\/www.technodompro.com\/#website\",\"url\":\"https:\/\/www.technodompro.com\/\",\"name\":\"\",\"description\":\"\",\"potentialAction\":[{\"@type\":\"SearchAction\",\"target\":{\"@type\":\"EntryPoint\",\"urlTemplate\":\"https:\/\/www.technodompro.com\/?s={search_term_string}\"},\"query-input\":{\"@type\":\"PropertyValueSpecification\",\"valueRequired\":true,\"valueName\":\"search_term_string\"}}],\"inLanguage\":\"cs\"}]}<\/script>\n<!-- \/ Yoast SEO plugin. -->","yoast_head_json":{"title":"Zna\u010dkov\u00fd Kom\u00ednov\u00e1 disgesto\u0159 Faber STILO COMFORT X A90 - 325.0615.636 -","robots":{"index":"index","follow":"follow","max-snippet":"max-snippet:-1","max-image-preview":"max-image-preview:large","max-video-preview":"max-video-preview:-1"},"canonical":"https:\/\/www.technodompro.com\/index.php\/produkt\/znackovy-kominova-disgestor-faber-stilo-comfort-x-a90-325-0615-636-47365\/","og_locale":"cs_CZ","og_type":"article","og_title":"Zna\u010dkov\u00fd Kom\u00ednov\u00e1 disgesto\u0159 Faber STILO COMFORT X A90 - 325.0615.636 -","og_description":"Popis produktu Kom\u00ednov\u00e1 disgesto\u0159 Faber STILO COMFORT X A90 &#8211; 325.0615.636 Nerezov\u00e1 digesto\u0159 STILO je pr\u016fkopn\u00edkem klasick\u00e9ho tvaru obr\u00e1cen\u00e9ho p\u00edsmene T a sv\u00fdm elegantn\u00edm designem skv\u011ble zapadne do ka\u017ed\u00e9 kuchyn\u011b. Vysok\u00fd v\u00fdkon spolehliv\u011b zajist\u00ed modern\u00ed ventila\u010dn\u00ed jednotka EVO, kter\u00e1 vynik\u00e1 n\u00edzkou spot\u0159ebou energie. Unik\u00e1tn\u00ed je mo\u017enost \u00fapravy digesto\u0159e pro p\u0159\u00edm\u00e9 napojen\u00ed do rekupera\u010dn\u00edho syst\u00e9mu. Odsava\u010d [&hellip;]","og_url":"https:\/\/www.technodompro.com\/index.php\/produkt\/znackovy-kominova-disgestor-faber-stilo-comfort-x-a90-325-0615-636-47365\/","og_image":[{"width":600,"height":480,"url":"https:\/\/www.technodompro.com\/wp-content\/uploads\/2026\/SK0017124-CZ20260425-092632-0-1777080397-kominova-disgestor-faber-stilo-comfort-x-a90-325-0615-636-6.webp","type":"image\/webp"}],"twitter_card":"summary_large_image","twitter_misc":{"Odhadovan\u00e1 doba \u010dten\u00ed":"3 minuty"},"schema":{"@context":"https:\/\/schema.org","@graph":[{"@type":"WebPage","@id":"https:\/\/www.technodompro.com\/index.php\/produkt\/znackovy-kominova-disgestor-faber-stilo-comfort-x-a90-325-0615-636-47365\/","url":"https:\/\/www.technodompro.com\/index.php\/produkt\/znackovy-kominova-disgestor-faber-stilo-comfort-x-a90-325-0615-636-47365\/","name":"Zna\u010dkov\u00fd Kom\u00ednov\u00e1 disgesto\u0159 Faber STILO COMFORT X A90 - 325.0615.636 -","isPartOf":{"@id":"https:\/\/www.technodompro.com\/#website"},"primaryImageOfPage":{"@id":"https:\/\/www.technodompro.com\/index.php\/produkt\/znackovy-kominova-disgestor-faber-stilo-comfort-x-a90-325-0615-636-47365\/#primaryimage"},"image":{"@id":"https:\/\/www.technodompro.com\/index.php\/produkt\/znackovy-kominova-disgestor-faber-stilo-comfort-x-a90-325-0615-636-47365\/#primaryimage"},"thumbnailUrl":"https:\/\/www.technodompro.com\/wp-content\/uploads\/2026\/SK0017124-CZ20260425-092632-0-1777080397-kominova-disgestor-faber-stilo-comfort-x-a90-325-0615-636-6.webp","datePublished":"2026-04-27T04:42:37+00:00","breadcrumb":{"@id":"https:\/\/www.technodompro.com\/index.php\/produkt\/znackovy-kominova-disgestor-faber-stilo-comfort-x-a90-325-0615-636-47365\/#breadcrumb"},"inLanguage":"cs","potentialAction":[{"@type":"ReadAction","target":["https:\/\/www.technodompro.com\/index.php\/produkt\/znackovy-kominova-disgestor-faber-stilo-comfort-x-a90-325-0615-636-47365\/"]}]},{"@type":"ImageObject","inLanguage":"cs","@id":"https:\/\/www.technodompro.com\/index.php\/produkt\/znackovy-kominova-disgestor-faber-stilo-comfort-x-a90-325-0615-636-47365\/#primaryimage","url":"https:\/\/www.technodompro.com\/wp-content\/uploads\/2026\/SK0017124-CZ20260425-092632-0-1777080397-kominova-disgestor-faber-stilo-comfort-x-a90-325-0615-636-6.webp","contentUrl":"https:\/\/www.technodompro.com\/wp-content\/uploads\/2026\/SK0017124-CZ20260425-092632-0-1777080397-kominova-disgestor-faber-stilo-comfort-x-a90-325-0615-636-6.webp","width":600,"height":480},{"@type":"BreadcrumbList","@id":"https:\/\/www.technodompro.com\/index.php\/produkt\/znackovy-kominova-disgestor-faber-stilo-comfort-x-a90-325-0615-636-47365\/#breadcrumb","itemListElement":[{"@type":"ListItem","position":1,"name":"Home","item":"https:\/\/www.technodompro.com\/"},{"@type":"ListItem","position":2,"name":"Products","item":"https:\/\/www.technodompro.com\/index.php\/products\/"},{"@type":"ListItem","position":3,"name":"Zna\u010dkov\u00fd Kom\u00ednov\u00e1 disgesto\u0159 Faber STILO COMFORT X A90 &#8211; 325.0615.636"}]},{"@type":"WebSite","@id":"https:\/\/www.technodompro.com\/#website","url":"https:\/\/www.technodompro.com\/","name":"","description":"","potentialAction":[{"@type":"SearchAction","target":{"@type":"EntryPoint","urlTemplate":"https:\/\/www.technodompro.com\/?s={search_term_string}"},"query-input":{"@type":"PropertyValueSpecification","valueRequired":true,"valueName":"search_term_string"}}],"inLanguage":"cs"}]}},"_links":{"self":[{"href":"https:\/\/www.technodompro.com\/index.php\/wp-json\/wp\/v2\/product\/47365","targetHints":{"allow":["GET"]}}],"collection":[{"href":"https:\/\/www.technodompro.com\/index.php\/wp-json\/wp\/v2\/product"}],"about":[{"href":"https:\/\/www.technodompro.com\/index.php\/wp-json\/wp\/v2\/types\/product"}],"replies":[{"embeddable":true,"href":"https:\/\/www.technodompro.com\/index.php\/wp-json\/wp\/v2\/comments?post=47365"}],"wp:featuredmedia":[{"embeddable":true,"href":"https:\/\/www.technodompro.com\/index.php\/wp-json\/wp\/v2\/media\/47465"}],"wp:attachment":[{"href":"https:\/\/www.technodompro.com\/index.php\/wp-json\/wp\/v2\/media?parent=47365"}],"wp:term":[{"taxonomy":"product_brand","embeddable":true,"href":"https:\/\/www.technodompro.com\/index.php\/wp-json\/wp\/v2\/product_brand?post=47365"},{"taxonomy":"product_cat","embeddable":true,"href":"https:\/\/www.technodompro.com\/index.php\/wp-json\/wp\/v2\/product_cat?post=47365"},{"taxonomy":"product_tag","embeddable":true,"href":"https:\/\/www.technodompro.com\/index.php\/wp-json\/wp\/v2\/product_tag?post=47365"}],"curies":[{"name":"wp","href":"https:\/\/api.w.org\/{rel}","templated":true}]}}