{"id":47497,"date":"2026-04-27T04:42:37","date_gmt":"2026-04-27T04:42:37","guid":{"rendered":""},"modified":"2026-04-27T04:42:37","modified_gmt":"2026-04-27T04:42:37","slug":"znackovy-elektrobock-centralni-jednotka-s-wifi-a-gsm-modulem-ph-cj39-wifi-gst-vyprodej-1ks-47497","status":"publish","type":"product","link":"https:\/\/www.technodompro.com\/index.php\/produkt\/znackovy-elektrobock-centralni-jednotka-s-wifi-a-gsm-modulem-ph-cj39-wifi-gst-vyprodej-1ks-47497\/","title":{"rendered":"Zna\u010dkov\u00fd Elektrobock Centr\u00e1ln\u00ed jednotka s WiFi a GSM modulem PH-CJ39 WiFi GST &#8211; V\u00ddPRODEJ 1ks"},"content":{"rendered":"<div class=\"ProductDetail-content NoFixImageContainer\" id=\"productDescription\">\n<div class=\"Heading\">\n<h2 class=\"Heading-title\">Popis produktu <span class=''>Elektrobock Centr\u00e1ln\u00ed jednotka s WiFi a GSM modulem PH-CJ39 WiFi GST &#8211; V\u00ddPRODEJ 1ks<\/span><\/h2>\n<\/p><\/div>\n<div class=\"ProductDetailContent\">\n<ul>\n<li><span style=\"font-size:16px\">mo\u017enost volby typu centr\u00e1ln\u00ed jednotky: -PH, +PH, &#8211; PH OT(OpenTherm), + PH OT(OpenTherm)<\/span><\/li>\n<li><span style=\"font-size:16px\">mo\u017enost \u0159\u00edzen\u00ed p\u0159es aplikaci v&nbsp;chytr\u00e9m telefonu, tabletu a&nbsp;PC pomoc\u00ed WIFI, USB nebo ETHERNET p\u0159ipojen\u00ed<\/span><\/li>\n<li><span style=\"font-size:16px\">mo\u017enost ovl\u00e1d\u00e1n\u00ed SMS po vlo\u017een\u00ed GSM karty (nen\u00ed sou\u010d\u00e1st\u00ed)<\/span><\/li>\n<li><span style=\"font-size:16px\">NEUST\u00c1LE AKTU\u00c1LN\u00cd FIRMWARE. P\u0159i p\u0159ipojen\u00ed p\u0159es USB kabel k&nbsp;PC (Windows 10) je mo\u017en\u00e9 aktualizovat firmware jednotky na nejnov\u011bj\u0161\u00ed. Neust\u00e1le tak m\u00e1te k&nbsp;dispozici nejnov\u011bj\u0161\u00ed aktualizovanou verzi s&nbsp;nejnov\u011bj\u0161\u00edmi funkcemi.<\/span><\/li>\n<\/ul>\n<h4><span style=\"font-size:16px\">Aplikace pro win10&nbsp; ZDARMA ke sta\u017een\u00ed na Windows store&nbsp;<\/span><\/h4>\n<h4><span style=\"font-size:16px\">Aplikace pro android&nbsp; ZDARMA ke sta\u017een\u00ed na&nbsp;&nbsp;<\/span><\/h4>\n<h4><span style=\"font-size:16px\">Aplikace pro iOS&nbsp;&nbsp;ZDARMA ke sta\u017een\u00ed na App store&nbsp;<\/span><\/h4>\n<h4><span style=\"font-size:16px\">Privacy Policy<\/span><\/h4>\n<p><span style=\"font-size:16px\"><strong>Vlastnosti PH-CJ39 WiFi GST<\/strong><\/span><\/p>\n<ul>\n<li><span style=\"font-size:16px\">je schopn\u00e1 ovl\u00e1dat a\u017e 64 prvk\u016f s&nbsp;r\u016fzn\u00fdmi funkcemi<\/span><\/li>\n<li><span style=\"font-size:16px\">indika\u010dn\u00ed LED pro r\u016fzn\u00e9 stavy<\/span><\/li>\n<li><span style=\"font-size:16px\">22 t\u00fddenn\u00edch teplotn\u00edch program\u016f (voliteln\u00e9) ve verzi OpenTherm i&nbsp;program pro TUV<\/span><\/li>\n<li><span style=\"font-size:16px\">re\u017eim dovolen\u00e1<\/span><\/li>\n<li><span style=\"font-size:16px\">letn\u00ed re\u017eim<\/span><\/li>\n<li><span style=\"font-size:16px\">informace o&nbsp;p\u0159ipojen\u00fdch za\u0159\u00edzen\u00ed<\/span><\/li>\n<li><span style=\"font-size:16px\">automatick\u00fd p\u0159echod na letn\u00ed (zimn\u00ed) \u010das<\/span><\/li>\n<li><span style=\"font-size:16px\">indikace provozn\u00edch hodin<\/span><\/li>\n<li><span style=\"font-size:16px\">indikace \u00fadr\u017eby kotle<\/span><\/li>\n<li><span style=\"font-size:16px\">pam\u011b\u0165 E-EPROM pro neomezen\u00e9 uchov\u00e1n\u00ed dat<strong>&nbsp;<\/strong><\/span><\/li>\n<\/ul>\n<h3><span style=\"font-size:16px\">Video n\u00e1vody naleznete&nbsp;zde<\/span><\/h3>\n<p><span style=\"font-size:16px\">Ovlada\u010de k&nbsp;mini USB ke sta\u017een\u00ed&nbsp;zde<\/span><\/p>\n<p><span style=\"font-size:16px\"><strong>Technick\u00e9&nbsp;parametry<\/strong><\/span><\/p>\n<table>\n<tbody>\n<tr>\n<th colspan=\"2\" style=\"text-align: left;\">&nbsp;<\/th>\n<\/tr>\n<tr>\n<th style=\"text-align: left;\"><span style=\"font-size:16px\">Nap\u00e1jen\u00ed<\/span><\/th>\n<td><span style=\"font-size:16px\">5, 0 V&nbsp;(AD05-JACK je sou\u010d\u00e1st\u00ed balen\u00ed)<\/span><\/td>\n<\/tr>\n<tr>\n<th style=\"text-align: left;\"><span style=\"font-size:16px\">Typ komunikace<\/span><\/th>\n<td><span style=\"font-size:16px\">obousm\u011brn\u00e1<\/span><\/td>\n<\/tr>\n<tr>\n<th style=\"text-align: left;\"><span style=\"font-size:16px\">Frekvence<\/span><\/th>\n<td><span style=\"font-size:16px\">433, 92 MHz<\/span><\/td>\n<\/tr>\n<tr>\n<th style=\"text-align: left;\"><span style=\"font-size:16px\">Dosah na voln\u00e9 plo\u0161e<\/span><\/th>\n<td><span style=\"font-size:16px\">300 m<\/span><\/td>\n<\/tr>\n<tr>\n<th style=\"text-align: left;\"><span style=\"font-size:16px\">Dosah v z\u00e1stavb\u011b<\/span><\/th>\n<td><span style=\"font-size:16px\">35 m<\/span><\/td>\n<\/tr>\n<tr>\n<th style=\"text-align: left;\"><span style=\"font-size:16px\">Bluetooth modul<\/span><\/th>\n<td><span style=\"font-size:16px\">Ne<\/span><\/td>\n<\/tr>\n<tr>\n<th style=\"text-align: left;\"><span style=\"font-size:16px\">GSM modul<\/span><\/th>\n<td><span style=\"font-size:16px\">Ano<\/span><\/td>\n<\/tr>\n<tr>\n<th style=\"text-align: left;\"><span style=\"font-size:16px\">WiFi modul<\/span><\/th>\n<td><span style=\"font-size:16px\">Ano<\/span><\/td>\n<\/tr>\n<tr>\n<th style=\"text-align: left;\"><span style=\"font-size:16px\">Teplotn\u00ed zm\u011bny na den<\/span><\/th>\n<td><span style=\"font-size:16px\">6<\/span><\/td>\n<\/tr>\n<tr>\n<th style=\"text-align: left;\"><span style=\"font-size:16px\">Rozsah nastaviteln\u00e9 teploty<\/span><\/th>\n<td><span style=\"font-size:16px\">2 \u00b0C a\u017e 39 \u00b0C<\/span><\/td>\n<\/tr>\n<tr>\n<th style=\"text-align: left;\"><span style=\"font-size:16px\">Min. programovac\u00ed \u010das<\/span><\/th>\n<td><span style=\"font-size:16px\">10 min<\/span><\/td>\n<\/tr>\n<tr>\n<th style=\"text-align: left;\"><span style=\"font-size:16px\">Nastaven\u00ed teplot po<\/span><\/th>\n<td><span style=\"font-size:16px\">0, 5 \u00b0C<\/span><\/td>\n<\/tr>\n<tr>\n<th style=\"text-align: left;\"><span style=\"font-size:16px\">Min. indika\u010dn\u00ed skok<\/span><\/th>\n<td><span style=\"font-size:16px\">0, 1 \u00b0C<\/span><\/td>\n<\/tr>\n<tr>\n<th style=\"text-align: left;\"><span style=\"font-size:16px\">P\u0159esnost<\/span><\/th>\n<td><span style=\"font-size:16px\">0,5 \u00b0C<\/span><\/td>\n<\/tr>\n<tr>\n<th style=\"text-align: left;\"><span style=\"font-size:16px\">Z\u00e1lohovac\u00ed baterie<\/span><\/th>\n<td><span style=\"font-size:16px\">Ano&nbsp;(Li-Pol 3.8 V\/ 400mAh je sou\u010d\u00e1st\u00ed)<\/span><\/td>\n<\/tr>\n<tr>\n<th style=\"text-align: left;\"><span style=\"font-size:16px\">\u017divotnost z\u00e1lohovac\u00ed baterie<\/span><\/th>\n<td><span style=\"font-size:16px\">2 roky<\/span><\/td>\n<\/tr>\n<tr>\n<th style=\"text-align: left;\"><span style=\"font-size:16px\">Stupe\u0148 kryt\u00ed<\/span><\/th>\n<td><span style=\"font-size:16px\">IP20<\/span><\/td>\n<\/tr>\n<tr>\n<th style=\"text-align: left;\"><span style=\"font-size:16px\">Pracovn\u00ed teplota<\/span><\/th>\n<td><span style=\"font-size:16px\">0 \u00b0C a\u017e 40 \u00b0C<\/span><\/td>\n<\/tr>\n<\/tbody>\n<\/table>\n<p>&nbsp;<\/p>\n<\/p><\/div>\n<div class=\"ProductDetailContent\">                                                                    <\/div>\n<\/p><\/div>\n<\/p><\/div>\n<\/p><\/div>\n","protected":false},"excerpt":{"rendered":"<p>Popis produktu Elektrobock Centr\u00e1ln\u00ed jednotka s WiFi a GSM modulem PH-CJ39 WiFi GST &#8211; V\u00ddPRODEJ 1ks mo\u017enost volby typu centr\u00e1ln\u00ed jednotky: -PH, +PH, &#8211; PH OT(OpenTherm), + PH OT(OpenTherm) mo\u017enost \u0159\u00edzen\u00ed p\u0159es aplikaci v&nbsp;chytr\u00e9m telefonu, tabletu a&nbsp;PC pomoc\u00ed WIFI, USB nebo ETHERNET p\u0159ipojen\u00ed mo\u017enost ovl\u00e1d\u00e1n\u00ed SMS po vlo\u017een\u00ed GSM karty (nen\u00ed sou\u010d\u00e1st\u00ed) NEUST\u00c1LE AKTU\u00c1LN\u00cd FIRMWARE. [&hellip;]<\/p>\n","protected":false},"featured_media":47597,"comment_status":"open","ping_status":"open","template":"","meta":[],"product_brand":[],"product_cat":[75],"product_tag":[],"class_list":{"0":"post-47497","1":"product","2":"type-product","3":"status-publish","4":"has-post-thumbnail","6":"product_cat-vyprodej","8":"first","9":"instock","10":"sale","11":"shipping-taxable","12":"purchasable","13":"product-type-simple"},"yoast_head":"<!-- This site is optimized with the Yoast SEO plugin v26.8 - https:\/\/yoast.com\/product\/yoast-seo-wordpress\/ -->\n<title>Zna\u010dkov\u00fd Elektrobock Centr\u00e1ln\u00ed jednotka s WiFi a GSM modulem PH-CJ39 WiFi GST - V\u00ddPRODEJ 1ks -<\/title>\n<meta name=\"robots\" content=\"index, follow, max-snippet:-1, max-image-preview:large, max-video-preview:-1\" \/>\n<link rel=\"canonical\" href=\"https:\/\/www.technodompro.com\/index.php\/produkt\/znackovy-elektrobock-centralni-jednotka-s-wifi-a-gsm-modulem-ph-cj39-wifi-gst-vyprodej-1ks-47497\/\" \/>\n<meta property=\"og:locale\" content=\"cs_CZ\" \/>\n<meta property=\"og:type\" content=\"article\" \/>\n<meta property=\"og:title\" content=\"Zna\u010dkov\u00fd Elektrobock Centr\u00e1ln\u00ed jednotka s WiFi a GSM modulem PH-CJ39 WiFi GST - V\u00ddPRODEJ 1ks -\" \/>\n<meta property=\"og:description\" content=\"Popis produktu Elektrobock Centr\u00e1ln\u00ed jednotka s WiFi a GSM modulem PH-CJ39 WiFi GST &#8211; V\u00ddPRODEJ 1ks mo\u017enost volby typu centr\u00e1ln\u00ed jednotky: -PH, +PH, &#8211; PH OT(OpenTherm), + PH OT(OpenTherm) mo\u017enost \u0159\u00edzen\u00ed p\u0159es aplikaci v&nbsp;chytr\u00e9m telefonu, tabletu a&nbsp;PC pomoc\u00ed WIFI, USB nebo ETHERNET p\u0159ipojen\u00ed mo\u017enost ovl\u00e1d\u00e1n\u00ed SMS po vlo\u017een\u00ed GSM karty (nen\u00ed sou\u010d\u00e1st\u00ed) NEUST\u00c1LE AKTU\u00c1LN\u00cd FIRMWARE. [&hellip;]\" \/>\n<meta property=\"og:url\" content=\"https:\/\/www.technodompro.com\/index.php\/produkt\/znackovy-elektrobock-centralni-jednotka-s-wifi-a-gsm-modulem-ph-cj39-wifi-gst-vyprodej-1ks-47497\/\" \/>\n<meta property=\"og:image\" content=\"https:\/\/www.technodompro.com\/wp-content\/uploads\/2026\/SK0017164-CZ20260425-092632-0-1777080397-elektrobock-centralni-jednotka-s-wifi-a-gsm-modulem-ph-cj39.webp\" \/>\n\t<meta property=\"og:image:width\" content=\"424\" \/>\n\t<meta property=\"og:image:height\" content=\"409\" \/>\n\t<meta property=\"og:image:type\" content=\"image\/webp\" \/>\n<meta name=\"twitter:card\" content=\"summary_large_image\" \/>\n<meta name=\"twitter:label1\" content=\"Odhadovan\u00e1 doba \u010dten\u00ed\" \/>\n\t<meta name=\"twitter:data1\" content=\"2 minuty\" \/>\n<script type=\"application\/ld+json\" class=\"yoast-schema-graph\">{\"@context\":\"https:\/\/schema.org\",\"@graph\":[{\"@type\":\"WebPage\",\"@id\":\"https:\/\/www.technodompro.com\/index.php\/produkt\/znackovy-elektrobock-centralni-jednotka-s-wifi-a-gsm-modulem-ph-cj39-wifi-gst-vyprodej-1ks-47497\/\",\"url\":\"https:\/\/www.technodompro.com\/index.php\/produkt\/znackovy-elektrobock-centralni-jednotka-s-wifi-a-gsm-modulem-ph-cj39-wifi-gst-vyprodej-1ks-47497\/\",\"name\":\"Zna\u010dkov\u00fd Elektrobock Centr\u00e1ln\u00ed jednotka s WiFi a GSM modulem PH-CJ39 WiFi GST - V\u00ddPRODEJ 1ks -\",\"isPartOf\":{\"@id\":\"https:\/\/www.technodompro.com\/#website\"},\"primaryImageOfPage\":{\"@id\":\"https:\/\/www.technodompro.com\/index.php\/produkt\/znackovy-elektrobock-centralni-jednotka-s-wifi-a-gsm-modulem-ph-cj39-wifi-gst-vyprodej-1ks-47497\/#primaryimage\"},\"image\":{\"@id\":\"https:\/\/www.technodompro.com\/index.php\/produkt\/znackovy-elektrobock-centralni-jednotka-s-wifi-a-gsm-modulem-ph-cj39-wifi-gst-vyprodej-1ks-47497\/#primaryimage\"},\"thumbnailUrl\":\"https:\/\/www.technodompro.com\/wp-content\/uploads\/2026\/SK0017164-CZ20260425-092632-0-1777080397-elektrobock-centralni-jednotka-s-wifi-a-gsm-modulem-ph-cj39.webp\",\"datePublished\":\"2026-04-27T04:42:37+00:00\",\"breadcrumb\":{\"@id\":\"https:\/\/www.technodompro.com\/index.php\/produkt\/znackovy-elektrobock-centralni-jednotka-s-wifi-a-gsm-modulem-ph-cj39-wifi-gst-vyprodej-1ks-47497\/#breadcrumb\"},\"inLanguage\":\"cs\",\"potentialAction\":[{\"@type\":\"ReadAction\",\"target\":[\"https:\/\/www.technodompro.com\/index.php\/produkt\/znackovy-elektrobock-centralni-jednotka-s-wifi-a-gsm-modulem-ph-cj39-wifi-gst-vyprodej-1ks-47497\/\"]}]},{\"@type\":\"ImageObject\",\"inLanguage\":\"cs\",\"@id\":\"https:\/\/www.technodompro.com\/index.php\/produkt\/znackovy-elektrobock-centralni-jednotka-s-wifi-a-gsm-modulem-ph-cj39-wifi-gst-vyprodej-1ks-47497\/#primaryimage\",\"url\":\"https:\/\/www.technodompro.com\/wp-content\/uploads\/2026\/SK0017164-CZ20260425-092632-0-1777080397-elektrobock-centralni-jednotka-s-wifi-a-gsm-modulem-ph-cj39.webp\",\"contentUrl\":\"https:\/\/www.technodompro.com\/wp-content\/uploads\/2026\/SK0017164-CZ20260425-092632-0-1777080397-elektrobock-centralni-jednotka-s-wifi-a-gsm-modulem-ph-cj39.webp\",\"width\":424,\"height\":409},{\"@type\":\"BreadcrumbList\",\"@id\":\"https:\/\/www.technodompro.com\/index.php\/produkt\/znackovy-elektrobock-centralni-jednotka-s-wifi-a-gsm-modulem-ph-cj39-wifi-gst-vyprodej-1ks-47497\/#breadcrumb\",\"itemListElement\":[{\"@type\":\"ListItem\",\"position\":1,\"name\":\"Home\",\"item\":\"https:\/\/www.technodompro.com\/\"},{\"@type\":\"ListItem\",\"position\":2,\"name\":\"Products\",\"item\":\"https:\/\/www.technodompro.com\/index.php\/products\/\"},{\"@type\":\"ListItem\",\"position\":3,\"name\":\"Zna\u010dkov\u00fd Elektrobock Centr\u00e1ln\u00ed jednotka s WiFi a GSM modulem PH-CJ39 WiFi GST &#8211; V\u00ddPRODEJ 1ks\"}]},{\"@type\":\"WebSite\",\"@id\":\"https:\/\/www.technodompro.com\/#website\",\"url\":\"https:\/\/www.technodompro.com\/\",\"name\":\"\",\"description\":\"\",\"potentialAction\":[{\"@type\":\"SearchAction\",\"target\":{\"@type\":\"EntryPoint\",\"urlTemplate\":\"https:\/\/www.technodompro.com\/?s={search_term_string}\"},\"query-input\":{\"@type\":\"PropertyValueSpecification\",\"valueRequired\":true,\"valueName\":\"search_term_string\"}}],\"inLanguage\":\"cs\"}]}<\/script>\n<!-- \/ Yoast SEO plugin. -->","yoast_head_json":{"title":"Zna\u010dkov\u00fd Elektrobock Centr\u00e1ln\u00ed jednotka s WiFi a GSM modulem PH-CJ39 WiFi GST - V\u00ddPRODEJ 1ks -","robots":{"index":"index","follow":"follow","max-snippet":"max-snippet:-1","max-image-preview":"max-image-preview:large","max-video-preview":"max-video-preview:-1"},"canonical":"https:\/\/www.technodompro.com\/index.php\/produkt\/znackovy-elektrobock-centralni-jednotka-s-wifi-a-gsm-modulem-ph-cj39-wifi-gst-vyprodej-1ks-47497\/","og_locale":"cs_CZ","og_type":"article","og_title":"Zna\u010dkov\u00fd Elektrobock Centr\u00e1ln\u00ed jednotka s WiFi a GSM modulem PH-CJ39 WiFi GST - V\u00ddPRODEJ 1ks -","og_description":"Popis produktu Elektrobock Centr\u00e1ln\u00ed jednotka s WiFi a GSM modulem PH-CJ39 WiFi GST &#8211; V\u00ddPRODEJ 1ks mo\u017enost volby typu centr\u00e1ln\u00ed jednotky: -PH, +PH, &#8211; PH OT(OpenTherm), + PH OT(OpenTherm) mo\u017enost \u0159\u00edzen\u00ed p\u0159es aplikaci v&nbsp;chytr\u00e9m telefonu, tabletu a&nbsp;PC pomoc\u00ed WIFI, USB nebo ETHERNET p\u0159ipojen\u00ed mo\u017enost ovl\u00e1d\u00e1n\u00ed SMS po vlo\u017een\u00ed GSM karty (nen\u00ed sou\u010d\u00e1st\u00ed) NEUST\u00c1LE AKTU\u00c1LN\u00cd FIRMWARE. [&hellip;]","og_url":"https:\/\/www.technodompro.com\/index.php\/produkt\/znackovy-elektrobock-centralni-jednotka-s-wifi-a-gsm-modulem-ph-cj39-wifi-gst-vyprodej-1ks-47497\/","og_image":[{"width":424,"height":409,"url":"https:\/\/www.technodompro.com\/wp-content\/uploads\/2026\/SK0017164-CZ20260425-092632-0-1777080397-elektrobock-centralni-jednotka-s-wifi-a-gsm-modulem-ph-cj39.webp","type":"image\/webp"}],"twitter_card":"summary_large_image","twitter_misc":{"Odhadovan\u00e1 doba \u010dten\u00ed":"2 minuty"},"schema":{"@context":"https:\/\/schema.org","@graph":[{"@type":"WebPage","@id":"https:\/\/www.technodompro.com\/index.php\/produkt\/znackovy-elektrobock-centralni-jednotka-s-wifi-a-gsm-modulem-ph-cj39-wifi-gst-vyprodej-1ks-47497\/","url":"https:\/\/www.technodompro.com\/index.php\/produkt\/znackovy-elektrobock-centralni-jednotka-s-wifi-a-gsm-modulem-ph-cj39-wifi-gst-vyprodej-1ks-47497\/","name":"Zna\u010dkov\u00fd Elektrobock Centr\u00e1ln\u00ed jednotka s WiFi a GSM modulem PH-CJ39 WiFi GST - V\u00ddPRODEJ 1ks -","isPartOf":{"@id":"https:\/\/www.technodompro.com\/#website"},"primaryImageOfPage":{"@id":"https:\/\/www.technodompro.com\/index.php\/produkt\/znackovy-elektrobock-centralni-jednotka-s-wifi-a-gsm-modulem-ph-cj39-wifi-gst-vyprodej-1ks-47497\/#primaryimage"},"image":{"@id":"https:\/\/www.technodompro.com\/index.php\/produkt\/znackovy-elektrobock-centralni-jednotka-s-wifi-a-gsm-modulem-ph-cj39-wifi-gst-vyprodej-1ks-47497\/#primaryimage"},"thumbnailUrl":"https:\/\/www.technodompro.com\/wp-content\/uploads\/2026\/SK0017164-CZ20260425-092632-0-1777080397-elektrobock-centralni-jednotka-s-wifi-a-gsm-modulem-ph-cj39.webp","datePublished":"2026-04-27T04:42:37+00:00","breadcrumb":{"@id":"https:\/\/www.technodompro.com\/index.php\/produkt\/znackovy-elektrobock-centralni-jednotka-s-wifi-a-gsm-modulem-ph-cj39-wifi-gst-vyprodej-1ks-47497\/#breadcrumb"},"inLanguage":"cs","potentialAction":[{"@type":"ReadAction","target":["https:\/\/www.technodompro.com\/index.php\/produkt\/znackovy-elektrobock-centralni-jednotka-s-wifi-a-gsm-modulem-ph-cj39-wifi-gst-vyprodej-1ks-47497\/"]}]},{"@type":"ImageObject","inLanguage":"cs","@id":"https:\/\/www.technodompro.com\/index.php\/produkt\/znackovy-elektrobock-centralni-jednotka-s-wifi-a-gsm-modulem-ph-cj39-wifi-gst-vyprodej-1ks-47497\/#primaryimage","url":"https:\/\/www.technodompro.com\/wp-content\/uploads\/2026\/SK0017164-CZ20260425-092632-0-1777080397-elektrobock-centralni-jednotka-s-wifi-a-gsm-modulem-ph-cj39.webp","contentUrl":"https:\/\/www.technodompro.com\/wp-content\/uploads\/2026\/SK0017164-CZ20260425-092632-0-1777080397-elektrobock-centralni-jednotka-s-wifi-a-gsm-modulem-ph-cj39.webp","width":424,"height":409},{"@type":"BreadcrumbList","@id":"https:\/\/www.technodompro.com\/index.php\/produkt\/znackovy-elektrobock-centralni-jednotka-s-wifi-a-gsm-modulem-ph-cj39-wifi-gst-vyprodej-1ks-47497\/#breadcrumb","itemListElement":[{"@type":"ListItem","position":1,"name":"Home","item":"https:\/\/www.technodompro.com\/"},{"@type":"ListItem","position":2,"name":"Products","item":"https:\/\/www.technodompro.com\/index.php\/products\/"},{"@type":"ListItem","position":3,"name":"Zna\u010dkov\u00fd Elektrobock Centr\u00e1ln\u00ed jednotka s WiFi a GSM modulem PH-CJ39 WiFi GST &#8211; V\u00ddPRODEJ 1ks"}]},{"@type":"WebSite","@id":"https:\/\/www.technodompro.com\/#website","url":"https:\/\/www.technodompro.com\/","name":"","description":"","potentialAction":[{"@type":"SearchAction","target":{"@type":"EntryPoint","urlTemplate":"https:\/\/www.technodompro.com\/?s={search_term_string}"},"query-input":{"@type":"PropertyValueSpecification","valueRequired":true,"valueName":"search_term_string"}}],"inLanguage":"cs"}]}},"_links":{"self":[{"href":"https:\/\/www.technodompro.com\/index.php\/wp-json\/wp\/v2\/product\/47497","targetHints":{"allow":["GET"]}}],"collection":[{"href":"https:\/\/www.technodompro.com\/index.php\/wp-json\/wp\/v2\/product"}],"about":[{"href":"https:\/\/www.technodompro.com\/index.php\/wp-json\/wp\/v2\/types\/product"}],"replies":[{"embeddable":true,"href":"https:\/\/www.technodompro.com\/index.php\/wp-json\/wp\/v2\/comments?post=47497"}],"wp:featuredmedia":[{"embeddable":true,"href":"https:\/\/www.technodompro.com\/index.php\/wp-json\/wp\/v2\/media\/47597"}],"wp:attachment":[{"href":"https:\/\/www.technodompro.com\/index.php\/wp-json\/wp\/v2\/media?parent=47497"}],"wp:term":[{"taxonomy":"product_brand","embeddable":true,"href":"https:\/\/www.technodompro.com\/index.php\/wp-json\/wp\/v2\/product_brand?post=47497"},{"taxonomy":"product_cat","embeddable":true,"href":"https:\/\/www.technodompro.com\/index.php\/wp-json\/wp\/v2\/product_cat?post=47497"},{"taxonomy":"product_tag","embeddable":true,"href":"https:\/\/www.technodompro.com\/index.php\/wp-json\/wp\/v2\/product_tag?post=47497"}],"curies":[{"name":"wp","href":"https:\/\/api.w.org\/{rel}","templated":true}]}}