{"id":47981,"date":"2026-04-27T04:42:39","date_gmt":"2026-04-27T04:42:39","guid":{"rendered":""},"modified":"2026-04-27T04:42:39","modified_gmt":"2026-04-27T04:42:39","slug":"znackovy-polysan-nosna-konstrukce-pro-obdelnikovou-vanu-170x80cm-fr17180-47981","status":"publish","type":"product","link":"https:\/\/www.technodompro.com\/index.php\/produkt\/znackovy-polysan-nosna-konstrukce-pro-obdelnikovou-vanu-170x80cm-fr17180-47981\/","title":{"rendered":"Zna\u010dkov\u00fd Polysan Nosn\u00e1 konstrukce pro obd\u00e9ln\u00edkovou vanu 170x80cm FR17180"},"content":{"rendered":"<div class=\"tabs__content-outer\" id=\"tab_description\" data-hash=\"description\" data-tabindex=\"-1\">\n<div class=\"tabs__content toggle_description\" id=\"content_description\">\n<div class=\"wysiwyg-content\">\n<div class=\"product__tab product__description full-width\">\n<div class=\"container\">\n<div >\n<h3>Polysan Nosn\u00e1 konstrukce pro obd\u00e9ln\u00edkovou vanu 170x80cm FR17180<\/h3>\n<\/div><\/div>\n<\/p><\/div>\n<\/p><\/div>\n<\/p><\/div>\n","protected":false},"excerpt":{"rendered":"<p>Polysan Nosn\u00e1 konstrukce pro obd\u00e9ln\u00edkovou vanu 170x80cm FR17180<\/p>\n","protected":false},"featured_media":48081,"comment_status":"open","ping_status":"open","template":"","meta":[],"product_brand":[],"product_cat":[77],"product_tag":[],"class_list":{"0":"post-47981","1":"product","2":"type-product","3":"status-publish","4":"has-post-thumbnail","6":"product_cat-koupelna","8":"first","9":"instock","10":"sale","11":"shipping-taxable","12":"purchasable","13":"product-type-simple"},"yoast_head":"<!-- This site is optimized with the Yoast SEO plugin v26.8 - https:\/\/yoast.com\/product\/yoast-seo-wordpress\/ -->\n<title>Zna\u010dkov\u00fd Polysan Nosn\u00e1 konstrukce pro obd\u00e9ln\u00edkovou vanu 170x80cm FR17180 -<\/title>\n<meta name=\"robots\" content=\"index, follow, max-snippet:-1, max-image-preview:large, max-video-preview:-1\" \/>\n<link rel=\"canonical\" href=\"https:\/\/www.technodompro.com\/index.php\/produkt\/znackovy-polysan-nosna-konstrukce-pro-obdelnikovou-vanu-170x80cm-fr17180-47981\/\" \/>\n<meta property=\"og:locale\" content=\"cs_CZ\" \/>\n<meta property=\"og:type\" content=\"article\" \/>\n<meta property=\"og:title\" content=\"Zna\u010dkov\u00fd Polysan Nosn\u00e1 konstrukce pro obd\u00e9ln\u00edkovou vanu 170x80cm FR17180 -\" \/>\n<meta property=\"og:description\" content=\"Polysan Nosn\u00e1 konstrukce pro obd\u00e9ln\u00edkovou vanu 170x80cm FR17180\" \/>\n<meta property=\"og:url\" content=\"https:\/\/www.technodompro.com\/index.php\/produkt\/znackovy-polysan-nosna-konstrukce-pro-obdelnikovou-vanu-170x80cm-fr17180-47981\/\" \/>\n<meta property=\"og:image\" content=\"https:\/\/www.technodompro.com\/wp-content\/uploads\/2026\/SK0013683-CZ20260425-093041-0-1777080643-c7039e9210d290b989084082b6aa856d.webp\" \/>\n\t<meta property=\"og:image:width\" content=\"1000\" \/>\n\t<meta property=\"og:image:height\" content=\"438\" \/>\n\t<meta property=\"og:image:type\" content=\"image\/webp\" \/>\n<meta name=\"twitter:card\" content=\"summary_large_image\" \/>\n<script type=\"application\/ld+json\" class=\"yoast-schema-graph\">{\"@context\":\"https:\/\/schema.org\",\"@graph\":[{\"@type\":\"WebPage\",\"@id\":\"https:\/\/www.technodompro.com\/index.php\/produkt\/znackovy-polysan-nosna-konstrukce-pro-obdelnikovou-vanu-170x80cm-fr17180-47981\/\",\"url\":\"https:\/\/www.technodompro.com\/index.php\/produkt\/znackovy-polysan-nosna-konstrukce-pro-obdelnikovou-vanu-170x80cm-fr17180-47981\/\",\"name\":\"Zna\u010dkov\u00fd Polysan Nosn\u00e1 konstrukce pro obd\u00e9ln\u00edkovou vanu 170x80cm FR17180 -\",\"isPartOf\":{\"@id\":\"https:\/\/www.technodompro.com\/#website\"},\"primaryImageOfPage\":{\"@id\":\"https:\/\/www.technodompro.com\/index.php\/produkt\/znackovy-polysan-nosna-konstrukce-pro-obdelnikovou-vanu-170x80cm-fr17180-47981\/#primaryimage\"},\"image\":{\"@id\":\"https:\/\/www.technodompro.com\/index.php\/produkt\/znackovy-polysan-nosna-konstrukce-pro-obdelnikovou-vanu-170x80cm-fr17180-47981\/#primaryimage\"},\"thumbnailUrl\":\"https:\/\/www.technodompro.com\/wp-content\/uploads\/2026\/SK0013683-CZ20260425-093041-0-1777080643-c7039e9210d290b989084082b6aa856d.webp\",\"datePublished\":\"2026-04-27T04:42:39+00:00\",\"breadcrumb\":{\"@id\":\"https:\/\/www.technodompro.com\/index.php\/produkt\/znackovy-polysan-nosna-konstrukce-pro-obdelnikovou-vanu-170x80cm-fr17180-47981\/#breadcrumb\"},\"inLanguage\":\"cs\",\"potentialAction\":[{\"@type\":\"ReadAction\",\"target\":[\"https:\/\/www.technodompro.com\/index.php\/produkt\/znackovy-polysan-nosna-konstrukce-pro-obdelnikovou-vanu-170x80cm-fr17180-47981\/\"]}]},{\"@type\":\"ImageObject\",\"inLanguage\":\"cs\",\"@id\":\"https:\/\/www.technodompro.com\/index.php\/produkt\/znackovy-polysan-nosna-konstrukce-pro-obdelnikovou-vanu-170x80cm-fr17180-47981\/#primaryimage\",\"url\":\"https:\/\/www.technodompro.com\/wp-content\/uploads\/2026\/SK0013683-CZ20260425-093041-0-1777080643-c7039e9210d290b989084082b6aa856d.webp\",\"contentUrl\":\"https:\/\/www.technodompro.com\/wp-content\/uploads\/2026\/SK0013683-CZ20260425-093041-0-1777080643-c7039e9210d290b989084082b6aa856d.webp\",\"width\":1000,\"height\":438},{\"@type\":\"BreadcrumbList\",\"@id\":\"https:\/\/www.technodompro.com\/index.php\/produkt\/znackovy-polysan-nosna-konstrukce-pro-obdelnikovou-vanu-170x80cm-fr17180-47981\/#breadcrumb\",\"itemListElement\":[{\"@type\":\"ListItem\",\"position\":1,\"name\":\"Home\",\"item\":\"https:\/\/www.technodompro.com\/\"},{\"@type\":\"ListItem\",\"position\":2,\"name\":\"Products\",\"item\":\"https:\/\/www.technodompro.com\/index.php\/products\/\"},{\"@type\":\"ListItem\",\"position\":3,\"name\":\"Zna\u010dkov\u00fd Polysan Nosn\u00e1 konstrukce pro obd\u00e9ln\u00edkovou vanu 170x80cm FR17180\"}]},{\"@type\":\"WebSite\",\"@id\":\"https:\/\/www.technodompro.com\/#website\",\"url\":\"https:\/\/www.technodompro.com\/\",\"name\":\"\",\"description\":\"\",\"potentialAction\":[{\"@type\":\"SearchAction\",\"target\":{\"@type\":\"EntryPoint\",\"urlTemplate\":\"https:\/\/www.technodompro.com\/?s={search_term_string}\"},\"query-input\":{\"@type\":\"PropertyValueSpecification\",\"valueRequired\":true,\"valueName\":\"search_term_string\"}}],\"inLanguage\":\"cs\"}]}<\/script>\n<!-- \/ Yoast SEO plugin. -->","yoast_head_json":{"title":"Zna\u010dkov\u00fd Polysan Nosn\u00e1 konstrukce pro obd\u00e9ln\u00edkovou vanu 170x80cm FR17180 -","robots":{"index":"index","follow":"follow","max-snippet":"max-snippet:-1","max-image-preview":"max-image-preview:large","max-video-preview":"max-video-preview:-1"},"canonical":"https:\/\/www.technodompro.com\/index.php\/produkt\/znackovy-polysan-nosna-konstrukce-pro-obdelnikovou-vanu-170x80cm-fr17180-47981\/","og_locale":"cs_CZ","og_type":"article","og_title":"Zna\u010dkov\u00fd Polysan Nosn\u00e1 konstrukce pro obd\u00e9ln\u00edkovou vanu 170x80cm FR17180 -","og_description":"Polysan Nosn\u00e1 konstrukce pro obd\u00e9ln\u00edkovou vanu 170x80cm FR17180","og_url":"https:\/\/www.technodompro.com\/index.php\/produkt\/znackovy-polysan-nosna-konstrukce-pro-obdelnikovou-vanu-170x80cm-fr17180-47981\/","og_image":[{"width":1000,"height":438,"url":"https:\/\/www.technodompro.com\/wp-content\/uploads\/2026\/SK0013683-CZ20260425-093041-0-1777080643-c7039e9210d290b989084082b6aa856d.webp","type":"image\/webp"}],"twitter_card":"summary_large_image","schema":{"@context":"https:\/\/schema.org","@graph":[{"@type":"WebPage","@id":"https:\/\/www.technodompro.com\/index.php\/produkt\/znackovy-polysan-nosna-konstrukce-pro-obdelnikovou-vanu-170x80cm-fr17180-47981\/","url":"https:\/\/www.technodompro.com\/index.php\/produkt\/znackovy-polysan-nosna-konstrukce-pro-obdelnikovou-vanu-170x80cm-fr17180-47981\/","name":"Zna\u010dkov\u00fd Polysan Nosn\u00e1 konstrukce pro obd\u00e9ln\u00edkovou vanu 170x80cm FR17180 -","isPartOf":{"@id":"https:\/\/www.technodompro.com\/#website"},"primaryImageOfPage":{"@id":"https:\/\/www.technodompro.com\/index.php\/produkt\/znackovy-polysan-nosna-konstrukce-pro-obdelnikovou-vanu-170x80cm-fr17180-47981\/#primaryimage"},"image":{"@id":"https:\/\/www.technodompro.com\/index.php\/produkt\/znackovy-polysan-nosna-konstrukce-pro-obdelnikovou-vanu-170x80cm-fr17180-47981\/#primaryimage"},"thumbnailUrl":"https:\/\/www.technodompro.com\/wp-content\/uploads\/2026\/SK0013683-CZ20260425-093041-0-1777080643-c7039e9210d290b989084082b6aa856d.webp","datePublished":"2026-04-27T04:42:39+00:00","breadcrumb":{"@id":"https:\/\/www.technodompro.com\/index.php\/produkt\/znackovy-polysan-nosna-konstrukce-pro-obdelnikovou-vanu-170x80cm-fr17180-47981\/#breadcrumb"},"inLanguage":"cs","potentialAction":[{"@type":"ReadAction","target":["https:\/\/www.technodompro.com\/index.php\/produkt\/znackovy-polysan-nosna-konstrukce-pro-obdelnikovou-vanu-170x80cm-fr17180-47981\/"]}]},{"@type":"ImageObject","inLanguage":"cs","@id":"https:\/\/www.technodompro.com\/index.php\/produkt\/znackovy-polysan-nosna-konstrukce-pro-obdelnikovou-vanu-170x80cm-fr17180-47981\/#primaryimage","url":"https:\/\/www.technodompro.com\/wp-content\/uploads\/2026\/SK0013683-CZ20260425-093041-0-1777080643-c7039e9210d290b989084082b6aa856d.webp","contentUrl":"https:\/\/www.technodompro.com\/wp-content\/uploads\/2026\/SK0013683-CZ20260425-093041-0-1777080643-c7039e9210d290b989084082b6aa856d.webp","width":1000,"height":438},{"@type":"BreadcrumbList","@id":"https:\/\/www.technodompro.com\/index.php\/produkt\/znackovy-polysan-nosna-konstrukce-pro-obdelnikovou-vanu-170x80cm-fr17180-47981\/#breadcrumb","itemListElement":[{"@type":"ListItem","position":1,"name":"Home","item":"https:\/\/www.technodompro.com\/"},{"@type":"ListItem","position":2,"name":"Products","item":"https:\/\/www.technodompro.com\/index.php\/products\/"},{"@type":"ListItem","position":3,"name":"Zna\u010dkov\u00fd Polysan Nosn\u00e1 konstrukce pro obd\u00e9ln\u00edkovou vanu 170x80cm FR17180"}]},{"@type":"WebSite","@id":"https:\/\/www.technodompro.com\/#website","url":"https:\/\/www.technodompro.com\/","name":"","description":"","potentialAction":[{"@type":"SearchAction","target":{"@type":"EntryPoint","urlTemplate":"https:\/\/www.technodompro.com\/?s={search_term_string}"},"query-input":{"@type":"PropertyValueSpecification","valueRequired":true,"valueName":"search_term_string"}}],"inLanguage":"cs"}]}},"_links":{"self":[{"href":"https:\/\/www.technodompro.com\/index.php\/wp-json\/wp\/v2\/product\/47981","targetHints":{"allow":["GET"]}}],"collection":[{"href":"https:\/\/www.technodompro.com\/index.php\/wp-json\/wp\/v2\/product"}],"about":[{"href":"https:\/\/www.technodompro.com\/index.php\/wp-json\/wp\/v2\/types\/product"}],"replies":[{"embeddable":true,"href":"https:\/\/www.technodompro.com\/index.php\/wp-json\/wp\/v2\/comments?post=47981"}],"wp:featuredmedia":[{"embeddable":true,"href":"https:\/\/www.technodompro.com\/index.php\/wp-json\/wp\/v2\/media\/48081"}],"wp:attachment":[{"href":"https:\/\/www.technodompro.com\/index.php\/wp-json\/wp\/v2\/media?parent=47981"}],"wp:term":[{"taxonomy":"product_brand","embeddable":true,"href":"https:\/\/www.technodompro.com\/index.php\/wp-json\/wp\/v2\/product_brand?post=47981"},{"taxonomy":"product_cat","embeddable":true,"href":"https:\/\/www.technodompro.com\/index.php\/wp-json\/wp\/v2\/product_cat?post=47981"},{"taxonomy":"product_tag","embeddable":true,"href":"https:\/\/www.technodompro.com\/index.php\/wp-json\/wp\/v2\/product_tag?post=47981"}],"curies":[{"name":"wp","href":"https:\/\/api.w.org\/{rel}","templated":true}]}}