{"id":48533,"date":"2026-04-27T04:42:40","date_gmt":"2026-04-27T04:42:40","guid":{"rendered":""},"modified":"2026-04-27T04:42:40","modified_gmt":"2026-04-27T04:42:40","slug":"znackovy-sapho-bebe-podomitkova-umyvadlova-baterie-chrom-bb018-48533","status":"publish","type":"product","link":"https:\/\/www.technodompro.com\/index.php\/produkt\/znackovy-sapho-bebe-podomitkova-umyvadlova-baterie-chrom-bb018-48533\/","title":{"rendered":"Zna\u010dkov\u00fd Sapho BEB\u00c9 podom\u00edtkov\u00e1 umyvadlov\u00e1 baterie, chrom BB018"},"content":{"rendered":"<div class=\"tabs__content-outer\" id=\"tab_description\" data-hash=\"description\" data-tabindex=\"-1\">\n<div class=\"tabs__content toggle_description\" id=\"content_description\">\n<div class=\"wysiwyg-content\">\n<div class=\"product__tab product__description full-width\">\n<div class=\"container\">\n<div >\n<h3>Sapho BEB\u00c9 podom\u00edtkov\u00e1 umyvadlov\u00e1 baterie, chrom BB018<\/h3>\n<p><\/p>\n<p><b>Vlastnosti<\/b><\/p>\n<ul>\n<li><span>Materi\u00e1l:<\/span> Mosaz<\/li>\n<li><span>Barva:<\/span> St\u0159\u00edbrn\u00e1<\/li>\n<li><span>Instalace:<\/span> Podom\u00edtkov\u00e1<\/li>\n<li><span>Tvar:<\/span> Design<\/li>\n<li><span>\u0160\u00ed\u0159ka:<\/span> 170 mm<\/li>\n<li><span>V\u00fd\u0161ka:<\/span> 60 mm<\/li>\n<li><span>Druh ovl\u00e1d\u00e1n\u00ed:<\/span> P\u00e1ka<\/li>\n<li><span>Pr\u016fm\u011br kartu\u0161e:<\/span> 35 mm<\/li>\n<li><span>Hloubka:<\/span> 178 mm<\/li>\n<\/ul>\n<\/div><\/div>\n<\/p><\/div>\n<\/p><\/div>\n<\/p><\/div>\n","protected":false},"excerpt":{"rendered":"<p>Sapho BEB\u00c9 podom\u00edtkov\u00e1 umyvadlov\u00e1 baterie, chrom BB018 Vlastnosti Materi\u00e1l: Mosaz Barva: St\u0159\u00edbrn\u00e1 Instalace: Podom\u00edtkov\u00e1 Tvar: Design \u0160\u00ed\u0159ka: 170 mm V\u00fd\u0161ka: 60 mm Druh ovl\u00e1d\u00e1n\u00ed: P\u00e1ka Pr\u016fm\u011br kartu\u0161e: 35 mm Hloubka: 178 mm<\/p>\n","protected":false},"featured_media":48633,"comment_status":"open","ping_status":"open","template":"","meta":[],"product_brand":[],"product_cat":[77],"product_tag":[],"class_list":{"0":"post-48533","1":"product","2":"type-product","3":"status-publish","4":"has-post-thumbnail","6":"product_cat-koupelna","8":"first","9":"instock","10":"sale","11":"shipping-taxable","12":"purchasable","13":"product-type-simple"},"yoast_head":"<!-- This site is optimized with the Yoast SEO plugin v26.8 - https:\/\/yoast.com\/product\/yoast-seo-wordpress\/ -->\n<title>Zna\u010dkov\u00fd Sapho BEB\u00c9 podom\u00edtkov\u00e1 umyvadlov\u00e1 baterie, chrom BB018 -<\/title>\n<meta name=\"robots\" content=\"index, follow, max-snippet:-1, max-image-preview:large, max-video-preview:-1\" \/>\n<link rel=\"canonical\" href=\"https:\/\/www.technodompro.com\/index.php\/produkt\/znackovy-sapho-bebe-podomitkova-umyvadlova-baterie-chrom-bb018-48533\/\" \/>\n<meta property=\"og:locale\" content=\"cs_CZ\" \/>\n<meta property=\"og:type\" content=\"article\" \/>\n<meta property=\"og:title\" content=\"Zna\u010dkov\u00fd Sapho BEB\u00c9 podom\u00edtkov\u00e1 umyvadlov\u00e1 baterie, chrom BB018 -\" \/>\n<meta property=\"og:description\" content=\"Sapho BEB\u00c9 podom\u00edtkov\u00e1 umyvadlov\u00e1 baterie, chrom BB018 Vlastnosti Materi\u00e1l: Mosaz Barva: St\u0159\u00edbrn\u00e1 Instalace: Podom\u00edtkov\u00e1 Tvar: Design \u0160\u00ed\u0159ka: 170 mm V\u00fd\u0161ka: 60 mm Druh ovl\u00e1d\u00e1n\u00ed: P\u00e1ka Pr\u016fm\u011br kartu\u0161e: 35 mm Hloubka: 178 mm\" \/>\n<meta property=\"og:url\" content=\"https:\/\/www.technodompro.com\/index.php\/produkt\/znackovy-sapho-bebe-podomitkova-umyvadlova-baterie-chrom-bb018-48533\/\" \/>\n<meta property=\"og:image\" content=\"https:\/\/www.technodompro.com\/wp-content\/uploads\/2026\/SK0013942-CZ20260425-093041-0-1777080643-f5a2e449feb236a3b7fd8205649b7dfa.webp\" \/>\n\t<meta property=\"og:image:width\" content=\"823\" \/>\n\t<meta property=\"og:image:height\" content=\"545\" \/>\n\t<meta property=\"og:image:type\" content=\"image\/webp\" \/>\n<meta name=\"twitter:card\" content=\"summary_large_image\" \/>\n<script type=\"application\/ld+json\" class=\"yoast-schema-graph\">{\"@context\":\"https:\/\/schema.org\",\"@graph\":[{\"@type\":\"WebPage\",\"@id\":\"https:\/\/www.technodompro.com\/index.php\/produkt\/znackovy-sapho-bebe-podomitkova-umyvadlova-baterie-chrom-bb018-48533\/\",\"url\":\"https:\/\/www.technodompro.com\/index.php\/produkt\/znackovy-sapho-bebe-podomitkova-umyvadlova-baterie-chrom-bb018-48533\/\",\"name\":\"Zna\u010dkov\u00fd Sapho BEB\u00c9 podom\u00edtkov\u00e1 umyvadlov\u00e1 baterie, chrom BB018 -\",\"isPartOf\":{\"@id\":\"https:\/\/www.technodompro.com\/#website\"},\"primaryImageOfPage\":{\"@id\":\"https:\/\/www.technodompro.com\/index.php\/produkt\/znackovy-sapho-bebe-podomitkova-umyvadlova-baterie-chrom-bb018-48533\/#primaryimage\"},\"image\":{\"@id\":\"https:\/\/www.technodompro.com\/index.php\/produkt\/znackovy-sapho-bebe-podomitkova-umyvadlova-baterie-chrom-bb018-48533\/#primaryimage\"},\"thumbnailUrl\":\"https:\/\/www.technodompro.com\/wp-content\/uploads\/2026\/SK0013942-CZ20260425-093041-0-1777080643-f5a2e449feb236a3b7fd8205649b7dfa.webp\",\"datePublished\":\"2026-04-27T04:42:40+00:00\",\"breadcrumb\":{\"@id\":\"https:\/\/www.technodompro.com\/index.php\/produkt\/znackovy-sapho-bebe-podomitkova-umyvadlova-baterie-chrom-bb018-48533\/#breadcrumb\"},\"inLanguage\":\"cs\",\"potentialAction\":[{\"@type\":\"ReadAction\",\"target\":[\"https:\/\/www.technodompro.com\/index.php\/produkt\/znackovy-sapho-bebe-podomitkova-umyvadlova-baterie-chrom-bb018-48533\/\"]}]},{\"@type\":\"ImageObject\",\"inLanguage\":\"cs\",\"@id\":\"https:\/\/www.technodompro.com\/index.php\/produkt\/znackovy-sapho-bebe-podomitkova-umyvadlova-baterie-chrom-bb018-48533\/#primaryimage\",\"url\":\"https:\/\/www.technodompro.com\/wp-content\/uploads\/2026\/SK0013942-CZ20260425-093041-0-1777080643-f5a2e449feb236a3b7fd8205649b7dfa.webp\",\"contentUrl\":\"https:\/\/www.technodompro.com\/wp-content\/uploads\/2026\/SK0013942-CZ20260425-093041-0-1777080643-f5a2e449feb236a3b7fd8205649b7dfa.webp\",\"width\":823,\"height\":545},{\"@type\":\"BreadcrumbList\",\"@id\":\"https:\/\/www.technodompro.com\/index.php\/produkt\/znackovy-sapho-bebe-podomitkova-umyvadlova-baterie-chrom-bb018-48533\/#breadcrumb\",\"itemListElement\":[{\"@type\":\"ListItem\",\"position\":1,\"name\":\"Home\",\"item\":\"https:\/\/www.technodompro.com\/\"},{\"@type\":\"ListItem\",\"position\":2,\"name\":\"Products\",\"item\":\"https:\/\/www.technodompro.com\/index.php\/products\/\"},{\"@type\":\"ListItem\",\"position\":3,\"name\":\"Zna\u010dkov\u00fd Sapho BEB\u00c9 podom\u00edtkov\u00e1 umyvadlov\u00e1 baterie, chrom BB018\"}]},{\"@type\":\"WebSite\",\"@id\":\"https:\/\/www.technodompro.com\/#website\",\"url\":\"https:\/\/www.technodompro.com\/\",\"name\":\"\",\"description\":\"\",\"potentialAction\":[{\"@type\":\"SearchAction\",\"target\":{\"@type\":\"EntryPoint\",\"urlTemplate\":\"https:\/\/www.technodompro.com\/?s={search_term_string}\"},\"query-input\":{\"@type\":\"PropertyValueSpecification\",\"valueRequired\":true,\"valueName\":\"search_term_string\"}}],\"inLanguage\":\"cs\"}]}<\/script>\n<!-- \/ Yoast SEO plugin. -->","yoast_head_json":{"title":"Zna\u010dkov\u00fd Sapho BEB\u00c9 podom\u00edtkov\u00e1 umyvadlov\u00e1 baterie, chrom BB018 -","robots":{"index":"index","follow":"follow","max-snippet":"max-snippet:-1","max-image-preview":"max-image-preview:large","max-video-preview":"max-video-preview:-1"},"canonical":"https:\/\/www.technodompro.com\/index.php\/produkt\/znackovy-sapho-bebe-podomitkova-umyvadlova-baterie-chrom-bb018-48533\/","og_locale":"cs_CZ","og_type":"article","og_title":"Zna\u010dkov\u00fd Sapho BEB\u00c9 podom\u00edtkov\u00e1 umyvadlov\u00e1 baterie, chrom BB018 -","og_description":"Sapho BEB\u00c9 podom\u00edtkov\u00e1 umyvadlov\u00e1 baterie, chrom BB018 Vlastnosti Materi\u00e1l: Mosaz Barva: St\u0159\u00edbrn\u00e1 Instalace: Podom\u00edtkov\u00e1 Tvar: Design \u0160\u00ed\u0159ka: 170 mm V\u00fd\u0161ka: 60 mm Druh ovl\u00e1d\u00e1n\u00ed: P\u00e1ka Pr\u016fm\u011br kartu\u0161e: 35 mm Hloubka: 178 mm","og_url":"https:\/\/www.technodompro.com\/index.php\/produkt\/znackovy-sapho-bebe-podomitkova-umyvadlova-baterie-chrom-bb018-48533\/","og_image":[{"width":823,"height":545,"url":"https:\/\/www.technodompro.com\/wp-content\/uploads\/2026\/SK0013942-CZ20260425-093041-0-1777080643-f5a2e449feb236a3b7fd8205649b7dfa.webp","type":"image\/webp"}],"twitter_card":"summary_large_image","schema":{"@context":"https:\/\/schema.org","@graph":[{"@type":"WebPage","@id":"https:\/\/www.technodompro.com\/index.php\/produkt\/znackovy-sapho-bebe-podomitkova-umyvadlova-baterie-chrom-bb018-48533\/","url":"https:\/\/www.technodompro.com\/index.php\/produkt\/znackovy-sapho-bebe-podomitkova-umyvadlova-baterie-chrom-bb018-48533\/","name":"Zna\u010dkov\u00fd Sapho BEB\u00c9 podom\u00edtkov\u00e1 umyvadlov\u00e1 baterie, chrom BB018 -","isPartOf":{"@id":"https:\/\/www.technodompro.com\/#website"},"primaryImageOfPage":{"@id":"https:\/\/www.technodompro.com\/index.php\/produkt\/znackovy-sapho-bebe-podomitkova-umyvadlova-baterie-chrom-bb018-48533\/#primaryimage"},"image":{"@id":"https:\/\/www.technodompro.com\/index.php\/produkt\/znackovy-sapho-bebe-podomitkova-umyvadlova-baterie-chrom-bb018-48533\/#primaryimage"},"thumbnailUrl":"https:\/\/www.technodompro.com\/wp-content\/uploads\/2026\/SK0013942-CZ20260425-093041-0-1777080643-f5a2e449feb236a3b7fd8205649b7dfa.webp","datePublished":"2026-04-27T04:42:40+00:00","breadcrumb":{"@id":"https:\/\/www.technodompro.com\/index.php\/produkt\/znackovy-sapho-bebe-podomitkova-umyvadlova-baterie-chrom-bb018-48533\/#breadcrumb"},"inLanguage":"cs","potentialAction":[{"@type":"ReadAction","target":["https:\/\/www.technodompro.com\/index.php\/produkt\/znackovy-sapho-bebe-podomitkova-umyvadlova-baterie-chrom-bb018-48533\/"]}]},{"@type":"ImageObject","inLanguage":"cs","@id":"https:\/\/www.technodompro.com\/index.php\/produkt\/znackovy-sapho-bebe-podomitkova-umyvadlova-baterie-chrom-bb018-48533\/#primaryimage","url":"https:\/\/www.technodompro.com\/wp-content\/uploads\/2026\/SK0013942-CZ20260425-093041-0-1777080643-f5a2e449feb236a3b7fd8205649b7dfa.webp","contentUrl":"https:\/\/www.technodompro.com\/wp-content\/uploads\/2026\/SK0013942-CZ20260425-093041-0-1777080643-f5a2e449feb236a3b7fd8205649b7dfa.webp","width":823,"height":545},{"@type":"BreadcrumbList","@id":"https:\/\/www.technodompro.com\/index.php\/produkt\/znackovy-sapho-bebe-podomitkova-umyvadlova-baterie-chrom-bb018-48533\/#breadcrumb","itemListElement":[{"@type":"ListItem","position":1,"name":"Home","item":"https:\/\/www.technodompro.com\/"},{"@type":"ListItem","position":2,"name":"Products","item":"https:\/\/www.technodompro.com\/index.php\/products\/"},{"@type":"ListItem","position":3,"name":"Zna\u010dkov\u00fd Sapho BEB\u00c9 podom\u00edtkov\u00e1 umyvadlov\u00e1 baterie, chrom BB018"}]},{"@type":"WebSite","@id":"https:\/\/www.technodompro.com\/#website","url":"https:\/\/www.technodompro.com\/","name":"","description":"","potentialAction":[{"@type":"SearchAction","target":{"@type":"EntryPoint","urlTemplate":"https:\/\/www.technodompro.com\/?s={search_term_string}"},"query-input":{"@type":"PropertyValueSpecification","valueRequired":true,"valueName":"search_term_string"}}],"inLanguage":"cs"}]}},"_links":{"self":[{"href":"https:\/\/www.technodompro.com\/index.php\/wp-json\/wp\/v2\/product\/48533","targetHints":{"allow":["GET"]}}],"collection":[{"href":"https:\/\/www.technodompro.com\/index.php\/wp-json\/wp\/v2\/product"}],"about":[{"href":"https:\/\/www.technodompro.com\/index.php\/wp-json\/wp\/v2\/types\/product"}],"replies":[{"embeddable":true,"href":"https:\/\/www.technodompro.com\/index.php\/wp-json\/wp\/v2\/comments?post=48533"}],"wp:featuredmedia":[{"embeddable":true,"href":"https:\/\/www.technodompro.com\/index.php\/wp-json\/wp\/v2\/media\/48633"}],"wp:attachment":[{"href":"https:\/\/www.technodompro.com\/index.php\/wp-json\/wp\/v2\/media?parent=48533"}],"wp:term":[{"taxonomy":"product_brand","embeddable":true,"href":"https:\/\/www.technodompro.com\/index.php\/wp-json\/wp\/v2\/product_brand?post=48533"},{"taxonomy":"product_cat","embeddable":true,"href":"https:\/\/www.technodompro.com\/index.php\/wp-json\/wp\/v2\/product_cat?post=48533"},{"taxonomy":"product_tag","embeddable":true,"href":"https:\/\/www.technodompro.com\/index.php\/wp-json\/wp\/v2\/product_tag?post=48533"}],"curies":[{"name":"wp","href":"https:\/\/api.w.org\/{rel}","templated":true}]}}