{"id":48969,"date":"2026-04-27T04:42:41","date_gmt":"2026-04-27T04:42:41","guid":{"rendered":""},"modified":"2026-04-27T04:42:41","modified_gmt":"2026-04-27T04:42:41","slug":"znackovy-aqualine-amadeo-posuvne-sprchove-dvere-1100-mm-sklo-brick-bts110-48969","status":"publish","type":"product","link":"https:\/\/www.technodompro.com\/produkt\/znackovy-aqualine-amadeo-posuvne-sprchove-dvere-1100-mm-sklo-brick-bts110-48969\/","title":{"rendered":"Zna\u010dkov\u00fd Aqualine AMADEO posuvn\u00e9 sprchov\u00e9 dve\u0159e 1100 mm, sklo Brick BTS110"},"content":{"rendered":"<div class=\"tabs__content-outer\" id=\"tab_description\" data-hash=\"description\" data-tabindex=\"-1\">\n<div class=\"tabs__content toggle_description\" id=\"content_description\">\n<div class=\"wysiwyg-content\">\n<div class=\"product__tab product__description full-width\">\n<div class=\"container\">\n<div >\n<h3>Aqualine AMADEO posuvn\u00e9 sprchov\u00e9 dve\u0159e 1100 mm, sklo Brick BTS110<\/h3>\n<p style=\"text-align: justify;\">Sprchov\u00e9 z\u00e1st\u011bny AMADEO pat\u0159\u00ed k&nbsp;cenov\u011b zaj\u00edmav\u00fdm v\u00fdrobk\u016fm tohoto typu na trhu. Dve\u0159e maj\u00ed kvalitn\u00ed v\u00fdklopn\u00e9 lo\u017eiskov\u00e9 pojezdy, d\u00edky nim\u017e je zaji\u0161t\u011bn plynul\u00fd chod pohybliv\u00fdch d\u00edl\u016f a z\u00e1rove\u0148 umo\u017e\u0148uj\u00ed snadnou \u00fadr\u017ebu vani\u010dky.&nbsp;<\/p>\n<ul>\n<li>B\u00edl\u00e9 hlin\u00edkov\u00e9 profily<\/li>\n<li>Lo\u017eiskov\u00e9 pojezdy: horn\u00ed zdvojen\u00e9, doln\u00ed v\u00fdklopn\u00e9<\/li>\n<li>Dve\u0159e lze instalovat s&nbsp;lev\u00fdm nebo prav\u00fdm otev\u00edr\u00e1n\u00edm<\/li>\n<li>Bezpe\u010dnostn\u00ed sklo 5 mm v&nbsp;\u00faprav\u011b BRICK<\/li>\n<li>V\u00fd\u0161ka 1850 mm<\/li>\n<\/ul>\n<div class=\"product-explanation-item\">\n<h3>Sm\u011br otev\u00edr\u00e1n\u00ed &#8211; univerz\u00e1ln\u00ed<\/h3>\n<p style=\"text-align: justify;\">Instalace je mo\u017en\u00e1 s lev\u00fdm nebo prav\u00fdm otev\u00edr\u00e1n\u00edm dve\u0159\u00ed.<\/p>\n<\/p><\/div>\n<div class=\"product-explanation-item\">\n<h3>R\u00e1mov\u00e9 sprchov\u00e9 z\u00e1st\u011bny<\/h3>\n<p style=\"text-align: justify;\">V\u00fdhodou r\u00e1mov\u00e9ho proveden\u00ed z\u00e1st\u011bny je lep\u0161\u00ed ochrana proti st\u0159\u00edkaj\u00edc\u00ed vod\u011b. I v p\u0159\u00edpad\u011b intenzivn\u00edho sprchov\u00e1n\u00ed zabr\u00e1n\u00ed r\u00e1m ve spodn\u00ed vodorovn\u00e9 \u010d\u00e1sti dve\u0159\u00ed p\u0159ete\u010den\u00ed vody mimo sprchov\u00fd kout. Ur\u010ditou nev\u00fdhodou je, \u017ee tyto z\u00e1st\u011bny nejsou bezbari\u00e9rov\u00e9 a r\u00e1m p\u016fsob\u00ed robustn\u011b.<\/p>\n<\/p><\/div>\n<p><\/p>\n<p><b>Vlastnosti<\/b><\/p>\n<ul>\n<li><span>Vlastnosti:<\/span> R\u00e1mov\u00e9 proveden\u00ed<\/li>\n<li><span>Tvar:<\/span> Dve\u0159e do niky<\/li>\n<li><span>\u0160\u00ed\u0159ka:<\/span> 1100 mm<\/li>\n<li><span>V\u00fd\u0161ka:<\/span> 1850 mm<\/li>\n<li><span>Typ v\u00fdpln\u011b:<\/span> BRICK sklo<\/li>\n<li><span>Tlou\u0161\u0165ka skla:<\/span> 5 mm<\/li>\n<li><span>Barva profilu:<\/span> B\u00edl\u00e1<\/li>\n<li><span>Typ otev\u00edran\u00ed:<\/span> Posuvn\u00e9<\/li>\n<li><span>\u0160\u00ed\u0159ka vstupu:<\/span> 430 mm<\/li>\n<li><span>Sm\u011br otev\u00edr\u00e1n\u00ed:<\/span> Univerz\u00e1ln\u00ed<\/li>\n<li><span>Instala\u010dn\u00ed \u0161\u00ed\u0159ka od:<\/span> 1075 mm<\/li>\n<li><span>Instala\u010dn\u00ed \u0161\u00ed\u0159ka do:<\/span> 1115 mm<\/li>\n<\/ul>\n<\/div><\/div>\n<\/p><\/div>\n<\/p><\/div>\n<\/p><\/div>\n","protected":false},"excerpt":{"rendered":"<p>Aqualine AMADEO posuvn\u00e9 sprchov\u00e9 dve\u0159e 1100 mm, sklo Brick BTS110 Sprchov\u00e9 z\u00e1st\u011bny AMADEO pat\u0159\u00ed k&nbsp;cenov\u011b zaj\u00edmav\u00fdm v\u00fdrobk\u016fm tohoto typu na trhu. Dve\u0159e maj\u00ed kvalitn\u00ed v\u00fdklopn\u00e9 lo\u017eiskov\u00e9 pojezdy, d\u00edky nim\u017e je zaji\u0161t\u011bn plynul\u00fd chod pohybliv\u00fdch d\u00edl\u016f a z\u00e1rove\u0148 umo\u017e\u0148uj\u00ed snadnou \u00fadr\u017ebu vani\u010dky.&nbsp; B\u00edl\u00e9 hlin\u00edkov\u00e9 profily Lo\u017eiskov\u00e9 pojezdy: horn\u00ed zdvojen\u00e9, doln\u00ed v\u00fdklopn\u00e9 Dve\u0159e lze instalovat s&nbsp;lev\u00fdm nebo [&hellip;]<\/p>\n","protected":false},"featured_media":49069,"template":"","meta":[],"product_brand":[],"product_cat":[77],"product_tag":[],"class_list":{"0":"post-48969","1":"product","2":"type-product","3":"status-publish","4":"has-post-thumbnail","6":"product_cat-koupelna","8":"first","9":"instock","10":"sale","11":"shipping-taxable","12":"purchasable","13":"product-type-simple"},"yoast_head":"<!-- This site is optimized with the Yoast SEO plugin v26.8 - https:\/\/yoast.com\/product\/yoast-seo-wordpress\/ -->\n<title>Zna\u010dkov\u00fd Aqualine AMADEO posuvn\u00e9 sprchov\u00e9 dve\u0159e 1100 mm, sklo Brick BTS110 - Modern\u00ed koupelny &amp; sanita a interi\u00e9rov\u00e9 vybaven\u00ed pro v\u00e1\u0161 domov<\/title>\n<meta name=\"robots\" content=\"index, follow, max-snippet:-1, max-image-preview:large, max-video-preview:-1\" \/>\n<link rel=\"canonical\" href=\"https:\/\/www.technodompro.com\/index.php\/produkt\/znackovy-aqualine-amadeo-posuvne-sprchove-dvere-1100-mm-sklo-brick-bts110-48969\/\" \/>\n<meta property=\"og:locale\" content=\"cs_CZ\" \/>\n<meta property=\"og:type\" content=\"article\" \/>\n<meta property=\"og:title\" content=\"Zna\u010dkov\u00fd Aqualine AMADEO posuvn\u00e9 sprchov\u00e9 dve\u0159e 1100 mm, sklo Brick BTS110 - Modern\u00ed koupelny &amp; sanita a interi\u00e9rov\u00e9 vybaven\u00ed pro v\u00e1\u0161 domov\" \/>\n<meta property=\"og:description\" content=\"Aqualine AMADEO posuvn\u00e9 sprchov\u00e9 dve\u0159e 1100 mm, sklo Brick BTS110 Sprchov\u00e9 z\u00e1st\u011bny AMADEO pat\u0159\u00ed k&nbsp;cenov\u011b zaj\u00edmav\u00fdm v\u00fdrobk\u016fm tohoto typu na trhu. Dve\u0159e maj\u00ed kvalitn\u00ed v\u00fdklopn\u00e9 lo\u017eiskov\u00e9 pojezdy, d\u00edky nim\u017e je zaji\u0161t\u011bn plynul\u00fd chod pohybliv\u00fdch d\u00edl\u016f a z\u00e1rove\u0148 umo\u017e\u0148uj\u00ed snadnou \u00fadr\u017ebu vani\u010dky.&nbsp; B\u00edl\u00e9 hlin\u00edkov\u00e9 profily Lo\u017eiskov\u00e9 pojezdy: horn\u00ed zdvojen\u00e9, doln\u00ed v\u00fdklopn\u00e9 Dve\u0159e lze instalovat s&nbsp;lev\u00fdm nebo [&hellip;]\" \/>\n<meta property=\"og:url\" content=\"https:\/\/www.technodompro.com\/index.php\/produkt\/znackovy-aqualine-amadeo-posuvne-sprchove-dvere-1100-mm-sklo-brick-bts110-48969\/\" \/>\n<meta property=\"og:site_name\" content=\"Modern\u00ed koupelny &amp; sanita a interi\u00e9rov\u00e9 vybaven\u00ed pro v\u00e1\u0161 domov\" \/>\n<meta property=\"og:image\" content=\"https:\/\/www.technodompro.com\/wp-content\/uploads\/2026\/SK0014188-CZ20260425-093041-0-1777080643-1f4bdcc5a878e208e5f41644434828ed.webp\" \/>\n\t<meta property=\"og:image:width\" content=\"576\" \/>\n\t<meta property=\"og:image:height\" content=\"800\" \/>\n\t<meta property=\"og:image:type\" content=\"image\/webp\" \/>\n<meta name=\"twitter:card\" content=\"summary_large_image\" \/>\n<meta name=\"twitter:label1\" content=\"Odhadovan\u00e1 doba \u010dten\u00ed\" \/>\n\t<meta name=\"twitter:data1\" content=\"1 minuta\" \/>\n<script type=\"application\/ld+json\" class=\"yoast-schema-graph\">{\"@context\":\"https:\/\/schema.org\",\"@graph\":[{\"@type\":\"WebPage\",\"@id\":\"https:\/\/www.technodompro.com\/index.php\/produkt\/znackovy-aqualine-amadeo-posuvne-sprchove-dvere-1100-mm-sklo-brick-bts110-48969\/\",\"url\":\"https:\/\/www.technodompro.com\/index.php\/produkt\/znackovy-aqualine-amadeo-posuvne-sprchove-dvere-1100-mm-sklo-brick-bts110-48969\/\",\"name\":\"Zna\u010dkov\u00fd Aqualine AMADEO posuvn\u00e9 sprchov\u00e9 dve\u0159e 1100 mm, sklo Brick BTS110 - Modern\u00ed koupelny &amp; sanita a interi\u00e9rov\u00e9 vybaven\u00ed pro v\u00e1\u0161 domov\",\"isPartOf\":{\"@id\":\"https:\/\/www.technodompro.com\/#website\"},\"primaryImageOfPage\":{\"@id\":\"https:\/\/www.technodompro.com\/index.php\/produkt\/znackovy-aqualine-amadeo-posuvne-sprchove-dvere-1100-mm-sklo-brick-bts110-48969\/#primaryimage\"},\"image\":{\"@id\":\"https:\/\/www.technodompro.com\/index.php\/produkt\/znackovy-aqualine-amadeo-posuvne-sprchove-dvere-1100-mm-sklo-brick-bts110-48969\/#primaryimage\"},\"thumbnailUrl\":\"https:\/\/www.technodompro.com\/wp-content\/uploads\/2026\/SK0014188-CZ20260425-093041-0-1777080643-1f4bdcc5a878e208e5f41644434828ed.webp\",\"datePublished\":\"2026-04-27T04:42:41+00:00\",\"breadcrumb\":{\"@id\":\"https:\/\/www.technodompro.com\/index.php\/produkt\/znackovy-aqualine-amadeo-posuvne-sprchove-dvere-1100-mm-sklo-brick-bts110-48969\/#breadcrumb\"},\"inLanguage\":\"cs\",\"potentialAction\":[{\"@type\":\"ReadAction\",\"target\":[\"https:\/\/www.technodompro.com\/index.php\/produkt\/znackovy-aqualine-amadeo-posuvne-sprchove-dvere-1100-mm-sklo-brick-bts110-48969\/\"]}]},{\"@type\":\"ImageObject\",\"inLanguage\":\"cs\",\"@id\":\"https:\/\/www.technodompro.com\/index.php\/produkt\/znackovy-aqualine-amadeo-posuvne-sprchove-dvere-1100-mm-sklo-brick-bts110-48969\/#primaryimage\",\"url\":\"https:\/\/www.technodompro.com\/wp-content\/uploads\/2026\/SK0014188-CZ20260425-093041-0-1777080643-1f4bdcc5a878e208e5f41644434828ed.webp\",\"contentUrl\":\"https:\/\/www.technodompro.com\/wp-content\/uploads\/2026\/SK0014188-CZ20260425-093041-0-1777080643-1f4bdcc5a878e208e5f41644434828ed.webp\",\"width\":576,\"height\":800},{\"@type\":\"BreadcrumbList\",\"@id\":\"https:\/\/www.technodompro.com\/index.php\/produkt\/znackovy-aqualine-amadeo-posuvne-sprchove-dvere-1100-mm-sklo-brick-bts110-48969\/#breadcrumb\",\"itemListElement\":[{\"@type\":\"ListItem\",\"position\":1,\"name\":\"Home\",\"item\":\"https:\/\/www.technodompro.com\/\"},{\"@type\":\"ListItem\",\"position\":2,\"name\":\"Products\",\"item\":\"https:\/\/www.technodompro.com\/products\/\"},{\"@type\":\"ListItem\",\"position\":3,\"name\":\"Zna\u010dkov\u00fd Aqualine AMADEO posuvn\u00e9 sprchov\u00e9 dve\u0159e 1100 mm, sklo Brick BTS110\"}]},{\"@type\":\"WebSite\",\"@id\":\"https:\/\/www.technodompro.com\/#website\",\"url\":\"https:\/\/www.technodompro.com\/\",\"name\":\"Modern\u00ed koupelny &amp; sanita a interi\u00e9rov\u00e9 vybaven\u00ed pro v\u00e1\u0161 domov\",\"description\":\"Modern\u00ed koupelny &amp; sanita a interi\u00e9rov\u00e9 vybaven\u00ed pro v\u00e1\u0161 domov\",\"publisher\":{\"@id\":\"https:\/\/www.technodompro.com\/#organization\"},\"potentialAction\":[{\"@type\":\"SearchAction\",\"target\":{\"@type\":\"EntryPoint\",\"urlTemplate\":\"https:\/\/www.technodompro.com\/?s={search_term_string}\"},\"query-input\":{\"@type\":\"PropertyValueSpecification\",\"valueRequired\":true,\"valueName\":\"search_term_string\"}}],\"inLanguage\":\"cs\"},{\"@type\":\"Organization\",\"@id\":\"https:\/\/www.technodompro.com\/#organization\",\"name\":\"Modern\u00ed koupelny &amp; sanita a interi\u00e9rov\u00e9 vybaven\u00ed pro v\u00e1\u0161 domov\",\"url\":\"https:\/\/www.technodompro.com\/\",\"logo\":{\"@type\":\"ImageObject\",\"inLanguage\":\"cs\",\"@id\":\"https:\/\/www.technodompro.com\/#\/schema\/logo\/image\/\",\"url\":\"https:\/\/www.technodompro.com\/wp-content\/uploads\/2026\/04\/technodompro_logo.svg\",\"contentUrl\":\"https:\/\/www.technodompro.com\/wp-content\/uploads\/2026\/04\/technodompro_logo.svg\",\"width\":760,\"height\":180,\"caption\":\"Modern\u00ed koupelny &amp; sanita a interi\u00e9rov\u00e9 vybaven\u00ed pro v\u00e1\u0161 domov\"},\"image\":{\"@id\":\"https:\/\/www.technodompro.com\/#\/schema\/logo\/image\/\"}}]}<\/script>\n<!-- \/ Yoast SEO plugin. -->","yoast_head_json":{"title":"Zna\u010dkov\u00fd Aqualine AMADEO posuvn\u00e9 sprchov\u00e9 dve\u0159e 1100 mm, sklo Brick BTS110 - Modern\u00ed koupelny &amp; sanita a interi\u00e9rov\u00e9 vybaven\u00ed pro v\u00e1\u0161 domov","robots":{"index":"index","follow":"follow","max-snippet":"max-snippet:-1","max-image-preview":"max-image-preview:large","max-video-preview":"max-video-preview:-1"},"canonical":"https:\/\/www.technodompro.com\/index.php\/produkt\/znackovy-aqualine-amadeo-posuvne-sprchove-dvere-1100-mm-sklo-brick-bts110-48969\/","og_locale":"cs_CZ","og_type":"article","og_title":"Zna\u010dkov\u00fd Aqualine AMADEO posuvn\u00e9 sprchov\u00e9 dve\u0159e 1100 mm, sklo Brick BTS110 - Modern\u00ed koupelny &amp; sanita a interi\u00e9rov\u00e9 vybaven\u00ed pro v\u00e1\u0161 domov","og_description":"Aqualine AMADEO posuvn\u00e9 sprchov\u00e9 dve\u0159e 1100 mm, sklo Brick BTS110 Sprchov\u00e9 z\u00e1st\u011bny AMADEO pat\u0159\u00ed k&nbsp;cenov\u011b zaj\u00edmav\u00fdm v\u00fdrobk\u016fm tohoto typu na trhu. Dve\u0159e maj\u00ed kvalitn\u00ed v\u00fdklopn\u00e9 lo\u017eiskov\u00e9 pojezdy, d\u00edky nim\u017e je zaji\u0161t\u011bn plynul\u00fd chod pohybliv\u00fdch d\u00edl\u016f a z\u00e1rove\u0148 umo\u017e\u0148uj\u00ed snadnou \u00fadr\u017ebu vani\u010dky.&nbsp; B\u00edl\u00e9 hlin\u00edkov\u00e9 profily Lo\u017eiskov\u00e9 pojezdy: horn\u00ed zdvojen\u00e9, doln\u00ed v\u00fdklopn\u00e9 Dve\u0159e lze instalovat s&nbsp;lev\u00fdm nebo [&hellip;]","og_url":"https:\/\/www.technodompro.com\/index.php\/produkt\/znackovy-aqualine-amadeo-posuvne-sprchove-dvere-1100-mm-sklo-brick-bts110-48969\/","og_site_name":"Modern\u00ed koupelny &amp; sanita a interi\u00e9rov\u00e9 vybaven\u00ed pro v\u00e1\u0161 domov","og_image":[{"width":576,"height":800,"url":"https:\/\/www.technodompro.com\/wp-content\/uploads\/2026\/SK0014188-CZ20260425-093041-0-1777080643-1f4bdcc5a878e208e5f41644434828ed.webp","type":"image\/webp"}],"twitter_card":"summary_large_image","twitter_misc":{"Odhadovan\u00e1 doba \u010dten\u00ed":"1 minuta"},"schema":{"@context":"https:\/\/schema.org","@graph":[{"@type":"WebPage","@id":"https:\/\/www.technodompro.com\/index.php\/produkt\/znackovy-aqualine-amadeo-posuvne-sprchove-dvere-1100-mm-sklo-brick-bts110-48969\/","url":"https:\/\/www.technodompro.com\/index.php\/produkt\/znackovy-aqualine-amadeo-posuvne-sprchove-dvere-1100-mm-sklo-brick-bts110-48969\/","name":"Zna\u010dkov\u00fd Aqualine AMADEO posuvn\u00e9 sprchov\u00e9 dve\u0159e 1100 mm, sklo Brick BTS110 - Modern\u00ed koupelny &amp; sanita a interi\u00e9rov\u00e9 vybaven\u00ed pro v\u00e1\u0161 domov","isPartOf":{"@id":"https:\/\/www.technodompro.com\/#website"},"primaryImageOfPage":{"@id":"https:\/\/www.technodompro.com\/index.php\/produkt\/znackovy-aqualine-amadeo-posuvne-sprchove-dvere-1100-mm-sklo-brick-bts110-48969\/#primaryimage"},"image":{"@id":"https:\/\/www.technodompro.com\/index.php\/produkt\/znackovy-aqualine-amadeo-posuvne-sprchove-dvere-1100-mm-sklo-brick-bts110-48969\/#primaryimage"},"thumbnailUrl":"https:\/\/www.technodompro.com\/wp-content\/uploads\/2026\/SK0014188-CZ20260425-093041-0-1777080643-1f4bdcc5a878e208e5f41644434828ed.webp","datePublished":"2026-04-27T04:42:41+00:00","breadcrumb":{"@id":"https:\/\/www.technodompro.com\/index.php\/produkt\/znackovy-aqualine-amadeo-posuvne-sprchove-dvere-1100-mm-sklo-brick-bts110-48969\/#breadcrumb"},"inLanguage":"cs","potentialAction":[{"@type":"ReadAction","target":["https:\/\/www.technodompro.com\/index.php\/produkt\/znackovy-aqualine-amadeo-posuvne-sprchove-dvere-1100-mm-sklo-brick-bts110-48969\/"]}]},{"@type":"ImageObject","inLanguage":"cs","@id":"https:\/\/www.technodompro.com\/index.php\/produkt\/znackovy-aqualine-amadeo-posuvne-sprchove-dvere-1100-mm-sklo-brick-bts110-48969\/#primaryimage","url":"https:\/\/www.technodompro.com\/wp-content\/uploads\/2026\/SK0014188-CZ20260425-093041-0-1777080643-1f4bdcc5a878e208e5f41644434828ed.webp","contentUrl":"https:\/\/www.technodompro.com\/wp-content\/uploads\/2026\/SK0014188-CZ20260425-093041-0-1777080643-1f4bdcc5a878e208e5f41644434828ed.webp","width":576,"height":800},{"@type":"BreadcrumbList","@id":"https:\/\/www.technodompro.com\/index.php\/produkt\/znackovy-aqualine-amadeo-posuvne-sprchove-dvere-1100-mm-sklo-brick-bts110-48969\/#breadcrumb","itemListElement":[{"@type":"ListItem","position":1,"name":"Home","item":"https:\/\/www.technodompro.com\/"},{"@type":"ListItem","position":2,"name":"Products","item":"https:\/\/www.technodompro.com\/products\/"},{"@type":"ListItem","position":3,"name":"Zna\u010dkov\u00fd Aqualine AMADEO posuvn\u00e9 sprchov\u00e9 dve\u0159e 1100 mm, sklo Brick BTS110"}]},{"@type":"WebSite","@id":"https:\/\/www.technodompro.com\/#website","url":"https:\/\/www.technodompro.com\/","name":"Modern\u00ed koupelny &amp; sanita a interi\u00e9rov\u00e9 vybaven\u00ed pro v\u00e1\u0161 domov","description":"Modern\u00ed koupelny &amp; sanita a interi\u00e9rov\u00e9 vybaven\u00ed pro v\u00e1\u0161 domov","publisher":{"@id":"https:\/\/www.technodompro.com\/#organization"},"potentialAction":[{"@type":"SearchAction","target":{"@type":"EntryPoint","urlTemplate":"https:\/\/www.technodompro.com\/?s={search_term_string}"},"query-input":{"@type":"PropertyValueSpecification","valueRequired":true,"valueName":"search_term_string"}}],"inLanguage":"cs"},{"@type":"Organization","@id":"https:\/\/www.technodompro.com\/#organization","name":"Modern\u00ed koupelny &amp; sanita a interi\u00e9rov\u00e9 vybaven\u00ed pro v\u00e1\u0161 domov","url":"https:\/\/www.technodompro.com\/","logo":{"@type":"ImageObject","inLanguage":"cs","@id":"https:\/\/www.technodompro.com\/#\/schema\/logo\/image\/","url":"https:\/\/www.technodompro.com\/wp-content\/uploads\/2026\/04\/technodompro_logo.svg","contentUrl":"https:\/\/www.technodompro.com\/wp-content\/uploads\/2026\/04\/technodompro_logo.svg","width":760,"height":180,"caption":"Modern\u00ed koupelny &amp; sanita a interi\u00e9rov\u00e9 vybaven\u00ed pro v\u00e1\u0161 domov"},"image":{"@id":"https:\/\/www.technodompro.com\/#\/schema\/logo\/image\/"}}]}},"_links":{"self":[{"href":"https:\/\/www.technodompro.com\/wp-json\/wp\/v2\/product\/48969","targetHints":{"allow":["GET"]}}],"collection":[{"href":"https:\/\/www.technodompro.com\/wp-json\/wp\/v2\/product"}],"about":[{"href":"https:\/\/www.technodompro.com\/wp-json\/wp\/v2\/types\/product"}],"wp:featuredmedia":[{"embeddable":true,"href":"https:\/\/www.technodompro.com\/wp-json\/wp\/v2\/media\/49069"}],"wp:attachment":[{"href":"https:\/\/www.technodompro.com\/wp-json\/wp\/v2\/media?parent=48969"}],"wp:term":[{"taxonomy":"product_brand","embeddable":true,"href":"https:\/\/www.technodompro.com\/wp-json\/wp\/v2\/product_brand?post=48969"},{"taxonomy":"product_cat","embeddable":true,"href":"https:\/\/www.technodompro.com\/wp-json\/wp\/v2\/product_cat?post=48969"},{"taxonomy":"product_tag","embeddable":true,"href":"https:\/\/www.technodompro.com\/wp-json\/wp\/v2\/product_tag?post=48969"}],"curies":[{"name":"wp","href":"https:\/\/api.w.org\/{rel}","templated":true}]}}