{"id":50498,"date":"2026-04-27T04:42:46","date_gmt":"2026-04-27T04:42:46","guid":{"rendered":""},"modified":"2026-04-27T04:42:46","modified_gmt":"2026-04-27T04:42:46","slug":"znackovy-mereo-sprchovy-kout-novea-ctverec-pivotovy-100x100-cm-chrom-alu-sklo-cire-dvere-l-p-a-pevny-dil-ck13933z-50498","status":"publish","type":"product","link":"https:\/\/www.technodompro.com\/index.php\/produkt\/znackovy-mereo-sprchovy-kout-novea-ctverec-pivotovy-100x100-cm-chrom-alu-sklo-cire-dvere-l-p-a-pevny-dil-ck13933z-50498\/","title":{"rendered":"Zna\u010dkov\u00fd Mereo Sprchov\u00fd kout, Novea, \u010dtverec, pivotov\u00fd, 100&#215;100 cm, chrom ALU, sklo \u010cir\u00e9, dve\u0159e L\/P a pevn\u00fd d\u00edl CK13933Z"},"content":{"rendered":"<h3>Dopl\u0148kov\u00e9 parametry<\/h3>\n<table class=\"detail-parameters\">\n<tbody>\n<tr>\n<th>        <span class=\"row-header-label\">            Kategorie<span class=\"row-header-label-colon\">:<\/span>        <\/span>    <\/th>\n<td>        Sprchov\u00e9 kouty a boxy    <\/td>\n<\/tr>\n<tr>\n<th>            <span class=\"row-header-label\">                Hmotnost<span class=\"row-header-label-colon\">:<\/span>            <\/span>        <\/th>\n<td>            75.26 kg        <\/td>\n<\/tr>\n<tr class=\"productEan\">\n<th>          <span class=\"row-header-label productEan__label\">              EAN<span class=\"row-header-label-colon\">:<\/span>          <\/span>      <\/th>\n<td>          <span class=\"productEan__value\">8592480130527<\/span>      <\/td>\n<\/tr>\n<tr>\n<th>                <span class=\"row-header-label\">                                            Barva<span class=\"row-header-label-colon\">:<\/span>                                    <\/span>            <\/th>\n<td>                                                            Chrom                                                <\/td>\n<\/tr>\n<tr>\n<th>                <span class=\"row-header-label\">                                            D\u00e9lka<span class=\"row-header-label-colon\">:<\/span>                                    <\/span>            <\/th>\n<td>                                                            2000 mm                                                <\/td>\n<\/tr>\n<tr>\n<th>                <span class=\"row-header-label\">                                            Hloubka<span class=\"row-header-label-colon\">:<\/span>                                    <\/span>            <\/th>\n<td>                                                            1000 mm                                                <\/td>\n<\/tr>\n<tr>\n<th>                <span class=\"row-header-label\">                                            Hmotnost<span class=\"row-header-label-colon\">:<\/span>                                    <\/span>            <\/th>\n<td>                                                            75.26 kg                                                <\/td>\n<\/tr>\n<tr>\n<th>                <span class=\"row-header-label\">                                            Konstrukce<span class=\"row-header-label-colon\">:<\/span>                                    <\/span>            <\/th>\n<td>                                                            Dve\u0159e \/ Pevn\u00fd d\u00edl                                                <\/td>\n<\/tr>\n<tr>\n<th>                <span class=\"row-header-label\">                                            Materi\u00e1l<span class=\"row-header-label-colon\">:<\/span>                                    <\/span>            <\/th>\n<td>                                                            Hlin\u00edkov\u00e9 profily                                                <\/td>\n<\/tr>\n<tr>\n<th>                <span class=\"row-header-label\">                                            Ochrann\u00e1 vrstva skla<span class=\"row-header-label-colon\">:<\/span>                                    <\/span>            <\/th>\n<td>                                                            EASY CLEAN                                                <\/td>\n<\/tr>\n<tr>\n<th>                <span class=\"row-header-label\">                                            Panty<span class=\"row-header-label-colon\">:<\/span>                                    <\/span>            <\/th>\n<td>                                                            Hranat\u00e9                                                <\/td>\n<\/tr>\n<tr>\n<th>                <span class=\"row-header-label\">                                            S\u00e9rie<span class=\"row-header-label-colon\">:<\/span>                                    <\/span>            <\/th>\n<td>                                                            Novea                                                <\/td>\n<\/tr>\n<tr>\n<th>                <span class=\"row-header-label\">                                            Stavitelnost na st\u0159ed profilu<span class=\"row-header-label-colon\">:<\/span>                                    <\/span>            <\/th>\n<td>                                                            962-975 x962-975                                                <\/td>\n<\/tr>\n<tr>\n<th>                <span class=\"row-header-label\">                                            \u0160\u00ed\u0159ka<span class=\"row-header-label-colon\">:<\/span>                                    <\/span>            <\/th>\n<td>                                                            1000 mm                                                <\/td>\n<\/tr>\n<tr>\n<th>                <span class=\"row-header-label\">                                            Tlou\u0161\u0165ka skla<span class=\"row-header-label-colon\">:<\/span>                                    <\/span>            <\/th>\n<td>                                                            8\/6 mm                                                <\/td>\n<\/tr>\n<tr>\n<th>                <span class=\"row-header-label\">                                            Tvar<span class=\"row-header-label-colon\">:<\/span>                                    <\/span>            <\/th>\n<td>                                                            \u010ctverec                                                <\/td>\n<\/tr>\n<tr>\n<th>                <span class=\"row-header-label\">                                            Typ<span class=\"row-header-label-colon\">:<\/span>                                    <\/span>            <\/th>\n<td>                                                            L\/P univers\u00e1ln\u00ed,                                                                                 Sprchov\u00fd kout                                                <\/td>\n<\/tr>\n<tr>\n<th>                <span class=\"row-header-label\">                                            Vstupn\u00ed otvor<span class=\"row-header-label-colon\">:<\/span>                                    <\/span>            <\/th>\n<td>                                                            903                                                <\/td>\n<\/tr>\n<tr>\n<th>                <span class=\"row-header-label\">                                            V\u00fdpl\u0148<span class=\"row-header-label-colon\">:<\/span>                                    <\/span>            <\/th>\n<td>                                                            \u010cir\u00e9                                                <\/td>\n<\/tr>\n<tr>\n<th>                <span class=\"row-header-label\">                                            Z\u00e1ru\u010dn\u00ed doba<span class=\"row-header-label-colon\">:<\/span>                                    <\/span>            <\/th>\n<td>                                                            5 let                                                <\/td>\n<\/tr>\n<tr>\n<th>                <span class=\"row-header-label\">                                            Zp\u016fsob otev\u00edr\u00e1n\u00ed<span class=\"row-header-label-colon\">:<\/span>                                    <\/span>            <\/th>\n<td>                                                            Pivotov\u00e9                                                <\/td>\n<\/tr>\n<\/tbody>\n<\/table><\/div>\n<\/p><\/div>\n<\/p><\/div>\n","protected":false},"excerpt":{"rendered":"<p>Dopl\u0148kov\u00e9 parametry Kategorie: Sprchov\u00e9 kouty a boxy Hmotnost: 75.26 kg EAN: 8592480130527 Barva: Chrom D\u00e9lka: 2000 mm Hloubka: 1000 mm Hmotnost: 75.26 kg Konstrukce: Dve\u0159e \/ Pevn\u00fd d\u00edl Materi\u00e1l: Hlin\u00edkov\u00e9 profily Ochrann\u00e1 vrstva skla: EASY CLEAN Panty: Hranat\u00e9 S\u00e9rie: Novea Stavitelnost na st\u0159ed profilu: 962-975 x962-975 \u0160\u00ed\u0159ka: 1000 mm Tlou\u0161\u0165ka skla: 8\/6 mm Tvar: \u010ctverec [&hellip;]<\/p>\n","protected":false},"featured_media":50598,"comment_status":"open","ping_status":"open","template":"","meta":[],"product_brand":[],"product_cat":[72],"product_tag":[],"class_list":{"0":"post-50498","1":"product","2":"type-product","3":"status-publish","4":"has-post-thumbnail","6":"product_cat-koupelny","8":"first","9":"instock","10":"sale","11":"shipping-taxable","12":"purchasable","13":"product-type-simple"},"yoast_head":"<!-- This site is optimized with the Yoast SEO plugin v26.8 - https:\/\/yoast.com\/product\/yoast-seo-wordpress\/ -->\n<title>Zna\u010dkov\u00fd Mereo Sprchov\u00fd kout, Novea, \u010dtverec, pivotov\u00fd, 100x100 cm, chrom ALU, sklo \u010cir\u00e9, dve\u0159e L\/P a pevn\u00fd d\u00edl CK13933Z -<\/title>\n<meta name=\"robots\" content=\"index, follow, max-snippet:-1, max-image-preview:large, max-video-preview:-1\" \/>\n<link rel=\"canonical\" href=\"https:\/\/www.technodompro.com\/index.php\/produkt\/znackovy-mereo-sprchovy-kout-novea-ctverec-pivotovy-100x100-cm-chrom-alu-sklo-cire-dvere-l-p-a-pevny-dil-ck13933z-50498\/\" \/>\n<meta property=\"og:locale\" content=\"cs_CZ\" \/>\n<meta property=\"og:type\" content=\"article\" \/>\n<meta property=\"og:title\" content=\"Zna\u010dkov\u00fd Mereo Sprchov\u00fd kout, Novea, \u010dtverec, pivotov\u00fd, 100x100 cm, chrom ALU, sklo \u010cir\u00e9, dve\u0159e L\/P a pevn\u00fd d\u00edl CK13933Z -\" \/>\n<meta property=\"og:description\" content=\"Dopl\u0148kov\u00e9 parametry Kategorie: Sprchov\u00e9 kouty a boxy Hmotnost: 75.26 kg EAN: 8592480130527 Barva: Chrom D\u00e9lka: 2000 mm Hloubka: 1000 mm Hmotnost: 75.26 kg Konstrukce: Dve\u0159e \/ Pevn\u00fd d\u00edl Materi\u00e1l: Hlin\u00edkov\u00e9 profily Ochrann\u00e1 vrstva skla: EASY CLEAN Panty: Hranat\u00e9 S\u00e9rie: Novea Stavitelnost na st\u0159ed profilu: 962-975 x962-975 \u0160\u00ed\u0159ka: 1000 mm Tlou\u0161\u0165ka skla: 8\/6 mm Tvar: \u010ctverec [&hellip;]\" \/>\n<meta property=\"og:url\" content=\"https:\/\/www.technodompro.com\/index.php\/produkt\/znackovy-mereo-sprchovy-kout-novea-ctverec-pivotovy-100x100-cm-chrom-alu-sklo-cire-dvere-l-p-a-pevny-dil-ck13933z-50498\/\" \/>\n<meta property=\"og:image\" content=\"https:\/\/www.technodompro.com\/wp-content\/uploads\/2026\/SK0012554-CZ20260425-093136-0-1777080698-3927_56739482dcdfc4-novea-ctverec-pivotove-dpd-jpg-2024-09-.webp\" \/>\n\t<meta property=\"og:image:width\" content=\"1000\" \/>\n\t<meta property=\"og:image:height\" content=\"750\" \/>\n\t<meta property=\"og:image:type\" content=\"image\/webp\" \/>\n<meta name=\"twitter:card\" content=\"summary_large_image\" \/>\n<script type=\"application\/ld+json\" class=\"yoast-schema-graph\">{\"@context\":\"https:\/\/schema.org\",\"@graph\":[{\"@type\":\"WebPage\",\"@id\":\"https:\/\/www.technodompro.com\/index.php\/produkt\/znackovy-mereo-sprchovy-kout-novea-ctverec-pivotovy-100x100-cm-chrom-alu-sklo-cire-dvere-l-p-a-pevny-dil-ck13933z-50498\/\",\"url\":\"https:\/\/www.technodompro.com\/index.php\/produkt\/znackovy-mereo-sprchovy-kout-novea-ctverec-pivotovy-100x100-cm-chrom-alu-sklo-cire-dvere-l-p-a-pevny-dil-ck13933z-50498\/\",\"name\":\"Zna\u010dkov\u00fd Mereo Sprchov\u00fd kout, Novea, \u010dtverec, pivotov\u00fd, 100x100 cm, chrom ALU, sklo \u010cir\u00e9, dve\u0159e L\/P a pevn\u00fd d\u00edl CK13933Z -\",\"isPartOf\":{\"@id\":\"https:\/\/www.technodompro.com\/#website\"},\"primaryImageOfPage\":{\"@id\":\"https:\/\/www.technodompro.com\/index.php\/produkt\/znackovy-mereo-sprchovy-kout-novea-ctverec-pivotovy-100x100-cm-chrom-alu-sklo-cire-dvere-l-p-a-pevny-dil-ck13933z-50498\/#primaryimage\"},\"image\":{\"@id\":\"https:\/\/www.technodompro.com\/index.php\/produkt\/znackovy-mereo-sprchovy-kout-novea-ctverec-pivotovy-100x100-cm-chrom-alu-sklo-cire-dvere-l-p-a-pevny-dil-ck13933z-50498\/#primaryimage\"},\"thumbnailUrl\":\"https:\/\/www.technodompro.com\/wp-content\/uploads\/2026\/SK0012554-CZ20260425-093136-0-1777080698-3927_56739482dcdfc4-novea-ctverec-pivotove-dpd-jpg-2024-09-.webp\",\"datePublished\":\"2026-04-27T04:42:46+00:00\",\"breadcrumb\":{\"@id\":\"https:\/\/www.technodompro.com\/index.php\/produkt\/znackovy-mereo-sprchovy-kout-novea-ctverec-pivotovy-100x100-cm-chrom-alu-sklo-cire-dvere-l-p-a-pevny-dil-ck13933z-50498\/#breadcrumb\"},\"inLanguage\":\"cs\",\"potentialAction\":[{\"@type\":\"ReadAction\",\"target\":[\"https:\/\/www.technodompro.com\/index.php\/produkt\/znackovy-mereo-sprchovy-kout-novea-ctverec-pivotovy-100x100-cm-chrom-alu-sklo-cire-dvere-l-p-a-pevny-dil-ck13933z-50498\/\"]}]},{\"@type\":\"ImageObject\",\"inLanguage\":\"cs\",\"@id\":\"https:\/\/www.technodompro.com\/index.php\/produkt\/znackovy-mereo-sprchovy-kout-novea-ctverec-pivotovy-100x100-cm-chrom-alu-sklo-cire-dvere-l-p-a-pevny-dil-ck13933z-50498\/#primaryimage\",\"url\":\"https:\/\/www.technodompro.com\/wp-content\/uploads\/2026\/SK0012554-CZ20260425-093136-0-1777080698-3927_56739482dcdfc4-novea-ctverec-pivotove-dpd-jpg-2024-09-.webp\",\"contentUrl\":\"https:\/\/www.technodompro.com\/wp-content\/uploads\/2026\/SK0012554-CZ20260425-093136-0-1777080698-3927_56739482dcdfc4-novea-ctverec-pivotove-dpd-jpg-2024-09-.webp\",\"width\":1000,\"height\":750},{\"@type\":\"BreadcrumbList\",\"@id\":\"https:\/\/www.technodompro.com\/index.php\/produkt\/znackovy-mereo-sprchovy-kout-novea-ctverec-pivotovy-100x100-cm-chrom-alu-sklo-cire-dvere-l-p-a-pevny-dil-ck13933z-50498\/#breadcrumb\",\"itemListElement\":[{\"@type\":\"ListItem\",\"position\":1,\"name\":\"Home\",\"item\":\"https:\/\/www.technodompro.com\/\"},{\"@type\":\"ListItem\",\"position\":2,\"name\":\"Products\",\"item\":\"https:\/\/www.technodompro.com\/index.php\/products\/\"},{\"@type\":\"ListItem\",\"position\":3,\"name\":\"Zna\u010dkov\u00fd Mereo Sprchov\u00fd kout, Novea, \u010dtverec, pivotov\u00fd, 100&#215;100 cm, chrom ALU, sklo \u010cir\u00e9, dve\u0159e L\/P a pevn\u00fd d\u00edl CK13933Z\"}]},{\"@type\":\"WebSite\",\"@id\":\"https:\/\/www.technodompro.com\/#website\",\"url\":\"https:\/\/www.technodompro.com\/\",\"name\":\"\",\"description\":\"\",\"potentialAction\":[{\"@type\":\"SearchAction\",\"target\":{\"@type\":\"EntryPoint\",\"urlTemplate\":\"https:\/\/www.technodompro.com\/?s={search_term_string}\"},\"query-input\":{\"@type\":\"PropertyValueSpecification\",\"valueRequired\":true,\"valueName\":\"search_term_string\"}}],\"inLanguage\":\"cs\"}]}<\/script>\n<!-- \/ Yoast SEO plugin. -->","yoast_head_json":{"title":"Zna\u010dkov\u00fd Mereo Sprchov\u00fd kout, Novea, \u010dtverec, pivotov\u00fd, 100x100 cm, chrom ALU, sklo \u010cir\u00e9, dve\u0159e L\/P a pevn\u00fd d\u00edl CK13933Z -","robots":{"index":"index","follow":"follow","max-snippet":"max-snippet:-1","max-image-preview":"max-image-preview:large","max-video-preview":"max-video-preview:-1"},"canonical":"https:\/\/www.technodompro.com\/index.php\/produkt\/znackovy-mereo-sprchovy-kout-novea-ctverec-pivotovy-100x100-cm-chrom-alu-sklo-cire-dvere-l-p-a-pevny-dil-ck13933z-50498\/","og_locale":"cs_CZ","og_type":"article","og_title":"Zna\u010dkov\u00fd Mereo Sprchov\u00fd kout, Novea, \u010dtverec, pivotov\u00fd, 100x100 cm, chrom ALU, sklo \u010cir\u00e9, dve\u0159e L\/P a pevn\u00fd d\u00edl CK13933Z -","og_description":"Dopl\u0148kov\u00e9 parametry Kategorie: Sprchov\u00e9 kouty a boxy Hmotnost: 75.26 kg EAN: 8592480130527 Barva: Chrom D\u00e9lka: 2000 mm Hloubka: 1000 mm Hmotnost: 75.26 kg Konstrukce: Dve\u0159e \/ Pevn\u00fd d\u00edl Materi\u00e1l: Hlin\u00edkov\u00e9 profily Ochrann\u00e1 vrstva skla: EASY CLEAN Panty: Hranat\u00e9 S\u00e9rie: Novea Stavitelnost na st\u0159ed profilu: 962-975 x962-975 \u0160\u00ed\u0159ka: 1000 mm Tlou\u0161\u0165ka skla: 8\/6 mm Tvar: \u010ctverec [&hellip;]","og_url":"https:\/\/www.technodompro.com\/index.php\/produkt\/znackovy-mereo-sprchovy-kout-novea-ctverec-pivotovy-100x100-cm-chrom-alu-sklo-cire-dvere-l-p-a-pevny-dil-ck13933z-50498\/","og_image":[{"width":1000,"height":750,"url":"https:\/\/www.technodompro.com\/wp-content\/uploads\/2026\/SK0012554-CZ20260425-093136-0-1777080698-3927_56739482dcdfc4-novea-ctverec-pivotove-dpd-jpg-2024-09-.webp","type":"image\/webp"}],"twitter_card":"summary_large_image","schema":{"@context":"https:\/\/schema.org","@graph":[{"@type":"WebPage","@id":"https:\/\/www.technodompro.com\/index.php\/produkt\/znackovy-mereo-sprchovy-kout-novea-ctverec-pivotovy-100x100-cm-chrom-alu-sklo-cire-dvere-l-p-a-pevny-dil-ck13933z-50498\/","url":"https:\/\/www.technodompro.com\/index.php\/produkt\/znackovy-mereo-sprchovy-kout-novea-ctverec-pivotovy-100x100-cm-chrom-alu-sklo-cire-dvere-l-p-a-pevny-dil-ck13933z-50498\/","name":"Zna\u010dkov\u00fd Mereo Sprchov\u00fd kout, Novea, \u010dtverec, pivotov\u00fd, 100x100 cm, chrom ALU, sklo \u010cir\u00e9, dve\u0159e L\/P a pevn\u00fd d\u00edl CK13933Z -","isPartOf":{"@id":"https:\/\/www.technodompro.com\/#website"},"primaryImageOfPage":{"@id":"https:\/\/www.technodompro.com\/index.php\/produkt\/znackovy-mereo-sprchovy-kout-novea-ctverec-pivotovy-100x100-cm-chrom-alu-sklo-cire-dvere-l-p-a-pevny-dil-ck13933z-50498\/#primaryimage"},"image":{"@id":"https:\/\/www.technodompro.com\/index.php\/produkt\/znackovy-mereo-sprchovy-kout-novea-ctverec-pivotovy-100x100-cm-chrom-alu-sklo-cire-dvere-l-p-a-pevny-dil-ck13933z-50498\/#primaryimage"},"thumbnailUrl":"https:\/\/www.technodompro.com\/wp-content\/uploads\/2026\/SK0012554-CZ20260425-093136-0-1777080698-3927_56739482dcdfc4-novea-ctverec-pivotove-dpd-jpg-2024-09-.webp","datePublished":"2026-04-27T04:42:46+00:00","breadcrumb":{"@id":"https:\/\/www.technodompro.com\/index.php\/produkt\/znackovy-mereo-sprchovy-kout-novea-ctverec-pivotovy-100x100-cm-chrom-alu-sklo-cire-dvere-l-p-a-pevny-dil-ck13933z-50498\/#breadcrumb"},"inLanguage":"cs","potentialAction":[{"@type":"ReadAction","target":["https:\/\/www.technodompro.com\/index.php\/produkt\/znackovy-mereo-sprchovy-kout-novea-ctverec-pivotovy-100x100-cm-chrom-alu-sklo-cire-dvere-l-p-a-pevny-dil-ck13933z-50498\/"]}]},{"@type":"ImageObject","inLanguage":"cs","@id":"https:\/\/www.technodompro.com\/index.php\/produkt\/znackovy-mereo-sprchovy-kout-novea-ctverec-pivotovy-100x100-cm-chrom-alu-sklo-cire-dvere-l-p-a-pevny-dil-ck13933z-50498\/#primaryimage","url":"https:\/\/www.technodompro.com\/wp-content\/uploads\/2026\/SK0012554-CZ20260425-093136-0-1777080698-3927_56739482dcdfc4-novea-ctverec-pivotove-dpd-jpg-2024-09-.webp","contentUrl":"https:\/\/www.technodompro.com\/wp-content\/uploads\/2026\/SK0012554-CZ20260425-093136-0-1777080698-3927_56739482dcdfc4-novea-ctverec-pivotove-dpd-jpg-2024-09-.webp","width":1000,"height":750},{"@type":"BreadcrumbList","@id":"https:\/\/www.technodompro.com\/index.php\/produkt\/znackovy-mereo-sprchovy-kout-novea-ctverec-pivotovy-100x100-cm-chrom-alu-sklo-cire-dvere-l-p-a-pevny-dil-ck13933z-50498\/#breadcrumb","itemListElement":[{"@type":"ListItem","position":1,"name":"Home","item":"https:\/\/www.technodompro.com\/"},{"@type":"ListItem","position":2,"name":"Products","item":"https:\/\/www.technodompro.com\/index.php\/products\/"},{"@type":"ListItem","position":3,"name":"Zna\u010dkov\u00fd Mereo Sprchov\u00fd kout, Novea, \u010dtverec, pivotov\u00fd, 100&#215;100 cm, chrom ALU, sklo \u010cir\u00e9, dve\u0159e L\/P a pevn\u00fd d\u00edl CK13933Z"}]},{"@type":"WebSite","@id":"https:\/\/www.technodompro.com\/#website","url":"https:\/\/www.technodompro.com\/","name":"","description":"","potentialAction":[{"@type":"SearchAction","target":{"@type":"EntryPoint","urlTemplate":"https:\/\/www.technodompro.com\/?s={search_term_string}"},"query-input":{"@type":"PropertyValueSpecification","valueRequired":true,"valueName":"search_term_string"}}],"inLanguage":"cs"}]}},"_links":{"self":[{"href":"https:\/\/www.technodompro.com\/index.php\/wp-json\/wp\/v2\/product\/50498","targetHints":{"allow":["GET"]}}],"collection":[{"href":"https:\/\/www.technodompro.com\/index.php\/wp-json\/wp\/v2\/product"}],"about":[{"href":"https:\/\/www.technodompro.com\/index.php\/wp-json\/wp\/v2\/types\/product"}],"replies":[{"embeddable":true,"href":"https:\/\/www.technodompro.com\/index.php\/wp-json\/wp\/v2\/comments?post=50498"}],"wp:featuredmedia":[{"embeddable":true,"href":"https:\/\/www.technodompro.com\/index.php\/wp-json\/wp\/v2\/media\/50598"}],"wp:attachment":[{"href":"https:\/\/www.technodompro.com\/index.php\/wp-json\/wp\/v2\/media?parent=50498"}],"wp:term":[{"taxonomy":"product_brand","embeddable":true,"href":"https:\/\/www.technodompro.com\/index.php\/wp-json\/wp\/v2\/product_brand?post=50498"},{"taxonomy":"product_cat","embeddable":true,"href":"https:\/\/www.technodompro.com\/index.php\/wp-json\/wp\/v2\/product_cat?post=50498"},{"taxonomy":"product_tag","embeddable":true,"href":"https:\/\/www.technodompro.com\/index.php\/wp-json\/wp\/v2\/product_tag?post=50498"}],"curies":[{"name":"wp","href":"https:\/\/api.w.org\/{rel}","templated":true}]}}