{"id":5111,"date":"2026-04-27T04:40:41","date_gmt":"2026-04-27T04:40:41","guid":{"rendered":""},"modified":"2026-04-27T04:40:41","modified_gmt":"2026-04-27T04:40:41","slug":"activa-designovy-grilovaci-nuz-nova-kolekce-5111","status":"publish","type":"product","link":"https:\/\/www.technodompro.com\/index.php\/produkt\/activa-designovy-grilovaci-nuz-nova-kolekce-5111\/","title":{"rendered":"Activa designov\u00fd grilovac\u00ed n\u016f\u017e Nov\u00e1 Kolekce"},"content":{"rendered":"<div class=\"detail-description__right\">\t\t\t\t<\/div>\n<div class=\"detail-description__top\">\t\t\t\t<\/div>\n<div class=\"detail-description__left\">\n<div class=\"detail-description__left__overflow\">\n<div class=\"detail-description__left__head\">\t\t\t\t\t\tPopis:\t\t\t\t\t<\/div>\n<div class=\"ul-style ul-style--check\">\n<p><strong>Grilovac\u00ed nerezov\u00fd n\u016f\u017e ACTIVA <\/strong><\/p>\n<p>Designov\u00fd n\u016f\u017e pro grilov\u00e1n\u00ed. Tento kousek od n\u011bmeck\u00e9 firmy Activa bynem\u011bl chyb\u011bt ve v\u00fdbav\u011b \u017e\u00e1dn\u00e9ho z\u00a0grilovac\u00edch fajn\u0161mekr\u016f. Velk\u00fd n\u016f\u017eActiva z\u00a0nerezov\u00e9 oceli o\u00a0d\u00e9lce 42\u00a0cm.<\/p>\n<p><strong>Rozm\u011bry:<\/strong><\/p>\n<ul class=\"plusminus\">\n<li><i class=\"fas fa-check\"><\/i><span><strong>d\u00e9lka : <\/strong>42\u00a0cm<\/span><\/li>\n<\/ul>\n<\/div>\n<div class=\"extra-links\">\t\t<strong>Dal\u0161\u00ed kategorie<\/strong>\t\t<\/p>\n<ul>\n<li>Garland<\/li>\n<\/ul><\/div>\n<div class=\"detail-description__left__more\">\t\t\t\t\t\t<span> <\/span><span> <\/span>\t\t\t\t\t<\/div>\n<\/p><\/div>\n<\/p><\/div>\n<div class=\"detail-description__more\"><span> <\/span><span> <\/span><\/div>\n<\/p><\/div>\n<\/p><\/div>\n","protected":false},"excerpt":{"rendered":"<p>Popis: Grilovac\u00ed nerezov\u00fd n\u016f\u017e ACTIVA Designov\u00fd n\u016f\u017e pro grilov\u00e1n\u00ed. Tento kousek od n\u011bmeck\u00e9 firmy Activa bynem\u011bl chyb\u011bt ve v\u00fdbav\u011b \u017e\u00e1dn\u00e9ho z\u00a0grilovac\u00edch fajn\u0161mekr\u016f. Velk\u00fd n\u016f\u017eActiva z\u00a0nerezov\u00e9 oceli o\u00a0d\u00e9lce 42\u00a0cm. Rozm\u011bry: d\u00e9lka : 42\u00a0cm Dal\u0161\u00ed kategorie Garland<\/p>\n","protected":false},"featured_media":5211,"comment_status":"open","ping_status":"open","template":"","meta":[],"product_brand":[],"product_cat":[36],"product_tag":[],"class_list":{"0":"post-5111","1":"product","2":"type-product","3":"status-publish","4":"has-post-thumbnail","6":"product_cat-zahrada","8":"first","9":"instock","10":"sale","11":"shipping-taxable","12":"purchasable","13":"product-type-simple"},"yoast_head":"<!-- This site is optimized with the Yoast SEO plugin v26.8 - https:\/\/yoast.com\/product\/yoast-seo-wordpress\/ -->\n<title>Activa designov\u00fd grilovac\u00ed n\u016f\u017e Nov\u00e1 Kolekce -<\/title>\n<meta name=\"robots\" content=\"index, follow, max-snippet:-1, max-image-preview:large, max-video-preview:-1\" \/>\n<link rel=\"canonical\" href=\"https:\/\/www.technodompro.com\/index.php\/produkt\/activa-designovy-grilovaci-nuz-nova-kolekce-5111\/\" \/>\n<meta property=\"og:locale\" content=\"cs_CZ\" \/>\n<meta property=\"og:type\" content=\"article\" \/>\n<meta property=\"og:title\" content=\"Activa designov\u00fd grilovac\u00ed n\u016f\u017e Nov\u00e1 Kolekce -\" \/>\n<meta property=\"og:description\" content=\"Popis: Grilovac\u00ed nerezov\u00fd n\u016f\u017e ACTIVA Designov\u00fd n\u016f\u017e pro grilov\u00e1n\u00ed. Tento kousek od n\u011bmeck\u00e9 firmy Activa bynem\u011bl chyb\u011bt ve v\u00fdbav\u011b \u017e\u00e1dn\u00e9ho z\u00a0grilovac\u00edch fajn\u0161mekr\u016f. Velk\u00fd n\u016f\u017eActiva z\u00a0nerezov\u00e9 oceli o\u00a0d\u00e9lce 42\u00a0cm. Rozm\u011bry: d\u00e9lka : 42\u00a0cm Dal\u0161\u00ed kategorie Garland\" \/>\n<meta property=\"og:url\" content=\"https:\/\/www.technodompro.com\/index.php\/produkt\/activa-designovy-grilovaci-nuz-nova-kolekce-5111\/\" \/>\n<meta property=\"og:image\" content=\"https:\/\/www.technodompro.com\/wp-content\/uploads\/2026\/SK0018294-CZ20260425-091936-0-1777079982-activa-designovy-grilovaci-nuz-w1200-h628-f8-c74604f1a6e1c0.webp\" \/>\n\t<meta property=\"og:image:width\" content=\"1000\" \/>\n\t<meta property=\"og:image:height\" content=\"523\" \/>\n\t<meta property=\"og:image:type\" content=\"image\/webp\" \/>\n<meta name=\"twitter:card\" content=\"summary_large_image\" \/>\n<script type=\"application\/ld+json\" class=\"yoast-schema-graph\">{\"@context\":\"https:\/\/schema.org\",\"@graph\":[{\"@type\":\"WebPage\",\"@id\":\"https:\/\/www.technodompro.com\/index.php\/produkt\/activa-designovy-grilovaci-nuz-nova-kolekce-5111\/\",\"url\":\"https:\/\/www.technodompro.com\/index.php\/produkt\/activa-designovy-grilovaci-nuz-nova-kolekce-5111\/\",\"name\":\"Activa designov\u00fd grilovac\u00ed n\u016f\u017e Nov\u00e1 Kolekce -\",\"isPartOf\":{\"@id\":\"https:\/\/www.technodompro.com\/#website\"},\"primaryImageOfPage\":{\"@id\":\"https:\/\/www.technodompro.com\/index.php\/produkt\/activa-designovy-grilovaci-nuz-nova-kolekce-5111\/#primaryimage\"},\"image\":{\"@id\":\"https:\/\/www.technodompro.com\/index.php\/produkt\/activa-designovy-grilovaci-nuz-nova-kolekce-5111\/#primaryimage\"},\"thumbnailUrl\":\"https:\/\/www.technodompro.com\/wp-content\/uploads\/2026\/SK0018294-CZ20260425-091936-0-1777079982-activa-designovy-grilovaci-nuz-w1200-h628-f8-c74604f1a6e1c0.webp\",\"datePublished\":\"2026-04-27T04:40:41+00:00\",\"breadcrumb\":{\"@id\":\"https:\/\/www.technodompro.com\/index.php\/produkt\/activa-designovy-grilovaci-nuz-nova-kolekce-5111\/#breadcrumb\"},\"inLanguage\":\"cs\",\"potentialAction\":[{\"@type\":\"ReadAction\",\"target\":[\"https:\/\/www.technodompro.com\/index.php\/produkt\/activa-designovy-grilovaci-nuz-nova-kolekce-5111\/\"]}]},{\"@type\":\"ImageObject\",\"inLanguage\":\"cs\",\"@id\":\"https:\/\/www.technodompro.com\/index.php\/produkt\/activa-designovy-grilovaci-nuz-nova-kolekce-5111\/#primaryimage\",\"url\":\"https:\/\/www.technodompro.com\/wp-content\/uploads\/2026\/SK0018294-CZ20260425-091936-0-1777079982-activa-designovy-grilovaci-nuz-w1200-h628-f8-c74604f1a6e1c0.webp\",\"contentUrl\":\"https:\/\/www.technodompro.com\/wp-content\/uploads\/2026\/SK0018294-CZ20260425-091936-0-1777079982-activa-designovy-grilovaci-nuz-w1200-h628-f8-c74604f1a6e1c0.webp\",\"width\":1000,\"height\":523},{\"@type\":\"BreadcrumbList\",\"@id\":\"https:\/\/www.technodompro.com\/index.php\/produkt\/activa-designovy-grilovaci-nuz-nova-kolekce-5111\/#breadcrumb\",\"itemListElement\":[{\"@type\":\"ListItem\",\"position\":1,\"name\":\"Home\",\"item\":\"https:\/\/www.technodompro.com\/\"},{\"@type\":\"ListItem\",\"position\":2,\"name\":\"Products\",\"item\":\"https:\/\/www.technodompro.com\/index.php\/products\/\"},{\"@type\":\"ListItem\",\"position\":3,\"name\":\"Activa designov\u00fd grilovac\u00ed n\u016f\u017e Nov\u00e1 Kolekce\"}]},{\"@type\":\"WebSite\",\"@id\":\"https:\/\/www.technodompro.com\/#website\",\"url\":\"https:\/\/www.technodompro.com\/\",\"name\":\"\",\"description\":\"\",\"potentialAction\":[{\"@type\":\"SearchAction\",\"target\":{\"@type\":\"EntryPoint\",\"urlTemplate\":\"https:\/\/www.technodompro.com\/?s={search_term_string}\"},\"query-input\":{\"@type\":\"PropertyValueSpecification\",\"valueRequired\":true,\"valueName\":\"search_term_string\"}}],\"inLanguage\":\"cs\"}]}<\/script>\n<!-- \/ Yoast SEO plugin. -->","yoast_head_json":{"title":"Activa designov\u00fd grilovac\u00ed n\u016f\u017e Nov\u00e1 Kolekce -","robots":{"index":"index","follow":"follow","max-snippet":"max-snippet:-1","max-image-preview":"max-image-preview:large","max-video-preview":"max-video-preview:-1"},"canonical":"https:\/\/www.technodompro.com\/index.php\/produkt\/activa-designovy-grilovaci-nuz-nova-kolekce-5111\/","og_locale":"cs_CZ","og_type":"article","og_title":"Activa designov\u00fd grilovac\u00ed n\u016f\u017e Nov\u00e1 Kolekce -","og_description":"Popis: Grilovac\u00ed nerezov\u00fd n\u016f\u017e ACTIVA Designov\u00fd n\u016f\u017e pro grilov\u00e1n\u00ed. Tento kousek od n\u011bmeck\u00e9 firmy Activa bynem\u011bl chyb\u011bt ve v\u00fdbav\u011b \u017e\u00e1dn\u00e9ho z\u00a0grilovac\u00edch fajn\u0161mekr\u016f. Velk\u00fd n\u016f\u017eActiva z\u00a0nerezov\u00e9 oceli o\u00a0d\u00e9lce 42\u00a0cm. Rozm\u011bry: d\u00e9lka : 42\u00a0cm Dal\u0161\u00ed kategorie Garland","og_url":"https:\/\/www.technodompro.com\/index.php\/produkt\/activa-designovy-grilovaci-nuz-nova-kolekce-5111\/","og_image":[{"width":1000,"height":523,"url":"https:\/\/www.technodompro.com\/wp-content\/uploads\/2026\/SK0018294-CZ20260425-091936-0-1777079982-activa-designovy-grilovaci-nuz-w1200-h628-f8-c74604f1a6e1c0.webp","type":"image\/webp"}],"twitter_card":"summary_large_image","schema":{"@context":"https:\/\/schema.org","@graph":[{"@type":"WebPage","@id":"https:\/\/www.technodompro.com\/index.php\/produkt\/activa-designovy-grilovaci-nuz-nova-kolekce-5111\/","url":"https:\/\/www.technodompro.com\/index.php\/produkt\/activa-designovy-grilovaci-nuz-nova-kolekce-5111\/","name":"Activa designov\u00fd grilovac\u00ed n\u016f\u017e Nov\u00e1 Kolekce -","isPartOf":{"@id":"https:\/\/www.technodompro.com\/#website"},"primaryImageOfPage":{"@id":"https:\/\/www.technodompro.com\/index.php\/produkt\/activa-designovy-grilovaci-nuz-nova-kolekce-5111\/#primaryimage"},"image":{"@id":"https:\/\/www.technodompro.com\/index.php\/produkt\/activa-designovy-grilovaci-nuz-nova-kolekce-5111\/#primaryimage"},"thumbnailUrl":"https:\/\/www.technodompro.com\/wp-content\/uploads\/2026\/SK0018294-CZ20260425-091936-0-1777079982-activa-designovy-grilovaci-nuz-w1200-h628-f8-c74604f1a6e1c0.webp","datePublished":"2026-04-27T04:40:41+00:00","breadcrumb":{"@id":"https:\/\/www.technodompro.com\/index.php\/produkt\/activa-designovy-grilovaci-nuz-nova-kolekce-5111\/#breadcrumb"},"inLanguage":"cs","potentialAction":[{"@type":"ReadAction","target":["https:\/\/www.technodompro.com\/index.php\/produkt\/activa-designovy-grilovaci-nuz-nova-kolekce-5111\/"]}]},{"@type":"ImageObject","inLanguage":"cs","@id":"https:\/\/www.technodompro.com\/index.php\/produkt\/activa-designovy-grilovaci-nuz-nova-kolekce-5111\/#primaryimage","url":"https:\/\/www.technodompro.com\/wp-content\/uploads\/2026\/SK0018294-CZ20260425-091936-0-1777079982-activa-designovy-grilovaci-nuz-w1200-h628-f8-c74604f1a6e1c0.webp","contentUrl":"https:\/\/www.technodompro.com\/wp-content\/uploads\/2026\/SK0018294-CZ20260425-091936-0-1777079982-activa-designovy-grilovaci-nuz-w1200-h628-f8-c74604f1a6e1c0.webp","width":1000,"height":523},{"@type":"BreadcrumbList","@id":"https:\/\/www.technodompro.com\/index.php\/produkt\/activa-designovy-grilovaci-nuz-nova-kolekce-5111\/#breadcrumb","itemListElement":[{"@type":"ListItem","position":1,"name":"Home","item":"https:\/\/www.technodompro.com\/"},{"@type":"ListItem","position":2,"name":"Products","item":"https:\/\/www.technodompro.com\/index.php\/products\/"},{"@type":"ListItem","position":3,"name":"Activa designov\u00fd grilovac\u00ed n\u016f\u017e Nov\u00e1 Kolekce"}]},{"@type":"WebSite","@id":"https:\/\/www.technodompro.com\/#website","url":"https:\/\/www.technodompro.com\/","name":"","description":"","potentialAction":[{"@type":"SearchAction","target":{"@type":"EntryPoint","urlTemplate":"https:\/\/www.technodompro.com\/?s={search_term_string}"},"query-input":{"@type":"PropertyValueSpecification","valueRequired":true,"valueName":"search_term_string"}}],"inLanguage":"cs"}]}},"_links":{"self":[{"href":"https:\/\/www.technodompro.com\/index.php\/wp-json\/wp\/v2\/product\/5111","targetHints":{"allow":["GET"]}}],"collection":[{"href":"https:\/\/www.technodompro.com\/index.php\/wp-json\/wp\/v2\/product"}],"about":[{"href":"https:\/\/www.technodompro.com\/index.php\/wp-json\/wp\/v2\/types\/product"}],"replies":[{"embeddable":true,"href":"https:\/\/www.technodompro.com\/index.php\/wp-json\/wp\/v2\/comments?post=5111"}],"wp:featuredmedia":[{"embeddable":true,"href":"https:\/\/www.technodompro.com\/index.php\/wp-json\/wp\/v2\/media\/5211"}],"wp:attachment":[{"href":"https:\/\/www.technodompro.com\/index.php\/wp-json\/wp\/v2\/media?parent=5111"}],"wp:term":[{"taxonomy":"product_brand","embeddable":true,"href":"https:\/\/www.technodompro.com\/index.php\/wp-json\/wp\/v2\/product_brand?post=5111"},{"taxonomy":"product_cat","embeddable":true,"href":"https:\/\/www.technodompro.com\/index.php\/wp-json\/wp\/v2\/product_cat?post=5111"},{"taxonomy":"product_tag","embeddable":true,"href":"https:\/\/www.technodompro.com\/index.php\/wp-json\/wp\/v2\/product_tag?post=5111"}],"curies":[{"name":"wp","href":"https:\/\/api.w.org\/{rel}","templated":true}]}}