{"id":5134,"date":"2026-04-27T04:40:41","date_gmt":"2026-04-27T04:40:41","guid":{"rendered":""},"modified":"2026-04-27T04:40:41","modified_gmt":"2026-04-27T04:40:41","slug":"activa-grilovaci-vidlicka-sezonni-sleva-5134","status":"publish","type":"product","link":"https:\/\/www.technodompro.com\/index.php\/produkt\/activa-grilovaci-vidlicka-sezonni-sleva-5134\/","title":{"rendered":"Activa grilovac\u00ed vidli\u010dka Sez\u00f3nn\u00ed Sleva"},"content":{"rendered":"<div class=\"detail-description__right\">\t\t\t\t<\/div>\n<div class=\"detail-description__top\">\t\t\t\t<\/div>\n<div class=\"detail-description__left\">\n<div class=\"detail-description__left__overflow\">\n<div class=\"detail-description__left__head\">\t\t\t\t\t\tPopis:\t\t\t\t\t<\/div>\n<div class=\"ul-style ul-style--check\">\n<p><strong>ACTIVA vidli\u010dka pro grilov\u00e1n\u00ed<\/strong><\/p>\n<p>Praktick\u00e1 vidli\u010dka z\u00a0nerezov\u00e9 oceli s\u00a0dob\u0159e padnouc\u00ed rukojet\u00edopat\u0159enou protiskluzovou vrstvou. Ocen\u00edte p\u0159i grilov\u00e1n\u00ed masa a jin\u00fdchpochutin. Vidli\u010dka je dopln\u011bna praktick\u00fdm h\u00e1\u010dkem pro zav\u011b\u0161en\u00ed.<\/p>\n<p><strong>Rozm\u011bry :<\/strong><\/p>\n<ul class=\"plusminus\">\n<li><i class=\"fas fa-check\"><\/i><span>D\u00e9lka : 42\u00a0cm<\/span><\/li>\n<\/ul>\n<\/div>\n<div class=\"extra-links\">\t\t<strong>Dal\u0161\u00ed kategorie<\/strong>\t\t<\/p>\n<ul>\n<li>Garland<\/li>\n<\/ul><\/div>\n<div class=\"detail-description__left__more\">\t\t\t\t\t\t<span> <\/span><span> <\/span>\t\t\t\t\t<\/div>\n<\/p><\/div>\n<\/p><\/div>\n<div class=\"detail-description__more\"><span> <\/span><span> <\/span><\/div>\n<\/p><\/div>\n<\/p><\/div>\n","protected":false},"excerpt":{"rendered":"<p>Popis: ACTIVA vidli\u010dka pro grilov\u00e1n\u00ed Praktick\u00e1 vidli\u010dka z\u00a0nerezov\u00e9 oceli s\u00a0dob\u0159e padnouc\u00ed rukojet\u00edopat\u0159enou protiskluzovou vrstvou. Ocen\u00edte p\u0159i grilov\u00e1n\u00ed masa a jin\u00fdchpochutin. Vidli\u010dka je dopln\u011bna praktick\u00fdm h\u00e1\u010dkem pro zav\u011b\u0161en\u00ed. Rozm\u011bry : D\u00e9lka : 42\u00a0cm Dal\u0161\u00ed kategorie Garland<\/p>\n","protected":false},"featured_media":5234,"comment_status":"open","ping_status":"open","template":"","meta":[],"product_brand":[],"product_cat":[36],"product_tag":[],"class_list":{"0":"post-5134","1":"product","2":"type-product","3":"status-publish","4":"has-post-thumbnail","6":"product_cat-zahrada","8":"first","9":"instock","10":"sale","11":"shipping-taxable","12":"purchasable","13":"product-type-simple"},"yoast_head":"<!-- This site is optimized with the Yoast SEO plugin v26.8 - https:\/\/yoast.com\/product\/yoast-seo-wordpress\/ -->\n<title>Activa grilovac\u00ed vidli\u010dka Sez\u00f3nn\u00ed Sleva -<\/title>\n<meta name=\"robots\" content=\"index, follow, max-snippet:-1, max-image-preview:large, max-video-preview:-1\" \/>\n<link rel=\"canonical\" href=\"https:\/\/www.technodompro.com\/index.php\/produkt\/activa-grilovaci-vidlicka-sezonni-sleva-5134\/\" \/>\n<meta property=\"og:locale\" content=\"cs_CZ\" \/>\n<meta property=\"og:type\" content=\"article\" \/>\n<meta property=\"og:title\" content=\"Activa grilovac\u00ed vidli\u010dka Sez\u00f3nn\u00ed Sleva -\" \/>\n<meta property=\"og:description\" content=\"Popis: ACTIVA vidli\u010dka pro grilov\u00e1n\u00ed Praktick\u00e1 vidli\u010dka z\u00a0nerezov\u00e9 oceli s\u00a0dob\u0159e padnouc\u00ed rukojet\u00edopat\u0159enou protiskluzovou vrstvou. Ocen\u00edte p\u0159i grilov\u00e1n\u00ed masa a jin\u00fdchpochutin. Vidli\u010dka je dopln\u011bna praktick\u00fdm h\u00e1\u010dkem pro zav\u011b\u0161en\u00ed. Rozm\u011bry : D\u00e9lka : 42\u00a0cm Dal\u0161\u00ed kategorie Garland\" \/>\n<meta property=\"og:url\" content=\"https:\/\/www.technodompro.com\/index.php\/produkt\/activa-grilovaci-vidlicka-sezonni-sleva-5134\/\" \/>\n<meta property=\"og:image\" content=\"https:\/\/www.technodompro.com\/wp-content\/uploads\/2026\/SK0018317-CZ20260425-091936-0-1777079982-activa-grilovaci-vidlicka-w1200-h628-f8-a8a6e783f9990c1afd5.webp\" \/>\n\t<meta property=\"og:image:width\" content=\"1000\" \/>\n\t<meta property=\"og:image:height\" content=\"523\" \/>\n\t<meta property=\"og:image:type\" content=\"image\/webp\" \/>\n<meta name=\"twitter:card\" content=\"summary_large_image\" \/>\n<script type=\"application\/ld+json\" class=\"yoast-schema-graph\">{\"@context\":\"https:\/\/schema.org\",\"@graph\":[{\"@type\":\"WebPage\",\"@id\":\"https:\/\/www.technodompro.com\/index.php\/produkt\/activa-grilovaci-vidlicka-sezonni-sleva-5134\/\",\"url\":\"https:\/\/www.technodompro.com\/index.php\/produkt\/activa-grilovaci-vidlicka-sezonni-sleva-5134\/\",\"name\":\"Activa grilovac\u00ed vidli\u010dka Sez\u00f3nn\u00ed Sleva -\",\"isPartOf\":{\"@id\":\"https:\/\/www.technodompro.com\/#website\"},\"primaryImageOfPage\":{\"@id\":\"https:\/\/www.technodompro.com\/index.php\/produkt\/activa-grilovaci-vidlicka-sezonni-sleva-5134\/#primaryimage\"},\"image\":{\"@id\":\"https:\/\/www.technodompro.com\/index.php\/produkt\/activa-grilovaci-vidlicka-sezonni-sleva-5134\/#primaryimage\"},\"thumbnailUrl\":\"https:\/\/www.technodompro.com\/wp-content\/uploads\/2026\/SK0018317-CZ20260425-091936-0-1777079982-activa-grilovaci-vidlicka-w1200-h628-f8-a8a6e783f9990c1afd5.webp\",\"datePublished\":\"2026-04-27T04:40:41+00:00\",\"breadcrumb\":{\"@id\":\"https:\/\/www.technodompro.com\/index.php\/produkt\/activa-grilovaci-vidlicka-sezonni-sleva-5134\/#breadcrumb\"},\"inLanguage\":\"cs\",\"potentialAction\":[{\"@type\":\"ReadAction\",\"target\":[\"https:\/\/www.technodompro.com\/index.php\/produkt\/activa-grilovaci-vidlicka-sezonni-sleva-5134\/\"]}]},{\"@type\":\"ImageObject\",\"inLanguage\":\"cs\",\"@id\":\"https:\/\/www.technodompro.com\/index.php\/produkt\/activa-grilovaci-vidlicka-sezonni-sleva-5134\/#primaryimage\",\"url\":\"https:\/\/www.technodompro.com\/wp-content\/uploads\/2026\/SK0018317-CZ20260425-091936-0-1777079982-activa-grilovaci-vidlicka-w1200-h628-f8-a8a6e783f9990c1afd5.webp\",\"contentUrl\":\"https:\/\/www.technodompro.com\/wp-content\/uploads\/2026\/SK0018317-CZ20260425-091936-0-1777079982-activa-grilovaci-vidlicka-w1200-h628-f8-a8a6e783f9990c1afd5.webp\",\"width\":1000,\"height\":523},{\"@type\":\"BreadcrumbList\",\"@id\":\"https:\/\/www.technodompro.com\/index.php\/produkt\/activa-grilovaci-vidlicka-sezonni-sleva-5134\/#breadcrumb\",\"itemListElement\":[{\"@type\":\"ListItem\",\"position\":1,\"name\":\"Home\",\"item\":\"https:\/\/www.technodompro.com\/\"},{\"@type\":\"ListItem\",\"position\":2,\"name\":\"Products\",\"item\":\"https:\/\/www.technodompro.com\/index.php\/products\/\"},{\"@type\":\"ListItem\",\"position\":3,\"name\":\"Activa grilovac\u00ed vidli\u010dka Sez\u00f3nn\u00ed Sleva\"}]},{\"@type\":\"WebSite\",\"@id\":\"https:\/\/www.technodompro.com\/#website\",\"url\":\"https:\/\/www.technodompro.com\/\",\"name\":\"\",\"description\":\"\",\"potentialAction\":[{\"@type\":\"SearchAction\",\"target\":{\"@type\":\"EntryPoint\",\"urlTemplate\":\"https:\/\/www.technodompro.com\/?s={search_term_string}\"},\"query-input\":{\"@type\":\"PropertyValueSpecification\",\"valueRequired\":true,\"valueName\":\"search_term_string\"}}],\"inLanguage\":\"cs\"}]}<\/script>\n<!-- \/ Yoast SEO plugin. -->","yoast_head_json":{"title":"Activa grilovac\u00ed vidli\u010dka Sez\u00f3nn\u00ed Sleva -","robots":{"index":"index","follow":"follow","max-snippet":"max-snippet:-1","max-image-preview":"max-image-preview:large","max-video-preview":"max-video-preview:-1"},"canonical":"https:\/\/www.technodompro.com\/index.php\/produkt\/activa-grilovaci-vidlicka-sezonni-sleva-5134\/","og_locale":"cs_CZ","og_type":"article","og_title":"Activa grilovac\u00ed vidli\u010dka Sez\u00f3nn\u00ed Sleva -","og_description":"Popis: ACTIVA vidli\u010dka pro grilov\u00e1n\u00ed Praktick\u00e1 vidli\u010dka z\u00a0nerezov\u00e9 oceli s\u00a0dob\u0159e padnouc\u00ed rukojet\u00edopat\u0159enou protiskluzovou vrstvou. Ocen\u00edte p\u0159i grilov\u00e1n\u00ed masa a jin\u00fdchpochutin. Vidli\u010dka je dopln\u011bna praktick\u00fdm h\u00e1\u010dkem pro zav\u011b\u0161en\u00ed. Rozm\u011bry : D\u00e9lka : 42\u00a0cm Dal\u0161\u00ed kategorie Garland","og_url":"https:\/\/www.technodompro.com\/index.php\/produkt\/activa-grilovaci-vidlicka-sezonni-sleva-5134\/","og_image":[{"width":1000,"height":523,"url":"https:\/\/www.technodompro.com\/wp-content\/uploads\/2026\/SK0018317-CZ20260425-091936-0-1777079982-activa-grilovaci-vidlicka-w1200-h628-f8-a8a6e783f9990c1afd5.webp","type":"image\/webp"}],"twitter_card":"summary_large_image","schema":{"@context":"https:\/\/schema.org","@graph":[{"@type":"WebPage","@id":"https:\/\/www.technodompro.com\/index.php\/produkt\/activa-grilovaci-vidlicka-sezonni-sleva-5134\/","url":"https:\/\/www.technodompro.com\/index.php\/produkt\/activa-grilovaci-vidlicka-sezonni-sleva-5134\/","name":"Activa grilovac\u00ed vidli\u010dka Sez\u00f3nn\u00ed Sleva -","isPartOf":{"@id":"https:\/\/www.technodompro.com\/#website"},"primaryImageOfPage":{"@id":"https:\/\/www.technodompro.com\/index.php\/produkt\/activa-grilovaci-vidlicka-sezonni-sleva-5134\/#primaryimage"},"image":{"@id":"https:\/\/www.technodompro.com\/index.php\/produkt\/activa-grilovaci-vidlicka-sezonni-sleva-5134\/#primaryimage"},"thumbnailUrl":"https:\/\/www.technodompro.com\/wp-content\/uploads\/2026\/SK0018317-CZ20260425-091936-0-1777079982-activa-grilovaci-vidlicka-w1200-h628-f8-a8a6e783f9990c1afd5.webp","datePublished":"2026-04-27T04:40:41+00:00","breadcrumb":{"@id":"https:\/\/www.technodompro.com\/index.php\/produkt\/activa-grilovaci-vidlicka-sezonni-sleva-5134\/#breadcrumb"},"inLanguage":"cs","potentialAction":[{"@type":"ReadAction","target":["https:\/\/www.technodompro.com\/index.php\/produkt\/activa-grilovaci-vidlicka-sezonni-sleva-5134\/"]}]},{"@type":"ImageObject","inLanguage":"cs","@id":"https:\/\/www.technodompro.com\/index.php\/produkt\/activa-grilovaci-vidlicka-sezonni-sleva-5134\/#primaryimage","url":"https:\/\/www.technodompro.com\/wp-content\/uploads\/2026\/SK0018317-CZ20260425-091936-0-1777079982-activa-grilovaci-vidlicka-w1200-h628-f8-a8a6e783f9990c1afd5.webp","contentUrl":"https:\/\/www.technodompro.com\/wp-content\/uploads\/2026\/SK0018317-CZ20260425-091936-0-1777079982-activa-grilovaci-vidlicka-w1200-h628-f8-a8a6e783f9990c1afd5.webp","width":1000,"height":523},{"@type":"BreadcrumbList","@id":"https:\/\/www.technodompro.com\/index.php\/produkt\/activa-grilovaci-vidlicka-sezonni-sleva-5134\/#breadcrumb","itemListElement":[{"@type":"ListItem","position":1,"name":"Home","item":"https:\/\/www.technodompro.com\/"},{"@type":"ListItem","position":2,"name":"Products","item":"https:\/\/www.technodompro.com\/index.php\/products\/"},{"@type":"ListItem","position":3,"name":"Activa grilovac\u00ed vidli\u010dka Sez\u00f3nn\u00ed Sleva"}]},{"@type":"WebSite","@id":"https:\/\/www.technodompro.com\/#website","url":"https:\/\/www.technodompro.com\/","name":"","description":"","potentialAction":[{"@type":"SearchAction","target":{"@type":"EntryPoint","urlTemplate":"https:\/\/www.technodompro.com\/?s={search_term_string}"},"query-input":{"@type":"PropertyValueSpecification","valueRequired":true,"valueName":"search_term_string"}}],"inLanguage":"cs"}]}},"_links":{"self":[{"href":"https:\/\/www.technodompro.com\/index.php\/wp-json\/wp\/v2\/product\/5134","targetHints":{"allow":["GET"]}}],"collection":[{"href":"https:\/\/www.technodompro.com\/index.php\/wp-json\/wp\/v2\/product"}],"about":[{"href":"https:\/\/www.technodompro.com\/index.php\/wp-json\/wp\/v2\/types\/product"}],"replies":[{"embeddable":true,"href":"https:\/\/www.technodompro.com\/index.php\/wp-json\/wp\/v2\/comments?post=5134"}],"wp:featuredmedia":[{"embeddable":true,"href":"https:\/\/www.technodompro.com\/index.php\/wp-json\/wp\/v2\/media\/5234"}],"wp:attachment":[{"href":"https:\/\/www.technodompro.com\/index.php\/wp-json\/wp\/v2\/media?parent=5134"}],"wp:term":[{"taxonomy":"product_brand","embeddable":true,"href":"https:\/\/www.technodompro.com\/index.php\/wp-json\/wp\/v2\/product_brand?post=5134"},{"taxonomy":"product_cat","embeddable":true,"href":"https:\/\/www.technodompro.com\/index.php\/wp-json\/wp\/v2\/product_cat?post=5134"},{"taxonomy":"product_tag","embeddable":true,"href":"https:\/\/www.technodompro.com\/index.php\/wp-json\/wp\/v2\/product_tag?post=5134"}],"curies":[{"name":"wp","href":"https:\/\/api.w.org\/{rel}","templated":true}]}}