{"id":51389,"date":"2026-04-27T04:42:48","date_gmt":"2026-04-27T04:42:48","guid":{"rendered":""},"modified":"2026-04-27T04:42:48","modified_gmt":"2026-04-27T04:42:48","slug":"znackovy-sapho-viso-kulate-zrcadlo-s-led-osvetlenim-o-80cm-senzor-2700-6500k-vs080s-51389","status":"publish","type":"product","link":"https:\/\/www.technodompro.com\/index.php\/produkt\/znackovy-sapho-viso-kulate-zrcadlo-s-led-osvetlenim-o-80cm-senzor-2700-6500k-vs080s-51389\/","title":{"rendered":"Zna\u010dkov\u00fd Sapho VISO kulat\u00e9 zrcadlo s LED osv\u011btlen\u00edm \u00f8 80cm, senzor, 2700-6500K VS080S"},"content":{"rendered":"<h3>Dopl\u0148kov\u00e9 parametry<\/h3>\n<table class=\"detail-parameters\">\n<tbody>\n<tr>\n<th>        <span class=\"row-header-label\">            Kategorie<span class=\"row-header-label-colon\">:<\/span>        <\/span>    <\/th>\n<td>        Kulat\u00e1 zrcadla    <\/td>\n<\/tr>\n<tr>\n<th>            <span class=\"row-header-label\">                Hmotnost<span class=\"row-header-label-colon\">:<\/span>            <\/span>        <\/th>\n<td>            9.17 kg        <\/td>\n<\/tr>\n<tr class=\"productEan\">\n<th>          <span class=\"row-header-label productEan__label\">              EAN<span class=\"row-header-label-colon\">:<\/span>          <\/span>      <\/th>\n<td>          <span class=\"productEan__value\">8590913945700<\/span>      <\/td>\n<\/tr>\n<tr>\n<th>                <span class=\"row-header-label\">                                            3D model<span class=\"row-header-label-colon\">:<\/span>                                    <\/span>            <\/th>\n<td>                                                            ANO                                                <\/td>\n<\/tr>\n<tr>\n<th>                <span class=\"row-header-label\">                                            Balen\u00ed<span class=\"row-header-label-colon\">:<\/span>                                    <\/span>            <\/th>\n<td>                                                            1 ks                                                <\/td>\n<\/tr>\n<tr>\n<th>                <span class=\"row-header-label\">                                            Barva LED<span class=\"row-header-label-colon\">:<\/span>                                    <\/span>            <\/th>\n<td>                                                            Denn\u00ed b\u00edl\u00e1 (4 000 &#8211; 5 000 K),                                                                                 Tepl\u00e1 b\u00edl\u00e1 (2 800 &#8211; 3 000 K),                                                                                 Studen\u00e1 b\u00edl\u00e1 (5 700 &#8211; 6 500 K)                                                <\/td>\n<\/tr>\n<tr>\n<th>                <span class=\"row-header-label\">                                            Barva r\u00e1mu<span class=\"row-header-label-colon\">:<\/span>                                    <\/span>            <\/th>\n<td>                                                            Bez r\u00e1mu                                                <\/td>\n<\/tr>\n<tr>\n<th>                <span class=\"row-header-label\">                                            Hmotnost<span class=\"row-header-label-colon\">:<\/span>                                    <\/span>            <\/th>\n<td>                                                            9.17 kg                                                <\/td>\n<\/tr>\n<tr>\n<th>                <span class=\"row-header-label\">                                            Kryt\u00ed<span class=\"row-header-label-colon\">:<\/span>                                    <\/span>            <\/th>\n<td>                                                            IP44                                                <\/td>\n<\/tr>\n<tr>\n<th>                <span class=\"row-header-label\">                                            Ovl\u00e1d\u00e1n\u00ed sv\u011btla<span class=\"row-header-label-colon\">:<\/span>                                    <\/span>            <\/th>\n<td>                                                            Dotykov\u00fd senzor,                                                                                 Zm\u011bna chromati\u010dnosti                                                <\/td>\n<\/tr>\n<tr>\n<th>                <span class=\"row-header-label\">                                            Pr\u016fm\u011br<span class=\"row-header-label-colon\">:<\/span>                                    <\/span>            <\/th>\n<td>                                                            800 mm                                                <\/td>\n<\/tr>\n<tr>\n<th>                <span class=\"row-header-label\">                                            P\u0159\u00edkon<span class=\"row-header-label-colon\">:<\/span>                                    <\/span>            <\/th>\n<td>                                                            30 W                                                <\/td>\n<\/tr>\n<tr>\n<th>                <span class=\"row-header-label\">                                            Rozm\u011br<span class=\"row-header-label-colon\">:<\/span>                                    <\/span>            <\/th>\n<td>                                                            80 cm                                                <\/td>\n<\/tr>\n<tr>\n<th>                <span class=\"row-header-label\">                                            S\u00e9rie<span class=\"row-header-label-colon\">:<\/span>                                    <\/span>            <\/th>\n<td>                                                            VISO                                                <\/td>\n<\/tr>\n<tr>\n<th>                <span class=\"row-header-label\">                                            Speci\u00e1ln\u00ed mo\u017enosti<span class=\"row-header-label-colon\">:<\/span>                                    <\/span>            <\/th>\n<td>                                                            Ochrana proti korozi                                                <\/td>\n<\/tr>\n<tr>\n<th>                <span class=\"row-header-label\">                                            Sv\u00edtivost<span class=\"row-header-label-colon\">:<\/span>                                    <\/span>            <\/th>\n<td>                                                            2541 lm                                                <\/td>\n<\/tr>\n<tr>\n<th>                <span class=\"row-header-label\">                                            \u0160\u00ed\u0159ka<span class=\"row-header-label-colon\">:<\/span>                                    <\/span>            <\/th>\n<td>                                                            800 mm                                                <\/td>\n<\/tr>\n<tr>\n<th>                <span class=\"row-header-label\">                                            Tvar<span class=\"row-header-label-colon\">:<\/span>                                    <\/span>            <\/th>\n<td>                                                            Kruh                                                <\/td>\n<\/tr>\n<tr>\n<th>                <span class=\"row-header-label\">                                            Typ zrcadla<span class=\"row-header-label-colon\">:<\/span>                                    <\/span>            <\/th>\n<td>                                                            Zrcadla s osv\u011btlen\u00edm                                                <\/td>\n<\/tr>\n<tr>\n<th>                <span class=\"row-header-label\">                                            V\u00fd\u0161ka<span class=\"row-header-label-colon\">:<\/span>                                    <\/span>            <\/th>\n<td>                                                            800 mm                                                <\/td>\n<\/tr>\n<tr>\n<th>                <span class=\"row-header-label\">                                            Z\u00e1ru\u010dn\u00ed doba<span class=\"row-header-label-colon\">:<\/span>                                    <\/span>            <\/th>\n<td>                                                            2 roky                                                <\/td>\n<\/tr>\n<tr>\n<th>                <span class=\"row-header-label\">                                            \u017divotnost (LED)<span class=\"row-header-label-colon\">:<\/span>                                    <\/span>            <\/th>\n<td>                                                            30000 hod.                                                <\/td>\n<\/tr>\n<tr>\n<th>                <span class=\"row-header-label\">                                            Balen\u00ed &#8211; hmotnost<span class=\"row-header-label-colon\">:<\/span>                                    <\/span>            <\/th>\n<td>                                                            9.170 kg                                                <\/td>\n<\/tr>\n<tr>\n<th>                <span class=\"row-header-label\">                                            Balen\u00ed &#8211; \u0161\u00ed\u0159ka<span class=\"row-header-label-colon\">:<\/span>                                    <\/span>            <\/th>\n<td>                                                            850 mm                                                <\/td>\n<\/tr>\n<tr>\n<th>                <span class=\"row-header-label\">                                            Balen\u00ed &#8211; tlou\u0161\u0165ka<span class=\"row-header-label-colon\">:<\/span>                                    <\/span>            <\/th>\n<td>                                                            75 mm                                                <\/td>\n<\/tr>\n<tr>\n<th>                <span class=\"row-header-label\">                                            Balen\u00ed &#8211; v\u00fd\u0161ka<span class=\"row-header-label-colon\">:<\/span>                                    <\/span>            <\/th>\n<td>                                                            870 mm                                                <\/td>\n<\/tr>\n<\/tbody>\n<\/table><\/div>\n<\/p><\/div>\n<\/p><\/div>\n","protected":false},"excerpt":{"rendered":"<p>Dopl\u0148kov\u00e9 parametry Kategorie: Kulat\u00e1 zrcadla Hmotnost: 9.17 kg EAN: 8590913945700 3D model: ANO Balen\u00ed: 1 ks Barva LED: Denn\u00ed b\u00edl\u00e1 (4 000 &#8211; 5 000 K), Tepl\u00e1 b\u00edl\u00e1 (2 800 &#8211; 3 000 K), Studen\u00e1 b\u00edl\u00e1 (5 700 &#8211; 6 500 K) Barva r\u00e1mu: Bez r\u00e1mu Hmotnost: 9.17 kg Kryt\u00ed: IP44 Ovl\u00e1d\u00e1n\u00ed sv\u011btla: Dotykov\u00fd senzor, [&hellip;]<\/p>\n","protected":false},"featured_media":51489,"comment_status":"open","ping_status":"open","template":"","meta":[],"product_brand":[],"product_cat":[72],"product_tag":[],"class_list":{"0":"post-51389","1":"product","2":"type-product","3":"status-publish","4":"has-post-thumbnail","6":"product_cat-koupelny","8":"first","9":"instock","10":"sale","11":"shipping-taxable","12":"purchasable","13":"product-type-simple"},"yoast_head":"<!-- This site is optimized with the Yoast SEO plugin v26.8 - https:\/\/yoast.com\/product\/yoast-seo-wordpress\/ -->\n<title>Zna\u010dkov\u00fd Sapho VISO kulat\u00e9 zrcadlo s LED osv\u011btlen\u00edm \u00f8 80cm, senzor, 2700-6500K VS080S -<\/title>\n<meta name=\"robots\" content=\"index, follow, max-snippet:-1, max-image-preview:large, max-video-preview:-1\" \/>\n<link rel=\"canonical\" href=\"https:\/\/www.technodompro.com\/index.php\/produkt\/znackovy-sapho-viso-kulate-zrcadlo-s-led-osvetlenim-o-80cm-senzor-2700-6500k-vs080s-51389\/\" \/>\n<meta property=\"og:locale\" content=\"cs_CZ\" \/>\n<meta property=\"og:type\" content=\"article\" \/>\n<meta property=\"og:title\" content=\"Zna\u010dkov\u00fd Sapho VISO kulat\u00e9 zrcadlo s LED osv\u011btlen\u00edm \u00f8 80cm, senzor, 2700-6500K VS080S -\" \/>\n<meta property=\"og:description\" content=\"Dopl\u0148kov\u00e9 parametry Kategorie: Kulat\u00e1 zrcadla Hmotnost: 9.17 kg EAN: 8590913945700 3D model: ANO Balen\u00ed: 1 ks Barva LED: Denn\u00ed b\u00edl\u00e1 (4 000 &#8211; 5 000 K), Tepl\u00e1 b\u00edl\u00e1 (2 800 &#8211; 3 000 K), Studen\u00e1 b\u00edl\u00e1 (5 700 &#8211; 6 500 K) Barva r\u00e1mu: Bez r\u00e1mu Hmotnost: 9.17 kg Kryt\u00ed: IP44 Ovl\u00e1d\u00e1n\u00ed sv\u011btla: Dotykov\u00fd senzor, [&hellip;]\" \/>\n<meta property=\"og:url\" content=\"https:\/\/www.technodompro.com\/index.php\/produkt\/znackovy-sapho-viso-kulate-zrcadlo-s-led-osvetlenim-o-80cm-senzor-2700-6500k-vs080s-51389\/\" \/>\n<meta property=\"og:image\" content=\"https:\/\/www.technodompro.com\/wp-content\/uploads\/2026\/SK0013103-CZ20260425-093136-0-1777080698-1890-5_vs080s-230403520594398.webp\" \/>\n\t<meta property=\"og:image:width\" content=\"1000\" \/>\n\t<meta property=\"og:image:height\" content=\"750\" \/>\n\t<meta property=\"og:image:type\" content=\"image\/webp\" \/>\n<meta name=\"twitter:card\" content=\"summary_large_image\" \/>\n<meta name=\"twitter:label1\" content=\"Odhadovan\u00e1 doba \u010dten\u00ed\" \/>\n\t<meta name=\"twitter:data1\" content=\"1 minuta\" \/>\n<script type=\"application\/ld+json\" class=\"yoast-schema-graph\">{\"@context\":\"https:\/\/schema.org\",\"@graph\":[{\"@type\":\"WebPage\",\"@id\":\"https:\/\/www.technodompro.com\/index.php\/produkt\/znackovy-sapho-viso-kulate-zrcadlo-s-led-osvetlenim-o-80cm-senzor-2700-6500k-vs080s-51389\/\",\"url\":\"https:\/\/www.technodompro.com\/index.php\/produkt\/znackovy-sapho-viso-kulate-zrcadlo-s-led-osvetlenim-o-80cm-senzor-2700-6500k-vs080s-51389\/\",\"name\":\"Zna\u010dkov\u00fd Sapho VISO kulat\u00e9 zrcadlo s LED osv\u011btlen\u00edm \u00f8 80cm, senzor, 2700-6500K VS080S -\",\"isPartOf\":{\"@id\":\"https:\/\/www.technodompro.com\/#website\"},\"primaryImageOfPage\":{\"@id\":\"https:\/\/www.technodompro.com\/index.php\/produkt\/znackovy-sapho-viso-kulate-zrcadlo-s-led-osvetlenim-o-80cm-senzor-2700-6500k-vs080s-51389\/#primaryimage\"},\"image\":{\"@id\":\"https:\/\/www.technodompro.com\/index.php\/produkt\/znackovy-sapho-viso-kulate-zrcadlo-s-led-osvetlenim-o-80cm-senzor-2700-6500k-vs080s-51389\/#primaryimage\"},\"thumbnailUrl\":\"https:\/\/www.technodompro.com\/wp-content\/uploads\/2026\/SK0013103-CZ20260425-093136-0-1777080698-1890-5_vs080s-230403520594398.webp\",\"datePublished\":\"2026-04-27T04:42:48+00:00\",\"breadcrumb\":{\"@id\":\"https:\/\/www.technodompro.com\/index.php\/produkt\/znackovy-sapho-viso-kulate-zrcadlo-s-led-osvetlenim-o-80cm-senzor-2700-6500k-vs080s-51389\/#breadcrumb\"},\"inLanguage\":\"cs\",\"potentialAction\":[{\"@type\":\"ReadAction\",\"target\":[\"https:\/\/www.technodompro.com\/index.php\/produkt\/znackovy-sapho-viso-kulate-zrcadlo-s-led-osvetlenim-o-80cm-senzor-2700-6500k-vs080s-51389\/\"]}]},{\"@type\":\"ImageObject\",\"inLanguage\":\"cs\",\"@id\":\"https:\/\/www.technodompro.com\/index.php\/produkt\/znackovy-sapho-viso-kulate-zrcadlo-s-led-osvetlenim-o-80cm-senzor-2700-6500k-vs080s-51389\/#primaryimage\",\"url\":\"https:\/\/www.technodompro.com\/wp-content\/uploads\/2026\/SK0013103-CZ20260425-093136-0-1777080698-1890-5_vs080s-230403520594398.webp\",\"contentUrl\":\"https:\/\/www.technodompro.com\/wp-content\/uploads\/2026\/SK0013103-CZ20260425-093136-0-1777080698-1890-5_vs080s-230403520594398.webp\",\"width\":1000,\"height\":750},{\"@type\":\"BreadcrumbList\",\"@id\":\"https:\/\/www.technodompro.com\/index.php\/produkt\/znackovy-sapho-viso-kulate-zrcadlo-s-led-osvetlenim-o-80cm-senzor-2700-6500k-vs080s-51389\/#breadcrumb\",\"itemListElement\":[{\"@type\":\"ListItem\",\"position\":1,\"name\":\"Home\",\"item\":\"https:\/\/www.technodompro.com\/\"},{\"@type\":\"ListItem\",\"position\":2,\"name\":\"Products\",\"item\":\"https:\/\/www.technodompro.com\/index.php\/products\/\"},{\"@type\":\"ListItem\",\"position\":3,\"name\":\"Zna\u010dkov\u00fd Sapho VISO kulat\u00e9 zrcadlo s LED osv\u011btlen\u00edm \u00f8 80cm, senzor, 2700-6500K VS080S\"}]},{\"@type\":\"WebSite\",\"@id\":\"https:\/\/www.technodompro.com\/#website\",\"url\":\"https:\/\/www.technodompro.com\/\",\"name\":\"\",\"description\":\"\",\"potentialAction\":[{\"@type\":\"SearchAction\",\"target\":{\"@type\":\"EntryPoint\",\"urlTemplate\":\"https:\/\/www.technodompro.com\/?s={search_term_string}\"},\"query-input\":{\"@type\":\"PropertyValueSpecification\",\"valueRequired\":true,\"valueName\":\"search_term_string\"}}],\"inLanguage\":\"cs\"}]}<\/script>\n<!-- \/ Yoast SEO plugin. -->","yoast_head_json":{"title":"Zna\u010dkov\u00fd Sapho VISO kulat\u00e9 zrcadlo s LED osv\u011btlen\u00edm \u00f8 80cm, senzor, 2700-6500K VS080S -","robots":{"index":"index","follow":"follow","max-snippet":"max-snippet:-1","max-image-preview":"max-image-preview:large","max-video-preview":"max-video-preview:-1"},"canonical":"https:\/\/www.technodompro.com\/index.php\/produkt\/znackovy-sapho-viso-kulate-zrcadlo-s-led-osvetlenim-o-80cm-senzor-2700-6500k-vs080s-51389\/","og_locale":"cs_CZ","og_type":"article","og_title":"Zna\u010dkov\u00fd Sapho VISO kulat\u00e9 zrcadlo s LED osv\u011btlen\u00edm \u00f8 80cm, senzor, 2700-6500K VS080S -","og_description":"Dopl\u0148kov\u00e9 parametry Kategorie: Kulat\u00e1 zrcadla Hmotnost: 9.17 kg EAN: 8590913945700 3D model: ANO Balen\u00ed: 1 ks Barva LED: Denn\u00ed b\u00edl\u00e1 (4 000 &#8211; 5 000 K), Tepl\u00e1 b\u00edl\u00e1 (2 800 &#8211; 3 000 K), Studen\u00e1 b\u00edl\u00e1 (5 700 &#8211; 6 500 K) Barva r\u00e1mu: Bez r\u00e1mu Hmotnost: 9.17 kg Kryt\u00ed: IP44 Ovl\u00e1d\u00e1n\u00ed sv\u011btla: Dotykov\u00fd senzor, [&hellip;]","og_url":"https:\/\/www.technodompro.com\/index.php\/produkt\/znackovy-sapho-viso-kulate-zrcadlo-s-led-osvetlenim-o-80cm-senzor-2700-6500k-vs080s-51389\/","og_image":[{"width":1000,"height":750,"url":"https:\/\/www.technodompro.com\/wp-content\/uploads\/2026\/SK0013103-CZ20260425-093136-0-1777080698-1890-5_vs080s-230403520594398.webp","type":"image\/webp"}],"twitter_card":"summary_large_image","twitter_misc":{"Odhadovan\u00e1 doba \u010dten\u00ed":"1 minuta"},"schema":{"@context":"https:\/\/schema.org","@graph":[{"@type":"WebPage","@id":"https:\/\/www.technodompro.com\/index.php\/produkt\/znackovy-sapho-viso-kulate-zrcadlo-s-led-osvetlenim-o-80cm-senzor-2700-6500k-vs080s-51389\/","url":"https:\/\/www.technodompro.com\/index.php\/produkt\/znackovy-sapho-viso-kulate-zrcadlo-s-led-osvetlenim-o-80cm-senzor-2700-6500k-vs080s-51389\/","name":"Zna\u010dkov\u00fd Sapho VISO kulat\u00e9 zrcadlo s LED osv\u011btlen\u00edm \u00f8 80cm, senzor, 2700-6500K VS080S -","isPartOf":{"@id":"https:\/\/www.technodompro.com\/#website"},"primaryImageOfPage":{"@id":"https:\/\/www.technodompro.com\/index.php\/produkt\/znackovy-sapho-viso-kulate-zrcadlo-s-led-osvetlenim-o-80cm-senzor-2700-6500k-vs080s-51389\/#primaryimage"},"image":{"@id":"https:\/\/www.technodompro.com\/index.php\/produkt\/znackovy-sapho-viso-kulate-zrcadlo-s-led-osvetlenim-o-80cm-senzor-2700-6500k-vs080s-51389\/#primaryimage"},"thumbnailUrl":"https:\/\/www.technodompro.com\/wp-content\/uploads\/2026\/SK0013103-CZ20260425-093136-0-1777080698-1890-5_vs080s-230403520594398.webp","datePublished":"2026-04-27T04:42:48+00:00","breadcrumb":{"@id":"https:\/\/www.technodompro.com\/index.php\/produkt\/znackovy-sapho-viso-kulate-zrcadlo-s-led-osvetlenim-o-80cm-senzor-2700-6500k-vs080s-51389\/#breadcrumb"},"inLanguage":"cs","potentialAction":[{"@type":"ReadAction","target":["https:\/\/www.technodompro.com\/index.php\/produkt\/znackovy-sapho-viso-kulate-zrcadlo-s-led-osvetlenim-o-80cm-senzor-2700-6500k-vs080s-51389\/"]}]},{"@type":"ImageObject","inLanguage":"cs","@id":"https:\/\/www.technodompro.com\/index.php\/produkt\/znackovy-sapho-viso-kulate-zrcadlo-s-led-osvetlenim-o-80cm-senzor-2700-6500k-vs080s-51389\/#primaryimage","url":"https:\/\/www.technodompro.com\/wp-content\/uploads\/2026\/SK0013103-CZ20260425-093136-0-1777080698-1890-5_vs080s-230403520594398.webp","contentUrl":"https:\/\/www.technodompro.com\/wp-content\/uploads\/2026\/SK0013103-CZ20260425-093136-0-1777080698-1890-5_vs080s-230403520594398.webp","width":1000,"height":750},{"@type":"BreadcrumbList","@id":"https:\/\/www.technodompro.com\/index.php\/produkt\/znackovy-sapho-viso-kulate-zrcadlo-s-led-osvetlenim-o-80cm-senzor-2700-6500k-vs080s-51389\/#breadcrumb","itemListElement":[{"@type":"ListItem","position":1,"name":"Home","item":"https:\/\/www.technodompro.com\/"},{"@type":"ListItem","position":2,"name":"Products","item":"https:\/\/www.technodompro.com\/index.php\/products\/"},{"@type":"ListItem","position":3,"name":"Zna\u010dkov\u00fd Sapho VISO kulat\u00e9 zrcadlo s LED osv\u011btlen\u00edm \u00f8 80cm, senzor, 2700-6500K VS080S"}]},{"@type":"WebSite","@id":"https:\/\/www.technodompro.com\/#website","url":"https:\/\/www.technodompro.com\/","name":"","description":"","potentialAction":[{"@type":"SearchAction","target":{"@type":"EntryPoint","urlTemplate":"https:\/\/www.technodompro.com\/?s={search_term_string}"},"query-input":{"@type":"PropertyValueSpecification","valueRequired":true,"valueName":"search_term_string"}}],"inLanguage":"cs"}]}},"_links":{"self":[{"href":"https:\/\/www.technodompro.com\/index.php\/wp-json\/wp\/v2\/product\/51389","targetHints":{"allow":["GET"]}}],"collection":[{"href":"https:\/\/www.technodompro.com\/index.php\/wp-json\/wp\/v2\/product"}],"about":[{"href":"https:\/\/www.technodompro.com\/index.php\/wp-json\/wp\/v2\/types\/product"}],"replies":[{"embeddable":true,"href":"https:\/\/www.technodompro.com\/index.php\/wp-json\/wp\/v2\/comments?post=51389"}],"wp:featuredmedia":[{"embeddable":true,"href":"https:\/\/www.technodompro.com\/index.php\/wp-json\/wp\/v2\/media\/51489"}],"wp:attachment":[{"href":"https:\/\/www.technodompro.com\/index.php\/wp-json\/wp\/v2\/media?parent=51389"}],"wp:term":[{"taxonomy":"product_brand","embeddable":true,"href":"https:\/\/www.technodompro.com\/index.php\/wp-json\/wp\/v2\/product_brand?post=51389"},{"taxonomy":"product_cat","embeddable":true,"href":"https:\/\/www.technodompro.com\/index.php\/wp-json\/wp\/v2\/product_cat?post=51389"},{"taxonomy":"product_tag","embeddable":true,"href":"https:\/\/www.technodompro.com\/index.php\/wp-json\/wp\/v2\/product_tag?post=51389"}],"curies":[{"name":"wp","href":"https:\/\/api.w.org\/{rel}","templated":true}]}}