{"id":5187,"date":"2026-04-27T04:40:41","date_gmt":"2026-04-27T04:40:41","guid":{"rendered":""},"modified":"2026-04-27T04:40:41","modified_gmt":"2026-04-27T04:40:41","slug":"znackovy-bradas-paska-k-oploceni-19-x-35-m-hneda-5187","status":"publish","type":"product","link":"https:\/\/www.technodompro.com\/index.php\/produkt\/znackovy-bradas-paska-k-oploceni-19-x-35-m-hneda-5187\/","title":{"rendered":"Zna\u010dkov\u00fd Bradas P\u00e1ska k oplocen\u00ed  19 x 35 m &#8211; hn\u011bd\u00e1"},"content":{"rendered":"<div class=\"detail-description__right\">\t\t\t\t<\/div>\n<div class=\"detail-description__top\">\t\t\t\t<\/div>\n<div class=\"detail-description__left\">\n<div class=\"detail-description__left__overflow\">\n<div class=\"detail-description__left__head\">\t\t\t\t\t\tPopis:\t\t\t\t\t<\/div>\n<div class=\"ul-style ul-style--check\">\n<p>P\u00e1ska k\u00a0oplocen\u00ed, poskytuje soukrom\u00ed a chr\u00e1n\u00ed p\u0159ed v\u011btrem a hlukem.Pro balkony a oplocen\u00ed panel\u016f.<\/p>\n<p><strong>Rozm\u011bry a vlastnosti:\u00a0<\/strong><\/p>\n<ul class=\"plusminus\">\n<li><i class=\"fas fa-check\"><\/i><span>V\u00fd\u0161ka: 19\u00a0cm<\/span><\/li>\n<li><i class=\"fas fa-check\"><\/i><span>D\u00e9lka: 35\u00a0m<\/span><\/li>\n<li><i class=\"fas fa-check\"><\/i><span>Gram\u00e1\u017e: 450\u00a0g \/ m<sup>2<\/sup><\/span><\/li>\n<li><i class=\"fas fa-check\"><\/i><span>Po\u010det klips\u016f: 20\u00a0ks<\/span><\/li>\n<li><i class=\"fas fa-check\"><\/i><span>Barva: hn\u011bd\u00e1<\/span><\/li>\n<\/ul>\n<p><strong>V\u00fdhody:<\/strong><\/p>\n<ul class=\"plusminus\">\n<li><i class=\"fas fa-check\"><\/i><span>Snadn\u00e9 sestaven\u00ed<\/span><\/li>\n<li><i class=\"fas fa-check\"><\/i><span>Vysok\u00e1 odolnost v\u016f\u010di UV z\u00e1\u0159en\u00ed<\/span><\/li>\n<li><i class=\"fas fa-check\"><\/i><span>Poskytuje soukrom\u00ed<\/span><\/li>\n<li><i class=\"fas fa-check\"><\/i><span>Chr\u00e1n\u00ed p\u0159ed v\u011btrem a hlukem<\/span><\/li>\n<li><i class=\"fas fa-check\"><\/i><span>Ide\u00e1ln\u00ed pro balkony a\u00a0oplocen\u00ed panel\u016f<\/span><\/li>\n<\/ul>\n<\/div>\n<div class=\"detail-description__left__more\">\t\t\t\t\t\t<span> <\/span><span> <\/span>\t\t\t\t\t<\/div>\n<\/p><\/div>\n<\/p><\/div>\n<div class=\"detail-description__more\"><span> <\/span><span> <\/span><\/div>\n<\/p><\/div>\n<\/p><\/div>\n","protected":false},"excerpt":{"rendered":"<p>Popis: P\u00e1ska k\u00a0oplocen\u00ed, poskytuje soukrom\u00ed a chr\u00e1n\u00ed p\u0159ed v\u011btrem a hlukem.Pro balkony a oplocen\u00ed panel\u016f. Rozm\u011bry a vlastnosti:\u00a0 V\u00fd\u0161ka: 19\u00a0cm D\u00e9lka: 35\u00a0m Gram\u00e1\u017e: 450\u00a0g \/ m2 Po\u010det klips\u016f: 20\u00a0ks Barva: hn\u011bd\u00e1 V\u00fdhody: Snadn\u00e9 sestaven\u00ed Vysok\u00e1 odolnost v\u016f\u010di UV z\u00e1\u0159en\u00ed Poskytuje soukrom\u00ed Chr\u00e1n\u00ed p\u0159ed v\u011btrem a hlukem Ide\u00e1ln\u00ed pro balkony a\u00a0oplocen\u00ed panel\u016f<\/p>\n","protected":false},"featured_media":5287,"comment_status":"open","ping_status":"open","template":"","meta":[],"product_brand":[],"product_cat":[36],"product_tag":[],"class_list":{"0":"post-5187","1":"product","2":"type-product","3":"status-publish","4":"has-post-thumbnail","6":"product_cat-zahrada","8":"first","9":"instock","10":"sale","11":"shipping-taxable","12":"purchasable","13":"product-type-simple"},"yoast_head":"<!-- This site is optimized with the Yoast SEO plugin v26.8 - https:\/\/yoast.com\/product\/yoast-seo-wordpress\/ -->\n<title>Zna\u010dkov\u00fd Bradas P\u00e1ska k oplocen\u00ed 19 x 35 m - hn\u011bd\u00e1 -<\/title>\n<meta name=\"robots\" content=\"index, follow, max-snippet:-1, max-image-preview:large, max-video-preview:-1\" \/>\n<link rel=\"canonical\" href=\"https:\/\/www.technodompro.com\/index.php\/produkt\/znackovy-bradas-paska-k-oploceni-19-x-35-m-hneda-5187\/\" \/>\n<meta property=\"og:locale\" content=\"cs_CZ\" \/>\n<meta property=\"og:type\" content=\"article\" \/>\n<meta property=\"og:title\" content=\"Zna\u010dkov\u00fd Bradas P\u00e1ska k oplocen\u00ed 19 x 35 m - hn\u011bd\u00e1 -\" \/>\n<meta property=\"og:description\" content=\"Popis: P\u00e1ska k\u00a0oplocen\u00ed, poskytuje soukrom\u00ed a chr\u00e1n\u00ed p\u0159ed v\u011btrem a hlukem.Pro balkony a oplocen\u00ed panel\u016f. Rozm\u011bry a vlastnosti:\u00a0 V\u00fd\u0161ka: 19\u00a0cm D\u00e9lka: 35\u00a0m Gram\u00e1\u017e: 450\u00a0g \/ m2 Po\u010det klips\u016f: 20\u00a0ks Barva: hn\u011bd\u00e1 V\u00fdhody: Snadn\u00e9 sestaven\u00ed Vysok\u00e1 odolnost v\u016f\u010di UV z\u00e1\u0159en\u00ed Poskytuje soukrom\u00ed Chr\u00e1n\u00ed p\u0159ed v\u011btrem a hlukem Ide\u00e1ln\u00ed pro balkony a\u00a0oplocen\u00ed panel\u016f\" \/>\n<meta property=\"og:url\" content=\"https:\/\/www.technodompro.com\/index.php\/produkt\/znackovy-bradas-paska-k-oploceni-19-x-35-m-hneda-5187\/\" \/>\n<meta property=\"og:image\" content=\"https:\/\/www.technodompro.com\/wp-content\/uploads\/2026\/SK0018370-CZ20260425-091936-0-1777079982-bradas-paska-k-oploceni-19-x-35-m-hneda-w1200-h628-f8-56c4f.webp\" \/>\n\t<meta property=\"og:image:width\" content=\"1000\" \/>\n\t<meta property=\"og:image:height\" content=\"523\" \/>\n\t<meta property=\"og:image:type\" content=\"image\/webp\" \/>\n<meta name=\"twitter:card\" content=\"summary_large_image\" \/>\n<script type=\"application\/ld+json\" class=\"yoast-schema-graph\">{\"@context\":\"https:\/\/schema.org\",\"@graph\":[{\"@type\":\"WebPage\",\"@id\":\"https:\/\/www.technodompro.com\/index.php\/produkt\/znackovy-bradas-paska-k-oploceni-19-x-35-m-hneda-5187\/\",\"url\":\"https:\/\/www.technodompro.com\/index.php\/produkt\/znackovy-bradas-paska-k-oploceni-19-x-35-m-hneda-5187\/\",\"name\":\"Zna\u010dkov\u00fd Bradas P\u00e1ska k oplocen\u00ed 19 x 35 m - hn\u011bd\u00e1 -\",\"isPartOf\":{\"@id\":\"https:\/\/www.technodompro.com\/#website\"},\"primaryImageOfPage\":{\"@id\":\"https:\/\/www.technodompro.com\/index.php\/produkt\/znackovy-bradas-paska-k-oploceni-19-x-35-m-hneda-5187\/#primaryimage\"},\"image\":{\"@id\":\"https:\/\/www.technodompro.com\/index.php\/produkt\/znackovy-bradas-paska-k-oploceni-19-x-35-m-hneda-5187\/#primaryimage\"},\"thumbnailUrl\":\"https:\/\/www.technodompro.com\/wp-content\/uploads\/2026\/SK0018370-CZ20260425-091936-0-1777079982-bradas-paska-k-oploceni-19-x-35-m-hneda-w1200-h628-f8-56c4f.webp\",\"datePublished\":\"2026-04-27T04:40:41+00:00\",\"breadcrumb\":{\"@id\":\"https:\/\/www.technodompro.com\/index.php\/produkt\/znackovy-bradas-paska-k-oploceni-19-x-35-m-hneda-5187\/#breadcrumb\"},\"inLanguage\":\"cs\",\"potentialAction\":[{\"@type\":\"ReadAction\",\"target\":[\"https:\/\/www.technodompro.com\/index.php\/produkt\/znackovy-bradas-paska-k-oploceni-19-x-35-m-hneda-5187\/\"]}]},{\"@type\":\"ImageObject\",\"inLanguage\":\"cs\",\"@id\":\"https:\/\/www.technodompro.com\/index.php\/produkt\/znackovy-bradas-paska-k-oploceni-19-x-35-m-hneda-5187\/#primaryimage\",\"url\":\"https:\/\/www.technodompro.com\/wp-content\/uploads\/2026\/SK0018370-CZ20260425-091936-0-1777079982-bradas-paska-k-oploceni-19-x-35-m-hneda-w1200-h628-f8-56c4f.webp\",\"contentUrl\":\"https:\/\/www.technodompro.com\/wp-content\/uploads\/2026\/SK0018370-CZ20260425-091936-0-1777079982-bradas-paska-k-oploceni-19-x-35-m-hneda-w1200-h628-f8-56c4f.webp\",\"width\":1000,\"height\":523},{\"@type\":\"BreadcrumbList\",\"@id\":\"https:\/\/www.technodompro.com\/index.php\/produkt\/znackovy-bradas-paska-k-oploceni-19-x-35-m-hneda-5187\/#breadcrumb\",\"itemListElement\":[{\"@type\":\"ListItem\",\"position\":1,\"name\":\"Home\",\"item\":\"https:\/\/www.technodompro.com\/\"},{\"@type\":\"ListItem\",\"position\":2,\"name\":\"Products\",\"item\":\"https:\/\/www.technodompro.com\/index.php\/products\/\"},{\"@type\":\"ListItem\",\"position\":3,\"name\":\"Zna\u010dkov\u00fd Bradas P\u00e1ska k oplocen\u00ed 19 x 35 m &#8211; hn\u011bd\u00e1\"}]},{\"@type\":\"WebSite\",\"@id\":\"https:\/\/www.technodompro.com\/#website\",\"url\":\"https:\/\/www.technodompro.com\/\",\"name\":\"\",\"description\":\"\",\"potentialAction\":[{\"@type\":\"SearchAction\",\"target\":{\"@type\":\"EntryPoint\",\"urlTemplate\":\"https:\/\/www.technodompro.com\/?s={search_term_string}\"},\"query-input\":{\"@type\":\"PropertyValueSpecification\",\"valueRequired\":true,\"valueName\":\"search_term_string\"}}],\"inLanguage\":\"cs\"}]}<\/script>\n<!-- \/ Yoast SEO plugin. -->","yoast_head_json":{"title":"Zna\u010dkov\u00fd Bradas P\u00e1ska k oplocen\u00ed 19 x 35 m - hn\u011bd\u00e1 -","robots":{"index":"index","follow":"follow","max-snippet":"max-snippet:-1","max-image-preview":"max-image-preview:large","max-video-preview":"max-video-preview:-1"},"canonical":"https:\/\/www.technodompro.com\/index.php\/produkt\/znackovy-bradas-paska-k-oploceni-19-x-35-m-hneda-5187\/","og_locale":"cs_CZ","og_type":"article","og_title":"Zna\u010dkov\u00fd Bradas P\u00e1ska k oplocen\u00ed 19 x 35 m - hn\u011bd\u00e1 -","og_description":"Popis: P\u00e1ska k\u00a0oplocen\u00ed, poskytuje soukrom\u00ed a chr\u00e1n\u00ed p\u0159ed v\u011btrem a hlukem.Pro balkony a oplocen\u00ed panel\u016f. Rozm\u011bry a vlastnosti:\u00a0 V\u00fd\u0161ka: 19\u00a0cm D\u00e9lka: 35\u00a0m Gram\u00e1\u017e: 450\u00a0g \/ m2 Po\u010det klips\u016f: 20\u00a0ks Barva: hn\u011bd\u00e1 V\u00fdhody: Snadn\u00e9 sestaven\u00ed Vysok\u00e1 odolnost v\u016f\u010di UV z\u00e1\u0159en\u00ed Poskytuje soukrom\u00ed Chr\u00e1n\u00ed p\u0159ed v\u011btrem a hlukem Ide\u00e1ln\u00ed pro balkony a\u00a0oplocen\u00ed panel\u016f","og_url":"https:\/\/www.technodompro.com\/index.php\/produkt\/znackovy-bradas-paska-k-oploceni-19-x-35-m-hneda-5187\/","og_image":[{"width":1000,"height":523,"url":"https:\/\/www.technodompro.com\/wp-content\/uploads\/2026\/SK0018370-CZ20260425-091936-0-1777079982-bradas-paska-k-oploceni-19-x-35-m-hneda-w1200-h628-f8-56c4f.webp","type":"image\/webp"}],"twitter_card":"summary_large_image","schema":{"@context":"https:\/\/schema.org","@graph":[{"@type":"WebPage","@id":"https:\/\/www.technodompro.com\/index.php\/produkt\/znackovy-bradas-paska-k-oploceni-19-x-35-m-hneda-5187\/","url":"https:\/\/www.technodompro.com\/index.php\/produkt\/znackovy-bradas-paska-k-oploceni-19-x-35-m-hneda-5187\/","name":"Zna\u010dkov\u00fd Bradas P\u00e1ska k oplocen\u00ed 19 x 35 m - hn\u011bd\u00e1 -","isPartOf":{"@id":"https:\/\/www.technodompro.com\/#website"},"primaryImageOfPage":{"@id":"https:\/\/www.technodompro.com\/index.php\/produkt\/znackovy-bradas-paska-k-oploceni-19-x-35-m-hneda-5187\/#primaryimage"},"image":{"@id":"https:\/\/www.technodompro.com\/index.php\/produkt\/znackovy-bradas-paska-k-oploceni-19-x-35-m-hneda-5187\/#primaryimage"},"thumbnailUrl":"https:\/\/www.technodompro.com\/wp-content\/uploads\/2026\/SK0018370-CZ20260425-091936-0-1777079982-bradas-paska-k-oploceni-19-x-35-m-hneda-w1200-h628-f8-56c4f.webp","datePublished":"2026-04-27T04:40:41+00:00","breadcrumb":{"@id":"https:\/\/www.technodompro.com\/index.php\/produkt\/znackovy-bradas-paska-k-oploceni-19-x-35-m-hneda-5187\/#breadcrumb"},"inLanguage":"cs","potentialAction":[{"@type":"ReadAction","target":["https:\/\/www.technodompro.com\/index.php\/produkt\/znackovy-bradas-paska-k-oploceni-19-x-35-m-hneda-5187\/"]}]},{"@type":"ImageObject","inLanguage":"cs","@id":"https:\/\/www.technodompro.com\/index.php\/produkt\/znackovy-bradas-paska-k-oploceni-19-x-35-m-hneda-5187\/#primaryimage","url":"https:\/\/www.technodompro.com\/wp-content\/uploads\/2026\/SK0018370-CZ20260425-091936-0-1777079982-bradas-paska-k-oploceni-19-x-35-m-hneda-w1200-h628-f8-56c4f.webp","contentUrl":"https:\/\/www.technodompro.com\/wp-content\/uploads\/2026\/SK0018370-CZ20260425-091936-0-1777079982-bradas-paska-k-oploceni-19-x-35-m-hneda-w1200-h628-f8-56c4f.webp","width":1000,"height":523},{"@type":"BreadcrumbList","@id":"https:\/\/www.technodompro.com\/index.php\/produkt\/znackovy-bradas-paska-k-oploceni-19-x-35-m-hneda-5187\/#breadcrumb","itemListElement":[{"@type":"ListItem","position":1,"name":"Home","item":"https:\/\/www.technodompro.com\/"},{"@type":"ListItem","position":2,"name":"Products","item":"https:\/\/www.technodompro.com\/index.php\/products\/"},{"@type":"ListItem","position":3,"name":"Zna\u010dkov\u00fd Bradas P\u00e1ska k oplocen\u00ed 19 x 35 m &#8211; hn\u011bd\u00e1"}]},{"@type":"WebSite","@id":"https:\/\/www.technodompro.com\/#website","url":"https:\/\/www.technodompro.com\/","name":"","description":"","potentialAction":[{"@type":"SearchAction","target":{"@type":"EntryPoint","urlTemplate":"https:\/\/www.technodompro.com\/?s={search_term_string}"},"query-input":{"@type":"PropertyValueSpecification","valueRequired":true,"valueName":"search_term_string"}}],"inLanguage":"cs"}]}},"_links":{"self":[{"href":"https:\/\/www.technodompro.com\/index.php\/wp-json\/wp\/v2\/product\/5187","targetHints":{"allow":["GET"]}}],"collection":[{"href":"https:\/\/www.technodompro.com\/index.php\/wp-json\/wp\/v2\/product"}],"about":[{"href":"https:\/\/www.technodompro.com\/index.php\/wp-json\/wp\/v2\/types\/product"}],"replies":[{"embeddable":true,"href":"https:\/\/www.technodompro.com\/index.php\/wp-json\/wp\/v2\/comments?post=5187"}],"wp:featuredmedia":[{"embeddable":true,"href":"https:\/\/www.technodompro.com\/index.php\/wp-json\/wp\/v2\/media\/5287"}],"wp:attachment":[{"href":"https:\/\/www.technodompro.com\/index.php\/wp-json\/wp\/v2\/media?parent=5187"}],"wp:term":[{"taxonomy":"product_brand","embeddable":true,"href":"https:\/\/www.technodompro.com\/index.php\/wp-json\/wp\/v2\/product_brand?post=5187"},{"taxonomy":"product_cat","embeddable":true,"href":"https:\/\/www.technodompro.com\/index.php\/wp-json\/wp\/v2\/product_cat?post=5187"},{"taxonomy":"product_tag","embeddable":true,"href":"https:\/\/www.technodompro.com\/index.php\/wp-json\/wp\/v2\/product_tag?post=5187"}],"curies":[{"name":"wp","href":"https:\/\/api.w.org\/{rel}","templated":true}]}}