{"id":51928,"date":"2026-04-27T04:42:50","date_gmt":"2026-04-27T04:42:50","guid":{"rendered":""},"modified":"2026-04-27T04:42:50","modified_gmt":"2026-04-27T04:42:50","slug":"znackovy-gelco-trinity-black-ctvercovy-sprchovy-kout-1000x1000mm-matne-sklo-prave-gt5610-10mr-b-51928","status":"publish","type":"product","link":"https:\/\/www.technodompro.com\/index.php\/produkt\/znackovy-gelco-trinity-black-ctvercovy-sprchovy-kout-1000x1000mm-matne-sklo-prave-gt5610-10mr-b-51928\/","title":{"rendered":"Zna\u010dkov\u00fd Gelco TRINITY BLACK \u010dtvercov\u00fd sprchov\u00fd kout 1000x1000mm, matn\u00e9 sklo, prav\u00e9 GT5610-10MR-B"},"content":{"rendered":"<h3>Dopl\u0148kov\u00e9 parametry<\/h3>\n<table class=\"detail-parameters\">\n<tbody>\n<tr>\n<th>        <span class=\"row-header-label\">            Kategorie<span class=\"row-header-label-colon\">:<\/span>        <\/span>    <\/th>\n<td>        Sprchov\u00e9 kouty \u010dtvercov\u00e9    <\/td>\n<\/tr>\n<tr>\n<th>            <span class=\"row-header-label\">                Hmotnost<span class=\"row-header-label-colon\">:<\/span>            <\/span>        <\/th>\n<td>            85.62 kg        <\/td>\n<\/tr>\n<tr class=\"productEan\">\n<th>          <span class=\"row-header-label productEan__label\">              EAN<span class=\"row-header-label-colon\">:<\/span>          <\/span>      <\/th>\n<td>          <span class=\"productEan__value\">8590913141607<\/span>      <\/td>\n<\/tr>\n<tr>\n<th>                <span class=\"row-header-label\">                                            3D model<span class=\"row-header-label-colon\">:<\/span>                                    <\/span>            <\/th>\n<td>                                                            ANO                                                <\/td>\n<\/tr>\n<tr>\n<th>                <span class=\"row-header-label\">                                            Balen\u00ed<span class=\"row-header-label-colon\">:<\/span>                                    <\/span>            <\/th>\n<td>                                                            4 ks                                                <\/td>\n<\/tr>\n<tr>\n<th>                <span class=\"row-header-label\">                                            Barva profilu<span class=\"row-header-label-colon\">:<\/span>                                    <\/span>            <\/th>\n<td>                                                            \u010cern\u00e1 mat                                                <\/td>\n<\/tr>\n<tr>\n<th>                <span class=\"row-header-label\">                                            Hloubka<span class=\"row-header-label-colon\">:<\/span>                                    <\/span>            <\/th>\n<td>                                                            1000 mm                                                <\/td>\n<\/tr>\n<tr>\n<th>                <span class=\"row-header-label\">                                            Hmotnost<span class=\"row-header-label-colon\">:<\/span>                                    <\/span>            <\/th>\n<td>                                                            85.62 kg                                                <\/td>\n<\/tr>\n<tr>\n<th>                <span class=\"row-header-label\">                                            Rozm\u011br<span class=\"row-header-label-colon\">:<\/span>                                    <\/span>            <\/th>\n<td>                                                            100&#215;100 cm                                                <\/td>\n<\/tr>\n<tr>\n<th>                <span class=\"row-header-label\">                                            S\u00e9rie<span class=\"row-header-label-colon\">:<\/span>                                    <\/span>            <\/th>\n<td>                                                            TRINITY                                                <\/td>\n<\/tr>\n<tr>\n<th>                <span class=\"row-header-label\">                                            Sm\u011br otev\u00edr\u00e1n\u00ed<span class=\"row-header-label-colon\">:<\/span>                                    <\/span>            <\/th>\n<td>                                                            Prav\u00e9                                                <\/td>\n<\/tr>\n<tr>\n<th>                <span class=\"row-header-label\">                                            \u0160\u00ed\u0159ka<span class=\"row-header-label-colon\">:<\/span>                                    <\/span>            <\/th>\n<td>                                                            1000 mm                                                <\/td>\n<\/tr>\n<tr>\n<th>                <span class=\"row-header-label\">                                            \u0160\u00ed\u0159ka vstupu<span class=\"row-header-label-colon\">:<\/span>                                    <\/span>            <\/th>\n<td>                                                            585 mm                                                <\/td>\n<\/tr>\n<tr>\n<th>                <span class=\"row-header-label\">                                            Tlou\u0161\u0165ka skla<span class=\"row-header-label-colon\">:<\/span>                                    <\/span>            <\/th>\n<td>                                                            8 mm                                                <\/td>\n<\/tr>\n<tr>\n<th>                <span class=\"row-header-label\">                                            Tvar<span class=\"row-header-label-colon\">:<\/span>                                    <\/span>            <\/th>\n<td>                                                            \u010ctvercov\u00e9 z\u00e1st\u011bny                                                <\/td>\n<\/tr>\n<tr>\n<th>                <span class=\"row-header-label\">                                            Typ otev\u00edran\u00ed<span class=\"row-header-label-colon\">:<\/span>                                    <\/span>            <\/th>\n<td>                                                            Otev\u00edrac\u00ed jednok\u0159\u00eddl\u00e9                                                <\/td>\n<\/tr>\n<tr>\n<th>                <span class=\"row-header-label\">                                            Typ v\u00fdpln\u011b<span class=\"row-header-label-colon\">:<\/span>                                    <\/span>            <\/th>\n<td>                                                            Matn\u00e9 sklo                                                <\/td>\n<\/tr>\n<tr>\n<th>                <span class=\"row-header-label\">                                            \u00daprava skla<span class=\"row-header-label-colon\">:<\/span>                                    <\/span>            <\/th>\n<td>                                                            Coated glass                                                <\/td>\n<\/tr>\n<tr>\n<th>                <span class=\"row-header-label\">                                            Vlastnosti<span class=\"row-header-label-colon\">:<\/span>                                    <\/span>            <\/th>\n<td>                                                            Bezr\u00e1mov\u00e9 proveden\u00ed                                                <\/td>\n<\/tr>\n<tr>\n<th>                <span class=\"row-header-label\">                                            V\u00fd\u0161ka<span class=\"row-header-label-colon\">:<\/span>                                    <\/span>            <\/th>\n<td>                                                            2000 mm                                                <\/td>\n<\/tr>\n<tr>\n<th>                <span class=\"row-header-label\">                                            Z\u00e1ru\u010dn\u00ed doba<span class=\"row-header-label-colon\">:<\/span>                                    <\/span>            <\/th>\n<td>                                                            3 roky                                                <\/td>\n<\/tr>\n<tr>\n<th>                <span class=\"row-header-label\">                                            Balen\u00ed &#8211; hmotnost<span class=\"row-header-label-colon\">:<\/span>                                    <\/span>            <\/th>\n<td>                                                            85.620 kg                                                <\/td>\n<\/tr>\n<\/tbody>\n<\/table><\/div>\n<\/p><\/div>\n<\/p><\/div>\n","protected":false},"excerpt":{"rendered":"<p>Dopl\u0148kov\u00e9 parametry Kategorie: Sprchov\u00e9 kouty \u010dtvercov\u00e9 Hmotnost: 85.62 kg EAN: 8590913141607 3D model: ANO Balen\u00ed: 4 ks Barva profilu: \u010cern\u00e1 mat Hloubka: 1000 mm Hmotnost: 85.62 kg Rozm\u011br: 100&#215;100 cm S\u00e9rie: TRINITY Sm\u011br otev\u00edr\u00e1n\u00ed: Prav\u00e9 \u0160\u00ed\u0159ka: 1000 mm \u0160\u00ed\u0159ka vstupu: 585 mm Tlou\u0161\u0165ka skla: 8 mm Tvar: \u010ctvercov\u00e9 z\u00e1st\u011bny Typ otev\u00edran\u00ed: Otev\u00edrac\u00ed jednok\u0159\u00eddl\u00e9 Typ v\u00fdpln\u011b: [&hellip;]<\/p>\n","protected":false},"featured_media":52028,"comment_status":"open","ping_status":"open","template":"","meta":[],"product_brand":[],"product_cat":[72],"product_tag":[],"class_list":{"0":"post-51928","1":"product","2":"type-product","3":"status-publish","4":"has-post-thumbnail","6":"product_cat-koupelny","8":"first","9":"instock","10":"sale","11":"shipping-taxable","12":"purchasable","13":"product-type-simple"},"yoast_head":"<!-- This site is optimized with the Yoast SEO plugin v26.8 - https:\/\/yoast.com\/product\/yoast-seo-wordpress\/ -->\n<title>Zna\u010dkov\u00fd Gelco TRINITY BLACK \u010dtvercov\u00fd sprchov\u00fd kout 1000x1000mm, matn\u00e9 sklo, prav\u00e9 GT5610-10MR-B -<\/title>\n<meta name=\"robots\" content=\"index, follow, max-snippet:-1, max-image-preview:large, max-video-preview:-1\" \/>\n<link rel=\"canonical\" href=\"https:\/\/www.technodompro.com\/index.php\/produkt\/znackovy-gelco-trinity-black-ctvercovy-sprchovy-kout-1000x1000mm-matne-sklo-prave-gt5610-10mr-b-51928\/\" \/>\n<meta property=\"og:locale\" content=\"cs_CZ\" \/>\n<meta property=\"og:type\" content=\"article\" \/>\n<meta property=\"og:title\" content=\"Zna\u010dkov\u00fd Gelco TRINITY BLACK \u010dtvercov\u00fd sprchov\u00fd kout 1000x1000mm, matn\u00e9 sklo, prav\u00e9 GT5610-10MR-B -\" \/>\n<meta property=\"og:description\" content=\"Dopl\u0148kov\u00e9 parametry Kategorie: Sprchov\u00e9 kouty \u010dtvercov\u00e9 Hmotnost: 85.62 kg EAN: 8590913141607 3D model: ANO Balen\u00ed: 4 ks Barva profilu: \u010cern\u00e1 mat Hloubka: 1000 mm Hmotnost: 85.62 kg Rozm\u011br: 100&#215;100 cm S\u00e9rie: TRINITY Sm\u011br otev\u00edr\u00e1n\u00ed: Prav\u00e9 \u0160\u00ed\u0159ka: 1000 mm \u0160\u00ed\u0159ka vstupu: 585 mm Tlou\u0161\u0165ka skla: 8 mm Tvar: \u010ctvercov\u00e9 z\u00e1st\u011bny Typ otev\u00edran\u00ed: Otev\u00edrac\u00ed jednok\u0159\u00eddl\u00e9 Typ v\u00fdpln\u011b: [&hellip;]\" \/>\n<meta property=\"og:url\" content=\"https:\/\/www.technodompro.com\/index.php\/produkt\/znackovy-gelco-trinity-black-ctvercovy-sprchovy-kout-1000x1000mm-matne-sklo-prave-gt5610-10mr-b-51928\/\" \/>\n<meta property=\"og:image\" content=\"https:\/\/www.technodompro.com\/wp-content\/uploads\/2026\/SK0013516-CZ20260425-093136-0-1777080698-414-7_gt5610-10mr-b-250388003434075.webp\" \/>\n\t<meta property=\"og:image:width\" content=\"1000\" \/>\n\t<meta property=\"og:image:height\" content=\"750\" \/>\n\t<meta property=\"og:image:type\" content=\"image\/webp\" \/>\n<meta name=\"twitter:card\" content=\"summary_large_image\" \/>\n<script type=\"application\/ld+json\" class=\"yoast-schema-graph\">{\"@context\":\"https:\/\/schema.org\",\"@graph\":[{\"@type\":\"WebPage\",\"@id\":\"https:\/\/www.technodompro.com\/index.php\/produkt\/znackovy-gelco-trinity-black-ctvercovy-sprchovy-kout-1000x1000mm-matne-sklo-prave-gt5610-10mr-b-51928\/\",\"url\":\"https:\/\/www.technodompro.com\/index.php\/produkt\/znackovy-gelco-trinity-black-ctvercovy-sprchovy-kout-1000x1000mm-matne-sklo-prave-gt5610-10mr-b-51928\/\",\"name\":\"Zna\u010dkov\u00fd Gelco TRINITY BLACK \u010dtvercov\u00fd sprchov\u00fd kout 1000x1000mm, matn\u00e9 sklo, prav\u00e9 GT5610-10MR-B -\",\"isPartOf\":{\"@id\":\"https:\/\/www.technodompro.com\/#website\"},\"primaryImageOfPage\":{\"@id\":\"https:\/\/www.technodompro.com\/index.php\/produkt\/znackovy-gelco-trinity-black-ctvercovy-sprchovy-kout-1000x1000mm-matne-sklo-prave-gt5610-10mr-b-51928\/#primaryimage\"},\"image\":{\"@id\":\"https:\/\/www.technodompro.com\/index.php\/produkt\/znackovy-gelco-trinity-black-ctvercovy-sprchovy-kout-1000x1000mm-matne-sklo-prave-gt5610-10mr-b-51928\/#primaryimage\"},\"thumbnailUrl\":\"https:\/\/www.technodompro.com\/wp-content\/uploads\/2026\/SK0013516-CZ20260425-093136-0-1777080698-414-7_gt5610-10mr-b-250388003434075.webp\",\"datePublished\":\"2026-04-27T04:42:50+00:00\",\"breadcrumb\":{\"@id\":\"https:\/\/www.technodompro.com\/index.php\/produkt\/znackovy-gelco-trinity-black-ctvercovy-sprchovy-kout-1000x1000mm-matne-sklo-prave-gt5610-10mr-b-51928\/#breadcrumb\"},\"inLanguage\":\"cs\",\"potentialAction\":[{\"@type\":\"ReadAction\",\"target\":[\"https:\/\/www.technodompro.com\/index.php\/produkt\/znackovy-gelco-trinity-black-ctvercovy-sprchovy-kout-1000x1000mm-matne-sklo-prave-gt5610-10mr-b-51928\/\"]}]},{\"@type\":\"ImageObject\",\"inLanguage\":\"cs\",\"@id\":\"https:\/\/www.technodompro.com\/index.php\/produkt\/znackovy-gelco-trinity-black-ctvercovy-sprchovy-kout-1000x1000mm-matne-sklo-prave-gt5610-10mr-b-51928\/#primaryimage\",\"url\":\"https:\/\/www.technodompro.com\/wp-content\/uploads\/2026\/SK0013516-CZ20260425-093136-0-1777080698-414-7_gt5610-10mr-b-250388003434075.webp\",\"contentUrl\":\"https:\/\/www.technodompro.com\/wp-content\/uploads\/2026\/SK0013516-CZ20260425-093136-0-1777080698-414-7_gt5610-10mr-b-250388003434075.webp\",\"width\":1000,\"height\":750},{\"@type\":\"BreadcrumbList\",\"@id\":\"https:\/\/www.technodompro.com\/index.php\/produkt\/znackovy-gelco-trinity-black-ctvercovy-sprchovy-kout-1000x1000mm-matne-sklo-prave-gt5610-10mr-b-51928\/#breadcrumb\",\"itemListElement\":[{\"@type\":\"ListItem\",\"position\":1,\"name\":\"Home\",\"item\":\"https:\/\/www.technodompro.com\/\"},{\"@type\":\"ListItem\",\"position\":2,\"name\":\"Products\",\"item\":\"https:\/\/www.technodompro.com\/index.php\/products\/\"},{\"@type\":\"ListItem\",\"position\":3,\"name\":\"Zna\u010dkov\u00fd Gelco TRINITY BLACK \u010dtvercov\u00fd sprchov\u00fd kout 1000x1000mm, matn\u00e9 sklo, prav\u00e9 GT5610-10MR-B\"}]},{\"@type\":\"WebSite\",\"@id\":\"https:\/\/www.technodompro.com\/#website\",\"url\":\"https:\/\/www.technodompro.com\/\",\"name\":\"\",\"description\":\"\",\"potentialAction\":[{\"@type\":\"SearchAction\",\"target\":{\"@type\":\"EntryPoint\",\"urlTemplate\":\"https:\/\/www.technodompro.com\/?s={search_term_string}\"},\"query-input\":{\"@type\":\"PropertyValueSpecification\",\"valueRequired\":true,\"valueName\":\"search_term_string\"}}],\"inLanguage\":\"cs\"}]}<\/script>\n<!-- \/ Yoast SEO plugin. -->","yoast_head_json":{"title":"Zna\u010dkov\u00fd Gelco TRINITY BLACK \u010dtvercov\u00fd sprchov\u00fd kout 1000x1000mm, matn\u00e9 sklo, prav\u00e9 GT5610-10MR-B -","robots":{"index":"index","follow":"follow","max-snippet":"max-snippet:-1","max-image-preview":"max-image-preview:large","max-video-preview":"max-video-preview:-1"},"canonical":"https:\/\/www.technodompro.com\/index.php\/produkt\/znackovy-gelco-trinity-black-ctvercovy-sprchovy-kout-1000x1000mm-matne-sklo-prave-gt5610-10mr-b-51928\/","og_locale":"cs_CZ","og_type":"article","og_title":"Zna\u010dkov\u00fd Gelco TRINITY BLACK \u010dtvercov\u00fd sprchov\u00fd kout 1000x1000mm, matn\u00e9 sklo, prav\u00e9 GT5610-10MR-B -","og_description":"Dopl\u0148kov\u00e9 parametry Kategorie: Sprchov\u00e9 kouty \u010dtvercov\u00e9 Hmotnost: 85.62 kg EAN: 8590913141607 3D model: ANO Balen\u00ed: 4 ks Barva profilu: \u010cern\u00e1 mat Hloubka: 1000 mm Hmotnost: 85.62 kg Rozm\u011br: 100&#215;100 cm S\u00e9rie: TRINITY Sm\u011br otev\u00edr\u00e1n\u00ed: Prav\u00e9 \u0160\u00ed\u0159ka: 1000 mm \u0160\u00ed\u0159ka vstupu: 585 mm Tlou\u0161\u0165ka skla: 8 mm Tvar: \u010ctvercov\u00e9 z\u00e1st\u011bny Typ otev\u00edran\u00ed: Otev\u00edrac\u00ed jednok\u0159\u00eddl\u00e9 Typ v\u00fdpln\u011b: [&hellip;]","og_url":"https:\/\/www.technodompro.com\/index.php\/produkt\/znackovy-gelco-trinity-black-ctvercovy-sprchovy-kout-1000x1000mm-matne-sklo-prave-gt5610-10mr-b-51928\/","og_image":[{"width":1000,"height":750,"url":"https:\/\/www.technodompro.com\/wp-content\/uploads\/2026\/SK0013516-CZ20260425-093136-0-1777080698-414-7_gt5610-10mr-b-250388003434075.webp","type":"image\/webp"}],"twitter_card":"summary_large_image","schema":{"@context":"https:\/\/schema.org","@graph":[{"@type":"WebPage","@id":"https:\/\/www.technodompro.com\/index.php\/produkt\/znackovy-gelco-trinity-black-ctvercovy-sprchovy-kout-1000x1000mm-matne-sklo-prave-gt5610-10mr-b-51928\/","url":"https:\/\/www.technodompro.com\/index.php\/produkt\/znackovy-gelco-trinity-black-ctvercovy-sprchovy-kout-1000x1000mm-matne-sklo-prave-gt5610-10mr-b-51928\/","name":"Zna\u010dkov\u00fd Gelco TRINITY BLACK \u010dtvercov\u00fd sprchov\u00fd kout 1000x1000mm, matn\u00e9 sklo, prav\u00e9 GT5610-10MR-B -","isPartOf":{"@id":"https:\/\/www.technodompro.com\/#website"},"primaryImageOfPage":{"@id":"https:\/\/www.technodompro.com\/index.php\/produkt\/znackovy-gelco-trinity-black-ctvercovy-sprchovy-kout-1000x1000mm-matne-sklo-prave-gt5610-10mr-b-51928\/#primaryimage"},"image":{"@id":"https:\/\/www.technodompro.com\/index.php\/produkt\/znackovy-gelco-trinity-black-ctvercovy-sprchovy-kout-1000x1000mm-matne-sklo-prave-gt5610-10mr-b-51928\/#primaryimage"},"thumbnailUrl":"https:\/\/www.technodompro.com\/wp-content\/uploads\/2026\/SK0013516-CZ20260425-093136-0-1777080698-414-7_gt5610-10mr-b-250388003434075.webp","datePublished":"2026-04-27T04:42:50+00:00","breadcrumb":{"@id":"https:\/\/www.technodompro.com\/index.php\/produkt\/znackovy-gelco-trinity-black-ctvercovy-sprchovy-kout-1000x1000mm-matne-sklo-prave-gt5610-10mr-b-51928\/#breadcrumb"},"inLanguage":"cs","potentialAction":[{"@type":"ReadAction","target":["https:\/\/www.technodompro.com\/index.php\/produkt\/znackovy-gelco-trinity-black-ctvercovy-sprchovy-kout-1000x1000mm-matne-sklo-prave-gt5610-10mr-b-51928\/"]}]},{"@type":"ImageObject","inLanguage":"cs","@id":"https:\/\/www.technodompro.com\/index.php\/produkt\/znackovy-gelco-trinity-black-ctvercovy-sprchovy-kout-1000x1000mm-matne-sklo-prave-gt5610-10mr-b-51928\/#primaryimage","url":"https:\/\/www.technodompro.com\/wp-content\/uploads\/2026\/SK0013516-CZ20260425-093136-0-1777080698-414-7_gt5610-10mr-b-250388003434075.webp","contentUrl":"https:\/\/www.technodompro.com\/wp-content\/uploads\/2026\/SK0013516-CZ20260425-093136-0-1777080698-414-7_gt5610-10mr-b-250388003434075.webp","width":1000,"height":750},{"@type":"BreadcrumbList","@id":"https:\/\/www.technodompro.com\/index.php\/produkt\/znackovy-gelco-trinity-black-ctvercovy-sprchovy-kout-1000x1000mm-matne-sklo-prave-gt5610-10mr-b-51928\/#breadcrumb","itemListElement":[{"@type":"ListItem","position":1,"name":"Home","item":"https:\/\/www.technodompro.com\/"},{"@type":"ListItem","position":2,"name":"Products","item":"https:\/\/www.technodompro.com\/index.php\/products\/"},{"@type":"ListItem","position":3,"name":"Zna\u010dkov\u00fd Gelco TRINITY BLACK \u010dtvercov\u00fd sprchov\u00fd kout 1000x1000mm, matn\u00e9 sklo, prav\u00e9 GT5610-10MR-B"}]},{"@type":"WebSite","@id":"https:\/\/www.technodompro.com\/#website","url":"https:\/\/www.technodompro.com\/","name":"","description":"","potentialAction":[{"@type":"SearchAction","target":{"@type":"EntryPoint","urlTemplate":"https:\/\/www.technodompro.com\/?s={search_term_string}"},"query-input":{"@type":"PropertyValueSpecification","valueRequired":true,"valueName":"search_term_string"}}],"inLanguage":"cs"}]}},"_links":{"self":[{"href":"https:\/\/www.technodompro.com\/index.php\/wp-json\/wp\/v2\/product\/51928","targetHints":{"allow":["GET"]}}],"collection":[{"href":"https:\/\/www.technodompro.com\/index.php\/wp-json\/wp\/v2\/product"}],"about":[{"href":"https:\/\/www.technodompro.com\/index.php\/wp-json\/wp\/v2\/types\/product"}],"replies":[{"embeddable":true,"href":"https:\/\/www.technodompro.com\/index.php\/wp-json\/wp\/v2\/comments?post=51928"}],"wp:featuredmedia":[{"embeddable":true,"href":"https:\/\/www.technodompro.com\/index.php\/wp-json\/wp\/v2\/media\/52028"}],"wp:attachment":[{"href":"https:\/\/www.technodompro.com\/index.php\/wp-json\/wp\/v2\/media?parent=51928"}],"wp:term":[{"taxonomy":"product_brand","embeddable":true,"href":"https:\/\/www.technodompro.com\/index.php\/wp-json\/wp\/v2\/product_brand?post=51928"},{"taxonomy":"product_cat","embeddable":true,"href":"https:\/\/www.technodompro.com\/index.php\/wp-json\/wp\/v2\/product_cat?post=51928"},{"taxonomy":"product_tag","embeddable":true,"href":"https:\/\/www.technodompro.com\/index.php\/wp-json\/wp\/v2\/product_tag?post=51928"}],"curies":[{"name":"wp","href":"https:\/\/api.w.org\/{rel}","templated":true}]}}