{"id":53368,"date":"2026-04-27T04:42:54","date_gmt":"2026-04-27T04:42:54","guid":{"rendered":""},"modified":"2026-04-27T04:42:54","modified_gmt":"2026-04-27T04:42:54","slug":"znackovy-koupelnova-skrinka-bono-szz-55-umyvadlo-q-n01-bila-lesk-uchytka-t34-d17-colorado-53368","status":"publish","type":"product","link":"https:\/\/www.technodompro.com\/index.php\/produkt\/znackovy-koupelnova-skrinka-bono-szz-55-umyvadlo-q-n01-bila-lesk-uchytka-t34-d17-colorado-53368\/","title":{"rendered":"Zna\u010dkov\u00fd Koupelnov\u00e1 sk\u0159\u00ed\u0148ka BONO SZZ 55 (umyvadlo Q) &#8211; N01 B\u00edl\u00e1 lesk \/ \u00dachytka T34 \/ D17 Colorado"},"content":{"rendered":"<div class=\"basic-description\">\n<h3>Detailn\u00ed popis produktu<\/h3>\n<p><span>Modern\u00ed, \u00fatuln\u00e1 a hlavn\u011b funk\u010dn\u00ed koupelna je snem ka\u017ed\u00e9ho z n\u00e1s. Kolekce<\/span><span> <\/span>koupelnov\u00e9ho n\u00e1bytku BONO<span> <\/span><span>na tyto po\u017eadavky reaguje a p\u0159in\u00e1\u0161\u00ed designov\u011b vylad\u011bn\u00e9 umyvadlov\u00e9 sk\u0159\u00ed\u0148ky, kter\u00e9 zaujmou jak sv\u00fdm minimalismem, tak i prakti\u010dnost\u00ed. Sv\u00e9 m\u00edsto si najdou v jak\u00e9koliv koupeln\u011b a d\u00edky bohat\u00e9mu v\u00fdb\u011bru umyvadel a dekor\u016f ji m\u016f\u017eete kombinovat s celou \u0159adou<\/span><span> <\/span>dopl\u0148kov\u00fdch sk\u0159\u00edn\u00ed<span> <\/span><span>\u010di<\/span><span> <\/span>galerek<span>.<\/span><\/p>\n<h2><strong>Parametry sk\u0159\u00ed\u0148ky<\/strong><\/h2>\n<p>Umyvadlovou sk\u0159\u00ed\u0148ku BONO SZZ 55 dod\u00e1v\u00e1me v z\u00e1v\u011bsn\u00e9 podob\u011b s<span> <\/span><strong>jednou prostornou z\u00e1suvkou<\/strong>, kter\u00e1 je ulo\u017eena na<span> <\/span><strong>zna\u010dkov\u00e9m kov\u00e1n\u00ed Hettich<\/strong>. P\u0159ednost sk\u0159\u00ed\u0148ky spo\u010d\u00edv\u00e1 v jej\u00ed promy\u0161len\u00e9 konstrukci, p\u0159edev\u0161\u00edm pak na prvc\u00edch, jako je kov\u00e1n\u00ed a zp\u016fsob otev\u00edr\u00e1n\u00ed. <\/p>\n<p>Kov\u00e1n\u00ed Hettich z\u00e1suvce zaji\u0161\u0165uje<strong><span> <\/span>tlumen\u00e9 dov\u00edr\u00e1n\u00ed<\/strong>, kter\u00e9 zamez\u00ed necht\u011bn\u00e9mu n\u00e1razu z\u00e1suvky o korpus sk\u0159\u00ed\u0148ky p\u0159i neopatrn\u00e9m dov\u0159en\u00ed. Sou\u010dasn\u011b se m\u016f\u017eete p\u0159i b\u011b\u017en\u00e9 hygien\u011b t\u011b\u0161it z pohodln\u00e9ho otev\u00edr\u00e1n\u00ed z\u00e1suvky za p\u0159esah, kter\u00fd je vybaven<span> <\/span><strong>elegantn\u00ed zafr\u00e9zovanou \u00fachytkou<\/strong>. Na v\u00fdb\u011br m\u00e1te z proveden\u00ed \u010dern\u00e1 mat a nerez.<\/p>\n<p>A co v\u00edc? V D\u0159evojasu si za kvalitou stoj\u00edme, proto od n\u00e1s dostanete na sk\u0159\u00ed\u0148ku<span> <\/span><strong>prodlou\u017eenou z\u00e1ruku 5 let<\/strong><span> <\/span>a na kov\u00e1n\u00ed Hettich dokonce z\u00e1ruku do\u017eivotn\u00ed!<\/p>\n<p>Dal\u0161\u00edm designov\u00fdm a funk\u010dn\u00edm prvkem t\u00e9to sk\u0159\u00ed\u0148ky je jej\u00ed \u201cblenda\u201d, tedy kryc\u00ed li\u0161ta v barv\u011b sk\u0159\u00edn\u011b, kter\u00e1 zakr\u00fdv\u00e1 spodn\u00ed \u010d\u00e1st zapu\u0161t\u011bn\u00e9ho umyvadla. D\u00edky n\u00ed m\u00e1 sk\u0159\u00ed\u0148ka dokonal\u00fd a ucelen\u00fd vzhled v pr\u00e1v\u011b duchu minimalismu.<\/p>\n<h3><strong>Umyvadlo v cen\u011b<\/strong><\/h3>\n<p><span>Sou\u010d\u00e1st\u00ed ceny sk\u0159\u00ed\u0148ky je i kr\u00e1sn\u00e9 keramick\u00e9 umyvadlo Q 55 s praktickou odkl\u00e1dac\u00ed plochou v zadn\u00ed \u010d\u00e1sti umyvadla. Vhodn\u00e9 pro milovn\u00edky pravideln\u00fdch tvar\u016f a v\u00fdrazn\u00fdch hran. K umyvadlu dod\u00e1v\u00e1me kovovou krytku p\u0159epadu a dokoupit si m\u016f\u017eete n\u011bkter\u00fd z na\u0161ich n\u00e1bytkov\u00fdch sifon\u016f nebo kovovou v\u00fdpus\u0165 Click-clack.<\/span><\/p>\n<h3><strong>Zvolte si barvu sk\u0159\u00edn\u011b<\/strong><\/h3>\n<p>V\u00fdb\u011br m\u00e1te opravdu velk\u00fd. Umyvadlovou sk\u0159\u00ed\u0148ku BONO SZZ 55 v\u00e1m vyrob\u00edme v jak\u00e9mkoliv dekoru z na\u0161\u00ed nab\u00eddky. Nejste si jisti kter\u00e9 vybrat? Napi\u0161te n\u00e1m a my v\u00e1m za\u0161leme<span> <\/span><strong>t\u0159i vzorky zdarma<\/strong>. Kompletn\u00ed vzorn\u00edky si tak\u00e9 m\u016f\u017eete prohl\u00e9dnout na na\u0161em showroomu nebo v<span> <\/span>partnersk\u00fdch studi\u00edch.<\/p>\n<h3><strong>Do 5 pracovn\u00edch dn\u016f u v\u00e1s doma?<\/strong><\/h3>\n<p>Ano, v dekorech<span> <\/span><strong>N01, N09, D03, D09, D15 a jejich kombinac\u00edch<\/strong><span> <\/span>v\u00e1m sk\u0159\u00ed\u0148ku dod\u00e1me expresn\u011b do<span> <\/span><strong>5 pracovn\u00edch dn\u016f<\/strong>. Sta\u010d\u00ed objednat, rozbalit a sk\u0159\u00ed\u0148ku zav\u011bsit.<\/p>\n<h2><strong>Pro\u010d pr\u00e1v\u011b tuto sk\u0159\u00ed\u0148ku?<\/strong><\/h2>\n<ul>\n<li>Prostorn\u00e1 sk\u0159\u00ed\u0148ka s objemnou z\u00e1suvkou vhodn\u00e1 do men\u0161\u00edch \u010di panel\u00e1kov\u00fdch koupelen.<\/li>\n<li>Z\u00e1suvka je ulo\u017een\u00e1 na kov\u00e1n\u00ed Hettich, na kter\u00e9 <strong>d\u00e1v\u00e1me celo\u017eivotn\u00ed z\u00e1ruku kvality<\/strong>.<\/li>\n<li>Sou\u010d\u00e1st\u00ed ceny je i elegantn\u00ed<span> <\/span><strong>keramick\u00e9 umyvadlo Q 55<\/strong>.<\/li>\n<li>Sk\u0159\u00ed\u0148ku je mo\u017en\u00e9 dodat ve vybran\u00fdch dekorech (<strong>N01, N09, D03, D09, D15 a jejich kombinace<\/strong>) do<span> <\/span><strong>5 pracovn\u00edch dn\u016f<\/strong>.<\/li>\n<\/ul>\n<h3><strong>Jednoduch\u00e1 mont\u00e1\u017e<\/strong><\/h3>\n<p>Umyvadlovou sk\u0159\u00ed\u0148ku dod\u00e1v\u00e1me smontovanou a s p\u0159\u00edslu\u0161n\u00fdmi n\u00e1vody, d\u00edky kter\u00fdm bude jej\u00ed zav\u011b\u0161en\u00ed hra\u010dka. \u017de si chcete ud\u011blat p\u0159\u00edpravu? P\u0159ipravili jsme pro v\u00e1s, v prav\u00e9 \u010d\u00e1sti str\u00e1nky, p\u0159ehlednou<span> <\/span><strong>stavebn\u00ed p\u0159ipravenost<\/strong><span> <\/span>a<span> odkaz na <\/span><strong>mont\u00e1\u017en\u00ed n\u00e1vod<\/strong>. <\/p>\n<h3><strong>Pot\u0159ebujete poradit s v\u00fdb\u011brem?<\/strong><\/h3>\n<p>Vybrat spr\u00e1vnou umyvadlovou sk\u0159\u00ed\u0148ku je mnohdy n\u00e1ro\u010dn\u00e9 a zdlouhav\u00e9. Proto jsme se rozhodli v\u00e1m tento proces uleh\u010dit. Sepsali jsme pro v\u00e1s \u010dl\u00e1nek na t\u00e9ma \u201cJak vybrat n\u00e1bytek do koupelny\u201d, kde najdete v\u0161e podstatn\u00e9 pro \u00fasp\u011b\u0161n\u00fd v\u00fdb\u011br n\u00e1bytku. Dal\u0161\u00ed praktick\u00e9 n\u00e1vody najdete u\u017e nyn\u00ed v na\u0161\u00ed<span> <\/span>Poradn\u011b.<\/p>\n<\/p><\/div>\n","protected":false},"excerpt":{"rendered":"<p>Detailn\u00ed popis produktu Modern\u00ed, \u00fatuln\u00e1 a hlavn\u011b funk\u010dn\u00ed koupelna je snem ka\u017ed\u00e9ho z n\u00e1s. Kolekce koupelnov\u00e9ho n\u00e1bytku BONO na tyto po\u017eadavky reaguje a p\u0159in\u00e1\u0161\u00ed designov\u011b vylad\u011bn\u00e9 umyvadlov\u00e9 sk\u0159\u00ed\u0148ky, kter\u00e9 zaujmou jak sv\u00fdm minimalismem, tak i prakti\u010dnost\u00ed. Sv\u00e9 m\u00edsto si najdou v jak\u00e9koliv koupeln\u011b a d\u00edky bohat\u00e9mu v\u00fdb\u011bru umyvadel a dekor\u016f ji m\u016f\u017eete kombinovat s celou [&hellip;]<\/p>\n","protected":false},"featured_media":53468,"comment_status":"open","ping_status":"open","template":"","meta":[],"product_brand":[],"product_cat":[78],"product_tag":[],"class_list":{"0":"post-53368","1":"product","2":"type-product","3":"status-publish","4":"has-post-thumbnail","6":"product_cat-koupelny-a-sanitarni-technika","8":"first","9":"instock","10":"sale","11":"shipping-taxable","12":"purchasable","13":"product-type-simple"},"yoast_head":"<!-- This site is optimized with the Yoast SEO plugin v26.8 - https:\/\/yoast.com\/product\/yoast-seo-wordpress\/ -->\n<title>Zna\u010dkov\u00fd Koupelnov\u00e1 sk\u0159\u00ed\u0148ka BONO SZZ 55 (umyvadlo Q) - N01 B\u00edl\u00e1 lesk \/ \u00dachytka T34 \/ D17 Colorado -<\/title>\n<meta name=\"robots\" content=\"index, follow, max-snippet:-1, max-image-preview:large, max-video-preview:-1\" \/>\n<link rel=\"canonical\" href=\"https:\/\/www.technodompro.com\/index.php\/produkt\/znackovy-koupelnova-skrinka-bono-szz-55-umyvadlo-q-n01-bila-lesk-uchytka-t34-d17-colorado-53368\/\" \/>\n<meta property=\"og:locale\" content=\"cs_CZ\" \/>\n<meta property=\"og:type\" content=\"article\" \/>\n<meta property=\"og:title\" content=\"Zna\u010dkov\u00fd Koupelnov\u00e1 sk\u0159\u00ed\u0148ka BONO SZZ 55 (umyvadlo Q) - N01 B\u00edl\u00e1 lesk \/ \u00dachytka T34 \/ D17 Colorado -\" \/>\n<meta property=\"og:description\" content=\"Detailn\u00ed popis produktu Modern\u00ed, \u00fatuln\u00e1 a hlavn\u011b funk\u010dn\u00ed koupelna je snem ka\u017ed\u00e9ho z n\u00e1s. Kolekce koupelnov\u00e9ho n\u00e1bytku BONO na tyto po\u017eadavky reaguje a p\u0159in\u00e1\u0161\u00ed designov\u011b vylad\u011bn\u00e9 umyvadlov\u00e9 sk\u0159\u00ed\u0148ky, kter\u00e9 zaujmou jak sv\u00fdm minimalismem, tak i prakti\u010dnost\u00ed. Sv\u00e9 m\u00edsto si najdou v jak\u00e9koliv koupeln\u011b a d\u00edky bohat\u00e9mu v\u00fdb\u011bru umyvadel a dekor\u016f ji m\u016f\u017eete kombinovat s celou [&hellip;]\" \/>\n<meta property=\"og:url\" content=\"https:\/\/www.technodompro.com\/index.php\/produkt\/znackovy-koupelnova-skrinka-bono-szz-55-umyvadlo-q-n01-bila-lesk-uchytka-t34-d17-colorado-53368\/\" \/>\n<meta property=\"og:image\" content=\"https:\/\/www.technodompro.com\/wp-content\/uploads\/2026\/SK0016760-CZ20260425-093351-0-1777080838-1111422_koupelnova-skrinka-bono-szz-55--umyvadlo-q-n01-bila.webp\" \/>\n\t<meta property=\"og:image:width\" content=\"1000\" \/>\n\t<meta property=\"og:image:height\" content=\"750\" \/>\n\t<meta property=\"og:image:type\" content=\"image\/webp\" \/>\n<meta name=\"twitter:card\" content=\"summary_large_image\" \/>\n<meta name=\"twitter:label1\" content=\"Odhadovan\u00e1 doba \u010dten\u00ed\" \/>\n\t<meta name=\"twitter:data1\" content=\"3 minuty\" \/>\n<script type=\"application\/ld+json\" class=\"yoast-schema-graph\">{\"@context\":\"https:\/\/schema.org\",\"@graph\":[{\"@type\":\"WebPage\",\"@id\":\"https:\/\/www.technodompro.com\/index.php\/produkt\/znackovy-koupelnova-skrinka-bono-szz-55-umyvadlo-q-n01-bila-lesk-uchytka-t34-d17-colorado-53368\/\",\"url\":\"https:\/\/www.technodompro.com\/index.php\/produkt\/znackovy-koupelnova-skrinka-bono-szz-55-umyvadlo-q-n01-bila-lesk-uchytka-t34-d17-colorado-53368\/\",\"name\":\"Zna\u010dkov\u00fd Koupelnov\u00e1 sk\u0159\u00ed\u0148ka BONO SZZ 55 (umyvadlo Q) - N01 B\u00edl\u00e1 lesk \/ \u00dachytka T34 \/ D17 Colorado -\",\"isPartOf\":{\"@id\":\"https:\/\/www.technodompro.com\/#website\"},\"primaryImageOfPage\":{\"@id\":\"https:\/\/www.technodompro.com\/index.php\/produkt\/znackovy-koupelnova-skrinka-bono-szz-55-umyvadlo-q-n01-bila-lesk-uchytka-t34-d17-colorado-53368\/#primaryimage\"},\"image\":{\"@id\":\"https:\/\/www.technodompro.com\/index.php\/produkt\/znackovy-koupelnova-skrinka-bono-szz-55-umyvadlo-q-n01-bila-lesk-uchytka-t34-d17-colorado-53368\/#primaryimage\"},\"thumbnailUrl\":\"https:\/\/www.technodompro.com\/wp-content\/uploads\/2026\/SK0016760-CZ20260425-093351-0-1777080838-1111422_koupelnova-skrinka-bono-szz-55--umyvadlo-q-n01-bila.webp\",\"datePublished\":\"2026-04-27T04:42:54+00:00\",\"breadcrumb\":{\"@id\":\"https:\/\/www.technodompro.com\/index.php\/produkt\/znackovy-koupelnova-skrinka-bono-szz-55-umyvadlo-q-n01-bila-lesk-uchytka-t34-d17-colorado-53368\/#breadcrumb\"},\"inLanguage\":\"cs\",\"potentialAction\":[{\"@type\":\"ReadAction\",\"target\":[\"https:\/\/www.technodompro.com\/index.php\/produkt\/znackovy-koupelnova-skrinka-bono-szz-55-umyvadlo-q-n01-bila-lesk-uchytka-t34-d17-colorado-53368\/\"]}]},{\"@type\":\"ImageObject\",\"inLanguage\":\"cs\",\"@id\":\"https:\/\/www.technodompro.com\/index.php\/produkt\/znackovy-koupelnova-skrinka-bono-szz-55-umyvadlo-q-n01-bila-lesk-uchytka-t34-d17-colorado-53368\/#primaryimage\",\"url\":\"https:\/\/www.technodompro.com\/wp-content\/uploads\/2026\/SK0016760-CZ20260425-093351-0-1777080838-1111422_koupelnova-skrinka-bono-szz-55--umyvadlo-q-n01-bila.webp\",\"contentUrl\":\"https:\/\/www.technodompro.com\/wp-content\/uploads\/2026\/SK0016760-CZ20260425-093351-0-1777080838-1111422_koupelnova-skrinka-bono-szz-55--umyvadlo-q-n01-bila.webp\",\"width\":1000,\"height\":750},{\"@type\":\"BreadcrumbList\",\"@id\":\"https:\/\/www.technodompro.com\/index.php\/produkt\/znackovy-koupelnova-skrinka-bono-szz-55-umyvadlo-q-n01-bila-lesk-uchytka-t34-d17-colorado-53368\/#breadcrumb\",\"itemListElement\":[{\"@type\":\"ListItem\",\"position\":1,\"name\":\"Home\",\"item\":\"https:\/\/www.technodompro.com\/\"},{\"@type\":\"ListItem\",\"position\":2,\"name\":\"Products\",\"item\":\"https:\/\/www.technodompro.com\/index.php\/products\/\"},{\"@type\":\"ListItem\",\"position\":3,\"name\":\"Zna\u010dkov\u00fd Koupelnov\u00e1 sk\u0159\u00ed\u0148ka BONO SZZ 55 (umyvadlo Q) &#8211; N01 B\u00edl\u00e1 lesk \/ \u00dachytka T34 \/ D17 Colorado\"}]},{\"@type\":\"WebSite\",\"@id\":\"https:\/\/www.technodompro.com\/#website\",\"url\":\"https:\/\/www.technodompro.com\/\",\"name\":\"\",\"description\":\"\",\"potentialAction\":[{\"@type\":\"SearchAction\",\"target\":{\"@type\":\"EntryPoint\",\"urlTemplate\":\"https:\/\/www.technodompro.com\/?s={search_term_string}\"},\"query-input\":{\"@type\":\"PropertyValueSpecification\",\"valueRequired\":true,\"valueName\":\"search_term_string\"}}],\"inLanguage\":\"cs\"}]}<\/script>\n<!-- \/ Yoast SEO plugin. -->","yoast_head_json":{"title":"Zna\u010dkov\u00fd Koupelnov\u00e1 sk\u0159\u00ed\u0148ka BONO SZZ 55 (umyvadlo Q) - N01 B\u00edl\u00e1 lesk \/ \u00dachytka T34 \/ D17 Colorado -","robots":{"index":"index","follow":"follow","max-snippet":"max-snippet:-1","max-image-preview":"max-image-preview:large","max-video-preview":"max-video-preview:-1"},"canonical":"https:\/\/www.technodompro.com\/index.php\/produkt\/znackovy-koupelnova-skrinka-bono-szz-55-umyvadlo-q-n01-bila-lesk-uchytka-t34-d17-colorado-53368\/","og_locale":"cs_CZ","og_type":"article","og_title":"Zna\u010dkov\u00fd Koupelnov\u00e1 sk\u0159\u00ed\u0148ka BONO SZZ 55 (umyvadlo Q) - N01 B\u00edl\u00e1 lesk \/ \u00dachytka T34 \/ D17 Colorado -","og_description":"Detailn\u00ed popis produktu Modern\u00ed, \u00fatuln\u00e1 a hlavn\u011b funk\u010dn\u00ed koupelna je snem ka\u017ed\u00e9ho z n\u00e1s. Kolekce koupelnov\u00e9ho n\u00e1bytku BONO na tyto po\u017eadavky reaguje a p\u0159in\u00e1\u0161\u00ed designov\u011b vylad\u011bn\u00e9 umyvadlov\u00e9 sk\u0159\u00ed\u0148ky, kter\u00e9 zaujmou jak sv\u00fdm minimalismem, tak i prakti\u010dnost\u00ed. Sv\u00e9 m\u00edsto si najdou v jak\u00e9koliv koupeln\u011b a d\u00edky bohat\u00e9mu v\u00fdb\u011bru umyvadel a dekor\u016f ji m\u016f\u017eete kombinovat s celou [&hellip;]","og_url":"https:\/\/www.technodompro.com\/index.php\/produkt\/znackovy-koupelnova-skrinka-bono-szz-55-umyvadlo-q-n01-bila-lesk-uchytka-t34-d17-colorado-53368\/","og_image":[{"width":1000,"height":750,"url":"https:\/\/www.technodompro.com\/wp-content\/uploads\/2026\/SK0016760-CZ20260425-093351-0-1777080838-1111422_koupelnova-skrinka-bono-szz-55--umyvadlo-q-n01-bila.webp","type":"image\/webp"}],"twitter_card":"summary_large_image","twitter_misc":{"Odhadovan\u00e1 doba \u010dten\u00ed":"3 minuty"},"schema":{"@context":"https:\/\/schema.org","@graph":[{"@type":"WebPage","@id":"https:\/\/www.technodompro.com\/index.php\/produkt\/znackovy-koupelnova-skrinka-bono-szz-55-umyvadlo-q-n01-bila-lesk-uchytka-t34-d17-colorado-53368\/","url":"https:\/\/www.technodompro.com\/index.php\/produkt\/znackovy-koupelnova-skrinka-bono-szz-55-umyvadlo-q-n01-bila-lesk-uchytka-t34-d17-colorado-53368\/","name":"Zna\u010dkov\u00fd Koupelnov\u00e1 sk\u0159\u00ed\u0148ka BONO SZZ 55 (umyvadlo Q) - N01 B\u00edl\u00e1 lesk \/ \u00dachytka T34 \/ D17 Colorado -","isPartOf":{"@id":"https:\/\/www.technodompro.com\/#website"},"primaryImageOfPage":{"@id":"https:\/\/www.technodompro.com\/index.php\/produkt\/znackovy-koupelnova-skrinka-bono-szz-55-umyvadlo-q-n01-bila-lesk-uchytka-t34-d17-colorado-53368\/#primaryimage"},"image":{"@id":"https:\/\/www.technodompro.com\/index.php\/produkt\/znackovy-koupelnova-skrinka-bono-szz-55-umyvadlo-q-n01-bila-lesk-uchytka-t34-d17-colorado-53368\/#primaryimage"},"thumbnailUrl":"https:\/\/www.technodompro.com\/wp-content\/uploads\/2026\/SK0016760-CZ20260425-093351-0-1777080838-1111422_koupelnova-skrinka-bono-szz-55--umyvadlo-q-n01-bila.webp","datePublished":"2026-04-27T04:42:54+00:00","breadcrumb":{"@id":"https:\/\/www.technodompro.com\/index.php\/produkt\/znackovy-koupelnova-skrinka-bono-szz-55-umyvadlo-q-n01-bila-lesk-uchytka-t34-d17-colorado-53368\/#breadcrumb"},"inLanguage":"cs","potentialAction":[{"@type":"ReadAction","target":["https:\/\/www.technodompro.com\/index.php\/produkt\/znackovy-koupelnova-skrinka-bono-szz-55-umyvadlo-q-n01-bila-lesk-uchytka-t34-d17-colorado-53368\/"]}]},{"@type":"ImageObject","inLanguage":"cs","@id":"https:\/\/www.technodompro.com\/index.php\/produkt\/znackovy-koupelnova-skrinka-bono-szz-55-umyvadlo-q-n01-bila-lesk-uchytka-t34-d17-colorado-53368\/#primaryimage","url":"https:\/\/www.technodompro.com\/wp-content\/uploads\/2026\/SK0016760-CZ20260425-093351-0-1777080838-1111422_koupelnova-skrinka-bono-szz-55--umyvadlo-q-n01-bila.webp","contentUrl":"https:\/\/www.technodompro.com\/wp-content\/uploads\/2026\/SK0016760-CZ20260425-093351-0-1777080838-1111422_koupelnova-skrinka-bono-szz-55--umyvadlo-q-n01-bila.webp","width":1000,"height":750},{"@type":"BreadcrumbList","@id":"https:\/\/www.technodompro.com\/index.php\/produkt\/znackovy-koupelnova-skrinka-bono-szz-55-umyvadlo-q-n01-bila-lesk-uchytka-t34-d17-colorado-53368\/#breadcrumb","itemListElement":[{"@type":"ListItem","position":1,"name":"Home","item":"https:\/\/www.technodompro.com\/"},{"@type":"ListItem","position":2,"name":"Products","item":"https:\/\/www.technodompro.com\/index.php\/products\/"},{"@type":"ListItem","position":3,"name":"Zna\u010dkov\u00fd Koupelnov\u00e1 sk\u0159\u00ed\u0148ka BONO SZZ 55 (umyvadlo Q) &#8211; N01 B\u00edl\u00e1 lesk \/ \u00dachytka T34 \/ D17 Colorado"}]},{"@type":"WebSite","@id":"https:\/\/www.technodompro.com\/#website","url":"https:\/\/www.technodompro.com\/","name":"","description":"","potentialAction":[{"@type":"SearchAction","target":{"@type":"EntryPoint","urlTemplate":"https:\/\/www.technodompro.com\/?s={search_term_string}"},"query-input":{"@type":"PropertyValueSpecification","valueRequired":true,"valueName":"search_term_string"}}],"inLanguage":"cs"}]}},"_links":{"self":[{"href":"https:\/\/www.technodompro.com\/index.php\/wp-json\/wp\/v2\/product\/53368","targetHints":{"allow":["GET"]}}],"collection":[{"href":"https:\/\/www.technodompro.com\/index.php\/wp-json\/wp\/v2\/product"}],"about":[{"href":"https:\/\/www.technodompro.com\/index.php\/wp-json\/wp\/v2\/types\/product"}],"replies":[{"embeddable":true,"href":"https:\/\/www.technodompro.com\/index.php\/wp-json\/wp\/v2\/comments?post=53368"}],"wp:featuredmedia":[{"embeddable":true,"href":"https:\/\/www.technodompro.com\/index.php\/wp-json\/wp\/v2\/media\/53468"}],"wp:attachment":[{"href":"https:\/\/www.technodompro.com\/index.php\/wp-json\/wp\/v2\/media?parent=53368"}],"wp:term":[{"taxonomy":"product_brand","embeddable":true,"href":"https:\/\/www.technodompro.com\/index.php\/wp-json\/wp\/v2\/product_brand?post=53368"},{"taxonomy":"product_cat","embeddable":true,"href":"https:\/\/www.technodompro.com\/index.php\/wp-json\/wp\/v2\/product_cat?post=53368"},{"taxonomy":"product_tag","embeddable":true,"href":"https:\/\/www.technodompro.com\/index.php\/wp-json\/wp\/v2\/product_tag?post=53368"}],"curies":[{"name":"wp","href":"https:\/\/api.w.org\/{rel}","templated":true}]}}