{"id":5346,"date":"2026-04-27T04:40:41","date_gmt":"2026-04-27T04:40:41","guid":{"rendered":""},"modified":"2026-04-27T04:40:41","modified_gmt":"2026-04-27T04:40:41","slug":"agro-cs-vodorozpustne-hnojivo-kristalon-start-0-5-kg-omezena-nabidka-5346","status":"publish","type":"product","link":"https:\/\/www.technodompro.com\/index.php\/produkt\/agro-cs-vodorozpustne-hnojivo-kristalon-start-0-5-kg-omezena-nabidka-5346\/","title":{"rendered":"AGRO CS Vodorozpustn\u00e9 hnojivo Kristalon &#8211; Start 0,5 kg Omezen\u00e1 Nab\u00eddka"},"content":{"rendered":"<div class=\"detail-description__right\">\t\t\t\t<\/div>\n<div class=\"detail-description__top\">\t\t\t\t<\/div>\n<div class=\"detail-description__left\">\n<div class=\"detail-description__left__overflow\">\n<div class=\"detail-description__left__head\">\t\t\t\t\t\tPopis:\t\t\t\t\t<\/div>\n<div class=\"ul-style ul-style--check\">\n<p><strong>Vodorozpustn\u00e9 hnojivo Kristalon\u00a0\u2013 Start 0,5\u00a0kg<\/strong><\/p>\n<p>Kristalon Start je krystalick\u00e9 ES hnojivo, vodorozpustn\u00e9, kter\u00e9\u00a0 zajist\u00edrychl\u00fd r\u016fst rostlin, vyv\u00e1\u017een\u00fd pom\u011brem NPK zamez\u00ed \u017eloutnut\u00ed list\u016f. Jevhodn\u00fd jak pro zeleninu,tak pro okrasn\u00e9 rostliny, cibuloviny, drobn\u00e9 ovocei\u00a0ovocn\u00e9 stromy.<\/p>\n<p>Aplikace se prov\u00e1d\u00ed z\u00e1livkou nebo post\u0159ikem na list 1\u00d7 t\u00fddn\u011b.Sou\u010d\u00e1st\u00ed balen\u00ed je i\u00a0praktick\u00e1 odm\u011brka.<\/p>\n<p><strong>D\u00e1vkov\u00e1n\u00ed: <\/strong><\/p>\n<p>1\u00a0odm\u011brka (10g) hnojiva se rozpust\u00ed v\u00a010\u00a0l vody. Balen\u00ed 0,5kg vysta\u010d\u00edna 500\u00a0l z\u00e1livky. Hnojivo je 100% vodorozpustn\u00e9.<\/p>\n<p><strong>Slo\u017een\u00ed: <\/strong><\/p>\n<ul class=\"plusminus\">\n<li><i class=\"fas fa-check\"><\/i><span>N-P-K (19\u20136\u201320) + 3% Mg +7,5% S + mikroprvky B, Mo, Fe, Cu, Mn,\u00a0Zn<\/span><\/li>\n<\/ul>\n<\/div>\n<div class=\"detail-description__left__more\">\t\t\t\t\t\t<span> <\/span><span> <\/span>\t\t\t\t\t<\/div>\n<\/p><\/div>\n<\/p><\/div>\n<div class=\"detail-description__more\"><span> <\/span><span> <\/span><\/div>\n<\/p><\/div>\n<\/p><\/div>\n","protected":false},"excerpt":{"rendered":"<p>Popis: Vodorozpustn\u00e9 hnojivo Kristalon\u00a0\u2013 Start 0,5\u00a0kg Kristalon Start je krystalick\u00e9 ES hnojivo, vodorozpustn\u00e9, kter\u00e9\u00a0 zajist\u00edrychl\u00fd r\u016fst rostlin, vyv\u00e1\u017een\u00fd pom\u011brem NPK zamez\u00ed \u017eloutnut\u00ed list\u016f. Jevhodn\u00fd jak pro zeleninu,tak pro okrasn\u00e9 rostliny, cibuloviny, drobn\u00e9 ovocei\u00a0ovocn\u00e9 stromy. Aplikace se prov\u00e1d\u00ed z\u00e1livkou nebo post\u0159ikem na list 1\u00d7 t\u00fddn\u011b.Sou\u010d\u00e1st\u00ed balen\u00ed je i\u00a0praktick\u00e1 odm\u011brka. D\u00e1vkov\u00e1n\u00ed: 1\u00a0odm\u011brka (10g) hnojiva se rozpust\u00ed v\u00a010\u00a0l [&hellip;]<\/p>\n","protected":false},"featured_media":5446,"comment_status":"open","ping_status":"open","template":"","meta":[],"product_brand":[],"product_cat":[36],"product_tag":[],"class_list":{"0":"post-5346","1":"product","2":"type-product","3":"status-publish","4":"has-post-thumbnail","6":"product_cat-zahrada","8":"first","9":"instock","10":"sale","11":"shipping-taxable","12":"purchasable","13":"product-type-simple"},"yoast_head":"<!-- This site is optimized with the Yoast SEO plugin v26.8 - https:\/\/yoast.com\/product\/yoast-seo-wordpress\/ -->\n<title>AGRO CS Vodorozpustn\u00e9 hnojivo Kristalon - Start 0,5 kg Omezen\u00e1 Nab\u00eddka -<\/title>\n<meta name=\"robots\" content=\"index, follow, max-snippet:-1, max-image-preview:large, max-video-preview:-1\" \/>\n<link rel=\"canonical\" href=\"https:\/\/www.technodompro.com\/index.php\/produkt\/agro-cs-vodorozpustne-hnojivo-kristalon-start-0-5-kg-omezena-nabidka-5346\/\" \/>\n<meta property=\"og:locale\" content=\"cs_CZ\" \/>\n<meta property=\"og:type\" content=\"article\" \/>\n<meta property=\"og:title\" content=\"AGRO CS Vodorozpustn\u00e9 hnojivo Kristalon - Start 0,5 kg Omezen\u00e1 Nab\u00eddka -\" \/>\n<meta property=\"og:description\" content=\"Popis: Vodorozpustn\u00e9 hnojivo Kristalon\u00a0\u2013 Start 0,5\u00a0kg Kristalon Start je krystalick\u00e9 ES hnojivo, vodorozpustn\u00e9, kter\u00e9\u00a0 zajist\u00edrychl\u00fd r\u016fst rostlin, vyv\u00e1\u017een\u00fd pom\u011brem NPK zamez\u00ed \u017eloutnut\u00ed list\u016f. Jevhodn\u00fd jak pro zeleninu,tak pro okrasn\u00e9 rostliny, cibuloviny, drobn\u00e9 ovocei\u00a0ovocn\u00e9 stromy. Aplikace se prov\u00e1d\u00ed z\u00e1livkou nebo post\u0159ikem na list 1\u00d7 t\u00fddn\u011b.Sou\u010d\u00e1st\u00ed balen\u00ed je i\u00a0praktick\u00e1 odm\u011brka. D\u00e1vkov\u00e1n\u00ed: 1\u00a0odm\u011brka (10g) hnojiva se rozpust\u00ed v\u00a010\u00a0l [&hellip;]\" \/>\n<meta property=\"og:url\" content=\"https:\/\/www.technodompro.com\/index.php\/produkt\/agro-cs-vodorozpustne-hnojivo-kristalon-start-0-5-kg-omezena-nabidka-5346\/\" \/>\n<meta property=\"og:image\" content=\"https:\/\/www.technodompro.com\/wp-content\/uploads\/2026\/SK0018429-CZ20260425-091936-0-1777079982-agro-cs-vodorozpustne-hnojivo-kristalon-start-0-5-kg-w1200-.webp\" \/>\n\t<meta property=\"og:image:width\" content=\"1000\" \/>\n\t<meta property=\"og:image:height\" content=\"523\" \/>\n\t<meta property=\"og:image:type\" content=\"image\/webp\" \/>\n<meta name=\"twitter:card\" content=\"summary_large_image\" \/>\n<script type=\"application\/ld+json\" class=\"yoast-schema-graph\">{\"@context\":\"https:\/\/schema.org\",\"@graph\":[{\"@type\":\"WebPage\",\"@id\":\"https:\/\/www.technodompro.com\/index.php\/produkt\/agro-cs-vodorozpustne-hnojivo-kristalon-start-0-5-kg-omezena-nabidka-5346\/\",\"url\":\"https:\/\/www.technodompro.com\/index.php\/produkt\/agro-cs-vodorozpustne-hnojivo-kristalon-start-0-5-kg-omezena-nabidka-5346\/\",\"name\":\"AGRO CS Vodorozpustn\u00e9 hnojivo Kristalon - Start 0,5 kg Omezen\u00e1 Nab\u00eddka -\",\"isPartOf\":{\"@id\":\"https:\/\/www.technodompro.com\/#website\"},\"primaryImageOfPage\":{\"@id\":\"https:\/\/www.technodompro.com\/index.php\/produkt\/agro-cs-vodorozpustne-hnojivo-kristalon-start-0-5-kg-omezena-nabidka-5346\/#primaryimage\"},\"image\":{\"@id\":\"https:\/\/www.technodompro.com\/index.php\/produkt\/agro-cs-vodorozpustne-hnojivo-kristalon-start-0-5-kg-omezena-nabidka-5346\/#primaryimage\"},\"thumbnailUrl\":\"https:\/\/www.technodompro.com\/wp-content\/uploads\/2026\/SK0018429-CZ20260425-091936-0-1777079982-agro-cs-vodorozpustne-hnojivo-kristalon-start-0-5-kg-w1200-.webp\",\"datePublished\":\"2026-04-27T04:40:41+00:00\",\"breadcrumb\":{\"@id\":\"https:\/\/www.technodompro.com\/index.php\/produkt\/agro-cs-vodorozpustne-hnojivo-kristalon-start-0-5-kg-omezena-nabidka-5346\/#breadcrumb\"},\"inLanguage\":\"cs\",\"potentialAction\":[{\"@type\":\"ReadAction\",\"target\":[\"https:\/\/www.technodompro.com\/index.php\/produkt\/agro-cs-vodorozpustne-hnojivo-kristalon-start-0-5-kg-omezena-nabidka-5346\/\"]}]},{\"@type\":\"ImageObject\",\"inLanguage\":\"cs\",\"@id\":\"https:\/\/www.technodompro.com\/index.php\/produkt\/agro-cs-vodorozpustne-hnojivo-kristalon-start-0-5-kg-omezena-nabidka-5346\/#primaryimage\",\"url\":\"https:\/\/www.technodompro.com\/wp-content\/uploads\/2026\/SK0018429-CZ20260425-091936-0-1777079982-agro-cs-vodorozpustne-hnojivo-kristalon-start-0-5-kg-w1200-.webp\",\"contentUrl\":\"https:\/\/www.technodompro.com\/wp-content\/uploads\/2026\/SK0018429-CZ20260425-091936-0-1777079982-agro-cs-vodorozpustne-hnojivo-kristalon-start-0-5-kg-w1200-.webp\",\"width\":1000,\"height\":523},{\"@type\":\"BreadcrumbList\",\"@id\":\"https:\/\/www.technodompro.com\/index.php\/produkt\/agro-cs-vodorozpustne-hnojivo-kristalon-start-0-5-kg-omezena-nabidka-5346\/#breadcrumb\",\"itemListElement\":[{\"@type\":\"ListItem\",\"position\":1,\"name\":\"Home\",\"item\":\"https:\/\/www.technodompro.com\/\"},{\"@type\":\"ListItem\",\"position\":2,\"name\":\"Products\",\"item\":\"https:\/\/www.technodompro.com\/index.php\/products\/\"},{\"@type\":\"ListItem\",\"position\":3,\"name\":\"AGRO CS Vodorozpustn\u00e9 hnojivo Kristalon &#8211; Start 0,5 kg Omezen\u00e1 Nab\u00eddka\"}]},{\"@type\":\"WebSite\",\"@id\":\"https:\/\/www.technodompro.com\/#website\",\"url\":\"https:\/\/www.technodompro.com\/\",\"name\":\"\",\"description\":\"\",\"potentialAction\":[{\"@type\":\"SearchAction\",\"target\":{\"@type\":\"EntryPoint\",\"urlTemplate\":\"https:\/\/www.technodompro.com\/?s={search_term_string}\"},\"query-input\":{\"@type\":\"PropertyValueSpecification\",\"valueRequired\":true,\"valueName\":\"search_term_string\"}}],\"inLanguage\":\"cs\"}]}<\/script>\n<!-- \/ Yoast SEO plugin. -->","yoast_head_json":{"title":"AGRO CS Vodorozpustn\u00e9 hnojivo Kristalon - Start 0,5 kg Omezen\u00e1 Nab\u00eddka -","robots":{"index":"index","follow":"follow","max-snippet":"max-snippet:-1","max-image-preview":"max-image-preview:large","max-video-preview":"max-video-preview:-1"},"canonical":"https:\/\/www.technodompro.com\/index.php\/produkt\/agro-cs-vodorozpustne-hnojivo-kristalon-start-0-5-kg-omezena-nabidka-5346\/","og_locale":"cs_CZ","og_type":"article","og_title":"AGRO CS Vodorozpustn\u00e9 hnojivo Kristalon - Start 0,5 kg Omezen\u00e1 Nab\u00eddka -","og_description":"Popis: Vodorozpustn\u00e9 hnojivo Kristalon\u00a0\u2013 Start 0,5\u00a0kg Kristalon Start je krystalick\u00e9 ES hnojivo, vodorozpustn\u00e9, kter\u00e9\u00a0 zajist\u00edrychl\u00fd r\u016fst rostlin, vyv\u00e1\u017een\u00fd pom\u011brem NPK zamez\u00ed \u017eloutnut\u00ed list\u016f. Jevhodn\u00fd jak pro zeleninu,tak pro okrasn\u00e9 rostliny, cibuloviny, drobn\u00e9 ovocei\u00a0ovocn\u00e9 stromy. Aplikace se prov\u00e1d\u00ed z\u00e1livkou nebo post\u0159ikem na list 1\u00d7 t\u00fddn\u011b.Sou\u010d\u00e1st\u00ed balen\u00ed je i\u00a0praktick\u00e1 odm\u011brka. D\u00e1vkov\u00e1n\u00ed: 1\u00a0odm\u011brka (10g) hnojiva se rozpust\u00ed v\u00a010\u00a0l [&hellip;]","og_url":"https:\/\/www.technodompro.com\/index.php\/produkt\/agro-cs-vodorozpustne-hnojivo-kristalon-start-0-5-kg-omezena-nabidka-5346\/","og_image":[{"width":1000,"height":523,"url":"https:\/\/www.technodompro.com\/wp-content\/uploads\/2026\/SK0018429-CZ20260425-091936-0-1777079982-agro-cs-vodorozpustne-hnojivo-kristalon-start-0-5-kg-w1200-.webp","type":"image\/webp"}],"twitter_card":"summary_large_image","schema":{"@context":"https:\/\/schema.org","@graph":[{"@type":"WebPage","@id":"https:\/\/www.technodompro.com\/index.php\/produkt\/agro-cs-vodorozpustne-hnojivo-kristalon-start-0-5-kg-omezena-nabidka-5346\/","url":"https:\/\/www.technodompro.com\/index.php\/produkt\/agro-cs-vodorozpustne-hnojivo-kristalon-start-0-5-kg-omezena-nabidka-5346\/","name":"AGRO CS Vodorozpustn\u00e9 hnojivo Kristalon - Start 0,5 kg Omezen\u00e1 Nab\u00eddka -","isPartOf":{"@id":"https:\/\/www.technodompro.com\/#website"},"primaryImageOfPage":{"@id":"https:\/\/www.technodompro.com\/index.php\/produkt\/agro-cs-vodorozpustne-hnojivo-kristalon-start-0-5-kg-omezena-nabidka-5346\/#primaryimage"},"image":{"@id":"https:\/\/www.technodompro.com\/index.php\/produkt\/agro-cs-vodorozpustne-hnojivo-kristalon-start-0-5-kg-omezena-nabidka-5346\/#primaryimage"},"thumbnailUrl":"https:\/\/www.technodompro.com\/wp-content\/uploads\/2026\/SK0018429-CZ20260425-091936-0-1777079982-agro-cs-vodorozpustne-hnojivo-kristalon-start-0-5-kg-w1200-.webp","datePublished":"2026-04-27T04:40:41+00:00","breadcrumb":{"@id":"https:\/\/www.technodompro.com\/index.php\/produkt\/agro-cs-vodorozpustne-hnojivo-kristalon-start-0-5-kg-omezena-nabidka-5346\/#breadcrumb"},"inLanguage":"cs","potentialAction":[{"@type":"ReadAction","target":["https:\/\/www.technodompro.com\/index.php\/produkt\/agro-cs-vodorozpustne-hnojivo-kristalon-start-0-5-kg-omezena-nabidka-5346\/"]}]},{"@type":"ImageObject","inLanguage":"cs","@id":"https:\/\/www.technodompro.com\/index.php\/produkt\/agro-cs-vodorozpustne-hnojivo-kristalon-start-0-5-kg-omezena-nabidka-5346\/#primaryimage","url":"https:\/\/www.technodompro.com\/wp-content\/uploads\/2026\/SK0018429-CZ20260425-091936-0-1777079982-agro-cs-vodorozpustne-hnojivo-kristalon-start-0-5-kg-w1200-.webp","contentUrl":"https:\/\/www.technodompro.com\/wp-content\/uploads\/2026\/SK0018429-CZ20260425-091936-0-1777079982-agro-cs-vodorozpustne-hnojivo-kristalon-start-0-5-kg-w1200-.webp","width":1000,"height":523},{"@type":"BreadcrumbList","@id":"https:\/\/www.technodompro.com\/index.php\/produkt\/agro-cs-vodorozpustne-hnojivo-kristalon-start-0-5-kg-omezena-nabidka-5346\/#breadcrumb","itemListElement":[{"@type":"ListItem","position":1,"name":"Home","item":"https:\/\/www.technodompro.com\/"},{"@type":"ListItem","position":2,"name":"Products","item":"https:\/\/www.technodompro.com\/index.php\/products\/"},{"@type":"ListItem","position":3,"name":"AGRO CS Vodorozpustn\u00e9 hnojivo Kristalon &#8211; Start 0,5 kg Omezen\u00e1 Nab\u00eddka"}]},{"@type":"WebSite","@id":"https:\/\/www.technodompro.com\/#website","url":"https:\/\/www.technodompro.com\/","name":"","description":"","potentialAction":[{"@type":"SearchAction","target":{"@type":"EntryPoint","urlTemplate":"https:\/\/www.technodompro.com\/?s={search_term_string}"},"query-input":{"@type":"PropertyValueSpecification","valueRequired":true,"valueName":"search_term_string"}}],"inLanguage":"cs"}]}},"_links":{"self":[{"href":"https:\/\/www.technodompro.com\/index.php\/wp-json\/wp\/v2\/product\/5346","targetHints":{"allow":["GET"]}}],"collection":[{"href":"https:\/\/www.technodompro.com\/index.php\/wp-json\/wp\/v2\/product"}],"about":[{"href":"https:\/\/www.technodompro.com\/index.php\/wp-json\/wp\/v2\/types\/product"}],"replies":[{"embeddable":true,"href":"https:\/\/www.technodompro.com\/index.php\/wp-json\/wp\/v2\/comments?post=5346"}],"wp:featuredmedia":[{"embeddable":true,"href":"https:\/\/www.technodompro.com\/index.php\/wp-json\/wp\/v2\/media\/5446"}],"wp:attachment":[{"href":"https:\/\/www.technodompro.com\/index.php\/wp-json\/wp\/v2\/media?parent=5346"}],"wp:term":[{"taxonomy":"product_brand","embeddable":true,"href":"https:\/\/www.technodompro.com\/index.php\/wp-json\/wp\/v2\/product_brand?post=5346"},{"taxonomy":"product_cat","embeddable":true,"href":"https:\/\/www.technodompro.com\/index.php\/wp-json\/wp\/v2\/product_cat?post=5346"},{"taxonomy":"product_tag","embeddable":true,"href":"https:\/\/www.technodompro.com\/index.php\/wp-json\/wp\/v2\/product_tag?post=5346"}],"curies":[{"name":"wp","href":"https:\/\/api.w.org\/{rel}","templated":true}]}}