{"id":5387,"date":"2026-04-27T04:40:41","date_gmt":"2026-04-27T04:40:41","guid":{"rendered":""},"modified":"2026-04-27T04:40:41","modified_gmt":"2026-04-27T04:40:41","slug":"znackovy-bradas-stinici-sit-40-2x50m-38g-m2-5387","status":"publish","type":"product","link":"https:\/\/www.technodompro.com\/index.php\/produkt\/znackovy-bradas-stinici-sit-40-2x50m-38g-m2-5387\/","title":{"rendered":"Zna\u010dkov\u00fd Bradas St\u00edn\u00edc\u00ed s\u00ed\u0165 40% &#8211; 2x50m 38g\/m2"},"content":{"rendered":"<div class=\"detail-description__right\">\t\t\t\t<\/div>\n<div class=\"detail-description__top\">\t\t\t\t<\/div>\n<div class=\"detail-description__left\">\n<div class=\"detail-description__left__overflow\">\n<div class=\"detail-description__left__head\">\t\t\t\t\t\tPopis:\t\t\t\t\t<\/div>\n<div class=\"ul-style ul-style--check\">\n<p>St\u00edn\u00edc\u00ed s\u00ed\u0165 40%\u00a0\u2013 2\u00d750m<\/p>\n<p>Ochrann\u00e1 st\u00edn\u00edc\u00ed s\u00ed\u0165 s\u00a0\u00fa\u010dinnost\u00ed 40%. Vhodn\u00e1 pro zachov\u00e1n\u00edsoukrom\u00fd na va\u0161\u00ed zahrad\u011b, terase nebo balk\u00f3nu.<\/p>\n<p>S\u00ed\u0165 z\u00e1rove\u0148 chr\u00e1n\u00edproti v\u011btru. St\u00edn\u00edc\u00ed s\u00ed\u0165 je velmi \u00fa\u010dinnouochranou p\u0159i p\u011bstov\u00e1n\u00ed rostlin\u00a0nap\u0159.<\/p>\n<p>p\u0159ed prudk\u00fdm slune\u010dn\u00edm\u00a0z\u00e1\u0159en\u00edm, v\u011btrem nebo krupobit\u00edm.<\/p>\n<p>O\u010dka po obvodu s\u00edt\u011b usnad\u0148uj\u00ed instalaci a p\u0159ipevn\u011bn\u00ed.<\/p>\n<p>Pro upevn\u011bn\u00ed doporu\u010dujeme pou\u017e\u00edt plastov\u00e9 upev\u0148ovac\u00edelektrik\u00e1\u0159sk\u00e9\u00a0p\u00e1s\u00adky.<\/p>\n<p><strong>Pou\u017eit\u00ed:\u00a0<\/strong><\/p>\n<ul class=\"plusminus\">\n<li><i class=\"fas fa-check\"><\/i><span>Ochrana zahrad, teras, balk\u00f3n\u016f<strong>\u00a0<\/strong><\/span><\/li>\n<li><i class=\"fas fa-check\"><\/i><span>Sportovi\u0161\u0165 a rekrea\u010dn\u00edch ploch<\/span><\/li>\n<li><i class=\"fas fa-check\"><\/i><span>\u0160kolky, zahradnictv\u00ed, sklen\u00edky<\/span><\/li>\n<li><i class=\"fas fa-check\"><\/i><span>Gram\u00e1\u017e: 38g\/m2<\/span><\/li>\n<li><i class=\"fas fa-check\"><\/i><span>Rom\u011bry: 2\u00d750m<\/span><\/li>\n<\/ul>\n<\/div>\n<div class=\"detail-description__left__more\">\t\t\t\t\t\t<span> <\/span><span> <\/span>\t\t\t\t\t<\/div>\n<\/p><\/div>\n<\/p><\/div>\n<div class=\"detail-description__more\"><span> <\/span><span> <\/span><\/div>\n<\/p><\/div>\n<\/p><\/div>\n","protected":false},"excerpt":{"rendered":"<p>Popis: St\u00edn\u00edc\u00ed s\u00ed\u0165 40%\u00a0\u2013 2\u00d750m Ochrann\u00e1 st\u00edn\u00edc\u00ed s\u00ed\u0165 s\u00a0\u00fa\u010dinnost\u00ed 40%. Vhodn\u00e1 pro zachov\u00e1n\u00edsoukrom\u00fd na va\u0161\u00ed zahrad\u011b, terase nebo balk\u00f3nu. S\u00ed\u0165 z\u00e1rove\u0148 chr\u00e1n\u00edproti v\u011btru. St\u00edn\u00edc\u00ed s\u00ed\u0165 je velmi \u00fa\u010dinnouochranou p\u0159i p\u011bstov\u00e1n\u00ed rostlin\u00a0nap\u0159. p\u0159ed prudk\u00fdm slune\u010dn\u00edm\u00a0z\u00e1\u0159en\u00edm, v\u011btrem nebo krupobit\u00edm. O\u010dka po obvodu s\u00edt\u011b usnad\u0148uj\u00ed instalaci a p\u0159ipevn\u011bn\u00ed. Pro upevn\u011bn\u00ed doporu\u010dujeme pou\u017e\u00edt plastov\u00e9 upev\u0148ovac\u00edelektrik\u00e1\u0159sk\u00e9\u00a0p\u00e1s\u00adky. Pou\u017eit\u00ed:\u00a0 Ochrana zahrad, teras, [&hellip;]<\/p>\n","protected":false},"featured_media":5487,"comment_status":"open","ping_status":"open","template":"","meta":[],"product_brand":[],"product_cat":[36],"product_tag":[],"class_list":{"0":"post-5387","1":"product","2":"type-product","3":"status-publish","4":"has-post-thumbnail","6":"product_cat-zahrada","8":"first","9":"instock","10":"sale","11":"shipping-taxable","12":"purchasable","13":"product-type-simple"},"yoast_head":"<!-- This site is optimized with the Yoast SEO plugin v26.8 - https:\/\/yoast.com\/product\/yoast-seo-wordpress\/ -->\n<title>Zna\u010dkov\u00fd Bradas St\u00edn\u00edc\u00ed s\u00ed\u0165 40% - 2x50m 38g\/m2 -<\/title>\n<meta name=\"robots\" content=\"index, follow, max-snippet:-1, max-image-preview:large, max-video-preview:-1\" \/>\n<link rel=\"canonical\" href=\"https:\/\/www.technodompro.com\/index.php\/produkt\/znackovy-bradas-stinici-sit-40-2x50m-38g-m2-5387\/\" \/>\n<meta property=\"og:locale\" content=\"cs_CZ\" \/>\n<meta property=\"og:type\" content=\"article\" \/>\n<meta property=\"og:title\" content=\"Zna\u010dkov\u00fd Bradas St\u00edn\u00edc\u00ed s\u00ed\u0165 40% - 2x50m 38g\/m2 -\" \/>\n<meta property=\"og:description\" content=\"Popis: St\u00edn\u00edc\u00ed s\u00ed\u0165 40%\u00a0\u2013 2\u00d750m Ochrann\u00e1 st\u00edn\u00edc\u00ed s\u00ed\u0165 s\u00a0\u00fa\u010dinnost\u00ed 40%. Vhodn\u00e1 pro zachov\u00e1n\u00edsoukrom\u00fd na va\u0161\u00ed zahrad\u011b, terase nebo balk\u00f3nu. S\u00ed\u0165 z\u00e1rove\u0148 chr\u00e1n\u00edproti v\u011btru. St\u00edn\u00edc\u00ed s\u00ed\u0165 je velmi \u00fa\u010dinnouochranou p\u0159i p\u011bstov\u00e1n\u00ed rostlin\u00a0nap\u0159. p\u0159ed prudk\u00fdm slune\u010dn\u00edm\u00a0z\u00e1\u0159en\u00edm, v\u011btrem nebo krupobit\u00edm. O\u010dka po obvodu s\u00edt\u011b usnad\u0148uj\u00ed instalaci a p\u0159ipevn\u011bn\u00ed. Pro upevn\u011bn\u00ed doporu\u010dujeme pou\u017e\u00edt plastov\u00e9 upev\u0148ovac\u00edelektrik\u00e1\u0159sk\u00e9\u00a0p\u00e1s\u00adky. Pou\u017eit\u00ed:\u00a0 Ochrana zahrad, teras, [&hellip;]\" \/>\n<meta property=\"og:url\" content=\"https:\/\/www.technodompro.com\/index.php\/produkt\/znackovy-bradas-stinici-sit-40-2x50m-38g-m2-5387\/\" \/>\n<meta property=\"og:image\" content=\"https:\/\/www.technodompro.com\/wp-content\/uploads\/2026\/SK0018470-CZ20260425-091936-0-1777079982-bradas-stinici-sit-40-2x50m-38g-m2-w1200-h628-f8-3fab99c283.webp\" \/>\n\t<meta property=\"og:image:width\" content=\"1000\" \/>\n\t<meta property=\"og:image:height\" content=\"523\" \/>\n\t<meta property=\"og:image:type\" content=\"image\/webp\" \/>\n<meta name=\"twitter:card\" content=\"summary_large_image\" \/>\n<meta name=\"twitter:label1\" content=\"Odhadovan\u00e1 doba \u010dten\u00ed\" \/>\n\t<meta name=\"twitter:data1\" content=\"1 minuta\" \/>\n<script type=\"application\/ld+json\" class=\"yoast-schema-graph\">{\"@context\":\"https:\/\/schema.org\",\"@graph\":[{\"@type\":\"WebPage\",\"@id\":\"https:\/\/www.technodompro.com\/index.php\/produkt\/znackovy-bradas-stinici-sit-40-2x50m-38g-m2-5387\/\",\"url\":\"https:\/\/www.technodompro.com\/index.php\/produkt\/znackovy-bradas-stinici-sit-40-2x50m-38g-m2-5387\/\",\"name\":\"Zna\u010dkov\u00fd Bradas St\u00edn\u00edc\u00ed s\u00ed\u0165 40% - 2x50m 38g\/m2 -\",\"isPartOf\":{\"@id\":\"https:\/\/www.technodompro.com\/#website\"},\"primaryImageOfPage\":{\"@id\":\"https:\/\/www.technodompro.com\/index.php\/produkt\/znackovy-bradas-stinici-sit-40-2x50m-38g-m2-5387\/#primaryimage\"},\"image\":{\"@id\":\"https:\/\/www.technodompro.com\/index.php\/produkt\/znackovy-bradas-stinici-sit-40-2x50m-38g-m2-5387\/#primaryimage\"},\"thumbnailUrl\":\"https:\/\/www.technodompro.com\/wp-content\/uploads\/2026\/SK0018470-CZ20260425-091936-0-1777079982-bradas-stinici-sit-40-2x50m-38g-m2-w1200-h628-f8-3fab99c283.webp\",\"datePublished\":\"2026-04-27T04:40:41+00:00\",\"breadcrumb\":{\"@id\":\"https:\/\/www.technodompro.com\/index.php\/produkt\/znackovy-bradas-stinici-sit-40-2x50m-38g-m2-5387\/#breadcrumb\"},\"inLanguage\":\"cs\",\"potentialAction\":[{\"@type\":\"ReadAction\",\"target\":[\"https:\/\/www.technodompro.com\/index.php\/produkt\/znackovy-bradas-stinici-sit-40-2x50m-38g-m2-5387\/\"]}]},{\"@type\":\"ImageObject\",\"inLanguage\":\"cs\",\"@id\":\"https:\/\/www.technodompro.com\/index.php\/produkt\/znackovy-bradas-stinici-sit-40-2x50m-38g-m2-5387\/#primaryimage\",\"url\":\"https:\/\/www.technodompro.com\/wp-content\/uploads\/2026\/SK0018470-CZ20260425-091936-0-1777079982-bradas-stinici-sit-40-2x50m-38g-m2-w1200-h628-f8-3fab99c283.webp\",\"contentUrl\":\"https:\/\/www.technodompro.com\/wp-content\/uploads\/2026\/SK0018470-CZ20260425-091936-0-1777079982-bradas-stinici-sit-40-2x50m-38g-m2-w1200-h628-f8-3fab99c283.webp\",\"width\":1000,\"height\":523},{\"@type\":\"BreadcrumbList\",\"@id\":\"https:\/\/www.technodompro.com\/index.php\/produkt\/znackovy-bradas-stinici-sit-40-2x50m-38g-m2-5387\/#breadcrumb\",\"itemListElement\":[{\"@type\":\"ListItem\",\"position\":1,\"name\":\"Home\",\"item\":\"https:\/\/www.technodompro.com\/\"},{\"@type\":\"ListItem\",\"position\":2,\"name\":\"Products\",\"item\":\"https:\/\/www.technodompro.com\/index.php\/products\/\"},{\"@type\":\"ListItem\",\"position\":3,\"name\":\"Zna\u010dkov\u00fd Bradas St\u00edn\u00edc\u00ed s\u00ed\u0165 40% &#8211; 2x50m 38g\/m2\"}]},{\"@type\":\"WebSite\",\"@id\":\"https:\/\/www.technodompro.com\/#website\",\"url\":\"https:\/\/www.technodompro.com\/\",\"name\":\"\",\"description\":\"\",\"potentialAction\":[{\"@type\":\"SearchAction\",\"target\":{\"@type\":\"EntryPoint\",\"urlTemplate\":\"https:\/\/www.technodompro.com\/?s={search_term_string}\"},\"query-input\":{\"@type\":\"PropertyValueSpecification\",\"valueRequired\":true,\"valueName\":\"search_term_string\"}}],\"inLanguage\":\"cs\"}]}<\/script>\n<!-- \/ Yoast SEO plugin. -->","yoast_head_json":{"title":"Zna\u010dkov\u00fd Bradas St\u00edn\u00edc\u00ed s\u00ed\u0165 40% - 2x50m 38g\/m2 -","robots":{"index":"index","follow":"follow","max-snippet":"max-snippet:-1","max-image-preview":"max-image-preview:large","max-video-preview":"max-video-preview:-1"},"canonical":"https:\/\/www.technodompro.com\/index.php\/produkt\/znackovy-bradas-stinici-sit-40-2x50m-38g-m2-5387\/","og_locale":"cs_CZ","og_type":"article","og_title":"Zna\u010dkov\u00fd Bradas St\u00edn\u00edc\u00ed s\u00ed\u0165 40% - 2x50m 38g\/m2 -","og_description":"Popis: St\u00edn\u00edc\u00ed s\u00ed\u0165 40%\u00a0\u2013 2\u00d750m Ochrann\u00e1 st\u00edn\u00edc\u00ed s\u00ed\u0165 s\u00a0\u00fa\u010dinnost\u00ed 40%. Vhodn\u00e1 pro zachov\u00e1n\u00edsoukrom\u00fd na va\u0161\u00ed zahrad\u011b, terase nebo balk\u00f3nu. S\u00ed\u0165 z\u00e1rove\u0148 chr\u00e1n\u00edproti v\u011btru. St\u00edn\u00edc\u00ed s\u00ed\u0165 je velmi \u00fa\u010dinnouochranou p\u0159i p\u011bstov\u00e1n\u00ed rostlin\u00a0nap\u0159. p\u0159ed prudk\u00fdm slune\u010dn\u00edm\u00a0z\u00e1\u0159en\u00edm, v\u011btrem nebo krupobit\u00edm. O\u010dka po obvodu s\u00edt\u011b usnad\u0148uj\u00ed instalaci a p\u0159ipevn\u011bn\u00ed. Pro upevn\u011bn\u00ed doporu\u010dujeme pou\u017e\u00edt plastov\u00e9 upev\u0148ovac\u00edelektrik\u00e1\u0159sk\u00e9\u00a0p\u00e1s\u00adky. Pou\u017eit\u00ed:\u00a0 Ochrana zahrad, teras, [&hellip;]","og_url":"https:\/\/www.technodompro.com\/index.php\/produkt\/znackovy-bradas-stinici-sit-40-2x50m-38g-m2-5387\/","og_image":[{"width":1000,"height":523,"url":"https:\/\/www.technodompro.com\/wp-content\/uploads\/2026\/SK0018470-CZ20260425-091936-0-1777079982-bradas-stinici-sit-40-2x50m-38g-m2-w1200-h628-f8-3fab99c283.webp","type":"image\/webp"}],"twitter_card":"summary_large_image","twitter_misc":{"Odhadovan\u00e1 doba \u010dten\u00ed":"1 minuta"},"schema":{"@context":"https:\/\/schema.org","@graph":[{"@type":"WebPage","@id":"https:\/\/www.technodompro.com\/index.php\/produkt\/znackovy-bradas-stinici-sit-40-2x50m-38g-m2-5387\/","url":"https:\/\/www.technodompro.com\/index.php\/produkt\/znackovy-bradas-stinici-sit-40-2x50m-38g-m2-5387\/","name":"Zna\u010dkov\u00fd Bradas St\u00edn\u00edc\u00ed s\u00ed\u0165 40% - 2x50m 38g\/m2 -","isPartOf":{"@id":"https:\/\/www.technodompro.com\/#website"},"primaryImageOfPage":{"@id":"https:\/\/www.technodompro.com\/index.php\/produkt\/znackovy-bradas-stinici-sit-40-2x50m-38g-m2-5387\/#primaryimage"},"image":{"@id":"https:\/\/www.technodompro.com\/index.php\/produkt\/znackovy-bradas-stinici-sit-40-2x50m-38g-m2-5387\/#primaryimage"},"thumbnailUrl":"https:\/\/www.technodompro.com\/wp-content\/uploads\/2026\/SK0018470-CZ20260425-091936-0-1777079982-bradas-stinici-sit-40-2x50m-38g-m2-w1200-h628-f8-3fab99c283.webp","datePublished":"2026-04-27T04:40:41+00:00","breadcrumb":{"@id":"https:\/\/www.technodompro.com\/index.php\/produkt\/znackovy-bradas-stinici-sit-40-2x50m-38g-m2-5387\/#breadcrumb"},"inLanguage":"cs","potentialAction":[{"@type":"ReadAction","target":["https:\/\/www.technodompro.com\/index.php\/produkt\/znackovy-bradas-stinici-sit-40-2x50m-38g-m2-5387\/"]}]},{"@type":"ImageObject","inLanguage":"cs","@id":"https:\/\/www.technodompro.com\/index.php\/produkt\/znackovy-bradas-stinici-sit-40-2x50m-38g-m2-5387\/#primaryimage","url":"https:\/\/www.technodompro.com\/wp-content\/uploads\/2026\/SK0018470-CZ20260425-091936-0-1777079982-bradas-stinici-sit-40-2x50m-38g-m2-w1200-h628-f8-3fab99c283.webp","contentUrl":"https:\/\/www.technodompro.com\/wp-content\/uploads\/2026\/SK0018470-CZ20260425-091936-0-1777079982-bradas-stinici-sit-40-2x50m-38g-m2-w1200-h628-f8-3fab99c283.webp","width":1000,"height":523},{"@type":"BreadcrumbList","@id":"https:\/\/www.technodompro.com\/index.php\/produkt\/znackovy-bradas-stinici-sit-40-2x50m-38g-m2-5387\/#breadcrumb","itemListElement":[{"@type":"ListItem","position":1,"name":"Home","item":"https:\/\/www.technodompro.com\/"},{"@type":"ListItem","position":2,"name":"Products","item":"https:\/\/www.technodompro.com\/index.php\/products\/"},{"@type":"ListItem","position":3,"name":"Zna\u010dkov\u00fd Bradas St\u00edn\u00edc\u00ed s\u00ed\u0165 40% &#8211; 2x50m 38g\/m2"}]},{"@type":"WebSite","@id":"https:\/\/www.technodompro.com\/#website","url":"https:\/\/www.technodompro.com\/","name":"","description":"","potentialAction":[{"@type":"SearchAction","target":{"@type":"EntryPoint","urlTemplate":"https:\/\/www.technodompro.com\/?s={search_term_string}"},"query-input":{"@type":"PropertyValueSpecification","valueRequired":true,"valueName":"search_term_string"}}],"inLanguage":"cs"}]}},"_links":{"self":[{"href":"https:\/\/www.technodompro.com\/index.php\/wp-json\/wp\/v2\/product\/5387","targetHints":{"allow":["GET"]}}],"collection":[{"href":"https:\/\/www.technodompro.com\/index.php\/wp-json\/wp\/v2\/product"}],"about":[{"href":"https:\/\/www.technodompro.com\/index.php\/wp-json\/wp\/v2\/types\/product"}],"replies":[{"embeddable":true,"href":"https:\/\/www.technodompro.com\/index.php\/wp-json\/wp\/v2\/comments?post=5387"}],"wp:featuredmedia":[{"embeddable":true,"href":"https:\/\/www.technodompro.com\/index.php\/wp-json\/wp\/v2\/media\/5487"}],"wp:attachment":[{"href":"https:\/\/www.technodompro.com\/index.php\/wp-json\/wp\/v2\/media?parent=5387"}],"wp:term":[{"taxonomy":"product_brand","embeddable":true,"href":"https:\/\/www.technodompro.com\/index.php\/wp-json\/wp\/v2\/product_brand?post=5387"},{"taxonomy":"product_cat","embeddable":true,"href":"https:\/\/www.technodompro.com\/index.php\/wp-json\/wp\/v2\/product_cat?post=5387"},{"taxonomy":"product_tag","embeddable":true,"href":"https:\/\/www.technodompro.com\/index.php\/wp-json\/wp\/v2\/product_tag?post=5387"}],"curies":[{"name":"wp","href":"https:\/\/api.w.org\/{rel}","templated":true}]}}