{"id":55144,"date":"2026-04-27T04:42:59","date_gmt":"2026-04-27T04:42:59","guid":{"rendered":""},"modified":"2026-04-27T04:42:59","modified_gmt":"2026-04-27T04:42:59","slug":"znackovy-ravak-napousteni-prep-570-c-c-h-k-chrom-55144","status":"publish","type":"product","link":"https:\/\/www.technodompro.com\/index.php\/produkt\/znackovy-ravak-napousteni-prep-570-c-c-h-k-chrom-55144\/","title":{"rendered":"Zna\u010dkov\u00fd Ravak Napou\u0161t\u011bn\u00ed p\u0159ep. 570 C-C H\/K chrom"},"content":{"rendered":"<div id=\"e213884\" class=\"pages\">\n<div>\n<div id=\"PDDescription\" class=\"UserContentView userContent v1a v1 bs-view dcon dc164 PDDescription\" ><dc-con><dc-con><bs-empty><\/bs-empty><\/dc-con><dc-con>        <\/p>\n<div class=\"customDescription\">                    <\/div>\n<p><\/dc-con><dc-con>Vanov\u00fd odtokov\u00fd komplet s napou\u0161t\u011bn\u00edm p\u0159epadem v d\u00e9lce 570 mm. V proveden\u00ed leskl\u00fd chrom. Ovl\u00e1d\u00e1n\u00ed Click-Clack.<\/dc-con><\/dc-con><\/div>\n<div id=\"PDDescription2\" class=\"UserContentView userContent v1a v1 bs-view dcon dc165 PDDescription2\" >\n<ul>\n<li>rozm\u011bry: \/d\u00e9lka\/ 570 mm<\/li>\n<li>materi\u00e1l z\u00e1tky sifonu: kovov\u00e1<\/li>\n<li>barevn\u00e9 proveden\u00ed: leskl\u00fd chrom<\/li>\n<li>ovl\u00e1d\u00e1n\u00ed v\u00fdpusti: Click-Clack<\/li>\n<li>z\u00e1ruka: 3 roky<\/li>\n<\/ul>\n<p>Odtokov\u00fd komplet s napou\u0161t\u011bn\u00edm p\u0159epadem je instalov\u00e1n v p\u0159\u00edpad\u011b pou\u017eit\u00ed vanov\u00e9 podom\u00edtkov\u00e9 baterie. Voda nat\u00e9k\u00e1 p\u0159epadem vany a regulace prob\u00edh\u00e1 p\u0159es podom\u00edtkovou baterii. Vyrobeny jsou z nejkvalitn\u011bj\u0161\u00edch materi\u00e1l\u016f a li\u0161\u00ed se d\u00e9lkou, mechanismem a designov\u00fdm \u0159e\u0161en\u00edm.\u00a0<\/p>\n<p>Pomoc\u00ed Click-Clack mechanismu stla\u010den\u00edm\/se\u0161l\u00e1pnut\u00edm odtokovou z\u00e1tku zav\u0159ete a op\u011btovn\u00fdm stla\u010den\u00edm\/se\u0161l\u00e1pnut\u00edm op\u011bt otev\u0159ete.\u00a0<\/p>\n<p>Vanov\u00e9 odtokov\u00e9 komplety s napou\u0161t\u011bn\u00edm p\u0159epadem v d\u00e9lce 570 mm s ovl\u00e1d\u00e1n\u00edm v\u00fdpusti stla\u010den\u00edm z\u00e1tky Click-Clack. Sou\u010d\u00e1st\u00ed v\u00fdrobku je i sifon (z\u00e1pachov\u00e1 uz\u00e1v\u011bra), kovov\u00e1 z\u00e1tka sifonu a plastov\u00e1 napou\u0161t\u011bc\u00ed hlavice. Ovl\u00e1d\u00e1n\u00ed odtoku je hranat\u00e9 s povrchovou \u00fapravou chrom.<\/p>\n<p>V\u0161echny v\u00fd\u0161e uveden\u00e9 vanov\u00e9 odtokov\u00e9 komplety s napou\u0161t\u011bn\u00edm p\u0159epadem jsou vhodn\u00e9 pro v\u0161echny typy van, vyjma van Avocado, BeHappy II, Classic. U vanov\u00fdch odtokov\u00fdch komplet\u016f s napou\u0161t\u011bn\u00edm p\u0159epadem s d\u00e9lkou 570 mm nelze pou\u017e\u00edt tak\u00e9 pro vany Formy 01 a Formy 02. \u00a0<\/p>\n<\/div><\/div>\n<div id=\"PDTable3\" class=\"ProductDetailTableView v3a v3 bs-view dcon dc185 PDTable3\" >\n<table>\n<thead><\/thead>\n<tbody>\n<tr class=\"attribute attr_typ\">\n<td class=\"caption\">Typ<\/td>\n<td class=\"value\">Vanov\u00fd sifon<\/td>\n<\/tr>\n<tr class=\"attribute attr_barva\">\n<td class=\"caption\">Barva<\/td>\n<td class=\"value\">Chrom<\/td>\n<\/tr>\n<tr class=\"attribute attr_bsshop_maker\">\n<td class=\"caption\">V\u00fdrobce<\/td>\n<td class=\"value\">Ravak<\/td>\n<\/tr>\n<tr class=\"attribute attr_material\">\n<td class=\"caption\">Materi\u00e1l<\/td>\n<td class=\"value\">Plast\/kov<\/td>\n<\/tr>\n<tr class=\"weight\">\n<td class=\"caption\"><span>Hmotnost<\/span><\/td>\n<td class=\"value\"><span>0,83 kg<\/span><\/td>\n<\/tr>\n<\/tbody>\n<\/table>\n<\/div>\n<div id=\"ProductMedia\" class=\"ProductMediaView MediaViewBase v1a v1 bs-view dcon dc409 ProductMedia\" ><bs-empty><\/bs-empty><\/p>\n<div class=\"files\">\n<div class=\"title sub\">Soubory<\/div>\n<p><a href=\"\/media\/4650\/mn-odtok-napousteni-2.pdf?&amp;key=ZGpmIyQwNUZfNDY1MA==\" class=\"pdf\">mn_odtok-napousteni-2.pdf<\/a><a href=\"\/media\/26670\/20231003114433-mn-odtok-napousteni-2.pdf?&amp;key=ZGpmIyQwNUZfMjY2NzA=\" class=\"pdf\">20231003114433.mn_odtok-napousteni-2.pdf<\/a><a href=\"\/media\/49621\/mn-odtok-napousteni-570-800-b-h-k.pdf?&amp;key=ZGpmIyQwNUZfNDk2MjE=\" class=\"pdf\">mn_odtok-napousteni-570-800-b-h-k.pdf<\/a><\/div>\n<p><bs-empty><\/bs-empty><\/div>\n<\/div>\n<div id=\"e213885\" class=\"tabs\">\n","protected":false},"excerpt":{"rendered":"<p>Vanov\u00fd odtokov\u00fd komplet s napou\u0161t\u011bn\u00edm p\u0159epadem v d\u00e9lce 570 mm. V proveden\u00ed leskl\u00fd chrom. Ovl\u00e1d\u00e1n\u00ed Click-Clack. rozm\u011bry: \/d\u00e9lka\/ 570 mm materi\u00e1l z\u00e1tky sifonu: kovov\u00e1 barevn\u00e9 proveden\u00ed: leskl\u00fd chrom ovl\u00e1d\u00e1n\u00ed v\u00fdpusti: Click-Clack z\u00e1ruka: 3 roky Odtokov\u00fd komplet s napou\u0161t\u011bn\u00edm p\u0159epadem je instalov\u00e1n v p\u0159\u00edpad\u011b pou\u017eit\u00ed vanov\u00e9 podom\u00edtkov\u00e9 baterie. Voda nat\u00e9k\u00e1 p\u0159epadem vany a regulace prob\u00edh\u00e1 p\u0159es [&hellip;]<\/p>\n","protected":false},"featured_media":55244,"comment_status":"open","ping_status":"open","template":"","meta":[],"product_brand":[],"product_cat":[88],"product_tag":[],"class_list":{"0":"post-55144","1":"product","2":"type-product","3":"status-publish","4":"has-post-thumbnail","6":"product_cat-vybaven-237-koupelny","8":"first","9":"instock","10":"sale","11":"shipping-taxable","12":"purchasable","13":"product-type-simple"},"yoast_head":"<!-- This site is optimized with the Yoast SEO plugin v26.8 - https:\/\/yoast.com\/product\/yoast-seo-wordpress\/ -->\n<title>Zna\u010dkov\u00fd Ravak Napou\u0161t\u011bn\u00ed p\u0159ep. 570 C-C H\/K chrom -<\/title>\n<meta name=\"robots\" content=\"index, follow, max-snippet:-1, max-image-preview:large, max-video-preview:-1\" \/>\n<link rel=\"canonical\" href=\"https:\/\/www.technodompro.com\/index.php\/produkt\/znackovy-ravak-napousteni-prep-570-c-c-h-k-chrom-55144\/\" \/>\n<meta property=\"og:locale\" content=\"cs_CZ\" \/>\n<meta property=\"og:type\" content=\"article\" \/>\n<meta property=\"og:title\" content=\"Zna\u010dkov\u00fd Ravak Napou\u0161t\u011bn\u00ed p\u0159ep. 570 C-C H\/K chrom -\" \/>\n<meta property=\"og:description\" content=\"Vanov\u00fd odtokov\u00fd komplet s napou\u0161t\u011bn\u00edm p\u0159epadem v d\u00e9lce 570 mm. V proveden\u00ed leskl\u00fd chrom. Ovl\u00e1d\u00e1n\u00ed Click-Clack. rozm\u011bry: \/d\u00e9lka\/ 570 mm materi\u00e1l z\u00e1tky sifonu: kovov\u00e1 barevn\u00e9 proveden\u00ed: leskl\u00fd chrom ovl\u00e1d\u00e1n\u00ed v\u00fdpusti: Click-Clack z\u00e1ruka: 3 roky Odtokov\u00fd komplet s napou\u0161t\u011bn\u00edm p\u0159epadem je instalov\u00e1n v p\u0159\u00edpad\u011b pou\u017eit\u00ed vanov\u00e9 podom\u00edtkov\u00e9 baterie. Voda nat\u00e9k\u00e1 p\u0159epadem vany a regulace prob\u00edh\u00e1 p\u0159es [&hellip;]\" \/>\n<meta property=\"og:url\" content=\"https:\/\/www.technodompro.com\/index.php\/produkt\/znackovy-ravak-napousteni-prep-570-c-c-h-k-chrom-55144\/\" \/>\n<meta property=\"og:image\" content=\"https:\/\/www.technodompro.com\/wp-content\/uploads\/2026\/SK0013129-CZ20260425-093449-0-1777080895-ravak-napousteni-prep-570-c-c-h-k-chrom.webp\" \/>\n\t<meta property=\"og:image:width\" content=\"1000\" \/>\n\t<meta property=\"og:image:height\" content=\"525\" \/>\n\t<meta property=\"og:image:type\" content=\"image\/webp\" \/>\n<meta name=\"twitter:card\" content=\"summary_large_image\" \/>\n<meta name=\"twitter:label1\" content=\"Odhadovan\u00e1 doba \u010dten\u00ed\" \/>\n\t<meta name=\"twitter:data1\" content=\"1 minuta\" \/>\n<script type=\"application\/ld+json\" class=\"yoast-schema-graph\">{\"@context\":\"https:\/\/schema.org\",\"@graph\":[{\"@type\":\"WebPage\",\"@id\":\"https:\/\/www.technodompro.com\/index.php\/produkt\/znackovy-ravak-napousteni-prep-570-c-c-h-k-chrom-55144\/\",\"url\":\"https:\/\/www.technodompro.com\/index.php\/produkt\/znackovy-ravak-napousteni-prep-570-c-c-h-k-chrom-55144\/\",\"name\":\"Zna\u010dkov\u00fd Ravak Napou\u0161t\u011bn\u00ed p\u0159ep. 570 C-C H\/K chrom -\",\"isPartOf\":{\"@id\":\"https:\/\/www.technodompro.com\/#website\"},\"primaryImageOfPage\":{\"@id\":\"https:\/\/www.technodompro.com\/index.php\/produkt\/znackovy-ravak-napousteni-prep-570-c-c-h-k-chrom-55144\/#primaryimage\"},\"image\":{\"@id\":\"https:\/\/www.technodompro.com\/index.php\/produkt\/znackovy-ravak-napousteni-prep-570-c-c-h-k-chrom-55144\/#primaryimage\"},\"thumbnailUrl\":\"https:\/\/www.technodompro.com\/wp-content\/uploads\/2026\/SK0013129-CZ20260425-093449-0-1777080895-ravak-napousteni-prep-570-c-c-h-k-chrom.webp\",\"datePublished\":\"2026-04-27T04:42:59+00:00\",\"breadcrumb\":{\"@id\":\"https:\/\/www.technodompro.com\/index.php\/produkt\/znackovy-ravak-napousteni-prep-570-c-c-h-k-chrom-55144\/#breadcrumb\"},\"inLanguage\":\"cs\",\"potentialAction\":[{\"@type\":\"ReadAction\",\"target\":[\"https:\/\/www.technodompro.com\/index.php\/produkt\/znackovy-ravak-napousteni-prep-570-c-c-h-k-chrom-55144\/\"]}]},{\"@type\":\"ImageObject\",\"inLanguage\":\"cs\",\"@id\":\"https:\/\/www.technodompro.com\/index.php\/produkt\/znackovy-ravak-napousteni-prep-570-c-c-h-k-chrom-55144\/#primaryimage\",\"url\":\"https:\/\/www.technodompro.com\/wp-content\/uploads\/2026\/SK0013129-CZ20260425-093449-0-1777080895-ravak-napousteni-prep-570-c-c-h-k-chrom.webp\",\"contentUrl\":\"https:\/\/www.technodompro.com\/wp-content\/uploads\/2026\/SK0013129-CZ20260425-093449-0-1777080895-ravak-napousteni-prep-570-c-c-h-k-chrom.webp\",\"width\":1000,\"height\":525},{\"@type\":\"BreadcrumbList\",\"@id\":\"https:\/\/www.technodompro.com\/index.php\/produkt\/znackovy-ravak-napousteni-prep-570-c-c-h-k-chrom-55144\/#breadcrumb\",\"itemListElement\":[{\"@type\":\"ListItem\",\"position\":1,\"name\":\"Home\",\"item\":\"https:\/\/www.technodompro.com\/\"},{\"@type\":\"ListItem\",\"position\":2,\"name\":\"Products\",\"item\":\"https:\/\/www.technodompro.com\/index.php\/products\/\"},{\"@type\":\"ListItem\",\"position\":3,\"name\":\"Zna\u010dkov\u00fd Ravak Napou\u0161t\u011bn\u00ed p\u0159ep. 570 C-C H\/K chrom\"}]},{\"@type\":\"WebSite\",\"@id\":\"https:\/\/www.technodompro.com\/#website\",\"url\":\"https:\/\/www.technodompro.com\/\",\"name\":\"\",\"description\":\"\",\"potentialAction\":[{\"@type\":\"SearchAction\",\"target\":{\"@type\":\"EntryPoint\",\"urlTemplate\":\"https:\/\/www.technodompro.com\/?s={search_term_string}\"},\"query-input\":{\"@type\":\"PropertyValueSpecification\",\"valueRequired\":true,\"valueName\":\"search_term_string\"}}],\"inLanguage\":\"cs\"}]}<\/script>\n<!-- \/ Yoast SEO plugin. -->","yoast_head_json":{"title":"Zna\u010dkov\u00fd Ravak Napou\u0161t\u011bn\u00ed p\u0159ep. 570 C-C H\/K chrom -","robots":{"index":"index","follow":"follow","max-snippet":"max-snippet:-1","max-image-preview":"max-image-preview:large","max-video-preview":"max-video-preview:-1"},"canonical":"https:\/\/www.technodompro.com\/index.php\/produkt\/znackovy-ravak-napousteni-prep-570-c-c-h-k-chrom-55144\/","og_locale":"cs_CZ","og_type":"article","og_title":"Zna\u010dkov\u00fd Ravak Napou\u0161t\u011bn\u00ed p\u0159ep. 570 C-C H\/K chrom -","og_description":"Vanov\u00fd odtokov\u00fd komplet s napou\u0161t\u011bn\u00edm p\u0159epadem v d\u00e9lce 570 mm. V proveden\u00ed leskl\u00fd chrom. Ovl\u00e1d\u00e1n\u00ed Click-Clack. rozm\u011bry: \/d\u00e9lka\/ 570 mm materi\u00e1l z\u00e1tky sifonu: kovov\u00e1 barevn\u00e9 proveden\u00ed: leskl\u00fd chrom ovl\u00e1d\u00e1n\u00ed v\u00fdpusti: Click-Clack z\u00e1ruka: 3 roky Odtokov\u00fd komplet s napou\u0161t\u011bn\u00edm p\u0159epadem je instalov\u00e1n v p\u0159\u00edpad\u011b pou\u017eit\u00ed vanov\u00e9 podom\u00edtkov\u00e9 baterie. Voda nat\u00e9k\u00e1 p\u0159epadem vany a regulace prob\u00edh\u00e1 p\u0159es [&hellip;]","og_url":"https:\/\/www.technodompro.com\/index.php\/produkt\/znackovy-ravak-napousteni-prep-570-c-c-h-k-chrom-55144\/","og_image":[{"width":1000,"height":525,"url":"https:\/\/www.technodompro.com\/wp-content\/uploads\/2026\/SK0013129-CZ20260425-093449-0-1777080895-ravak-napousteni-prep-570-c-c-h-k-chrom.webp","type":"image\/webp"}],"twitter_card":"summary_large_image","twitter_misc":{"Odhadovan\u00e1 doba \u010dten\u00ed":"1 minuta"},"schema":{"@context":"https:\/\/schema.org","@graph":[{"@type":"WebPage","@id":"https:\/\/www.technodompro.com\/index.php\/produkt\/znackovy-ravak-napousteni-prep-570-c-c-h-k-chrom-55144\/","url":"https:\/\/www.technodompro.com\/index.php\/produkt\/znackovy-ravak-napousteni-prep-570-c-c-h-k-chrom-55144\/","name":"Zna\u010dkov\u00fd Ravak Napou\u0161t\u011bn\u00ed p\u0159ep. 570 C-C H\/K chrom -","isPartOf":{"@id":"https:\/\/www.technodompro.com\/#website"},"primaryImageOfPage":{"@id":"https:\/\/www.technodompro.com\/index.php\/produkt\/znackovy-ravak-napousteni-prep-570-c-c-h-k-chrom-55144\/#primaryimage"},"image":{"@id":"https:\/\/www.technodompro.com\/index.php\/produkt\/znackovy-ravak-napousteni-prep-570-c-c-h-k-chrom-55144\/#primaryimage"},"thumbnailUrl":"https:\/\/www.technodompro.com\/wp-content\/uploads\/2026\/SK0013129-CZ20260425-093449-0-1777080895-ravak-napousteni-prep-570-c-c-h-k-chrom.webp","datePublished":"2026-04-27T04:42:59+00:00","breadcrumb":{"@id":"https:\/\/www.technodompro.com\/index.php\/produkt\/znackovy-ravak-napousteni-prep-570-c-c-h-k-chrom-55144\/#breadcrumb"},"inLanguage":"cs","potentialAction":[{"@type":"ReadAction","target":["https:\/\/www.technodompro.com\/index.php\/produkt\/znackovy-ravak-napousteni-prep-570-c-c-h-k-chrom-55144\/"]}]},{"@type":"ImageObject","inLanguage":"cs","@id":"https:\/\/www.technodompro.com\/index.php\/produkt\/znackovy-ravak-napousteni-prep-570-c-c-h-k-chrom-55144\/#primaryimage","url":"https:\/\/www.technodompro.com\/wp-content\/uploads\/2026\/SK0013129-CZ20260425-093449-0-1777080895-ravak-napousteni-prep-570-c-c-h-k-chrom.webp","contentUrl":"https:\/\/www.technodompro.com\/wp-content\/uploads\/2026\/SK0013129-CZ20260425-093449-0-1777080895-ravak-napousteni-prep-570-c-c-h-k-chrom.webp","width":1000,"height":525},{"@type":"BreadcrumbList","@id":"https:\/\/www.technodompro.com\/index.php\/produkt\/znackovy-ravak-napousteni-prep-570-c-c-h-k-chrom-55144\/#breadcrumb","itemListElement":[{"@type":"ListItem","position":1,"name":"Home","item":"https:\/\/www.technodompro.com\/"},{"@type":"ListItem","position":2,"name":"Products","item":"https:\/\/www.technodompro.com\/index.php\/products\/"},{"@type":"ListItem","position":3,"name":"Zna\u010dkov\u00fd Ravak Napou\u0161t\u011bn\u00ed p\u0159ep. 570 C-C H\/K chrom"}]},{"@type":"WebSite","@id":"https:\/\/www.technodompro.com\/#website","url":"https:\/\/www.technodompro.com\/","name":"","description":"","potentialAction":[{"@type":"SearchAction","target":{"@type":"EntryPoint","urlTemplate":"https:\/\/www.technodompro.com\/?s={search_term_string}"},"query-input":{"@type":"PropertyValueSpecification","valueRequired":true,"valueName":"search_term_string"}}],"inLanguage":"cs"}]}},"_links":{"self":[{"href":"https:\/\/www.technodompro.com\/index.php\/wp-json\/wp\/v2\/product\/55144","targetHints":{"allow":["GET"]}}],"collection":[{"href":"https:\/\/www.technodompro.com\/index.php\/wp-json\/wp\/v2\/product"}],"about":[{"href":"https:\/\/www.technodompro.com\/index.php\/wp-json\/wp\/v2\/types\/product"}],"replies":[{"embeddable":true,"href":"https:\/\/www.technodompro.com\/index.php\/wp-json\/wp\/v2\/comments?post=55144"}],"wp:featuredmedia":[{"embeddable":true,"href":"https:\/\/www.technodompro.com\/index.php\/wp-json\/wp\/v2\/media\/55244"}],"wp:attachment":[{"href":"https:\/\/www.technodompro.com\/index.php\/wp-json\/wp\/v2\/media?parent=55144"}],"wp:term":[{"taxonomy":"product_brand","embeddable":true,"href":"https:\/\/www.technodompro.com\/index.php\/wp-json\/wp\/v2\/product_brand?post=55144"},{"taxonomy":"product_cat","embeddable":true,"href":"https:\/\/www.technodompro.com\/index.php\/wp-json\/wp\/v2\/product_cat?post=55144"},{"taxonomy":"product_tag","embeddable":true,"href":"https:\/\/www.technodompro.com\/index.php\/wp-json\/wp\/v2\/product_tag?post=55144"}],"curies":[{"name":"wp","href":"https:\/\/api.w.org\/{rel}","templated":true}]}}