{"id":55302,"date":"2026-04-27T04:43:00","date_gmt":"2026-04-27T04:43:00","guid":{"rendered":""},"modified":"2026-04-27T04:43:00","modified_gmt":"2026-04-27T04:43:00","slug":"znackovy-ravak-te-093-00-150-sprchovy-sloup-300-s-termostatickou-baterii-posuvny-55302","status":"publish","type":"product","link":"https:\/\/www.technodompro.com\/index.php\/produkt\/znackovy-ravak-te-093-00-150-sprchovy-sloup-300-s-termostatickou-baterii-posuvny-55302\/","title":{"rendered":"Zna\u010dkov\u00fd Ravak TE 093.00\/150 Sprchov\u00fd sloup 300 s termostatickou bateri\u00ed, posuvn\u00fd"},"content":{"rendered":"<div id=\"e230521\" class=\"pages\">\n<div>\n<div id=\"PDDescription\" class=\"UserContentView userContent v1a v1 bs-view dcon dc164 PDDescription\" ><dc-con><dc-con><bs-empty><\/bs-empty><\/dc-con><dc-con>        <\/p>\n<div class=\"customDescription\">                    <\/div>\n<p><\/dc-con><dc-con>Sprchov\u00fd sloup Termo, posuvn\u00fd, se sprchov\u00fdm setem. V proveden\u00ed leskl\u00fd chrom s b\u00edlou hlavovou sprchou. Nastaven\u00ed st\u00e1l\u00e9 teploty vody.<\/dc-con><\/dc-con><\/div>\n<div id=\"PDDescription2\" class=\"UserContentView userContent v1a v1 bs-view dcon dc165 PDDescription2\" >\n<ul>\n<li>v\u00fd\u0161ka termosloupu: flexibiln\u00ed &#8211; nastaven\u00ed v rozmez\u00ed 84 \u2013 131 cm<\/li>\n<li>kartu\u0161: termostatick\u00e1 pro regulaci teploty vody<\/li>\n<li>proveden\u00ed: ovl\u00e1d\u00e1n\u00ed teploty nalevo &#8211; CoolFeel<\/li>\n<li>proveden\u00ed sprchy: \u010dtvercov\u00e1 ABS hlavov\u00e1 sprcha 25 cm; ru\u010dn\u00ed sprcha &#8211; 3 funkce, hlavov\u00e1 sprcha se d\u00e1 ot\u00e1\u010det i do stran<\/li>\n<li>barevn\u00e9 proveden\u00ed: CR\/WH &#8211; chrom\/b\u00edl\u00e1 <\/li>\n<li>vhodn\u00fd: do v\u0161ech\u00a0sprchov\u00fdch kout\u016f Ravak a jin\u00fdm<\/li>\n<li>dopl\u0148ky k dokoupen\u00ed: koupelnov\u00e9 dopl\u0148ky<\/li>\n<\/ul>\n<p>Sprchov\u00fd sloup s termostatickou bateri\u00ed\u00a0lze kombinovat s\u00a0ostatn\u00edmi v\u00fdrobky Ravak. Na vn\u011bj\u0161\u00ed \u010di\u0161t\u011bn\u00ed doporu\u010dujeme pou\u017e\u00edvat\u00a0p\u0159\u00edpravek Ravak Cleaner Chrome.<\/p>\n<p><em>Doporu\u010dujeme proto\u010den\u00ed ovlada\u010de teploty do maxim\u00e1ln\u00edch poloh \u010das od \u010dasu (v z\u00e1vislosti na tvrdosti vody), aby nedoch\u00e1zelo k usazov\u00e1n\u00ed vodn\u00edho kamene.<\/em><\/p>\n<\/div><\/div>\n<div id=\"PDTable3\" class=\"ProductDetailTableView v3a v3 bs-view dcon dc185 PDTable3\" >\n<table>\n<thead><\/thead>\n<tbody>\n<tr class=\"attribute attr_barva\">\n<td class=\"caption\">Barva<\/td>\n<td class=\"value\">Chrom leskl\u00fd\/b\u00edl\u00e1<\/td>\n<\/tr>\n<tr class=\"attribute attr_bsshop_maker\">\n<td class=\"caption\">V\u00fdrobce<\/td>\n<td class=\"value\">Ravak<\/td>\n<\/tr>\n<tr class=\"attribute attr_material\">\n<td class=\"caption\">Materi\u00e1l<\/td>\n<td class=\"value\">Kov<\/td>\n<\/tr>\n<tr class=\"weight\">\n<td class=\"caption\"><span>Hmotnost<\/span><\/td>\n<td class=\"value\"><span>5,81 kg<\/span><\/td>\n<\/tr>\n<\/tbody>\n<\/table>\n<\/div>\n<div id=\"ProductMedia\" class=\"ProductMediaView MediaViewBase v1a v1 bs-view dcon dc409 ProductMedia\" ><bs-empty><\/bs-empty><\/p>\n<div class=\"files\">\n<div class=\"title sub\">Soubory<\/div>\n<p><a href=\"\/media\/4613\/mn-te093.pdf?&amp;key=ZGpmIyQwNUZfNDYxMw==\" class=\"pdf\">mn_te093.pdf<\/a><a href=\"\/media\/27012\/20231003114801-mn-te093.pdf?&amp;key=ZGpmIyQwNUZfMjcwMTI=\" class=\"pdf\">20231003114801.mn_te093.pdf<\/a><\/div>\n<p><bs-empty><\/bs-empty><\/div>\n<\/div>\n<div id=\"e230522\" class=\"tabs\">\n","protected":false},"excerpt":{"rendered":"<p>Sprchov\u00fd sloup Termo, posuvn\u00fd, se sprchov\u00fdm setem. V proveden\u00ed leskl\u00fd chrom s b\u00edlou hlavovou sprchou. Nastaven\u00ed st\u00e1l\u00e9 teploty vody. v\u00fd\u0161ka termosloupu: flexibiln\u00ed &#8211; nastaven\u00ed v rozmez\u00ed 84 \u2013 131 cm kartu\u0161: termostatick\u00e1 pro regulaci teploty vody proveden\u00ed: ovl\u00e1d\u00e1n\u00ed teploty nalevo &#8211; CoolFeel proveden\u00ed sprchy: \u010dtvercov\u00e1 ABS hlavov\u00e1 sprcha 25 cm; ru\u010dn\u00ed sprcha &#8211; 3 funkce, [&hellip;]<\/p>\n","protected":false},"featured_media":55402,"comment_status":"open","ping_status":"open","template":"","meta":[],"product_brand":[],"product_cat":[88],"product_tag":[],"class_list":{"0":"post-55302","1":"product","2":"type-product","3":"status-publish","4":"has-post-thumbnail","6":"product_cat-vybaven-237-koupelny","8":"first","9":"instock","10":"sale","11":"shipping-taxable","12":"purchasable","13":"product-type-simple"},"yoast_head":"<!-- This site is optimized with the Yoast SEO plugin v26.8 - https:\/\/yoast.com\/product\/yoast-seo-wordpress\/ -->\n<title>Zna\u010dkov\u00fd Ravak TE 093.00\/150 Sprchov\u00fd sloup 300 s termostatickou bateri\u00ed, posuvn\u00fd -<\/title>\n<meta name=\"robots\" content=\"index, follow, max-snippet:-1, max-image-preview:large, max-video-preview:-1\" \/>\n<link rel=\"canonical\" href=\"https:\/\/www.technodompro.com\/index.php\/produkt\/znackovy-ravak-te-093-00-150-sprchovy-sloup-300-s-termostatickou-baterii-posuvny-55302\/\" \/>\n<meta property=\"og:locale\" content=\"cs_CZ\" \/>\n<meta property=\"og:type\" content=\"article\" \/>\n<meta property=\"og:title\" content=\"Zna\u010dkov\u00fd Ravak TE 093.00\/150 Sprchov\u00fd sloup 300 s termostatickou bateri\u00ed, posuvn\u00fd -\" \/>\n<meta property=\"og:description\" content=\"Sprchov\u00fd sloup Termo, posuvn\u00fd, se sprchov\u00fdm setem. V proveden\u00ed leskl\u00fd chrom s b\u00edlou hlavovou sprchou. Nastaven\u00ed st\u00e1l\u00e9 teploty vody. v\u00fd\u0161ka termosloupu: flexibiln\u00ed &#8211; nastaven\u00ed v rozmez\u00ed 84 \u2013 131 cm kartu\u0161: termostatick\u00e1 pro regulaci teploty vody proveden\u00ed: ovl\u00e1d\u00e1n\u00ed teploty nalevo &#8211; CoolFeel proveden\u00ed sprchy: \u010dtvercov\u00e1 ABS hlavov\u00e1 sprcha 25 cm; ru\u010dn\u00ed sprcha &#8211; 3 funkce, [&hellip;]\" \/>\n<meta property=\"og:url\" content=\"https:\/\/www.technodompro.com\/index.php\/produkt\/znackovy-ravak-te-093-00-150-sprchovy-sloup-300-s-termostatickou-baterii-posuvny-55302\/\" \/>\n<meta property=\"og:image\" content=\"https:\/\/www.technodompro.com\/wp-content\/uploads\/2026\/SK0013187-CZ20260425-093449-0-1777080895-ravak-te-093-00-150-sprchovy-sloup-300-s-termostatickou-bat.webp\" \/>\n\t<meta property=\"og:image:width\" content=\"1000\" \/>\n\t<meta property=\"og:image:height\" content=\"525\" \/>\n\t<meta property=\"og:image:type\" content=\"image\/webp\" \/>\n<meta name=\"twitter:card\" content=\"summary_large_image\" \/>\n<meta name=\"twitter:label1\" content=\"Odhadovan\u00e1 doba \u010dten\u00ed\" \/>\n\t<meta name=\"twitter:data1\" content=\"1 minuta\" \/>\n<script type=\"application\/ld+json\" class=\"yoast-schema-graph\">{\"@context\":\"https:\/\/schema.org\",\"@graph\":[{\"@type\":\"WebPage\",\"@id\":\"https:\/\/www.technodompro.com\/index.php\/produkt\/znackovy-ravak-te-093-00-150-sprchovy-sloup-300-s-termostatickou-baterii-posuvny-55302\/\",\"url\":\"https:\/\/www.technodompro.com\/index.php\/produkt\/znackovy-ravak-te-093-00-150-sprchovy-sloup-300-s-termostatickou-baterii-posuvny-55302\/\",\"name\":\"Zna\u010dkov\u00fd Ravak TE 093.00\/150 Sprchov\u00fd sloup 300 s termostatickou bateri\u00ed, posuvn\u00fd -\",\"isPartOf\":{\"@id\":\"https:\/\/www.technodompro.com\/#website\"},\"primaryImageOfPage\":{\"@id\":\"https:\/\/www.technodompro.com\/index.php\/produkt\/znackovy-ravak-te-093-00-150-sprchovy-sloup-300-s-termostatickou-baterii-posuvny-55302\/#primaryimage\"},\"image\":{\"@id\":\"https:\/\/www.technodompro.com\/index.php\/produkt\/znackovy-ravak-te-093-00-150-sprchovy-sloup-300-s-termostatickou-baterii-posuvny-55302\/#primaryimage\"},\"thumbnailUrl\":\"https:\/\/www.technodompro.com\/wp-content\/uploads\/2026\/SK0013187-CZ20260425-093449-0-1777080895-ravak-te-093-00-150-sprchovy-sloup-300-s-termostatickou-bat.webp\",\"datePublished\":\"2026-04-27T04:43:00+00:00\",\"breadcrumb\":{\"@id\":\"https:\/\/www.technodompro.com\/index.php\/produkt\/znackovy-ravak-te-093-00-150-sprchovy-sloup-300-s-termostatickou-baterii-posuvny-55302\/#breadcrumb\"},\"inLanguage\":\"cs\",\"potentialAction\":[{\"@type\":\"ReadAction\",\"target\":[\"https:\/\/www.technodompro.com\/index.php\/produkt\/znackovy-ravak-te-093-00-150-sprchovy-sloup-300-s-termostatickou-baterii-posuvny-55302\/\"]}]},{\"@type\":\"ImageObject\",\"inLanguage\":\"cs\",\"@id\":\"https:\/\/www.technodompro.com\/index.php\/produkt\/znackovy-ravak-te-093-00-150-sprchovy-sloup-300-s-termostatickou-baterii-posuvny-55302\/#primaryimage\",\"url\":\"https:\/\/www.technodompro.com\/wp-content\/uploads\/2026\/SK0013187-CZ20260425-093449-0-1777080895-ravak-te-093-00-150-sprchovy-sloup-300-s-termostatickou-bat.webp\",\"contentUrl\":\"https:\/\/www.technodompro.com\/wp-content\/uploads\/2026\/SK0013187-CZ20260425-093449-0-1777080895-ravak-te-093-00-150-sprchovy-sloup-300-s-termostatickou-bat.webp\",\"width\":1000,\"height\":525},{\"@type\":\"BreadcrumbList\",\"@id\":\"https:\/\/www.technodompro.com\/index.php\/produkt\/znackovy-ravak-te-093-00-150-sprchovy-sloup-300-s-termostatickou-baterii-posuvny-55302\/#breadcrumb\",\"itemListElement\":[{\"@type\":\"ListItem\",\"position\":1,\"name\":\"Home\",\"item\":\"https:\/\/www.technodompro.com\/\"},{\"@type\":\"ListItem\",\"position\":2,\"name\":\"Products\",\"item\":\"https:\/\/www.technodompro.com\/index.php\/products\/\"},{\"@type\":\"ListItem\",\"position\":3,\"name\":\"Zna\u010dkov\u00fd Ravak TE 093.00\/150 Sprchov\u00fd sloup 300 s termostatickou bateri\u00ed, posuvn\u00fd\"}]},{\"@type\":\"WebSite\",\"@id\":\"https:\/\/www.technodompro.com\/#website\",\"url\":\"https:\/\/www.technodompro.com\/\",\"name\":\"\",\"description\":\"\",\"potentialAction\":[{\"@type\":\"SearchAction\",\"target\":{\"@type\":\"EntryPoint\",\"urlTemplate\":\"https:\/\/www.technodompro.com\/?s={search_term_string}\"},\"query-input\":{\"@type\":\"PropertyValueSpecification\",\"valueRequired\":true,\"valueName\":\"search_term_string\"}}],\"inLanguage\":\"cs\"}]}<\/script>\n<!-- \/ Yoast SEO plugin. -->","yoast_head_json":{"title":"Zna\u010dkov\u00fd Ravak TE 093.00\/150 Sprchov\u00fd sloup 300 s termostatickou bateri\u00ed, posuvn\u00fd -","robots":{"index":"index","follow":"follow","max-snippet":"max-snippet:-1","max-image-preview":"max-image-preview:large","max-video-preview":"max-video-preview:-1"},"canonical":"https:\/\/www.technodompro.com\/index.php\/produkt\/znackovy-ravak-te-093-00-150-sprchovy-sloup-300-s-termostatickou-baterii-posuvny-55302\/","og_locale":"cs_CZ","og_type":"article","og_title":"Zna\u010dkov\u00fd Ravak TE 093.00\/150 Sprchov\u00fd sloup 300 s termostatickou bateri\u00ed, posuvn\u00fd -","og_description":"Sprchov\u00fd sloup Termo, posuvn\u00fd, se sprchov\u00fdm setem. V proveden\u00ed leskl\u00fd chrom s b\u00edlou hlavovou sprchou. Nastaven\u00ed st\u00e1l\u00e9 teploty vody. v\u00fd\u0161ka termosloupu: flexibiln\u00ed &#8211; nastaven\u00ed v rozmez\u00ed 84 \u2013 131 cm kartu\u0161: termostatick\u00e1 pro regulaci teploty vody proveden\u00ed: ovl\u00e1d\u00e1n\u00ed teploty nalevo &#8211; CoolFeel proveden\u00ed sprchy: \u010dtvercov\u00e1 ABS hlavov\u00e1 sprcha 25 cm; ru\u010dn\u00ed sprcha &#8211; 3 funkce, [&hellip;]","og_url":"https:\/\/www.technodompro.com\/index.php\/produkt\/znackovy-ravak-te-093-00-150-sprchovy-sloup-300-s-termostatickou-baterii-posuvny-55302\/","og_image":[{"width":1000,"height":525,"url":"https:\/\/www.technodompro.com\/wp-content\/uploads\/2026\/SK0013187-CZ20260425-093449-0-1777080895-ravak-te-093-00-150-sprchovy-sloup-300-s-termostatickou-bat.webp","type":"image\/webp"}],"twitter_card":"summary_large_image","twitter_misc":{"Odhadovan\u00e1 doba \u010dten\u00ed":"1 minuta"},"schema":{"@context":"https:\/\/schema.org","@graph":[{"@type":"WebPage","@id":"https:\/\/www.technodompro.com\/index.php\/produkt\/znackovy-ravak-te-093-00-150-sprchovy-sloup-300-s-termostatickou-baterii-posuvny-55302\/","url":"https:\/\/www.technodompro.com\/index.php\/produkt\/znackovy-ravak-te-093-00-150-sprchovy-sloup-300-s-termostatickou-baterii-posuvny-55302\/","name":"Zna\u010dkov\u00fd Ravak TE 093.00\/150 Sprchov\u00fd sloup 300 s termostatickou bateri\u00ed, posuvn\u00fd -","isPartOf":{"@id":"https:\/\/www.technodompro.com\/#website"},"primaryImageOfPage":{"@id":"https:\/\/www.technodompro.com\/index.php\/produkt\/znackovy-ravak-te-093-00-150-sprchovy-sloup-300-s-termostatickou-baterii-posuvny-55302\/#primaryimage"},"image":{"@id":"https:\/\/www.technodompro.com\/index.php\/produkt\/znackovy-ravak-te-093-00-150-sprchovy-sloup-300-s-termostatickou-baterii-posuvny-55302\/#primaryimage"},"thumbnailUrl":"https:\/\/www.technodompro.com\/wp-content\/uploads\/2026\/SK0013187-CZ20260425-093449-0-1777080895-ravak-te-093-00-150-sprchovy-sloup-300-s-termostatickou-bat.webp","datePublished":"2026-04-27T04:43:00+00:00","breadcrumb":{"@id":"https:\/\/www.technodompro.com\/index.php\/produkt\/znackovy-ravak-te-093-00-150-sprchovy-sloup-300-s-termostatickou-baterii-posuvny-55302\/#breadcrumb"},"inLanguage":"cs","potentialAction":[{"@type":"ReadAction","target":["https:\/\/www.technodompro.com\/index.php\/produkt\/znackovy-ravak-te-093-00-150-sprchovy-sloup-300-s-termostatickou-baterii-posuvny-55302\/"]}]},{"@type":"ImageObject","inLanguage":"cs","@id":"https:\/\/www.technodompro.com\/index.php\/produkt\/znackovy-ravak-te-093-00-150-sprchovy-sloup-300-s-termostatickou-baterii-posuvny-55302\/#primaryimage","url":"https:\/\/www.technodompro.com\/wp-content\/uploads\/2026\/SK0013187-CZ20260425-093449-0-1777080895-ravak-te-093-00-150-sprchovy-sloup-300-s-termostatickou-bat.webp","contentUrl":"https:\/\/www.technodompro.com\/wp-content\/uploads\/2026\/SK0013187-CZ20260425-093449-0-1777080895-ravak-te-093-00-150-sprchovy-sloup-300-s-termostatickou-bat.webp","width":1000,"height":525},{"@type":"BreadcrumbList","@id":"https:\/\/www.technodompro.com\/index.php\/produkt\/znackovy-ravak-te-093-00-150-sprchovy-sloup-300-s-termostatickou-baterii-posuvny-55302\/#breadcrumb","itemListElement":[{"@type":"ListItem","position":1,"name":"Home","item":"https:\/\/www.technodompro.com\/"},{"@type":"ListItem","position":2,"name":"Products","item":"https:\/\/www.technodompro.com\/index.php\/products\/"},{"@type":"ListItem","position":3,"name":"Zna\u010dkov\u00fd Ravak TE 093.00\/150 Sprchov\u00fd sloup 300 s termostatickou bateri\u00ed, posuvn\u00fd"}]},{"@type":"WebSite","@id":"https:\/\/www.technodompro.com\/#website","url":"https:\/\/www.technodompro.com\/","name":"","description":"","potentialAction":[{"@type":"SearchAction","target":{"@type":"EntryPoint","urlTemplate":"https:\/\/www.technodompro.com\/?s={search_term_string}"},"query-input":{"@type":"PropertyValueSpecification","valueRequired":true,"valueName":"search_term_string"}}],"inLanguage":"cs"}]}},"_links":{"self":[{"href":"https:\/\/www.technodompro.com\/index.php\/wp-json\/wp\/v2\/product\/55302","targetHints":{"allow":["GET"]}}],"collection":[{"href":"https:\/\/www.technodompro.com\/index.php\/wp-json\/wp\/v2\/product"}],"about":[{"href":"https:\/\/www.technodompro.com\/index.php\/wp-json\/wp\/v2\/types\/product"}],"replies":[{"embeddable":true,"href":"https:\/\/www.technodompro.com\/index.php\/wp-json\/wp\/v2\/comments?post=55302"}],"wp:featuredmedia":[{"embeddable":true,"href":"https:\/\/www.technodompro.com\/index.php\/wp-json\/wp\/v2\/media\/55402"}],"wp:attachment":[{"href":"https:\/\/www.technodompro.com\/index.php\/wp-json\/wp\/v2\/media?parent=55302"}],"wp:term":[{"taxonomy":"product_brand","embeddable":true,"href":"https:\/\/www.technodompro.com\/index.php\/wp-json\/wp\/v2\/product_brand?post=55302"},{"taxonomy":"product_cat","embeddable":true,"href":"https:\/\/www.technodompro.com\/index.php\/wp-json\/wp\/v2\/product_cat?post=55302"},{"taxonomy":"product_tag","embeddable":true,"href":"https:\/\/www.technodompro.com\/index.php\/wp-json\/wp\/v2\/product_tag?post=55302"}],"curies":[{"name":"wp","href":"https:\/\/api.w.org\/{rel}","templated":true}]}}