{"id":5540,"date":"2026-04-27T04:40:41","date_gmt":"2026-04-27T04:40:41","guid":{"rendered":""},"modified":"2026-04-27T04:40:41","modified_gmt":"2026-04-27T04:40:41","slug":"znackovy-bradas-kovova-nastavitelna-zavlazovaci-pistole-white-line-smooth-control-wl-en40m-5540","status":"publish","type":"product","link":"https:\/\/www.technodompro.com\/index.php\/produkt\/znackovy-bradas-kovova-nastavitelna-zavlazovaci-pistole-white-line-smooth-control-wl-en40m-5540\/","title":{"rendered":"Zna\u010dkov\u00fd Bradas Kovov\u00e1 nastaviteln\u00e1 zavla\u017eovac\u00ed pistole  White Line SMOOTH CONTROL WL-EN40M"},"content":{"rendered":"<div class=\"detail-description__right\">\t\t\t\t<\/div>\n<div class=\"detail-description__top\">\t\t\t\t<\/div>\n<div class=\"detail-description__left\">\n<div class=\"detail-description__left__overflow\">\n<div class=\"detail-description__left__head\">\t\t\t\t\t\tPopis:\t\t\t\t\t<\/div>\n<div class=\"ul-style ul-style--check\">\n<p><strong>Kovov\u00e1 nastaviteln\u00e1 zavla\u017eovac\u00ed pistole BRADAS White Line SMOOTHCONTROL WL-EN40M<\/strong><\/p>\n<p>Kovov\u00e1 regulovateln\u00e1 zavla\u017eovac\u00ed pistole BRADAS White Line SMOOTHCONTROL\u00a0s\u00a0troj\u00ed regulac\u00ed\u00a0pr\u016ftoku vody, patentovan\u00fdm sp\u00edna\u010dem aregulac\u00ed p\u0159\u00edtoku a odtoku vody je nezbytn\u00fdm pomocn\u00edkem p\u0159i pr\u00e1ci nazahrad\u011b.<\/p>\n<p><strong>Vlastnosti:<\/strong><\/p>\n<ul class=\"plusminus\">\n<li><i class=\"fas fa-check\"><\/i><span>Patentovan\u00fd zp\u016fsob uzav\u0159en\u00ed a otev\u0159en\u00ed proudu vody<\/span><\/li>\n<li><i class=\"fas fa-check\"><\/i><span>Regulace pr\u016ftoku vody 3\u00a0zp\u016fsoby<\/span><\/li>\n<li><i class=\"fas fa-check\"><\/i><span>Vyrobeno z\u00a0kovu<\/span><\/li>\n<\/ul>\n<\/div>\n<div class=\"detail-description__left__more\">\t\t\t\t\t\t<span> <\/span><span> <\/span>\t\t\t\t\t<\/div>\n<\/p><\/div>\n<\/p><\/div>\n<div class=\"detail-description__more\"><span> <\/span><span> <\/span><\/div>\n<\/p><\/div>\n<\/p><\/div>\n","protected":false},"excerpt":{"rendered":"<p>Popis: Kovov\u00e1 nastaviteln\u00e1 zavla\u017eovac\u00ed pistole BRADAS White Line SMOOTHCONTROL WL-EN40M Kovov\u00e1 regulovateln\u00e1 zavla\u017eovac\u00ed pistole BRADAS White Line SMOOTHCONTROL\u00a0s\u00a0troj\u00ed regulac\u00ed\u00a0pr\u016ftoku vody, patentovan\u00fdm sp\u00edna\u010dem aregulac\u00ed p\u0159\u00edtoku a odtoku vody je nezbytn\u00fdm pomocn\u00edkem p\u0159i pr\u00e1ci nazahrad\u011b. Vlastnosti: Patentovan\u00fd zp\u016fsob uzav\u0159en\u00ed a otev\u0159en\u00ed proudu vody Regulace pr\u016ftoku vody 3\u00a0zp\u016fsoby Vyrobeno z\u00a0kovu<\/p>\n","protected":false},"featured_media":5640,"comment_status":"open","ping_status":"open","template":"","meta":[],"product_brand":[],"product_cat":[36],"product_tag":[],"class_list":{"0":"post-5540","1":"product","2":"type-product","3":"status-publish","4":"has-post-thumbnail","6":"product_cat-zahrada","8":"first","9":"instock","10":"sale","11":"shipping-taxable","12":"purchasable","13":"product-type-simple"},"yoast_head":"<!-- This site is optimized with the Yoast SEO plugin v26.8 - https:\/\/yoast.com\/product\/yoast-seo-wordpress\/ -->\n<title>Zna\u010dkov\u00fd Bradas Kovov\u00e1 nastaviteln\u00e1 zavla\u017eovac\u00ed pistole White Line SMOOTH CONTROL WL-EN40M -<\/title>\n<meta name=\"robots\" content=\"index, follow, max-snippet:-1, max-image-preview:large, max-video-preview:-1\" \/>\n<link rel=\"canonical\" href=\"https:\/\/www.technodompro.com\/index.php\/produkt\/znackovy-bradas-kovova-nastavitelna-zavlazovaci-pistole-white-line-smooth-control-wl-en40m-5540\/\" \/>\n<meta property=\"og:locale\" content=\"cs_CZ\" \/>\n<meta property=\"og:type\" content=\"article\" \/>\n<meta property=\"og:title\" content=\"Zna\u010dkov\u00fd Bradas Kovov\u00e1 nastaviteln\u00e1 zavla\u017eovac\u00ed pistole White Line SMOOTH CONTROL WL-EN40M -\" \/>\n<meta property=\"og:description\" content=\"Popis: Kovov\u00e1 nastaviteln\u00e1 zavla\u017eovac\u00ed pistole BRADAS White Line SMOOTHCONTROL WL-EN40M Kovov\u00e1 regulovateln\u00e1 zavla\u017eovac\u00ed pistole BRADAS White Line SMOOTHCONTROL\u00a0s\u00a0troj\u00ed regulac\u00ed\u00a0pr\u016ftoku vody, patentovan\u00fdm sp\u00edna\u010dem aregulac\u00ed p\u0159\u00edtoku a odtoku vody je nezbytn\u00fdm pomocn\u00edkem p\u0159i pr\u00e1ci nazahrad\u011b. Vlastnosti: Patentovan\u00fd zp\u016fsob uzav\u0159en\u00ed a otev\u0159en\u00ed proudu vody Regulace pr\u016ftoku vody 3\u00a0zp\u016fsoby Vyrobeno z\u00a0kovu\" \/>\n<meta property=\"og:url\" content=\"https:\/\/www.technodompro.com\/index.php\/produkt\/znackovy-bradas-kovova-nastavitelna-zavlazovaci-pistole-white-line-smooth-control-wl-en40m-5540\/\" \/>\n<meta property=\"og:image\" content=\"https:\/\/www.technodompro.com\/wp-content\/uploads\/2026\/SK0018523-CZ20260425-091936-0-1777079982-bradas-kovova-nastavitelna-zavlazovaci-pistole-white-line-s.webp\" \/>\n\t<meta property=\"og:image:width\" content=\"1000\" \/>\n\t<meta property=\"og:image:height\" content=\"523\" \/>\n\t<meta property=\"og:image:type\" content=\"image\/webp\" \/>\n<meta name=\"twitter:card\" content=\"summary_large_image\" \/>\n<script type=\"application\/ld+json\" class=\"yoast-schema-graph\">{\"@context\":\"https:\/\/schema.org\",\"@graph\":[{\"@type\":\"WebPage\",\"@id\":\"https:\/\/www.technodompro.com\/index.php\/produkt\/znackovy-bradas-kovova-nastavitelna-zavlazovaci-pistole-white-line-smooth-control-wl-en40m-5540\/\",\"url\":\"https:\/\/www.technodompro.com\/index.php\/produkt\/znackovy-bradas-kovova-nastavitelna-zavlazovaci-pistole-white-line-smooth-control-wl-en40m-5540\/\",\"name\":\"Zna\u010dkov\u00fd Bradas Kovov\u00e1 nastaviteln\u00e1 zavla\u017eovac\u00ed pistole White Line SMOOTH CONTROL WL-EN40M -\",\"isPartOf\":{\"@id\":\"https:\/\/www.technodompro.com\/#website\"},\"primaryImageOfPage\":{\"@id\":\"https:\/\/www.technodompro.com\/index.php\/produkt\/znackovy-bradas-kovova-nastavitelna-zavlazovaci-pistole-white-line-smooth-control-wl-en40m-5540\/#primaryimage\"},\"image\":{\"@id\":\"https:\/\/www.technodompro.com\/index.php\/produkt\/znackovy-bradas-kovova-nastavitelna-zavlazovaci-pistole-white-line-smooth-control-wl-en40m-5540\/#primaryimage\"},\"thumbnailUrl\":\"https:\/\/www.technodompro.com\/wp-content\/uploads\/2026\/SK0018523-CZ20260425-091936-0-1777079982-bradas-kovova-nastavitelna-zavlazovaci-pistole-white-line-s.webp\",\"datePublished\":\"2026-04-27T04:40:41+00:00\",\"breadcrumb\":{\"@id\":\"https:\/\/www.technodompro.com\/index.php\/produkt\/znackovy-bradas-kovova-nastavitelna-zavlazovaci-pistole-white-line-smooth-control-wl-en40m-5540\/#breadcrumb\"},\"inLanguage\":\"cs\",\"potentialAction\":[{\"@type\":\"ReadAction\",\"target\":[\"https:\/\/www.technodompro.com\/index.php\/produkt\/znackovy-bradas-kovova-nastavitelna-zavlazovaci-pistole-white-line-smooth-control-wl-en40m-5540\/\"]}]},{\"@type\":\"ImageObject\",\"inLanguage\":\"cs\",\"@id\":\"https:\/\/www.technodompro.com\/index.php\/produkt\/znackovy-bradas-kovova-nastavitelna-zavlazovaci-pistole-white-line-smooth-control-wl-en40m-5540\/#primaryimage\",\"url\":\"https:\/\/www.technodompro.com\/wp-content\/uploads\/2026\/SK0018523-CZ20260425-091936-0-1777079982-bradas-kovova-nastavitelna-zavlazovaci-pistole-white-line-s.webp\",\"contentUrl\":\"https:\/\/www.technodompro.com\/wp-content\/uploads\/2026\/SK0018523-CZ20260425-091936-0-1777079982-bradas-kovova-nastavitelna-zavlazovaci-pistole-white-line-s.webp\",\"width\":1000,\"height\":523},{\"@type\":\"BreadcrumbList\",\"@id\":\"https:\/\/www.technodompro.com\/index.php\/produkt\/znackovy-bradas-kovova-nastavitelna-zavlazovaci-pistole-white-line-smooth-control-wl-en40m-5540\/#breadcrumb\",\"itemListElement\":[{\"@type\":\"ListItem\",\"position\":1,\"name\":\"Home\",\"item\":\"https:\/\/www.technodompro.com\/\"},{\"@type\":\"ListItem\",\"position\":2,\"name\":\"Products\",\"item\":\"https:\/\/www.technodompro.com\/index.php\/products\/\"},{\"@type\":\"ListItem\",\"position\":3,\"name\":\"Zna\u010dkov\u00fd Bradas Kovov\u00e1 nastaviteln\u00e1 zavla\u017eovac\u00ed pistole White Line SMOOTH CONTROL WL-EN40M\"}]},{\"@type\":\"WebSite\",\"@id\":\"https:\/\/www.technodompro.com\/#website\",\"url\":\"https:\/\/www.technodompro.com\/\",\"name\":\"\",\"description\":\"\",\"potentialAction\":[{\"@type\":\"SearchAction\",\"target\":{\"@type\":\"EntryPoint\",\"urlTemplate\":\"https:\/\/www.technodompro.com\/?s={search_term_string}\"},\"query-input\":{\"@type\":\"PropertyValueSpecification\",\"valueRequired\":true,\"valueName\":\"search_term_string\"}}],\"inLanguage\":\"cs\"}]}<\/script>\n<!-- \/ Yoast SEO plugin. -->","yoast_head_json":{"title":"Zna\u010dkov\u00fd Bradas Kovov\u00e1 nastaviteln\u00e1 zavla\u017eovac\u00ed pistole White Line SMOOTH CONTROL WL-EN40M -","robots":{"index":"index","follow":"follow","max-snippet":"max-snippet:-1","max-image-preview":"max-image-preview:large","max-video-preview":"max-video-preview:-1"},"canonical":"https:\/\/www.technodompro.com\/index.php\/produkt\/znackovy-bradas-kovova-nastavitelna-zavlazovaci-pistole-white-line-smooth-control-wl-en40m-5540\/","og_locale":"cs_CZ","og_type":"article","og_title":"Zna\u010dkov\u00fd Bradas Kovov\u00e1 nastaviteln\u00e1 zavla\u017eovac\u00ed pistole White Line SMOOTH CONTROL WL-EN40M -","og_description":"Popis: Kovov\u00e1 nastaviteln\u00e1 zavla\u017eovac\u00ed pistole BRADAS White Line SMOOTHCONTROL WL-EN40M Kovov\u00e1 regulovateln\u00e1 zavla\u017eovac\u00ed pistole BRADAS White Line SMOOTHCONTROL\u00a0s\u00a0troj\u00ed regulac\u00ed\u00a0pr\u016ftoku vody, patentovan\u00fdm sp\u00edna\u010dem aregulac\u00ed p\u0159\u00edtoku a odtoku vody je nezbytn\u00fdm pomocn\u00edkem p\u0159i pr\u00e1ci nazahrad\u011b. Vlastnosti: Patentovan\u00fd zp\u016fsob uzav\u0159en\u00ed a otev\u0159en\u00ed proudu vody Regulace pr\u016ftoku vody 3\u00a0zp\u016fsoby Vyrobeno z\u00a0kovu","og_url":"https:\/\/www.technodompro.com\/index.php\/produkt\/znackovy-bradas-kovova-nastavitelna-zavlazovaci-pistole-white-line-smooth-control-wl-en40m-5540\/","og_image":[{"width":1000,"height":523,"url":"https:\/\/www.technodompro.com\/wp-content\/uploads\/2026\/SK0018523-CZ20260425-091936-0-1777079982-bradas-kovova-nastavitelna-zavlazovaci-pistole-white-line-s.webp","type":"image\/webp"}],"twitter_card":"summary_large_image","schema":{"@context":"https:\/\/schema.org","@graph":[{"@type":"WebPage","@id":"https:\/\/www.technodompro.com\/index.php\/produkt\/znackovy-bradas-kovova-nastavitelna-zavlazovaci-pistole-white-line-smooth-control-wl-en40m-5540\/","url":"https:\/\/www.technodompro.com\/index.php\/produkt\/znackovy-bradas-kovova-nastavitelna-zavlazovaci-pistole-white-line-smooth-control-wl-en40m-5540\/","name":"Zna\u010dkov\u00fd Bradas Kovov\u00e1 nastaviteln\u00e1 zavla\u017eovac\u00ed pistole White Line SMOOTH CONTROL WL-EN40M -","isPartOf":{"@id":"https:\/\/www.technodompro.com\/#website"},"primaryImageOfPage":{"@id":"https:\/\/www.technodompro.com\/index.php\/produkt\/znackovy-bradas-kovova-nastavitelna-zavlazovaci-pistole-white-line-smooth-control-wl-en40m-5540\/#primaryimage"},"image":{"@id":"https:\/\/www.technodompro.com\/index.php\/produkt\/znackovy-bradas-kovova-nastavitelna-zavlazovaci-pistole-white-line-smooth-control-wl-en40m-5540\/#primaryimage"},"thumbnailUrl":"https:\/\/www.technodompro.com\/wp-content\/uploads\/2026\/SK0018523-CZ20260425-091936-0-1777079982-bradas-kovova-nastavitelna-zavlazovaci-pistole-white-line-s.webp","datePublished":"2026-04-27T04:40:41+00:00","breadcrumb":{"@id":"https:\/\/www.technodompro.com\/index.php\/produkt\/znackovy-bradas-kovova-nastavitelna-zavlazovaci-pistole-white-line-smooth-control-wl-en40m-5540\/#breadcrumb"},"inLanguage":"cs","potentialAction":[{"@type":"ReadAction","target":["https:\/\/www.technodompro.com\/index.php\/produkt\/znackovy-bradas-kovova-nastavitelna-zavlazovaci-pistole-white-line-smooth-control-wl-en40m-5540\/"]}]},{"@type":"ImageObject","inLanguage":"cs","@id":"https:\/\/www.technodompro.com\/index.php\/produkt\/znackovy-bradas-kovova-nastavitelna-zavlazovaci-pistole-white-line-smooth-control-wl-en40m-5540\/#primaryimage","url":"https:\/\/www.technodompro.com\/wp-content\/uploads\/2026\/SK0018523-CZ20260425-091936-0-1777079982-bradas-kovova-nastavitelna-zavlazovaci-pistole-white-line-s.webp","contentUrl":"https:\/\/www.technodompro.com\/wp-content\/uploads\/2026\/SK0018523-CZ20260425-091936-0-1777079982-bradas-kovova-nastavitelna-zavlazovaci-pistole-white-line-s.webp","width":1000,"height":523},{"@type":"BreadcrumbList","@id":"https:\/\/www.technodompro.com\/index.php\/produkt\/znackovy-bradas-kovova-nastavitelna-zavlazovaci-pistole-white-line-smooth-control-wl-en40m-5540\/#breadcrumb","itemListElement":[{"@type":"ListItem","position":1,"name":"Home","item":"https:\/\/www.technodompro.com\/"},{"@type":"ListItem","position":2,"name":"Products","item":"https:\/\/www.technodompro.com\/index.php\/products\/"},{"@type":"ListItem","position":3,"name":"Zna\u010dkov\u00fd Bradas Kovov\u00e1 nastaviteln\u00e1 zavla\u017eovac\u00ed pistole White Line SMOOTH CONTROL WL-EN40M"}]},{"@type":"WebSite","@id":"https:\/\/www.technodompro.com\/#website","url":"https:\/\/www.technodompro.com\/","name":"","description":"","potentialAction":[{"@type":"SearchAction","target":{"@type":"EntryPoint","urlTemplate":"https:\/\/www.technodompro.com\/?s={search_term_string}"},"query-input":{"@type":"PropertyValueSpecification","valueRequired":true,"valueName":"search_term_string"}}],"inLanguage":"cs"}]}},"_links":{"self":[{"href":"https:\/\/www.technodompro.com\/index.php\/wp-json\/wp\/v2\/product\/5540","targetHints":{"allow":["GET"]}}],"collection":[{"href":"https:\/\/www.technodompro.com\/index.php\/wp-json\/wp\/v2\/product"}],"about":[{"href":"https:\/\/www.technodompro.com\/index.php\/wp-json\/wp\/v2\/types\/product"}],"replies":[{"embeddable":true,"href":"https:\/\/www.technodompro.com\/index.php\/wp-json\/wp\/v2\/comments?post=5540"}],"wp:featuredmedia":[{"embeddable":true,"href":"https:\/\/www.technodompro.com\/index.php\/wp-json\/wp\/v2\/media\/5640"}],"wp:attachment":[{"href":"https:\/\/www.technodompro.com\/index.php\/wp-json\/wp\/v2\/media?parent=5540"}],"wp:term":[{"taxonomy":"product_brand","embeddable":true,"href":"https:\/\/www.technodompro.com\/index.php\/wp-json\/wp\/v2\/product_brand?post=5540"},{"taxonomy":"product_cat","embeddable":true,"href":"https:\/\/www.technodompro.com\/index.php\/wp-json\/wp\/v2\/product_cat?post=5540"},{"taxonomy":"product_tag","embeddable":true,"href":"https:\/\/www.technodompro.com\/index.php\/wp-json\/wp\/v2\/product_tag?post=5540"}],"curies":[{"name":"wp","href":"https:\/\/api.w.org\/{rel}","templated":true}]}}