{"id":55728,"date":"2026-04-27T04:43:01","date_gmt":"2026-04-27T04:43:01","guid":{"rendered":""},"modified":"2026-04-27T04:43:01","modified_gmt":"2026-04-27T04:43:01","slug":"znackovy-ravak-pevna-stena-blix-blps-100-satin-transparent-55728","status":"publish","type":"product","link":"https:\/\/www.technodompro.com\/index.php\/produkt\/znackovy-ravak-pevna-stena-blix-blps-100-satin-transparent-55728\/","title":{"rendered":"Zna\u010dkov\u00fd Ravak pevn\u00e1 st\u011bna Blix BLPS-100 satin+transparent"},"content":{"rendered":"<div id=\"e766308\" class=\"pages\">\n<div>\n<div id=\"PDDescription\" class=\"UserContentView userContent v1a v1 bs-view dcon dc164 PDDescription\" ><dc-con><dc-con><bs-empty><\/bs-empty><\/dc-con><dc-con>        <\/p>\n<div class=\"customDescription\">                    <\/div>\n<p><\/dc-con><dc-con>Jednod\u00edln\u00e1 pevn\u00e1 st\u011bna Blix v proveden\u00ed matn\u00fd chrom a s v\u00fdpln\u00ed z \u010dir\u00e9ho skla s ochrannou vrstvou Ravak AntiCalc\u00ae. Oto\u010diteln\u00fd v\u00fdrobek pro levou i pravou variantu.<\/dc-con><\/dc-con><\/div>\n<div id=\"PDDescription2\" class=\"UserContentView userContent v1a v1 bs-view dcon dc165 PDDescription2\" >\n<ul>\n<li>rozm\u011br: 100 cm<\/li>\n<li>barevn\u00e9 proveden\u00ed: r\u00e1m &#8211; b\u00edl\u00fd, leskl\u00fd chrom, Satin (matn\u00fd chrom)<\/li>\n<li>v\u00fdpl\u0148 z bezpe\u010dnostn\u00edho skla: 6 mm; Transparent<\/li>\n<li>v\u00fd\u0161ka v\u00fdrobku: 190 cm<\/li>\n<\/ul>\n<p>V\u00fdrobek tvo\u0159\u00ed jeden pevn\u00fd d\u00edl. Montuje se do oblo\u017een\u00e9ho rohu koupelny (v kombinaci se sprchov\u00fdmi dve\u0159mi BLDP2) na vani\u010dky Ravak Perseus Pro, Perseus Pro Chrome, Gigant Pro, Gigant Pro Flat, Gigant Pro Chrome nebo p\u0159\u00edmo na podlahu se zabudovan\u00fdm odtokov\u00fdm \u017elabem \u010di podlahovou vpust\u00ed. Pevn\u00e1 st\u011bna nen\u00ed ur\u010dena k samostatn\u00e9mu pou\u017eit\u00ed. Kombinac\u00ed sprchov\u00fdch dve\u0159\u00ed se dv\u011bma pevn\u00fdmi st\u011bnami typu BLPS vytvo\u0159\u00edte sprchov\u00fd kout ve tvaru \u201eU\u201c. Pou\u017eit\u00edm nastavovac\u00edho profilu BLNPS lze v\u00fdrobek roz\u0161\u00ed\u0159it o 20 mm. <\/p>\n<p><em>P\u0159ed mont\u00e1\u017e\u00ed v\u00fdrobku v\u011bnujte pozornost technick\u00fdm dokument\u016fm v z\u00e1lo\u017ece &#8222;Data ke sta\u017een\u00ed&#8220;, \u010d\u00edslice uveden\u00e1 v n\u00e1zvu konkr\u00e9tn\u00edho v\u00fdrobku, neud\u00e1v\u00e1 jeho p\u0159esn\u00fd rozm\u011br.<\/em><\/p>\n<\/div><\/div>\n<div id=\"PDTable3\" class=\"ProductDetailTableView v3a v3 bs-view dcon dc185 PDTable3\" >\n<table>\n<thead><\/thead>\n<tbody>\n<tr class=\"attribute attr_barva\">\n<td class=\"caption\">Barva<\/td>\n<td class=\"value\">Satin<\/td>\n<\/tr>\n<tr class=\"attribute attr_typskla\">\n<td class=\"caption\">Typ skla<\/td>\n<td class=\"value\">Transparent<\/td>\n<\/tr>\n<tr class=\"attribute attr_Vyska attr_1\">\n<td class=\"caption\">V\u00fd\u0161ka v mm<\/td>\n<td class=\"value\">1900<\/td>\n<\/tr>\n<tr class=\"attribute attr_bsshop_maker\">\n<td class=\"caption\">V\u00fdrobce<\/td>\n<td class=\"value\">Ravak<\/td>\n<\/tr>\n<tr class=\"attribute attr_delka\">\n<td class=\"caption\">D\u00e9lka v mm<\/td>\n<td class=\"value\">97-99<\/td>\n<\/tr>\n<tr class=\"attribute attr_material\">\n<td class=\"caption\">Materi\u00e1l<\/td>\n<td class=\"value\">Hlin\u00edk\/sklo<\/td>\n<\/tr>\n<tr class=\"attribute attr_sirka\">\n<td class=\"caption\">\u0160\u00ed\u0159ka v mm<\/td>\n<td class=\"value\">3<\/td>\n<\/tr>\n<tr class=\"attribute attr_Vyska\">\n<td class=\"caption\">V\u00fd\u0161ka v mm<\/td>\n<td class=\"value\">190<\/td>\n<\/tr>\n<tr class=\"weight\">\n<td class=\"caption\"><span>Hmotnost<\/span><\/td>\n<td class=\"value\"><span>32,46 kg<\/span><\/td>\n<\/tr>\n<\/tbody>\n<\/table>\n<\/div>\n<div id=\"ProductMedia\" class=\"ProductMediaView MediaViewBase v1a v1 bs-view dcon dc409 ProductMedia\" ><bs-empty><\/bs-empty><\/p>\n<div class=\"files\">\n<div class=\"title sub\">Soubory<\/div>\n<p><a href=\"\/media\/3835\/mn-blps-bldp2-bldp4.pdf?&amp;key=ZGpmIyQwNUZfMzgzNQ==\" class=\"pdf\">mn_blps-bldp2-bldp4.pdf<\/a><a href=\"\/media\/3836\/pov-shower-enclosures.zip?&amp;key=ZGpmIyQwNUZfMzgzNg==\" class=\"zip\">pov_shower-enclosures.zip<\/a><a href=\"\/media\/25938\/20231003114151-pov-shower-enclosures.zip?&amp;key=ZGpmIyQwNUZfMjU5Mzg=\" class=\"zip\">20231003114151.pov_shower-enclosures.zip<\/a><a href=\"\/media\/25939\/20231003114151-mn-blps-bldp2-bldp4.pdf?&amp;key=ZGpmIyQwNUZfMjU5Mzk=\" class=\"pdf\">20231003114151.mn_blps-bldp2-bldp4.pdf<\/a><\/div>\n<p><bs-empty><\/bs-empty><\/div>\n<\/div>\n<div id=\"e766309\" class=\"tabs\">\n","protected":false},"excerpt":{"rendered":"<p>Jednod\u00edln\u00e1 pevn\u00e1 st\u011bna Blix v proveden\u00ed matn\u00fd chrom a s v\u00fdpln\u00ed z \u010dir\u00e9ho skla s ochrannou vrstvou Ravak AntiCalc\u00ae. Oto\u010diteln\u00fd v\u00fdrobek pro levou i pravou variantu. rozm\u011br: 100 cm barevn\u00e9 proveden\u00ed: r\u00e1m &#8211; b\u00edl\u00fd, leskl\u00fd chrom, Satin (matn\u00fd chrom) v\u00fdpl\u0148 z bezpe\u010dnostn\u00edho skla: 6 mm; Transparent v\u00fd\u0161ka v\u00fdrobku: 190 cm V\u00fdrobek tvo\u0159\u00ed jeden pevn\u00fd d\u00edl. [&hellip;]<\/p>\n","protected":false},"featured_media":55828,"comment_status":"open","ping_status":"open","template":"","meta":[],"product_brand":[],"product_cat":[88],"product_tag":[],"class_list":{"0":"post-55728","1":"product","2":"type-product","3":"status-publish","4":"has-post-thumbnail","6":"product_cat-vybaven-237-koupelny","8":"first","9":"instock","10":"sale","11":"shipping-taxable","12":"purchasable","13":"product-type-simple"},"yoast_head":"<!-- This site is optimized with the Yoast SEO plugin v26.8 - https:\/\/yoast.com\/product\/yoast-seo-wordpress\/ -->\n<title>Zna\u010dkov\u00fd Ravak pevn\u00e1 st\u011bna Blix BLPS-100 satin+transparent -<\/title>\n<meta name=\"robots\" content=\"index, follow, max-snippet:-1, max-image-preview:large, max-video-preview:-1\" \/>\n<link rel=\"canonical\" href=\"https:\/\/www.technodompro.com\/index.php\/produkt\/znackovy-ravak-pevna-stena-blix-blps-100-satin-transparent-55728\/\" \/>\n<meta property=\"og:locale\" content=\"cs_CZ\" \/>\n<meta property=\"og:type\" content=\"article\" \/>\n<meta property=\"og:title\" content=\"Zna\u010dkov\u00fd Ravak pevn\u00e1 st\u011bna Blix BLPS-100 satin+transparent -\" \/>\n<meta property=\"og:description\" content=\"Jednod\u00edln\u00e1 pevn\u00e1 st\u011bna Blix v proveden\u00ed matn\u00fd chrom a s v\u00fdpln\u00ed z \u010dir\u00e9ho skla s ochrannou vrstvou Ravak AntiCalc\u00ae. Oto\u010diteln\u00fd v\u00fdrobek pro levou i pravou variantu. rozm\u011br: 100 cm barevn\u00e9 proveden\u00ed: r\u00e1m &#8211; b\u00edl\u00fd, leskl\u00fd chrom, Satin (matn\u00fd chrom) v\u00fdpl\u0148 z bezpe\u010dnostn\u00edho skla: 6 mm; Transparent v\u00fd\u0161ka v\u00fdrobku: 190 cm V\u00fdrobek tvo\u0159\u00ed jeden pevn\u00fd d\u00edl. [&hellip;]\" \/>\n<meta property=\"og:url\" content=\"https:\/\/www.technodompro.com\/index.php\/produkt\/znackovy-ravak-pevna-stena-blix-blps-100-satin-transparent-55728\/\" \/>\n<meta property=\"og:image\" content=\"https:\/\/www.technodompro.com\/wp-content\/uploads\/2026\/SK0013422-CZ20260425-093449-0-1777080895-ravak-pevna-stena-blix-blps-100-satin-transparent.webp\" \/>\n\t<meta property=\"og:image:width\" content=\"1000\" \/>\n\t<meta property=\"og:image:height\" content=\"525\" \/>\n\t<meta property=\"og:image:type\" content=\"image\/webp\" \/>\n<meta name=\"twitter:card\" content=\"summary_large_image\" \/>\n<meta name=\"twitter:label1\" content=\"Odhadovan\u00e1 doba \u010dten\u00ed\" \/>\n\t<meta name=\"twitter:data1\" content=\"1 minuta\" \/>\n<script type=\"application\/ld+json\" class=\"yoast-schema-graph\">{\"@context\":\"https:\/\/schema.org\",\"@graph\":[{\"@type\":\"WebPage\",\"@id\":\"https:\/\/www.technodompro.com\/index.php\/produkt\/znackovy-ravak-pevna-stena-blix-blps-100-satin-transparent-55728\/\",\"url\":\"https:\/\/www.technodompro.com\/index.php\/produkt\/znackovy-ravak-pevna-stena-blix-blps-100-satin-transparent-55728\/\",\"name\":\"Zna\u010dkov\u00fd Ravak pevn\u00e1 st\u011bna Blix BLPS-100 satin+transparent -\",\"isPartOf\":{\"@id\":\"https:\/\/www.technodompro.com\/#website\"},\"primaryImageOfPage\":{\"@id\":\"https:\/\/www.technodompro.com\/index.php\/produkt\/znackovy-ravak-pevna-stena-blix-blps-100-satin-transparent-55728\/#primaryimage\"},\"image\":{\"@id\":\"https:\/\/www.technodompro.com\/index.php\/produkt\/znackovy-ravak-pevna-stena-blix-blps-100-satin-transparent-55728\/#primaryimage\"},\"thumbnailUrl\":\"https:\/\/www.technodompro.com\/wp-content\/uploads\/2026\/SK0013422-CZ20260425-093449-0-1777080895-ravak-pevna-stena-blix-blps-100-satin-transparent.webp\",\"datePublished\":\"2026-04-27T04:43:01+00:00\",\"breadcrumb\":{\"@id\":\"https:\/\/www.technodompro.com\/index.php\/produkt\/znackovy-ravak-pevna-stena-blix-blps-100-satin-transparent-55728\/#breadcrumb\"},\"inLanguage\":\"cs\",\"potentialAction\":[{\"@type\":\"ReadAction\",\"target\":[\"https:\/\/www.technodompro.com\/index.php\/produkt\/znackovy-ravak-pevna-stena-blix-blps-100-satin-transparent-55728\/\"]}]},{\"@type\":\"ImageObject\",\"inLanguage\":\"cs\",\"@id\":\"https:\/\/www.technodompro.com\/index.php\/produkt\/znackovy-ravak-pevna-stena-blix-blps-100-satin-transparent-55728\/#primaryimage\",\"url\":\"https:\/\/www.technodompro.com\/wp-content\/uploads\/2026\/SK0013422-CZ20260425-093449-0-1777080895-ravak-pevna-stena-blix-blps-100-satin-transparent.webp\",\"contentUrl\":\"https:\/\/www.technodompro.com\/wp-content\/uploads\/2026\/SK0013422-CZ20260425-093449-0-1777080895-ravak-pevna-stena-blix-blps-100-satin-transparent.webp\",\"width\":1000,\"height\":525},{\"@type\":\"BreadcrumbList\",\"@id\":\"https:\/\/www.technodompro.com\/index.php\/produkt\/znackovy-ravak-pevna-stena-blix-blps-100-satin-transparent-55728\/#breadcrumb\",\"itemListElement\":[{\"@type\":\"ListItem\",\"position\":1,\"name\":\"Home\",\"item\":\"https:\/\/www.technodompro.com\/\"},{\"@type\":\"ListItem\",\"position\":2,\"name\":\"Products\",\"item\":\"https:\/\/www.technodompro.com\/index.php\/products\/\"},{\"@type\":\"ListItem\",\"position\":3,\"name\":\"Zna\u010dkov\u00fd Ravak pevn\u00e1 st\u011bna Blix BLPS-100 satin+transparent\"}]},{\"@type\":\"WebSite\",\"@id\":\"https:\/\/www.technodompro.com\/#website\",\"url\":\"https:\/\/www.technodompro.com\/\",\"name\":\"\",\"description\":\"\",\"potentialAction\":[{\"@type\":\"SearchAction\",\"target\":{\"@type\":\"EntryPoint\",\"urlTemplate\":\"https:\/\/www.technodompro.com\/?s={search_term_string}\"},\"query-input\":{\"@type\":\"PropertyValueSpecification\",\"valueRequired\":true,\"valueName\":\"search_term_string\"}}],\"inLanguage\":\"cs\"}]}<\/script>\n<!-- \/ Yoast SEO plugin. -->","yoast_head_json":{"title":"Zna\u010dkov\u00fd Ravak pevn\u00e1 st\u011bna Blix BLPS-100 satin+transparent -","robots":{"index":"index","follow":"follow","max-snippet":"max-snippet:-1","max-image-preview":"max-image-preview:large","max-video-preview":"max-video-preview:-1"},"canonical":"https:\/\/www.technodompro.com\/index.php\/produkt\/znackovy-ravak-pevna-stena-blix-blps-100-satin-transparent-55728\/","og_locale":"cs_CZ","og_type":"article","og_title":"Zna\u010dkov\u00fd Ravak pevn\u00e1 st\u011bna Blix BLPS-100 satin+transparent -","og_description":"Jednod\u00edln\u00e1 pevn\u00e1 st\u011bna Blix v proveden\u00ed matn\u00fd chrom a s v\u00fdpln\u00ed z \u010dir\u00e9ho skla s ochrannou vrstvou Ravak AntiCalc\u00ae. Oto\u010diteln\u00fd v\u00fdrobek pro levou i pravou variantu. rozm\u011br: 100 cm barevn\u00e9 proveden\u00ed: r\u00e1m &#8211; b\u00edl\u00fd, leskl\u00fd chrom, Satin (matn\u00fd chrom) v\u00fdpl\u0148 z bezpe\u010dnostn\u00edho skla: 6 mm; Transparent v\u00fd\u0161ka v\u00fdrobku: 190 cm V\u00fdrobek tvo\u0159\u00ed jeden pevn\u00fd d\u00edl. [&hellip;]","og_url":"https:\/\/www.technodompro.com\/index.php\/produkt\/znackovy-ravak-pevna-stena-blix-blps-100-satin-transparent-55728\/","og_image":[{"width":1000,"height":525,"url":"https:\/\/www.technodompro.com\/wp-content\/uploads\/2026\/SK0013422-CZ20260425-093449-0-1777080895-ravak-pevna-stena-blix-blps-100-satin-transparent.webp","type":"image\/webp"}],"twitter_card":"summary_large_image","twitter_misc":{"Odhadovan\u00e1 doba \u010dten\u00ed":"1 minuta"},"schema":{"@context":"https:\/\/schema.org","@graph":[{"@type":"WebPage","@id":"https:\/\/www.technodompro.com\/index.php\/produkt\/znackovy-ravak-pevna-stena-blix-blps-100-satin-transparent-55728\/","url":"https:\/\/www.technodompro.com\/index.php\/produkt\/znackovy-ravak-pevna-stena-blix-blps-100-satin-transparent-55728\/","name":"Zna\u010dkov\u00fd Ravak pevn\u00e1 st\u011bna Blix BLPS-100 satin+transparent -","isPartOf":{"@id":"https:\/\/www.technodompro.com\/#website"},"primaryImageOfPage":{"@id":"https:\/\/www.technodompro.com\/index.php\/produkt\/znackovy-ravak-pevna-stena-blix-blps-100-satin-transparent-55728\/#primaryimage"},"image":{"@id":"https:\/\/www.technodompro.com\/index.php\/produkt\/znackovy-ravak-pevna-stena-blix-blps-100-satin-transparent-55728\/#primaryimage"},"thumbnailUrl":"https:\/\/www.technodompro.com\/wp-content\/uploads\/2026\/SK0013422-CZ20260425-093449-0-1777080895-ravak-pevna-stena-blix-blps-100-satin-transparent.webp","datePublished":"2026-04-27T04:43:01+00:00","breadcrumb":{"@id":"https:\/\/www.technodompro.com\/index.php\/produkt\/znackovy-ravak-pevna-stena-blix-blps-100-satin-transparent-55728\/#breadcrumb"},"inLanguage":"cs","potentialAction":[{"@type":"ReadAction","target":["https:\/\/www.technodompro.com\/index.php\/produkt\/znackovy-ravak-pevna-stena-blix-blps-100-satin-transparent-55728\/"]}]},{"@type":"ImageObject","inLanguage":"cs","@id":"https:\/\/www.technodompro.com\/index.php\/produkt\/znackovy-ravak-pevna-stena-blix-blps-100-satin-transparent-55728\/#primaryimage","url":"https:\/\/www.technodompro.com\/wp-content\/uploads\/2026\/SK0013422-CZ20260425-093449-0-1777080895-ravak-pevna-stena-blix-blps-100-satin-transparent.webp","contentUrl":"https:\/\/www.technodompro.com\/wp-content\/uploads\/2026\/SK0013422-CZ20260425-093449-0-1777080895-ravak-pevna-stena-blix-blps-100-satin-transparent.webp","width":1000,"height":525},{"@type":"BreadcrumbList","@id":"https:\/\/www.technodompro.com\/index.php\/produkt\/znackovy-ravak-pevna-stena-blix-blps-100-satin-transparent-55728\/#breadcrumb","itemListElement":[{"@type":"ListItem","position":1,"name":"Home","item":"https:\/\/www.technodompro.com\/"},{"@type":"ListItem","position":2,"name":"Products","item":"https:\/\/www.technodompro.com\/index.php\/products\/"},{"@type":"ListItem","position":3,"name":"Zna\u010dkov\u00fd Ravak pevn\u00e1 st\u011bna Blix BLPS-100 satin+transparent"}]},{"@type":"WebSite","@id":"https:\/\/www.technodompro.com\/#website","url":"https:\/\/www.technodompro.com\/","name":"","description":"","potentialAction":[{"@type":"SearchAction","target":{"@type":"EntryPoint","urlTemplate":"https:\/\/www.technodompro.com\/?s={search_term_string}"},"query-input":{"@type":"PropertyValueSpecification","valueRequired":true,"valueName":"search_term_string"}}],"inLanguage":"cs"}]}},"_links":{"self":[{"href":"https:\/\/www.technodompro.com\/index.php\/wp-json\/wp\/v2\/product\/55728","targetHints":{"allow":["GET"]}}],"collection":[{"href":"https:\/\/www.technodompro.com\/index.php\/wp-json\/wp\/v2\/product"}],"about":[{"href":"https:\/\/www.technodompro.com\/index.php\/wp-json\/wp\/v2\/types\/product"}],"replies":[{"embeddable":true,"href":"https:\/\/www.technodompro.com\/index.php\/wp-json\/wp\/v2\/comments?post=55728"}],"wp:featuredmedia":[{"embeddable":true,"href":"https:\/\/www.technodompro.com\/index.php\/wp-json\/wp\/v2\/media\/55828"}],"wp:attachment":[{"href":"https:\/\/www.technodompro.com\/index.php\/wp-json\/wp\/v2\/media?parent=55728"}],"wp:term":[{"taxonomy":"product_brand","embeddable":true,"href":"https:\/\/www.technodompro.com\/index.php\/wp-json\/wp\/v2\/product_brand?post=55728"},{"taxonomy":"product_cat","embeddable":true,"href":"https:\/\/www.technodompro.com\/index.php\/wp-json\/wp\/v2\/product_cat?post=55728"},{"taxonomy":"product_tag","embeddable":true,"href":"https:\/\/www.technodompro.com\/index.php\/wp-json\/wp\/v2\/product_tag?post=55728"}],"curies":[{"name":"wp","href":"https:\/\/api.w.org\/{rel}","templated":true}]}}