{"id":5725,"date":"2026-04-27T04:40:42","date_gmt":"2026-04-27T04:40:42","guid":{"rendered":""},"modified":"2026-04-27T04:40:42","modified_gmt":"2026-04-27T04:40:42","slug":"znackovy-weis-a-zahradni-sklenik-2x6-m-comfort-4mm-5725","status":"publish","type":"product","link":"https:\/\/www.technodompro.com\/index.php\/produkt\/znackovy-weis-a-zahradni-sklenik-2x6-m-comfort-4mm-5725\/","title":{"rendered":"Zna\u010dkov\u00fd Weis A Zahradn\u00ed sklen\u00edk 2&#215;6 m COMFORT &#8211; 4mm"},"content":{"rendered":"<div class=\"detail-description__right\">\t\t\t\t<\/div>\n<div class=\"detail-description__top\">\t\t\t\t<\/div>\n<div class=\"detail-description__left\">\n<div class=\"detail-description__left__overflow\">\n<div class=\"detail-description__left__head\">\t\t\t\t\t\tPopis:\t\t\t\t\t<\/div>\n<div class=\"ul-style ul-style--check\">\n<p><strong>Polykarbon\u00e1tov\u00fd zahradn\u00ed sklen\u00edk COMFORT 2\u00a0\u00d7\u00a06 m\/\u00a06mm<\/strong><\/p>\n<p><strong>Zahradn\u00ed sklen\u00edk<\/strong> je ji\u017e \u0159adu let ned\u00edlnou sou\u010d\u00e1st\u00edv\u011bt\u0161iny zahrad. Ide\u00e1ln\u00edch podm\u00ednek pro p\u011bstov\u00e1n\u00ed a bohatou \u00farodudoc\u00edl\u00edte mnohem sn\u00e1ze ve sklen\u00edku ne\u017e pouze pod \u0161ir\u00fdm\u00a0nebem.<\/p>\n<p>Sklen\u00edk<strong> WEIS- A<\/strong>\u00a0kompletn\u011b vyr\u00e1b\u011bn\u00fd v\u00a0EUs\u00a0konstrukc\u00ed z\u00a0ocelov\u00fdch \u017e\u00e1rov\u011b pozinkovan\u00fdch <strong>profil\u016f 40\u00d740mm<\/strong> v\u00e1m na zahrad\u011b bude slou\u017eit \u0159adu let.<\/p>\n<p>Stabiln\u00ed a pevn\u00e1 konstrukce klasick\u00e9ho tvaru se sedlovou st\u0159echouopl\u00e1\u0161t\u011bn\u00e1 <strong>6\u00a0mm kom\u016frkov\u00fdm<\/strong>\u00a0<strong>polykarbon\u00e1tem<\/strong> zajist\u00ed va\u0161im rostlin\u00e1m <strong>ide\u00e1ln\u00edmikroklima<\/strong> a prodlou\u017e\u00ed <strong>p\u011bstitelskou sez\u00f3nu<\/strong> a\u017eo\u00a0n\u011bkolik\u00a0t\u00fddn\u016f.<\/p>\n<p>Sklen\u00edk doporu\u010dujeme stav\u011bt na <strong>ocelovou z\u00e1kladnu<\/strong> (kterou je mo\u017en\u00e9 doobjednat) nebo na podezd\u00edvku. Tu je vhodn\u00e9 p\u0159ipravit a\u017epo obdr\u017een\u00ed sklen\u00edku.<\/p>\n<p>Prostorn\u00fd vstup a dv\u011b v\u011btrac\u00ed okna zajist\u00ed bezprobl\u00e9mov\u00e9 proud\u011bn\u00edvzduchu a udr\u017eov\u00e1n\u00ed ide\u00e1ln\u00ed teploty. Sklen\u00edk je mo\u017en\u00e9 doplnito\u00a0<strong>automatick\u00e9 otv\u00edr\u00e1n\u00ed\u00a0oken.<\/strong><\/p>\n<p>D\u00edky pou\u017eit\u00fdm materi\u00e1l\u016fm, kter\u00e9 se vyzna\u010duj\u00ed vysokou kvalitou apevnost\u00ed se nemus\u00edte ob\u00e1vat nep\u0159\u00edzniv\u00fdch pov\u011btrnostn\u00edch\u00a0vli\u00adv\u016f.<\/p>\n<p><strong>Ocelov\u00e1 konstrukce<\/strong> je dod\u00e1v\u00e1na rozlo\u017een\u00e1v\u00a0ozna\u010den\u00fdch d\u00edlech pro snadnou mont\u00e1\u017e. Stavbu doporu\u010dujeme prov\u00e1d\u011btide\u00e1ln\u011b ve 2\u00a0lidech. Jednotliv\u00e9 d\u00edly jsou <strong>vyr\u00e1b\u011bny pomoc\u00edlaseru<\/strong> a <strong>otvory pro vruty jsou p\u0159ipraveny<\/strong>\u00a0\u2013<strong>nen\u00ed tedy nutn\u00e9 dal\u0161\u00ed vrt\u00e1n\u00ed do konstrukce<\/strong>\u00a0apod.<\/p>\n<p>Pou\u017eit\u00fd 2\u00a0vrstv\u00fdkom\u016frkov\u00fd\u00a0<strong>poly\u00adkarbon\u00e1t<\/strong>\u00a0v\u00fdrob\u00adce\u00a0<strong>ULTRAPLAST<\/strong>z\u00a0Loty\u0161ska je tedy <strong>vyr\u00e1b\u011bn v\u00a0EU<\/strong> a spl\u0148uje v\u0161echnyp\u0159edepsan\u00e9\u00a0normy.<\/p>\n<p>Z\u00e1rove\u0148 zajist\u00ed skv\u011bl\u00e9 tepeln\u011b izola\u010dn\u00ed vlastnosti s\u00a0dlouhou\u017eivotnost\u00ed.<\/p>\n<p><strong>Technick\u00e1 data :<\/strong><\/p>\n<ul class=\"plusminus\">\n<li><i class=\"fas fa-check\"><\/i><span>Konstrukce z\u00a0pozinkovan\u00fdch ocelov\u00fdch profil\u016f tvaru U\u00a040\u00d740\u00a0mm<\/span><\/li>\n<li><i class=\"fas fa-check\"><\/i><span>Tlou\u0161\u0165ka profilu: 0,7\u20130,8\u00a0mm<\/span><\/li>\n<li><i class=\"fas fa-check\"><\/i><span>Zasklen\u00ed : kom\u016frkov\u00fd polykarbon\u00e1t <strong>ULTRAPLAST<\/strong> 6\u00a0mm<\/span><\/li>\n<li><i class=\"fas fa-check\"><\/i><span>\u0160\u00ed\u0159ka : 200\u00a0cm<\/span><\/li>\n<li><i class=\"fas fa-check\"><\/i><span>D\u00e9lka : 600\u00a0cm<\/span><\/li>\n<li><i class=\"fas fa-check\"><\/i><span>V\u00fd\u0161ka st\u011bny : 161\u00a0cm<\/span><\/li>\n<li><i class=\"fas fa-check\"><\/i><span>Celkov\u00fd v\u00fd\u0161ka : 232\u00a0cm<\/span><\/li>\n<li><i class=\"fas fa-check\"><\/i><span>Vstupn\u00ed dve\u0159e : 1\u00d7<\/span><\/li>\n<li><i class=\"fas fa-check\"><\/i><span>Ventila\u010dn\u00ed okno : 2\u00d7<\/span><\/li>\n<li><i class=\"fas fa-check\"><\/i><span>\u0160\u00ed\u0159ka vstupn\u00edch dve\u0159\u00ed : 94\u00a0cm<\/span><\/li>\n<li><i class=\"fas fa-check\"><\/i><span>V\u00fd\u0161ka vstupn\u00edch dve\u0159\u00ed : 177\u00a0cm<\/span><\/li>\n<li><i class=\"fas fa-check\"><\/i><span>Balen\u00ed : 3\u00d7 karton s\u00a0konstrukc\u00ed, 2\u00d7 box s\u00a0p\u0159ed\u0159ezan\u00fdm\tpolykarbon\u00e1tem\u00a06mm<\/span><\/li>\n<li><i class=\"fas fa-check\"><\/i><span>Dod\u00e1v\u00e1no s\u00a0podrobn\u00fdm n\u00e1vodem na sestaven\u00ed<\/span><\/li>\n<\/ul>\n<\/div>\n<div class=\"detail-description__left__more\">\t\t\t\t\t\t<span> <\/span><span> <\/span>\t\t\t\t\t<\/div>\n<\/p><\/div>\n<\/p><\/div>\n<div class=\"detail-description__more\"><span> <\/span><span> <\/span><\/div>\n<\/p><\/div>\n<\/p><\/div>\n","protected":false},"excerpt":{"rendered":"<p>Popis: Polykarbon\u00e1tov\u00fd zahradn\u00ed sklen\u00edk COMFORT 2\u00a0\u00d7\u00a06 m\/\u00a06mm Zahradn\u00ed sklen\u00edk je ji\u017e \u0159adu let ned\u00edlnou sou\u010d\u00e1st\u00edv\u011bt\u0161iny zahrad. Ide\u00e1ln\u00edch podm\u00ednek pro p\u011bstov\u00e1n\u00ed a bohatou \u00farodudoc\u00edl\u00edte mnohem sn\u00e1ze ve sklen\u00edku ne\u017e pouze pod \u0161ir\u00fdm\u00a0nebem. Sklen\u00edk WEIS- A\u00a0kompletn\u011b vyr\u00e1b\u011bn\u00fd v\u00a0EUs\u00a0konstrukc\u00ed z\u00a0ocelov\u00fdch \u017e\u00e1rov\u011b pozinkovan\u00fdch profil\u016f 40\u00d740mm v\u00e1m na zahrad\u011b bude slou\u017eit \u0159adu let. Stabiln\u00ed a pevn\u00e1 konstrukce klasick\u00e9ho tvaru se [&hellip;]<\/p>\n","protected":false},"featured_media":5825,"comment_status":"open","ping_status":"open","template":"","meta":[],"product_brand":[],"product_cat":[36],"product_tag":[],"class_list":{"0":"post-5725","1":"product","2":"type-product","3":"status-publish","4":"has-post-thumbnail","6":"product_cat-zahrada","8":"first","9":"instock","10":"sale","11":"shipping-taxable","12":"purchasable","13":"product-type-simple"},"yoast_head":"<!-- This site is optimized with the Yoast SEO plugin v26.8 - https:\/\/yoast.com\/product\/yoast-seo-wordpress\/ -->\n<title>Zna\u010dkov\u00fd Weis A Zahradn\u00ed sklen\u00edk 2x6 m COMFORT - 4mm -<\/title>\n<meta name=\"robots\" content=\"index, follow, max-snippet:-1, max-image-preview:large, max-video-preview:-1\" \/>\n<link rel=\"canonical\" href=\"https:\/\/www.technodompro.com\/index.php\/produkt\/znackovy-weis-a-zahradni-sklenik-2x6-m-comfort-4mm-5725\/\" \/>\n<meta property=\"og:locale\" content=\"cs_CZ\" \/>\n<meta property=\"og:type\" content=\"article\" \/>\n<meta property=\"og:title\" content=\"Zna\u010dkov\u00fd Weis A Zahradn\u00ed sklen\u00edk 2x6 m COMFORT - 4mm -\" \/>\n<meta property=\"og:description\" content=\"Popis: Polykarbon\u00e1tov\u00fd zahradn\u00ed sklen\u00edk COMFORT 2\u00a0\u00d7\u00a06 m\/\u00a06mm Zahradn\u00ed sklen\u00edk je ji\u017e \u0159adu let ned\u00edlnou sou\u010d\u00e1st\u00edv\u011bt\u0161iny zahrad. Ide\u00e1ln\u00edch podm\u00ednek pro p\u011bstov\u00e1n\u00ed a bohatou \u00farodudoc\u00edl\u00edte mnohem sn\u00e1ze ve sklen\u00edku ne\u017e pouze pod \u0161ir\u00fdm\u00a0nebem. Sklen\u00edk WEIS- A\u00a0kompletn\u011b vyr\u00e1b\u011bn\u00fd v\u00a0EUs\u00a0konstrukc\u00ed z\u00a0ocelov\u00fdch \u017e\u00e1rov\u011b pozinkovan\u00fdch profil\u016f 40\u00d740mm v\u00e1m na zahrad\u011b bude slou\u017eit \u0159adu let. Stabiln\u00ed a pevn\u00e1 konstrukce klasick\u00e9ho tvaru se [&hellip;]\" \/>\n<meta property=\"og:url\" content=\"https:\/\/www.technodompro.com\/index.php\/produkt\/znackovy-weis-a-zahradni-sklenik-2x6-m-comfort-4mm-5725\/\" \/>\n<meta property=\"og:image\" content=\"https:\/\/www.technodompro.com\/wp-content\/uploads\/2026\/SK0018609-CZ20260425-091936-0-1777079982-sklenik-weis-a-zahradni-sklenik-2x6-m-comfort-4mm-w1200-h62.webp\" \/>\n\t<meta property=\"og:image:width\" content=\"1000\" \/>\n\t<meta property=\"og:image:height\" content=\"523\" \/>\n\t<meta property=\"og:image:type\" content=\"image\/webp\" \/>\n<meta name=\"twitter:card\" content=\"summary_large_image\" \/>\n<meta name=\"twitter:label1\" content=\"Odhadovan\u00e1 doba \u010dten\u00ed\" \/>\n\t<meta name=\"twitter:data1\" content=\"2 minuty\" \/>\n<script type=\"application\/ld+json\" class=\"yoast-schema-graph\">{\"@context\":\"https:\/\/schema.org\",\"@graph\":[{\"@type\":\"WebPage\",\"@id\":\"https:\/\/www.technodompro.com\/index.php\/produkt\/znackovy-weis-a-zahradni-sklenik-2x6-m-comfort-4mm-5725\/\",\"url\":\"https:\/\/www.technodompro.com\/index.php\/produkt\/znackovy-weis-a-zahradni-sklenik-2x6-m-comfort-4mm-5725\/\",\"name\":\"Zna\u010dkov\u00fd Weis A Zahradn\u00ed sklen\u00edk 2x6 m COMFORT - 4mm -\",\"isPartOf\":{\"@id\":\"https:\/\/www.technodompro.com\/#website\"},\"primaryImageOfPage\":{\"@id\":\"https:\/\/www.technodompro.com\/index.php\/produkt\/znackovy-weis-a-zahradni-sklenik-2x6-m-comfort-4mm-5725\/#primaryimage\"},\"image\":{\"@id\":\"https:\/\/www.technodompro.com\/index.php\/produkt\/znackovy-weis-a-zahradni-sklenik-2x6-m-comfort-4mm-5725\/#primaryimage\"},\"thumbnailUrl\":\"https:\/\/www.technodompro.com\/wp-content\/uploads\/2026\/SK0018609-CZ20260425-091936-0-1777079982-sklenik-weis-a-zahradni-sklenik-2x6-m-comfort-4mm-w1200-h62.webp\",\"datePublished\":\"2026-04-27T04:40:42+00:00\",\"breadcrumb\":{\"@id\":\"https:\/\/www.technodompro.com\/index.php\/produkt\/znackovy-weis-a-zahradni-sklenik-2x6-m-comfort-4mm-5725\/#breadcrumb\"},\"inLanguage\":\"cs\",\"potentialAction\":[{\"@type\":\"ReadAction\",\"target\":[\"https:\/\/www.technodompro.com\/index.php\/produkt\/znackovy-weis-a-zahradni-sklenik-2x6-m-comfort-4mm-5725\/\"]}]},{\"@type\":\"ImageObject\",\"inLanguage\":\"cs\",\"@id\":\"https:\/\/www.technodompro.com\/index.php\/produkt\/znackovy-weis-a-zahradni-sklenik-2x6-m-comfort-4mm-5725\/#primaryimage\",\"url\":\"https:\/\/www.technodompro.com\/wp-content\/uploads\/2026\/SK0018609-CZ20260425-091936-0-1777079982-sklenik-weis-a-zahradni-sklenik-2x6-m-comfort-4mm-w1200-h62.webp\",\"contentUrl\":\"https:\/\/www.technodompro.com\/wp-content\/uploads\/2026\/SK0018609-CZ20260425-091936-0-1777079982-sklenik-weis-a-zahradni-sklenik-2x6-m-comfort-4mm-w1200-h62.webp\",\"width\":1000,\"height\":523},{\"@type\":\"BreadcrumbList\",\"@id\":\"https:\/\/www.technodompro.com\/index.php\/produkt\/znackovy-weis-a-zahradni-sklenik-2x6-m-comfort-4mm-5725\/#breadcrumb\",\"itemListElement\":[{\"@type\":\"ListItem\",\"position\":1,\"name\":\"Home\",\"item\":\"https:\/\/www.technodompro.com\/\"},{\"@type\":\"ListItem\",\"position\":2,\"name\":\"Products\",\"item\":\"https:\/\/www.technodompro.com\/index.php\/products\/\"},{\"@type\":\"ListItem\",\"position\":3,\"name\":\"Zna\u010dkov\u00fd Weis A Zahradn\u00ed sklen\u00edk 2&#215;6 m COMFORT &#8211; 4mm\"}]},{\"@type\":\"WebSite\",\"@id\":\"https:\/\/www.technodompro.com\/#website\",\"url\":\"https:\/\/www.technodompro.com\/\",\"name\":\"\",\"description\":\"\",\"potentialAction\":[{\"@type\":\"SearchAction\",\"target\":{\"@type\":\"EntryPoint\",\"urlTemplate\":\"https:\/\/www.technodompro.com\/?s={search_term_string}\"},\"query-input\":{\"@type\":\"PropertyValueSpecification\",\"valueRequired\":true,\"valueName\":\"search_term_string\"}}],\"inLanguage\":\"cs\"}]}<\/script>\n<!-- \/ Yoast SEO plugin. -->","yoast_head_json":{"title":"Zna\u010dkov\u00fd Weis A Zahradn\u00ed sklen\u00edk 2x6 m COMFORT - 4mm -","robots":{"index":"index","follow":"follow","max-snippet":"max-snippet:-1","max-image-preview":"max-image-preview:large","max-video-preview":"max-video-preview:-1"},"canonical":"https:\/\/www.technodompro.com\/index.php\/produkt\/znackovy-weis-a-zahradni-sklenik-2x6-m-comfort-4mm-5725\/","og_locale":"cs_CZ","og_type":"article","og_title":"Zna\u010dkov\u00fd Weis A Zahradn\u00ed sklen\u00edk 2x6 m COMFORT - 4mm -","og_description":"Popis: Polykarbon\u00e1tov\u00fd zahradn\u00ed sklen\u00edk COMFORT 2\u00a0\u00d7\u00a06 m\/\u00a06mm Zahradn\u00ed sklen\u00edk je ji\u017e \u0159adu let ned\u00edlnou sou\u010d\u00e1st\u00edv\u011bt\u0161iny zahrad. Ide\u00e1ln\u00edch podm\u00ednek pro p\u011bstov\u00e1n\u00ed a bohatou \u00farodudoc\u00edl\u00edte mnohem sn\u00e1ze ve sklen\u00edku ne\u017e pouze pod \u0161ir\u00fdm\u00a0nebem. Sklen\u00edk WEIS- A\u00a0kompletn\u011b vyr\u00e1b\u011bn\u00fd v\u00a0EUs\u00a0konstrukc\u00ed z\u00a0ocelov\u00fdch \u017e\u00e1rov\u011b pozinkovan\u00fdch profil\u016f 40\u00d740mm v\u00e1m na zahrad\u011b bude slou\u017eit \u0159adu let. Stabiln\u00ed a pevn\u00e1 konstrukce klasick\u00e9ho tvaru se [&hellip;]","og_url":"https:\/\/www.technodompro.com\/index.php\/produkt\/znackovy-weis-a-zahradni-sklenik-2x6-m-comfort-4mm-5725\/","og_image":[{"width":1000,"height":523,"url":"https:\/\/www.technodompro.com\/wp-content\/uploads\/2026\/SK0018609-CZ20260425-091936-0-1777079982-sklenik-weis-a-zahradni-sklenik-2x6-m-comfort-4mm-w1200-h62.webp","type":"image\/webp"}],"twitter_card":"summary_large_image","twitter_misc":{"Odhadovan\u00e1 doba \u010dten\u00ed":"2 minuty"},"schema":{"@context":"https:\/\/schema.org","@graph":[{"@type":"WebPage","@id":"https:\/\/www.technodompro.com\/index.php\/produkt\/znackovy-weis-a-zahradni-sklenik-2x6-m-comfort-4mm-5725\/","url":"https:\/\/www.technodompro.com\/index.php\/produkt\/znackovy-weis-a-zahradni-sklenik-2x6-m-comfort-4mm-5725\/","name":"Zna\u010dkov\u00fd Weis A Zahradn\u00ed sklen\u00edk 2x6 m COMFORT - 4mm -","isPartOf":{"@id":"https:\/\/www.technodompro.com\/#website"},"primaryImageOfPage":{"@id":"https:\/\/www.technodompro.com\/index.php\/produkt\/znackovy-weis-a-zahradni-sklenik-2x6-m-comfort-4mm-5725\/#primaryimage"},"image":{"@id":"https:\/\/www.technodompro.com\/index.php\/produkt\/znackovy-weis-a-zahradni-sklenik-2x6-m-comfort-4mm-5725\/#primaryimage"},"thumbnailUrl":"https:\/\/www.technodompro.com\/wp-content\/uploads\/2026\/SK0018609-CZ20260425-091936-0-1777079982-sklenik-weis-a-zahradni-sklenik-2x6-m-comfort-4mm-w1200-h62.webp","datePublished":"2026-04-27T04:40:42+00:00","breadcrumb":{"@id":"https:\/\/www.technodompro.com\/index.php\/produkt\/znackovy-weis-a-zahradni-sklenik-2x6-m-comfort-4mm-5725\/#breadcrumb"},"inLanguage":"cs","potentialAction":[{"@type":"ReadAction","target":["https:\/\/www.technodompro.com\/index.php\/produkt\/znackovy-weis-a-zahradni-sklenik-2x6-m-comfort-4mm-5725\/"]}]},{"@type":"ImageObject","inLanguage":"cs","@id":"https:\/\/www.technodompro.com\/index.php\/produkt\/znackovy-weis-a-zahradni-sklenik-2x6-m-comfort-4mm-5725\/#primaryimage","url":"https:\/\/www.technodompro.com\/wp-content\/uploads\/2026\/SK0018609-CZ20260425-091936-0-1777079982-sklenik-weis-a-zahradni-sklenik-2x6-m-comfort-4mm-w1200-h62.webp","contentUrl":"https:\/\/www.technodompro.com\/wp-content\/uploads\/2026\/SK0018609-CZ20260425-091936-0-1777079982-sklenik-weis-a-zahradni-sklenik-2x6-m-comfort-4mm-w1200-h62.webp","width":1000,"height":523},{"@type":"BreadcrumbList","@id":"https:\/\/www.technodompro.com\/index.php\/produkt\/znackovy-weis-a-zahradni-sklenik-2x6-m-comfort-4mm-5725\/#breadcrumb","itemListElement":[{"@type":"ListItem","position":1,"name":"Home","item":"https:\/\/www.technodompro.com\/"},{"@type":"ListItem","position":2,"name":"Products","item":"https:\/\/www.technodompro.com\/index.php\/products\/"},{"@type":"ListItem","position":3,"name":"Zna\u010dkov\u00fd Weis A Zahradn\u00ed sklen\u00edk 2&#215;6 m COMFORT &#8211; 4mm"}]},{"@type":"WebSite","@id":"https:\/\/www.technodompro.com\/#website","url":"https:\/\/www.technodompro.com\/","name":"","description":"","potentialAction":[{"@type":"SearchAction","target":{"@type":"EntryPoint","urlTemplate":"https:\/\/www.technodompro.com\/?s={search_term_string}"},"query-input":{"@type":"PropertyValueSpecification","valueRequired":true,"valueName":"search_term_string"}}],"inLanguage":"cs"}]}},"_links":{"self":[{"href":"https:\/\/www.technodompro.com\/index.php\/wp-json\/wp\/v2\/product\/5725","targetHints":{"allow":["GET"]}}],"collection":[{"href":"https:\/\/www.technodompro.com\/index.php\/wp-json\/wp\/v2\/product"}],"about":[{"href":"https:\/\/www.technodompro.com\/index.php\/wp-json\/wp\/v2\/types\/product"}],"replies":[{"embeddable":true,"href":"https:\/\/www.technodompro.com\/index.php\/wp-json\/wp\/v2\/comments?post=5725"}],"wp:featuredmedia":[{"embeddable":true,"href":"https:\/\/www.technodompro.com\/index.php\/wp-json\/wp\/v2\/media\/5825"}],"wp:attachment":[{"href":"https:\/\/www.technodompro.com\/index.php\/wp-json\/wp\/v2\/media?parent=5725"}],"wp:term":[{"taxonomy":"product_brand","embeddable":true,"href":"https:\/\/www.technodompro.com\/index.php\/wp-json\/wp\/v2\/product_brand?post=5725"},{"taxonomy":"product_cat","embeddable":true,"href":"https:\/\/www.technodompro.com\/index.php\/wp-json\/wp\/v2\/product_cat?post=5725"},{"taxonomy":"product_tag","embeddable":true,"href":"https:\/\/www.technodompro.com\/index.php\/wp-json\/wp\/v2\/product_tag?post=5725"}],"curies":[{"name":"wp","href":"https:\/\/api.w.org\/{rel}","templated":true}]}}