{"id":57534,"date":"2026-04-27T04:43:06","date_gmt":"2026-04-27T04:43:06","guid":{"rendered":""},"modified":"2026-04-27T04:43:06","modified_gmt":"2026-04-27T04:43:06","slug":"znackovy-sapho-treos-pracovni-deska-1116x513-mm-rockstone-bila-mat-tx112-0101-57534","status":"publish","type":"product","link":"https:\/\/www.technodompro.com\/index.php\/produkt\/znackovy-sapho-treos-pracovni-deska-1116x513-mm-rockstone-bila-mat-tx112-0101-57534\/","title":{"rendered":"Zna\u010dkov\u00fd Sapho TREOS pracovn\u00ed deska 1116&#215;513 mm, rockstone, b\u00edl\u00e1 mat TX112-0101"},"content":{"rendered":"<div class=\"basic-description\">\n<h3>Detailn\u00ed popis produktu<\/h3>\n<div>\n<ul>\n<li>Otvor pro baterii a v\u00fdpust lze vyvrtat v m\u00edst\u011b instalace nebo dle v\u00fdkresu   ve v\u00fdrob\u011b<\/li>\n<\/ul>\n<p>Pro objedn\u00e1n\u00ed vybran\u00e9ho dekoru desky kontaktujte, pros\u00edm, prodejn\u00ed odd\u011blen\u00ed.<\/p>\n<\/div>\n<p><\/p>\n<p style=\"text-align: justify;\">Stavebnicov\u00fd syst\u00e9m TREOS umo\u017e\u0148uje vytvo\u0159en\u00ed origin\u00e1ln\u00edho koupelnov\u00e9ho interi\u00e9ru podle Va\u0161ich p\u0159edstav. Z\u00e1kladn\u00ed prvky inspiruj\u00ed ke kreativn\u00edmu n\u00e1vrhu unik\u00e1tn\u00ed sestavy podle konkr\u00e9tn\u00edch pot\u0159eb. Pro inspiraci jsme p\u0159ipravili n\u011bkolik sestav, sta\u010d\u00ed si vybrat barvu desky a sk\u0159\u00edn\u011bk. Kombinujte \u0161irokou \u0161k\u00e1lu barev nebo dekor\u016f d\u0159eva dle vzorn\u00edk\u016f. Popus\u0165te uzdu sv\u00e9 fantazii.<br \/>Z\u00e1suvkov\u00e9 sk\u0159\u00ed\u0148ky jsou bez\u00fachytkov\u00e9, vybaven\u00e9 pojezdy BLUM&reg; se syst\u00e9mem otev\u00edr\u00e1n\u00ed TIP-ON BLUMOTION. Tento syst\u00e9m je skv\u011blou kombinac\u00ed v\u00fdhod mechanick\u00e9ho zp\u016fsobu otv\u00edr\u00e1n\u00ed TIP-ON a osv\u011bd\u010den\u00e9ho tlumen\u00ed BLUMOTION. Z\u00e1suvky se otv\u00edraj\u00ed \u0165uknut\u00edm, r\u00e1zn\u011bj\u0161\u00edm p\u0159ibouchnut\u00edm aktivujete funkci TIP-ON a n\u00e1sledn\u011b BLUMOTION zajist\u00ed m\u011bkk\u00e9 a tich\u00e9 zav\u0159en\u00ed. Zvl\u00e1\u0161tnost\u00ed je kompletn\u011b mechanick\u00fd pr\u016fb\u011bh pohybu.<br \/>N\u00e1bytek nab\u00edz\u00edme standardn\u011b ve 4 barevn\u00fdch variant\u00e1ch. Na v\u00fdb\u011br jsou z\u00e1pustn\u00e1 umyvadla TREOS, poloz\u00e1pustn\u00e1 umyvadla BRAHEA nebo p\u0159i pou\u017eit\u00ed desky umyvadla na postaven\u00ed. S\u00e9rii lze doplnit o dopl\u0148kov\u00e9 sk\u0159\u00ed\u0148ky ESPACE se z\u00e1v\u011bsy BLUM a syst\u00e9mem TIP-ON. Do n\u011bkter\u00fdch sk\u0159\u00edn\u011bk ESPACE lze dokoupit prateln\u00fd l\u00e1tkov\u00fd pr\u00e1deln\u00ed ko\u0161 na such\u00fd zip nebo vnit\u0159n\u00ed z\u00e1suvku.&nbsp;<br \/>Dal\u0161\u00ed barevn\u00e9 varianty lze objednat dle vzorn\u00edk\u016f barev a dekor\u016f.<\/p>\n<p style=\"text-align: justify;\">N\u00e1bytek je dod\u00e1v\u00e1n ve smontovan\u00e9m stavu, p\u0159ipraven k okam\u017eit\u00e9 instalaci. N\u00e1bytek instalujte na rovnou st\u011bnu.<br \/>Nevystavujte n\u00e1bytek trval\u00e9 vlhkosti a styku s vodou. Po pou\u017eit\u00ed koupelnu \u0159\u00e1dn\u011b odv\u011btrejte. Proti p\u0159\u00edpadn\u00e9mu zat\u00e9k\u00e1n\u00ed do sk\u0159\u00ed\u0148ky pou\u017eijte silikonov\u00fd tmel.<\/p>\n<p><strong>P\u0159\u00edklady sestav:<\/strong><\/p>\n<p><strong>TREOS + TREOS z\u00e1pustn\u00e1 umyvadla (Solid Surface); TREOS + deska a umyvadlo na desku<\/strong><\/p>\n<\/p>\n<p><strong>TREOS + BRAHEA poloz\u00e1pustn\u00e1 umyvadla (Solid Surface)<\/strong><\/p>\n<\/p>\n<h2 class=\"props-title\">Vlastnosti<\/h2>\n<table>\n<tr>\n<th>Zna\u010dka<\/th>\n<td>SAPHO<\/td>\n<\/tr>\n<tr>\n<th>S\u00e9rie<\/th>\n<td>TREOS<\/td>\n<\/tr>\n<tr>\n<th>Rozm\u011br<\/th>\n<td>111,6&#215;51,3 cm<\/td>\n<\/tr>\n<tr>\n<th>\u0160\u00ed\u0159ka<\/th>\n<td>1116&nbsp;mm<\/td>\n<\/tr>\n<tr>\n<th>V\u00fd\u0161ka<\/th>\n<td>24&nbsp;mm<\/td>\n<\/tr>\n<tr>\n<th>Hloubka<\/th>\n<td>513&nbsp;mm<\/td>\n<\/tr>\n<tr>\n<th>Jin\u00e9 barevn\u00e9 proveden\u00ed<\/th>\n<td>Dle vzorn\u00edku<\/td>\n<\/tr>\n<tr>\n<th>Materi\u00e1l<\/th>\n<td>Solid Surface<\/td>\n<\/tr>\n<tr>\n<th>Typ sk\u0159\u00ed\u0148ky<\/th>\n<td>Deska<\/td>\n<\/tr>\n<tr>\n<th>Typ umyvadla<\/th>\n<td>Umyvadlo na desku<\/td>\n<\/tr>\n<tr>\n<th>Hmotnost \/ ks<\/th>\n<td>15.2000&nbsp;kg<\/td>\n<\/tr>\n<tr>\n<th>Balen\u00ed<\/th>\n<td>1&nbsp;ks<\/td>\n<\/tr>\n<tr>\n<th>EAN<\/th>\n<td>8590913896248<\/td>\n<\/tr>\n<tr>\n<th>Taric<\/th>\n<td>39205100<\/td>\n<\/tr>\n<tr>\n<th>Z\u00e1ruka<\/th>\n<td>2 roky<\/td>\n<\/tr>\n<\/table>\n<div class=\"product-explanation-item\">\n<h3>Desky lze vyrobit v tomto barevn\u00e9m proveden\u00ed:<\/h3>\n<div class=\"vzorniky-list\">\n<div class=\"vzorniky-item\">0101 Glacier white<\/div>\n<div class=\"vzorniky-item\">0854 Monsoon<\/div>\n<div class=\"vzorniky-item\">4033 Concrete<\/div>\n<div class=\"vzorniky-item\">0598 Black Attica<\/div>\n<div class=\"vzorniky-item\">0826 Riverbed<\/div>\n<div class=\"vzorniky-item\">0798 Jasmine white<\/div>\n<div class=\"vzorniky-item\">0816 Cachet<\/div>\n<p><!-- DO\u010cAS\n\n<div class=\"vzorniky-item\">A821 Chardonnay<\/div>\n\n<\/div>\n\n--><\/p>\n<p><strong>Pro objedn\u00e1n\u00ed vybran\u00e9ho dekoru kontaktujte prodejn\u00ed odd\u011blen\u00ed.<\/strong><\/p>\n<\/div>\n<\/div>\n<div class=\"product-explanation-item\">\n<h3>Solid Surface (Rockstone, um\u011bl\u00fd k\u00e1men, technick\u00fd mramor)<\/h3>\n<p style=\"text-align: justify;\">Solid Surface je masivn\u00ed nepor\u00e9zn\u00ed materi\u00e1l vyroben\u00fd ze sm\u011bsi p\u0159\u00edrodn\u00edho kamene a akryl\u00e1tu. M\u00e1 homogenn\u00ed pevn\u00fd povrch a pou\u017e\u00edv\u00e1 se p\u0159edev\u0161\u00edm pro v\u00fdrobu pracovn\u00edch desek. D\u00edky rozmanitosti barev a textur se dob\u0159e kombinuje s jin\u00fdmi materi\u00e1ly. P\u00e9\u010de o n\u011bj je snadn\u00e1: \u0161kr\u00e1bance lze snadno odstranit pomoc\u00ed m\u011bkk\u00fdch \u010distic\u00edch prost\u0159edk\u016f a znovu tak obnovit lesk povrchu. Nav\u00edc vynik\u00e1 odolnost\u00ed proti skvrn\u00e1m a je nenas\u00e1kav\u00fd.<\/p>\n<\/div>\n<p>   Upozorn\u011bn\u00ed pro z\u00e1kazn\u00edky ke koupi produkt\u016f na objedn\u00e1n\u00ed: Toto zbo\u017e\u00ed nen\u00ed standardn\u00edm s\u00e9riov\u00fdm v\u00fdrobkem. Bude vyrobeno na p\u0159\u00e1n\u00ed z\u00e1kazn\u00edka a proto jej nelze dodavateli v z\u00e1konn\u00e9 lh\u016ft\u011b vr\u00e1tit. (viz \u00a71837 odst.d, ob\u010dansk\u00e9ho z\u00e1kon\u00edku). V tomto p\u0159\u00edpad\u011b m\u016f\u017eeme po\u017eadovat nevratnou z\u00e1lohu a\u017e do v\u00fd\u0161e 100 % z ceny v\u00fdrobku.                            <\/p><\/div>\n","protected":false},"excerpt":{"rendered":"<p>Detailn\u00ed popis produktu Otvor pro baterii a v\u00fdpust lze vyvrtat v m\u00edst\u011b instalace nebo dle v\u00fdkresu ve v\u00fdrob\u011b Pro objedn\u00e1n\u00ed vybran\u00e9ho dekoru desky kontaktujte, pros\u00edm, prodejn\u00ed odd\u011blen\u00ed. Stavebnicov\u00fd syst\u00e9m TREOS umo\u017e\u0148uje vytvo\u0159en\u00ed origin\u00e1ln\u00edho koupelnov\u00e9ho interi\u00e9ru podle Va\u0161ich p\u0159edstav. Z\u00e1kladn\u00ed prvky inspiruj\u00ed ke kreativn\u00edmu n\u00e1vrhu unik\u00e1tn\u00ed sestavy podle konkr\u00e9tn\u00edch pot\u0159eb. Pro inspiraci jsme p\u0159ipravili n\u011bkolik sestav, [&hellip;]<\/p>\n","protected":false},"featured_media":57634,"comment_status":"open","ping_status":"open","template":"","meta":[],"product_brand":[],"product_cat":[69],"product_tag":[],"class_list":{"0":"post-57534","1":"product","2":"type-product","3":"status-publish","4":"has-post-thumbnail","6":"product_cat-koupelnovy-nabytek","8":"first","9":"instock","10":"sale","11":"shipping-taxable","12":"purchasable","13":"product-type-simple"},"yoast_head":"<!-- This site is optimized with the Yoast SEO plugin v26.8 - https:\/\/yoast.com\/product\/yoast-seo-wordpress\/ -->\n<title>Zna\u010dkov\u00fd Sapho TREOS pracovn\u00ed deska 1116x513 mm, rockstone, b\u00edl\u00e1 mat TX112-0101 -<\/title>\n<meta name=\"robots\" content=\"index, follow, max-snippet:-1, max-image-preview:large, max-video-preview:-1\" \/>\n<link rel=\"canonical\" href=\"https:\/\/www.technodompro.com\/index.php\/produkt\/znackovy-sapho-treos-pracovni-deska-1116x513-mm-rockstone-bila-mat-tx112-0101-57534\/\" \/>\n<meta property=\"og:locale\" content=\"cs_CZ\" \/>\n<meta property=\"og:type\" content=\"article\" \/>\n<meta property=\"og:title\" content=\"Zna\u010dkov\u00fd Sapho TREOS pracovn\u00ed deska 1116x513 mm, rockstone, b\u00edl\u00e1 mat TX112-0101 -\" \/>\n<meta property=\"og:description\" content=\"Detailn\u00ed popis produktu Otvor pro baterii a v\u00fdpust lze vyvrtat v m\u00edst\u011b instalace nebo dle v\u00fdkresu ve v\u00fdrob\u011b Pro objedn\u00e1n\u00ed vybran\u00e9ho dekoru desky kontaktujte, pros\u00edm, prodejn\u00ed odd\u011blen\u00ed. Stavebnicov\u00fd syst\u00e9m TREOS umo\u017e\u0148uje vytvo\u0159en\u00ed origin\u00e1ln\u00edho koupelnov\u00e9ho interi\u00e9ru podle Va\u0161ich p\u0159edstav. Z\u00e1kladn\u00ed prvky inspiruj\u00ed ke kreativn\u00edmu n\u00e1vrhu unik\u00e1tn\u00ed sestavy podle konkr\u00e9tn\u00edch pot\u0159eb. Pro inspiraci jsme p\u0159ipravili n\u011bkolik sestav, [&hellip;]\" \/>\n<meta property=\"og:url\" content=\"https:\/\/www.technodompro.com\/index.php\/produkt\/znackovy-sapho-treos-pracovni-deska-1116x513-mm-rockstone-bila-mat-tx112-0101-57534\/\" \/>\n<meta property=\"og:image\" content=\"https:\/\/www.technodompro.com\/wp-content\/uploads\/2026\/SK0013564-CZ20260425-093631-0-1777080994-271591_tx112-0101-153227253252391.webp\" \/>\n\t<meta property=\"og:image:width\" content=\"1000\" \/>\n\t<meta property=\"og:image:height\" content=\"750\" \/>\n\t<meta property=\"og:image:type\" content=\"image\/webp\" \/>\n<meta name=\"twitter:card\" content=\"summary_large_image\" \/>\n<meta name=\"twitter:label1\" content=\"Odhadovan\u00e1 doba \u010dten\u00ed\" \/>\n\t<meta name=\"twitter:data1\" content=\"3 minuty\" \/>\n<script type=\"application\/ld+json\" class=\"yoast-schema-graph\">{\"@context\":\"https:\/\/schema.org\",\"@graph\":[{\"@type\":\"WebPage\",\"@id\":\"https:\/\/www.technodompro.com\/index.php\/produkt\/znackovy-sapho-treos-pracovni-deska-1116x513-mm-rockstone-bila-mat-tx112-0101-57534\/\",\"url\":\"https:\/\/www.technodompro.com\/index.php\/produkt\/znackovy-sapho-treos-pracovni-deska-1116x513-mm-rockstone-bila-mat-tx112-0101-57534\/\",\"name\":\"Zna\u010dkov\u00fd Sapho TREOS pracovn\u00ed deska 1116x513 mm, rockstone, b\u00edl\u00e1 mat TX112-0101 -\",\"isPartOf\":{\"@id\":\"https:\/\/www.technodompro.com\/#website\"},\"primaryImageOfPage\":{\"@id\":\"https:\/\/www.technodompro.com\/index.php\/produkt\/znackovy-sapho-treos-pracovni-deska-1116x513-mm-rockstone-bila-mat-tx112-0101-57534\/#primaryimage\"},\"image\":{\"@id\":\"https:\/\/www.technodompro.com\/index.php\/produkt\/znackovy-sapho-treos-pracovni-deska-1116x513-mm-rockstone-bila-mat-tx112-0101-57534\/#primaryimage\"},\"thumbnailUrl\":\"https:\/\/www.technodompro.com\/wp-content\/uploads\/2026\/SK0013564-CZ20260425-093631-0-1777080994-271591_tx112-0101-153227253252391.webp\",\"datePublished\":\"2026-04-27T04:43:06+00:00\",\"breadcrumb\":{\"@id\":\"https:\/\/www.technodompro.com\/index.php\/produkt\/znackovy-sapho-treos-pracovni-deska-1116x513-mm-rockstone-bila-mat-tx112-0101-57534\/#breadcrumb\"},\"inLanguage\":\"cs\",\"potentialAction\":[{\"@type\":\"ReadAction\",\"target\":[\"https:\/\/www.technodompro.com\/index.php\/produkt\/znackovy-sapho-treos-pracovni-deska-1116x513-mm-rockstone-bila-mat-tx112-0101-57534\/\"]}]},{\"@type\":\"ImageObject\",\"inLanguage\":\"cs\",\"@id\":\"https:\/\/www.technodompro.com\/index.php\/produkt\/znackovy-sapho-treos-pracovni-deska-1116x513-mm-rockstone-bila-mat-tx112-0101-57534\/#primaryimage\",\"url\":\"https:\/\/www.technodompro.com\/wp-content\/uploads\/2026\/SK0013564-CZ20260425-093631-0-1777080994-271591_tx112-0101-153227253252391.webp\",\"contentUrl\":\"https:\/\/www.technodompro.com\/wp-content\/uploads\/2026\/SK0013564-CZ20260425-093631-0-1777080994-271591_tx112-0101-153227253252391.webp\",\"width\":1000,\"height\":750},{\"@type\":\"BreadcrumbList\",\"@id\":\"https:\/\/www.technodompro.com\/index.php\/produkt\/znackovy-sapho-treos-pracovni-deska-1116x513-mm-rockstone-bila-mat-tx112-0101-57534\/#breadcrumb\",\"itemListElement\":[{\"@type\":\"ListItem\",\"position\":1,\"name\":\"Home\",\"item\":\"https:\/\/www.technodompro.com\/\"},{\"@type\":\"ListItem\",\"position\":2,\"name\":\"Products\",\"item\":\"https:\/\/www.technodompro.com\/index.php\/products\/\"},{\"@type\":\"ListItem\",\"position\":3,\"name\":\"Zna\u010dkov\u00fd Sapho TREOS pracovn\u00ed deska 1116&#215;513 mm, rockstone, b\u00edl\u00e1 mat TX112-0101\"}]},{\"@type\":\"WebSite\",\"@id\":\"https:\/\/www.technodompro.com\/#website\",\"url\":\"https:\/\/www.technodompro.com\/\",\"name\":\"\",\"description\":\"\",\"potentialAction\":[{\"@type\":\"SearchAction\",\"target\":{\"@type\":\"EntryPoint\",\"urlTemplate\":\"https:\/\/www.technodompro.com\/?s={search_term_string}\"},\"query-input\":{\"@type\":\"PropertyValueSpecification\",\"valueRequired\":true,\"valueName\":\"search_term_string\"}}],\"inLanguage\":\"cs\"}]}<\/script>\n<!-- \/ Yoast SEO plugin. -->","yoast_head_json":{"title":"Zna\u010dkov\u00fd Sapho TREOS pracovn\u00ed deska 1116x513 mm, rockstone, b\u00edl\u00e1 mat TX112-0101 -","robots":{"index":"index","follow":"follow","max-snippet":"max-snippet:-1","max-image-preview":"max-image-preview:large","max-video-preview":"max-video-preview:-1"},"canonical":"https:\/\/www.technodompro.com\/index.php\/produkt\/znackovy-sapho-treos-pracovni-deska-1116x513-mm-rockstone-bila-mat-tx112-0101-57534\/","og_locale":"cs_CZ","og_type":"article","og_title":"Zna\u010dkov\u00fd Sapho TREOS pracovn\u00ed deska 1116x513 mm, rockstone, b\u00edl\u00e1 mat TX112-0101 -","og_description":"Detailn\u00ed popis produktu Otvor pro baterii a v\u00fdpust lze vyvrtat v m\u00edst\u011b instalace nebo dle v\u00fdkresu ve v\u00fdrob\u011b Pro objedn\u00e1n\u00ed vybran\u00e9ho dekoru desky kontaktujte, pros\u00edm, prodejn\u00ed odd\u011blen\u00ed. Stavebnicov\u00fd syst\u00e9m TREOS umo\u017e\u0148uje vytvo\u0159en\u00ed origin\u00e1ln\u00edho koupelnov\u00e9ho interi\u00e9ru podle Va\u0161ich p\u0159edstav. Z\u00e1kladn\u00ed prvky inspiruj\u00ed ke kreativn\u00edmu n\u00e1vrhu unik\u00e1tn\u00ed sestavy podle konkr\u00e9tn\u00edch pot\u0159eb. Pro inspiraci jsme p\u0159ipravili n\u011bkolik sestav, [&hellip;]","og_url":"https:\/\/www.technodompro.com\/index.php\/produkt\/znackovy-sapho-treos-pracovni-deska-1116x513-mm-rockstone-bila-mat-tx112-0101-57534\/","og_image":[{"width":1000,"height":750,"url":"https:\/\/www.technodompro.com\/wp-content\/uploads\/2026\/SK0013564-CZ20260425-093631-0-1777080994-271591_tx112-0101-153227253252391.webp","type":"image\/webp"}],"twitter_card":"summary_large_image","twitter_misc":{"Odhadovan\u00e1 doba \u010dten\u00ed":"3 minuty"},"schema":{"@context":"https:\/\/schema.org","@graph":[{"@type":"WebPage","@id":"https:\/\/www.technodompro.com\/index.php\/produkt\/znackovy-sapho-treos-pracovni-deska-1116x513-mm-rockstone-bila-mat-tx112-0101-57534\/","url":"https:\/\/www.technodompro.com\/index.php\/produkt\/znackovy-sapho-treos-pracovni-deska-1116x513-mm-rockstone-bila-mat-tx112-0101-57534\/","name":"Zna\u010dkov\u00fd Sapho TREOS pracovn\u00ed deska 1116x513 mm, rockstone, b\u00edl\u00e1 mat TX112-0101 -","isPartOf":{"@id":"https:\/\/www.technodompro.com\/#website"},"primaryImageOfPage":{"@id":"https:\/\/www.technodompro.com\/index.php\/produkt\/znackovy-sapho-treos-pracovni-deska-1116x513-mm-rockstone-bila-mat-tx112-0101-57534\/#primaryimage"},"image":{"@id":"https:\/\/www.technodompro.com\/index.php\/produkt\/znackovy-sapho-treos-pracovni-deska-1116x513-mm-rockstone-bila-mat-tx112-0101-57534\/#primaryimage"},"thumbnailUrl":"https:\/\/www.technodompro.com\/wp-content\/uploads\/2026\/SK0013564-CZ20260425-093631-0-1777080994-271591_tx112-0101-153227253252391.webp","datePublished":"2026-04-27T04:43:06+00:00","breadcrumb":{"@id":"https:\/\/www.technodompro.com\/index.php\/produkt\/znackovy-sapho-treos-pracovni-deska-1116x513-mm-rockstone-bila-mat-tx112-0101-57534\/#breadcrumb"},"inLanguage":"cs","potentialAction":[{"@type":"ReadAction","target":["https:\/\/www.technodompro.com\/index.php\/produkt\/znackovy-sapho-treos-pracovni-deska-1116x513-mm-rockstone-bila-mat-tx112-0101-57534\/"]}]},{"@type":"ImageObject","inLanguage":"cs","@id":"https:\/\/www.technodompro.com\/index.php\/produkt\/znackovy-sapho-treos-pracovni-deska-1116x513-mm-rockstone-bila-mat-tx112-0101-57534\/#primaryimage","url":"https:\/\/www.technodompro.com\/wp-content\/uploads\/2026\/SK0013564-CZ20260425-093631-0-1777080994-271591_tx112-0101-153227253252391.webp","contentUrl":"https:\/\/www.technodompro.com\/wp-content\/uploads\/2026\/SK0013564-CZ20260425-093631-0-1777080994-271591_tx112-0101-153227253252391.webp","width":1000,"height":750},{"@type":"BreadcrumbList","@id":"https:\/\/www.technodompro.com\/index.php\/produkt\/znackovy-sapho-treos-pracovni-deska-1116x513-mm-rockstone-bila-mat-tx112-0101-57534\/#breadcrumb","itemListElement":[{"@type":"ListItem","position":1,"name":"Home","item":"https:\/\/www.technodompro.com\/"},{"@type":"ListItem","position":2,"name":"Products","item":"https:\/\/www.technodompro.com\/index.php\/products\/"},{"@type":"ListItem","position":3,"name":"Zna\u010dkov\u00fd Sapho TREOS pracovn\u00ed deska 1116&#215;513 mm, rockstone, b\u00edl\u00e1 mat TX112-0101"}]},{"@type":"WebSite","@id":"https:\/\/www.technodompro.com\/#website","url":"https:\/\/www.technodompro.com\/","name":"","description":"","potentialAction":[{"@type":"SearchAction","target":{"@type":"EntryPoint","urlTemplate":"https:\/\/www.technodompro.com\/?s={search_term_string}"},"query-input":{"@type":"PropertyValueSpecification","valueRequired":true,"valueName":"search_term_string"}}],"inLanguage":"cs"}]}},"_links":{"self":[{"href":"https:\/\/www.technodompro.com\/index.php\/wp-json\/wp\/v2\/product\/57534","targetHints":{"allow":["GET"]}}],"collection":[{"href":"https:\/\/www.technodompro.com\/index.php\/wp-json\/wp\/v2\/product"}],"about":[{"href":"https:\/\/www.technodompro.com\/index.php\/wp-json\/wp\/v2\/types\/product"}],"replies":[{"embeddable":true,"href":"https:\/\/www.technodompro.com\/index.php\/wp-json\/wp\/v2\/comments?post=57534"}],"wp:featuredmedia":[{"embeddable":true,"href":"https:\/\/www.technodompro.com\/index.php\/wp-json\/wp\/v2\/media\/57634"}],"wp:attachment":[{"href":"https:\/\/www.technodompro.com\/index.php\/wp-json\/wp\/v2\/media?parent=57534"}],"wp:term":[{"taxonomy":"product_brand","embeddable":true,"href":"https:\/\/www.technodompro.com\/index.php\/wp-json\/wp\/v2\/product_brand?post=57534"},{"taxonomy":"product_cat","embeddable":true,"href":"https:\/\/www.technodompro.com\/index.php\/wp-json\/wp\/v2\/product_cat?post=57534"},{"taxonomy":"product_tag","embeddable":true,"href":"https:\/\/www.technodompro.com\/index.php\/wp-json\/wp\/v2\/product_tag?post=57534"}],"curies":[{"name":"wp","href":"https:\/\/api.w.org\/{rel}","templated":true}]}}