{"id":5758,"date":"2026-04-27T04:40:42","date_gmt":"2026-04-27T04:40:42","guid":{"rendered":""},"modified":"2026-04-27T04:40:42","modified_gmt":"2026-04-27T04:40:42","slug":"acd-ventilacni-balicek-alu-overeny-5758","status":"publish","type":"product","link":"https:\/\/www.technodompro.com\/index.php\/produkt\/acd-ventilacni-balicek-alu-overeny-5758\/","title":{"rendered":"ACD Ventila\u010dn\u00ed bal\u00ed\u010dek Alu Ov\u011b\u0159en\u00fd"},"content":{"rendered":"<div class=\"detail-description__right\">\n<div class=\"parameters\">\n<div class=\"table table--simple\">\n<table>\n<tbody>\n<tr>\n<td colspan=\"2\">\n<h4>Obsah bal\u00ed\u010dku<\/h4>\n<\/td>\n<\/tr>\n<tr>\n<td>S\u00ed\u0165ovan\u00e9 dve\u0159e<\/td>\n<td>1 ks<\/td>\n<\/tr>\n<tr>\n<td>St\u0159e\u0161n\u00ed okno<\/td>\n<td>1 ks<\/td>\n<\/tr>\n<tr>\n<td colspan=\"2\">\n<h4>Parametry<\/h4>\n<\/td>\n<\/tr>\n<tr>\n<td>Z\u00e1ruka<\/td>\n<td>24 m\u011bs\u00edc\u016f<\/td>\n<\/tr>\n<tr>\n<td>Zna\u010dka<\/td>\n<td>ACD<\/td>\n<\/tr>\n<\/tbody>\n<\/table><\/div>\n<\/div><\/div>\n<div class=\"detail-description__top\">\t\t\t\t<\/div>\n<div class=\"detail-description__left\">\n<div class=\"detail-description__left__overflow\">\n<div class=\"detail-description__left__head\">\t\t\t\t\t\tPopis:\t\t\t\t\t<\/div>\n<div class=\"ul-style ul-style--check\">\n<p>Ide\u00e1ln\u00ed pro p\u011bstitele, kte\u0159\u00ed cht\u011bj\u00ed sv\u00e9mu sklen\u00edku dodat vy\u0161\u0161\u00ed \u00farove\u0148 komfortu a zlep\u0161it podm\u00ednky b\u011bhem tepl\u00fdch letn\u00edch dn\u00ed. Sada obsahuje <strong data-start=\"170\" data-end=\"192\">dal\u0161\u00ed st\u0159e\u0161n\u00ed okno<\/strong> a <strong data-start=\"195\" data-end=\"211\">s\u00ed\u0165ov\u00e9 dve\u0159e<\/strong>, kter\u00e9 spole\u010dn\u011b zaji\u0161\u0165uj\u00ed efektivn\u00ed v\u011btr\u00e1n\u00ed a p\u0159irozenou cirkulaci vzduchu. D\u00edky tomu se ve sklen\u00edku sni\u017euje vlhkost, p\u0159edch\u00e1z\u00ed p\u0159eh\u0159\u00edv\u00e1n\u00ed a rostliny maj\u00ed zdrav\u011bj\u0161\u00ed prost\u0159ed\u00ed pro r\u016fst.<\/p>\n<\/div>\n<div class=\"detail-description__left__more\">\t\t\t\t\t\t<span> <\/span><span> <\/span>\t\t\t\t\t<\/div>\n<\/p><\/div>\n<div class=\"extra-note\">\n<p>Samostatn\u011b neprodejn\u00e9.<\/p>\n<\/p><\/div>\n<\/p><\/div>\n<div class=\"detail-description__more\"><span> <\/span><span> <\/span><\/div>\n<\/p><\/div>\n<\/p><\/div>\n","protected":false},"excerpt":{"rendered":"<p>Obsah bal\u00ed\u010dku S\u00ed\u0165ovan\u00e9 dve\u0159e 1 ks St\u0159e\u0161n\u00ed okno 1 ks Parametry Z\u00e1ruka 24 m\u011bs\u00edc\u016f Zna\u010dka ACD Popis: Ide\u00e1ln\u00ed pro p\u011bstitele, kte\u0159\u00ed cht\u011bj\u00ed sv\u00e9mu sklen\u00edku dodat vy\u0161\u0161\u00ed \u00farove\u0148 komfortu a zlep\u0161it podm\u00ednky b\u011bhem tepl\u00fdch letn\u00edch dn\u00ed. Sada obsahuje dal\u0161\u00ed st\u0159e\u0161n\u00ed okno a s\u00ed\u0165ov\u00e9 dve\u0159e, kter\u00e9 spole\u010dn\u011b zaji\u0161\u0165uj\u00ed efektivn\u00ed v\u011btr\u00e1n\u00ed a p\u0159irozenou cirkulaci vzduchu. D\u00edky tomu se [&hellip;]<\/p>\n","protected":false},"featured_media":5858,"comment_status":"open","ping_status":"open","template":"","meta":[],"product_brand":[],"product_cat":[36],"product_tag":[],"class_list":{"0":"post-5758","1":"product","2":"type-product","3":"status-publish","4":"has-post-thumbnail","6":"product_cat-zahrada","8":"first","9":"instock","10":"sale","11":"shipping-taxable","12":"purchasable","13":"product-type-simple"},"yoast_head":"<!-- This site is optimized with the Yoast SEO plugin v26.8 - https:\/\/yoast.com\/product\/yoast-seo-wordpress\/ -->\n<title>ACD Ventila\u010dn\u00ed bal\u00ed\u010dek Alu Ov\u011b\u0159en\u00fd -<\/title>\n<meta name=\"robots\" content=\"index, follow, max-snippet:-1, max-image-preview:large, max-video-preview:-1\" \/>\n<link rel=\"canonical\" href=\"https:\/\/www.technodompro.com\/index.php\/produkt\/acd-ventilacni-balicek-alu-overeny-5758\/\" \/>\n<meta property=\"og:locale\" content=\"cs_CZ\" \/>\n<meta property=\"og:type\" content=\"article\" \/>\n<meta property=\"og:title\" content=\"ACD Ventila\u010dn\u00ed bal\u00ed\u010dek Alu Ov\u011b\u0159en\u00fd -\" \/>\n<meta property=\"og:description\" content=\"Obsah bal\u00ed\u010dku S\u00ed\u0165ovan\u00e9 dve\u0159e 1 ks St\u0159e\u0161n\u00ed okno 1 ks Parametry Z\u00e1ruka 24 m\u011bs\u00edc\u016f Zna\u010dka ACD Popis: Ide\u00e1ln\u00ed pro p\u011bstitele, kte\u0159\u00ed cht\u011bj\u00ed sv\u00e9mu sklen\u00edku dodat vy\u0161\u0161\u00ed \u00farove\u0148 komfortu a zlep\u0161it podm\u00ednky b\u011bhem tepl\u00fdch letn\u00edch dn\u00ed. Sada obsahuje dal\u0161\u00ed st\u0159e\u0161n\u00ed okno a s\u00ed\u0165ov\u00e9 dve\u0159e, kter\u00e9 spole\u010dn\u011b zaji\u0161\u0165uj\u00ed efektivn\u00ed v\u011btr\u00e1n\u00ed a p\u0159irozenou cirkulaci vzduchu. D\u00edky tomu se [&hellip;]\" \/>\n<meta property=\"og:url\" content=\"https:\/\/www.technodompro.com\/index.php\/produkt\/acd-ventilacni-balicek-alu-overeny-5758\/\" \/>\n<meta property=\"og:image\" content=\"https:\/\/www.technodompro.com\/wp-content\/uploads\/2026\/SK0018643-CZ20260425-091936-0-1777079982-balicek-acd-ventilacni-balicek-w1200-h628-f8-28ffb0604e96bc.webp\" \/>\n\t<meta property=\"og:image:width\" content=\"1000\" \/>\n\t<meta property=\"og:image:height\" content=\"523\" \/>\n\t<meta property=\"og:image:type\" content=\"image\/webp\" \/>\n<meta name=\"twitter:card\" content=\"summary_large_image\" \/>\n<meta name=\"twitter:label1\" content=\"Odhadovan\u00e1 doba \u010dten\u00ed\" \/>\n\t<meta name=\"twitter:data1\" content=\"1 minuta\" \/>\n<script type=\"application\/ld+json\" class=\"yoast-schema-graph\">{\"@context\":\"https:\/\/schema.org\",\"@graph\":[{\"@type\":\"WebPage\",\"@id\":\"https:\/\/www.technodompro.com\/index.php\/produkt\/acd-ventilacni-balicek-alu-overeny-5758\/\",\"url\":\"https:\/\/www.technodompro.com\/index.php\/produkt\/acd-ventilacni-balicek-alu-overeny-5758\/\",\"name\":\"ACD Ventila\u010dn\u00ed bal\u00ed\u010dek Alu Ov\u011b\u0159en\u00fd -\",\"isPartOf\":{\"@id\":\"https:\/\/www.technodompro.com\/#website\"},\"primaryImageOfPage\":{\"@id\":\"https:\/\/www.technodompro.com\/index.php\/produkt\/acd-ventilacni-balicek-alu-overeny-5758\/#primaryimage\"},\"image\":{\"@id\":\"https:\/\/www.technodompro.com\/index.php\/produkt\/acd-ventilacni-balicek-alu-overeny-5758\/#primaryimage\"},\"thumbnailUrl\":\"https:\/\/www.technodompro.com\/wp-content\/uploads\/2026\/SK0018643-CZ20260425-091936-0-1777079982-balicek-acd-ventilacni-balicek-w1200-h628-f8-28ffb0604e96bc.webp\",\"datePublished\":\"2026-04-27T04:40:42+00:00\",\"breadcrumb\":{\"@id\":\"https:\/\/www.technodompro.com\/index.php\/produkt\/acd-ventilacni-balicek-alu-overeny-5758\/#breadcrumb\"},\"inLanguage\":\"cs\",\"potentialAction\":[{\"@type\":\"ReadAction\",\"target\":[\"https:\/\/www.technodompro.com\/index.php\/produkt\/acd-ventilacni-balicek-alu-overeny-5758\/\"]}]},{\"@type\":\"ImageObject\",\"inLanguage\":\"cs\",\"@id\":\"https:\/\/www.technodompro.com\/index.php\/produkt\/acd-ventilacni-balicek-alu-overeny-5758\/#primaryimage\",\"url\":\"https:\/\/www.technodompro.com\/wp-content\/uploads\/2026\/SK0018643-CZ20260425-091936-0-1777079982-balicek-acd-ventilacni-balicek-w1200-h628-f8-28ffb0604e96bc.webp\",\"contentUrl\":\"https:\/\/www.technodompro.com\/wp-content\/uploads\/2026\/SK0018643-CZ20260425-091936-0-1777079982-balicek-acd-ventilacni-balicek-w1200-h628-f8-28ffb0604e96bc.webp\",\"width\":1000,\"height\":523},{\"@type\":\"BreadcrumbList\",\"@id\":\"https:\/\/www.technodompro.com\/index.php\/produkt\/acd-ventilacni-balicek-alu-overeny-5758\/#breadcrumb\",\"itemListElement\":[{\"@type\":\"ListItem\",\"position\":1,\"name\":\"Home\",\"item\":\"https:\/\/www.technodompro.com\/\"},{\"@type\":\"ListItem\",\"position\":2,\"name\":\"Products\",\"item\":\"https:\/\/www.technodompro.com\/index.php\/products\/\"},{\"@type\":\"ListItem\",\"position\":3,\"name\":\"ACD Ventila\u010dn\u00ed bal\u00ed\u010dek Alu Ov\u011b\u0159en\u00fd\"}]},{\"@type\":\"WebSite\",\"@id\":\"https:\/\/www.technodompro.com\/#website\",\"url\":\"https:\/\/www.technodompro.com\/\",\"name\":\"\",\"description\":\"\",\"potentialAction\":[{\"@type\":\"SearchAction\",\"target\":{\"@type\":\"EntryPoint\",\"urlTemplate\":\"https:\/\/www.technodompro.com\/?s={search_term_string}\"},\"query-input\":{\"@type\":\"PropertyValueSpecification\",\"valueRequired\":true,\"valueName\":\"search_term_string\"}}],\"inLanguage\":\"cs\"}]}<\/script>\n<!-- \/ Yoast SEO plugin. -->","yoast_head_json":{"title":"ACD Ventila\u010dn\u00ed bal\u00ed\u010dek Alu Ov\u011b\u0159en\u00fd -","robots":{"index":"index","follow":"follow","max-snippet":"max-snippet:-1","max-image-preview":"max-image-preview:large","max-video-preview":"max-video-preview:-1"},"canonical":"https:\/\/www.technodompro.com\/index.php\/produkt\/acd-ventilacni-balicek-alu-overeny-5758\/","og_locale":"cs_CZ","og_type":"article","og_title":"ACD Ventila\u010dn\u00ed bal\u00ed\u010dek Alu Ov\u011b\u0159en\u00fd -","og_description":"Obsah bal\u00ed\u010dku S\u00ed\u0165ovan\u00e9 dve\u0159e 1 ks St\u0159e\u0161n\u00ed okno 1 ks Parametry Z\u00e1ruka 24 m\u011bs\u00edc\u016f Zna\u010dka ACD Popis: Ide\u00e1ln\u00ed pro p\u011bstitele, kte\u0159\u00ed cht\u011bj\u00ed sv\u00e9mu sklen\u00edku dodat vy\u0161\u0161\u00ed \u00farove\u0148 komfortu a zlep\u0161it podm\u00ednky b\u011bhem tepl\u00fdch letn\u00edch dn\u00ed. Sada obsahuje dal\u0161\u00ed st\u0159e\u0161n\u00ed okno a s\u00ed\u0165ov\u00e9 dve\u0159e, kter\u00e9 spole\u010dn\u011b zaji\u0161\u0165uj\u00ed efektivn\u00ed v\u011btr\u00e1n\u00ed a p\u0159irozenou cirkulaci vzduchu. D\u00edky tomu se [&hellip;]","og_url":"https:\/\/www.technodompro.com\/index.php\/produkt\/acd-ventilacni-balicek-alu-overeny-5758\/","og_image":[{"width":1000,"height":523,"url":"https:\/\/www.technodompro.com\/wp-content\/uploads\/2026\/SK0018643-CZ20260425-091936-0-1777079982-balicek-acd-ventilacni-balicek-w1200-h628-f8-28ffb0604e96bc.webp","type":"image\/webp"}],"twitter_card":"summary_large_image","twitter_misc":{"Odhadovan\u00e1 doba \u010dten\u00ed":"1 minuta"},"schema":{"@context":"https:\/\/schema.org","@graph":[{"@type":"WebPage","@id":"https:\/\/www.technodompro.com\/index.php\/produkt\/acd-ventilacni-balicek-alu-overeny-5758\/","url":"https:\/\/www.technodompro.com\/index.php\/produkt\/acd-ventilacni-balicek-alu-overeny-5758\/","name":"ACD Ventila\u010dn\u00ed bal\u00ed\u010dek Alu Ov\u011b\u0159en\u00fd -","isPartOf":{"@id":"https:\/\/www.technodompro.com\/#website"},"primaryImageOfPage":{"@id":"https:\/\/www.technodompro.com\/index.php\/produkt\/acd-ventilacni-balicek-alu-overeny-5758\/#primaryimage"},"image":{"@id":"https:\/\/www.technodompro.com\/index.php\/produkt\/acd-ventilacni-balicek-alu-overeny-5758\/#primaryimage"},"thumbnailUrl":"https:\/\/www.technodompro.com\/wp-content\/uploads\/2026\/SK0018643-CZ20260425-091936-0-1777079982-balicek-acd-ventilacni-balicek-w1200-h628-f8-28ffb0604e96bc.webp","datePublished":"2026-04-27T04:40:42+00:00","breadcrumb":{"@id":"https:\/\/www.technodompro.com\/index.php\/produkt\/acd-ventilacni-balicek-alu-overeny-5758\/#breadcrumb"},"inLanguage":"cs","potentialAction":[{"@type":"ReadAction","target":["https:\/\/www.technodompro.com\/index.php\/produkt\/acd-ventilacni-balicek-alu-overeny-5758\/"]}]},{"@type":"ImageObject","inLanguage":"cs","@id":"https:\/\/www.technodompro.com\/index.php\/produkt\/acd-ventilacni-balicek-alu-overeny-5758\/#primaryimage","url":"https:\/\/www.technodompro.com\/wp-content\/uploads\/2026\/SK0018643-CZ20260425-091936-0-1777079982-balicek-acd-ventilacni-balicek-w1200-h628-f8-28ffb0604e96bc.webp","contentUrl":"https:\/\/www.technodompro.com\/wp-content\/uploads\/2026\/SK0018643-CZ20260425-091936-0-1777079982-balicek-acd-ventilacni-balicek-w1200-h628-f8-28ffb0604e96bc.webp","width":1000,"height":523},{"@type":"BreadcrumbList","@id":"https:\/\/www.technodompro.com\/index.php\/produkt\/acd-ventilacni-balicek-alu-overeny-5758\/#breadcrumb","itemListElement":[{"@type":"ListItem","position":1,"name":"Home","item":"https:\/\/www.technodompro.com\/"},{"@type":"ListItem","position":2,"name":"Products","item":"https:\/\/www.technodompro.com\/index.php\/products\/"},{"@type":"ListItem","position":3,"name":"ACD Ventila\u010dn\u00ed bal\u00ed\u010dek Alu Ov\u011b\u0159en\u00fd"}]},{"@type":"WebSite","@id":"https:\/\/www.technodompro.com\/#website","url":"https:\/\/www.technodompro.com\/","name":"","description":"","potentialAction":[{"@type":"SearchAction","target":{"@type":"EntryPoint","urlTemplate":"https:\/\/www.technodompro.com\/?s={search_term_string}"},"query-input":{"@type":"PropertyValueSpecification","valueRequired":true,"valueName":"search_term_string"}}],"inLanguage":"cs"}]}},"_links":{"self":[{"href":"https:\/\/www.technodompro.com\/index.php\/wp-json\/wp\/v2\/product\/5758","targetHints":{"allow":["GET"]}}],"collection":[{"href":"https:\/\/www.technodompro.com\/index.php\/wp-json\/wp\/v2\/product"}],"about":[{"href":"https:\/\/www.technodompro.com\/index.php\/wp-json\/wp\/v2\/types\/product"}],"replies":[{"embeddable":true,"href":"https:\/\/www.technodompro.com\/index.php\/wp-json\/wp\/v2\/comments?post=5758"}],"wp:featuredmedia":[{"embeddable":true,"href":"https:\/\/www.technodompro.com\/index.php\/wp-json\/wp\/v2\/media\/5858"}],"wp:attachment":[{"href":"https:\/\/www.technodompro.com\/index.php\/wp-json\/wp\/v2\/media?parent=5758"}],"wp:term":[{"taxonomy":"product_brand","embeddable":true,"href":"https:\/\/www.technodompro.com\/index.php\/wp-json\/wp\/v2\/product_brand?post=5758"},{"taxonomy":"product_cat","embeddable":true,"href":"https:\/\/www.technodompro.com\/index.php\/wp-json\/wp\/v2\/product_cat?post=5758"},{"taxonomy":"product_tag","embeddable":true,"href":"https:\/\/www.technodompro.com\/index.php\/wp-json\/wp\/v2\/product_tag?post=5758"}],"curies":[{"name":"wp","href":"https:\/\/api.w.org\/{rel}","templated":true}]}}