{"id":5768,"date":"2026-04-27T04:40:42","date_gmt":"2026-04-27T04:40:42","guid":{"rendered":""},"modified":"2026-04-27T04:40:42","modified_gmt":"2026-04-27T04:40:42","slug":"novinka-kawmet-litinova-krbova-kamna-p3-7-4-kw-eco-5768","status":"publish","type":"product","link":"https:\/\/www.technodompro.com\/index.php\/produkt\/novinka-kawmet-litinova-krbova-kamna-p3-7-4-kw-eco-5768\/","title":{"rendered":"Novinka Kawmet Litinov\u00e1 krbov\u00e1 kamna P3 &#8211; 7,4 kW ECO"},"content":{"rendered":"<div class=\"detail-description__right\">\n<div class=\"parameters\">\n<div class=\"table table--simple\">\n<table>\n<tbody>\n<tr>\n<td colspan=\"2\">\n<h4>Vlastnosti<\/h4>\n<\/td>\n<\/tr>\n<tr>\n<td>Materi\u00e1l<\/td>\n<td>litina<\/td>\n<\/tr>\n<tr>\n<td>Pou\u017eiteln\u00e9 palivo<\/td>\n<td>d\u0159evo<\/td>\n<\/tr>\n<tr data-perex=\"1\">\n<td>Vyt\u00e1p\u011bc\u00ed schopnost<\/td>\n<td>74 m2<\/td>\n<\/tr>\n<tr data-perex=\"1\">\n<td>Pr\u016fm\u011br kou\u0159ovodu<\/td>\n<td>150 mm<\/td>\n<\/tr>\n<tr data-perex=\"1\">\n<td>V\u00fdvod kou\u0159ovodu<\/td>\n<td>horn\u00ed \/ zadn\u00ed<\/td>\n<\/tr>\n<tr data-perex=\"1\">\n<td>Energetick\u00e1 \u00fa\u010dinnost<\/td>\n<td>71,6\u00a0%<\/td>\n<\/tr>\n<tr>\n<td>ECODESIGN 2022<\/td>\n<td>ano<\/td>\n<\/tr>\n<tr>\n<td>Certifikace<\/td>\n<td>CE<\/td>\n<\/tr>\n<tr>\n<td>Energetick\u00e1 t\u0159\u00edda<\/td>\n<td>A<\/td>\n<\/tr>\n<tr>\n<td>Hmotnost<\/td>\n<td>86 kg<\/td>\n<\/tr>\n<tr>\n<td>Celkov\u00e9 rozm\u011bry  (\u0160 x H x V)<\/td>\n<td>465\u00a0\u00d7\u00a0420\u00a0\u00d7\u00a0625 mm<\/td>\n<\/tr>\n<tr>\n<td>Jmenovit\u00fd v\u00fdkon<\/td>\n<td>7,4\u00a0kW<\/td>\n<\/tr>\n<tr>\n<td>P\u0159ikl\u00e1dan\u00ed<\/td>\n<td>p\u0159edn\u00ed<\/td>\n<\/tr>\n<tr>\n<td>D\u00e9lka polen<\/td>\n<td>30 cm<\/td>\n<\/tr>\n<tr>\n<td>Zp\u016fsob vyt\u00e1p\u011bn\u00ed<\/td>\n<td>teplovzdu\u0161n\u00fd<\/td>\n<\/tr>\n<tr>\n<td>Oplach skla<\/td>\n<td>ano<\/td>\n<\/tr>\n<tr>\n<td>Provozn\u00ed tah<\/td>\n<td>12 Pa<\/td>\n<\/tr>\n<tr>\n<td>Rozm\u011br p\u0159edn\u00edho skla (\u0160 x V)<\/td>\n<td>268\u00a0\u00d7\u00a0196 mm<\/td>\n<\/tr>\n<tr>\n<td>Barva<\/td>\n<td>\u010dern\u00e1<\/td>\n<\/tr>\n<tr>\n<td colspan=\"2\">\n<h4>Parametry<\/h4>\n<\/td>\n<\/tr>\n<tr>\n<td>P\u016fvod<\/td>\n<td>Vyrobeno v\u00a0PL<\/td>\n<\/tr>\n<tr>\n<td>Z\u00e1ruka<\/td>\n<td>2 roky<\/td>\n<\/tr>\n<tr>\n<td>Zna\u010dka<\/td>\n<td>Kawmet<\/td>\n<\/tr>\n<\/tbody>\n<\/table><\/div>\n<\/div><\/div>\n<div class=\"detail-description__top\">\t\t\t\t<\/div>\n<div class=\"detail-description__left\">\n<div class=\"detail-description__left__overflow\">\n<div class=\"detail-description__left__head\">\t\t\t\t\t\tPopis:\t\t\t\t\t<\/div>\n<div class=\"ul-style ul-style--check\">\n<p>Krbov\u00e1 kamna z\u00a0\u0161ed\u00e9 litiny pro vyt\u00e1p\u011bn\u00ed obytn\u00fdch prostor. Jednoduch\u00fd design a velk\u00e9 prosklen\u00e9 \u00a0okno ze \u017e\u00e1ruvzdorn\u00e9ho 4mm skla pro dokonalou atmosf\u00e9ru p\u0159i pozorov\u00e1n\u00ed pl\u00e1polaj\u00edch plamen\u016f.<\/p>\n<ul class=\"plusminus\">\n<li><i class=\"fas fa-check\"><\/i><span>Regula\u010dn\u00ed klapka kom\u00ednov\u00e9ho v\u00fdvodu : ANO<\/span><\/li>\n<\/ul>\n<div class='videoWrapper'><\/div>\n<\/div>\n<div class=\"detail-description__left__more\">\t\t\t\t\t\t<span> <\/span><span> <\/span>\t\t\t\t\t<\/div>\n<\/p><\/div>\n<\/p><\/div>\n<div class=\"detail-description__more\"><span> <\/span><span> <\/span><\/div>\n<\/p><\/div>\n<\/p><\/div>\n","protected":false},"excerpt":{"rendered":"<p>Vlastnosti Materi\u00e1l litina Pou\u017eiteln\u00e9 palivo d\u0159evo Vyt\u00e1p\u011bc\u00ed schopnost 74 m2 Pr\u016fm\u011br kou\u0159ovodu 150 mm V\u00fdvod kou\u0159ovodu horn\u00ed \/ zadn\u00ed Energetick\u00e1 \u00fa\u010dinnost 71,6\u00a0% ECODESIGN 2022 ano Certifikace CE Energetick\u00e1 t\u0159\u00edda A Hmotnost 86 kg Celkov\u00e9 rozm\u011bry (\u0160 x H x V) 465\u00a0\u00d7\u00a0420\u00a0\u00d7\u00a0625 mm Jmenovit\u00fd v\u00fdkon 7,4\u00a0kW P\u0159ikl\u00e1dan\u00ed p\u0159edn\u00ed D\u00e9lka polen 30 cm Zp\u016fsob vyt\u00e1p\u011bn\u00ed teplovzdu\u0161n\u00fd Oplach [&hellip;]<\/p>\n","protected":false},"featured_media":5868,"comment_status":"open","ping_status":"open","template":"","meta":[],"product_brand":[],"product_cat":[38],"product_tag":[],"class_list":{"0":"post-5768","1":"product","2":"type-product","3":"status-publish","4":"has-post-thumbnail","6":"product_cat-bydleni","8":"first","9":"instock","10":"sale","11":"shipping-taxable","12":"purchasable","13":"product-type-simple"},"yoast_head":"<!-- This site is optimized with the Yoast SEO plugin v26.8 - https:\/\/yoast.com\/product\/yoast-seo-wordpress\/ -->\n<title>Novinka Kawmet Litinov\u00e1 krbov\u00e1 kamna P3 - 7,4 kW ECO -<\/title>\n<meta name=\"robots\" content=\"index, follow, max-snippet:-1, max-image-preview:large, max-video-preview:-1\" \/>\n<link rel=\"canonical\" href=\"https:\/\/www.technodompro.com\/index.php\/produkt\/novinka-kawmet-litinova-krbova-kamna-p3-7-4-kw-eco-5768\/\" \/>\n<meta property=\"og:locale\" content=\"cs_CZ\" \/>\n<meta property=\"og:type\" content=\"article\" \/>\n<meta property=\"og:title\" content=\"Novinka Kawmet Litinov\u00e1 krbov\u00e1 kamna P3 - 7,4 kW ECO -\" \/>\n<meta property=\"og:description\" content=\"Vlastnosti Materi\u00e1l litina Pou\u017eiteln\u00e9 palivo d\u0159evo Vyt\u00e1p\u011bc\u00ed schopnost 74 m2 Pr\u016fm\u011br kou\u0159ovodu 150 mm V\u00fdvod kou\u0159ovodu horn\u00ed \/ zadn\u00ed Energetick\u00e1 \u00fa\u010dinnost 71,6\u00a0% ECODESIGN 2022 ano Certifikace CE Energetick\u00e1 t\u0159\u00edda A Hmotnost 86 kg Celkov\u00e9 rozm\u011bry (\u0160 x H x V) 465\u00a0\u00d7\u00a0420\u00a0\u00d7\u00a0625 mm Jmenovit\u00fd v\u00fdkon 7,4\u00a0kW P\u0159ikl\u00e1dan\u00ed p\u0159edn\u00ed D\u00e9lka polen 30 cm Zp\u016fsob vyt\u00e1p\u011bn\u00ed teplovzdu\u0161n\u00fd Oplach [&hellip;]\" \/>\n<meta property=\"og:url\" content=\"https:\/\/www.technodompro.com\/index.php\/produkt\/novinka-kawmet-litinova-krbova-kamna-p3-7-4-kw-eco-5768\/\" \/>\n<meta property=\"og:image\" content=\"https:\/\/www.technodompro.com\/wp-content\/uploads\/2026\/SK0018653-CZ20260425-091936-0-1777079982-litinova-krbova-kamna-kawmet-litinova-krbova-kamna-p3-7-4-k.webp\" \/>\n\t<meta property=\"og:image:width\" content=\"1000\" \/>\n\t<meta property=\"og:image:height\" content=\"523\" \/>\n\t<meta property=\"og:image:type\" content=\"image\/webp\" \/>\n<meta name=\"twitter:card\" content=\"summary_large_image\" \/>\n<meta name=\"twitter:label1\" content=\"Odhadovan\u00e1 doba \u010dten\u00ed\" \/>\n\t<meta name=\"twitter:data1\" content=\"1 minuta\" \/>\n<script type=\"application\/ld+json\" class=\"yoast-schema-graph\">{\"@context\":\"https:\/\/schema.org\",\"@graph\":[{\"@type\":\"WebPage\",\"@id\":\"https:\/\/www.technodompro.com\/index.php\/produkt\/novinka-kawmet-litinova-krbova-kamna-p3-7-4-kw-eco-5768\/\",\"url\":\"https:\/\/www.technodompro.com\/index.php\/produkt\/novinka-kawmet-litinova-krbova-kamna-p3-7-4-kw-eco-5768\/\",\"name\":\"Novinka Kawmet Litinov\u00e1 krbov\u00e1 kamna P3 - 7,4 kW ECO -\",\"isPartOf\":{\"@id\":\"https:\/\/www.technodompro.com\/#website\"},\"primaryImageOfPage\":{\"@id\":\"https:\/\/www.technodompro.com\/index.php\/produkt\/novinka-kawmet-litinova-krbova-kamna-p3-7-4-kw-eco-5768\/#primaryimage\"},\"image\":{\"@id\":\"https:\/\/www.technodompro.com\/index.php\/produkt\/novinka-kawmet-litinova-krbova-kamna-p3-7-4-kw-eco-5768\/#primaryimage\"},\"thumbnailUrl\":\"https:\/\/www.technodompro.com\/wp-content\/uploads\/2026\/SK0018653-CZ20260425-091936-0-1777079982-litinova-krbova-kamna-kawmet-litinova-krbova-kamna-p3-7-4-k.webp\",\"datePublished\":\"2026-04-27T04:40:42+00:00\",\"breadcrumb\":{\"@id\":\"https:\/\/www.technodompro.com\/index.php\/produkt\/novinka-kawmet-litinova-krbova-kamna-p3-7-4-kw-eco-5768\/#breadcrumb\"},\"inLanguage\":\"cs\",\"potentialAction\":[{\"@type\":\"ReadAction\",\"target\":[\"https:\/\/www.technodompro.com\/index.php\/produkt\/novinka-kawmet-litinova-krbova-kamna-p3-7-4-kw-eco-5768\/\"]}]},{\"@type\":\"ImageObject\",\"inLanguage\":\"cs\",\"@id\":\"https:\/\/www.technodompro.com\/index.php\/produkt\/novinka-kawmet-litinova-krbova-kamna-p3-7-4-kw-eco-5768\/#primaryimage\",\"url\":\"https:\/\/www.technodompro.com\/wp-content\/uploads\/2026\/SK0018653-CZ20260425-091936-0-1777079982-litinova-krbova-kamna-kawmet-litinova-krbova-kamna-p3-7-4-k.webp\",\"contentUrl\":\"https:\/\/www.technodompro.com\/wp-content\/uploads\/2026\/SK0018653-CZ20260425-091936-0-1777079982-litinova-krbova-kamna-kawmet-litinova-krbova-kamna-p3-7-4-k.webp\",\"width\":1000,\"height\":523},{\"@type\":\"BreadcrumbList\",\"@id\":\"https:\/\/www.technodompro.com\/index.php\/produkt\/novinka-kawmet-litinova-krbova-kamna-p3-7-4-kw-eco-5768\/#breadcrumb\",\"itemListElement\":[{\"@type\":\"ListItem\",\"position\":1,\"name\":\"Home\",\"item\":\"https:\/\/www.technodompro.com\/\"},{\"@type\":\"ListItem\",\"position\":2,\"name\":\"Products\",\"item\":\"https:\/\/www.technodompro.com\/index.php\/products\/\"},{\"@type\":\"ListItem\",\"position\":3,\"name\":\"Novinka Kawmet Litinov\u00e1 krbov\u00e1 kamna P3 &#8211; 7,4 kW ECO\"}]},{\"@type\":\"WebSite\",\"@id\":\"https:\/\/www.technodompro.com\/#website\",\"url\":\"https:\/\/www.technodompro.com\/\",\"name\":\"\",\"description\":\"\",\"potentialAction\":[{\"@type\":\"SearchAction\",\"target\":{\"@type\":\"EntryPoint\",\"urlTemplate\":\"https:\/\/www.technodompro.com\/?s={search_term_string}\"},\"query-input\":{\"@type\":\"PropertyValueSpecification\",\"valueRequired\":true,\"valueName\":\"search_term_string\"}}],\"inLanguage\":\"cs\"}]}<\/script>\n<!-- \/ Yoast SEO plugin. -->","yoast_head_json":{"title":"Novinka Kawmet Litinov\u00e1 krbov\u00e1 kamna P3 - 7,4 kW ECO -","robots":{"index":"index","follow":"follow","max-snippet":"max-snippet:-1","max-image-preview":"max-image-preview:large","max-video-preview":"max-video-preview:-1"},"canonical":"https:\/\/www.technodompro.com\/index.php\/produkt\/novinka-kawmet-litinova-krbova-kamna-p3-7-4-kw-eco-5768\/","og_locale":"cs_CZ","og_type":"article","og_title":"Novinka Kawmet Litinov\u00e1 krbov\u00e1 kamna P3 - 7,4 kW ECO -","og_description":"Vlastnosti Materi\u00e1l litina Pou\u017eiteln\u00e9 palivo d\u0159evo Vyt\u00e1p\u011bc\u00ed schopnost 74 m2 Pr\u016fm\u011br kou\u0159ovodu 150 mm V\u00fdvod kou\u0159ovodu horn\u00ed \/ zadn\u00ed Energetick\u00e1 \u00fa\u010dinnost 71,6\u00a0% ECODESIGN 2022 ano Certifikace CE Energetick\u00e1 t\u0159\u00edda A Hmotnost 86 kg Celkov\u00e9 rozm\u011bry (\u0160 x H x V) 465\u00a0\u00d7\u00a0420\u00a0\u00d7\u00a0625 mm Jmenovit\u00fd v\u00fdkon 7,4\u00a0kW P\u0159ikl\u00e1dan\u00ed p\u0159edn\u00ed D\u00e9lka polen 30 cm Zp\u016fsob vyt\u00e1p\u011bn\u00ed teplovzdu\u0161n\u00fd Oplach [&hellip;]","og_url":"https:\/\/www.technodompro.com\/index.php\/produkt\/novinka-kawmet-litinova-krbova-kamna-p3-7-4-kw-eco-5768\/","og_image":[{"width":1000,"height":523,"url":"https:\/\/www.technodompro.com\/wp-content\/uploads\/2026\/SK0018653-CZ20260425-091936-0-1777079982-litinova-krbova-kamna-kawmet-litinova-krbova-kamna-p3-7-4-k.webp","type":"image\/webp"}],"twitter_card":"summary_large_image","twitter_misc":{"Odhadovan\u00e1 doba \u010dten\u00ed":"1 minuta"},"schema":{"@context":"https:\/\/schema.org","@graph":[{"@type":"WebPage","@id":"https:\/\/www.technodompro.com\/index.php\/produkt\/novinka-kawmet-litinova-krbova-kamna-p3-7-4-kw-eco-5768\/","url":"https:\/\/www.technodompro.com\/index.php\/produkt\/novinka-kawmet-litinova-krbova-kamna-p3-7-4-kw-eco-5768\/","name":"Novinka Kawmet Litinov\u00e1 krbov\u00e1 kamna P3 - 7,4 kW ECO -","isPartOf":{"@id":"https:\/\/www.technodompro.com\/#website"},"primaryImageOfPage":{"@id":"https:\/\/www.technodompro.com\/index.php\/produkt\/novinka-kawmet-litinova-krbova-kamna-p3-7-4-kw-eco-5768\/#primaryimage"},"image":{"@id":"https:\/\/www.technodompro.com\/index.php\/produkt\/novinka-kawmet-litinova-krbova-kamna-p3-7-4-kw-eco-5768\/#primaryimage"},"thumbnailUrl":"https:\/\/www.technodompro.com\/wp-content\/uploads\/2026\/SK0018653-CZ20260425-091936-0-1777079982-litinova-krbova-kamna-kawmet-litinova-krbova-kamna-p3-7-4-k.webp","datePublished":"2026-04-27T04:40:42+00:00","breadcrumb":{"@id":"https:\/\/www.technodompro.com\/index.php\/produkt\/novinka-kawmet-litinova-krbova-kamna-p3-7-4-kw-eco-5768\/#breadcrumb"},"inLanguage":"cs","potentialAction":[{"@type":"ReadAction","target":["https:\/\/www.technodompro.com\/index.php\/produkt\/novinka-kawmet-litinova-krbova-kamna-p3-7-4-kw-eco-5768\/"]}]},{"@type":"ImageObject","inLanguage":"cs","@id":"https:\/\/www.technodompro.com\/index.php\/produkt\/novinka-kawmet-litinova-krbova-kamna-p3-7-4-kw-eco-5768\/#primaryimage","url":"https:\/\/www.technodompro.com\/wp-content\/uploads\/2026\/SK0018653-CZ20260425-091936-0-1777079982-litinova-krbova-kamna-kawmet-litinova-krbova-kamna-p3-7-4-k.webp","contentUrl":"https:\/\/www.technodompro.com\/wp-content\/uploads\/2026\/SK0018653-CZ20260425-091936-0-1777079982-litinova-krbova-kamna-kawmet-litinova-krbova-kamna-p3-7-4-k.webp","width":1000,"height":523},{"@type":"BreadcrumbList","@id":"https:\/\/www.technodompro.com\/index.php\/produkt\/novinka-kawmet-litinova-krbova-kamna-p3-7-4-kw-eco-5768\/#breadcrumb","itemListElement":[{"@type":"ListItem","position":1,"name":"Home","item":"https:\/\/www.technodompro.com\/"},{"@type":"ListItem","position":2,"name":"Products","item":"https:\/\/www.technodompro.com\/index.php\/products\/"},{"@type":"ListItem","position":3,"name":"Novinka Kawmet Litinov\u00e1 krbov\u00e1 kamna P3 &#8211; 7,4 kW ECO"}]},{"@type":"WebSite","@id":"https:\/\/www.technodompro.com\/#website","url":"https:\/\/www.technodompro.com\/","name":"","description":"","potentialAction":[{"@type":"SearchAction","target":{"@type":"EntryPoint","urlTemplate":"https:\/\/www.technodompro.com\/?s={search_term_string}"},"query-input":{"@type":"PropertyValueSpecification","valueRequired":true,"valueName":"search_term_string"}}],"inLanguage":"cs"}]}},"_links":{"self":[{"href":"https:\/\/www.technodompro.com\/index.php\/wp-json\/wp\/v2\/product\/5768","targetHints":{"allow":["GET"]}}],"collection":[{"href":"https:\/\/www.technodompro.com\/index.php\/wp-json\/wp\/v2\/product"}],"about":[{"href":"https:\/\/www.technodompro.com\/index.php\/wp-json\/wp\/v2\/types\/product"}],"replies":[{"embeddable":true,"href":"https:\/\/www.technodompro.com\/index.php\/wp-json\/wp\/v2\/comments?post=5768"}],"wp:featuredmedia":[{"embeddable":true,"href":"https:\/\/www.technodompro.com\/index.php\/wp-json\/wp\/v2\/media\/5868"}],"wp:attachment":[{"href":"https:\/\/www.technodompro.com\/index.php\/wp-json\/wp\/v2\/media?parent=5768"}],"wp:term":[{"taxonomy":"product_brand","embeddable":true,"href":"https:\/\/www.technodompro.com\/index.php\/wp-json\/wp\/v2\/product_brand?post=5768"},{"taxonomy":"product_cat","embeddable":true,"href":"https:\/\/www.technodompro.com\/index.php\/wp-json\/wp\/v2\/product_cat?post=5768"},{"taxonomy":"product_tag","embeddable":true,"href":"https:\/\/www.technodompro.com\/index.php\/wp-json\/wp\/v2\/product_tag?post=5768"}],"curies":[{"name":"wp","href":"https:\/\/api.w.org\/{rel}","templated":true}]}}