{"id":5776,"date":"2026-04-27T04:40:42","date_gmt":"2026-04-27T04:40:42","guid":{"rendered":""},"modified":"2026-04-27T04:40:42","modified_gmt":"2026-04-27T04:40:42","slug":"plechovy-uhlak-znackovy-5776","status":"publish","type":"product","link":"https:\/\/www.technodompro.com\/index.php\/produkt\/plechovy-uhlak-znackovy-5776\/","title":{"rendered":"Plechov\u00fd uhl\u00e1k Zna\u010dkov\u00fd"},"content":{"rendered":"<div class=\"detail-description__right\">\t\t\t\t<\/div>\n<div class=\"detail-description__top\">\t\t\t\t<\/div>\n<div class=\"detail-description__left\">\n<div class=\"detail-description__left__overflow\">\n<div class=\"detail-description__left__head\">\t\t\t\t\t\tPopis:\t\t\t\t\t<\/div>\n<div class=\"ul-style ul-style--check\">\n<p><strong>Plechov\u00fd uhl\u00e1k<\/strong><\/p>\n<p>Uhl\u00e1k z\u00a0ocelov\u00e9ho plechu o\u0161et\u0159en\u00e9ho pr\u00e1\u0161kovou barvou. Lehk\u00e1 aprostorn\u00e1 konstrukce.<\/p>\n<p>Ide\u00e1ln\u00ed na ulo\u017een\u00ed uhl\u00ed nebo d\u0159eva ke kemn\u016fm.<\/p>\n<ul class=\"plusminus\">\n<li><i class=\"fas fa-check\"><\/i><span>Rozm\u011bry: 30\u00d720\u00d723cm<\/span><\/li>\n<li><i class=\"fas fa-check\"><\/i><span>Ocelov\u00fd plech o\u0161et\u0159en\u00fd \u0161ed\u00fdm lakem<\/span><\/li>\n<\/ul>\n<\/div>\n<div class=\"detail-description__left__more\">\t\t\t\t\t\t<span> <\/span><span> <\/span>\t\t\t\t\t<\/div>\n<\/p><\/div>\n<\/p><\/div>\n<div class=\"detail-description__more\"><span> <\/span><span> <\/span><\/div>\n<\/p><\/div>\n<\/p><\/div>\n","protected":false},"excerpt":{"rendered":"<p>Popis: Plechov\u00fd uhl\u00e1k Uhl\u00e1k z\u00a0ocelov\u00e9ho plechu o\u0161et\u0159en\u00e9ho pr\u00e1\u0161kovou barvou. Lehk\u00e1 aprostorn\u00e1 konstrukce. Ide\u00e1ln\u00ed na ulo\u017een\u00ed uhl\u00ed nebo d\u0159eva ke kemn\u016fm. Rozm\u011bry: 30\u00d720\u00d723cm Ocelov\u00fd plech o\u0161et\u0159en\u00fd \u0161ed\u00fdm lakem<\/p>\n","protected":false},"featured_media":5876,"comment_status":"open","ping_status":"open","template":"","meta":[],"product_brand":[],"product_cat":[38],"product_tag":[],"class_list":{"0":"post-5776","1":"product","2":"type-product","3":"status-publish","4":"has-post-thumbnail","6":"product_cat-bydleni","8":"first","9":"instock","10":"sale","11":"shipping-taxable","12":"purchasable","13":"product-type-simple"},"yoast_head":"<!-- This site is optimized with the Yoast SEO plugin v26.8 - https:\/\/yoast.com\/product\/yoast-seo-wordpress\/ -->\n<title>Plechov\u00fd uhl\u00e1k Zna\u010dkov\u00fd -<\/title>\n<meta name=\"robots\" content=\"index, follow, max-snippet:-1, max-image-preview:large, max-video-preview:-1\" \/>\n<link rel=\"canonical\" href=\"https:\/\/www.technodompro.com\/index.php\/produkt\/plechovy-uhlak-znackovy-5776\/\" \/>\n<meta property=\"og:locale\" content=\"cs_CZ\" \/>\n<meta property=\"og:type\" content=\"article\" \/>\n<meta property=\"og:title\" content=\"Plechov\u00fd uhl\u00e1k Zna\u010dkov\u00fd -\" \/>\n<meta property=\"og:description\" content=\"Popis: Plechov\u00fd uhl\u00e1k Uhl\u00e1k z\u00a0ocelov\u00e9ho plechu o\u0161et\u0159en\u00e9ho pr\u00e1\u0161kovou barvou. Lehk\u00e1 aprostorn\u00e1 konstrukce. Ide\u00e1ln\u00ed na ulo\u017een\u00ed uhl\u00ed nebo d\u0159eva ke kemn\u016fm. Rozm\u011bry: 30\u00d720\u00d723cm Ocelov\u00fd plech o\u0161et\u0159en\u00fd \u0161ed\u00fdm lakem\" \/>\n<meta property=\"og:url\" content=\"https:\/\/www.technodompro.com\/index.php\/produkt\/plechovy-uhlak-znackovy-5776\/\" \/>\n<meta property=\"og:image\" content=\"https:\/\/www.technodompro.com\/wp-content\/uploads\/2026\/SK0018684-CZ20260425-091936-0-1777079982-plechovy-uhlak-w1200-h628-f8-ce6116925a7118e602f02e13387481.webp\" \/>\n\t<meta property=\"og:image:width\" content=\"1000\" \/>\n\t<meta property=\"og:image:height\" content=\"523\" \/>\n\t<meta property=\"og:image:type\" content=\"image\/webp\" \/>\n<meta name=\"twitter:card\" content=\"summary_large_image\" \/>\n<script type=\"application\/ld+json\" class=\"yoast-schema-graph\">{\"@context\":\"https:\/\/schema.org\",\"@graph\":[{\"@type\":\"WebPage\",\"@id\":\"https:\/\/www.technodompro.com\/index.php\/produkt\/plechovy-uhlak-znackovy-5776\/\",\"url\":\"https:\/\/www.technodompro.com\/index.php\/produkt\/plechovy-uhlak-znackovy-5776\/\",\"name\":\"Plechov\u00fd uhl\u00e1k Zna\u010dkov\u00fd -\",\"isPartOf\":{\"@id\":\"https:\/\/www.technodompro.com\/#website\"},\"primaryImageOfPage\":{\"@id\":\"https:\/\/www.technodompro.com\/index.php\/produkt\/plechovy-uhlak-znackovy-5776\/#primaryimage\"},\"image\":{\"@id\":\"https:\/\/www.technodompro.com\/index.php\/produkt\/plechovy-uhlak-znackovy-5776\/#primaryimage\"},\"thumbnailUrl\":\"https:\/\/www.technodompro.com\/wp-content\/uploads\/2026\/SK0018684-CZ20260425-091936-0-1777079982-plechovy-uhlak-w1200-h628-f8-ce6116925a7118e602f02e13387481.webp\",\"datePublished\":\"2026-04-27T04:40:42+00:00\",\"breadcrumb\":{\"@id\":\"https:\/\/www.technodompro.com\/index.php\/produkt\/plechovy-uhlak-znackovy-5776\/#breadcrumb\"},\"inLanguage\":\"cs\",\"potentialAction\":[{\"@type\":\"ReadAction\",\"target\":[\"https:\/\/www.technodompro.com\/index.php\/produkt\/plechovy-uhlak-znackovy-5776\/\"]}]},{\"@type\":\"ImageObject\",\"inLanguage\":\"cs\",\"@id\":\"https:\/\/www.technodompro.com\/index.php\/produkt\/plechovy-uhlak-znackovy-5776\/#primaryimage\",\"url\":\"https:\/\/www.technodompro.com\/wp-content\/uploads\/2026\/SK0018684-CZ20260425-091936-0-1777079982-plechovy-uhlak-w1200-h628-f8-ce6116925a7118e602f02e13387481.webp\",\"contentUrl\":\"https:\/\/www.technodompro.com\/wp-content\/uploads\/2026\/SK0018684-CZ20260425-091936-0-1777079982-plechovy-uhlak-w1200-h628-f8-ce6116925a7118e602f02e13387481.webp\",\"width\":1000,\"height\":523},{\"@type\":\"BreadcrumbList\",\"@id\":\"https:\/\/www.technodompro.com\/index.php\/produkt\/plechovy-uhlak-znackovy-5776\/#breadcrumb\",\"itemListElement\":[{\"@type\":\"ListItem\",\"position\":1,\"name\":\"Home\",\"item\":\"https:\/\/www.technodompro.com\/\"},{\"@type\":\"ListItem\",\"position\":2,\"name\":\"Products\",\"item\":\"https:\/\/www.technodompro.com\/index.php\/products\/\"},{\"@type\":\"ListItem\",\"position\":3,\"name\":\"Plechov\u00fd uhl\u00e1k Zna\u010dkov\u00fd\"}]},{\"@type\":\"WebSite\",\"@id\":\"https:\/\/www.technodompro.com\/#website\",\"url\":\"https:\/\/www.technodompro.com\/\",\"name\":\"\",\"description\":\"\",\"potentialAction\":[{\"@type\":\"SearchAction\",\"target\":{\"@type\":\"EntryPoint\",\"urlTemplate\":\"https:\/\/www.technodompro.com\/?s={search_term_string}\"},\"query-input\":{\"@type\":\"PropertyValueSpecification\",\"valueRequired\":true,\"valueName\":\"search_term_string\"}}],\"inLanguage\":\"cs\"}]}<\/script>\n<!-- \/ Yoast SEO plugin. -->","yoast_head_json":{"title":"Plechov\u00fd uhl\u00e1k Zna\u010dkov\u00fd -","robots":{"index":"index","follow":"follow","max-snippet":"max-snippet:-1","max-image-preview":"max-image-preview:large","max-video-preview":"max-video-preview:-1"},"canonical":"https:\/\/www.technodompro.com\/index.php\/produkt\/plechovy-uhlak-znackovy-5776\/","og_locale":"cs_CZ","og_type":"article","og_title":"Plechov\u00fd uhl\u00e1k Zna\u010dkov\u00fd -","og_description":"Popis: Plechov\u00fd uhl\u00e1k Uhl\u00e1k z\u00a0ocelov\u00e9ho plechu o\u0161et\u0159en\u00e9ho pr\u00e1\u0161kovou barvou. Lehk\u00e1 aprostorn\u00e1 konstrukce. Ide\u00e1ln\u00ed na ulo\u017een\u00ed uhl\u00ed nebo d\u0159eva ke kemn\u016fm. Rozm\u011bry: 30\u00d720\u00d723cm Ocelov\u00fd plech o\u0161et\u0159en\u00fd \u0161ed\u00fdm lakem","og_url":"https:\/\/www.technodompro.com\/index.php\/produkt\/plechovy-uhlak-znackovy-5776\/","og_image":[{"width":1000,"height":523,"url":"https:\/\/www.technodompro.com\/wp-content\/uploads\/2026\/SK0018684-CZ20260425-091936-0-1777079982-plechovy-uhlak-w1200-h628-f8-ce6116925a7118e602f02e13387481.webp","type":"image\/webp"}],"twitter_card":"summary_large_image","schema":{"@context":"https:\/\/schema.org","@graph":[{"@type":"WebPage","@id":"https:\/\/www.technodompro.com\/index.php\/produkt\/plechovy-uhlak-znackovy-5776\/","url":"https:\/\/www.technodompro.com\/index.php\/produkt\/plechovy-uhlak-znackovy-5776\/","name":"Plechov\u00fd uhl\u00e1k Zna\u010dkov\u00fd -","isPartOf":{"@id":"https:\/\/www.technodompro.com\/#website"},"primaryImageOfPage":{"@id":"https:\/\/www.technodompro.com\/index.php\/produkt\/plechovy-uhlak-znackovy-5776\/#primaryimage"},"image":{"@id":"https:\/\/www.technodompro.com\/index.php\/produkt\/plechovy-uhlak-znackovy-5776\/#primaryimage"},"thumbnailUrl":"https:\/\/www.technodompro.com\/wp-content\/uploads\/2026\/SK0018684-CZ20260425-091936-0-1777079982-plechovy-uhlak-w1200-h628-f8-ce6116925a7118e602f02e13387481.webp","datePublished":"2026-04-27T04:40:42+00:00","breadcrumb":{"@id":"https:\/\/www.technodompro.com\/index.php\/produkt\/plechovy-uhlak-znackovy-5776\/#breadcrumb"},"inLanguage":"cs","potentialAction":[{"@type":"ReadAction","target":["https:\/\/www.technodompro.com\/index.php\/produkt\/plechovy-uhlak-znackovy-5776\/"]}]},{"@type":"ImageObject","inLanguage":"cs","@id":"https:\/\/www.technodompro.com\/index.php\/produkt\/plechovy-uhlak-znackovy-5776\/#primaryimage","url":"https:\/\/www.technodompro.com\/wp-content\/uploads\/2026\/SK0018684-CZ20260425-091936-0-1777079982-plechovy-uhlak-w1200-h628-f8-ce6116925a7118e602f02e13387481.webp","contentUrl":"https:\/\/www.technodompro.com\/wp-content\/uploads\/2026\/SK0018684-CZ20260425-091936-0-1777079982-plechovy-uhlak-w1200-h628-f8-ce6116925a7118e602f02e13387481.webp","width":1000,"height":523},{"@type":"BreadcrumbList","@id":"https:\/\/www.technodompro.com\/index.php\/produkt\/plechovy-uhlak-znackovy-5776\/#breadcrumb","itemListElement":[{"@type":"ListItem","position":1,"name":"Home","item":"https:\/\/www.technodompro.com\/"},{"@type":"ListItem","position":2,"name":"Products","item":"https:\/\/www.technodompro.com\/index.php\/products\/"},{"@type":"ListItem","position":3,"name":"Plechov\u00fd uhl\u00e1k Zna\u010dkov\u00fd"}]},{"@type":"WebSite","@id":"https:\/\/www.technodompro.com\/#website","url":"https:\/\/www.technodompro.com\/","name":"","description":"","potentialAction":[{"@type":"SearchAction","target":{"@type":"EntryPoint","urlTemplate":"https:\/\/www.technodompro.com\/?s={search_term_string}"},"query-input":{"@type":"PropertyValueSpecification","valueRequired":true,"valueName":"search_term_string"}}],"inLanguage":"cs"}]}},"_links":{"self":[{"href":"https:\/\/www.technodompro.com\/index.php\/wp-json\/wp\/v2\/product\/5776","targetHints":{"allow":["GET"]}}],"collection":[{"href":"https:\/\/www.technodompro.com\/index.php\/wp-json\/wp\/v2\/product"}],"about":[{"href":"https:\/\/www.technodompro.com\/index.php\/wp-json\/wp\/v2\/types\/product"}],"replies":[{"embeddable":true,"href":"https:\/\/www.technodompro.com\/index.php\/wp-json\/wp\/v2\/comments?post=5776"}],"wp:featuredmedia":[{"embeddable":true,"href":"https:\/\/www.technodompro.com\/index.php\/wp-json\/wp\/v2\/media\/5876"}],"wp:attachment":[{"href":"https:\/\/www.technodompro.com\/index.php\/wp-json\/wp\/v2\/media?parent=5776"}],"wp:term":[{"taxonomy":"product_brand","embeddable":true,"href":"https:\/\/www.technodompro.com\/index.php\/wp-json\/wp\/v2\/product_brand?post=5776"},{"taxonomy":"product_cat","embeddable":true,"href":"https:\/\/www.technodompro.com\/index.php\/wp-json\/wp\/v2\/product_cat?post=5776"},{"taxonomy":"product_tag","embeddable":true,"href":"https:\/\/www.technodompro.com\/index.php\/wp-json\/wp\/v2\/product_tag?post=5776"}],"curies":[{"name":"wp","href":"https:\/\/api.w.org\/{rel}","templated":true}]}}