{"id":5785,"date":"2026-04-27T04:40:42","date_gmt":"2026-04-27T04:40:42","guid":{"rendered":""},"modified":"2026-04-27T04:40:42","modified_gmt":"2026-04-27T04:40:42","slug":"expresni-doruceni-ravak-sd-natural-50-skrinka-pod-umyvadlo-bila-bila-5785","status":"publish","type":"product","link":"https:\/\/www.technodompro.com\/index.php\/produkt\/expresni-doruceni-ravak-sd-natural-50-skrinka-pod-umyvadlo-bila-bila-5785\/","title":{"rendered":"Expresn\u00ed Doru\u010den\u00ed Ravak SD Natural 50 sk\u0159\u00ed\u0148ka pod umyvadlo b\u00edl\u00e1 b\u00edl\u00e1"},"content":{"rendered":"<div class=\"detail-description__right\">\n<div class=\"parameters\">\n<div class=\"table table--simple\">\n<table>\n<tbody>\n<tr>\n<td colspan=\"2\">\n<h4>Vlastnosti<\/h4>\n<\/td>\n<\/tr>\n<tr>\n<td>SHAPE<\/td>\n<td>Sk\u0159\u00ed\u0148ky pod umyvadlo<\/td>\n<\/tr>\n<tr>\n<td>Materi\u00e1l<\/td>\n<td>d\u0159evo<\/td>\n<\/tr>\n<tr>\n<td>Produktov\u00e1 skupina<\/td>\n<td>Sk\u0159\u00ed\u0148ka pod umyvadlo<\/td>\n<\/tr>\n<tr>\n<td>P\u016fvod<\/td>\n<td>Vyrobeno v\u00a0\u010cR<\/td>\n<\/tr>\n<tr>\n<td>Povrchov\u00e1 \u00faprava<\/td>\n<td>lak<\/td>\n<\/tr>\n<tr>\n<td>Barva<\/td>\n<td>b\u00edl\u00e1<\/td>\n<\/tr>\n<tr>\n<td colspan=\"2\">\n<h4>Parametry<\/h4>\n<\/td>\n<\/tr>\n<tr>\n<td>Zna\u010dka<\/td>\n<td>Ravak<\/td>\n<\/tr>\n<\/tbody>\n<\/table><\/div>\n<\/div><\/div>\n<div class=\"detail-description__top\">\t\t\t\t<\/div>\n<div class=\"detail-description__left\">\n<div class=\"detail-description__left__overflow\">\n<div class=\"detail-description__left__head\">\t\t\t\t\t\tPopis:\t\t\t\t\t<\/div>\n<div class=\"ul-style ul-style--check\">\n<ul class=\"plusminus\">\n<li><i class=\"fas fa-check\"><\/i><span>Rozm\u011br (\u0161xhxv): 50\u00a0\u00d7\u00a045\u00a0\u00d7\u00a045 cm<\/span><\/li>\n<li><i class=\"fas fa-check\"><\/i><span>Materi\u00e1l: MDF<\/span><\/li>\n<li><i class=\"fas fa-check\"><\/i><span>Barevn\u00e9 proveden\u00ed: b\u00edl\u00e1 (lesk)<\/span><\/li>\n<\/ul>\n<p>Sk\u0159\u00ed\u0148ka pod umyvadlo SD Natural 50\u00a0je ur\u010dena pod umyvadlo Natural50.\u00a0Je vybavena dv\u011bma z\u00e1suvkami, kter\u00e9 poskytuj\u00ed velk\u00fd \u00falo\u017en\u00fd prostor.Dod\u00e1v\u00e1no ve smontovan\u00e9m stavu v\u010detn\u011b mont\u00e1\u017en\u00ed sady (\u0161rouby, panty,z\u00e1slepky). Sk\u0159\u00ed\u0148ka je montov\u00e1na na ze\u010f. Pro ucelen\u00e9 \u0159e\u0161en\u00ed adesignov\u00fd soulad koupelny doporu\u010dujeme sk\u0159\u00ed\u0148ku pod umyvadlo SD Natural500\u00a0kombinovat s\u00a0ostatn\u00edmi v\u00fdrobky \u0159ady Natural (umyvadlem Natural 50,zrcadlem Natural 50, bo\u010dn\u00edm sloupem SB Natural uzav\u0159en\u00fdm, bo\u010dn\u00edm sloupemSB Natural otev\u0159en\u00fdm) a dal\u0161\u00edmi v\u00fdrobky\u00a0Ravak.<\/p>\n<p>Dostatek prostoru<\/p>\n<p>Sk\u0159\u00ed\u0148ka pod umyvadlo kombinuje poli\u010dky se z\u00e1suvkou, kter\u00e1 schov\u00e1 to,co nem\u00e1 b\u00fdt na o\u010d\u00edch. Zkombinujte ji se z\u00e1v\u011bsn\u00fdmi policemi ask\u0159\u00ed\u0148kami, a\u0165 m\u00e1te m\u00edsto pro v\u0161e, co chcete m\u00edt v\u00a0koupeln\u011bpo\u00a0ruce.<\/p>\n<p>Sta\u010d\u00ed zatla\u010dit<\/p>\n<p>Jednodu\u0161e bez \u00fachyt\u016f. Na sk\u0159\u00ed\u0148ky Natural sta\u010d\u00ed lehce zatla\u010dit adv\u00ed\u0159ka a z\u00e1suvky se sami otev\u0159ou a zav\u0159ou.<\/p>\n<p>Dod\u00e1v\u00e1me smontovan\u00e9<\/p>\n<p>N\u00e1bytek nemus\u00edte zdlouhav\u011b sestavovat. Doru\u010d\u00edme v\u00e1m ho ve smontovan\u00e9mstavu, kdy jeho hrany budou p\u0159esn\u011b l\u00edcovat.<\/p>\n<p>100% odolnost<\/p>\n<p>Koupelnov\u00fd n\u00e1bytek o\u0161et\u0159ujeme speci\u00e1ln\u00ed hloubkovou impregnac\u00ed protivlhkosti. Proto se hod\u00ed i\u00a0do extr\u00e9mn\u011b vlhk\u00e9ho prost\u0159ed\u00ed v\u00a0koupeln\u011b.Povrchov\u00e1 \u00faprava sk\u0159\u00edn\u011bk je v\u00a0b\u00edl\u00e9 barv\u011b s\u00a0vysok\u00fdm leskem. N\u00e1bytekje tak\u00e9 odoln\u00fd proti UV z\u00e1\u0159en\u00ed i\u00a0po\u0161kr\u00e1b\u00e1n\u00ed.<\/p>\n<p>5\u00a0let z\u00e1ruka<\/p>\n<p>Za kvalitou na\u0161ich v\u00fdrobk\u016f si stoj\u00edme. Proto k\u00a0n\u00e1bytku z\u00edsk\u00e1teprodlou\u017eenou p\u011btiletou z\u00e1ruku.<\/p>\n<\/div>\n<div class=\"detail-description__left__more\">\t\t\t\t\t\t<span> <\/span><span> <\/span>\t\t\t\t\t<\/div>\n<\/p><\/div>\n<div class=\"extra-note\">\n<p>V\u011bnujte pozornost stavebn\u00ed p\u0159ipravenosti, tj. p\u0159ipojovac\u00edmrozm\u011br\u016fm (v\u00fd\u0161ka odpadu, napojen\u00ed vodovodn\u00ed baterie) pro spr\u00e1vnouinstalaci v\u00fdrobku.<\/p>\n<\/p><\/div>\n<\/p><\/div>\n<div class=\"detail-description__more\"><span> <\/span><span> <\/span><\/div>\n<\/p><\/div>\n<\/p><\/div>\n<div class=\"tab tab-detail-7\">\n<div class=\"table-size-classic  table-size--selectable\">\n<table>\n<thead>\n<tr>\n<th data-product-code=\"[&quot;K\u00f3d&quot;]\"><span class=\"selected\">Vybr\u00e1no<\/span><span><\/span><\/th>\n<th data-product-code=\"[&quot;X000001051&quot;]\"><span class=\"selected\">Vybr\u00e1no<\/span><span>X000001051<\/span><\/th>\n<\/tr>\n<\/thead>\n<tbody>\n<tr class=\"space\">\n<td><\/td>\n<td><\/td>\n<\/tr>\n<tr>\n<td><strong>SHAPE<\/strong><\/td>\n<td>Sk\u0159\u00ed\u0148ky pod umyvadlo<\/td>\n<\/tr>\n<tr>\n<td><strong>Materi\u00e1l<\/strong><\/td>\n<td>d\u0159evo<\/td>\n<\/tr>\n<tr>\n<td><strong>Produktov\u00e1 skupina<\/strong><\/td>\n<td>Sk\u0159\u00ed\u0148ka pod umyvadlo<\/td>\n<\/tr>\n<tr>\n<td><strong>P\u016fvod<\/strong><\/td>\n<td>Vyrobeno v \u010cR<\/td>\n<\/tr>\n<tr>\n<td><strong>OVERFLOW_HEIGHT<\/strong><\/td>\n<td>0<\/td>\n<\/tr>\n<tr>\n<td><strong>WASTE_DIAMETER<\/strong><\/td>\n<td>0<\/td>\n<\/tr>\n<tr>\n<td><strong>NUMBER_OF_ELEMENTS<\/strong><\/td>\n<td>0<\/td>\n<\/tr>\n<tr>\n<td><strong>CONSTRUCTION_HEIGHT<\/strong><\/td>\n<td>0<\/td>\n<\/tr>\n<tr>\n<td><strong>ODOR_BARRIER_HEIGHT<\/strong><\/td>\n<td>0<\/td>\n<\/tr>\n<tr>\n<td><strong>Povrchov\u00e1 \u00faprava<\/strong><\/td>\n<td>lak<\/td>\n<\/tr>\n<tr>\n<td><strong>Barva<\/strong><\/td>\n<td>b\u00edl\u00e1<\/td>\n<\/tr>\n<\/tbody>\n<\/table>\n<\/div><\/div>\n","protected":false},"excerpt":{"rendered":"<p>Vlastnosti SHAPE Sk\u0159\u00ed\u0148ky pod umyvadlo Materi\u00e1l d\u0159evo Produktov\u00e1 skupina Sk\u0159\u00ed\u0148ka pod umyvadlo P\u016fvod Vyrobeno v\u00a0\u010cR Povrchov\u00e1 \u00faprava lak Barva b\u00edl\u00e1 Parametry Zna\u010dka Ravak Popis: Rozm\u011br (\u0161xhxv): 50\u00a0\u00d7\u00a045\u00a0\u00d7\u00a045 cm Materi\u00e1l: MDF Barevn\u00e9 proveden\u00ed: b\u00edl\u00e1 (lesk) Sk\u0159\u00ed\u0148ka pod umyvadlo SD Natural 50\u00a0je ur\u010dena pod umyvadlo Natural50.\u00a0Je vybavena dv\u011bma z\u00e1suvkami, kter\u00e9 poskytuj\u00ed velk\u00fd \u00falo\u017en\u00fd prostor.Dod\u00e1v\u00e1no ve smontovan\u00e9m stavu [&hellip;]<\/p>\n","protected":false},"featured_media":5885,"comment_status":"open","ping_status":"open","template":"","meta":[],"product_brand":[],"product_cat":[38],"product_tag":[],"class_list":{"0":"post-5785","1":"product","2":"type-product","3":"status-publish","4":"has-post-thumbnail","6":"product_cat-bydleni","8":"first","9":"instock","10":"sale","11":"shipping-taxable","12":"purchasable","13":"product-type-simple"},"yoast_head":"<!-- This site is optimized with the Yoast SEO plugin v26.8 - https:\/\/yoast.com\/product\/yoast-seo-wordpress\/ -->\n<title>Expresn\u00ed Doru\u010den\u00ed Ravak SD Natural 50 sk\u0159\u00ed\u0148ka pod umyvadlo b\u00edl\u00e1 b\u00edl\u00e1 -<\/title>\n<meta name=\"robots\" content=\"index, follow, max-snippet:-1, max-image-preview:large, max-video-preview:-1\" \/>\n<link rel=\"canonical\" href=\"https:\/\/www.technodompro.com\/index.php\/produkt\/expresni-doruceni-ravak-sd-natural-50-skrinka-pod-umyvadlo-bila-bila-5785\/\" \/>\n<meta property=\"og:locale\" content=\"cs_CZ\" \/>\n<meta property=\"og:type\" content=\"article\" \/>\n<meta property=\"og:title\" content=\"Expresn\u00ed Doru\u010den\u00ed Ravak SD Natural 50 sk\u0159\u00ed\u0148ka pod umyvadlo b\u00edl\u00e1 b\u00edl\u00e1 -\" \/>\n<meta property=\"og:description\" content=\"Vlastnosti SHAPE Sk\u0159\u00ed\u0148ky pod umyvadlo Materi\u00e1l d\u0159evo Produktov\u00e1 skupina Sk\u0159\u00ed\u0148ka pod umyvadlo P\u016fvod Vyrobeno v\u00a0\u010cR Povrchov\u00e1 \u00faprava lak Barva b\u00edl\u00e1 Parametry Zna\u010dka Ravak Popis: Rozm\u011br (\u0161xhxv): 50\u00a0\u00d7\u00a045\u00a0\u00d7\u00a045 cm Materi\u00e1l: MDF Barevn\u00e9 proveden\u00ed: b\u00edl\u00e1 (lesk) Sk\u0159\u00ed\u0148ka pod umyvadlo SD Natural 50\u00a0je ur\u010dena pod umyvadlo Natural50.\u00a0Je vybavena dv\u011bma z\u00e1suvkami, kter\u00e9 poskytuj\u00ed velk\u00fd \u00falo\u017en\u00fd prostor.Dod\u00e1v\u00e1no ve smontovan\u00e9m stavu [&hellip;]\" \/>\n<meta property=\"og:url\" content=\"https:\/\/www.technodompro.com\/index.php\/produkt\/expresni-doruceni-ravak-sd-natural-50-skrinka-pod-umyvadlo-bila-bila-5785\/\" \/>\n<meta property=\"og:image\" content=\"https:\/\/www.technodompro.com\/wp-content\/uploads\/2026\/SK0018693-CZ20260425-091936-0-1777079982-ravak-sd-natural-50-skrinka-pod-umyvadlo-bila-w1200-h628-f8.webp\" \/>\n\t<meta property=\"og:image:width\" content=\"1000\" \/>\n\t<meta property=\"og:image:height\" content=\"523\" \/>\n\t<meta property=\"og:image:type\" content=\"image\/webp\" \/>\n<meta name=\"twitter:card\" content=\"summary_large_image\" \/>\n<meta name=\"twitter:label1\" content=\"Odhadovan\u00e1 doba \u010dten\u00ed\" \/>\n\t<meta name=\"twitter:data1\" content=\"2 minuty\" \/>\n<script type=\"application\/ld+json\" class=\"yoast-schema-graph\">{\"@context\":\"https:\/\/schema.org\",\"@graph\":[{\"@type\":\"WebPage\",\"@id\":\"https:\/\/www.technodompro.com\/index.php\/produkt\/expresni-doruceni-ravak-sd-natural-50-skrinka-pod-umyvadlo-bila-bila-5785\/\",\"url\":\"https:\/\/www.technodompro.com\/index.php\/produkt\/expresni-doruceni-ravak-sd-natural-50-skrinka-pod-umyvadlo-bila-bila-5785\/\",\"name\":\"Expresn\u00ed Doru\u010den\u00ed Ravak SD Natural 50 sk\u0159\u00ed\u0148ka pod umyvadlo b\u00edl\u00e1 b\u00edl\u00e1 -\",\"isPartOf\":{\"@id\":\"https:\/\/www.technodompro.com\/#website\"},\"primaryImageOfPage\":{\"@id\":\"https:\/\/www.technodompro.com\/index.php\/produkt\/expresni-doruceni-ravak-sd-natural-50-skrinka-pod-umyvadlo-bila-bila-5785\/#primaryimage\"},\"image\":{\"@id\":\"https:\/\/www.technodompro.com\/index.php\/produkt\/expresni-doruceni-ravak-sd-natural-50-skrinka-pod-umyvadlo-bila-bila-5785\/#primaryimage\"},\"thumbnailUrl\":\"https:\/\/www.technodompro.com\/wp-content\/uploads\/2026\/SK0018693-CZ20260425-091936-0-1777079982-ravak-sd-natural-50-skrinka-pod-umyvadlo-bila-w1200-h628-f8.webp\",\"datePublished\":\"2026-04-27T04:40:42+00:00\",\"breadcrumb\":{\"@id\":\"https:\/\/www.technodompro.com\/index.php\/produkt\/expresni-doruceni-ravak-sd-natural-50-skrinka-pod-umyvadlo-bila-bila-5785\/#breadcrumb\"},\"inLanguage\":\"cs\",\"potentialAction\":[{\"@type\":\"ReadAction\",\"target\":[\"https:\/\/www.technodompro.com\/index.php\/produkt\/expresni-doruceni-ravak-sd-natural-50-skrinka-pod-umyvadlo-bila-bila-5785\/\"]}]},{\"@type\":\"ImageObject\",\"inLanguage\":\"cs\",\"@id\":\"https:\/\/www.technodompro.com\/index.php\/produkt\/expresni-doruceni-ravak-sd-natural-50-skrinka-pod-umyvadlo-bila-bila-5785\/#primaryimage\",\"url\":\"https:\/\/www.technodompro.com\/wp-content\/uploads\/2026\/SK0018693-CZ20260425-091936-0-1777079982-ravak-sd-natural-50-skrinka-pod-umyvadlo-bila-w1200-h628-f8.webp\",\"contentUrl\":\"https:\/\/www.technodompro.com\/wp-content\/uploads\/2026\/SK0018693-CZ20260425-091936-0-1777079982-ravak-sd-natural-50-skrinka-pod-umyvadlo-bila-w1200-h628-f8.webp\",\"width\":1000,\"height\":523},{\"@type\":\"BreadcrumbList\",\"@id\":\"https:\/\/www.technodompro.com\/index.php\/produkt\/expresni-doruceni-ravak-sd-natural-50-skrinka-pod-umyvadlo-bila-bila-5785\/#breadcrumb\",\"itemListElement\":[{\"@type\":\"ListItem\",\"position\":1,\"name\":\"Home\",\"item\":\"https:\/\/www.technodompro.com\/\"},{\"@type\":\"ListItem\",\"position\":2,\"name\":\"Products\",\"item\":\"https:\/\/www.technodompro.com\/index.php\/products\/\"},{\"@type\":\"ListItem\",\"position\":3,\"name\":\"Expresn\u00ed Doru\u010den\u00ed Ravak SD Natural 50 sk\u0159\u00ed\u0148ka pod umyvadlo b\u00edl\u00e1 b\u00edl\u00e1\"}]},{\"@type\":\"WebSite\",\"@id\":\"https:\/\/www.technodompro.com\/#website\",\"url\":\"https:\/\/www.technodompro.com\/\",\"name\":\"\",\"description\":\"\",\"potentialAction\":[{\"@type\":\"SearchAction\",\"target\":{\"@type\":\"EntryPoint\",\"urlTemplate\":\"https:\/\/www.technodompro.com\/?s={search_term_string}\"},\"query-input\":{\"@type\":\"PropertyValueSpecification\",\"valueRequired\":true,\"valueName\":\"search_term_string\"}}],\"inLanguage\":\"cs\"}]}<\/script>\n<!-- \/ Yoast SEO plugin. -->","yoast_head_json":{"title":"Expresn\u00ed Doru\u010den\u00ed Ravak SD Natural 50 sk\u0159\u00ed\u0148ka pod umyvadlo b\u00edl\u00e1 b\u00edl\u00e1 -","robots":{"index":"index","follow":"follow","max-snippet":"max-snippet:-1","max-image-preview":"max-image-preview:large","max-video-preview":"max-video-preview:-1"},"canonical":"https:\/\/www.technodompro.com\/index.php\/produkt\/expresni-doruceni-ravak-sd-natural-50-skrinka-pod-umyvadlo-bila-bila-5785\/","og_locale":"cs_CZ","og_type":"article","og_title":"Expresn\u00ed Doru\u010den\u00ed Ravak SD Natural 50 sk\u0159\u00ed\u0148ka pod umyvadlo b\u00edl\u00e1 b\u00edl\u00e1 -","og_description":"Vlastnosti SHAPE Sk\u0159\u00ed\u0148ky pod umyvadlo Materi\u00e1l d\u0159evo Produktov\u00e1 skupina Sk\u0159\u00ed\u0148ka pod umyvadlo P\u016fvod Vyrobeno v\u00a0\u010cR Povrchov\u00e1 \u00faprava lak Barva b\u00edl\u00e1 Parametry Zna\u010dka Ravak Popis: Rozm\u011br (\u0161xhxv): 50\u00a0\u00d7\u00a045\u00a0\u00d7\u00a045 cm Materi\u00e1l: MDF Barevn\u00e9 proveden\u00ed: b\u00edl\u00e1 (lesk) Sk\u0159\u00ed\u0148ka pod umyvadlo SD Natural 50\u00a0je ur\u010dena pod umyvadlo Natural50.\u00a0Je vybavena dv\u011bma z\u00e1suvkami, kter\u00e9 poskytuj\u00ed velk\u00fd \u00falo\u017en\u00fd prostor.Dod\u00e1v\u00e1no ve smontovan\u00e9m stavu [&hellip;]","og_url":"https:\/\/www.technodompro.com\/index.php\/produkt\/expresni-doruceni-ravak-sd-natural-50-skrinka-pod-umyvadlo-bila-bila-5785\/","og_image":[{"width":1000,"height":523,"url":"https:\/\/www.technodompro.com\/wp-content\/uploads\/2026\/SK0018693-CZ20260425-091936-0-1777079982-ravak-sd-natural-50-skrinka-pod-umyvadlo-bila-w1200-h628-f8.webp","type":"image\/webp"}],"twitter_card":"summary_large_image","twitter_misc":{"Odhadovan\u00e1 doba \u010dten\u00ed":"2 minuty"},"schema":{"@context":"https:\/\/schema.org","@graph":[{"@type":"WebPage","@id":"https:\/\/www.technodompro.com\/index.php\/produkt\/expresni-doruceni-ravak-sd-natural-50-skrinka-pod-umyvadlo-bila-bila-5785\/","url":"https:\/\/www.technodompro.com\/index.php\/produkt\/expresni-doruceni-ravak-sd-natural-50-skrinka-pod-umyvadlo-bila-bila-5785\/","name":"Expresn\u00ed Doru\u010den\u00ed Ravak SD Natural 50 sk\u0159\u00ed\u0148ka pod umyvadlo b\u00edl\u00e1 b\u00edl\u00e1 -","isPartOf":{"@id":"https:\/\/www.technodompro.com\/#website"},"primaryImageOfPage":{"@id":"https:\/\/www.technodompro.com\/index.php\/produkt\/expresni-doruceni-ravak-sd-natural-50-skrinka-pod-umyvadlo-bila-bila-5785\/#primaryimage"},"image":{"@id":"https:\/\/www.technodompro.com\/index.php\/produkt\/expresni-doruceni-ravak-sd-natural-50-skrinka-pod-umyvadlo-bila-bila-5785\/#primaryimage"},"thumbnailUrl":"https:\/\/www.technodompro.com\/wp-content\/uploads\/2026\/SK0018693-CZ20260425-091936-0-1777079982-ravak-sd-natural-50-skrinka-pod-umyvadlo-bila-w1200-h628-f8.webp","datePublished":"2026-04-27T04:40:42+00:00","breadcrumb":{"@id":"https:\/\/www.technodompro.com\/index.php\/produkt\/expresni-doruceni-ravak-sd-natural-50-skrinka-pod-umyvadlo-bila-bila-5785\/#breadcrumb"},"inLanguage":"cs","potentialAction":[{"@type":"ReadAction","target":["https:\/\/www.technodompro.com\/index.php\/produkt\/expresni-doruceni-ravak-sd-natural-50-skrinka-pod-umyvadlo-bila-bila-5785\/"]}]},{"@type":"ImageObject","inLanguage":"cs","@id":"https:\/\/www.technodompro.com\/index.php\/produkt\/expresni-doruceni-ravak-sd-natural-50-skrinka-pod-umyvadlo-bila-bila-5785\/#primaryimage","url":"https:\/\/www.technodompro.com\/wp-content\/uploads\/2026\/SK0018693-CZ20260425-091936-0-1777079982-ravak-sd-natural-50-skrinka-pod-umyvadlo-bila-w1200-h628-f8.webp","contentUrl":"https:\/\/www.technodompro.com\/wp-content\/uploads\/2026\/SK0018693-CZ20260425-091936-0-1777079982-ravak-sd-natural-50-skrinka-pod-umyvadlo-bila-w1200-h628-f8.webp","width":1000,"height":523},{"@type":"BreadcrumbList","@id":"https:\/\/www.technodompro.com\/index.php\/produkt\/expresni-doruceni-ravak-sd-natural-50-skrinka-pod-umyvadlo-bila-bila-5785\/#breadcrumb","itemListElement":[{"@type":"ListItem","position":1,"name":"Home","item":"https:\/\/www.technodompro.com\/"},{"@type":"ListItem","position":2,"name":"Products","item":"https:\/\/www.technodompro.com\/index.php\/products\/"},{"@type":"ListItem","position":3,"name":"Expresn\u00ed Doru\u010den\u00ed Ravak SD Natural 50 sk\u0159\u00ed\u0148ka pod umyvadlo b\u00edl\u00e1 b\u00edl\u00e1"}]},{"@type":"WebSite","@id":"https:\/\/www.technodompro.com\/#website","url":"https:\/\/www.technodompro.com\/","name":"","description":"","potentialAction":[{"@type":"SearchAction","target":{"@type":"EntryPoint","urlTemplate":"https:\/\/www.technodompro.com\/?s={search_term_string}"},"query-input":{"@type":"PropertyValueSpecification","valueRequired":true,"valueName":"search_term_string"}}],"inLanguage":"cs"}]}},"_links":{"self":[{"href":"https:\/\/www.technodompro.com\/index.php\/wp-json\/wp\/v2\/product\/5785","targetHints":{"allow":["GET"]}}],"collection":[{"href":"https:\/\/www.technodompro.com\/index.php\/wp-json\/wp\/v2\/product"}],"about":[{"href":"https:\/\/www.technodompro.com\/index.php\/wp-json\/wp\/v2\/types\/product"}],"replies":[{"embeddable":true,"href":"https:\/\/www.technodompro.com\/index.php\/wp-json\/wp\/v2\/comments?post=5785"}],"wp:featuredmedia":[{"embeddable":true,"href":"https:\/\/www.technodompro.com\/index.php\/wp-json\/wp\/v2\/media\/5885"}],"wp:attachment":[{"href":"https:\/\/www.technodompro.com\/index.php\/wp-json\/wp\/v2\/media?parent=5785"}],"wp:term":[{"taxonomy":"product_brand","embeddable":true,"href":"https:\/\/www.technodompro.com\/index.php\/wp-json\/wp\/v2\/product_brand?post=5785"},{"taxonomy":"product_cat","embeddable":true,"href":"https:\/\/www.technodompro.com\/index.php\/wp-json\/wp\/v2\/product_cat?post=5785"},{"taxonomy":"product_tag","embeddable":true,"href":"https:\/\/www.technodompro.com\/index.php\/wp-json\/wp\/v2\/product_tag?post=5785"}],"curies":[{"name":"wp","href":"https:\/\/api.w.org\/{rel}","templated":true}]}}