{"id":59101,"date":"2026-04-27T04:43:11","date_gmt":"2026-04-27T04:43:11","guid":{"rendered":""},"modified":"2026-04-27T04:43:11","modified_gmt":"2026-04-27T04:43:11","slug":"znackovy-sapho-waldorf-nadrzka-k-wc-kombi-cerna-mat-418131-59101","status":"publish","type":"product","link":"https:\/\/www.technodompro.com\/index.php\/produkt\/znackovy-sapho-waldorf-nadrzka-k-wc-kombi-cerna-mat-418131-59101\/","title":{"rendered":"Zna\u010dkov\u00fd Sapho WALDORF n\u00e1dr\u017eka k WC kombi, \u010dern\u00e1 mat 418131"},"content":{"rendered":"<div class=\"basic-description\">\n<h3>Detailn\u00ed popis produktu<\/h3>\n<p><\/p>\n<p style=\"text-align: justify;\">Luxus po\u010d\u00e1tku dvac\u00e1t\u00e9ho stolet\u00ed, novogotick\u00e1 architektura v&nbsp;Americe, vzne\u0161en\u00e9 a elegantn\u00ed linie: to je pouze p\u00e1r z&nbsp;mnoha asociac\u00ed, kter\u00e9 n\u00e1zev WALDORF vyvol\u00e1v\u00e1. Kerasan znovu zpracoval tyto inspirace a vytvo\u0159il luxusn\u00ed kolekci sanit\u00e1rn\u00ed keramiky vysok\u00e9 kvality, kterou je ide\u00e1ln\u00ed kombinovat v&nbsp;modern\u00edm i&nbsp;klasick\u00e9m stylu. Charakteristick\u00fdmi prvky jsou obd\u00e9ln\u00edkov\u00fd tvar, kter\u00fd je zm\u011bk\u010den zaoblen\u00fdmi rohy a nav\u00edc hrany s&nbsp;dvojitou tlou\u0161\u0165kou, kter\u00e9 p\u0159ipom\u00ednaj\u00ed klasick\u00fd a monument\u00e1ln\u00ed styl. S\u00e9rie WALDORF zahrnuje prvky pro kompletn\u00ed koupelnu. Stylovou zaj\u00edmavost\u00ed je u umyvadel vodorovn\u011b um\u00edst\u011bn\u00fd p\u0159epadov\u00fd otvor s ozdobn\u00fdm zakon\u010den\u00edm.<\/p>\n<h2 class=\"props-title\">Vlastnosti<\/h2>\n<table>\n<tr>\n<th>Zna\u010dka<\/th>\n<td>KERASAN<\/td>\n<\/tr>\n<tr>\n<th>S\u00e9rie<\/th>\n<td>WALDORF<\/td>\n<\/tr>\n<tr>\n<th>Rozm\u011br<\/th>\n<td>40x46x14 cm<\/td>\n<\/tr>\n<tr>\n<th>\u0160\u00ed\u0159ka<\/th>\n<td>400&nbsp;mm<\/td>\n<\/tr>\n<tr>\n<th>V\u00fd\u0161ka<\/th>\n<td>460&nbsp;mm<\/td>\n<\/tr>\n<tr>\n<th>Hloubka<\/th>\n<td>140&nbsp;mm<\/td>\n<\/tr>\n<tr>\n<th>Barva<\/th>\n<td>\u010cern\u00e1<\/td>\n<\/tr>\n<tr>\n<th>Materi\u00e1l<\/th>\n<td>Keramika<\/td>\n<\/tr>\n<tr>\n<th>Tvar<\/th>\n<td>Retro<\/td>\n<\/tr>\n<tr>\n<th>Balen\u00ed neobsahuje<\/th>\n<td>Napou\u0161t\u011bc\u00ed a vypou\u0161t\u011bc\u00ed ventil<\/td>\n<\/tr>\n<tr>\n<th>Hmotnost \/ ks<\/th>\n<td>14.7900&nbsp;kg<\/td>\n<\/tr>\n<tr>\n<th>Balen\u00ed<\/th>\n<td>1&nbsp;ks<\/td>\n<\/tr>\n<tr>\n<th>EAN<\/th>\n<td>8388777321767<\/td>\n<\/tr>\n<tr>\n<th>Taric<\/th>\n<td>69109000<\/td>\n<\/tr>\n<tr>\n<th>Z\u00e1ruka<\/th>\n<td>2 roky<\/td>\n<\/tr>\n<\/table><\/div>\n","protected":false},"excerpt":{"rendered":"<p>Detailn\u00ed popis produktu Luxus po\u010d\u00e1tku dvac\u00e1t\u00e9ho stolet\u00ed, novogotick\u00e1 architektura v&nbsp;Americe, vzne\u0161en\u00e9 a elegantn\u00ed linie: to je pouze p\u00e1r z&nbsp;mnoha asociac\u00ed, kter\u00e9 n\u00e1zev WALDORF vyvol\u00e1v\u00e1. Kerasan znovu zpracoval tyto inspirace a vytvo\u0159il luxusn\u00ed kolekci sanit\u00e1rn\u00ed keramiky vysok\u00e9 kvality, kterou je ide\u00e1ln\u00ed kombinovat v&nbsp;modern\u00edm i&nbsp;klasick\u00e9m stylu. Charakteristick\u00fdmi prvky jsou obd\u00e9ln\u00edkov\u00fd tvar, kter\u00fd je zm\u011bk\u010den zaoblen\u00fdmi rohy a [&hellip;]<\/p>\n","protected":false},"featured_media":59201,"comment_status":"open","ping_status":"open","template":"","meta":[],"product_brand":[],"product_cat":[101],"product_tag":[],"class_list":{"0":"post-59101","1":"product","2":"type-product","3":"status-publish","4":"has-post-thumbnail","6":"product_cat-wc","8":"first","9":"instock","10":"sale","11":"shipping-taxable","12":"purchasable","13":"product-type-simple"},"yoast_head":"<!-- This site is optimized with the Yoast SEO plugin v26.8 - https:\/\/yoast.com\/product\/yoast-seo-wordpress\/ -->\n<title>Zna\u010dkov\u00fd Sapho WALDORF n\u00e1dr\u017eka k WC kombi, \u010dern\u00e1 mat 418131 -<\/title>\n<meta name=\"robots\" content=\"index, follow, max-snippet:-1, max-image-preview:large, max-video-preview:-1\" \/>\n<link rel=\"canonical\" href=\"https:\/\/www.technodompro.com\/index.php\/produkt\/znackovy-sapho-waldorf-nadrzka-k-wc-kombi-cerna-mat-418131-59101\/\" \/>\n<meta property=\"og:locale\" content=\"cs_CZ\" \/>\n<meta property=\"og:type\" content=\"article\" \/>\n<meta property=\"og:title\" content=\"Zna\u010dkov\u00fd Sapho WALDORF n\u00e1dr\u017eka k WC kombi, \u010dern\u00e1 mat 418131 -\" \/>\n<meta property=\"og:description\" content=\"Detailn\u00ed popis produktu Luxus po\u010d\u00e1tku dvac\u00e1t\u00e9ho stolet\u00ed, novogotick\u00e1 architektura v&nbsp;Americe, vzne\u0161en\u00e9 a elegantn\u00ed linie: to je pouze p\u00e1r z&nbsp;mnoha asociac\u00ed, kter\u00e9 n\u00e1zev WALDORF vyvol\u00e1v\u00e1. Kerasan znovu zpracoval tyto inspirace a vytvo\u0159il luxusn\u00ed kolekci sanit\u00e1rn\u00ed keramiky vysok\u00e9 kvality, kterou je ide\u00e1ln\u00ed kombinovat v&nbsp;modern\u00edm i&nbsp;klasick\u00e9m stylu. Charakteristick\u00fdmi prvky jsou obd\u00e9ln\u00edkov\u00fd tvar, kter\u00fd je zm\u011bk\u010den zaoblen\u00fdmi rohy a [&hellip;]\" \/>\n<meta property=\"og:url\" content=\"https:\/\/www.technodompro.com\/index.php\/produkt\/znackovy-sapho-waldorf-nadrzka-k-wc-kombi-cerna-mat-418131-59101\/\" \/>\n<meta property=\"og:image\" content=\"https:\/\/www.technodompro.com\/wp-content\/uploads\/2026\/SK0014416-CZ20260425-093631-0-1777080994-283641_sapho-waldorf-nadrzka-k-wc-kombi--cerna-mat-418131.j.webp\" \/>\n\t<meta property=\"og:image:width\" content=\"1000\" \/>\n\t<meta property=\"og:image:height\" content=\"750\" \/>\n\t<meta property=\"og:image:type\" content=\"image\/webp\" \/>\n<meta name=\"twitter:card\" content=\"summary_large_image\" \/>\n<meta name=\"twitter:label1\" content=\"Odhadovan\u00e1 doba \u010dten\u00ed\" \/>\n\t<meta name=\"twitter:data1\" content=\"1 minuta\" \/>\n<script type=\"application\/ld+json\" class=\"yoast-schema-graph\">{\"@context\":\"https:\/\/schema.org\",\"@graph\":[{\"@type\":\"WebPage\",\"@id\":\"https:\/\/www.technodompro.com\/index.php\/produkt\/znackovy-sapho-waldorf-nadrzka-k-wc-kombi-cerna-mat-418131-59101\/\",\"url\":\"https:\/\/www.technodompro.com\/index.php\/produkt\/znackovy-sapho-waldorf-nadrzka-k-wc-kombi-cerna-mat-418131-59101\/\",\"name\":\"Zna\u010dkov\u00fd Sapho WALDORF n\u00e1dr\u017eka k WC kombi, \u010dern\u00e1 mat 418131 -\",\"isPartOf\":{\"@id\":\"https:\/\/www.technodompro.com\/#website\"},\"primaryImageOfPage\":{\"@id\":\"https:\/\/www.technodompro.com\/index.php\/produkt\/znackovy-sapho-waldorf-nadrzka-k-wc-kombi-cerna-mat-418131-59101\/#primaryimage\"},\"image\":{\"@id\":\"https:\/\/www.technodompro.com\/index.php\/produkt\/znackovy-sapho-waldorf-nadrzka-k-wc-kombi-cerna-mat-418131-59101\/#primaryimage\"},\"thumbnailUrl\":\"https:\/\/www.technodompro.com\/wp-content\/uploads\/2026\/SK0014416-CZ20260425-093631-0-1777080994-283641_sapho-waldorf-nadrzka-k-wc-kombi--cerna-mat-418131.j.webp\",\"datePublished\":\"2026-04-27T04:43:11+00:00\",\"breadcrumb\":{\"@id\":\"https:\/\/www.technodompro.com\/index.php\/produkt\/znackovy-sapho-waldorf-nadrzka-k-wc-kombi-cerna-mat-418131-59101\/#breadcrumb\"},\"inLanguage\":\"cs\",\"potentialAction\":[{\"@type\":\"ReadAction\",\"target\":[\"https:\/\/www.technodompro.com\/index.php\/produkt\/znackovy-sapho-waldorf-nadrzka-k-wc-kombi-cerna-mat-418131-59101\/\"]}]},{\"@type\":\"ImageObject\",\"inLanguage\":\"cs\",\"@id\":\"https:\/\/www.technodompro.com\/index.php\/produkt\/znackovy-sapho-waldorf-nadrzka-k-wc-kombi-cerna-mat-418131-59101\/#primaryimage\",\"url\":\"https:\/\/www.technodompro.com\/wp-content\/uploads\/2026\/SK0014416-CZ20260425-093631-0-1777080994-283641_sapho-waldorf-nadrzka-k-wc-kombi--cerna-mat-418131.j.webp\",\"contentUrl\":\"https:\/\/www.technodompro.com\/wp-content\/uploads\/2026\/SK0014416-CZ20260425-093631-0-1777080994-283641_sapho-waldorf-nadrzka-k-wc-kombi--cerna-mat-418131.j.webp\",\"width\":1000,\"height\":750},{\"@type\":\"BreadcrumbList\",\"@id\":\"https:\/\/www.technodompro.com\/index.php\/produkt\/znackovy-sapho-waldorf-nadrzka-k-wc-kombi-cerna-mat-418131-59101\/#breadcrumb\",\"itemListElement\":[{\"@type\":\"ListItem\",\"position\":1,\"name\":\"Home\",\"item\":\"https:\/\/www.technodompro.com\/\"},{\"@type\":\"ListItem\",\"position\":2,\"name\":\"Products\",\"item\":\"https:\/\/www.technodompro.com\/index.php\/products\/\"},{\"@type\":\"ListItem\",\"position\":3,\"name\":\"Zna\u010dkov\u00fd Sapho WALDORF n\u00e1dr\u017eka k WC kombi, \u010dern\u00e1 mat 418131\"}]},{\"@type\":\"WebSite\",\"@id\":\"https:\/\/www.technodompro.com\/#website\",\"url\":\"https:\/\/www.technodompro.com\/\",\"name\":\"\",\"description\":\"\",\"potentialAction\":[{\"@type\":\"SearchAction\",\"target\":{\"@type\":\"EntryPoint\",\"urlTemplate\":\"https:\/\/www.technodompro.com\/?s={search_term_string}\"},\"query-input\":{\"@type\":\"PropertyValueSpecification\",\"valueRequired\":true,\"valueName\":\"search_term_string\"}}],\"inLanguage\":\"cs\"}]}<\/script>\n<!-- \/ Yoast SEO plugin. -->","yoast_head_json":{"title":"Zna\u010dkov\u00fd Sapho WALDORF n\u00e1dr\u017eka k WC kombi, \u010dern\u00e1 mat 418131 -","robots":{"index":"index","follow":"follow","max-snippet":"max-snippet:-1","max-image-preview":"max-image-preview:large","max-video-preview":"max-video-preview:-1"},"canonical":"https:\/\/www.technodompro.com\/index.php\/produkt\/znackovy-sapho-waldorf-nadrzka-k-wc-kombi-cerna-mat-418131-59101\/","og_locale":"cs_CZ","og_type":"article","og_title":"Zna\u010dkov\u00fd Sapho WALDORF n\u00e1dr\u017eka k WC kombi, \u010dern\u00e1 mat 418131 -","og_description":"Detailn\u00ed popis produktu Luxus po\u010d\u00e1tku dvac\u00e1t\u00e9ho stolet\u00ed, novogotick\u00e1 architektura v&nbsp;Americe, vzne\u0161en\u00e9 a elegantn\u00ed linie: to je pouze p\u00e1r z&nbsp;mnoha asociac\u00ed, kter\u00e9 n\u00e1zev WALDORF vyvol\u00e1v\u00e1. Kerasan znovu zpracoval tyto inspirace a vytvo\u0159il luxusn\u00ed kolekci sanit\u00e1rn\u00ed keramiky vysok\u00e9 kvality, kterou je ide\u00e1ln\u00ed kombinovat v&nbsp;modern\u00edm i&nbsp;klasick\u00e9m stylu. Charakteristick\u00fdmi prvky jsou obd\u00e9ln\u00edkov\u00fd tvar, kter\u00fd je zm\u011bk\u010den zaoblen\u00fdmi rohy a [&hellip;]","og_url":"https:\/\/www.technodompro.com\/index.php\/produkt\/znackovy-sapho-waldorf-nadrzka-k-wc-kombi-cerna-mat-418131-59101\/","og_image":[{"width":1000,"height":750,"url":"https:\/\/www.technodompro.com\/wp-content\/uploads\/2026\/SK0014416-CZ20260425-093631-0-1777080994-283641_sapho-waldorf-nadrzka-k-wc-kombi--cerna-mat-418131.j.webp","type":"image\/webp"}],"twitter_card":"summary_large_image","twitter_misc":{"Odhadovan\u00e1 doba \u010dten\u00ed":"1 minuta"},"schema":{"@context":"https:\/\/schema.org","@graph":[{"@type":"WebPage","@id":"https:\/\/www.technodompro.com\/index.php\/produkt\/znackovy-sapho-waldorf-nadrzka-k-wc-kombi-cerna-mat-418131-59101\/","url":"https:\/\/www.technodompro.com\/index.php\/produkt\/znackovy-sapho-waldorf-nadrzka-k-wc-kombi-cerna-mat-418131-59101\/","name":"Zna\u010dkov\u00fd Sapho WALDORF n\u00e1dr\u017eka k WC kombi, \u010dern\u00e1 mat 418131 -","isPartOf":{"@id":"https:\/\/www.technodompro.com\/#website"},"primaryImageOfPage":{"@id":"https:\/\/www.technodompro.com\/index.php\/produkt\/znackovy-sapho-waldorf-nadrzka-k-wc-kombi-cerna-mat-418131-59101\/#primaryimage"},"image":{"@id":"https:\/\/www.technodompro.com\/index.php\/produkt\/znackovy-sapho-waldorf-nadrzka-k-wc-kombi-cerna-mat-418131-59101\/#primaryimage"},"thumbnailUrl":"https:\/\/www.technodompro.com\/wp-content\/uploads\/2026\/SK0014416-CZ20260425-093631-0-1777080994-283641_sapho-waldorf-nadrzka-k-wc-kombi--cerna-mat-418131.j.webp","datePublished":"2026-04-27T04:43:11+00:00","breadcrumb":{"@id":"https:\/\/www.technodompro.com\/index.php\/produkt\/znackovy-sapho-waldorf-nadrzka-k-wc-kombi-cerna-mat-418131-59101\/#breadcrumb"},"inLanguage":"cs","potentialAction":[{"@type":"ReadAction","target":["https:\/\/www.technodompro.com\/index.php\/produkt\/znackovy-sapho-waldorf-nadrzka-k-wc-kombi-cerna-mat-418131-59101\/"]}]},{"@type":"ImageObject","inLanguage":"cs","@id":"https:\/\/www.technodompro.com\/index.php\/produkt\/znackovy-sapho-waldorf-nadrzka-k-wc-kombi-cerna-mat-418131-59101\/#primaryimage","url":"https:\/\/www.technodompro.com\/wp-content\/uploads\/2026\/SK0014416-CZ20260425-093631-0-1777080994-283641_sapho-waldorf-nadrzka-k-wc-kombi--cerna-mat-418131.j.webp","contentUrl":"https:\/\/www.technodompro.com\/wp-content\/uploads\/2026\/SK0014416-CZ20260425-093631-0-1777080994-283641_sapho-waldorf-nadrzka-k-wc-kombi--cerna-mat-418131.j.webp","width":1000,"height":750},{"@type":"BreadcrumbList","@id":"https:\/\/www.technodompro.com\/index.php\/produkt\/znackovy-sapho-waldorf-nadrzka-k-wc-kombi-cerna-mat-418131-59101\/#breadcrumb","itemListElement":[{"@type":"ListItem","position":1,"name":"Home","item":"https:\/\/www.technodompro.com\/"},{"@type":"ListItem","position":2,"name":"Products","item":"https:\/\/www.technodompro.com\/index.php\/products\/"},{"@type":"ListItem","position":3,"name":"Zna\u010dkov\u00fd Sapho WALDORF n\u00e1dr\u017eka k WC kombi, \u010dern\u00e1 mat 418131"}]},{"@type":"WebSite","@id":"https:\/\/www.technodompro.com\/#website","url":"https:\/\/www.technodompro.com\/","name":"","description":"","potentialAction":[{"@type":"SearchAction","target":{"@type":"EntryPoint","urlTemplate":"https:\/\/www.technodompro.com\/?s={search_term_string}"},"query-input":{"@type":"PropertyValueSpecification","valueRequired":true,"valueName":"search_term_string"}}],"inLanguage":"cs"}]}},"_links":{"self":[{"href":"https:\/\/www.technodompro.com\/index.php\/wp-json\/wp\/v2\/product\/59101","targetHints":{"allow":["GET"]}}],"collection":[{"href":"https:\/\/www.technodompro.com\/index.php\/wp-json\/wp\/v2\/product"}],"about":[{"href":"https:\/\/www.technodompro.com\/index.php\/wp-json\/wp\/v2\/types\/product"}],"replies":[{"embeddable":true,"href":"https:\/\/www.technodompro.com\/index.php\/wp-json\/wp\/v2\/comments?post=59101"}],"wp:featuredmedia":[{"embeddable":true,"href":"https:\/\/www.technodompro.com\/index.php\/wp-json\/wp\/v2\/media\/59201"}],"wp:attachment":[{"href":"https:\/\/www.technodompro.com\/index.php\/wp-json\/wp\/v2\/media?parent=59101"}],"wp:term":[{"taxonomy":"product_brand","embeddable":true,"href":"https:\/\/www.technodompro.com\/index.php\/wp-json\/wp\/v2\/product_brand?post=59101"},{"taxonomy":"product_cat","embeddable":true,"href":"https:\/\/www.technodompro.com\/index.php\/wp-json\/wp\/v2\/product_cat?post=59101"},{"taxonomy":"product_tag","embeddable":true,"href":"https:\/\/www.technodompro.com\/index.php\/wp-json\/wp\/v2\/product_tag?post=59101"}],"curies":[{"name":"wp","href":"https:\/\/api.w.org\/{rel}","templated":true}]}}