{"id":59954,"date":"2026-04-27T04:43:13","date_gmt":"2026-04-27T04:43:13","guid":{"rendered":""},"modified":"2026-04-27T04:43:13","modified_gmt":"2026-04-27T04:43:13","slug":"znackovy-sapho-pura-zavesna-wc-misa-swirlflush-36x50cm-bila-dual-mat-881609-59954","status":"publish","type":"product","link":"https:\/\/www.technodompro.com\/index.php\/produkt\/znackovy-sapho-pura-zavesna-wc-misa-swirlflush-36x50cm-bila-dual-mat-881609-59954\/","title":{"rendered":"Zna\u010dkov\u00fd Sapho PURA z\u00e1v\u011bsn\u00e1 WC m\u00edsa, Swirlflush, 36x50cm, b\u00edl\u00e1 dual-mat 881609"},"content":{"rendered":"<div class=\"basic-description\">\n<h3>Detailn\u00ed popis produktu<\/h3>\n<p><\/p>\n<p>Sanit\u00e1rn\u00ed keramika PURA COLOR<\/p>\n<p style=\"text-align: justify;\">S\u00e9rie PURA COLOR se vyzna\u010duje racion\u00e1ln\u00edm designem a stylovou eleganc\u00ed. Konzervativn\u00ed tvary, kter\u00e9 obratn\u011b vyva\u017euj\u00ed rovn\u00e9 linie a m\u011bkk\u00e9 zaoblen\u00ed, jsou v\u00fdsledkem dlouh\u00e9ho procesu navrhov\u00e1n\u00ed a v\u00fdvoje. Nen\u00e1padn\u00e1 \u010distota lini\u00ed dod\u00e1v\u00e1 v\u00fdrobk\u016fm t\u00e9to \u0159ady eleganci a n\u00e1dech luxusu a kultivovanosti, kter\u00fd se hod\u00ed k jednoduch\u00e9mu, ale vkusn\u00e9mu stylu GSI.<\/p>\n<p>S\u00e9rie PURA COLOR zahrnuje keramick\u00e1 umyvadla na desku, z\u00e1v\u011bsn\u00e9 WC m\u00edsy a bidety v 8 barevn\u00fdch variac\u00edch.&nbsp;<\/p>\n<p>N\u00e1hled barevn\u00fdch variac\u00ed n\u00ed\u017ee. Re\u00e1ln\u00e9 proveden\u00ed barev se m\u016f\u017ee li\u0161it v n\u00e1vaznosti na nastaven\u00ed Va\u0161eho monitoru.<\/p>\n<p>Charakteristika s\u00e9rie:<\/p>\n<ul>\n<li><span>Hranat\u00e1 umyvadla s&nbsp;decentn\u011b zaoblen\u00fdmi rohy a \u0161t\u00edhlou hranou<\/span><\/li>\n<li><span>Ov\u00e1ln\u00e1 a kulat\u00e1 umyvadla se \u0161t\u00edhlou hranou<\/span><\/li>\n<li><span>Umyvadla lze doplnit v\u00fdpust\u00ed s keramickou z\u00e1tkou ve stejn\u00e9 barv\u011b<\/span><\/li>\n<li><span>WC m\u00edsy se splachovac\u00edm syst\u00e9mem SwirlFlush&reg;<\/span><span>&nbsp;a SAVE WATER, kter\u00fd umo\u017e\u0148uje splachovat&nbsp;pouze 4,5 litry vody<\/span><\/li>\n<li>Sed\u00e1tka k z\u00e1v\u011bsn\u00fdm WC opat\u0159ena syst\u00e9mem&nbsp;SOFT CLOSE (pomal\u00e9 skl\u00e1p\u011bn\u00ed) a QUICK RELEASE (odn\u00edmateln\u00e9 sed\u00e1tko)<\/li>\n<\/ul>\n<h2 class=\"props-title\">Vlastnosti<\/h2>\n<table>\n<tr>\n<th>Zna\u010dka<\/th>\n<td>GSI<\/td>\n<\/tr>\n<tr>\n<th>S\u00e9rie<\/th>\n<td>PURA COLOR<\/td>\n<\/tr>\n<tr>\n<th>3D model<\/th>\n<td>ANO<\/td>\n<\/tr>\n<tr>\n<th>Rozm\u011br<\/th>\n<td>36&#215;50 cm<\/td>\n<\/tr>\n<tr>\n<th>\u0160\u00ed\u0159ka<\/th>\n<td>360&nbsp;mm<\/td>\n<\/tr>\n<tr>\n<th>Hloubka<\/th>\n<td>500&nbsp;mm<\/td>\n<\/tr>\n<tr>\n<th>Barva<\/th>\n<td>B\u00edl\u00e1 mat<\/td>\n<\/tr>\n<tr>\n<th>Materi\u00e1l<\/th>\n<td>Keramika<\/td>\n<\/tr>\n<tr>\n<th>Technologie splachov\u00e1n\u00ed<\/th>\n<td>SwirlFlush<\/td>\n<\/tr>\n<tr>\n<th>Objem splachovac\u00ed vody<\/th>\n<td>3 l \/ 4,5 l<\/td>\n<\/tr>\n<tr>\n<th>Tvar<\/th>\n<td>Klasik<\/td>\n<\/tr>\n<tr>\n<th>Ostatn\u00ed<\/th>\n<td>Skryt\u00e9 uchycen\u00ed, DualGlaze<\/td>\n<\/tr>\n<tr>\n<th>Balen\u00ed obsahuje<\/th>\n<td>Mont\u00e1\u017en\u00ed sada<\/td>\n<\/tr>\n<tr>\n<th>Balen\u00ed neobsahuje<\/th>\n<td>WC sed\u00e1tko<\/td>\n<\/tr>\n<tr>\n<th>Hmotnost \/ ks<\/th>\n<td>24.4000&nbsp;kg<\/td>\n<\/tr>\n<tr>\n<th>Balen\u00ed<\/th>\n<td>1&nbsp;ks<\/td>\n<\/tr>\n<tr>\n<th>EAN<\/th>\n<td>8032937815466<\/td>\n<\/tr>\n<tr>\n<th>Taric<\/th>\n<td>69109000<\/td>\n<\/tr>\n<tr>\n<th>Z\u00e1ruka<\/th>\n<td>2 roky<\/td>\n<\/tr>\n<\/table>\n<div class=\"product-explanation-item\">\n<h3>Technologie splachov\u00e1n\u00ed <strong>SwirlFlush&reg;<\/strong><\/h3>\n<p style=\"text-align: justify;\">SwirlFlush&reg;  &#8211; toalety bez tradi\u010dn\u00edho oplachov\u00e9ho kruhu. Patentovan\u00fd extr\u00e9mn\u011b tich\u00fd splachovac\u00ed syst\u00e9m od spole\u010dnosti GSI nam\u00ed\u0159\u00ed vodu jednotn\u00fdm sm\u011brem na okraje keramiky. Inovaci ve splachov\u00e1n\u00ed p\u0159edstavuje vodn\u00ed v\u00edr, kter\u00fd zajist\u00ed optim\u00e1ln\u00ed a tich\u00e9 spl\u00e1chnut\u00ed m\u00edsy.<br \/>Absence tradi\u010dn\u00edho splachovac\u00edho kruhu pod okrajem m\u00edsy v kombinaci s glazurou Extraglaze&reg;, kter\u00e1 dod\u00e1v\u00e1 keramice dokonale hladk\u00fd povrch a p\u016fsobiv\u00fd lesk, zaji\u0161\u0165uje maxim\u00e1ln\u00ed hygienu a sn\u00ed\u017een\u00ed n\u00e1mahy p\u0159i \u010di\u0161t\u011bn\u00ed WC. Samoz\u0159ejmost\u00ed je du\u00e1ln\u00ed syst\u00e9m splachov\u00e1n\u00ed s mno\u017estv\u00edm vody 3 nebo 4,5 l.<\/p>\n<p style=\"text-align: justify;\">Extr\u00e9mn\u011b tich\u00fd: Splachovac\u00ed syst\u00e9m SwirlFlush&reg; s hlu\u010dnost\u00ed pouh\u00fdch 64 dB je extr\u00e9mn\u011b tich\u00fd b\u011bhem splachov\u00e1n\u00ed.<\/p>\n<\/div>\n<div class=\"product-explanation-item\">\n<h3>Water saving &#8211; \u00fasporn\u00e9 splachov\u00e1n\u00ed<\/h3>\n<p style=\"text-align: justify;\">Tvar m\u00edsy umo\u017e\u0148uje efektivn\u00ed a \u00fa\u010dinn\u00e9 spl\u00e1chnut\u00ed s men\u0161\u00edm objemem vody a t\u00edm \u0161et\u0159\u00ed \u017eivotn\u00ed prost\u0159ed\u00ed a n\u00e1klady za vodu.<br \/>\u00dasporn\u00e9 splachov\u00e1n\u00ed je mo\u017en\u00e9 pou\u017e\u00edt s n\u00e1dr\u017ekou s du\u00e1ln\u00edm splachov\u00e1n\u00edm, jej\u00ed\u017e vypou\u0161t\u011bc\u00ed ventil umo\u017e\u0148uje nastaven\u00ed objemu vody od 2 litr\u016f u mal\u00e9ho splachov\u00e1n\u00ed a od 4 litr\u016f u velk\u00e9ho splachov\u00e1n\u00ed.<\/p>\n<\/div>\n<div class=\"product-explanation-item\">\n<h3><strong>Keramick\u00e1 glazura DualGlaze+<\/strong><\/h3>\n<p style=\"text-align: justify;\">Dvojit\u00e1 glazura, neboli DualGlaze+, je speci\u00e1ln\u00ed \u00faprava, kter\u00e1 se pou\u017e\u00edv\u00e1 u barevn\u00fdch toalet vybaven\u00fdch syst\u00e9mem splachov\u00e1n\u00ed SwirlFlush&reg;. DualGlaze+ kombinuje hygienu a eleganci. \u010cistota matn\u00e9ho venkovn\u00edho povrchu se setk\u00e1v\u00e1 s antibakteri\u00e1ln\u00ed glazurou Extraglaze&reg; Antibacterial na vnit\u0159n\u00edch \u010d\u00e1stech toalety, kter\u00e9 jsou v kontaktu s vodou, \u010d\u00edm\u017e se zabra\u0148uje skvrn\u00e1m a nehygienick\u00fdm usazenin\u00e1m vodn\u00edho kamene.<\/p>\n<\/div>\n<p>   Upozorn\u011bn\u00ed pro z\u00e1kazn\u00edky ke koupi produkt\u016f na objedn\u00e1n\u00ed: Toto zbo\u017e\u00ed nen\u00ed standardn\u00edm s\u00e9riov\u00fdm v\u00fdrobkem. Bude vyrobeno na p\u0159\u00e1n\u00ed z\u00e1kazn\u00edka a proto jej nelze dodavateli v z\u00e1konn\u00e9 lh\u016ft\u011b vr\u00e1tit. (viz \u00a71837 odst.d, ob\u010dansk\u00e9ho z\u00e1kon\u00edku). V tomto p\u0159\u00edpad\u011b m\u016f\u017eeme po\u017eadovat nevratnou z\u00e1lohu a\u017e do v\u00fd\u0161e 100 % z ceny v\u00fdrobku.                            <\/p><\/div>\n","protected":false},"excerpt":{"rendered":"<p>Detailn\u00ed popis produktu Sanit\u00e1rn\u00ed keramika PURA COLOR S\u00e9rie PURA COLOR se vyzna\u010duje racion\u00e1ln\u00edm designem a stylovou eleganc\u00ed. Konzervativn\u00ed tvary, kter\u00e9 obratn\u011b vyva\u017euj\u00ed rovn\u00e9 linie a m\u011bkk\u00e9 zaoblen\u00ed, jsou v\u00fdsledkem dlouh\u00e9ho procesu navrhov\u00e1n\u00ed a v\u00fdvoje. Nen\u00e1padn\u00e1 \u010distota lini\u00ed dod\u00e1v\u00e1 v\u00fdrobk\u016fm t\u00e9to \u0159ady eleganci a n\u00e1dech luxusu a kultivovanosti, kter\u00fd se hod\u00ed k jednoduch\u00e9mu, ale vkusn\u00e9mu stylu [&hellip;]<\/p>\n","protected":false},"featured_media":60054,"comment_status":"open","ping_status":"open","template":"","meta":[],"product_brand":[],"product_cat":[101],"product_tag":[],"class_list":{"0":"post-59954","1":"product","2":"type-product","3":"status-publish","4":"has-post-thumbnail","6":"product_cat-wc","8":"first","9":"instock","10":"sale","11":"shipping-taxable","12":"purchasable","13":"product-type-simple"},"yoast_head":"<!-- This site is optimized with the Yoast SEO plugin v26.8 - https:\/\/yoast.com\/product\/yoast-seo-wordpress\/ -->\n<title>Zna\u010dkov\u00fd Sapho PURA z\u00e1v\u011bsn\u00e1 WC m\u00edsa, Swirlflush, 36x50cm, b\u00edl\u00e1 dual-mat 881609 -<\/title>\n<meta name=\"robots\" content=\"index, follow, max-snippet:-1, max-image-preview:large, max-video-preview:-1\" \/>\n<link rel=\"canonical\" href=\"https:\/\/www.technodompro.com\/index.php\/produkt\/znackovy-sapho-pura-zavesna-wc-misa-swirlflush-36x50cm-bila-dual-mat-881609-59954\/\" \/>\n<meta property=\"og:locale\" content=\"cs_CZ\" \/>\n<meta property=\"og:type\" content=\"article\" \/>\n<meta property=\"og:title\" content=\"Zna\u010dkov\u00fd Sapho PURA z\u00e1v\u011bsn\u00e1 WC m\u00edsa, Swirlflush, 36x50cm, b\u00edl\u00e1 dual-mat 881609 -\" \/>\n<meta property=\"og:description\" content=\"Detailn\u00ed popis produktu Sanit\u00e1rn\u00ed keramika PURA COLOR S\u00e9rie PURA COLOR se vyzna\u010duje racion\u00e1ln\u00edm designem a stylovou eleganc\u00ed. Konzervativn\u00ed tvary, kter\u00e9 obratn\u011b vyva\u017euj\u00ed rovn\u00e9 linie a m\u011bkk\u00e9 zaoblen\u00ed, jsou v\u00fdsledkem dlouh\u00e9ho procesu navrhov\u00e1n\u00ed a v\u00fdvoje. Nen\u00e1padn\u00e1 \u010distota lini\u00ed dod\u00e1v\u00e1 v\u00fdrobk\u016fm t\u00e9to \u0159ady eleganci a n\u00e1dech luxusu a kultivovanosti, kter\u00fd se hod\u00ed k jednoduch\u00e9mu, ale vkusn\u00e9mu stylu [&hellip;]\" \/>\n<meta property=\"og:url\" content=\"https:\/\/www.technodompro.com\/index.php\/produkt\/znackovy-sapho-pura-zavesna-wc-misa-swirlflush-36x50cm-bila-dual-mat-881609-59954\/\" \/>\n<meta property=\"og:image\" content=\"https:\/\/www.technodompro.com\/wp-content\/uploads\/2026\/SK0014885-CZ20260425-093631-0-1777080994-289704_sapho-pura-zavesna-wc-misa--swirlflush--36x50cm--bil.webp\" \/>\n\t<meta property=\"og:image:width\" content=\"1000\" \/>\n\t<meta property=\"og:image:height\" content=\"750\" \/>\n\t<meta property=\"og:image:type\" content=\"image\/webp\" \/>\n<meta name=\"twitter:card\" content=\"summary_large_image\" \/>\n<meta name=\"twitter:label1\" content=\"Odhadovan\u00e1 doba \u010dten\u00ed\" \/>\n\t<meta name=\"twitter:data1\" content=\"3 minuty\" \/>\n<script type=\"application\/ld+json\" class=\"yoast-schema-graph\">{\"@context\":\"https:\/\/schema.org\",\"@graph\":[{\"@type\":\"WebPage\",\"@id\":\"https:\/\/www.technodompro.com\/index.php\/produkt\/znackovy-sapho-pura-zavesna-wc-misa-swirlflush-36x50cm-bila-dual-mat-881609-59954\/\",\"url\":\"https:\/\/www.technodompro.com\/index.php\/produkt\/znackovy-sapho-pura-zavesna-wc-misa-swirlflush-36x50cm-bila-dual-mat-881609-59954\/\",\"name\":\"Zna\u010dkov\u00fd Sapho PURA z\u00e1v\u011bsn\u00e1 WC m\u00edsa, Swirlflush, 36x50cm, b\u00edl\u00e1 dual-mat 881609 -\",\"isPartOf\":{\"@id\":\"https:\/\/www.technodompro.com\/#website\"},\"primaryImageOfPage\":{\"@id\":\"https:\/\/www.technodompro.com\/index.php\/produkt\/znackovy-sapho-pura-zavesna-wc-misa-swirlflush-36x50cm-bila-dual-mat-881609-59954\/#primaryimage\"},\"image\":{\"@id\":\"https:\/\/www.technodompro.com\/index.php\/produkt\/znackovy-sapho-pura-zavesna-wc-misa-swirlflush-36x50cm-bila-dual-mat-881609-59954\/#primaryimage\"},\"thumbnailUrl\":\"https:\/\/www.technodompro.com\/wp-content\/uploads\/2026\/SK0014885-CZ20260425-093631-0-1777080994-289704_sapho-pura-zavesna-wc-misa--swirlflush--36x50cm--bil.webp\",\"datePublished\":\"2026-04-27T04:43:13+00:00\",\"breadcrumb\":{\"@id\":\"https:\/\/www.technodompro.com\/index.php\/produkt\/znackovy-sapho-pura-zavesna-wc-misa-swirlflush-36x50cm-bila-dual-mat-881609-59954\/#breadcrumb\"},\"inLanguage\":\"cs\",\"potentialAction\":[{\"@type\":\"ReadAction\",\"target\":[\"https:\/\/www.technodompro.com\/index.php\/produkt\/znackovy-sapho-pura-zavesna-wc-misa-swirlflush-36x50cm-bila-dual-mat-881609-59954\/\"]}]},{\"@type\":\"ImageObject\",\"inLanguage\":\"cs\",\"@id\":\"https:\/\/www.technodompro.com\/index.php\/produkt\/znackovy-sapho-pura-zavesna-wc-misa-swirlflush-36x50cm-bila-dual-mat-881609-59954\/#primaryimage\",\"url\":\"https:\/\/www.technodompro.com\/wp-content\/uploads\/2026\/SK0014885-CZ20260425-093631-0-1777080994-289704_sapho-pura-zavesna-wc-misa--swirlflush--36x50cm--bil.webp\",\"contentUrl\":\"https:\/\/www.technodompro.com\/wp-content\/uploads\/2026\/SK0014885-CZ20260425-093631-0-1777080994-289704_sapho-pura-zavesna-wc-misa--swirlflush--36x50cm--bil.webp\",\"width\":1000,\"height\":750},{\"@type\":\"BreadcrumbList\",\"@id\":\"https:\/\/www.technodompro.com\/index.php\/produkt\/znackovy-sapho-pura-zavesna-wc-misa-swirlflush-36x50cm-bila-dual-mat-881609-59954\/#breadcrumb\",\"itemListElement\":[{\"@type\":\"ListItem\",\"position\":1,\"name\":\"Home\",\"item\":\"https:\/\/www.technodompro.com\/\"},{\"@type\":\"ListItem\",\"position\":2,\"name\":\"Products\",\"item\":\"https:\/\/www.technodompro.com\/index.php\/products\/\"},{\"@type\":\"ListItem\",\"position\":3,\"name\":\"Zna\u010dkov\u00fd Sapho PURA z\u00e1v\u011bsn\u00e1 WC m\u00edsa, Swirlflush, 36x50cm, b\u00edl\u00e1 dual-mat 881609\"}]},{\"@type\":\"WebSite\",\"@id\":\"https:\/\/www.technodompro.com\/#website\",\"url\":\"https:\/\/www.technodompro.com\/\",\"name\":\"\",\"description\":\"\",\"potentialAction\":[{\"@type\":\"SearchAction\",\"target\":{\"@type\":\"EntryPoint\",\"urlTemplate\":\"https:\/\/www.technodompro.com\/?s={search_term_string}\"},\"query-input\":{\"@type\":\"PropertyValueSpecification\",\"valueRequired\":true,\"valueName\":\"search_term_string\"}}],\"inLanguage\":\"cs\"}]}<\/script>\n<!-- \/ Yoast SEO plugin. -->","yoast_head_json":{"title":"Zna\u010dkov\u00fd Sapho PURA z\u00e1v\u011bsn\u00e1 WC m\u00edsa, Swirlflush, 36x50cm, b\u00edl\u00e1 dual-mat 881609 -","robots":{"index":"index","follow":"follow","max-snippet":"max-snippet:-1","max-image-preview":"max-image-preview:large","max-video-preview":"max-video-preview:-1"},"canonical":"https:\/\/www.technodompro.com\/index.php\/produkt\/znackovy-sapho-pura-zavesna-wc-misa-swirlflush-36x50cm-bila-dual-mat-881609-59954\/","og_locale":"cs_CZ","og_type":"article","og_title":"Zna\u010dkov\u00fd Sapho PURA z\u00e1v\u011bsn\u00e1 WC m\u00edsa, Swirlflush, 36x50cm, b\u00edl\u00e1 dual-mat 881609 -","og_description":"Detailn\u00ed popis produktu Sanit\u00e1rn\u00ed keramika PURA COLOR S\u00e9rie PURA COLOR se vyzna\u010duje racion\u00e1ln\u00edm designem a stylovou eleganc\u00ed. Konzervativn\u00ed tvary, kter\u00e9 obratn\u011b vyva\u017euj\u00ed rovn\u00e9 linie a m\u011bkk\u00e9 zaoblen\u00ed, jsou v\u00fdsledkem dlouh\u00e9ho procesu navrhov\u00e1n\u00ed a v\u00fdvoje. Nen\u00e1padn\u00e1 \u010distota lini\u00ed dod\u00e1v\u00e1 v\u00fdrobk\u016fm t\u00e9to \u0159ady eleganci a n\u00e1dech luxusu a kultivovanosti, kter\u00fd se hod\u00ed k jednoduch\u00e9mu, ale vkusn\u00e9mu stylu [&hellip;]","og_url":"https:\/\/www.technodompro.com\/index.php\/produkt\/znackovy-sapho-pura-zavesna-wc-misa-swirlflush-36x50cm-bila-dual-mat-881609-59954\/","og_image":[{"width":1000,"height":750,"url":"https:\/\/www.technodompro.com\/wp-content\/uploads\/2026\/SK0014885-CZ20260425-093631-0-1777080994-289704_sapho-pura-zavesna-wc-misa--swirlflush--36x50cm--bil.webp","type":"image\/webp"}],"twitter_card":"summary_large_image","twitter_misc":{"Odhadovan\u00e1 doba \u010dten\u00ed":"3 minuty"},"schema":{"@context":"https:\/\/schema.org","@graph":[{"@type":"WebPage","@id":"https:\/\/www.technodompro.com\/index.php\/produkt\/znackovy-sapho-pura-zavesna-wc-misa-swirlflush-36x50cm-bila-dual-mat-881609-59954\/","url":"https:\/\/www.technodompro.com\/index.php\/produkt\/znackovy-sapho-pura-zavesna-wc-misa-swirlflush-36x50cm-bila-dual-mat-881609-59954\/","name":"Zna\u010dkov\u00fd Sapho PURA z\u00e1v\u011bsn\u00e1 WC m\u00edsa, Swirlflush, 36x50cm, b\u00edl\u00e1 dual-mat 881609 -","isPartOf":{"@id":"https:\/\/www.technodompro.com\/#website"},"primaryImageOfPage":{"@id":"https:\/\/www.technodompro.com\/index.php\/produkt\/znackovy-sapho-pura-zavesna-wc-misa-swirlflush-36x50cm-bila-dual-mat-881609-59954\/#primaryimage"},"image":{"@id":"https:\/\/www.technodompro.com\/index.php\/produkt\/znackovy-sapho-pura-zavesna-wc-misa-swirlflush-36x50cm-bila-dual-mat-881609-59954\/#primaryimage"},"thumbnailUrl":"https:\/\/www.technodompro.com\/wp-content\/uploads\/2026\/SK0014885-CZ20260425-093631-0-1777080994-289704_sapho-pura-zavesna-wc-misa--swirlflush--36x50cm--bil.webp","datePublished":"2026-04-27T04:43:13+00:00","breadcrumb":{"@id":"https:\/\/www.technodompro.com\/index.php\/produkt\/znackovy-sapho-pura-zavesna-wc-misa-swirlflush-36x50cm-bila-dual-mat-881609-59954\/#breadcrumb"},"inLanguage":"cs","potentialAction":[{"@type":"ReadAction","target":["https:\/\/www.technodompro.com\/index.php\/produkt\/znackovy-sapho-pura-zavesna-wc-misa-swirlflush-36x50cm-bila-dual-mat-881609-59954\/"]}]},{"@type":"ImageObject","inLanguage":"cs","@id":"https:\/\/www.technodompro.com\/index.php\/produkt\/znackovy-sapho-pura-zavesna-wc-misa-swirlflush-36x50cm-bila-dual-mat-881609-59954\/#primaryimage","url":"https:\/\/www.technodompro.com\/wp-content\/uploads\/2026\/SK0014885-CZ20260425-093631-0-1777080994-289704_sapho-pura-zavesna-wc-misa--swirlflush--36x50cm--bil.webp","contentUrl":"https:\/\/www.technodompro.com\/wp-content\/uploads\/2026\/SK0014885-CZ20260425-093631-0-1777080994-289704_sapho-pura-zavesna-wc-misa--swirlflush--36x50cm--bil.webp","width":1000,"height":750},{"@type":"BreadcrumbList","@id":"https:\/\/www.technodompro.com\/index.php\/produkt\/znackovy-sapho-pura-zavesna-wc-misa-swirlflush-36x50cm-bila-dual-mat-881609-59954\/#breadcrumb","itemListElement":[{"@type":"ListItem","position":1,"name":"Home","item":"https:\/\/www.technodompro.com\/"},{"@type":"ListItem","position":2,"name":"Products","item":"https:\/\/www.technodompro.com\/index.php\/products\/"},{"@type":"ListItem","position":3,"name":"Zna\u010dkov\u00fd Sapho PURA z\u00e1v\u011bsn\u00e1 WC m\u00edsa, Swirlflush, 36x50cm, b\u00edl\u00e1 dual-mat 881609"}]},{"@type":"WebSite","@id":"https:\/\/www.technodompro.com\/#website","url":"https:\/\/www.technodompro.com\/","name":"","description":"","potentialAction":[{"@type":"SearchAction","target":{"@type":"EntryPoint","urlTemplate":"https:\/\/www.technodompro.com\/?s={search_term_string}"},"query-input":{"@type":"PropertyValueSpecification","valueRequired":true,"valueName":"search_term_string"}}],"inLanguage":"cs"}]}},"_links":{"self":[{"href":"https:\/\/www.technodompro.com\/index.php\/wp-json\/wp\/v2\/product\/59954","targetHints":{"allow":["GET"]}}],"collection":[{"href":"https:\/\/www.technodompro.com\/index.php\/wp-json\/wp\/v2\/product"}],"about":[{"href":"https:\/\/www.technodompro.com\/index.php\/wp-json\/wp\/v2\/types\/product"}],"replies":[{"embeddable":true,"href":"https:\/\/www.technodompro.com\/index.php\/wp-json\/wp\/v2\/comments?post=59954"}],"wp:featuredmedia":[{"embeddable":true,"href":"https:\/\/www.technodompro.com\/index.php\/wp-json\/wp\/v2\/media\/60054"}],"wp:attachment":[{"href":"https:\/\/www.technodompro.com\/index.php\/wp-json\/wp\/v2\/media?parent=59954"}],"wp:term":[{"taxonomy":"product_brand","embeddable":true,"href":"https:\/\/www.technodompro.com\/index.php\/wp-json\/wp\/v2\/product_brand?post=59954"},{"taxonomy":"product_cat","embeddable":true,"href":"https:\/\/www.technodompro.com\/index.php\/wp-json\/wp\/v2\/product_cat?post=59954"},{"taxonomy":"product_tag","embeddable":true,"href":"https:\/\/www.technodompro.com\/index.php\/wp-json\/wp\/v2\/product_tag?post=59954"}],"curies":[{"name":"wp","href":"https:\/\/api.w.org\/{rel}","templated":true}]}}