{"id":6133,"date":"2026-04-27T04:40:42","date_gmt":"2026-04-27T04:40:42","guid":{"rendered":""},"modified":"2026-04-27T04:40:42","modified_gmt":"2026-04-27T04:40:42","slug":"ravak-policka-slim-s-cerna-cerna-cerna-cerna-nejlepsi-cena-6133","status":"publish","type":"product","link":"https:\/\/www.technodompro.com\/index.php\/produkt\/ravak-policka-slim-s-cerna-cerna-cerna-cerna-nejlepsi-cena-6133\/","title":{"rendered":"Ravak Poli\u010dka Slim S, \u010dern\u00e1\/\u010dern\u00e1 \u010dern\u00e1 \/ \u010dern\u00e1 Nejlep\u0161\u00ed Cena"},"content":{"rendered":"<div class=\"detail-description__right\">\n<div class=\"parameters\">\n<div class=\"table table--simple\">\n<table>\n<tbody>\n<tr>\n<td colspan=\"2\">\n<h4>Vlastnosti<\/h4>\n<\/td>\n<\/tr>\n<tr>\n<td>SHAPE<\/td>\n<td>Poli\u010dky<\/td>\n<\/tr>\n<tr>\n<td>Materi\u00e1l<\/td>\n<td>kov<\/td>\n<\/tr>\n<tr>\n<td>Produktov\u00e1 skupina<\/td>\n<td>Poli\u010dka<\/td>\n<\/tr>\n<tr>\n<td>P\u016fvod<\/td>\n<td>Vyrobeno v\u00a0\u010cR<\/td>\n<\/tr>\n<tr>\n<td>Instalace<\/td>\n<td>na st\u011bnu<\/td>\n<\/tr>\n<tr>\n<td>Barva<\/td>\n<td>\u010cern\u00e1 \/ chrom, \u010dern\u00e1 \/ \u010dern\u00e1, sv\u011btle \u0161ed\u00e1 \/ chrom, b\u00edl\u00e1 \/ b\u00edl\u00e1<\/td>\n<\/tr>\n<tr>\n<td colspan=\"2\">\n<h4>Parametry<\/h4>\n<\/td>\n<\/tr>\n<tr>\n<td>Zna\u010dka<\/td>\n<td>Ravak<\/td>\n<\/tr>\n<\/tbody>\n<\/table><\/div>\n<\/div><\/div>\n<div class=\"detail-description__top\">\t\t\t\t<\/div>\n<div class=\"detail-description__left\">\n<div class=\"detail-description__left__overflow\">\n<div class=\"detail-description__left__head\">\t\t\t\t\t\tPopis:\t\t\t\t\t<\/div>\n<div class=\"ul-style ul-style--check\">\n<ul class=\"plusminus\">\n<li><i class=\"fas fa-check\"><\/i><span>Rozmer: 278\u00a0\u00d7\u00a0103\u00a0\u00d7\u00a022 mm<\/span><\/li>\n<li><i class=\"fas fa-check\"><\/i><span>Materi\u00e1l: eloxovan\u00fd hlin\u00edk, chr\u00f3movan\u00e1 mosadz, pr\u00e1\u0161kov\u00e1\u00a0farba<\/span><\/li>\n<li><i class=\"fas fa-check\"><\/i><span>Farebn\u00e9 vyhotovenie: \u010dierna\/chr\u00f3m<\/span><\/li>\n<li><i class=\"fas fa-check\"><\/i><span>Sp\u00f4sob mont\u00e1\u017ee: v\u0155tan\u00edm<\/span><\/li>\n<li><i class=\"fas fa-check\"><\/i><span>Z\u00e1ruka: 5\u00a0rokov<\/span><\/li>\n<\/ul>\n<p>Rovn\u00e1 plocha poli\u010dky je perforovan\u00e1 tak, aby sa voda nedr\u017eala na povrchu,napriek tomu v\u0161ak poskytuje stabilitu umiestnen\u00fdm predmetom. Po stran\u00e1chpoli\u010dky sa nach\u00e1dzaj\u00fa praktick\u00e9 h\u00e1\u010diky na zavesenie \u0161pongie. Uprostredpoli\u010dky je uchyten\u00fd spodn\u00fd h\u00e1\u010dik, ktor\u00fd udr\u017e\u00ed aj \u0165a\u017e\u0161\u00ed predmet akoje napr\u00edklad f\u00e9n. Kombin\u00e1ciou dvoch a viac kusov poli\u010diek docielite efektn\u00fazostavu s\u00a0extra odkladacou plochou. Odpor\u00fa\u010dame kombinova\u0165 s\u00a0rohovoupoli\u010dkou Slim C.Na vonkaj\u0161ie \u010distenie odpor\u00fa\u010dame pou\u017e\u00edva\u0165 pr\u00edpravokRavak Cleaner Chrome. Mont\u00e1\u017e na dve hmo\u017edinky. Rozte\u010d skrutiek je200\u00a0mm.<\/p>\n<p>Zladen\u00fd dizajn s\u00a0bat\u00e9riami<\/p>\n<p>Investovali ste do sprchov\u00e9ho k\u00fata, ktor\u00fd sa v\u00e1m skuto\u010dne p\u00e1\u010di,a\u00a0z\u00a0jeho u\u017e\u00edvania sa pravdepodobne budete te\u0161i\u0165 roky. Neni\u010dte sikone\u010dn\u00fa podobu cel\u00e9ho diela detailmi, ktor\u00e9 by v\u00e1m mohli celkov\u00fd dojemkazi\u0165. Pr\u00edslu\u0161enstvo a doplnky k\u00a0vodovodn\u00fdm bat\u00e9ri\u00e1m sme zladili doposlednej s\u00fa\u010dasti tak, aby dizajnom zodpovedali kolekci\u00e1m bat\u00e9ri\u00ed a tvorilis\u00a0nimi aj s\u00a0ostatn\u00fdm vybaven\u00edm k\u00fape\u013ene logick\u00fd\u00a0celok.<\/p>\n<p>V\u00fdber komponentov<\/p>\n<p>Svoj sprchov\u00fd k\u00fat si pomocou \u0161irokej \u0161k\u00e1ly pr\u00edslu\u0161enstva m\u00f4\u017eeteprisp\u00f4sobi\u0165 tak, aby plnil v\u0161etky va\u0161e priania. M\u00e1te pripraven\u00fd v\u00fdvodvody a\u00a0vodovodn\u00fa bat\u00e9riu? T\u00fdm mo\u017enosti nekon\u010dia. Hlavov\u00e9 a ru\u010dn\u00e9 sprchym\u00f4\u017eu ma\u0165 r\u00f4zne tvary, sprchov\u00e9 hadice\u00a0zase r\u00f4zne materi\u00e1ly i\u00a0d\u013a\u017eky,a\u00a0aby v\u00e1s sprchovanie neob\u0165a\u017eovalo, m\u00f4\u017eete vyu\u017ei\u0165 aj\u00a0dr\u017eiaky sprchy.Pre v\u0161etk\u00fdch, ktor\u00fdch nebav\u00ed v\u00fdber jednotliv\u00fdch komponentov, m\u00e1mesprchov\u00e9 a vanov\u00e9 sety, ktor\u00e9 obsahuj\u00fa v\u0161etko potrebn\u00e9.<\/p>\n<p>100% poctiv\u00e1 v\u00fdroba<\/p>\n<p>Ako v\u00fdrobca k\u00fape\u013e\u0148ov\u00e9ho vybavenia presne vieme, ako vysoko s\u00famateri\u00e1ly v\u00a0k\u00fape\u013eni nam\u00e1han\u00e9. Dodr\u017eiavame preto najvy\u0161\u0161ie \u0161tandardyeur\u00f3pskej kvality a pou\u017e\u00edvame tak\u00e9 komponenty, aby na\u0161e v\u00fdrobky skuto\u010dnevydr\u017eali a v\u00e1m mohli dlho sl\u00fa\u017ei\u0165.<\/p>\n<\/div>\n<div class=\"detail-description__left__more\">\t\t\t\t\t\t<span> <\/span><span> <\/span>\t\t\t\t\t<\/div>\n<\/p><\/div>\n<\/p><\/div>\n<div class=\"detail-description__more\"><span> <\/span><span> <\/span><\/div>\n<\/p><\/div>\n<\/p><\/div>\n<div class=\"tab tab-detail-7\">\n<div class=\"table-size-classic  table-size--selectable\">\n<table>\n<thead>\n<tr>\n<th data-product-code=\"[&quot;K\u00f3d&quot;]\"><span class=\"selected\">Vybr\u00e1no<\/span><span><\/span><\/th>\n<th data-product-code=\"[&quot;X07P575&quot;]\"><span class=\"selected\">Vybr\u00e1no<\/span><span>X07P575<\/span><\/th>\n<th data-product-code=\"[&quot;X07P577&quot;]\"><span class=\"selected\">Vybr\u00e1no<\/span><span>X07P577<\/span><\/th>\n<th data-product-code=\"[&quot;X07P649&quot;]\"><span class=\"selected\">Vybr\u00e1no<\/span><span>X07P649<\/span><\/th>\n<th data-product-code=\"[&quot;X07P651&quot;]\"><span class=\"selected\">Vybr\u00e1no<\/span><span>X07P651<\/span><\/th>\n<\/tr>\n<\/thead>\n<tbody>\n<tr class=\"space\">\n<td><\/td>\n<td><\/td>\n<td><\/td>\n<td><\/td>\n<td><\/td>\n<\/tr>\n<tr>\n<td><strong>SHAPE<\/strong><\/td>\n<td>Poli\u010dky<\/td>\n<td>Poli\u010dky<\/td>\n<td>Poli\u010dky<\/td>\n<td>Poli\u010dky<\/td>\n<\/tr>\n<tr>\n<td><strong>Materi\u00e1l<\/strong><\/td>\n<td>kov<\/td>\n<td>kov<\/td>\n<td>kov<\/td>\n<td>kov<\/td>\n<\/tr>\n<tr>\n<td><strong>Produktov\u00e1 skupina<\/strong><\/td>\n<td>Poli\u010dka<\/td>\n<td>Poli\u010dka<\/td>\n<td>Poli\u010dka<\/td>\n<td>Poli\u010dka<\/td>\n<\/tr>\n<tr>\n<td><strong>P\u016fvod<\/strong><\/td>\n<td>Vyrobeno v \u010cR<\/td>\n<td>Vyrobeno v \u010cR<\/td>\n<td>Vyrobeno v \u010cR<\/td>\n<td>Vyrobeno v \u010cR<\/td>\n<\/tr>\n<tr>\n<td><strong>OVERFLOW_HEIGHT<\/strong><\/td>\n<td>0<\/td>\n<td>0<\/td>\n<td>0<\/td>\n<td>0<\/td>\n<\/tr>\n<tr>\n<td><strong>WASTE_DIAMETER<\/strong><\/td>\n<td>0<\/td>\n<td>0<\/td>\n<td>0<\/td>\n<td>0<\/td>\n<\/tr>\n<tr>\n<td><strong>NUMBER_OF_ELEMENTS<\/strong><\/td>\n<td>0<\/td>\n<td>0<\/td>\n<td>0<\/td>\n<td>0<\/td>\n<\/tr>\n<tr>\n<td><strong>Instalace<\/strong><\/td>\n<td>na st\u011bnu<\/td>\n<td>na st\u011bnu<\/td>\n<td>na st\u011bnu<\/td>\n<td>na st\u011bnu<\/td>\n<\/tr>\n<tr>\n<td><strong>CONSTRUCTION_HEIGHT<\/strong><\/td>\n<td>0<\/td>\n<td>0<\/td>\n<td>0<\/td>\n<td>0<\/td>\n<\/tr>\n<tr>\n<td><strong>ODOR_BARRIER_HEIGHT<\/strong><\/td>\n<td>0<\/td>\n<td>0<\/td>\n<td>0<\/td>\n<td>0<\/td>\n<\/tr>\n<tr>\n<td><strong>Barva<\/strong><\/td>\n<td>\u010cern\u00e1 \/ chrom<\/td>\n<td>sv\u011btle \u0161ed\u00e1 \/ chrom<\/td>\n<td>\u010dern\u00e1 \/ \u010dern\u00e1<\/td>\n<td>b\u00edl\u00e1 \/ b\u00edl\u00e1<\/td>\n<\/tr>\n<\/tbody>\n<\/table>\n<\/div><\/div>\n","protected":false},"excerpt":{"rendered":"<p>Vlastnosti SHAPE Poli\u010dky Materi\u00e1l kov Produktov\u00e1 skupina Poli\u010dka P\u016fvod Vyrobeno v\u00a0\u010cR Instalace na st\u011bnu Barva \u010cern\u00e1 \/ chrom, \u010dern\u00e1 \/ \u010dern\u00e1, sv\u011btle \u0161ed\u00e1 \/ chrom, b\u00edl\u00e1 \/ b\u00edl\u00e1 Parametry Zna\u010dka Ravak Popis: Rozmer: 278\u00a0\u00d7\u00a0103\u00a0\u00d7\u00a022 mm Materi\u00e1l: eloxovan\u00fd hlin\u00edk, chr\u00f3movan\u00e1 mosadz, pr\u00e1\u0161kov\u00e1\u00a0farba Farebn\u00e9 vyhotovenie: \u010dierna\/chr\u00f3m Sp\u00f4sob mont\u00e1\u017ee: v\u0155tan\u00edm Z\u00e1ruka: 5\u00a0rokov Rovn\u00e1 plocha poli\u010dky je perforovan\u00e1 tak, [&hellip;]<\/p>\n","protected":false},"featured_media":6233,"comment_status":"open","ping_status":"open","template":"","meta":[],"product_brand":[],"product_cat":[38],"product_tag":[],"class_list":{"0":"post-6133","1":"product","2":"type-product","3":"status-publish","4":"has-post-thumbnail","6":"product_cat-bydleni","8":"first","9":"instock","10":"sale","11":"shipping-taxable","12":"purchasable","13":"product-type-simple"},"yoast_head":"<!-- This site is optimized with the Yoast SEO plugin v26.8 - https:\/\/yoast.com\/product\/yoast-seo-wordpress\/ -->\n<title>Ravak Poli\u010dka Slim S, \u010dern\u00e1\/\u010dern\u00e1 \u010dern\u00e1 \/ \u010dern\u00e1 Nejlep\u0161\u00ed Cena -<\/title>\n<meta name=\"robots\" content=\"index, follow, max-snippet:-1, max-image-preview:large, max-video-preview:-1\" \/>\n<link rel=\"canonical\" href=\"https:\/\/www.technodompro.com\/index.php\/produkt\/ravak-policka-slim-s-cerna-cerna-cerna-cerna-nejlepsi-cena-6133\/\" \/>\n<meta property=\"og:locale\" content=\"cs_CZ\" \/>\n<meta property=\"og:type\" content=\"article\" \/>\n<meta property=\"og:title\" content=\"Ravak Poli\u010dka Slim S, \u010dern\u00e1\/\u010dern\u00e1 \u010dern\u00e1 \/ \u010dern\u00e1 Nejlep\u0161\u00ed Cena -\" \/>\n<meta property=\"og:description\" content=\"Vlastnosti SHAPE Poli\u010dky Materi\u00e1l kov Produktov\u00e1 skupina Poli\u010dka P\u016fvod Vyrobeno v\u00a0\u010cR Instalace na st\u011bnu Barva \u010cern\u00e1 \/ chrom, \u010dern\u00e1 \/ \u010dern\u00e1, sv\u011btle \u0161ed\u00e1 \/ chrom, b\u00edl\u00e1 \/ b\u00edl\u00e1 Parametry Zna\u010dka Ravak Popis: Rozmer: 278\u00a0\u00d7\u00a0103\u00a0\u00d7\u00a022 mm Materi\u00e1l: eloxovan\u00fd hlin\u00edk, chr\u00f3movan\u00e1 mosadz, pr\u00e1\u0161kov\u00e1\u00a0farba Farebn\u00e9 vyhotovenie: \u010dierna\/chr\u00f3m Sp\u00f4sob mont\u00e1\u017ee: v\u0155tan\u00edm Z\u00e1ruka: 5\u00a0rokov Rovn\u00e1 plocha poli\u010dky je perforovan\u00e1 tak, [&hellip;]\" \/>\n<meta property=\"og:url\" content=\"https:\/\/www.technodompro.com\/index.php\/produkt\/ravak-policka-slim-s-cerna-cerna-cerna-cerna-nejlepsi-cena-6133\/\" \/>\n<meta property=\"og:image\" content=\"https:\/\/www.technodompro.com\/wp-content\/uploads\/2026\/SK0018852-CZ20260425-091936-0-1777079982-ravak-policka-slim-s-cerna-cerna-cerna-cerna-w1200-h628-f8-.webp\" \/>\n\t<meta property=\"og:image:width\" content=\"1000\" \/>\n\t<meta property=\"og:image:height\" content=\"523\" \/>\n\t<meta property=\"og:image:type\" content=\"image\/webp\" \/>\n<meta name=\"twitter:card\" content=\"summary_large_image\" \/>\n<meta name=\"twitter:label1\" content=\"Odhadovan\u00e1 doba \u010dten\u00ed\" \/>\n\t<meta name=\"twitter:data1\" content=\"2 minuty\" \/>\n<script type=\"application\/ld+json\" class=\"yoast-schema-graph\">{\"@context\":\"https:\/\/schema.org\",\"@graph\":[{\"@type\":\"WebPage\",\"@id\":\"https:\/\/www.technodompro.com\/index.php\/produkt\/ravak-policka-slim-s-cerna-cerna-cerna-cerna-nejlepsi-cena-6133\/\",\"url\":\"https:\/\/www.technodompro.com\/index.php\/produkt\/ravak-policka-slim-s-cerna-cerna-cerna-cerna-nejlepsi-cena-6133\/\",\"name\":\"Ravak Poli\u010dka Slim S, \u010dern\u00e1\/\u010dern\u00e1 \u010dern\u00e1 \/ \u010dern\u00e1 Nejlep\u0161\u00ed Cena -\",\"isPartOf\":{\"@id\":\"https:\/\/www.technodompro.com\/#website\"},\"primaryImageOfPage\":{\"@id\":\"https:\/\/www.technodompro.com\/index.php\/produkt\/ravak-policka-slim-s-cerna-cerna-cerna-cerna-nejlepsi-cena-6133\/#primaryimage\"},\"image\":{\"@id\":\"https:\/\/www.technodompro.com\/index.php\/produkt\/ravak-policka-slim-s-cerna-cerna-cerna-cerna-nejlepsi-cena-6133\/#primaryimage\"},\"thumbnailUrl\":\"https:\/\/www.technodompro.com\/wp-content\/uploads\/2026\/SK0018852-CZ20260425-091936-0-1777079982-ravak-policka-slim-s-cerna-cerna-cerna-cerna-w1200-h628-f8-.webp\",\"datePublished\":\"2026-04-27T04:40:42+00:00\",\"breadcrumb\":{\"@id\":\"https:\/\/www.technodompro.com\/index.php\/produkt\/ravak-policka-slim-s-cerna-cerna-cerna-cerna-nejlepsi-cena-6133\/#breadcrumb\"},\"inLanguage\":\"cs\",\"potentialAction\":[{\"@type\":\"ReadAction\",\"target\":[\"https:\/\/www.technodompro.com\/index.php\/produkt\/ravak-policka-slim-s-cerna-cerna-cerna-cerna-nejlepsi-cena-6133\/\"]}]},{\"@type\":\"ImageObject\",\"inLanguage\":\"cs\",\"@id\":\"https:\/\/www.technodompro.com\/index.php\/produkt\/ravak-policka-slim-s-cerna-cerna-cerna-cerna-nejlepsi-cena-6133\/#primaryimage\",\"url\":\"https:\/\/www.technodompro.com\/wp-content\/uploads\/2026\/SK0018852-CZ20260425-091936-0-1777079982-ravak-policka-slim-s-cerna-cerna-cerna-cerna-w1200-h628-f8-.webp\",\"contentUrl\":\"https:\/\/www.technodompro.com\/wp-content\/uploads\/2026\/SK0018852-CZ20260425-091936-0-1777079982-ravak-policka-slim-s-cerna-cerna-cerna-cerna-w1200-h628-f8-.webp\",\"width\":1000,\"height\":523},{\"@type\":\"BreadcrumbList\",\"@id\":\"https:\/\/www.technodompro.com\/index.php\/produkt\/ravak-policka-slim-s-cerna-cerna-cerna-cerna-nejlepsi-cena-6133\/#breadcrumb\",\"itemListElement\":[{\"@type\":\"ListItem\",\"position\":1,\"name\":\"Home\",\"item\":\"https:\/\/www.technodompro.com\/\"},{\"@type\":\"ListItem\",\"position\":2,\"name\":\"Products\",\"item\":\"https:\/\/www.technodompro.com\/index.php\/products\/\"},{\"@type\":\"ListItem\",\"position\":3,\"name\":\"Ravak Poli\u010dka Slim S, \u010dern\u00e1\/\u010dern\u00e1 \u010dern\u00e1 \/ \u010dern\u00e1 Nejlep\u0161\u00ed Cena\"}]},{\"@type\":\"WebSite\",\"@id\":\"https:\/\/www.technodompro.com\/#website\",\"url\":\"https:\/\/www.technodompro.com\/\",\"name\":\"\",\"description\":\"\",\"potentialAction\":[{\"@type\":\"SearchAction\",\"target\":{\"@type\":\"EntryPoint\",\"urlTemplate\":\"https:\/\/www.technodompro.com\/?s={search_term_string}\"},\"query-input\":{\"@type\":\"PropertyValueSpecification\",\"valueRequired\":true,\"valueName\":\"search_term_string\"}}],\"inLanguage\":\"cs\"}]}<\/script>\n<!-- \/ Yoast SEO plugin. -->","yoast_head_json":{"title":"Ravak Poli\u010dka Slim S, \u010dern\u00e1\/\u010dern\u00e1 \u010dern\u00e1 \/ \u010dern\u00e1 Nejlep\u0161\u00ed Cena -","robots":{"index":"index","follow":"follow","max-snippet":"max-snippet:-1","max-image-preview":"max-image-preview:large","max-video-preview":"max-video-preview:-1"},"canonical":"https:\/\/www.technodompro.com\/index.php\/produkt\/ravak-policka-slim-s-cerna-cerna-cerna-cerna-nejlepsi-cena-6133\/","og_locale":"cs_CZ","og_type":"article","og_title":"Ravak Poli\u010dka Slim S, \u010dern\u00e1\/\u010dern\u00e1 \u010dern\u00e1 \/ \u010dern\u00e1 Nejlep\u0161\u00ed Cena -","og_description":"Vlastnosti SHAPE Poli\u010dky Materi\u00e1l kov Produktov\u00e1 skupina Poli\u010dka P\u016fvod Vyrobeno v\u00a0\u010cR Instalace na st\u011bnu Barva \u010cern\u00e1 \/ chrom, \u010dern\u00e1 \/ \u010dern\u00e1, sv\u011btle \u0161ed\u00e1 \/ chrom, b\u00edl\u00e1 \/ b\u00edl\u00e1 Parametry Zna\u010dka Ravak Popis: Rozmer: 278\u00a0\u00d7\u00a0103\u00a0\u00d7\u00a022 mm Materi\u00e1l: eloxovan\u00fd hlin\u00edk, chr\u00f3movan\u00e1 mosadz, pr\u00e1\u0161kov\u00e1\u00a0farba Farebn\u00e9 vyhotovenie: \u010dierna\/chr\u00f3m Sp\u00f4sob mont\u00e1\u017ee: v\u0155tan\u00edm Z\u00e1ruka: 5\u00a0rokov Rovn\u00e1 plocha poli\u010dky je perforovan\u00e1 tak, [&hellip;]","og_url":"https:\/\/www.technodompro.com\/index.php\/produkt\/ravak-policka-slim-s-cerna-cerna-cerna-cerna-nejlepsi-cena-6133\/","og_image":[{"width":1000,"height":523,"url":"https:\/\/www.technodompro.com\/wp-content\/uploads\/2026\/SK0018852-CZ20260425-091936-0-1777079982-ravak-policka-slim-s-cerna-cerna-cerna-cerna-w1200-h628-f8-.webp","type":"image\/webp"}],"twitter_card":"summary_large_image","twitter_misc":{"Odhadovan\u00e1 doba \u010dten\u00ed":"2 minuty"},"schema":{"@context":"https:\/\/schema.org","@graph":[{"@type":"WebPage","@id":"https:\/\/www.technodompro.com\/index.php\/produkt\/ravak-policka-slim-s-cerna-cerna-cerna-cerna-nejlepsi-cena-6133\/","url":"https:\/\/www.technodompro.com\/index.php\/produkt\/ravak-policka-slim-s-cerna-cerna-cerna-cerna-nejlepsi-cena-6133\/","name":"Ravak Poli\u010dka Slim S, \u010dern\u00e1\/\u010dern\u00e1 \u010dern\u00e1 \/ \u010dern\u00e1 Nejlep\u0161\u00ed Cena -","isPartOf":{"@id":"https:\/\/www.technodompro.com\/#website"},"primaryImageOfPage":{"@id":"https:\/\/www.technodompro.com\/index.php\/produkt\/ravak-policka-slim-s-cerna-cerna-cerna-cerna-nejlepsi-cena-6133\/#primaryimage"},"image":{"@id":"https:\/\/www.technodompro.com\/index.php\/produkt\/ravak-policka-slim-s-cerna-cerna-cerna-cerna-nejlepsi-cena-6133\/#primaryimage"},"thumbnailUrl":"https:\/\/www.technodompro.com\/wp-content\/uploads\/2026\/SK0018852-CZ20260425-091936-0-1777079982-ravak-policka-slim-s-cerna-cerna-cerna-cerna-w1200-h628-f8-.webp","datePublished":"2026-04-27T04:40:42+00:00","breadcrumb":{"@id":"https:\/\/www.technodompro.com\/index.php\/produkt\/ravak-policka-slim-s-cerna-cerna-cerna-cerna-nejlepsi-cena-6133\/#breadcrumb"},"inLanguage":"cs","potentialAction":[{"@type":"ReadAction","target":["https:\/\/www.technodompro.com\/index.php\/produkt\/ravak-policka-slim-s-cerna-cerna-cerna-cerna-nejlepsi-cena-6133\/"]}]},{"@type":"ImageObject","inLanguage":"cs","@id":"https:\/\/www.technodompro.com\/index.php\/produkt\/ravak-policka-slim-s-cerna-cerna-cerna-cerna-nejlepsi-cena-6133\/#primaryimage","url":"https:\/\/www.technodompro.com\/wp-content\/uploads\/2026\/SK0018852-CZ20260425-091936-0-1777079982-ravak-policka-slim-s-cerna-cerna-cerna-cerna-w1200-h628-f8-.webp","contentUrl":"https:\/\/www.technodompro.com\/wp-content\/uploads\/2026\/SK0018852-CZ20260425-091936-0-1777079982-ravak-policka-slim-s-cerna-cerna-cerna-cerna-w1200-h628-f8-.webp","width":1000,"height":523},{"@type":"BreadcrumbList","@id":"https:\/\/www.technodompro.com\/index.php\/produkt\/ravak-policka-slim-s-cerna-cerna-cerna-cerna-nejlepsi-cena-6133\/#breadcrumb","itemListElement":[{"@type":"ListItem","position":1,"name":"Home","item":"https:\/\/www.technodompro.com\/"},{"@type":"ListItem","position":2,"name":"Products","item":"https:\/\/www.technodompro.com\/index.php\/products\/"},{"@type":"ListItem","position":3,"name":"Ravak Poli\u010dka Slim S, \u010dern\u00e1\/\u010dern\u00e1 \u010dern\u00e1 \/ \u010dern\u00e1 Nejlep\u0161\u00ed Cena"}]},{"@type":"WebSite","@id":"https:\/\/www.technodompro.com\/#website","url":"https:\/\/www.technodompro.com\/","name":"","description":"","potentialAction":[{"@type":"SearchAction","target":{"@type":"EntryPoint","urlTemplate":"https:\/\/www.technodompro.com\/?s={search_term_string}"},"query-input":{"@type":"PropertyValueSpecification","valueRequired":true,"valueName":"search_term_string"}}],"inLanguage":"cs"}]}},"_links":{"self":[{"href":"https:\/\/www.technodompro.com\/index.php\/wp-json\/wp\/v2\/product\/6133","targetHints":{"allow":["GET"]}}],"collection":[{"href":"https:\/\/www.technodompro.com\/index.php\/wp-json\/wp\/v2\/product"}],"about":[{"href":"https:\/\/www.technodompro.com\/index.php\/wp-json\/wp\/v2\/types\/product"}],"replies":[{"embeddable":true,"href":"https:\/\/www.technodompro.com\/index.php\/wp-json\/wp\/v2\/comments?post=6133"}],"wp:featuredmedia":[{"embeddable":true,"href":"https:\/\/www.technodompro.com\/index.php\/wp-json\/wp\/v2\/media\/6233"}],"wp:attachment":[{"href":"https:\/\/www.technodompro.com\/index.php\/wp-json\/wp\/v2\/media?parent=6133"}],"wp:term":[{"taxonomy":"product_brand","embeddable":true,"href":"https:\/\/www.technodompro.com\/index.php\/wp-json\/wp\/v2\/product_brand?post=6133"},{"taxonomy":"product_cat","embeddable":true,"href":"https:\/\/www.technodompro.com\/index.php\/wp-json\/wp\/v2\/product_cat?post=6133"},{"taxonomy":"product_tag","embeddable":true,"href":"https:\/\/www.technodompro.com\/index.php\/wp-json\/wp\/v2\/product_tag?post=6133"}],"curies":[{"name":"wp","href":"https:\/\/api.w.org\/{rel}","templated":true}]}}