{"id":6141,"date":"2026-04-27T04:40:42","date_gmt":"2026-04-27T04:40:42","guid":{"rendered":""},"modified":"2026-04-27T04:40:42","modified_gmt":"2026-04-27T04:40:42","slug":"ravak-sd-clear-ii-80-skrinka-pod-umyvadlo-bila-originalni-6141","status":"publish","type":"product","link":"https:\/\/www.technodompro.com\/index.php\/produkt\/ravak-sd-clear-ii-80-skrinka-pod-umyvadlo-bila-originalni-6141\/","title":{"rendered":"Ravak SD Clear II 80 sk\u0159\u00ed\u0148ka pod umyvadlo b\u00edl\u00e1 Origin\u00e1ln\u00ed"},"content":{"rendered":"<div class=\"detail-description__right\">\n<div class=\"parameters\">\n<div class=\"table table--simple\">\n<table>\n<tbody>\n<tr>\n<td colspan=\"2\">\n<h4>Vlastnosti<\/h4>\n<\/td>\n<\/tr>\n<tr>\n<td>SHAPE<\/td>\n<td>Sk\u0159\u00ed\u0148ky pod umyvadlo<\/td>\n<\/tr>\n<tr>\n<td>Materi\u00e1l<\/td>\n<td>d\u0159evo<\/td>\n<\/tr>\n<tr>\n<td>Produktov\u00e1 skupina<\/td>\n<td>Sk\u0159\u00ed\u0148ka pod umyvadlo<\/td>\n<\/tr>\n<tr>\n<td>P\u016fvod<\/td>\n<td>Vyrobeno v\u00a0\u010cR<\/td>\n<\/tr>\n<tr>\n<td>Povrchov\u00e1 \u00faprava<\/td>\n<td>lak<\/td>\n<\/tr>\n<tr>\n<td>Barva<\/td>\n<td>b\u00edl\u00e1<\/td>\n<\/tr>\n<tr>\n<td colspan=\"2\">\n<h4>Parametry<\/h4>\n<\/td>\n<\/tr>\n<tr>\n<td>Zna\u010dka<\/td>\n<td>Ravak<\/td>\n<\/tr>\n<\/tbody>\n<\/table><\/div>\n<\/div><\/div>\n<div class=\"detail-description__top\">\t\t\t\t<\/div>\n<div class=\"detail-description__left\">\n<div class=\"detail-description__left__overflow\">\n<div class=\"detail-description__left__head\">\t\t\t\t\t\tPopis:\t\t\t\t\t<\/div>\n<div class=\"ul-style ul-style--check\">\n<ul class=\"plusminus\">\n<li><i class=\"fas fa-check\"><\/i><span>Rozmer (\u0161xhxv): 80\u00a0\u00d7\u00a038\u00a0\u00d7\u00a040 cm<\/span><\/li>\n<li><i class=\"fas fa-check\"><\/i><span>Materi\u00e1l: impregnovan\u00e1 doska MFPB a MDF<\/span><\/li>\n<li><i class=\"fas fa-check\"><\/i><span>Farebn\u00e9 vyhotovenie korpusu: biela lesk<\/span><\/li>\n<li><i class=\"fas fa-check\"><\/i><span>Farebn\u00e9 vyhotovenie z\u00e1suvky: biela lesk, madlo leskl\u00fd\u00a0chr\u00f3m<\/span><\/li>\n<\/ul>\n<p>Skrinka pod um\u00fdvadlo SD 80\u00a0Clear II je ur\u010den\u00e1 pod um\u00fdvadlo Clear 80.\u00a0Jevybaven\u00e1 vysokou z\u00e1suvkou so syst\u00e9mom automatick\u00e9ho dovretia s\u00a0pomal\u00fdmdojazdom. Madlo je v\u00a0d\u013a\u017eke 100\u00a0mm. Dod\u00e1van\u00e9 v\u00a0zmontovanom stave. Skrinkaje montovan\u00e1 na stenu. Pre kompaktn\u00fd celok a dizajnov\u00fd s\u00falad k\u00fape\u013eneodpor\u00fa\u010dame skrinku pod um\u00fdvadlo SD 80\u00a0Clear II kombinova\u0165 s\u00a0ostatn\u00fdmiv\u00fdrobkami rady Clear II a \u010fal\u0161\u00edmi v\u00fdrobkami\u00a0Ravak.<\/p>\n<p>Dostatok priestoru<\/p>\n<p>Um\u00fdvadlov\u00e1 skrinka v\u00a0z\u00e1suvke schov\u00e1 v\u0161etko, \u010do nem\u00e1 by\u0165 na o\u010diach.Do vysokej skrinky ulo\u017e\u00edte \u010doko\u013evek, \u010do chcete ma\u0165 v\u00a0k\u00fape\u013enipo\u00a0ruke.<\/p>\n<p>Sta\u010d\u00ed zatiahnu\u0165<\/p>\n<p>Z\u00e1suvku a dvierka skriniek zdob\u00ed tenk\u00e9 pozd\u013a\u017ene madlo.<\/p>\n<p>Otvor\u00ed sa \u013eahko. Zatvor\u00ed potichu<\/p>\n<p>Nech v\u00e1s v\u00a0k\u00fape\u013eni ni\u010d neru\u0161\u00ed, vybavili sme dvierka vysok\u00fdch skriniektlmi\u010dmi dovierania a z\u00e1suvku syst\u00e9mom automatick\u00e9ho dovretia s\u00a0pomal\u00fdmdojazdom.<\/p>\n<p>Dod\u00e1vame zmontovan\u00e9<\/p>\n<p>N\u00e1bytok nemus\u00edte zd\u013ahavo zostavova\u0165. Doru\u010d\u00edme v\u00e1m ho v\u00a0zmontovanomstave, kedy jeho hrany bud\u00fa presne l\u00edcova\u0165.<\/p>\n<p>100% odolnos\u0165<\/p>\n<p>K\u00fape\u013e\u0148ov\u00fd n\u00e1bytok o\u0161etrujeme \u0161peci\u00e1lnou h\u013abkovou impregn\u00e1ciou protivlhkosti. Preto sa hod\u00ed aj do extr\u00e9mne vlhk\u00e9ho prostredia v\u00a0k\u00fape\u013eni.Povrchov\u00e1 \u00faprava skriniek je v\u00a0bielej farbe s\u00a0vysok\u00fdm leskom. N\u00e1bytok jetie\u017e odoln\u00fd proti UV \u017eiareniu aj po\u0161kriabaniu.<\/p>\n<p>5\u00a0rokov z\u00e1ruka<\/p>\n<p>Za kvalitou na\u0161ich v\u00fdrobkov si stoj\u00edme. Preto k\u00a0n\u00e1bytku z\u00edskatepred\u013a\u017een\u00fa p\u00e4\u0165ro\u010dn\u00fa z\u00e1ruku.<\/p>\n<\/div>\n<div class=\"detail-description__left__more\">\t\t\t\t\t\t<span> <\/span><span> <\/span>\t\t\t\t\t<\/div>\n<\/p><\/div>\n<\/p><\/div>\n<div class=\"detail-description__more\"><span> <\/span><span> <\/span><\/div>\n<\/p><\/div>\n<\/p><\/div>\n<div class=\"tab tab-detail-7\">\n<div class=\"table-size-classic  table-size--selectable\">\n<table>\n<thead>\n<tr>\n<th data-product-code=\"[&quot;K\u00f3d&quot;]\"><span class=\"selected\">Vybr\u00e1no<\/span><span><\/span><\/th>\n<th data-product-code=\"[&quot;X000001642&quot;]\"><span class=\"selected\">Vybr\u00e1no<\/span><span>X000001642<\/span><\/th>\n<th data-product-code=\"[&quot;X000001643&quot;]\"><span class=\"selected\">Vybr\u00e1no<\/span><span>X000001643<\/span><\/th>\n<\/tr>\n<\/thead>\n<tbody>\n<tr class=\"space\">\n<td><\/td>\n<td><\/td>\n<td><\/td>\n<\/tr>\n<tr>\n<td><strong>SHAPE<\/strong><\/td>\n<td>Sk\u0159\u00ed\u0148ky pod umyvadlo<\/td>\n<td>Sk\u0159\u00ed\u0148ky pod umyvadlo<\/td>\n<\/tr>\n<tr>\n<td><strong>Materi\u00e1l<\/strong><\/td>\n<td>d\u0159evo<\/td>\n<td>d\u0159evo<\/td>\n<\/tr>\n<tr>\n<td><strong>Produktov\u00e1 skupina<\/strong><\/td>\n<td>Sk\u0159\u00ed\u0148ka pod umyvadlo<\/td>\n<td>Sk\u0159\u00ed\u0148ka pod umyvadlo<\/td>\n<\/tr>\n<tr>\n<td><strong>P\u016fvod<\/strong><\/td>\n<td>Vyrobeno v \u010cR<\/td>\n<td>Vyrobeno v \u010cR<\/td>\n<\/tr>\n<tr>\n<td><strong>OVERFLOW_HEIGHT<\/strong><\/td>\n<td>0<\/td>\n<td>0<\/td>\n<\/tr>\n<tr>\n<td><strong>WASTE_DIAMETER<\/strong><\/td>\n<td>0<\/td>\n<td>0<\/td>\n<\/tr>\n<tr>\n<td><strong>NUMBER_OF_ELEMENTS<\/strong><\/td>\n<td>0<\/td>\n<td>0<\/td>\n<\/tr>\n<tr>\n<td><strong>CONSTRUCTION_HEIGHT<\/strong><\/td>\n<td>0<\/td>\n<td>0<\/td>\n<\/tr>\n<tr>\n<td><strong>ODOR_BARRIER_HEIGHT<\/strong><\/td>\n<td>0<\/td>\n<td>0<\/td>\n<\/tr>\n<tr>\n<td><strong>Povrchov\u00e1 \u00faprava<\/strong><\/td>\n<td>lak<\/td>\n<td>lak<\/td>\n<\/tr>\n<tr>\n<td><strong>Barva<\/strong><\/td>\n<td>b\u00edl\u00e1<\/td>\n<td>b\u00edl\u00e1<\/td>\n<\/tr>\n<\/tbody>\n<\/table>\n<\/div><\/div>\n","protected":false},"excerpt":{"rendered":"<p>Vlastnosti SHAPE Sk\u0159\u00ed\u0148ky pod umyvadlo Materi\u00e1l d\u0159evo Produktov\u00e1 skupina Sk\u0159\u00ed\u0148ka pod umyvadlo P\u016fvod Vyrobeno v\u00a0\u010cR Povrchov\u00e1 \u00faprava lak Barva b\u00edl\u00e1 Parametry Zna\u010dka Ravak Popis: Rozmer (\u0161xhxv): 80\u00a0\u00d7\u00a038\u00a0\u00d7\u00a040 cm Materi\u00e1l: impregnovan\u00e1 doska MFPB a MDF Farebn\u00e9 vyhotovenie korpusu: biela lesk Farebn\u00e9 vyhotovenie z\u00e1suvky: biela lesk, madlo leskl\u00fd\u00a0chr\u00f3m Skrinka pod um\u00fdvadlo SD 80\u00a0Clear II je ur\u010den\u00e1 pod [&hellip;]<\/p>\n","protected":false},"featured_media":6241,"comment_status":"open","ping_status":"open","template":"","meta":[],"product_brand":[],"product_cat":[38],"product_tag":[],"class_list":{"0":"post-6141","1":"product","2":"type-product","3":"status-publish","4":"has-post-thumbnail","6":"product_cat-bydleni","8":"first","9":"instock","10":"sale","11":"shipping-taxable","12":"purchasable","13":"product-type-simple"},"yoast_head":"<!-- This site is optimized with the Yoast SEO plugin v26.8 - https:\/\/yoast.com\/product\/yoast-seo-wordpress\/ -->\n<title>Ravak SD Clear II 80 sk\u0159\u00ed\u0148ka pod umyvadlo b\u00edl\u00e1 Origin\u00e1ln\u00ed -<\/title>\n<meta name=\"robots\" content=\"index, follow, max-snippet:-1, max-image-preview:large, max-video-preview:-1\" \/>\n<link rel=\"canonical\" href=\"https:\/\/www.technodompro.com\/index.php\/produkt\/ravak-sd-clear-ii-80-skrinka-pod-umyvadlo-bila-originalni-6141\/\" \/>\n<meta property=\"og:locale\" content=\"cs_CZ\" \/>\n<meta property=\"og:type\" content=\"article\" \/>\n<meta property=\"og:title\" content=\"Ravak SD Clear II 80 sk\u0159\u00ed\u0148ka pod umyvadlo b\u00edl\u00e1 Origin\u00e1ln\u00ed -\" \/>\n<meta property=\"og:description\" content=\"Vlastnosti SHAPE Sk\u0159\u00ed\u0148ky pod umyvadlo Materi\u00e1l d\u0159evo Produktov\u00e1 skupina Sk\u0159\u00ed\u0148ka pod umyvadlo P\u016fvod Vyrobeno v\u00a0\u010cR Povrchov\u00e1 \u00faprava lak Barva b\u00edl\u00e1 Parametry Zna\u010dka Ravak Popis: Rozmer (\u0161xhxv): 80\u00a0\u00d7\u00a038\u00a0\u00d7\u00a040 cm Materi\u00e1l: impregnovan\u00e1 doska MFPB a MDF Farebn\u00e9 vyhotovenie korpusu: biela lesk Farebn\u00e9 vyhotovenie z\u00e1suvky: biela lesk, madlo leskl\u00fd\u00a0chr\u00f3m Skrinka pod um\u00fdvadlo SD 80\u00a0Clear II je ur\u010den\u00e1 pod [&hellip;]\" \/>\n<meta property=\"og:url\" content=\"https:\/\/www.technodompro.com\/index.php\/produkt\/ravak-sd-clear-ii-80-skrinka-pod-umyvadlo-bila-originalni-6141\/\" \/>\n<meta property=\"og:image\" content=\"https:\/\/www.technodompro.com\/wp-content\/uploads\/2026\/SK0018860-CZ20260425-091936-0-1777079982-ravak-sd-clear-ii-80-biela-w1200-h628-f8-fa8737fd4423906dbb.webp\" \/>\n\t<meta property=\"og:image:width\" content=\"1000\" \/>\n\t<meta property=\"og:image:height\" content=\"523\" \/>\n\t<meta property=\"og:image:type\" content=\"image\/webp\" \/>\n<meta name=\"twitter:card\" content=\"summary_large_image\" \/>\n<meta name=\"twitter:label1\" content=\"Odhadovan\u00e1 doba \u010dten\u00ed\" \/>\n\t<meta name=\"twitter:data1\" content=\"2 minuty\" \/>\n<script type=\"application\/ld+json\" class=\"yoast-schema-graph\">{\"@context\":\"https:\/\/schema.org\",\"@graph\":[{\"@type\":\"WebPage\",\"@id\":\"https:\/\/www.technodompro.com\/index.php\/produkt\/ravak-sd-clear-ii-80-skrinka-pod-umyvadlo-bila-originalni-6141\/\",\"url\":\"https:\/\/www.technodompro.com\/index.php\/produkt\/ravak-sd-clear-ii-80-skrinka-pod-umyvadlo-bila-originalni-6141\/\",\"name\":\"Ravak SD Clear II 80 sk\u0159\u00ed\u0148ka pod umyvadlo b\u00edl\u00e1 Origin\u00e1ln\u00ed -\",\"isPartOf\":{\"@id\":\"https:\/\/www.technodompro.com\/#website\"},\"primaryImageOfPage\":{\"@id\":\"https:\/\/www.technodompro.com\/index.php\/produkt\/ravak-sd-clear-ii-80-skrinka-pod-umyvadlo-bila-originalni-6141\/#primaryimage\"},\"image\":{\"@id\":\"https:\/\/www.technodompro.com\/index.php\/produkt\/ravak-sd-clear-ii-80-skrinka-pod-umyvadlo-bila-originalni-6141\/#primaryimage\"},\"thumbnailUrl\":\"https:\/\/www.technodompro.com\/wp-content\/uploads\/2026\/SK0018860-CZ20260425-091936-0-1777079982-ravak-sd-clear-ii-80-biela-w1200-h628-f8-fa8737fd4423906dbb.webp\",\"datePublished\":\"2026-04-27T04:40:42+00:00\",\"breadcrumb\":{\"@id\":\"https:\/\/www.technodompro.com\/index.php\/produkt\/ravak-sd-clear-ii-80-skrinka-pod-umyvadlo-bila-originalni-6141\/#breadcrumb\"},\"inLanguage\":\"cs\",\"potentialAction\":[{\"@type\":\"ReadAction\",\"target\":[\"https:\/\/www.technodompro.com\/index.php\/produkt\/ravak-sd-clear-ii-80-skrinka-pod-umyvadlo-bila-originalni-6141\/\"]}]},{\"@type\":\"ImageObject\",\"inLanguage\":\"cs\",\"@id\":\"https:\/\/www.technodompro.com\/index.php\/produkt\/ravak-sd-clear-ii-80-skrinka-pod-umyvadlo-bila-originalni-6141\/#primaryimage\",\"url\":\"https:\/\/www.technodompro.com\/wp-content\/uploads\/2026\/SK0018860-CZ20260425-091936-0-1777079982-ravak-sd-clear-ii-80-biela-w1200-h628-f8-fa8737fd4423906dbb.webp\",\"contentUrl\":\"https:\/\/www.technodompro.com\/wp-content\/uploads\/2026\/SK0018860-CZ20260425-091936-0-1777079982-ravak-sd-clear-ii-80-biela-w1200-h628-f8-fa8737fd4423906dbb.webp\",\"width\":1000,\"height\":523},{\"@type\":\"BreadcrumbList\",\"@id\":\"https:\/\/www.technodompro.com\/index.php\/produkt\/ravak-sd-clear-ii-80-skrinka-pod-umyvadlo-bila-originalni-6141\/#breadcrumb\",\"itemListElement\":[{\"@type\":\"ListItem\",\"position\":1,\"name\":\"Home\",\"item\":\"https:\/\/www.technodompro.com\/\"},{\"@type\":\"ListItem\",\"position\":2,\"name\":\"Products\",\"item\":\"https:\/\/www.technodompro.com\/index.php\/products\/\"},{\"@type\":\"ListItem\",\"position\":3,\"name\":\"Ravak SD Clear II 80 sk\u0159\u00ed\u0148ka pod umyvadlo b\u00edl\u00e1 Origin\u00e1ln\u00ed\"}]},{\"@type\":\"WebSite\",\"@id\":\"https:\/\/www.technodompro.com\/#website\",\"url\":\"https:\/\/www.technodompro.com\/\",\"name\":\"\",\"description\":\"\",\"potentialAction\":[{\"@type\":\"SearchAction\",\"target\":{\"@type\":\"EntryPoint\",\"urlTemplate\":\"https:\/\/www.technodompro.com\/?s={search_term_string}\"},\"query-input\":{\"@type\":\"PropertyValueSpecification\",\"valueRequired\":true,\"valueName\":\"search_term_string\"}}],\"inLanguage\":\"cs\"}]}<\/script>\n<!-- \/ Yoast SEO plugin. -->","yoast_head_json":{"title":"Ravak SD Clear II 80 sk\u0159\u00ed\u0148ka pod umyvadlo b\u00edl\u00e1 Origin\u00e1ln\u00ed -","robots":{"index":"index","follow":"follow","max-snippet":"max-snippet:-1","max-image-preview":"max-image-preview:large","max-video-preview":"max-video-preview:-1"},"canonical":"https:\/\/www.technodompro.com\/index.php\/produkt\/ravak-sd-clear-ii-80-skrinka-pod-umyvadlo-bila-originalni-6141\/","og_locale":"cs_CZ","og_type":"article","og_title":"Ravak SD Clear II 80 sk\u0159\u00ed\u0148ka pod umyvadlo b\u00edl\u00e1 Origin\u00e1ln\u00ed -","og_description":"Vlastnosti SHAPE Sk\u0159\u00ed\u0148ky pod umyvadlo Materi\u00e1l d\u0159evo Produktov\u00e1 skupina Sk\u0159\u00ed\u0148ka pod umyvadlo P\u016fvod Vyrobeno v\u00a0\u010cR Povrchov\u00e1 \u00faprava lak Barva b\u00edl\u00e1 Parametry Zna\u010dka Ravak Popis: Rozmer (\u0161xhxv): 80\u00a0\u00d7\u00a038\u00a0\u00d7\u00a040 cm Materi\u00e1l: impregnovan\u00e1 doska MFPB a MDF Farebn\u00e9 vyhotovenie korpusu: biela lesk Farebn\u00e9 vyhotovenie z\u00e1suvky: biela lesk, madlo leskl\u00fd\u00a0chr\u00f3m Skrinka pod um\u00fdvadlo SD 80\u00a0Clear II je ur\u010den\u00e1 pod [&hellip;]","og_url":"https:\/\/www.technodompro.com\/index.php\/produkt\/ravak-sd-clear-ii-80-skrinka-pod-umyvadlo-bila-originalni-6141\/","og_image":[{"width":1000,"height":523,"url":"https:\/\/www.technodompro.com\/wp-content\/uploads\/2026\/SK0018860-CZ20260425-091936-0-1777079982-ravak-sd-clear-ii-80-biela-w1200-h628-f8-fa8737fd4423906dbb.webp","type":"image\/webp"}],"twitter_card":"summary_large_image","twitter_misc":{"Odhadovan\u00e1 doba \u010dten\u00ed":"2 minuty"},"schema":{"@context":"https:\/\/schema.org","@graph":[{"@type":"WebPage","@id":"https:\/\/www.technodompro.com\/index.php\/produkt\/ravak-sd-clear-ii-80-skrinka-pod-umyvadlo-bila-originalni-6141\/","url":"https:\/\/www.technodompro.com\/index.php\/produkt\/ravak-sd-clear-ii-80-skrinka-pod-umyvadlo-bila-originalni-6141\/","name":"Ravak SD Clear II 80 sk\u0159\u00ed\u0148ka pod umyvadlo b\u00edl\u00e1 Origin\u00e1ln\u00ed -","isPartOf":{"@id":"https:\/\/www.technodompro.com\/#website"},"primaryImageOfPage":{"@id":"https:\/\/www.technodompro.com\/index.php\/produkt\/ravak-sd-clear-ii-80-skrinka-pod-umyvadlo-bila-originalni-6141\/#primaryimage"},"image":{"@id":"https:\/\/www.technodompro.com\/index.php\/produkt\/ravak-sd-clear-ii-80-skrinka-pod-umyvadlo-bila-originalni-6141\/#primaryimage"},"thumbnailUrl":"https:\/\/www.technodompro.com\/wp-content\/uploads\/2026\/SK0018860-CZ20260425-091936-0-1777079982-ravak-sd-clear-ii-80-biela-w1200-h628-f8-fa8737fd4423906dbb.webp","datePublished":"2026-04-27T04:40:42+00:00","breadcrumb":{"@id":"https:\/\/www.technodompro.com\/index.php\/produkt\/ravak-sd-clear-ii-80-skrinka-pod-umyvadlo-bila-originalni-6141\/#breadcrumb"},"inLanguage":"cs","potentialAction":[{"@type":"ReadAction","target":["https:\/\/www.technodompro.com\/index.php\/produkt\/ravak-sd-clear-ii-80-skrinka-pod-umyvadlo-bila-originalni-6141\/"]}]},{"@type":"ImageObject","inLanguage":"cs","@id":"https:\/\/www.technodompro.com\/index.php\/produkt\/ravak-sd-clear-ii-80-skrinka-pod-umyvadlo-bila-originalni-6141\/#primaryimage","url":"https:\/\/www.technodompro.com\/wp-content\/uploads\/2026\/SK0018860-CZ20260425-091936-0-1777079982-ravak-sd-clear-ii-80-biela-w1200-h628-f8-fa8737fd4423906dbb.webp","contentUrl":"https:\/\/www.technodompro.com\/wp-content\/uploads\/2026\/SK0018860-CZ20260425-091936-0-1777079982-ravak-sd-clear-ii-80-biela-w1200-h628-f8-fa8737fd4423906dbb.webp","width":1000,"height":523},{"@type":"BreadcrumbList","@id":"https:\/\/www.technodompro.com\/index.php\/produkt\/ravak-sd-clear-ii-80-skrinka-pod-umyvadlo-bila-originalni-6141\/#breadcrumb","itemListElement":[{"@type":"ListItem","position":1,"name":"Home","item":"https:\/\/www.technodompro.com\/"},{"@type":"ListItem","position":2,"name":"Products","item":"https:\/\/www.technodompro.com\/index.php\/products\/"},{"@type":"ListItem","position":3,"name":"Ravak SD Clear II 80 sk\u0159\u00ed\u0148ka pod umyvadlo b\u00edl\u00e1 Origin\u00e1ln\u00ed"}]},{"@type":"WebSite","@id":"https:\/\/www.technodompro.com\/#website","url":"https:\/\/www.technodompro.com\/","name":"","description":"","potentialAction":[{"@type":"SearchAction","target":{"@type":"EntryPoint","urlTemplate":"https:\/\/www.technodompro.com\/?s={search_term_string}"},"query-input":{"@type":"PropertyValueSpecification","valueRequired":true,"valueName":"search_term_string"}}],"inLanguage":"cs"}]}},"_links":{"self":[{"href":"https:\/\/www.technodompro.com\/index.php\/wp-json\/wp\/v2\/product\/6141","targetHints":{"allow":["GET"]}}],"collection":[{"href":"https:\/\/www.technodompro.com\/index.php\/wp-json\/wp\/v2\/product"}],"about":[{"href":"https:\/\/www.technodompro.com\/index.php\/wp-json\/wp\/v2\/types\/product"}],"replies":[{"embeddable":true,"href":"https:\/\/www.technodompro.com\/index.php\/wp-json\/wp\/v2\/comments?post=6141"}],"wp:featuredmedia":[{"embeddable":true,"href":"https:\/\/www.technodompro.com\/index.php\/wp-json\/wp\/v2\/media\/6241"}],"wp:attachment":[{"href":"https:\/\/www.technodompro.com\/index.php\/wp-json\/wp\/v2\/media?parent=6141"}],"wp:term":[{"taxonomy":"product_brand","embeddable":true,"href":"https:\/\/www.technodompro.com\/index.php\/wp-json\/wp\/v2\/product_brand?post=6141"},{"taxonomy":"product_cat","embeddable":true,"href":"https:\/\/www.technodompro.com\/index.php\/wp-json\/wp\/v2\/product_cat?post=6141"},{"taxonomy":"product_tag","embeddable":true,"href":"https:\/\/www.technodompro.com\/index.php\/wp-json\/wp\/v2\/product_tag?post=6141"}],"curies":[{"name":"wp","href":"https:\/\/api.w.org\/{rel}","templated":true}]}}