{"id":65375,"date":"2026-04-27T04:43:29","date_gmt":"2026-04-27T04:43:29","guid":{"rendered":""},"modified":"2026-04-27T04:43:29","modified_gmt":"2026-04-27T04:43:29","slug":"znackovy-ravak-umyvadlo-yard-60-s-otvorem-pro-baterii-bez-prepadu-grey-green-sedozelena-65375","status":"publish","type":"product","link":"https:\/\/www.technodompro.com\/index.php\/produkt\/znackovy-ravak-umyvadlo-yard-60-s-otvorem-pro-baterii-bez-prepadu-grey-green-sedozelena-65375\/","title":{"rendered":"Zna\u010dkov\u00fd Ravak Umyvadlo Yard 60, s otvorem pro baterii, bez p\u0159epadu, Grey Green \u0161edozelen\u00e1"},"content":{"rendered":"<div class=\"detail-description__right\">\n<div class=\"parameters\">\n<div class=\"table table--simple\">\n<table>\n<tbody>\n<tr>\n<td colspan=\"2\">\n<h4>Vlastnosti<\/h4>\n<\/td>\n<\/tr>\n<tr>\n<td>SHAPE<\/td>\n<td>Umyvadla<\/td>\n<\/tr>\n<tr>\n<td>Materi\u00e1l<\/td>\n<td>keramika<\/td>\n<\/tr>\n<tr>\n<td>Napojen\u00ed<\/td>\n<td>N\u00e1bytkov\u00e1, Z\u00e1v\u011bsn\u00e1<\/td>\n<\/tr>\n<tr>\n<td>Produktov\u00e1 skupina<\/td>\n<td>Keramick\u00e9 umyvadlo<\/td>\n<\/tr>\n<tr>\n<td>P\u016fvod<\/td>\n<td>Vyrobeno v\u00a0\u010cR<\/td>\n<\/tr>\n<tr>\n<td>Instalace<\/td>\n<td>samostatn\u00e1<\/td>\n<\/tr>\n<tr>\n<td>Vybaven\u00ed<\/td>\n<td>Bez konzole<\/td>\n<\/tr>\n<tr>\n<td>Barva<\/td>\n<td>B\u00edl\u00e1 matn\u00e1, sv\u011btle r\u016f\u017eov\u00e1, \u0161edozelen\u00e1, b\u00edl\u00e1, tmav\u011b modr\u00e1, \u010dern\u00e1 matn\u00e1, tmav\u011b \u0161ed\u00e1, antracit<\/td>\n<\/tr>\n<tr>\n<td colspan=\"2\">\n<h4>Parametry<\/h4>\n<\/td>\n<\/tr>\n<tr>\n<td>Zna\u010dka<\/td>\n<td>Ravak<\/td>\n<\/tr>\n<\/tbody>\n<\/table><\/div>\n<\/div><\/div>\n<div class=\"detail-description__top\">\t\t\t\t<\/div>\n<div class=\"detail-description__left\">\n<div class=\"detail-description__left__overflow\">\n<div class=\"detail-description__left__head\">\t\t\t\t\t\tPopis:\t\t\t\t\t<\/div>\n<div class=\"ul-style ul-style--check\">\n<ul class=\"plusminus\">\n<li><i class=\"fas fa-check\"><\/i><span>Rozm\u011bry (\u0161xhxv): 60,5\u00a0\u00d7\u00a050\u00a0\u00d7\u00a012,5\u00a0cm<\/span><\/li>\n<li><i class=\"fas fa-check\"><\/i><span>Materi\u00e1l: keramika<\/span><\/li>\n<li><i class=\"fas fa-check\"><\/i><span>Barevn\u00e9 proveden\u00ed: b\u00edl\u00e1 matn\u00e1<\/span><\/li>\n<li><i class=\"fas fa-check\"><\/i><span>P\u0159epad: ne<\/span><\/li>\n<li><i class=\"fas fa-check\"><\/i><span>Otvor pro stoj\u00e1nkovou baterii: ano\u00a0<\/span><\/li>\n<li><i class=\"fas fa-check\"><\/i><span>Dopl\u0148ky k\u00a0dokoupen\u00ed: konzole Yard 60, konstrukce pod umyvadlo CS Yard 60,\tumyvadlov\u00e1 pileta pevn\u00e1, keramick\u00e1 pileta Flat b\u00edl\u00e1 matn\u00e1, umyvadlov\u00fd\tsifon umyvadlov\u00e1 baterie<\/span><\/li>\n<\/ul>\n<p>Umyvadlo Yard 60\u00a0je vyrobeno z\u00a0kvalitn\u00ed keramiky. Je ur\u010denok\u00a0instalaci\u00a0na konzoli Yard 60\u00a0nebo na konstrukci pod umyvadlo CS Yard 60,kter\u00e1 p\u0159edstavuje otev\u0159en\u00fd policov\u00fd n\u00e1bytek. Umyvadlo nelze samostatn\u011bpov\u011bsit na ze\u010f. Umyvadlo je nutno kombinovat s\u00a0pevnou umyvadlovou piletou,kter\u00e1 zabra\u0148uje p\u0159ete\u010den\u00ed vody.\u00a0<\/p>\n<p>Z\u00edsk\u00e1v\u00e1 ceny. A\u00a0z\u00edsk\u00e1 si i\u00a0v\u00e1s<\/p>\n<p>Vrti\u0161ka &amp;amp; \u017d\u00e1k navrhli Yard z\u00a0tradi\u010dn\u00edho materi\u00e1lu\u00a0\u2013z\u00a0keramiky. Nekompromisn\u00ed design s\u00a0c\u00edlem oprostit koupelny od vizu\u00e1ln\u00edhobalastu zaujal i\u00a0nez\u00e1visl\u00e9 sv\u011btov\u00e9 poroty.<\/p>\n<p>Objevte kolekci 5\u00a0umyvadel<\/p>\n<p>Kolekci Yard tvo\u0159\u00ed p\u011bt minimalistick\u00fdch umyvadel\u00a0\u2013 t\u0159i rovn\u00e1umyvadla a dv\u011b umyvadla do rohu v\u00a0barv\u011b b\u00edl\u00e9, b\u00edl\u00e9 matn\u00e9 a\u010dern\u00e9\u00a0matn\u00e9.<\/p>\n<p>Za v\u0161\u00edm stoj\u00ed pevn\u00e1 konzole<\/p>\n<p>Yard nepot\u0159ebuje \u017e\u00e1dn\u00fd n\u00e1bytek. Instaluje se p\u0159\u00edmo na ze\u010f pomoc\u00edocelov\u00e9 konzole. A\u00a0tu neskr\u00fdv\u00e1me. Naopak. Konzole lad\u00ed s\u00a0tvarem umyvadla apodtrhuje jeho celkov\u00fd\u00a0dojem.<\/p>\n<p>Vyla\u010fte si ka\u017ed\u00fd detail<\/p>\n<p>Zvolte si barvu konzole a vyla\u010fte si do jednoho t\u00f3nu barvu baterie, piletya sifonu. Vyb\u00edrat m\u016f\u017eete z\u00a0\u010dern\u00e9, b\u00edl\u00e9 a nerez varianty.<\/p>\n<p>Pot\u011b\u0161\u00ed i\u00a0maxim\u00e1ln\u00ed minimalisty<\/p>\n<p>Zkombinujte Yard s\u00a0podom\u00edtkovou bateri\u00ed a dos\u00e1hnete maxim\u00e1ln\u011bminimalistick\u00e9ho \u0159e\u0161en\u00ed. A\u00a0nav\u00edc z\u00edsk\u00e1te dal\u0161\u00edch p\u00e1r centimetr\u016fodkl\u00e1dac\u00ed plochy.<\/p>\n<p>Z\u00e1ruka 5\u00a0let<\/p>\n<p>Za kvalitou v\u00fdroby a designu Ravak si stoj\u00edme. Proto k\u00a0umyvadlui\u00a0k\u00a0baterii z\u00edsk\u00e1te prodlou\u017eenou p\u011btiletou z\u00e1ruku.<\/p>\n<\/div>\n<div class=\"detail-description__left__more\">\t\t\t\t\t\t<span> <\/span><span> <\/span>\t\t\t\t\t<\/div>\n<\/p><\/div>\n<\/p><\/div>\n<div class=\"detail-description__more\"><span> <\/span><span> <\/span><\/div>\n<\/p><\/div>\n<\/p><\/div>\n<div class=\"tab tab-detail-7\">\n<div class=\"table-size-classic  table-size--selectable\">\n<table>\n<thead>\n<tr>\n<th data-product-code=\"[&quot;K\u00f3d&quot;]\"><span class=\"selected\">Vybr\u00e1no<\/span><span><\/span><\/th>\n<th data-product-code=\"[&quot;XJX01260002&quot;]\"><span class=\"selected\">Vybr\u00e1no<\/span><span>XJX01260002<\/span><\/th>\n<th data-product-code=\"[&quot;XJX03260002&quot;]\"><span class=\"selected\">Vybr\u00e1no<\/span><span>XJX03260002<\/span><\/th>\n<th data-product-code=\"[&quot;XJX07260000&quot;]\"><span class=\"selected\">Vybr\u00e1no<\/span><span>XJX07260000<\/span><\/th>\n<th data-product-code=\"[&quot;XJX08260000&quot;]\"><span class=\"selected\">Vybr\u00e1no<\/span><span>XJX08260000<\/span><\/th>\n<th data-product-code=\"[&quot;XJX0D260002&quot;]\"><span class=\"selected\">Vybr\u00e1no<\/span><span>XJX0D260002<\/span><\/th>\n<th data-product-code=\"[&quot;XJX0E260001&quot;]\"><span class=\"selected\">Vybr\u00e1no<\/span><span>XJX0E260001<\/span><\/th>\n<th data-product-code=\"[&quot;XJX0G260000&quot;]\"><span class=\"selected\">Vybr\u00e1no<\/span><span>XJX0G260000<\/span><\/th>\n<th data-product-code=\"[&quot;XJX0O260000&quot;]\"><span class=\"selected\">Vybr\u00e1no<\/span><span>XJX0O260000<\/span><\/th>\n<\/tr>\n<\/thead>\n<tbody>\n<tr class=\"space\">\n<td><\/td>\n<td><\/td>\n<td><\/td>\n<td><\/td>\n<td><\/td>\n<td><\/td>\n<td><\/td>\n<td><\/td>\n<td><\/td>\n<\/tr>\n<tr>\n<td><strong>SHAPE<\/strong><\/td>\n<td>Umyvadla<\/td>\n<td>Umyvadla<\/td>\n<td>Umyvadla<\/td>\n<td>Umyvadla<\/td>\n<td>Umyvadla<\/td>\n<td>Umyvadla<\/td>\n<td>Umyvadla<\/td>\n<td>Umyvadla<\/td>\n<\/tr>\n<tr>\n<td><strong>Materi\u00e1l<\/strong><\/td>\n<td>keramika<\/td>\n<td>keramika<\/td>\n<td>keramika<\/td>\n<td>keramika<\/td>\n<td>keramika<\/td>\n<td>keramika<\/td>\n<td>keramika<\/td>\n<td>keramika<\/td>\n<\/tr>\n<tr>\n<td><strong>Napojen\u00ed<\/strong><\/td>\n<td>N\u00e1bytkov\u00e1, Z\u00e1v\u011bsn\u00e1<\/td>\n<td>N\u00e1bytkov\u00e1, Z\u00e1v\u011bsn\u00e1<\/td>\n<td>N\u00e1bytkov\u00e1, Z\u00e1v\u011bsn\u00e1<\/td>\n<td>N\u00e1bytkov\u00e1, Z\u00e1v\u011bsn\u00e1<\/td>\n<td>N\u00e1bytkov\u00e1, Z\u00e1v\u011bsn\u00e1<\/td>\n<td>N\u00e1bytkov\u00e1, Z\u00e1v\u011bsn\u00e1<\/td>\n<td>N\u00e1bytkov\u00e1, Z\u00e1v\u011bsn\u00e1<\/td>\n<td>N\u00e1bytkov\u00e1, Z\u00e1v\u011bsn\u00e1<\/td>\n<\/tr>\n<tr>\n<td><strong>Produktov\u00e1 skupina<\/strong><\/td>\n<td>Keramick\u00e9 umyvadlo<\/td>\n<td>Keramick\u00e9 umyvadlo<\/td>\n<td>Keramick\u00e9 umyvadlo<\/td>\n<td>Keramick\u00e9 umyvadlo<\/td>\n<td>Keramick\u00e9 umyvadlo<\/td>\n<td>Keramick\u00e9 umyvadlo<\/td>\n<td>Keramick\u00e9 umyvadlo<\/td>\n<td>Keramick\u00e9 umyvadlo<\/td>\n<\/tr>\n<tr>\n<td><strong>P\u016fvod<\/strong><\/td>\n<td>Vyrobeno v \u010cR<\/td>\n<td>Vyrobeno v \u010cR<\/td>\n<td>Vyrobeno v \u010cR<\/td>\n<td>Vyrobeno v \u010cR<\/td>\n<td>Vyrobeno v \u010cR<\/td>\n<td>Vyrobeno v \u010cR<\/td>\n<td>Vyrobeno v \u010cR<\/td>\n<td>Vyrobeno v \u010cR<\/td>\n<\/tr>\n<tr>\n<td><strong>OVERFLOW_HEIGHT<\/strong><\/td>\n<td>0<\/td>\n<td>0<\/td>\n<td>0<\/td>\n<td>0<\/td>\n<td>0<\/td>\n<td>0<\/td>\n<td>0<\/td>\n<td>0<\/td>\n<\/tr>\n<tr>\n<td><strong>WASTE_DIAMETER<\/strong><\/td>\n<td>0<\/td>\n<td>0<\/td>\n<td>0<\/td>\n<td>0<\/td>\n<td>0<\/td>\n<td>0<\/td>\n<td>0<\/td>\n<td>0<\/td>\n<\/tr>\n<tr>\n<td><strong>NUMBER_OF_ELEMENTS<\/strong><\/td>\n<td>0<\/td>\n<td>0<\/td>\n<td>0<\/td>\n<td>0<\/td>\n<td>0<\/td>\n<td>0<\/td>\n<td>0<\/td>\n<td>0<\/td>\n<\/tr>\n<tr>\n<td><strong>Instalace<\/strong><\/td>\n<td>samostatn\u00e1<\/td>\n<td>samostatn\u00e1<\/td>\n<td>samostatn\u00e1<\/td>\n<td>samostatn\u00e1<\/td>\n<td>samostatn\u00e1<\/td>\n<td>samostatn\u00e1<\/td>\n<td>samostatn\u00e1<\/td>\n<td>samostatn\u00e1<\/td>\n<\/tr>\n<tr>\n<td><strong>CONSTRUCTION_HEIGHT<\/strong><\/td>\n<td>0<\/td>\n<td>0<\/td>\n<td>0<\/td>\n<td>0<\/td>\n<td>0<\/td>\n<td>0<\/td>\n<td>0<\/td>\n<td>0<\/td>\n<\/tr>\n<tr>\n<td><strong>ODOR_BARRIER_HEIGHT<\/strong><\/td>\n<td>0<\/td>\n<td>0<\/td>\n<td>0<\/td>\n<td>0<\/td>\n<td>0<\/td>\n<td>0<\/td>\n<td>0<\/td>\n<td>0<\/td>\n<\/tr>\n<tr>\n<td><strong>Vybaven\u00ed<\/strong><\/td>\n<td>Bez konzole<\/td>\n<td>Bez konzole<\/td>\n<td>Bez konzole<\/td>\n<td>Bez konzole<\/td>\n<td>Bez konzole<\/td>\n<td>Bez konzole<\/td>\n<td>Bez konzole<\/td>\n<td>Bez konzole<\/td>\n<\/tr>\n<tr>\n<td><strong>Barva<\/strong><\/td>\n<td>b\u00edl\u00e1<\/td>\n<td>antracit<\/td>\n<td>tmav\u011b modr\u00e1<\/td>\n<td>\u0161edozelen\u00e1<\/td>\n<td>\u010dern\u00e1 matn\u00e1<\/td>\n<td>B\u00edl\u00e1 matn\u00e1<\/td>\n<td>sv\u011btle r\u016f\u017eov\u00e1<\/td>\n<td>tmav\u011b \u0161ed\u00e1<\/td>\n<\/tr>\n<\/tbody>\n<\/table>\n<\/div><\/div>\n","protected":false},"excerpt":{"rendered":"<p>Vlastnosti SHAPE Umyvadla Materi\u00e1l keramika Napojen\u00ed N\u00e1bytkov\u00e1, Z\u00e1v\u011bsn\u00e1 Produktov\u00e1 skupina Keramick\u00e9 umyvadlo P\u016fvod Vyrobeno v\u00a0\u010cR Instalace samostatn\u00e1 Vybaven\u00ed Bez konzole Barva B\u00edl\u00e1 matn\u00e1, sv\u011btle r\u016f\u017eov\u00e1, \u0161edozelen\u00e1, b\u00edl\u00e1, tmav\u011b modr\u00e1, \u010dern\u00e1 matn\u00e1, tmav\u011b \u0161ed\u00e1, antracit Parametry Zna\u010dka Ravak Popis: Rozm\u011bry (\u0161xhxv): 60,5\u00a0\u00d7\u00a050\u00a0\u00d7\u00a012,5\u00a0cm Materi\u00e1l: keramika Barevn\u00e9 proveden\u00ed: b\u00edl\u00e1 matn\u00e1 P\u0159epad: ne Otvor pro stoj\u00e1nkovou baterii: ano\u00a0 Dopl\u0148ky [&hellip;]<\/p>\n","protected":false},"featured_media":65475,"comment_status":"open","ping_status":"open","template":"","meta":[],"product_brand":[],"product_cat":[39],"product_tag":[],"class_list":{"0":"post-65375","1":"product","2":"type-product","3":"status-publish","4":"has-post-thumbnail","6":"product_cat-sanita","8":"first","9":"instock","10":"sale","11":"shipping-taxable","12":"purchasable","13":"product-type-simple"},"yoast_head":"<!-- This site is optimized with the Yoast SEO plugin v26.8 - https:\/\/yoast.com\/product\/yoast-seo-wordpress\/ -->\n<title>Zna\u010dkov\u00fd Ravak Umyvadlo Yard 60, s otvorem pro baterii, bez p\u0159epadu, Grey Green \u0161edozelen\u00e1 -<\/title>\n<meta name=\"robots\" content=\"index, follow, max-snippet:-1, max-image-preview:large, max-video-preview:-1\" \/>\n<link rel=\"canonical\" href=\"https:\/\/www.technodompro.com\/index.php\/produkt\/znackovy-ravak-umyvadlo-yard-60-s-otvorem-pro-baterii-bez-prepadu-grey-green-sedozelena-65375\/\" \/>\n<meta property=\"og:locale\" content=\"cs_CZ\" \/>\n<meta property=\"og:type\" content=\"article\" \/>\n<meta property=\"og:title\" content=\"Zna\u010dkov\u00fd Ravak Umyvadlo Yard 60, s otvorem pro baterii, bez p\u0159epadu, Grey Green \u0161edozelen\u00e1 -\" \/>\n<meta property=\"og:description\" content=\"Vlastnosti SHAPE Umyvadla Materi\u00e1l keramika Napojen\u00ed N\u00e1bytkov\u00e1, Z\u00e1v\u011bsn\u00e1 Produktov\u00e1 skupina Keramick\u00e9 umyvadlo P\u016fvod Vyrobeno v\u00a0\u010cR Instalace samostatn\u00e1 Vybaven\u00ed Bez konzole Barva B\u00edl\u00e1 matn\u00e1, sv\u011btle r\u016f\u017eov\u00e1, \u0161edozelen\u00e1, b\u00edl\u00e1, tmav\u011b modr\u00e1, \u010dern\u00e1 matn\u00e1, tmav\u011b \u0161ed\u00e1, antracit Parametry Zna\u010dka Ravak Popis: Rozm\u011bry (\u0161xhxv): 60,5\u00a0\u00d7\u00a050\u00a0\u00d7\u00a012,5\u00a0cm Materi\u00e1l: keramika Barevn\u00e9 proveden\u00ed: b\u00edl\u00e1 matn\u00e1 P\u0159epad: ne Otvor pro stoj\u00e1nkovou baterii: ano\u00a0 Dopl\u0148ky [&hellip;]\" \/>\n<meta property=\"og:url\" content=\"https:\/\/www.technodompro.com\/index.php\/produkt\/znackovy-ravak-umyvadlo-yard-60-s-otvorem-pro-baterii-bez-prepadu-grey-green-sedozelena-65375\/\" \/>\n<meta property=\"og:image\" content=\"https:\/\/www.technodompro.com\/wp-content\/uploads\/2026\/SK0020391-CZ20260425-091936-0-1777079982-ravak-umyvadlo-yard-60-s-otvorem-pro-baterii-bez-prepadu-gr.webp\" \/>\n\t<meta property=\"og:image:width\" content=\"1000\" \/>\n\t<meta property=\"og:image:height\" content=\"523\" \/>\n\t<meta property=\"og:image:type\" content=\"image\/webp\" \/>\n<meta name=\"twitter:card\" content=\"summary_large_image\" \/>\n<meta name=\"twitter:label1\" content=\"Odhadovan\u00e1 doba \u010dten\u00ed\" \/>\n\t<meta name=\"twitter:data1\" content=\"2 minuty\" \/>\n<script type=\"application\/ld+json\" class=\"yoast-schema-graph\">{\"@context\":\"https:\/\/schema.org\",\"@graph\":[{\"@type\":\"WebPage\",\"@id\":\"https:\/\/www.technodompro.com\/index.php\/produkt\/znackovy-ravak-umyvadlo-yard-60-s-otvorem-pro-baterii-bez-prepadu-grey-green-sedozelena-65375\/\",\"url\":\"https:\/\/www.technodompro.com\/index.php\/produkt\/znackovy-ravak-umyvadlo-yard-60-s-otvorem-pro-baterii-bez-prepadu-grey-green-sedozelena-65375\/\",\"name\":\"Zna\u010dkov\u00fd Ravak Umyvadlo Yard 60, s otvorem pro baterii, bez p\u0159epadu, Grey Green \u0161edozelen\u00e1 -\",\"isPartOf\":{\"@id\":\"https:\/\/www.technodompro.com\/#website\"},\"primaryImageOfPage\":{\"@id\":\"https:\/\/www.technodompro.com\/index.php\/produkt\/znackovy-ravak-umyvadlo-yard-60-s-otvorem-pro-baterii-bez-prepadu-grey-green-sedozelena-65375\/#primaryimage\"},\"image\":{\"@id\":\"https:\/\/www.technodompro.com\/index.php\/produkt\/znackovy-ravak-umyvadlo-yard-60-s-otvorem-pro-baterii-bez-prepadu-grey-green-sedozelena-65375\/#primaryimage\"},\"thumbnailUrl\":\"https:\/\/www.technodompro.com\/wp-content\/uploads\/2026\/SK0020391-CZ20260425-091936-0-1777079982-ravak-umyvadlo-yard-60-s-otvorem-pro-baterii-bez-prepadu-gr.webp\",\"datePublished\":\"2026-04-27T04:43:29+00:00\",\"breadcrumb\":{\"@id\":\"https:\/\/www.technodompro.com\/index.php\/produkt\/znackovy-ravak-umyvadlo-yard-60-s-otvorem-pro-baterii-bez-prepadu-grey-green-sedozelena-65375\/#breadcrumb\"},\"inLanguage\":\"cs\",\"potentialAction\":[{\"@type\":\"ReadAction\",\"target\":[\"https:\/\/www.technodompro.com\/index.php\/produkt\/znackovy-ravak-umyvadlo-yard-60-s-otvorem-pro-baterii-bez-prepadu-grey-green-sedozelena-65375\/\"]}]},{\"@type\":\"ImageObject\",\"inLanguage\":\"cs\",\"@id\":\"https:\/\/www.technodompro.com\/index.php\/produkt\/znackovy-ravak-umyvadlo-yard-60-s-otvorem-pro-baterii-bez-prepadu-grey-green-sedozelena-65375\/#primaryimage\",\"url\":\"https:\/\/www.technodompro.com\/wp-content\/uploads\/2026\/SK0020391-CZ20260425-091936-0-1777079982-ravak-umyvadlo-yard-60-s-otvorem-pro-baterii-bez-prepadu-gr.webp\",\"contentUrl\":\"https:\/\/www.technodompro.com\/wp-content\/uploads\/2026\/SK0020391-CZ20260425-091936-0-1777079982-ravak-umyvadlo-yard-60-s-otvorem-pro-baterii-bez-prepadu-gr.webp\",\"width\":1000,\"height\":523},{\"@type\":\"BreadcrumbList\",\"@id\":\"https:\/\/www.technodompro.com\/index.php\/produkt\/znackovy-ravak-umyvadlo-yard-60-s-otvorem-pro-baterii-bez-prepadu-grey-green-sedozelena-65375\/#breadcrumb\",\"itemListElement\":[{\"@type\":\"ListItem\",\"position\":1,\"name\":\"Home\",\"item\":\"https:\/\/www.technodompro.com\/\"},{\"@type\":\"ListItem\",\"position\":2,\"name\":\"Products\",\"item\":\"https:\/\/www.technodompro.com\/index.php\/products\/\"},{\"@type\":\"ListItem\",\"position\":3,\"name\":\"Zna\u010dkov\u00fd Ravak Umyvadlo Yard 60, s otvorem pro baterii, bez p\u0159epadu, Grey Green \u0161edozelen\u00e1\"}]},{\"@type\":\"WebSite\",\"@id\":\"https:\/\/www.technodompro.com\/#website\",\"url\":\"https:\/\/www.technodompro.com\/\",\"name\":\"\",\"description\":\"\",\"potentialAction\":[{\"@type\":\"SearchAction\",\"target\":{\"@type\":\"EntryPoint\",\"urlTemplate\":\"https:\/\/www.technodompro.com\/?s={search_term_string}\"},\"query-input\":{\"@type\":\"PropertyValueSpecification\",\"valueRequired\":true,\"valueName\":\"search_term_string\"}}],\"inLanguage\":\"cs\"}]}<\/script>\n<!-- \/ Yoast SEO plugin. -->","yoast_head_json":{"title":"Zna\u010dkov\u00fd Ravak Umyvadlo Yard 60, s otvorem pro baterii, bez p\u0159epadu, Grey Green \u0161edozelen\u00e1 -","robots":{"index":"index","follow":"follow","max-snippet":"max-snippet:-1","max-image-preview":"max-image-preview:large","max-video-preview":"max-video-preview:-1"},"canonical":"https:\/\/www.technodompro.com\/index.php\/produkt\/znackovy-ravak-umyvadlo-yard-60-s-otvorem-pro-baterii-bez-prepadu-grey-green-sedozelena-65375\/","og_locale":"cs_CZ","og_type":"article","og_title":"Zna\u010dkov\u00fd Ravak Umyvadlo Yard 60, s otvorem pro baterii, bez p\u0159epadu, Grey Green \u0161edozelen\u00e1 -","og_description":"Vlastnosti SHAPE Umyvadla Materi\u00e1l keramika Napojen\u00ed N\u00e1bytkov\u00e1, Z\u00e1v\u011bsn\u00e1 Produktov\u00e1 skupina Keramick\u00e9 umyvadlo P\u016fvod Vyrobeno v\u00a0\u010cR Instalace samostatn\u00e1 Vybaven\u00ed Bez konzole Barva B\u00edl\u00e1 matn\u00e1, sv\u011btle r\u016f\u017eov\u00e1, \u0161edozelen\u00e1, b\u00edl\u00e1, tmav\u011b modr\u00e1, \u010dern\u00e1 matn\u00e1, tmav\u011b \u0161ed\u00e1, antracit Parametry Zna\u010dka Ravak Popis: Rozm\u011bry (\u0161xhxv): 60,5\u00a0\u00d7\u00a050\u00a0\u00d7\u00a012,5\u00a0cm Materi\u00e1l: keramika Barevn\u00e9 proveden\u00ed: b\u00edl\u00e1 matn\u00e1 P\u0159epad: ne Otvor pro stoj\u00e1nkovou baterii: ano\u00a0 Dopl\u0148ky [&hellip;]","og_url":"https:\/\/www.technodompro.com\/index.php\/produkt\/znackovy-ravak-umyvadlo-yard-60-s-otvorem-pro-baterii-bez-prepadu-grey-green-sedozelena-65375\/","og_image":[{"width":1000,"height":523,"url":"https:\/\/www.technodompro.com\/wp-content\/uploads\/2026\/SK0020391-CZ20260425-091936-0-1777079982-ravak-umyvadlo-yard-60-s-otvorem-pro-baterii-bez-prepadu-gr.webp","type":"image\/webp"}],"twitter_card":"summary_large_image","twitter_misc":{"Odhadovan\u00e1 doba \u010dten\u00ed":"2 minuty"},"schema":{"@context":"https:\/\/schema.org","@graph":[{"@type":"WebPage","@id":"https:\/\/www.technodompro.com\/index.php\/produkt\/znackovy-ravak-umyvadlo-yard-60-s-otvorem-pro-baterii-bez-prepadu-grey-green-sedozelena-65375\/","url":"https:\/\/www.technodompro.com\/index.php\/produkt\/znackovy-ravak-umyvadlo-yard-60-s-otvorem-pro-baterii-bez-prepadu-grey-green-sedozelena-65375\/","name":"Zna\u010dkov\u00fd Ravak Umyvadlo Yard 60, s otvorem pro baterii, bez p\u0159epadu, Grey Green \u0161edozelen\u00e1 -","isPartOf":{"@id":"https:\/\/www.technodompro.com\/#website"},"primaryImageOfPage":{"@id":"https:\/\/www.technodompro.com\/index.php\/produkt\/znackovy-ravak-umyvadlo-yard-60-s-otvorem-pro-baterii-bez-prepadu-grey-green-sedozelena-65375\/#primaryimage"},"image":{"@id":"https:\/\/www.technodompro.com\/index.php\/produkt\/znackovy-ravak-umyvadlo-yard-60-s-otvorem-pro-baterii-bez-prepadu-grey-green-sedozelena-65375\/#primaryimage"},"thumbnailUrl":"https:\/\/www.technodompro.com\/wp-content\/uploads\/2026\/SK0020391-CZ20260425-091936-0-1777079982-ravak-umyvadlo-yard-60-s-otvorem-pro-baterii-bez-prepadu-gr.webp","datePublished":"2026-04-27T04:43:29+00:00","breadcrumb":{"@id":"https:\/\/www.technodompro.com\/index.php\/produkt\/znackovy-ravak-umyvadlo-yard-60-s-otvorem-pro-baterii-bez-prepadu-grey-green-sedozelena-65375\/#breadcrumb"},"inLanguage":"cs","potentialAction":[{"@type":"ReadAction","target":["https:\/\/www.technodompro.com\/index.php\/produkt\/znackovy-ravak-umyvadlo-yard-60-s-otvorem-pro-baterii-bez-prepadu-grey-green-sedozelena-65375\/"]}]},{"@type":"ImageObject","inLanguage":"cs","@id":"https:\/\/www.technodompro.com\/index.php\/produkt\/znackovy-ravak-umyvadlo-yard-60-s-otvorem-pro-baterii-bez-prepadu-grey-green-sedozelena-65375\/#primaryimage","url":"https:\/\/www.technodompro.com\/wp-content\/uploads\/2026\/SK0020391-CZ20260425-091936-0-1777079982-ravak-umyvadlo-yard-60-s-otvorem-pro-baterii-bez-prepadu-gr.webp","contentUrl":"https:\/\/www.technodompro.com\/wp-content\/uploads\/2026\/SK0020391-CZ20260425-091936-0-1777079982-ravak-umyvadlo-yard-60-s-otvorem-pro-baterii-bez-prepadu-gr.webp","width":1000,"height":523},{"@type":"BreadcrumbList","@id":"https:\/\/www.technodompro.com\/index.php\/produkt\/znackovy-ravak-umyvadlo-yard-60-s-otvorem-pro-baterii-bez-prepadu-grey-green-sedozelena-65375\/#breadcrumb","itemListElement":[{"@type":"ListItem","position":1,"name":"Home","item":"https:\/\/www.technodompro.com\/"},{"@type":"ListItem","position":2,"name":"Products","item":"https:\/\/www.technodompro.com\/index.php\/products\/"},{"@type":"ListItem","position":3,"name":"Zna\u010dkov\u00fd Ravak Umyvadlo Yard 60, s otvorem pro baterii, bez p\u0159epadu, Grey Green \u0161edozelen\u00e1"}]},{"@type":"WebSite","@id":"https:\/\/www.technodompro.com\/#website","url":"https:\/\/www.technodompro.com\/","name":"","description":"","potentialAction":[{"@type":"SearchAction","target":{"@type":"EntryPoint","urlTemplate":"https:\/\/www.technodompro.com\/?s={search_term_string}"},"query-input":{"@type":"PropertyValueSpecification","valueRequired":true,"valueName":"search_term_string"}}],"inLanguage":"cs"}]}},"_links":{"self":[{"href":"https:\/\/www.technodompro.com\/index.php\/wp-json\/wp\/v2\/product\/65375","targetHints":{"allow":["GET"]}}],"collection":[{"href":"https:\/\/www.technodompro.com\/index.php\/wp-json\/wp\/v2\/product"}],"about":[{"href":"https:\/\/www.technodompro.com\/index.php\/wp-json\/wp\/v2\/types\/product"}],"replies":[{"embeddable":true,"href":"https:\/\/www.technodompro.com\/index.php\/wp-json\/wp\/v2\/comments?post=65375"}],"wp:featuredmedia":[{"embeddable":true,"href":"https:\/\/www.technodompro.com\/index.php\/wp-json\/wp\/v2\/media\/65475"}],"wp:attachment":[{"href":"https:\/\/www.technodompro.com\/index.php\/wp-json\/wp\/v2\/media?parent=65375"}],"wp:term":[{"taxonomy":"product_brand","embeddable":true,"href":"https:\/\/www.technodompro.com\/index.php\/wp-json\/wp\/v2\/product_brand?post=65375"},{"taxonomy":"product_cat","embeddable":true,"href":"https:\/\/www.technodompro.com\/index.php\/wp-json\/wp\/v2\/product_cat?post=65375"},{"taxonomy":"product_tag","embeddable":true,"href":"https:\/\/www.technodompro.com\/index.php\/wp-json\/wp\/v2\/product_tag?post=65375"}],"curies":[{"name":"wp","href":"https:\/\/api.w.org\/{rel}","templated":true}]}}