{"id":65729,"date":"2026-04-27T04:43:30","date_gmt":"2026-04-27T04:43:30","guid":{"rendered":""},"modified":"2026-04-27T04:43:30","modified_gmt":"2026-04-27T04:43:30","slug":"znackovy-ravak-es-063-60glb-o2-rb07c-termostaticka-podomitkova-baterie-2-cestna-bez-telesa-gold-brushed-zlata-65729","status":"publish","type":"product","link":"https:\/\/www.technodompro.com\/index.php\/produkt\/znackovy-ravak-es-063-60glb-o2-rb07c-termostaticka-podomitkova-baterie-2-cestna-bez-telesa-gold-brushed-zlata-65729\/","title":{"rendered":"Zna\u010dkov\u00fd Ravak ES 063.60GLB.O2.RB07C Termostatick\u00e1 podom\u00edtkov\u00e1 baterie 2-cestn\u00e1 bez t\u011blesa, Gold Brushed zlat\u00e1"},"content":{"rendered":"<div class=\"detail-description__right\">\n<div class=\"parameters\">\n<div class=\"table table--simple\">\n<table>\n<tbody>\n<tr>\n<td colspan=\"2\">\n<h4>Vlastnosti<\/h4>\n<\/td>\n<\/tr>\n<tr>\n<td>Pr\u016ftok<\/td>\n<td>22 \/ 22\u00a0l<\/td>\n<\/tr>\n<tr>\n<td>Typ baterie<\/td>\n<td>Vanov\u00e9 \/ sprchov\u00e9 termostatick\u00e9<\/td>\n<\/tr>\n<tr>\n<td>Materi\u00e1l<\/td>\n<td>kov<\/td>\n<\/tr>\n<tr>\n<td>Napojen\u00ed<\/td>\n<td>Podom\u00edtkov\u00e1 pro R-box<\/td>\n<\/tr>\n<tr>\n<td>Produktov\u00e1 skupina<\/td>\n<td>Baterie termostatick\u00e1<\/td>\n<\/tr>\n<tr>\n<td>P\u016fvod<\/td>\n<td>Vyrobeno v\u00a0\u010cR<\/td>\n<\/tr>\n<tr>\n<td>Instalace<\/td>\n<td>podom\u00edtkov\u00e1<\/td>\n<\/tr>\n<tr>\n<td>Barva<\/td>\n<td>r\u016f\u017eovozlat\u00e1, leskl\u00fd chrom, B\u00edl\u00e1 matn\u00e1, tmav\u011b grafitov\u00e1, zlat\u00e1, \u010dern\u00e1 matn\u00e1<\/td>\n<\/tr>\n<tr>\n<td colspan=\"2\">\n<h4>Parametry<\/h4>\n<\/td>\n<\/tr>\n<tr>\n<td>Zna\u010dka<\/td>\n<td>Ravak<\/td>\n<\/tr>\n<\/tbody>\n<\/table><\/div>\n<\/div><\/div>\n<div class=\"detail-description__top\">\t\t\t\t<\/div>\n<div class=\"detail-description__left\">\n<div class=\"detail-description__left__overflow\">\n<div class=\"detail-description__left__head\">\t\t\t\t\t\tPopis:\t\t\t\t\t<\/div>\n<div class=\"ul-style ul-style--check\">\n<ul class=\"plusminus\">\n<li><i class=\"fas fa-check\"><\/i><span>Kartu\u0161 (materi\u00e1l): termostatick\u00e1<\/span><\/li>\n<li><i class=\"fas fa-check\"><\/i><span>Proveden\u00ed: 2-cestn\u00e1, s\u00a0p\u0159ep\u00edna\u010dem, bez t\u011blesa\u00a0\u2013 je ur\u010den\u00e1 pro\tR-box Termo RB\u00a007C.50<\/span><\/li>\n<li><i class=\"fas fa-check\"><\/i><span>Barevn\u00e9 proveden\u00ed: WV: White Velvet\u00a0\u2013 b\u00edl\u00e1 matn\u00e1<\/span><\/li>\n<li><i class=\"fas fa-check\"><\/i><span>Vhodn\u00e1:\n<ul>\n<li>k\u00a0van\u00e1m s\u00a0napou\u0161t\u011bn\u00edm p\u0159epadem a v\u00fdvodem pro ru\u010dn\u00ed\u00a0sprchu<\/span><\/li>\n<li><i class=\"fas fa-check\"><\/i><span>Pro sprchov\u00e9 kouty, kter\u00e9 maj\u00ed pevnou hlavovou a ru\u010dn\u00ed\u00a0sprchu<\/span><\/li>\n<\/ul>\n<\/li>\n<li>dopl\u0148ky k\u00a0dokoupen\u00ed: R-box Termo RB 07C.50, sprchov\u00fd set a dal\u0161\u00ed\tp\u0159\u00edslu\u0161enstv\u00ed shodn\u00e9ho barevn\u00e9ho proveden\u00ed<\/li>\n<\/ul>\n<p>Termostatick\u00e1 podom\u00edtkov\u00e1 baterie je p\u0159ipravena pro pou\u017eit\u00edinstala\u010dn\u00edho t\u011blesa R-box, kter\u00e9 v\u00fdznamn\u011b usnad\u0148uje pr\u00e1ci a zlep\u0161ujev\u00fdsledek cel\u00e9ho d\u00edla. Pro ucelen\u00e9 \u0159e\u0161en\u00ed a designov\u00fd soulad koupelnydoporu\u010dujeme kombinovat s\u00a0ostatn\u00edmi bateriemi Espirit shodn\u00e9ho barevn\u00e9hoproveden\u00ed. Na vn\u011bj\u0161\u00ed \u010di\u0161t\u011bn\u00ed doporu\u010dujeme pou\u017e\u00edvat \u010dist\u00edc\u00edp\u0159\u00edpravek Ravak Cleaner Chrome.<strong>Z\u00e1kladn\u00ed t\u011bleso pro podom\u00edtkovoubaterii RB 07C.50\u00a0nen\u00ed sou\u010d\u00e1st\u00ed baterie a je nutn\u00e9 jej dokoupit.<\/strong>R-box obsahuje materi\u00e1l pro p\u0159ichycen\u00ed ke st\u011bn\u011b, nezahrnuje p\u0159\u00edpojky proveden\u00ed vody ani jin\u00fd vodoinstala\u010dn\u00ed materi\u00e1l. R-box obsahuje pracovn\u00edplastov\u00fd kryc\u00ed d\u00edl vnit\u0159n\u00edho t\u011bla baterie ulo\u017een\u00e9ho v\u00a0R-boxu, kter\u00fdi\u00a0p\u0159i demont\u00e1\u017ei vrchn\u00edho d\u00edlu baterie zachov\u00e1v\u00e1 rozvod vody v\u00a0koupeln\u011bpln\u011b funk\u010dn\u00ed. Prost\u0159ednictv\u00edm tohoto plastov\u00e9ho d\u00edlu lze rozvod vodyodvzdu\u0161nit, bez odst\u00e1vky vody.<em>Doporu\u010dujeme proto\u010den\u00ed ovlada\u010de teplotydo maxim\u00e1ln\u00edch poloh \u010das od \u010dasu (v\u00a0z\u00e1vislosti na tvrdosti vody), abynedoch\u00e1zelo k\u00a0usazov\u00e1n\u00ed vodn\u00edho kamene.<\/em><\/p>\n<p>Chytr\u00fd p\u0159\u00edstup k\u00a0\u0161et\u0159en\u00ed<\/p>\n<p>Baterie vybaven\u00e9 funkc\u00ed BeCool \u0161et\u0159\u00ed spot\u0159ebu tepl\u00e9 vody a\u00a0t\u00edmi\u00a0energie. Jakto? Pohyb p\u00e1ky baterie toti\u017e za\u010d\u00edn\u00e1 ve st\u0159edn\u00ed polozea\u00a0te\u010de z\u00a0n\u00ed pouze studen\u00e1 voda. U\u00a0standardn\u00edch bateri\u00ed se v\u00a0t\u00e9topoloze ke studen\u00e9 u\u017e p\u0159im\u00edch\u00e1v\u00e1 i\u00a0voda tepl\u00e1. A\u00a0to \u010dasto zbyte\u010dn\u011b.Ta se p\u0159i kr\u00e1tk\u00e9m opl\u00e1chnut\u00ed rukou toti\u017e ani nedostane ven z\u00a0potrub\u00ed.Syst\u00e9m BeCool zaru\u010d\u00ed, \u017ee se voda za\u010dne oh\u0159\u00edvat, a\u017e kdy\u017e to v\u00e1\u017en\u011bchcete. Kdy\u017e oto\u010d\u00edte p\u00e1ku doleva. Tak se \u0161et\u0159\u00ed va\u0161e pen\u00edze i\u00a0na\u0161eplaneta.<\/p>\n<p>Vyt\u0159\u00edben\u00fd perl\u00e1tor<\/p>\n<p>Uvnit\u0159 baterie je d\u016fmysln\u00fd perl\u00e1tor s\u00a0funkc\u00ed EcoFlow. Pr\u016ftok jeomezen\u00fd na 5L za minutu a\u00a0obohacen\u00fd o\u00a0vzduch. Nejsp\u00ed\u0161 si toho aninev\u0161imnete, ale projev\u00ed se to na va\u0161\u00ed spot\u0159eb\u011b vody, kter\u00e1 bude ni\u017e\u0161\u00edne\u017e u\u00a0b\u011b\u017en\u00e9 baterie.<\/p>\n<p>Sametov\u011b b\u00edl\u00e1<\/p>\n<p>Dotkn\u011bte se a\u00a0uc\u00edt\u00edte ten rozd\u00edl. Nen\u00ed to jen oby\u010dejn\u00e1 b\u00edl\u00e1.Proveden\u00ed White Velvet v\u00e1s p\u0159ekvap\u00ed sv\u00fdm sametov\u00fdm povrchem. Vzhledbaterie nav\u00edc neni\u010d\u00ed kapky vody ani vodn\u00ed k\u00e1men, nejsou prost\u011b vid\u011bt.Proto vydr\u017e\u00ed roky kr\u00e1sn\u00e1 a\u00a0neztrat\u00ed nic ze sv\u00e9ho dojmu. Je pro ka\u017ed\u00e9ho,kdo vyzn\u00e1v\u00e1 estetickou jednoduchost.<\/p>\n<p>Ozdob\u00ed tak\u00e9 va\u0161i ze\u010f<\/p>\n<p>Pro milovn\u00edky minimalistick\u00fdch \u0159e\u0161en\u00ed maj\u00ed baterie Espirit i\u00a0\u0159adusubtiln\u00edch podom\u00edtkov\u00fdch model\u016f. K\u00a0umyvadlu, van\u011b nebo do sprchy.<\/p>\n<p>Teplota v\u00e1s u\u017e nep\u0159ekvap\u00ed<\/p>\n<p>Termostatick\u00e1 sprchov\u00e1 baterie udr\u017euje teplotu vody. D\u00edky tomu vodapote\u010de p\u0159esn\u011b tak tepl\u00e1, jak si ji nastav\u00edte. A\u00a0to prakticky okam\u017eit\u011b.Aby v\u00e1m sprchov\u00e1n\u00ed nic nezkazilo.<\/p>\n<p>Made in Italy<\/p>\n<p>Baterie Espirit vznikaj\u00ed v\u00a0tradi\u010dn\u00ed italsk\u00e9 v\u00fdrob\u011b s\u00a0c\u00edlem udr\u017eet arozv\u00edjet origin\u00e1ln\u00ed evropskou produkci.<\/p>\n<p>5\u00a0let z\u00e1ruka<\/p>\n<p>Za kvalitou na\u0161ich v\u00fdrobk\u016f si stoj\u00edme. Proto k\u00a0vodovodn\u00ed bateriiz\u00edsk\u00e1te prodlou\u017eenou p\u011btiletou z\u00e1ruku.<\/p>\n<\/div>\n<div class=\"detail-description__left__more\">\t\t\t\t\t\t<span> <\/span><span> <\/span>\t\t\t\t\t<\/div>\n<\/p><\/div>\n<\/p><\/div>\n<div class=\"detail-description__more\"><span> <\/span><span> <\/span><\/div>\n<\/p><\/div>\n<\/p><\/div>\n<div class=\"tab tab-detail-7\">\n<div class=\"table-size-classic  table-size--selectable\">\n<table>\n<thead>\n<tr>\n<th data-product-code=\"[&quot;K\u00f3d&quot;]\"><span class=\"selected\">Vybr\u00e1no<\/span><span><\/span><\/th>\n<th data-product-code=\"[&quot;X070206&quot;]\"><span class=\"selected\">Vybr\u00e1no<\/span><span>X070206<\/span><\/th>\n<th data-product-code=\"[&quot;X070249&quot;]\"><span class=\"selected\">Vybr\u00e1no<\/span><span>X070249<\/span><\/th>\n<th data-product-code=\"[&quot;X070286&quot;]\"><span class=\"selected\">Vybr\u00e1no<\/span><span>X070286<\/span><\/th>\n<th data-product-code=\"[&quot;X070323&quot;]\"><span class=\"selected\">Vybr\u00e1no<\/span><span>X070323<\/span><\/th>\n<th data-product-code=\"[&quot;X070360&quot;]\"><span class=\"selected\">Vybr\u00e1no<\/span><span>X070360<\/span><\/th>\n<th data-product-code=\"[&quot;X070610&quot;]\"><span class=\"selected\">Vybr\u00e1no<\/span><span>X070610<\/span><\/th>\n<\/tr>\n<\/thead>\n<tbody>\n<tr class=\"space\">\n<td><\/td>\n<td><\/td>\n<td><\/td>\n<td><\/td>\n<td><\/td>\n<td><\/td>\n<td><\/td>\n<\/tr>\n<tr>\n<td><strong>Pr\u016ftok<\/strong><\/td>\n<td>22 \/ 22 l<\/td>\n<td>22 \/ 22 l<\/td>\n<td>22 \/ 22 l<\/td>\n<td>22 \/ 22 l<\/td>\n<td>22 \/ 22 l<\/td>\n<td>22 \/ 22 l<\/td>\n<\/tr>\n<tr>\n<td><strong>Typ baterie<\/strong><\/td>\n<td>Vanov\u00e9 \/ sprchov\u00e9 termostatick\u00e9<\/td>\n<td>Vanov\u00e9 \/ sprchov\u00e9 termostatick\u00e9<\/td>\n<td>Vanov\u00e9 \/ sprchov\u00e9 termostatick\u00e9<\/td>\n<td>Vanov\u00e9 \/ sprchov\u00e9 termostatick\u00e9<\/td>\n<td>Vanov\u00e9 \/ sprchov\u00e9 termostatick\u00e9<\/td>\n<td>Vanov\u00e9 \/ sprchov\u00e9 termostatick\u00e9<\/td>\n<\/tr>\n<tr>\n<td><strong>Materi\u00e1l<\/strong><\/td>\n<td>kov<\/td>\n<td>kov<\/td>\n<td>kov<\/td>\n<td>kov<\/td>\n<td>kov<\/td>\n<td>kov<\/td>\n<\/tr>\n<tr>\n<td><strong>Napojen\u00ed<\/strong><\/td>\n<td>Podom\u00edtkov\u00e1 pro R-box<\/td>\n<td>Podom\u00edtkov\u00e1 pro R-box<\/td>\n<td>Podom\u00edtkov\u00e1 pro R-box<\/td>\n<td>Podom\u00edtkov\u00e1 pro R-box<\/td>\n<td>Podom\u00edtkov\u00e1 pro R-box<\/td>\n<td>Podom\u00edtkov\u00e1 pro R-box<\/td>\n<\/tr>\n<tr>\n<td><strong>Produktov\u00e1 skupina<\/strong><\/td>\n<td>Baterie termostatick\u00e1<\/td>\n<td>Baterie termostatick\u00e1<\/td>\n<td>Baterie termostatick\u00e1<\/td>\n<td>Baterie termostatick\u00e1<\/td>\n<td>Baterie termostatick\u00e1<\/td>\n<td>Baterie termostatick\u00e1<\/td>\n<\/tr>\n<tr>\n<td><strong>P\u016fvod<\/strong><\/td>\n<td>Vyrobeno v \u010cR<\/td>\n<td>Vyrobeno v \u010cR<\/td>\n<td>Vyrobeno v \u010cR<\/td>\n<td>Vyrobeno v \u010cR<\/td>\n<td>Vyrobeno v \u010cR<\/td>\n<td>Vyrobeno v \u010cR<\/td>\n<\/tr>\n<tr>\n<td><strong>OVERFLOW_HEIGHT<\/strong><\/td>\n<td>0<\/td>\n<td>0<\/td>\n<td>0<\/td>\n<td>0<\/td>\n<td>0<\/td>\n<td>0<\/td>\n<\/tr>\n<tr>\n<td><strong>WASTE_DIAMETER<\/strong><\/td>\n<td>0<\/td>\n<td>0<\/td>\n<td>0<\/td>\n<td>0<\/td>\n<td>0<\/td>\n<td>0<\/td>\n<\/tr>\n<tr>\n<td><strong>NUMBER_OF_ELEMENTS<\/strong><\/td>\n<td>0<\/td>\n<td>0<\/td>\n<td>0<\/td>\n<td>0<\/td>\n<td>0<\/td>\n<td>0<\/td>\n<\/tr>\n<tr>\n<td><strong>Instalace<\/strong><\/td>\n<td>podom\u00edtkov\u00e1<\/td>\n<td>podom\u00edtkov\u00e1<\/td>\n<td>podom\u00edtkov\u00e1<\/td>\n<td>podom\u00edtkov\u00e1<\/td>\n<td>podom\u00edtkov\u00e1<\/td>\n<td>podom\u00edtkov\u00e1<\/td>\n<\/tr>\n<tr>\n<td><strong>CONSTRUCTION_HEIGHT<\/strong><\/td>\n<td>0<\/td>\n<td>0<\/td>\n<td>0<\/td>\n<td>0<\/td>\n<td>0<\/td>\n<td>0<\/td>\n<\/tr>\n<tr>\n<td><strong>ODOR_BARRIER_HEIGHT<\/strong><\/td>\n<td>0<\/td>\n<td>0<\/td>\n<td>0<\/td>\n<td>0<\/td>\n<td>0<\/td>\n<td>0<\/td>\n<\/tr>\n<tr>\n<td><strong>Barva<\/strong><\/td>\n<td>leskl\u00fd chrom<\/td>\n<td>B\u00edl\u00e1 matn\u00e1<\/td>\n<td>\u010dern\u00e1 matn\u00e1<\/td>\n<td>tmav\u011b grafitov\u00e1<\/td>\n<td>r\u016f\u017eovozlat\u00e1<\/td>\n<td>zlat\u00e1<\/td>\n<\/tr>\n<\/tbody>\n<\/table>\n<\/div><\/div>\n","protected":false},"excerpt":{"rendered":"<p>Vlastnosti Pr\u016ftok 22 \/ 22\u00a0l Typ baterie Vanov\u00e9 \/ sprchov\u00e9 termostatick\u00e9 Materi\u00e1l kov Napojen\u00ed Podom\u00edtkov\u00e1 pro R-box Produktov\u00e1 skupina Baterie termostatick\u00e1 P\u016fvod Vyrobeno v\u00a0\u010cR Instalace podom\u00edtkov\u00e1 Barva r\u016f\u017eovozlat\u00e1, leskl\u00fd chrom, B\u00edl\u00e1 matn\u00e1, tmav\u011b grafitov\u00e1, zlat\u00e1, \u010dern\u00e1 matn\u00e1 Parametry Zna\u010dka Ravak Popis: Kartu\u0161 (materi\u00e1l): termostatick\u00e1 Proveden\u00ed: 2-cestn\u00e1, s\u00a0p\u0159ep\u00edna\u010dem, bez t\u011blesa\u00a0\u2013 je ur\u010den\u00e1 pro R-box Termo RB\u00a007C.50 [&hellip;]<\/p>\n","protected":false},"featured_media":65829,"comment_status":"open","ping_status":"open","template":"","meta":[],"product_brand":[],"product_cat":[39],"product_tag":[],"class_list":{"0":"post-65729","1":"product","2":"type-product","3":"status-publish","4":"has-post-thumbnail","6":"product_cat-sanita","8":"first","9":"instock","10":"sale","11":"shipping-taxable","12":"purchasable","13":"product-type-simple"},"yoast_head":"<!-- This site is optimized with the Yoast SEO plugin v26.8 - https:\/\/yoast.com\/product\/yoast-seo-wordpress\/ -->\n<title>Zna\u010dkov\u00fd Ravak ES 063.60GLB.O2.RB07C Termostatick\u00e1 podom\u00edtkov\u00e1 baterie 2-cestn\u00e1 bez t\u011blesa, Gold Brushed zlat\u00e1 -<\/title>\n<meta name=\"robots\" content=\"index, follow, max-snippet:-1, max-image-preview:large, max-video-preview:-1\" \/>\n<link rel=\"canonical\" href=\"https:\/\/www.technodompro.com\/index.php\/produkt\/znackovy-ravak-es-063-60glb-o2-rb07c-termostaticka-podomitkova-baterie-2-cestna-bez-telesa-gold-brushed-zlata-65729\/\" \/>\n<meta property=\"og:locale\" content=\"cs_CZ\" \/>\n<meta property=\"og:type\" content=\"article\" \/>\n<meta property=\"og:title\" content=\"Zna\u010dkov\u00fd Ravak ES 063.60GLB.O2.RB07C Termostatick\u00e1 podom\u00edtkov\u00e1 baterie 2-cestn\u00e1 bez t\u011blesa, Gold Brushed zlat\u00e1 -\" \/>\n<meta property=\"og:description\" content=\"Vlastnosti Pr\u016ftok 22 \/ 22\u00a0l Typ baterie Vanov\u00e9 \/ sprchov\u00e9 termostatick\u00e9 Materi\u00e1l kov Napojen\u00ed Podom\u00edtkov\u00e1 pro R-box Produktov\u00e1 skupina Baterie termostatick\u00e1 P\u016fvod Vyrobeno v\u00a0\u010cR Instalace podom\u00edtkov\u00e1 Barva r\u016f\u017eovozlat\u00e1, leskl\u00fd chrom, B\u00edl\u00e1 matn\u00e1, tmav\u011b grafitov\u00e1, zlat\u00e1, \u010dern\u00e1 matn\u00e1 Parametry Zna\u010dka Ravak Popis: Kartu\u0161 (materi\u00e1l): termostatick\u00e1 Proveden\u00ed: 2-cestn\u00e1, s\u00a0p\u0159ep\u00edna\u010dem, bez t\u011blesa\u00a0\u2013 je ur\u010den\u00e1 pro R-box Termo RB\u00a007C.50 [&hellip;]\" \/>\n<meta property=\"og:url\" content=\"https:\/\/www.technodompro.com\/index.php\/produkt\/znackovy-ravak-es-063-60glb-o2-rb07c-termostaticka-podomitkova-baterie-2-cestna-bez-telesa-gold-brushed-zlata-65729\/\" \/>\n<meta property=\"og:image\" content=\"https:\/\/www.technodompro.com\/wp-content\/uploads\/2026\/SK0020545-CZ20260425-091936-0-1777079982-ravak-es-063-60glb-o2-rb07c-termostaticka-podomitkova-bater.webp\" \/>\n\t<meta property=\"og:image:width\" content=\"1000\" \/>\n\t<meta property=\"og:image:height\" content=\"523\" \/>\n\t<meta property=\"og:image:type\" content=\"image\/webp\" \/>\n<meta name=\"twitter:card\" content=\"summary_large_image\" \/>\n<meta name=\"twitter:label1\" content=\"Odhadovan\u00e1 doba \u010dten\u00ed\" \/>\n\t<meta name=\"twitter:data1\" content=\"4 minuty\" \/>\n<script type=\"application\/ld+json\" class=\"yoast-schema-graph\">{\"@context\":\"https:\/\/schema.org\",\"@graph\":[{\"@type\":\"WebPage\",\"@id\":\"https:\/\/www.technodompro.com\/index.php\/produkt\/znackovy-ravak-es-063-60glb-o2-rb07c-termostaticka-podomitkova-baterie-2-cestna-bez-telesa-gold-brushed-zlata-65729\/\",\"url\":\"https:\/\/www.technodompro.com\/index.php\/produkt\/znackovy-ravak-es-063-60glb-o2-rb07c-termostaticka-podomitkova-baterie-2-cestna-bez-telesa-gold-brushed-zlata-65729\/\",\"name\":\"Zna\u010dkov\u00fd Ravak ES 063.60GLB.O2.RB07C Termostatick\u00e1 podom\u00edtkov\u00e1 baterie 2-cestn\u00e1 bez t\u011blesa, Gold Brushed zlat\u00e1 -\",\"isPartOf\":{\"@id\":\"https:\/\/www.technodompro.com\/#website\"},\"primaryImageOfPage\":{\"@id\":\"https:\/\/www.technodompro.com\/index.php\/produkt\/znackovy-ravak-es-063-60glb-o2-rb07c-termostaticka-podomitkova-baterie-2-cestna-bez-telesa-gold-brushed-zlata-65729\/#primaryimage\"},\"image\":{\"@id\":\"https:\/\/www.technodompro.com\/index.php\/produkt\/znackovy-ravak-es-063-60glb-o2-rb07c-termostaticka-podomitkova-baterie-2-cestna-bez-telesa-gold-brushed-zlata-65729\/#primaryimage\"},\"thumbnailUrl\":\"https:\/\/www.technodompro.com\/wp-content\/uploads\/2026\/SK0020545-CZ20260425-091936-0-1777079982-ravak-es-063-60glb-o2-rb07c-termostaticka-podomitkova-bater.webp\",\"datePublished\":\"2026-04-27T04:43:30+00:00\",\"breadcrumb\":{\"@id\":\"https:\/\/www.technodompro.com\/index.php\/produkt\/znackovy-ravak-es-063-60glb-o2-rb07c-termostaticka-podomitkova-baterie-2-cestna-bez-telesa-gold-brushed-zlata-65729\/#breadcrumb\"},\"inLanguage\":\"cs\",\"potentialAction\":[{\"@type\":\"ReadAction\",\"target\":[\"https:\/\/www.technodompro.com\/index.php\/produkt\/znackovy-ravak-es-063-60glb-o2-rb07c-termostaticka-podomitkova-baterie-2-cestna-bez-telesa-gold-brushed-zlata-65729\/\"]}]},{\"@type\":\"ImageObject\",\"inLanguage\":\"cs\",\"@id\":\"https:\/\/www.technodompro.com\/index.php\/produkt\/znackovy-ravak-es-063-60glb-o2-rb07c-termostaticka-podomitkova-baterie-2-cestna-bez-telesa-gold-brushed-zlata-65729\/#primaryimage\",\"url\":\"https:\/\/www.technodompro.com\/wp-content\/uploads\/2026\/SK0020545-CZ20260425-091936-0-1777079982-ravak-es-063-60glb-o2-rb07c-termostaticka-podomitkova-bater.webp\",\"contentUrl\":\"https:\/\/www.technodompro.com\/wp-content\/uploads\/2026\/SK0020545-CZ20260425-091936-0-1777079982-ravak-es-063-60glb-o2-rb07c-termostaticka-podomitkova-bater.webp\",\"width\":1000,\"height\":523},{\"@type\":\"BreadcrumbList\",\"@id\":\"https:\/\/www.technodompro.com\/index.php\/produkt\/znackovy-ravak-es-063-60glb-o2-rb07c-termostaticka-podomitkova-baterie-2-cestna-bez-telesa-gold-brushed-zlata-65729\/#breadcrumb\",\"itemListElement\":[{\"@type\":\"ListItem\",\"position\":1,\"name\":\"Home\",\"item\":\"https:\/\/www.technodompro.com\/\"},{\"@type\":\"ListItem\",\"position\":2,\"name\":\"Products\",\"item\":\"https:\/\/www.technodompro.com\/index.php\/products\/\"},{\"@type\":\"ListItem\",\"position\":3,\"name\":\"Zna\u010dkov\u00fd Ravak ES 063.60GLB.O2.RB07C Termostatick\u00e1 podom\u00edtkov\u00e1 baterie 2-cestn\u00e1 bez t\u011blesa, Gold Brushed zlat\u00e1\"}]},{\"@type\":\"WebSite\",\"@id\":\"https:\/\/www.technodompro.com\/#website\",\"url\":\"https:\/\/www.technodompro.com\/\",\"name\":\"\",\"description\":\"\",\"potentialAction\":[{\"@type\":\"SearchAction\",\"target\":{\"@type\":\"EntryPoint\",\"urlTemplate\":\"https:\/\/www.technodompro.com\/?s={search_term_string}\"},\"query-input\":{\"@type\":\"PropertyValueSpecification\",\"valueRequired\":true,\"valueName\":\"search_term_string\"}}],\"inLanguage\":\"cs\"}]}<\/script>\n<!-- \/ Yoast SEO plugin. -->","yoast_head_json":{"title":"Zna\u010dkov\u00fd Ravak ES 063.60GLB.O2.RB07C Termostatick\u00e1 podom\u00edtkov\u00e1 baterie 2-cestn\u00e1 bez t\u011blesa, Gold Brushed zlat\u00e1 -","robots":{"index":"index","follow":"follow","max-snippet":"max-snippet:-1","max-image-preview":"max-image-preview:large","max-video-preview":"max-video-preview:-1"},"canonical":"https:\/\/www.technodompro.com\/index.php\/produkt\/znackovy-ravak-es-063-60glb-o2-rb07c-termostaticka-podomitkova-baterie-2-cestna-bez-telesa-gold-brushed-zlata-65729\/","og_locale":"cs_CZ","og_type":"article","og_title":"Zna\u010dkov\u00fd Ravak ES 063.60GLB.O2.RB07C Termostatick\u00e1 podom\u00edtkov\u00e1 baterie 2-cestn\u00e1 bez t\u011blesa, Gold Brushed zlat\u00e1 -","og_description":"Vlastnosti Pr\u016ftok 22 \/ 22\u00a0l Typ baterie Vanov\u00e9 \/ sprchov\u00e9 termostatick\u00e9 Materi\u00e1l kov Napojen\u00ed Podom\u00edtkov\u00e1 pro R-box Produktov\u00e1 skupina Baterie termostatick\u00e1 P\u016fvod Vyrobeno v\u00a0\u010cR Instalace podom\u00edtkov\u00e1 Barva r\u016f\u017eovozlat\u00e1, leskl\u00fd chrom, B\u00edl\u00e1 matn\u00e1, tmav\u011b grafitov\u00e1, zlat\u00e1, \u010dern\u00e1 matn\u00e1 Parametry Zna\u010dka Ravak Popis: Kartu\u0161 (materi\u00e1l): termostatick\u00e1 Proveden\u00ed: 2-cestn\u00e1, s\u00a0p\u0159ep\u00edna\u010dem, bez t\u011blesa\u00a0\u2013 je ur\u010den\u00e1 pro R-box Termo RB\u00a007C.50 [&hellip;]","og_url":"https:\/\/www.technodompro.com\/index.php\/produkt\/znackovy-ravak-es-063-60glb-o2-rb07c-termostaticka-podomitkova-baterie-2-cestna-bez-telesa-gold-brushed-zlata-65729\/","og_image":[{"width":1000,"height":523,"url":"https:\/\/www.technodompro.com\/wp-content\/uploads\/2026\/SK0020545-CZ20260425-091936-0-1777079982-ravak-es-063-60glb-o2-rb07c-termostaticka-podomitkova-bater.webp","type":"image\/webp"}],"twitter_card":"summary_large_image","twitter_misc":{"Odhadovan\u00e1 doba \u010dten\u00ed":"4 minuty"},"schema":{"@context":"https:\/\/schema.org","@graph":[{"@type":"WebPage","@id":"https:\/\/www.technodompro.com\/index.php\/produkt\/znackovy-ravak-es-063-60glb-o2-rb07c-termostaticka-podomitkova-baterie-2-cestna-bez-telesa-gold-brushed-zlata-65729\/","url":"https:\/\/www.technodompro.com\/index.php\/produkt\/znackovy-ravak-es-063-60glb-o2-rb07c-termostaticka-podomitkova-baterie-2-cestna-bez-telesa-gold-brushed-zlata-65729\/","name":"Zna\u010dkov\u00fd Ravak ES 063.60GLB.O2.RB07C Termostatick\u00e1 podom\u00edtkov\u00e1 baterie 2-cestn\u00e1 bez t\u011blesa, Gold Brushed zlat\u00e1 -","isPartOf":{"@id":"https:\/\/www.technodompro.com\/#website"},"primaryImageOfPage":{"@id":"https:\/\/www.technodompro.com\/index.php\/produkt\/znackovy-ravak-es-063-60glb-o2-rb07c-termostaticka-podomitkova-baterie-2-cestna-bez-telesa-gold-brushed-zlata-65729\/#primaryimage"},"image":{"@id":"https:\/\/www.technodompro.com\/index.php\/produkt\/znackovy-ravak-es-063-60glb-o2-rb07c-termostaticka-podomitkova-baterie-2-cestna-bez-telesa-gold-brushed-zlata-65729\/#primaryimage"},"thumbnailUrl":"https:\/\/www.technodompro.com\/wp-content\/uploads\/2026\/SK0020545-CZ20260425-091936-0-1777079982-ravak-es-063-60glb-o2-rb07c-termostaticka-podomitkova-bater.webp","datePublished":"2026-04-27T04:43:30+00:00","breadcrumb":{"@id":"https:\/\/www.technodompro.com\/index.php\/produkt\/znackovy-ravak-es-063-60glb-o2-rb07c-termostaticka-podomitkova-baterie-2-cestna-bez-telesa-gold-brushed-zlata-65729\/#breadcrumb"},"inLanguage":"cs","potentialAction":[{"@type":"ReadAction","target":["https:\/\/www.technodompro.com\/index.php\/produkt\/znackovy-ravak-es-063-60glb-o2-rb07c-termostaticka-podomitkova-baterie-2-cestna-bez-telesa-gold-brushed-zlata-65729\/"]}]},{"@type":"ImageObject","inLanguage":"cs","@id":"https:\/\/www.technodompro.com\/index.php\/produkt\/znackovy-ravak-es-063-60glb-o2-rb07c-termostaticka-podomitkova-baterie-2-cestna-bez-telesa-gold-brushed-zlata-65729\/#primaryimage","url":"https:\/\/www.technodompro.com\/wp-content\/uploads\/2026\/SK0020545-CZ20260425-091936-0-1777079982-ravak-es-063-60glb-o2-rb07c-termostaticka-podomitkova-bater.webp","contentUrl":"https:\/\/www.technodompro.com\/wp-content\/uploads\/2026\/SK0020545-CZ20260425-091936-0-1777079982-ravak-es-063-60glb-o2-rb07c-termostaticka-podomitkova-bater.webp","width":1000,"height":523},{"@type":"BreadcrumbList","@id":"https:\/\/www.technodompro.com\/index.php\/produkt\/znackovy-ravak-es-063-60glb-o2-rb07c-termostaticka-podomitkova-baterie-2-cestna-bez-telesa-gold-brushed-zlata-65729\/#breadcrumb","itemListElement":[{"@type":"ListItem","position":1,"name":"Home","item":"https:\/\/www.technodompro.com\/"},{"@type":"ListItem","position":2,"name":"Products","item":"https:\/\/www.technodompro.com\/index.php\/products\/"},{"@type":"ListItem","position":3,"name":"Zna\u010dkov\u00fd Ravak ES 063.60GLB.O2.RB07C Termostatick\u00e1 podom\u00edtkov\u00e1 baterie 2-cestn\u00e1 bez t\u011blesa, Gold Brushed zlat\u00e1"}]},{"@type":"WebSite","@id":"https:\/\/www.technodompro.com\/#website","url":"https:\/\/www.technodompro.com\/","name":"","description":"","potentialAction":[{"@type":"SearchAction","target":{"@type":"EntryPoint","urlTemplate":"https:\/\/www.technodompro.com\/?s={search_term_string}"},"query-input":{"@type":"PropertyValueSpecification","valueRequired":true,"valueName":"search_term_string"}}],"inLanguage":"cs"}]}},"_links":{"self":[{"href":"https:\/\/www.technodompro.com\/index.php\/wp-json\/wp\/v2\/product\/65729","targetHints":{"allow":["GET"]}}],"collection":[{"href":"https:\/\/www.technodompro.com\/index.php\/wp-json\/wp\/v2\/product"}],"about":[{"href":"https:\/\/www.technodompro.com\/index.php\/wp-json\/wp\/v2\/types\/product"}],"replies":[{"embeddable":true,"href":"https:\/\/www.technodompro.com\/index.php\/wp-json\/wp\/v2\/comments?post=65729"}],"wp:featuredmedia":[{"embeddable":true,"href":"https:\/\/www.technodompro.com\/index.php\/wp-json\/wp\/v2\/media\/65829"}],"wp:attachment":[{"href":"https:\/\/www.technodompro.com\/index.php\/wp-json\/wp\/v2\/media?parent=65729"}],"wp:term":[{"taxonomy":"product_brand","embeddable":true,"href":"https:\/\/www.technodompro.com\/index.php\/wp-json\/wp\/v2\/product_brand?post=65729"},{"taxonomy":"product_cat","embeddable":true,"href":"https:\/\/www.technodompro.com\/index.php\/wp-json\/wp\/v2\/product_cat?post=65729"},{"taxonomy":"product_tag","embeddable":true,"href":"https:\/\/www.technodompro.com\/index.php\/wp-json\/wp\/v2\/product_tag?post=65729"}],"curies":[{"name":"wp","href":"https:\/\/api.w.org\/{rel}","templated":true}]}}