{"id":65919,"date":"2026-04-27T04:43:31","date_gmt":"2026-04-27T04:43:31","guid":{"rendered":""},"modified":"2026-04-27T04:43:31","modified_gmt":"2026-04-27T04:43:31","slug":"znackovy-ravak-el-032-00cr-sprchova-nastenna-baterie-bez-sprchoveho-setu-chrome-leskly-chrom-65919","status":"publish","type":"product","link":"https:\/\/www.technodompro.com\/index.php\/produkt\/znackovy-ravak-el-032-00cr-sprchova-nastenna-baterie-bez-sprchoveho-setu-chrome-leskly-chrom-65919\/","title":{"rendered":"Zna\u010dkov\u00fd Ravak EL 032.00CR Sprchov\u00e1 n\u00e1st\u011bnn\u00e1 baterie bez sprchov\u00e9ho setu, Chrome leskl\u00fd chrom"},"content":{"rendered":"<div class=\"detail-description__right\">\n<div class=\"parameters\">\n<div class=\"table table--simple\">\n<table>\n<tbody>\n<tr>\n<td colspan=\"2\">\n<h4>Vlastnosti<\/h4>\n<\/td>\n<\/tr>\n<tr>\n<td>Pr\u016ftok<\/td>\n<td>25 l \/ min<\/td>\n<\/tr>\n<tr>\n<td>Typ baterie<\/td>\n<td>Sprchov\u00e9<\/td>\n<\/tr>\n<tr>\n<td>Materi\u00e1l<\/td>\n<td>kov<\/td>\n<\/tr>\n<tr>\n<td>Napojen\u00ed<\/td>\n<td>N\u00e1st\u011bnn\u00e1<\/td>\n<\/tr>\n<tr>\n<td>Produktov\u00e1 skupina<\/td>\n<td>Baterie sprchov\u00e1<\/td>\n<\/tr>\n<tr>\n<td>P\u016fvod<\/td>\n<td>Vyrobeno v\u00a0\u010cR<\/td>\n<\/tr>\n<tr>\n<td>Instalace<\/td>\n<td>na st\u011bnu<\/td>\n<\/tr>\n<tr>\n<td>Barva<\/td>\n<td>tmav\u011b grafitov\u00e1, \u010dern\u00e1 matn\u00e1, r\u016f\u017eovozlat\u00e1, B\u00edl\u00e1 matn\u00e1, leskl\u00fd chrom<\/td>\n<\/tr>\n<tr>\n<td colspan=\"2\">\n<h4>Parametry<\/h4>\n<\/td>\n<\/tr>\n<tr>\n<td>Zna\u010dka<\/td>\n<td>Ravak<\/td>\n<\/tr>\n<\/tbody>\n<\/table><\/div>\n<\/div><\/div>\n<div class=\"detail-description__top\">\t\t\t\t<\/div>\n<div class=\"detail-description__left\">\n<div class=\"detail-description__left__overflow\">\n<div class=\"detail-description__left__head\">\t\t\t\t\t\tPopis:\t\t\t\t\t<\/div>\n<div class=\"ul-style ul-style--check\">\n<ul class=\"plusminus\">\n<li><i class=\"fas fa-check\"><\/i><span>Rozte\u010d baterie: 150\u00a0mm<\/span><\/li>\n<li><i class=\"fas fa-check\"><\/i><span>Kartu\u0161 (pr\u016fm\u011br, materi\u00e1l): 35\u00a0mm, keramick\u00e1<\/span><\/li>\n<li><i class=\"fas fa-check\"><\/i><span>Barevn\u00e9 proveden\u00ed: CR: chrom leskl\u00fd<\/span><\/li>\n<li><i class=\"fas fa-check\"><\/i><span>Vhodn\u00e1: ke v\u0161em sprchovac\u00edm kout\u016fm<\/span><\/li>\n<li><i class=\"fas fa-check\"><\/i><span>Dopl\u0148ky k\u00a0dokoupen\u00ed: sprchov\u00fd set a dal\u0161\u00ed p\u0159\u00edslu\u0161enstv\u00ed shodn\u00e9ho\tbarevn\u00e9ho proveden\u00ed<\/span><\/li>\n<\/ul>\n<p>Pro ucelen\u00e9 \u0159e\u0161en\u00ed a designov\u00fd soulad koupelny doporu\u010dujeme kombinovats\u00a0ostatn\u00edmi bateriemi Eleganta shodn\u00e9ho barevn\u00e9ho proveden\u00ed. Na vn\u011bj\u0161\u00ed\u010di\u0161t\u011bn\u00ed doporu\u010dujeme pou\u017e\u00edvat \u010dist\u00edc\u00ed p\u0159\u00edpravek Ravak CleanerChrome.<\/p>\n<p>Chytr\u00fd p\u0159\u00edstup k\u00a0\u0161et\u0159en\u00ed<\/p>\n<p>Baterie vybaven\u00e9 funkc\u00ed BeCool \u0161et\u0159\u00ed spot\u0159ebu tepl\u00e9 vody a\u00a0t\u00edmi\u00a0energie. Jakto? Pohyb p\u00e1ky baterie toti\u017e za\u010d\u00edn\u00e1 ve st\u0159edn\u00ed polozea\u00a0te\u010de z\u00a0n\u00ed pouze studen\u00e1 voda. U\u00a0standardn\u00edch bateri\u00ed se v\u00a0t\u00e9topoloze ke studen\u00e9 u\u017e p\u0159im\u00edch\u00e1v\u00e1 i\u00a0voda tepl\u00e1. A\u00a0to \u010dasto zbyte\u010dn\u011b.Ta se p\u0159i kr\u00e1tk\u00e9m opl\u00e1chnut\u00ed rukou toti\u017e ani nedostane ven z\u00a0potrub\u00ed.Syst\u00e9m BeCool zaru\u010d\u00ed, \u017ee se voda za\u010dne oh\u0159\u00edvat, a\u017e kdy\u017e to v\u00e1\u017en\u011bchcete. Kdy\u017e oto\u010d\u00edte p\u00e1ku doleva. Tak se \u0161et\u0159\u00ed va\u0161e pen\u00edze i\u00a0na\u0161eplaneta.<\/p>\n<p>Vyt\u0159\u00edben\u00fd perl\u00e1tor<\/p>\n<p>Uvnit\u0159 baterie je d\u016fmysln\u00fd perl\u00e1tor s\u00a0funkc\u00ed EcoFlow. Pr\u016ftok jeomezen\u00fd na 5L za minutu a\u00a0obohacen\u00fd o\u00a0vzduch. Nejsp\u00ed\u0161 si toho aninev\u0161imnete, ale projev\u00ed se to na va\u0161\u00ed spot\u0159eb\u011b vody, kter\u00e1 bude ni\u017e\u0161\u00edne\u017e u\u00a0b\u011b\u017en\u00e9 baterie.<\/p>\n<p>Sametov\u011b b\u00edl\u00e1<\/p>\n<p>Dotkn\u011bte se a\u00a0uc\u00edt\u00edte ten rozd\u00edl. Nen\u00ed to jen oby\u010dejn\u00e1 b\u00edl\u00e1.Proveden\u00ed White Velvet v\u00e1s p\u0159ekvap\u00ed sv\u00fdm sametov\u00fdm povrchem. Vzhledbaterie nav\u00edc neni\u010d\u00ed kapky vody ani vodn\u00ed k\u00e1men, nejsou prost\u011b vid\u011bt.Proto vydr\u017e\u00ed roky kr\u00e1sn\u00e1 a\u00a0neztrat\u00ed nic ze sv\u00e9ho dojmu. Je pro ka\u017ed\u00e9ho,kdo vyzn\u00e1v\u00e1 estetickou jednoduchost.<\/p>\n<p>Zlat\u00e1, kter\u00e1 zaz\u00e1\u0159\u00ed<\/p>\n<p>Proveden\u00ed z\u00a0r\u016f\u017eov\u00e9ho zlata prom\u011bn\u00ed baterii na klenot. Zlato proz\u00e1\u0159\u00edtmav\u00e9 interi\u00e9ry a dod\u00e1 jim dynamiku a kontrast. Ve sv\u011btl\u00fdch koupeln\u00e1chp\u016fsob\u00ed jemn\u011b a harmonicky. Souzn\u00ed tak\u00e9 v\u00a0p\u0159\u00edrodn\u00edm stylu\u00a0\u2013 kr\u00e1sn\u011blad\u00ed se d\u0159evem.<\/p>\n<p>Ozdob\u00ed tak\u00e9 va\u0161i ze\u010f<\/p>\n<p>Pro milovn\u00edky minimalistick\u00fdch \u0159e\u0161en\u00ed maj\u00ed baterie Eleganta i\u00a0\u0159adusubtiln\u00edch podom\u00edtkov\u00fdch model\u016f. K\u00a0umyvadlu nebo do sprchy.<\/p>\n<p>Made in Italy<\/p>\n<p>Baterie Eleganta vznikaj\u00ed v\u00a0tradi\u010dn\u00ed italsk\u00e9 v\u00fdrob\u011b s\u00a0c\u00edlem udr\u017eeta rozv\u00edjet origin\u00e1ln\u00ed evropskou produkci.<\/p>\n<p>5\u00a0let z\u00e1ruka<\/p>\n<p>Za kvalitou na\u0161ich v\u00fdrobk\u016f si stoj\u00edme. Proto k\u00a0vodovodn\u00ed bateriiz\u00edsk\u00e1te prodlou\u017eenou p\u011btiletou z\u00e1ruku.<\/p>\n<\/div>\n<div class=\"detail-description__left__more\">\t\t\t\t\t\t<span> <\/span><span> <\/span>\t\t\t\t\t<\/div>\n<\/p><\/div>\n<\/p><\/div>\n<div class=\"detail-description__more\"><span> <\/span><span> <\/span><\/div>\n<\/p><\/div>\n<\/p><\/div>\n<div class=\"tab tab-detail-7\">\n<div class=\"table-size-classic  table-size--selectable\">\n<table>\n<thead>\n<tr>\n<th data-product-code=\"[&quot;K\u00f3d&quot;]\"><span class=\"selected\">Vybr\u00e1no<\/span><span><\/span><\/th>\n<th data-product-code=\"[&quot;X070214&quot;]\"><span class=\"selected\">Vybr\u00e1no<\/span><span>X070214<\/span><\/th>\n<th data-product-code=\"[&quot;X070257&quot;]\"><span class=\"selected\">Vybr\u00e1no<\/span><span>X070257<\/span><\/th>\n<th data-product-code=\"[&quot;X070294&quot;]\"><span class=\"selected\">Vybr\u00e1no<\/span><span>X070294<\/span><\/th>\n<th data-product-code=\"[&quot;X070331&quot;]\"><span class=\"selected\">Vybr\u00e1no<\/span><span>X070331<\/span><\/th>\n<th data-product-code=\"[&quot;X070368&quot;]\"><span class=\"selected\">Vybr\u00e1no<\/span><span>X070368<\/span><\/th>\n<\/tr>\n<\/thead>\n<tbody>\n<tr class=\"space\">\n<td><\/td>\n<td><\/td>\n<td><\/td>\n<td><\/td>\n<td><\/td>\n<td><\/td>\n<\/tr>\n<tr>\n<td><strong>Pr\u016ftok<\/strong><\/td>\n<td>25 l \/ min<\/td>\n<td>25 l \/ min<\/td>\n<td>25 l \/ min<\/td>\n<td>25 l \/ min<\/td>\n<td>25 l \/ min<\/td>\n<\/tr>\n<tr>\n<td><strong>Typ baterie<\/strong><\/td>\n<td>Sprchov\u00e9<\/td>\n<td>Sprchov\u00e9<\/td>\n<td>Sprchov\u00e9<\/td>\n<td>Sprchov\u00e9<\/td>\n<td>Sprchov\u00e9<\/td>\n<\/tr>\n<tr>\n<td><strong>Materi\u00e1l<\/strong><\/td>\n<td>kov<\/td>\n<td>kov<\/td>\n<td>kov<\/td>\n<td>kov<\/td>\n<td>kov<\/td>\n<\/tr>\n<tr>\n<td><strong>Napojen\u00ed<\/strong><\/td>\n<td>N\u00e1st\u011bnn\u00e1<\/td>\n<td>N\u00e1st\u011bnn\u00e1<\/td>\n<td>N\u00e1st\u011bnn\u00e1<\/td>\n<td>N\u00e1st\u011bnn\u00e1<\/td>\n<td>N\u00e1st\u011bnn\u00e1<\/td>\n<\/tr>\n<tr>\n<td><strong>Produktov\u00e1 skupina<\/strong><\/td>\n<td>Baterie sprchov\u00e1<\/td>\n<td>Baterie sprchov\u00e1<\/td>\n<td>Baterie sprchov\u00e1<\/td>\n<td>Baterie sprchov\u00e1<\/td>\n<td>Baterie sprchov\u00e1<\/td>\n<\/tr>\n<tr>\n<td><strong>P\u016fvod<\/strong><\/td>\n<td>Vyrobeno v \u010cR<\/td>\n<td>Vyrobeno v \u010cR<\/td>\n<td>Vyrobeno v \u010cR<\/td>\n<td>Vyrobeno v \u010cR<\/td>\n<td>Vyrobeno v \u010cR<\/td>\n<\/tr>\n<tr>\n<td><strong>OVERFLOW_HEIGHT<\/strong><\/td>\n<td>0<\/td>\n<td>0<\/td>\n<td>0<\/td>\n<td>0<\/td>\n<td>0<\/td>\n<\/tr>\n<tr>\n<td><strong>WASTE_DIAMETER<\/strong><\/td>\n<td>0<\/td>\n<td>0<\/td>\n<td>0<\/td>\n<td>0<\/td>\n<td>0<\/td>\n<\/tr>\n<tr>\n<td><strong>NUMBER_OF_ELEMENTS<\/strong><\/td>\n<td>0<\/td>\n<td>0<\/td>\n<td>0<\/td>\n<td>0<\/td>\n<td>0<\/td>\n<\/tr>\n<tr>\n<td><strong>Instalace<\/strong><\/td>\n<td>na st\u011bnu<\/td>\n<td>na st\u011bnu<\/td>\n<td>na st\u011bnu<\/td>\n<td>na st\u011bnu<\/td>\n<td>na st\u011bnu<\/td>\n<\/tr>\n<tr>\n<td><strong>CONSTRUCTION_HEIGHT<\/strong><\/td>\n<td>0<\/td>\n<td>0<\/td>\n<td>0<\/td>\n<td>0<\/td>\n<td>0<\/td>\n<\/tr>\n<tr>\n<td><strong>ODOR_BARRIER_HEIGHT<\/strong><\/td>\n<td>0<\/td>\n<td>0<\/td>\n<td>0<\/td>\n<td>0<\/td>\n<td>0<\/td>\n<\/tr>\n<tr>\n<td><strong>Barva<\/strong><\/td>\n<td>leskl\u00fd chrom<\/td>\n<td>B\u00edl\u00e1 matn\u00e1<\/td>\n<td>\u010dern\u00e1 matn\u00e1<\/td>\n<td>tmav\u011b grafitov\u00e1<\/td>\n<td>r\u016f\u017eovozlat\u00e1<\/td>\n<\/tr>\n<\/tbody>\n<\/table>\n<\/div><\/div>\n","protected":false},"excerpt":{"rendered":"<p>Vlastnosti Pr\u016ftok 25 l \/ min Typ baterie Sprchov\u00e9 Materi\u00e1l kov Napojen\u00ed N\u00e1st\u011bnn\u00e1 Produktov\u00e1 skupina Baterie sprchov\u00e1 P\u016fvod Vyrobeno v\u00a0\u010cR Instalace na st\u011bnu Barva tmav\u011b grafitov\u00e1, \u010dern\u00e1 matn\u00e1, r\u016f\u017eovozlat\u00e1, B\u00edl\u00e1 matn\u00e1, leskl\u00fd chrom Parametry Zna\u010dka Ravak Popis: Rozte\u010d baterie: 150\u00a0mm Kartu\u0161 (pr\u016fm\u011br, materi\u00e1l): 35\u00a0mm, keramick\u00e1 Barevn\u00e9 proveden\u00ed: CR: chrom leskl\u00fd Vhodn\u00e1: ke v\u0161em sprchovac\u00edm kout\u016fm [&hellip;]<\/p>\n","protected":false},"featured_media":66019,"comment_status":"open","ping_status":"open","template":"","meta":[],"product_brand":[],"product_cat":[39],"product_tag":[],"class_list":{"0":"post-65919","1":"product","2":"type-product","3":"status-publish","4":"has-post-thumbnail","6":"product_cat-sanita","8":"first","9":"instock","10":"sale","11":"shipping-taxable","12":"purchasable","13":"product-type-simple"},"yoast_head":"<!-- This site is optimized with the Yoast SEO plugin v26.8 - https:\/\/yoast.com\/product\/yoast-seo-wordpress\/ -->\n<title>Zna\u010dkov\u00fd Ravak EL 032.00CR Sprchov\u00e1 n\u00e1st\u011bnn\u00e1 baterie bez sprchov\u00e9ho setu, Chrome leskl\u00fd chrom -<\/title>\n<meta name=\"robots\" content=\"index, follow, max-snippet:-1, max-image-preview:large, max-video-preview:-1\" \/>\n<link rel=\"canonical\" href=\"https:\/\/www.technodompro.com\/index.php\/produkt\/znackovy-ravak-el-032-00cr-sprchova-nastenna-baterie-bez-sprchoveho-setu-chrome-leskly-chrom-65919\/\" \/>\n<meta property=\"og:locale\" content=\"cs_CZ\" \/>\n<meta property=\"og:type\" content=\"article\" \/>\n<meta property=\"og:title\" content=\"Zna\u010dkov\u00fd Ravak EL 032.00CR Sprchov\u00e1 n\u00e1st\u011bnn\u00e1 baterie bez sprchov\u00e9ho setu, Chrome leskl\u00fd chrom -\" \/>\n<meta property=\"og:description\" content=\"Vlastnosti Pr\u016ftok 25 l \/ min Typ baterie Sprchov\u00e9 Materi\u00e1l kov Napojen\u00ed N\u00e1st\u011bnn\u00e1 Produktov\u00e1 skupina Baterie sprchov\u00e1 P\u016fvod Vyrobeno v\u00a0\u010cR Instalace na st\u011bnu Barva tmav\u011b grafitov\u00e1, \u010dern\u00e1 matn\u00e1, r\u016f\u017eovozlat\u00e1, B\u00edl\u00e1 matn\u00e1, leskl\u00fd chrom Parametry Zna\u010dka Ravak Popis: Rozte\u010d baterie: 150\u00a0mm Kartu\u0161 (pr\u016fm\u011br, materi\u00e1l): 35\u00a0mm, keramick\u00e1 Barevn\u00e9 proveden\u00ed: CR: chrom leskl\u00fd Vhodn\u00e1: ke v\u0161em sprchovac\u00edm kout\u016fm [&hellip;]\" \/>\n<meta property=\"og:url\" content=\"https:\/\/www.technodompro.com\/index.php\/produkt\/znackovy-ravak-el-032-00cr-sprchova-nastenna-baterie-bez-sprchoveho-setu-chrome-leskly-chrom-65919\/\" \/>\n<meta property=\"og:image\" content=\"https:\/\/www.technodompro.com\/wp-content\/uploads\/2026\/SK0020635-CZ20260425-091936-0-1777079982-ravak-el-032-00cr-sprchova-nastenna-baterie-bez-sprchoveho-.webp\" \/>\n\t<meta property=\"og:image:width\" content=\"1000\" \/>\n\t<meta property=\"og:image:height\" content=\"523\" \/>\n\t<meta property=\"og:image:type\" content=\"image\/webp\" \/>\n<meta name=\"twitter:card\" content=\"summary_large_image\" \/>\n<meta name=\"twitter:label1\" content=\"Odhadovan\u00e1 doba \u010dten\u00ed\" \/>\n\t<meta name=\"twitter:data1\" content=\"3 minuty\" \/>\n<script type=\"application\/ld+json\" class=\"yoast-schema-graph\">{\"@context\":\"https:\/\/schema.org\",\"@graph\":[{\"@type\":\"WebPage\",\"@id\":\"https:\/\/www.technodompro.com\/index.php\/produkt\/znackovy-ravak-el-032-00cr-sprchova-nastenna-baterie-bez-sprchoveho-setu-chrome-leskly-chrom-65919\/\",\"url\":\"https:\/\/www.technodompro.com\/index.php\/produkt\/znackovy-ravak-el-032-00cr-sprchova-nastenna-baterie-bez-sprchoveho-setu-chrome-leskly-chrom-65919\/\",\"name\":\"Zna\u010dkov\u00fd Ravak EL 032.00CR Sprchov\u00e1 n\u00e1st\u011bnn\u00e1 baterie bez sprchov\u00e9ho setu, Chrome leskl\u00fd chrom -\",\"isPartOf\":{\"@id\":\"https:\/\/www.technodompro.com\/#website\"},\"primaryImageOfPage\":{\"@id\":\"https:\/\/www.technodompro.com\/index.php\/produkt\/znackovy-ravak-el-032-00cr-sprchova-nastenna-baterie-bez-sprchoveho-setu-chrome-leskly-chrom-65919\/#primaryimage\"},\"image\":{\"@id\":\"https:\/\/www.technodompro.com\/index.php\/produkt\/znackovy-ravak-el-032-00cr-sprchova-nastenna-baterie-bez-sprchoveho-setu-chrome-leskly-chrom-65919\/#primaryimage\"},\"thumbnailUrl\":\"https:\/\/www.technodompro.com\/wp-content\/uploads\/2026\/SK0020635-CZ20260425-091936-0-1777079982-ravak-el-032-00cr-sprchova-nastenna-baterie-bez-sprchoveho-.webp\",\"datePublished\":\"2026-04-27T04:43:31+00:00\",\"breadcrumb\":{\"@id\":\"https:\/\/www.technodompro.com\/index.php\/produkt\/znackovy-ravak-el-032-00cr-sprchova-nastenna-baterie-bez-sprchoveho-setu-chrome-leskly-chrom-65919\/#breadcrumb\"},\"inLanguage\":\"cs\",\"potentialAction\":[{\"@type\":\"ReadAction\",\"target\":[\"https:\/\/www.technodompro.com\/index.php\/produkt\/znackovy-ravak-el-032-00cr-sprchova-nastenna-baterie-bez-sprchoveho-setu-chrome-leskly-chrom-65919\/\"]}]},{\"@type\":\"ImageObject\",\"inLanguage\":\"cs\",\"@id\":\"https:\/\/www.technodompro.com\/index.php\/produkt\/znackovy-ravak-el-032-00cr-sprchova-nastenna-baterie-bez-sprchoveho-setu-chrome-leskly-chrom-65919\/#primaryimage\",\"url\":\"https:\/\/www.technodompro.com\/wp-content\/uploads\/2026\/SK0020635-CZ20260425-091936-0-1777079982-ravak-el-032-00cr-sprchova-nastenna-baterie-bez-sprchoveho-.webp\",\"contentUrl\":\"https:\/\/www.technodompro.com\/wp-content\/uploads\/2026\/SK0020635-CZ20260425-091936-0-1777079982-ravak-el-032-00cr-sprchova-nastenna-baterie-bez-sprchoveho-.webp\",\"width\":1000,\"height\":523},{\"@type\":\"BreadcrumbList\",\"@id\":\"https:\/\/www.technodompro.com\/index.php\/produkt\/znackovy-ravak-el-032-00cr-sprchova-nastenna-baterie-bez-sprchoveho-setu-chrome-leskly-chrom-65919\/#breadcrumb\",\"itemListElement\":[{\"@type\":\"ListItem\",\"position\":1,\"name\":\"Home\",\"item\":\"https:\/\/www.technodompro.com\/\"},{\"@type\":\"ListItem\",\"position\":2,\"name\":\"Products\",\"item\":\"https:\/\/www.technodompro.com\/index.php\/products\/\"},{\"@type\":\"ListItem\",\"position\":3,\"name\":\"Zna\u010dkov\u00fd Ravak EL 032.00CR Sprchov\u00e1 n\u00e1st\u011bnn\u00e1 baterie bez sprchov\u00e9ho setu, Chrome leskl\u00fd chrom\"}]},{\"@type\":\"WebSite\",\"@id\":\"https:\/\/www.technodompro.com\/#website\",\"url\":\"https:\/\/www.technodompro.com\/\",\"name\":\"\",\"description\":\"\",\"potentialAction\":[{\"@type\":\"SearchAction\",\"target\":{\"@type\":\"EntryPoint\",\"urlTemplate\":\"https:\/\/www.technodompro.com\/?s={search_term_string}\"},\"query-input\":{\"@type\":\"PropertyValueSpecification\",\"valueRequired\":true,\"valueName\":\"search_term_string\"}}],\"inLanguage\":\"cs\"}]}<\/script>\n<!-- \/ Yoast SEO plugin. -->","yoast_head_json":{"title":"Zna\u010dkov\u00fd Ravak EL 032.00CR Sprchov\u00e1 n\u00e1st\u011bnn\u00e1 baterie bez sprchov\u00e9ho setu, Chrome leskl\u00fd chrom -","robots":{"index":"index","follow":"follow","max-snippet":"max-snippet:-1","max-image-preview":"max-image-preview:large","max-video-preview":"max-video-preview:-1"},"canonical":"https:\/\/www.technodompro.com\/index.php\/produkt\/znackovy-ravak-el-032-00cr-sprchova-nastenna-baterie-bez-sprchoveho-setu-chrome-leskly-chrom-65919\/","og_locale":"cs_CZ","og_type":"article","og_title":"Zna\u010dkov\u00fd Ravak EL 032.00CR Sprchov\u00e1 n\u00e1st\u011bnn\u00e1 baterie bez sprchov\u00e9ho setu, Chrome leskl\u00fd chrom -","og_description":"Vlastnosti Pr\u016ftok 25 l \/ min Typ baterie Sprchov\u00e9 Materi\u00e1l kov Napojen\u00ed N\u00e1st\u011bnn\u00e1 Produktov\u00e1 skupina Baterie sprchov\u00e1 P\u016fvod Vyrobeno v\u00a0\u010cR Instalace na st\u011bnu Barva tmav\u011b grafitov\u00e1, \u010dern\u00e1 matn\u00e1, r\u016f\u017eovozlat\u00e1, B\u00edl\u00e1 matn\u00e1, leskl\u00fd chrom Parametry Zna\u010dka Ravak Popis: Rozte\u010d baterie: 150\u00a0mm Kartu\u0161 (pr\u016fm\u011br, materi\u00e1l): 35\u00a0mm, keramick\u00e1 Barevn\u00e9 proveden\u00ed: CR: chrom leskl\u00fd Vhodn\u00e1: ke v\u0161em sprchovac\u00edm kout\u016fm [&hellip;]","og_url":"https:\/\/www.technodompro.com\/index.php\/produkt\/znackovy-ravak-el-032-00cr-sprchova-nastenna-baterie-bez-sprchoveho-setu-chrome-leskly-chrom-65919\/","og_image":[{"width":1000,"height":523,"url":"https:\/\/www.technodompro.com\/wp-content\/uploads\/2026\/SK0020635-CZ20260425-091936-0-1777079982-ravak-el-032-00cr-sprchova-nastenna-baterie-bez-sprchoveho-.webp","type":"image\/webp"}],"twitter_card":"summary_large_image","twitter_misc":{"Odhadovan\u00e1 doba \u010dten\u00ed":"3 minuty"},"schema":{"@context":"https:\/\/schema.org","@graph":[{"@type":"WebPage","@id":"https:\/\/www.technodompro.com\/index.php\/produkt\/znackovy-ravak-el-032-00cr-sprchova-nastenna-baterie-bez-sprchoveho-setu-chrome-leskly-chrom-65919\/","url":"https:\/\/www.technodompro.com\/index.php\/produkt\/znackovy-ravak-el-032-00cr-sprchova-nastenna-baterie-bez-sprchoveho-setu-chrome-leskly-chrom-65919\/","name":"Zna\u010dkov\u00fd Ravak EL 032.00CR Sprchov\u00e1 n\u00e1st\u011bnn\u00e1 baterie bez sprchov\u00e9ho setu, Chrome leskl\u00fd chrom -","isPartOf":{"@id":"https:\/\/www.technodompro.com\/#website"},"primaryImageOfPage":{"@id":"https:\/\/www.technodompro.com\/index.php\/produkt\/znackovy-ravak-el-032-00cr-sprchova-nastenna-baterie-bez-sprchoveho-setu-chrome-leskly-chrom-65919\/#primaryimage"},"image":{"@id":"https:\/\/www.technodompro.com\/index.php\/produkt\/znackovy-ravak-el-032-00cr-sprchova-nastenna-baterie-bez-sprchoveho-setu-chrome-leskly-chrom-65919\/#primaryimage"},"thumbnailUrl":"https:\/\/www.technodompro.com\/wp-content\/uploads\/2026\/SK0020635-CZ20260425-091936-0-1777079982-ravak-el-032-00cr-sprchova-nastenna-baterie-bez-sprchoveho-.webp","datePublished":"2026-04-27T04:43:31+00:00","breadcrumb":{"@id":"https:\/\/www.technodompro.com\/index.php\/produkt\/znackovy-ravak-el-032-00cr-sprchova-nastenna-baterie-bez-sprchoveho-setu-chrome-leskly-chrom-65919\/#breadcrumb"},"inLanguage":"cs","potentialAction":[{"@type":"ReadAction","target":["https:\/\/www.technodompro.com\/index.php\/produkt\/znackovy-ravak-el-032-00cr-sprchova-nastenna-baterie-bez-sprchoveho-setu-chrome-leskly-chrom-65919\/"]}]},{"@type":"ImageObject","inLanguage":"cs","@id":"https:\/\/www.technodompro.com\/index.php\/produkt\/znackovy-ravak-el-032-00cr-sprchova-nastenna-baterie-bez-sprchoveho-setu-chrome-leskly-chrom-65919\/#primaryimage","url":"https:\/\/www.technodompro.com\/wp-content\/uploads\/2026\/SK0020635-CZ20260425-091936-0-1777079982-ravak-el-032-00cr-sprchova-nastenna-baterie-bez-sprchoveho-.webp","contentUrl":"https:\/\/www.technodompro.com\/wp-content\/uploads\/2026\/SK0020635-CZ20260425-091936-0-1777079982-ravak-el-032-00cr-sprchova-nastenna-baterie-bez-sprchoveho-.webp","width":1000,"height":523},{"@type":"BreadcrumbList","@id":"https:\/\/www.technodompro.com\/index.php\/produkt\/znackovy-ravak-el-032-00cr-sprchova-nastenna-baterie-bez-sprchoveho-setu-chrome-leskly-chrom-65919\/#breadcrumb","itemListElement":[{"@type":"ListItem","position":1,"name":"Home","item":"https:\/\/www.technodompro.com\/"},{"@type":"ListItem","position":2,"name":"Products","item":"https:\/\/www.technodompro.com\/index.php\/products\/"},{"@type":"ListItem","position":3,"name":"Zna\u010dkov\u00fd Ravak EL 032.00CR Sprchov\u00e1 n\u00e1st\u011bnn\u00e1 baterie bez sprchov\u00e9ho setu, Chrome leskl\u00fd chrom"}]},{"@type":"WebSite","@id":"https:\/\/www.technodompro.com\/#website","url":"https:\/\/www.technodompro.com\/","name":"","description":"","potentialAction":[{"@type":"SearchAction","target":{"@type":"EntryPoint","urlTemplate":"https:\/\/www.technodompro.com\/?s={search_term_string}"},"query-input":{"@type":"PropertyValueSpecification","valueRequired":true,"valueName":"search_term_string"}}],"inLanguage":"cs"}]}},"_links":{"self":[{"href":"https:\/\/www.technodompro.com\/index.php\/wp-json\/wp\/v2\/product\/65919","targetHints":{"allow":["GET"]}}],"collection":[{"href":"https:\/\/www.technodompro.com\/index.php\/wp-json\/wp\/v2\/product"}],"about":[{"href":"https:\/\/www.technodompro.com\/index.php\/wp-json\/wp\/v2\/types\/product"}],"replies":[{"embeddable":true,"href":"https:\/\/www.technodompro.com\/index.php\/wp-json\/wp\/v2\/comments?post=65919"}],"wp:featuredmedia":[{"embeddable":true,"href":"https:\/\/www.technodompro.com\/index.php\/wp-json\/wp\/v2\/media\/66019"}],"wp:attachment":[{"href":"https:\/\/www.technodompro.com\/index.php\/wp-json\/wp\/v2\/media?parent=65919"}],"wp:term":[{"taxonomy":"product_brand","embeddable":true,"href":"https:\/\/www.technodompro.com\/index.php\/wp-json\/wp\/v2\/product_brand?post=65919"},{"taxonomy":"product_cat","embeddable":true,"href":"https:\/\/www.technodompro.com\/index.php\/wp-json\/wp\/v2\/product_cat?post=65919"},{"taxonomy":"product_tag","embeddable":true,"href":"https:\/\/www.technodompro.com\/index.php\/wp-json\/wp\/v2\/product_tag?post=65919"}],"curies":[{"name":"wp","href":"https:\/\/api.w.org\/{rel}","templated":true}]}}