{"id":65941,"date":"2026-04-27T04:43:31","date_gmt":"2026-04-27T04:43:31","guid":{"rendered":""},"modified":"2026-04-27T04:43:31","modified_gmt":"2026-04-27T04:43:31","slug":"znackovy-ravak-blps-90-satin-transparent-65941","status":"publish","type":"product","link":"https:\/\/www.technodompro.com\/index.php\/produkt\/znackovy-ravak-blps-90-satin-transparent-65941\/","title":{"rendered":"Zna\u010dkov\u00fd Ravak BLPS 90, satin+transparent"},"content":{"rendered":"<div class=\"detail-description__right\">\n<div class=\"parameters\">\n<div class=\"table table--simple\">\n<table>\n<tbody>\n<tr>\n<td colspan=\"2\">\n<h4>Vlastnosti<\/h4>\n<\/td>\n<\/tr>\n<tr>\n<td>Strana<\/td>\n<td>oto\u010diteln\u00e1<\/td>\n<\/tr>\n<tr>\n<td>Typ dve\u0159\u00ed<\/td>\n<td>pevn\u00e9<\/td>\n<\/tr>\n<tr>\n<td>V\u00fdpl\u0148<\/td>\n<td>Transparent, Grape<\/td>\n<\/tr>\n<tr>\n<td>Typ v\u00fdpln\u011b<\/td>\n<td>sklo<\/td>\n<\/tr>\n<tr>\n<td>Tlou\u0161\u0165ka<\/td>\n<td>6 mm<\/td>\n<\/tr>\n<tr>\n<td>SHAPE<\/td>\n<td>Pevn\u00e9 st\u011bny<\/td>\n<\/tr>\n<tr>\n<td>Materi\u00e1l<\/td>\n<td>kov \/ sklo<\/td>\n<\/tr>\n<tr>\n<td>Produktov\u00e1 skupina<\/td>\n<td>Pevn\u00e1 st\u011bna<\/td>\n<\/tr>\n<tr>\n<td>P\u016fvod<\/td>\n<td>Vyrobeno v\u00a0\u010cR<\/td>\n<\/tr>\n<tr>\n<td>Instalace<\/td>\n<td>na vani\u010dku \/ bez vani\u010dky<\/td>\n<\/tr>\n<tr>\n<td>Barva<\/td>\n<td>sv\u011btle \u0161ed\u00e1, b\u00edl\u00e1, chrom<\/td>\n<\/tr>\n<tr>\n<td colspan=\"2\">\n<h4>Parametry<\/h4>\n<\/td>\n<\/tr>\n<tr>\n<td>Zna\u010dka<\/td>\n<td>Ravak<\/td>\n<\/tr>\n<\/tbody>\n<\/table><\/div>\n<\/div><\/div>\n<div class=\"detail-description__top\">\t\t\t\t<\/div>\n<div class=\"detail-description__left\">\n<div class=\"detail-description__left__overflow\">\n<div class=\"detail-description__left__head\">\t\t\t\t\t\tPopis:\t\t\t\t\t<\/div>\n<div class=\"ul-style ul-style--check\">\n<ul class=\"plusminus\">\n<li><i class=\"fas fa-check\"><\/i><span>Rozmer: 100\u00a0cm<\/span><\/li>\n<li><i class=\"fas fa-check\"><\/i><span>Farebn\u00e9 vyhotovenie: r\u00e1m\u00a0\u2013 biely<\/span><\/li>\n<li><i class=\"fas fa-check\"><\/i><span>V\u00fdpl\u0148 z\u00a0bezpe\u010dnostn\u00e9ho skla: 6\u00a0mm; Transparent<\/span><\/li>\n<li><i class=\"fas fa-check\"><\/i><span>V\u00fd\u0161ka v\u00fdrobku: 190\u00a0cm<\/span><\/li>\n<\/ul>\n<p>V\u00fdrobok tvor\u00ed jeden pevn\u00fd diel. Montuje sa do oblo\u017een\u00e9ho rohu k\u00fape\u013ene(v\u00a0kombin\u00e1cii so sprchov\u00fdmi dverami BLDP2) na vani\u010dky Ravak Perseus Pro,Perseus Pro Chrome, Gigant Pro, Gigant Pro Flat, Gigant Pro Chrome alebo priamona podlahu so zabudovan\u00fdm odtokov\u00fdm \u017e\u013eabom \u010di podlahov\u00fdm vpustom. Pevn\u00e1stena nie je ur\u010den\u00e1 na samostatn\u00e9 pou\u017eitie. Kombin\u00e1ciou sprchov\u00fdch dver\u00eds\u00a0dvoma pevn\u00fdmi stenami typu BLPS vytvor\u00edte sprchov\u00fd k\u00fat v\u00a0tvare \u201eU\u201c.Pou\u017eit\u00edm roz\u0161irovacieho profilu BLNPS mo\u017eno v\u00fdrobok roz\u0161\u00edri\u0165o\u00a020\u00a0mm.<\/p>\n<p>Posuvn\u00e9 dvere \u0161etria miesto<\/p>\n<p>Sprchov\u00fd k\u00fat s\u00a0posuvn\u00fdmi dverami je vhodn\u00fd aj do men\u0161\u00edch k\u00fape\u013en\u00ed.Nezaber\u00e1 centimeter navy\u0161e, ani ke\u010f ho otvor\u00edte.<\/p>\n<p>Pr\u00edjemne tich\u00fd<\/p>\n<p>Dvere maj\u00fa tich\u00fd pojazd. Kolieska, ktor\u00e9 zabezpe\u010duj\u00fa pohyb, chr\u00e1nia atlmia silik\u00f3n. A\u00a0tak po\u010dujete len jedin\u00fd zvuk\u00a0\u2013 cvaknutie magnetov.Zatvorte dvere a m\u00e1te chv\u00ed\u013eku len pre\u00a0seba.<\/p>\n<p>\u010cas na upratovanie? Vyklopte to<\/p>\n<p>V\u00fdklopn\u00fd mechanizmus rie\u0161i jednoduch\u00fa \u00fadr\u017ebu. Pri upratovan\u00ed sta\u010d\u00edstla\u010di\u0165 p\u00e1\u010dku a vyklopi\u0165 dvere. Tak sa okam\u017eite dostanete aj do hor\u0161iedostupn\u00fdch\u00a0miest.<\/p>\n<p>K\u00fapanie aj bez vane<\/p>\n<p>Miluj\u00fa va\u0161e deti k\u00fapanie? Aj v\u00a0malej k\u00fape\u013eni im to m\u00f4\u017eete dopria\u0165.Skombinujte Blix s\u00a0hlbokou sedacou vani\u010dkou Sabina.<\/p>\n<p>Na vani\u010dku aj na podlahu<\/p>\n<p>Dopl\u0148te si sprchov\u00fd k\u00fat vani\u010dkou alebo odtokov\u00fdm \u017e\u013eabom z\u00a0na\u0161ej\u0161irokej ponuky. Pri in\u0161tal\u00e1cii k\u00fata priamo na podlahu sa stane k\u00fatprirodzenou s\u00fa\u010das\u0165ou interi\u00e9ru a nech\u00e1 vynikn\u00fa\u0165 dla\u017ebu k\u00fape\u013ene.<\/p>\n<p>\u0160t\u00edt proti usadenin\u00e1m<\/p>\n<p>Aj t\u00e1 naj\u010distej\u0161ia voda zanech\u00e1va stopy. A\u00a0to je (vodn\u00fd) kame\u0148 \u00farazu.Sklo chr\u00e1nime patentovanou technol\u00f3giou RAVAK AntiCalc\u00ae. T\u00e1 p\u00f4sob\u00ed protiusadzovaniu vodn\u00e9ho kame\u0148a a upratovanie tak bude zase o\u00a0nie\u010do \u013eah\u0161ie.<\/p>\n<p>Mont\u00e1\u017e v\u017edy na jednotku<\/p>\n<p>Drobn\u00e9 stavebn\u00e9 nerovnosti? Nez\u00fafajte\u00a0\u2013 Blix m\u00e1 rie\u0161enie. Jehoustavovacie profily umo\u017e\u0148uj\u00fa nastavenie k\u00fata na ka\u017edej strane a\u017eo\u00a010\u00a0milimetrov. Alebo si zaobstarajte pred\u013a\u017een\u00fd ustavovac\u00ed profil aroz\u0161\u00edrte sprchov\u00fd k\u00fat o\u00a0\u010fal\u0161\u00edch 20\u00a0milimetrov.<\/p>\n<p>Z\u00e1ruka 5\u00a0rokov<\/p>\n<p>Za kvalitou na\u0161ich v\u00fdrobkov si stoj\u00edme. Preto k\u00a0sprchov\u00e9mu k\u00fatuz\u00edskate pred\u013a\u017een\u00fa p\u00e4\u0165ro\u010dn\u00fa z\u00e1ruku.<\/p>\n<\/div>\n<div class=\"detail-description__left__more\">\t\t\t\t\t\t<span> <\/span><span> <\/span>\t\t\t\t\t<\/div>\n<\/p><\/div>\n<div class=\"extra-note\">\n<p>Pred mont\u00e1\u017eou v\u00fdrobku venujte pozornos\u0165 technick\u00fdm dokumentomv\u00a0z\u00e1lo\u017eke \u201eNa stiahnutie\u201c, \u010d\u00edslica uveden\u00e1 v\u00a0n\u00e1zve konkr\u00e9tnehov\u00fdrobku, neud\u00e1va jeho presn\u00fd rozmer.<\/p>\n<\/p><\/div>\n<\/p><\/div>\n<div class=\"detail-description__more\"><span> <\/span><span> <\/span><\/div>\n<\/p><\/div>\n<\/p><\/div>\n<div class=\"tab tab-detail-7\">\n<div class=\"table-size-classic  table-size--selectable\">\n<table>\n<thead>\n<tr>\n<th data-product-code=\"[&quot;K\u00f3d&quot;]\"><span class=\"selected\">Vybr\u00e1no<\/span><span><\/span><\/th>\n<th data-product-code=\"[&quot;9BH40100Z1&quot;]\"><span class=\"selected\">Vybr\u00e1no<\/span><span>9BH40100Z1<\/span><\/th>\n<th data-product-code=\"[&quot;9BH40100ZG&quot;]\"><span class=\"selected\">Vybr\u00e1no<\/span><span>9BH40100ZG<\/span><\/th>\n<th data-product-code=\"[&quot;9BH40C00Z1&quot;]\"><span class=\"selected\">Vybr\u00e1no<\/span><span>9BH40C00Z1<\/span><\/th>\n<th data-product-code=\"[&quot;9BH40C00ZG&quot;]\"><span class=\"selected\">Vybr\u00e1no<\/span><span>9BH40C00ZG<\/span><\/th>\n<th data-product-code=\"[&quot;9BH40U00Z1&quot;]\"><span class=\"selected\">Vybr\u00e1no<\/span><span>9BH40U00Z1<\/span><\/th>\n<th data-product-code=\"[&quot;9BH40U00ZG&quot;]\"><span class=\"selected\">Vybr\u00e1no<\/span><span>9BH40U00ZG<\/span><\/th>\n<th data-product-code=\"[&quot;9BH70100Z1&quot;]\"><span class=\"selected\">Vybr\u00e1no<\/span><span>9BH70100Z1<\/span><\/th>\n<th data-product-code=\"[&quot;9BH70100ZG&quot;]\"><span class=\"selected\">Vybr\u00e1no<\/span><span>9BH70100ZG<\/span><\/th>\n<th data-product-code=\"[&quot;9BH70C00Z1&quot;]\"><span class=\"selected\">Vybr\u00e1no<\/span><span>9BH70C00Z1<\/span><\/th>\n<th data-product-code=\"[&quot;9BH70C00ZG&quot;]\"><span class=\"selected\">Vybr\u00e1no<\/span><span>9BH70C00ZG<\/span><\/th>\n<th data-product-code=\"[&quot;9BH70U00Z1&quot;]\"><span class=\"selected\">Vybr\u00e1no<\/span><span>9BH70U00Z1<\/span><\/th>\n<th data-product-code=\"[&quot;9BH70U00ZG&quot;]\"><span class=\"selected\">Vybr\u00e1no<\/span><span>9BH70U00ZG<\/span><\/th>\n<th data-product-code=\"[&quot;9BHA0100Z1&quot;]\"><span class=\"selected\">Vybr\u00e1no<\/span><span>9BHA0100Z1<\/span><\/th>\n<th data-product-code=\"[&quot;9BHA0100ZG&quot;]\"><span class=\"selected\">Vybr\u00e1no<\/span><span>9BHA0100ZG<\/span><\/th>\n<th data-product-code=\"[&quot;9BHA0C00Z1&quot;]\"><span class=\"selected\">Vybr\u00e1no<\/span><span>9BHA0C00Z1<\/span><\/th>\n<th data-product-code=\"[&quot;9BHA0C00ZG&quot;]\"><span class=\"selected\">Vybr\u00e1no<\/span><span>9BHA0C00ZG<\/span><\/th>\n<th data-product-code=\"[&quot;9BHA0U00Z1&quot;]\"><span class=\"selected\">Vybr\u00e1no<\/span><span>9BHA0U00Z1<\/span><\/th>\n<th data-product-code=\"[&quot;9BHA0U00ZG&quot;]\"><span class=\"selected\">Vybr\u00e1no<\/span><span>9BHA0U00ZG<\/span><\/th>\n<\/tr>\n<\/thead>\n<tbody>\n<tr class=\"space\">\n<td><\/td>\n<td><\/td>\n<td><\/td>\n<td><\/td>\n<td><\/td>\n<td><\/td>\n<td><\/td>\n<td><\/td>\n<td><\/td>\n<td><\/td>\n<td><\/td>\n<td><\/td>\n<td><\/td>\n<td><\/td>\n<td><\/td>\n<td><\/td>\n<td><\/td>\n<td><\/td>\n<td><\/td>\n<\/tr>\n<tr>\n<td><strong>Strana<\/strong><\/td>\n<td>oto\u010diteln\u00e1<\/td>\n<td>oto\u010diteln\u00e1<\/td>\n<td>oto\u010diteln\u00e1<\/td>\n<td>oto\u010diteln\u00e1<\/td>\n<td>oto\u010diteln\u00e1<\/td>\n<td>oto\u010diteln\u00e1<\/td>\n<td>oto\u010diteln\u00e1<\/td>\n<td>oto\u010diteln\u00e1<\/td>\n<td>oto\u010diteln\u00e1<\/td>\n<td>oto\u010diteln\u00e1<\/td>\n<td>oto\u010diteln\u00e1<\/td>\n<td>oto\u010diteln\u00e1<\/td>\n<td>oto\u010diteln\u00e1<\/td>\n<td>oto\u010diteln\u00e1<\/td>\n<td>oto\u010diteln\u00e1<\/td>\n<td>oto\u010diteln\u00e1<\/td>\n<td>oto\u010diteln\u00e1<\/td>\n<td>oto\u010diteln\u00e1<\/td>\n<\/tr>\n<tr>\n<td><strong>Typ dve\u0159\u00ed<\/strong><\/td>\n<td>pevn\u00e9<\/td>\n<td>pevn\u00e9<\/td>\n<td>pevn\u00e9<\/td>\n<td>pevn\u00e9<\/td>\n<td>pevn\u00e9<\/td>\n<td>pevn\u00e9<\/td>\n<td>pevn\u00e9<\/td>\n<td>pevn\u00e9<\/td>\n<td>pevn\u00e9<\/td>\n<td>pevn\u00e9<\/td>\n<td>pevn\u00e9<\/td>\n<td>pevn\u00e9<\/td>\n<td>pevn\u00e9<\/td>\n<td>pevn\u00e9<\/td>\n<td>pevn\u00e9<\/td>\n<td>pevn\u00e9<\/td>\n<td>pevn\u00e9<\/td>\n<td>pevn\u00e9<\/td>\n<\/tr>\n<tr>\n<td><strong>V\u00fdpl\u0148<\/strong><\/td>\n<td>Transparent<\/td>\n<td>Grape<\/td>\n<td>Transparent<\/td>\n<td>Grape<\/td>\n<td>Transparent<\/td>\n<td>Grape<\/td>\n<td>Transparent<\/td>\n<td>Grape<\/td>\n<td>Transparent<\/td>\n<td>Grape<\/td>\n<td>Transparent<\/td>\n<td>Grape<\/td>\n<td>Transparent<\/td>\n<td>Grape<\/td>\n<td>Transparent<\/td>\n<td>Grape<\/td>\n<td>Transparent<\/td>\n<td>Grape<\/td>\n<\/tr>\n<tr>\n<td><strong>Typ v\u00fdpln\u011b<\/strong><\/td>\n<td>sklo<\/td>\n<td>sklo<\/td>\n<td>sklo<\/td>\n<td>sklo<\/td>\n<td>sklo<\/td>\n<td>sklo<\/td>\n<td>sklo<\/td>\n<td>sklo<\/td>\n<td>sklo<\/td>\n<td>sklo<\/td>\n<td>sklo<\/td>\n<td>sklo<\/td>\n<td>sklo<\/td>\n<td>sklo<\/td>\n<td>sklo<\/td>\n<td>sklo<\/td>\n<td>sklo<\/td>\n<td>sklo<\/td>\n<\/tr>\n<tr>\n<td><strong>Tlou\u0161\u0165ka<\/strong><\/td>\n<td>6 mm<\/td>\n<td>6 mm<\/td>\n<td>6 mm<\/td>\n<td>6 mm<\/td>\n<td>6 mm<\/td>\n<td>6 mm<\/td>\n<td>6 mm<\/td>\n<td>6 mm<\/td>\n<td>6 mm<\/td>\n<td>6 mm<\/td>\n<td>6 mm<\/td>\n<td>6 mm<\/td>\n<td>6 mm<\/td>\n<td>6 mm<\/td>\n<td>6 mm<\/td>\n<td>6 mm<\/td>\n<td>6 mm<\/td>\n<td>6 mm<\/td>\n<\/tr>\n<tr>\n<td><strong>SHAPE<\/strong><\/td>\n<td>Pevn\u00e9 st\u011bny<\/td>\n<td>Pevn\u00e9 st\u011bny<\/td>\n<td>Pevn\u00e9 st\u011bny<\/td>\n<td>Pevn\u00e9 st\u011bny<\/td>\n<td>Pevn\u00e9 st\u011bny<\/td>\n<td>Pevn\u00e9 st\u011bny<\/td>\n<td>Pevn\u00e9 st\u011bny<\/td>\n<td>Pevn\u00e9 st\u011bny<\/td>\n<td>Pevn\u00e9 st\u011bny<\/td>\n<td>Pevn\u00e9 st\u011bny<\/td>\n<td>Pevn\u00e9 st\u011bny<\/td>\n<td>Pevn\u00e9 st\u011bny<\/td>\n<td>Pevn\u00e9 st\u011bny<\/td>\n<td>Pevn\u00e9 st\u011bny<\/td>\n<td>Pevn\u00e9 st\u011bny<\/td>\n<td>Pevn\u00e9 st\u011bny<\/td>\n<td>Pevn\u00e9 st\u011bny<\/td>\n<td>Pevn\u00e9 st\u011bny<\/td>\n<\/tr>\n<tr>\n<td><strong>Materi\u00e1l<\/strong><\/td>\n<td>kov \/ sklo<\/td>\n<td>kov \/ sklo<\/td>\n<td>kov \/ sklo<\/td>\n<td>kov \/ sklo<\/td>\n<td>kov \/ sklo<\/td>\n<td>kov \/ sklo<\/td>\n<td>kov \/ sklo<\/td>\n<td>kov \/ sklo<\/td>\n<td>kov \/ sklo<\/td>\n<td>kov \/ sklo<\/td>\n<td>kov \/ sklo<\/td>\n<td>kov \/ sklo<\/td>\n<td>kov \/ sklo<\/td>\n<td>kov \/ sklo<\/td>\n<td>kov \/ sklo<\/td>\n<td>kov \/ sklo<\/td>\n<td>kov \/ sklo<\/td>\n<td>kov \/ sklo<\/td>\n<\/tr>\n<tr>\n<td><strong>Produktov\u00e1 skupina<\/strong><\/td>\n<td>Pevn\u00e1 st\u011bna<\/td>\n<td>Pevn\u00e1 st\u011bna<\/td>\n<td>Pevn\u00e1 st\u011bna<\/td>\n<td>Pevn\u00e1 st\u011bna<\/td>\n<td>Pevn\u00e1 st\u011bna<\/td>\n<td>Pevn\u00e1 st\u011bna<\/td>\n<td>Pevn\u00e1 st\u011bna<\/td>\n<td>Pevn\u00e1 st\u011bna<\/td>\n<td>Pevn\u00e1 st\u011bna<\/td>\n<td>Pevn\u00e1 st\u011bna<\/td>\n<td>Pevn\u00e1 st\u011bna<\/td>\n<td>Pevn\u00e1 st\u011bna<\/td>\n<td>Pevn\u00e1 st\u011bna<\/td>\n<td>Pevn\u00e1 st\u011bna<\/td>\n<td>Pevn\u00e1 st\u011bna<\/td>\n<td>Pevn\u00e1 st\u011bna<\/td>\n<td>Pevn\u00e1 st\u011bna<\/td>\n<td>Pevn\u00e1 st\u011bna<\/td>\n<\/tr>\n<tr>\n<td><strong>P\u016fvod<\/strong><\/td>\n<td>Vyrobeno v \u010cR<\/td>\n<td>Vyrobeno v \u010cR<\/td>\n<td>Vyrobeno v \u010cR<\/td>\n<td>Vyrobeno v \u010cR<\/td>\n<td>Vyrobeno v \u010cR<\/td>\n<td>Vyrobeno v \u010cR<\/td>\n<td>Vyrobeno v \u010cR<\/td>\n<td>Vyrobeno v \u010cR<\/td>\n<td>Vyrobeno v \u010cR<\/td>\n<td>Vyrobeno v \u010cR<\/td>\n<td>Vyrobeno v \u010cR<\/td>\n<td>Vyrobeno v \u010cR<\/td>\n<td>Vyrobeno v \u010cR<\/td>\n<td>Vyrobeno v \u010cR<\/td>\n<td>Vyrobeno v \u010cR<\/td>\n<td>Vyrobeno v \u010cR<\/td>\n<td>Vyrobeno v \u010cR<\/td>\n<td>Vyrobeno v \u010cR<\/td>\n<\/tr>\n<tr>\n<td><strong>OVERFLOW_HEIGHT<\/strong><\/td>\n<td>0<\/td>\n<td>0<\/td>\n<td>0<\/td>\n<td>0<\/td>\n<td>0<\/td>\n<td>0<\/td>\n<td>0<\/td>\n<td>0<\/td>\n<td>0<\/td>\n<td>0<\/td>\n<td>0<\/td>\n<td>0<\/td>\n<td>0<\/td>\n<td>0<\/td>\n<td>0<\/td>\n<td>0<\/td>\n<td>0<\/td>\n<td>0<\/td>\n<\/tr>\n<tr>\n<td><strong>WASTE_DIAMETER<\/strong><\/td>\n<td>0<\/td>\n<td>0<\/td>\n<td>0<\/td>\n<td>0<\/td>\n<td>0<\/td>\n<td>0<\/td>\n<td>0<\/td>\n<td>0<\/td>\n<td>0<\/td>\n<td>0<\/td>\n<td>0<\/td>\n<td>0<\/td>\n<td>0<\/td>\n<td>0<\/td>\n<td>0<\/td>\n<td>0<\/td>\n<td>0<\/td>\n<td>0<\/td>\n<\/tr>\n<tr>\n<td><strong>NUMBER_OF_ELEMENTS<\/strong><\/td>\n<td>0<\/td>\n<td>0<\/td>\n<td>0<\/td>\n<td>0<\/td>\n<td>0<\/td>\n<td>0<\/td>\n<td>0<\/td>\n<td>0<\/td>\n<td>0<\/td>\n<td>0<\/td>\n<td>0<\/td>\n<td>0<\/td>\n<td>0<\/td>\n<td>0<\/td>\n<td>0<\/td>\n<td>0<\/td>\n<td>0<\/td>\n<td>0<\/td>\n<\/tr>\n<tr>\n<td><strong>Instalace<\/strong><\/td>\n<td>na vani\u010dku \/ bez vani\u010dky<\/td>\n<td>na vani\u010dku \/ bez vani\u010dky<\/td>\n<td>na vani\u010dku \/ bez vani\u010dky<\/td>\n<td>na vani\u010dku \/ bez vani\u010dky<\/td>\n<td>na vani\u010dku \/ bez vani\u010dky<\/td>\n<td>na vani\u010dku \/ bez vani\u010dky<\/td>\n<td>na vani\u010dku \/ bez vani\u010dky<\/td>\n<td>na vani\u010dku \/ bez vani\u010dky<\/td>\n<td>na vani\u010dku \/ bez vani\u010dky<\/td>\n<td>na vani\u010dku \/ bez vani\u010dky<\/td>\n<td>na vani\u010dku \/ bez vani\u010dky<\/td>\n<td>na vani\u010dku \/ bez vani\u010dky<\/td>\n<td>na vani\u010dku \/ bez vani\u010dky<\/td>\n<td>na vani\u010dku \/ bez vani\u010dky<\/td>\n<td>na vani\u010dku \/ bez vani\u010dky<\/td>\n<td>na vani\u010dku \/ bez vani\u010dky<\/td>\n<td>na vani\u010dku \/ bez vani\u010dky<\/td>\n<td>na vani\u010dku \/ bez vani\u010dky<\/td>\n<\/tr>\n<tr>\n<td><strong>CONSTRUCTION_HEIGHT<\/strong><\/td>\n<td>0<\/td>\n<td>0<\/td>\n<td>0<\/td>\n<td>0<\/td>\n<td>0<\/td>\n<td>0<\/td>\n<td>0<\/td>\n<td>0<\/td>\n<td>0<\/td>\n<td>0<\/td>\n<td>0<\/td>\n<td>0<\/td>\n<td>0<\/td>\n<td>0<\/td>\n<td>0<\/td>\n<td>0<\/td>\n<td>0<\/td>\n<td>0<\/td>\n<\/tr>\n<tr>\n<td><strong>ODOR_BARRIER_HEIGHT<\/strong><\/td>\n<td>0<\/td>\n<td>0<\/td>\n<td>0<\/td>\n<td>0<\/td>\n<td>0<\/td>\n<td>0<\/td>\n<td>0<\/td>\n<td>0<\/td>\n<td>0<\/td>\n<td>0<\/td>\n<td>0<\/td>\n<td>0<\/td>\n<td>0<\/td>\n<td>0<\/td>\n<td>0<\/td>\n<td>0<\/td>\n<td>0<\/td>\n<td>0<\/td>\n<\/tr>\n<tr>\n<td><strong>Barva<\/strong><\/td>\n<td>b\u00edl\u00e1<\/td>\n<td>b\u00edl\u00e1<\/td>\n<td>chrom<\/td>\n<td>chrom<\/td>\n<td>sv\u011btle \u0161ed\u00e1<\/td>\n<td>sv\u011btle \u0161ed\u00e1<\/td>\n<td>b\u00edl\u00e1<\/td>\n<td>b\u00edl\u00e1<\/td>\n<td>chrom<\/td>\n<td>chrom<\/td>\n<td>sv\u011btle \u0161ed\u00e1<\/td>\n<td>sv\u011btle \u0161ed\u00e1<\/td>\n<td>b\u00edl\u00e1<\/td>\n<td>b\u00edl\u00e1<\/td>\n<td>chrom<\/td>\n<td>chrom<\/td>\n<td>sv\u011btle \u0161ed\u00e1<\/td>\n<td>sv\u011btle \u0161ed\u00e1<\/td>\n<\/tr>\n<\/tbody>\n<\/table>\n<\/div><\/div>\n","protected":false},"excerpt":{"rendered":"<p>Vlastnosti Strana oto\u010diteln\u00e1 Typ dve\u0159\u00ed pevn\u00e9 V\u00fdpl\u0148 Transparent, Grape Typ v\u00fdpln\u011b sklo Tlou\u0161\u0165ka 6 mm SHAPE Pevn\u00e9 st\u011bny Materi\u00e1l kov \/ sklo Produktov\u00e1 skupina Pevn\u00e1 st\u011bna P\u016fvod Vyrobeno v\u00a0\u010cR Instalace na vani\u010dku \/ bez vani\u010dky Barva sv\u011btle \u0161ed\u00e1, b\u00edl\u00e1, chrom Parametry Zna\u010dka Ravak Popis: Rozmer: 100\u00a0cm Farebn\u00e9 vyhotovenie: r\u00e1m\u00a0\u2013 biely V\u00fdpl\u0148 z\u00a0bezpe\u010dnostn\u00e9ho skla: 6\u00a0mm; Transparent [&hellip;]<\/p>\n","protected":false},"featured_media":66041,"comment_status":"open","ping_status":"open","template":"","meta":[],"product_brand":[],"product_cat":[39],"product_tag":[],"class_list":{"0":"post-65941","1":"product","2":"type-product","3":"status-publish","4":"has-post-thumbnail","6":"product_cat-sanita","8":"first","9":"instock","10":"sale","11":"shipping-taxable","12":"purchasable","13":"product-type-simple"},"yoast_head":"<!-- This site is optimized with the Yoast SEO plugin v26.8 - https:\/\/yoast.com\/product\/yoast-seo-wordpress\/ -->\n<title>Zna\u010dkov\u00fd Ravak BLPS 90, satin+transparent -<\/title>\n<meta name=\"robots\" content=\"index, follow, max-snippet:-1, max-image-preview:large, max-video-preview:-1\" \/>\n<link rel=\"canonical\" href=\"https:\/\/www.technodompro.com\/index.php\/produkt\/znackovy-ravak-blps-90-satin-transparent-65941\/\" \/>\n<meta property=\"og:locale\" content=\"cs_CZ\" \/>\n<meta property=\"og:type\" content=\"article\" \/>\n<meta property=\"og:title\" content=\"Zna\u010dkov\u00fd Ravak BLPS 90, satin+transparent -\" \/>\n<meta property=\"og:description\" content=\"Vlastnosti Strana oto\u010diteln\u00e1 Typ dve\u0159\u00ed pevn\u00e9 V\u00fdpl\u0148 Transparent, Grape Typ v\u00fdpln\u011b sklo Tlou\u0161\u0165ka 6 mm SHAPE Pevn\u00e9 st\u011bny Materi\u00e1l kov \/ sklo Produktov\u00e1 skupina Pevn\u00e1 st\u011bna P\u016fvod Vyrobeno v\u00a0\u010cR Instalace na vani\u010dku \/ bez vani\u010dky Barva sv\u011btle \u0161ed\u00e1, b\u00edl\u00e1, chrom Parametry Zna\u010dka Ravak Popis: Rozmer: 100\u00a0cm Farebn\u00e9 vyhotovenie: r\u00e1m\u00a0\u2013 biely V\u00fdpl\u0148 z\u00a0bezpe\u010dnostn\u00e9ho skla: 6\u00a0mm; Transparent [&hellip;]\" \/>\n<meta property=\"og:url\" content=\"https:\/\/www.technodompro.com\/index.php\/produkt\/znackovy-ravak-blps-90-satin-transparent-65941\/\" \/>\n<meta property=\"og:image\" content=\"https:\/\/www.technodompro.com\/wp-content\/uploads\/2026\/SK0020657-CZ20260425-091936-0-1777079982-ravak-blps-90-satin-transparent-svetle-seda-w1200-h628-f8-2.webp\" \/>\n\t<meta property=\"og:image:width\" content=\"1000\" \/>\n\t<meta property=\"og:image:height\" content=\"523\" \/>\n\t<meta property=\"og:image:type\" content=\"image\/webp\" \/>\n<meta name=\"twitter:card\" content=\"summary_large_image\" \/>\n<meta name=\"twitter:label1\" content=\"Odhadovan\u00e1 doba \u010dten\u00ed\" \/>\n\t<meta name=\"twitter:data1\" content=\"4 minuty\" \/>\n<script type=\"application\/ld+json\" class=\"yoast-schema-graph\">{\"@context\":\"https:\/\/schema.org\",\"@graph\":[{\"@type\":\"WebPage\",\"@id\":\"https:\/\/www.technodompro.com\/index.php\/produkt\/znackovy-ravak-blps-90-satin-transparent-65941\/\",\"url\":\"https:\/\/www.technodompro.com\/index.php\/produkt\/znackovy-ravak-blps-90-satin-transparent-65941\/\",\"name\":\"Zna\u010dkov\u00fd Ravak BLPS 90, satin+transparent -\",\"isPartOf\":{\"@id\":\"https:\/\/www.technodompro.com\/#website\"},\"primaryImageOfPage\":{\"@id\":\"https:\/\/www.technodompro.com\/index.php\/produkt\/znackovy-ravak-blps-90-satin-transparent-65941\/#primaryimage\"},\"image\":{\"@id\":\"https:\/\/www.technodompro.com\/index.php\/produkt\/znackovy-ravak-blps-90-satin-transparent-65941\/#primaryimage\"},\"thumbnailUrl\":\"https:\/\/www.technodompro.com\/wp-content\/uploads\/2026\/SK0020657-CZ20260425-091936-0-1777079982-ravak-blps-90-satin-transparent-svetle-seda-w1200-h628-f8-2.webp\",\"datePublished\":\"2026-04-27T04:43:31+00:00\",\"breadcrumb\":{\"@id\":\"https:\/\/www.technodompro.com\/index.php\/produkt\/znackovy-ravak-blps-90-satin-transparent-65941\/#breadcrumb\"},\"inLanguage\":\"cs\",\"potentialAction\":[{\"@type\":\"ReadAction\",\"target\":[\"https:\/\/www.technodompro.com\/index.php\/produkt\/znackovy-ravak-blps-90-satin-transparent-65941\/\"]}]},{\"@type\":\"ImageObject\",\"inLanguage\":\"cs\",\"@id\":\"https:\/\/www.technodompro.com\/index.php\/produkt\/znackovy-ravak-blps-90-satin-transparent-65941\/#primaryimage\",\"url\":\"https:\/\/www.technodompro.com\/wp-content\/uploads\/2026\/SK0020657-CZ20260425-091936-0-1777079982-ravak-blps-90-satin-transparent-svetle-seda-w1200-h628-f8-2.webp\",\"contentUrl\":\"https:\/\/www.technodompro.com\/wp-content\/uploads\/2026\/SK0020657-CZ20260425-091936-0-1777079982-ravak-blps-90-satin-transparent-svetle-seda-w1200-h628-f8-2.webp\",\"width\":1000,\"height\":523},{\"@type\":\"BreadcrumbList\",\"@id\":\"https:\/\/www.technodompro.com\/index.php\/produkt\/znackovy-ravak-blps-90-satin-transparent-65941\/#breadcrumb\",\"itemListElement\":[{\"@type\":\"ListItem\",\"position\":1,\"name\":\"Home\",\"item\":\"https:\/\/www.technodompro.com\/\"},{\"@type\":\"ListItem\",\"position\":2,\"name\":\"Products\",\"item\":\"https:\/\/www.technodompro.com\/index.php\/products\/\"},{\"@type\":\"ListItem\",\"position\":3,\"name\":\"Zna\u010dkov\u00fd Ravak BLPS 90, satin+transparent\"}]},{\"@type\":\"WebSite\",\"@id\":\"https:\/\/www.technodompro.com\/#website\",\"url\":\"https:\/\/www.technodompro.com\/\",\"name\":\"\",\"description\":\"\",\"potentialAction\":[{\"@type\":\"SearchAction\",\"target\":{\"@type\":\"EntryPoint\",\"urlTemplate\":\"https:\/\/www.technodompro.com\/?s={search_term_string}\"},\"query-input\":{\"@type\":\"PropertyValueSpecification\",\"valueRequired\":true,\"valueName\":\"search_term_string\"}}],\"inLanguage\":\"cs\"}]}<\/script>\n<!-- \/ Yoast SEO plugin. -->","yoast_head_json":{"title":"Zna\u010dkov\u00fd Ravak BLPS 90, satin+transparent -","robots":{"index":"index","follow":"follow","max-snippet":"max-snippet:-1","max-image-preview":"max-image-preview:large","max-video-preview":"max-video-preview:-1"},"canonical":"https:\/\/www.technodompro.com\/index.php\/produkt\/znackovy-ravak-blps-90-satin-transparent-65941\/","og_locale":"cs_CZ","og_type":"article","og_title":"Zna\u010dkov\u00fd Ravak BLPS 90, satin+transparent -","og_description":"Vlastnosti Strana oto\u010diteln\u00e1 Typ dve\u0159\u00ed pevn\u00e9 V\u00fdpl\u0148 Transparent, Grape Typ v\u00fdpln\u011b sklo Tlou\u0161\u0165ka 6 mm SHAPE Pevn\u00e9 st\u011bny Materi\u00e1l kov \/ sklo Produktov\u00e1 skupina Pevn\u00e1 st\u011bna P\u016fvod Vyrobeno v\u00a0\u010cR Instalace na vani\u010dku \/ bez vani\u010dky Barva sv\u011btle \u0161ed\u00e1, b\u00edl\u00e1, chrom Parametry Zna\u010dka Ravak Popis: Rozmer: 100\u00a0cm Farebn\u00e9 vyhotovenie: r\u00e1m\u00a0\u2013 biely V\u00fdpl\u0148 z\u00a0bezpe\u010dnostn\u00e9ho skla: 6\u00a0mm; Transparent [&hellip;]","og_url":"https:\/\/www.technodompro.com\/index.php\/produkt\/znackovy-ravak-blps-90-satin-transparent-65941\/","og_image":[{"width":1000,"height":523,"url":"https:\/\/www.technodompro.com\/wp-content\/uploads\/2026\/SK0020657-CZ20260425-091936-0-1777079982-ravak-blps-90-satin-transparent-svetle-seda-w1200-h628-f8-2.webp","type":"image\/webp"}],"twitter_card":"summary_large_image","twitter_misc":{"Odhadovan\u00e1 doba \u010dten\u00ed":"4 minuty"},"schema":{"@context":"https:\/\/schema.org","@graph":[{"@type":"WebPage","@id":"https:\/\/www.technodompro.com\/index.php\/produkt\/znackovy-ravak-blps-90-satin-transparent-65941\/","url":"https:\/\/www.technodompro.com\/index.php\/produkt\/znackovy-ravak-blps-90-satin-transparent-65941\/","name":"Zna\u010dkov\u00fd Ravak BLPS 90, satin+transparent -","isPartOf":{"@id":"https:\/\/www.technodompro.com\/#website"},"primaryImageOfPage":{"@id":"https:\/\/www.technodompro.com\/index.php\/produkt\/znackovy-ravak-blps-90-satin-transparent-65941\/#primaryimage"},"image":{"@id":"https:\/\/www.technodompro.com\/index.php\/produkt\/znackovy-ravak-blps-90-satin-transparent-65941\/#primaryimage"},"thumbnailUrl":"https:\/\/www.technodompro.com\/wp-content\/uploads\/2026\/SK0020657-CZ20260425-091936-0-1777079982-ravak-blps-90-satin-transparent-svetle-seda-w1200-h628-f8-2.webp","datePublished":"2026-04-27T04:43:31+00:00","breadcrumb":{"@id":"https:\/\/www.technodompro.com\/index.php\/produkt\/znackovy-ravak-blps-90-satin-transparent-65941\/#breadcrumb"},"inLanguage":"cs","potentialAction":[{"@type":"ReadAction","target":["https:\/\/www.technodompro.com\/index.php\/produkt\/znackovy-ravak-blps-90-satin-transparent-65941\/"]}]},{"@type":"ImageObject","inLanguage":"cs","@id":"https:\/\/www.technodompro.com\/index.php\/produkt\/znackovy-ravak-blps-90-satin-transparent-65941\/#primaryimage","url":"https:\/\/www.technodompro.com\/wp-content\/uploads\/2026\/SK0020657-CZ20260425-091936-0-1777079982-ravak-blps-90-satin-transparent-svetle-seda-w1200-h628-f8-2.webp","contentUrl":"https:\/\/www.technodompro.com\/wp-content\/uploads\/2026\/SK0020657-CZ20260425-091936-0-1777079982-ravak-blps-90-satin-transparent-svetle-seda-w1200-h628-f8-2.webp","width":1000,"height":523},{"@type":"BreadcrumbList","@id":"https:\/\/www.technodompro.com\/index.php\/produkt\/znackovy-ravak-blps-90-satin-transparent-65941\/#breadcrumb","itemListElement":[{"@type":"ListItem","position":1,"name":"Home","item":"https:\/\/www.technodompro.com\/"},{"@type":"ListItem","position":2,"name":"Products","item":"https:\/\/www.technodompro.com\/index.php\/products\/"},{"@type":"ListItem","position":3,"name":"Zna\u010dkov\u00fd Ravak BLPS 90, satin+transparent"}]},{"@type":"WebSite","@id":"https:\/\/www.technodompro.com\/#website","url":"https:\/\/www.technodompro.com\/","name":"","description":"","potentialAction":[{"@type":"SearchAction","target":{"@type":"EntryPoint","urlTemplate":"https:\/\/www.technodompro.com\/?s={search_term_string}"},"query-input":{"@type":"PropertyValueSpecification","valueRequired":true,"valueName":"search_term_string"}}],"inLanguage":"cs"}]}},"_links":{"self":[{"href":"https:\/\/www.technodompro.com\/index.php\/wp-json\/wp\/v2\/product\/65941","targetHints":{"allow":["GET"]}}],"collection":[{"href":"https:\/\/www.technodompro.com\/index.php\/wp-json\/wp\/v2\/product"}],"about":[{"href":"https:\/\/www.technodompro.com\/index.php\/wp-json\/wp\/v2\/types\/product"}],"replies":[{"embeddable":true,"href":"https:\/\/www.technodompro.com\/index.php\/wp-json\/wp\/v2\/comments?post=65941"}],"wp:featuredmedia":[{"embeddable":true,"href":"https:\/\/www.technodompro.com\/index.php\/wp-json\/wp\/v2\/media\/66041"}],"wp:attachment":[{"href":"https:\/\/www.technodompro.com\/index.php\/wp-json\/wp\/v2\/media?parent=65941"}],"wp:term":[{"taxonomy":"product_brand","embeddable":true,"href":"https:\/\/www.technodompro.com\/index.php\/wp-json\/wp\/v2\/product_brand?post=65941"},{"taxonomy":"product_cat","embeddable":true,"href":"https:\/\/www.technodompro.com\/index.php\/wp-json\/wp\/v2\/product_cat?post=65941"},{"taxonomy":"product_tag","embeddable":true,"href":"https:\/\/www.technodompro.com\/index.php\/wp-json\/wp\/v2\/product_tag?post=65941"}],"curies":[{"name":"wp","href":"https:\/\/api.w.org\/{rel}","templated":true}]}}