{"id":66119,"date":"2026-04-27T04:43:31","date_gmt":"2026-04-27T04:43:31","guid":{"rendered":""},"modified":"2026-04-27T04:43:31","modified_gmt":"2026-04-27T04:43:31","slug":"znackovy-ravak-umyvadlo-ceramic-slim-wall-o-55-n-s-otvorem-pro-baterii-s-prepadem-cerna-matna-cerna-matna-66119","status":"publish","type":"product","link":"https:\/\/www.technodompro.com\/index.php\/produkt\/znackovy-ravak-umyvadlo-ceramic-slim-wall-o-55-n-s-otvorem-pro-baterii-s-prepadem-cerna-matna-cerna-matna-66119\/","title":{"rendered":"Zna\u010dkov\u00fd Ravak Umyvadlo Ceramic Slim Wall O 55 N, s otvorem pro baterii, s p\u0159epadem, \u010dern\u00e1 matn\u00e1 \u010dern\u00e1 matn\u00e1"},"content":{"rendered":"<div class=\"detail-description__right\">\n<div class=\"parameters\">\n<div class=\"table table--simple\">\n<table>\n<tbody>\n<tr>\n<td colspan=\"2\">\n<h4>Vlastnosti<\/h4>\n<\/td>\n<\/tr>\n<tr>\n<td>SHAPE<\/td>\n<td>Umyvadla<\/td>\n<\/tr>\n<tr>\n<td>Materi\u00e1l<\/td>\n<td>keramika<\/td>\n<\/tr>\n<tr>\n<td>CONNECTION<\/td>\n<td>Z\u00e1v\u011bsn\u00e1, Na desku<\/td>\n<\/tr>\n<tr>\n<td>Produktov\u00e1 skupina<\/td>\n<td>Keramick\u00e9 umyvadlo<\/td>\n<\/tr>\n<tr>\n<td>P\u016fvod<\/td>\n<td>Vyrobeno v\u00a0\u010cR<\/td>\n<\/tr>\n<tr>\n<td>Instalace<\/td>\n<td>samostatn\u00e1<\/td>\n<\/tr>\n<tr>\n<td>Barva<\/td>\n<td>B\u00edl\u00e1 matn\u00e1, \u010dern\u00e1 matn\u00e1, b\u00edl\u00e1, antracit<\/td>\n<\/tr>\n<tr>\n<td colspan=\"2\">\n<h4>Parametry<\/h4>\n<\/td>\n<\/tr>\n<tr>\n<td>Zna\u010dka<\/td>\n<td>Ravak<\/td>\n<\/tr>\n<\/tbody>\n<\/table><\/div>\n<\/div><\/div>\n<div class=\"detail-description__top\">\t\t\t\t<\/div>\n<div class=\"detail-description__left\">\n<div class=\"detail-description__left__overflow\">\n<div class=\"detail-description__left__head\">\t\t\t\t\t\tPopis:\t\t\t\t\t<\/div>\n<div class=\"ul-style ul-style--check\">\n<ul class=\"plusminus\">\n<li><i class=\"fas fa-check\"><\/i><span>Rozmery (\u0161xhxv): 55,3\u00a0\u00d7\u00a045,2\u00a0\u00d7\u00a01\u00ad2,2\u00a0cm<\/span><\/li>\n<li><i class=\"fas fa-check\"><\/i><span>Materi\u00e1l: keramika<\/span><\/li>\n<li><i class=\"fas fa-check\"><\/i><span>Farebn\u00e9 vyhotovenie: antracit<\/span><\/li>\n<li><i class=\"fas fa-check\"><\/i><span>Prepad: \u00e1no<\/span><\/li>\n<li><i class=\"fas fa-check\"><\/i><span>Otvor pre stojaciu bat\u00e9riu: \u00e1no<\/span><\/li>\n<li><i class=\"fas fa-check\"><\/i><span>Doplnky k\u00a0dok\u00fapeniu: doska pod um\u00fdvadlo \/ skrinka pod um\u00fdvadlo na dosku,\tum\u00fdvadlov\u00e1 pileta pevn\u00e1, keramick\u00e1 pileta Flat, um\u00fdvadlov\u00fd sif\u00f3n alebo\tn\u00e1bytkov\u00fd, extra pred\u013a\u017een\u00e9 bat\u00e9rie<\/span><\/li>\n<\/ul>\n<p>Tenkostenn\u00e9 um\u00fdvadlo Ceramic Slim Wall O\u00a0N je vyroben\u00e9 z\u00a0kvalitnejkeramiky a je ur\u010den\u00e9 k\u00a0in\u0161tal\u00e1cii na stenu, na dosku nebo na skrinku.<\/p>\n<p>Pohodln\u00e9 um\u00fdvanie<\/p>\n<p>Ov\u00e1lne a kruhov\u00e9 tvary um\u00fdvadiel kombinuj\u00fa \u0161irok\u00fa um\u00fdvaciu plochu aide\u00e1lnu h\u013abku. Tak poskytuj\u00fa dostatok miesta pre\u00a0ruky.<\/p>\n<p>Na doske za\u017eiari<\/p>\n<p>Tieto um\u00fdvadl\u00e1 s\u00fa ur\u010den\u00e9 na umiestnenie na dosku. Minimalistick\u00fd dizajnkr\u00e1sne vynikne na doske z\u00a0dreva a prid\u00e1 dostatok odkladacieho priestoru.Ide\u00e1lne s\u00fa dosky z\u00a0ponuky RAVAK, ktor\u00e9 maj\u00fa \u0161peci\u00e1lnu \u00fapravu pre dlh\u00fa\u017eivotnos\u0165.<\/p>\n<p>Mydlo hne\u010f po ruke<\/p>\n<p>Modely um\u00fdvadla Ceramic Slim Shelf maj\u00fa otvor pre in\u0161tal\u00e1ciu bat\u00e9riepriamo do um\u00fdvadla. Tak vznikla odkladacia plocha v\u00a0priestore bat\u00e9rie, kdeb\u00fdva mokro. Odlo\u017ete si sem mydlo a \u010fal\u0161ie doplnky, aby ste ich mali hne\u010fpo\u00a0ruke.<\/p>\n<p>Variant ku stene<\/p>\n<p>Um\u00fdvadl\u00e1 Ceramic Slim Wall s\u00fa pripraven\u00e9 pre umiestnenie k\u00a0stene. Zadn\u00e1strana tohto variantu m\u00e1 prav\u00e9 uhly a tak k\u00a0stene prirodzene prilieha.<\/p>\n<p>Tradi\u010dn\u00fd materi\u00e1l<\/p>\n<p>Um\u00fdvadl\u00e1 Ceramic Slim s\u00fa vyroben\u00e9 z\u00a0kvalitnej keramiky, ktor\u00e1 sizachov\u00e1va pevnos\u0165 a odolnos\u0165 aj pri svojej zten\u010denej variante. \u013dahko sa\u010distia a na hladkom povrchu nezost\u00e1vaj\u00fa vidite\u013en\u00e9 \u0161kvrny pokvapk\u00e1ch\u00a0vody.<\/p>\n<p>5\u00a0rokov z\u00e1ruka<\/p>\n<p>Za kvalitou na\u0161ich v\u00fdrobkov si stoj\u00edme. Preto k\u00a0um\u00fdvadlu z\u00edskatepred\u013a\u017een\u00fa p\u00e4\u0165ro\u010dn\u00fa z\u00e1ruku.<\/p>\n<\/div>\n<div class=\"detail-description__left__more\">\t\t\t\t\t\t<span> <\/span><span> <\/span>\t\t\t\t\t<\/div>\n<\/p><\/div>\n<\/p><\/div>\n<div class=\"detail-description__more\"><span> <\/span><span> <\/span><\/div>\n<\/p><\/div>\n<\/p><\/div>\n<div class=\"tab tab-detail-7\">\n<div class=\"table-size-classic  table-size--selectable\">\n<table>\n<thead>\n<tr>\n<th data-product-code=\"[&quot;K\u00f3d&quot;]\"><span class=\"selected\">Vybr\u00e1no<\/span><span><\/span><\/th>\n<th data-product-code=\"[&quot;XJX01155008&quot;]\"><span class=\"selected\">Vybr\u00e1no<\/span><span>XJX01155008<\/span><\/th>\n<th data-product-code=\"[&quot;XJX03155002&quot;]\"><span class=\"selected\">Vybr\u00e1no<\/span><span>XJX03155002<\/span><\/th>\n<th data-product-code=\"[&quot;XJX0D155003&quot;]\"><span class=\"selected\">Vybr\u00e1no<\/span><span>XJX0D155003<\/span><\/th>\n<th data-product-code=\"[&quot;XJX0E155003&quot;]\"><span class=\"selected\">Vybr\u00e1no<\/span><span>XJX0E155003<\/span><\/th>\n<\/tr>\n<\/thead>\n<tbody>\n<tr class=\"space\">\n<td><\/td>\n<td><\/td>\n<td><\/td>\n<td><\/td>\n<td><\/td>\n<\/tr>\n<tr>\n<td><strong>SHAPE<\/strong><\/td>\n<td>Umyvadla<\/td>\n<td>Umyvadla<\/td>\n<td>Umyvadla<\/td>\n<td>Umyvadla<\/td>\n<\/tr>\n<tr>\n<td><strong>Materi\u00e1l<\/strong><\/td>\n<td>keramika<\/td>\n<td>keramika<\/td>\n<td>keramika<\/td>\n<td>keramika<\/td>\n<\/tr>\n<tr>\n<td><strong>CONNECTION<\/strong><\/td>\n<td>Z\u00e1v\u011bsn\u00e1, Na desku<\/td>\n<td>Z\u00e1v\u011bsn\u00e1, Na desku<\/td>\n<td>Z\u00e1v\u011bsn\u00e1, Na desku<\/td>\n<td>Z\u00e1v\u011bsn\u00e1, Na desku<\/td>\n<\/tr>\n<tr>\n<td><strong>Produktov\u00e1 skupina<\/strong><\/td>\n<td>Keramick\u00e9 umyvadlo<\/td>\n<td>Keramick\u00e9 umyvadlo<\/td>\n<td>Keramick\u00e9 umyvadlo<\/td>\n<td>Keramick\u00e9 umyvadlo<\/td>\n<\/tr>\n<tr>\n<td><strong>P\u016fvod<\/strong><\/td>\n<td>Vyrobeno v \u010cR<\/td>\n<td>Vyrobeno v \u010cR<\/td>\n<td>Vyrobeno v \u010cR<\/td>\n<td>Vyrobeno v \u010cR<\/td>\n<\/tr>\n<tr>\n<td><strong>OVERFLOW_HEIGHT<\/strong><\/td>\n<td>0<\/td>\n<td>0<\/td>\n<td>0<\/td>\n<td>0<\/td>\n<\/tr>\n<tr>\n<td><strong>WASTE_DIAMETER<\/strong><\/td>\n<td>0<\/td>\n<td>0<\/td>\n<td>0<\/td>\n<td>0<\/td>\n<\/tr>\n<tr>\n<td><strong>NUMBER_OF_ELEMENTS<\/strong><\/td>\n<td>0<\/td>\n<td>0<\/td>\n<td>0<\/td>\n<td>0<\/td>\n<\/tr>\n<tr>\n<td><strong>Instalace<\/strong><\/td>\n<td>samostatn\u00e1<\/td>\n<td>samostatn\u00e1<\/td>\n<td>samostatn\u00e1<\/td>\n<td>samostatn\u00e1<\/td>\n<\/tr>\n<tr>\n<td><strong>CONSTRUCTION_HEIGHT<\/strong><\/td>\n<td>0<\/td>\n<td>0<\/td>\n<td>0<\/td>\n<td>0<\/td>\n<\/tr>\n<tr>\n<td><strong>ODOR_BARRIER_HEIGHT<\/strong><\/td>\n<td>0<\/td>\n<td>0<\/td>\n<td>0<\/td>\n<td>0<\/td>\n<\/tr>\n<tr>\n<td><strong>Barva<\/strong><\/td>\n<td>b\u00edl\u00e1<\/td>\n<td>antracit<\/td>\n<td>\u010dern\u00e1 matn\u00e1<\/td>\n<td>B\u00edl\u00e1 matn\u00e1<\/td>\n<\/tr>\n<\/tbody>\n<\/table>\n<\/div><\/div>\n","protected":false},"excerpt":{"rendered":"<p>Vlastnosti SHAPE Umyvadla Materi\u00e1l keramika CONNECTION Z\u00e1v\u011bsn\u00e1, Na desku Produktov\u00e1 skupina Keramick\u00e9 umyvadlo P\u016fvod Vyrobeno v\u00a0\u010cR Instalace samostatn\u00e1 Barva B\u00edl\u00e1 matn\u00e1, \u010dern\u00e1 matn\u00e1, b\u00edl\u00e1, antracit Parametry Zna\u010dka Ravak Popis: Rozmery (\u0161xhxv): 55,3\u00a0\u00d7\u00a045,2\u00a0\u00d7\u00a01\u00ad2,2\u00a0cm Materi\u00e1l: keramika Farebn\u00e9 vyhotovenie: antracit Prepad: \u00e1no Otvor pre stojaciu bat\u00e9riu: \u00e1no Doplnky k\u00a0dok\u00fapeniu: doska pod um\u00fdvadlo \/ skrinka pod um\u00fdvadlo na dosku, [&hellip;]<\/p>\n","protected":false},"featured_media":66219,"comment_status":"open","ping_status":"open","template":"","meta":[],"product_brand":[],"product_cat":[39],"product_tag":[],"class_list":{"0":"post-66119","1":"product","2":"type-product","3":"status-publish","4":"has-post-thumbnail","6":"product_cat-sanita","8":"first","9":"instock","10":"sale","11":"shipping-taxable","12":"purchasable","13":"product-type-simple"},"yoast_head":"<!-- This site is optimized with the Yoast SEO plugin v26.8 - https:\/\/yoast.com\/product\/yoast-seo-wordpress\/ -->\n<title>Zna\u010dkov\u00fd Ravak Umyvadlo Ceramic Slim Wall O 55 N, s otvorem pro baterii, s p\u0159epadem, \u010dern\u00e1 matn\u00e1 \u010dern\u00e1 matn\u00e1 -<\/title>\n<meta name=\"robots\" content=\"index, follow, max-snippet:-1, max-image-preview:large, max-video-preview:-1\" \/>\n<link rel=\"canonical\" href=\"https:\/\/www.technodompro.com\/index.php\/produkt\/znackovy-ravak-umyvadlo-ceramic-slim-wall-o-55-n-s-otvorem-pro-baterii-s-prepadem-cerna-matna-cerna-matna-66119\/\" \/>\n<meta property=\"og:locale\" content=\"cs_CZ\" \/>\n<meta property=\"og:type\" content=\"article\" \/>\n<meta property=\"og:title\" content=\"Zna\u010dkov\u00fd Ravak Umyvadlo Ceramic Slim Wall O 55 N, s otvorem pro baterii, s p\u0159epadem, \u010dern\u00e1 matn\u00e1 \u010dern\u00e1 matn\u00e1 -\" \/>\n<meta property=\"og:description\" content=\"Vlastnosti SHAPE Umyvadla Materi\u00e1l keramika CONNECTION Z\u00e1v\u011bsn\u00e1, Na desku Produktov\u00e1 skupina Keramick\u00e9 umyvadlo P\u016fvod Vyrobeno v\u00a0\u010cR Instalace samostatn\u00e1 Barva B\u00edl\u00e1 matn\u00e1, \u010dern\u00e1 matn\u00e1, b\u00edl\u00e1, antracit Parametry Zna\u010dka Ravak Popis: Rozmery (\u0161xhxv): 55,3\u00a0\u00d7\u00a045,2\u00a0\u00d7\u00a01\u00ad2,2\u00a0cm Materi\u00e1l: keramika Farebn\u00e9 vyhotovenie: antracit Prepad: \u00e1no Otvor pre stojaciu bat\u00e9riu: \u00e1no Doplnky k\u00a0dok\u00fapeniu: doska pod um\u00fdvadlo \/ skrinka pod um\u00fdvadlo na dosku, [&hellip;]\" \/>\n<meta property=\"og:url\" content=\"https:\/\/www.technodompro.com\/index.php\/produkt\/znackovy-ravak-umyvadlo-ceramic-slim-wall-o-55-n-s-otvorem-pro-baterii-s-prepadem-cerna-matna-cerna-matna-66119\/\" \/>\n<meta property=\"og:image\" content=\"https:\/\/www.technodompro.com\/wp-content\/uploads\/2026\/SK0020743-CZ20260425-091936-0-1777079982-ravak-umyvadlo-ceramic-slim-wall-o-55-n-s-otvorem-pro-bater.webp\" \/>\n\t<meta property=\"og:image:width\" content=\"1000\" \/>\n\t<meta property=\"og:image:height\" content=\"523\" \/>\n\t<meta property=\"og:image:type\" content=\"image\/webp\" \/>\n<meta name=\"twitter:card\" content=\"summary_large_image\" \/>\n<meta name=\"twitter:label1\" content=\"Odhadovan\u00e1 doba \u010dten\u00ed\" \/>\n\t<meta name=\"twitter:data1\" content=\"2 minuty\" \/>\n<script type=\"application\/ld+json\" class=\"yoast-schema-graph\">{\"@context\":\"https:\/\/schema.org\",\"@graph\":[{\"@type\":\"WebPage\",\"@id\":\"https:\/\/www.technodompro.com\/index.php\/produkt\/znackovy-ravak-umyvadlo-ceramic-slim-wall-o-55-n-s-otvorem-pro-baterii-s-prepadem-cerna-matna-cerna-matna-66119\/\",\"url\":\"https:\/\/www.technodompro.com\/index.php\/produkt\/znackovy-ravak-umyvadlo-ceramic-slim-wall-o-55-n-s-otvorem-pro-baterii-s-prepadem-cerna-matna-cerna-matna-66119\/\",\"name\":\"Zna\u010dkov\u00fd Ravak Umyvadlo Ceramic Slim Wall O 55 N, s otvorem pro baterii, s p\u0159epadem, \u010dern\u00e1 matn\u00e1 \u010dern\u00e1 matn\u00e1 -\",\"isPartOf\":{\"@id\":\"https:\/\/www.technodompro.com\/#website\"},\"primaryImageOfPage\":{\"@id\":\"https:\/\/www.technodompro.com\/index.php\/produkt\/znackovy-ravak-umyvadlo-ceramic-slim-wall-o-55-n-s-otvorem-pro-baterii-s-prepadem-cerna-matna-cerna-matna-66119\/#primaryimage\"},\"image\":{\"@id\":\"https:\/\/www.technodompro.com\/index.php\/produkt\/znackovy-ravak-umyvadlo-ceramic-slim-wall-o-55-n-s-otvorem-pro-baterii-s-prepadem-cerna-matna-cerna-matna-66119\/#primaryimage\"},\"thumbnailUrl\":\"https:\/\/www.technodompro.com\/wp-content\/uploads\/2026\/SK0020743-CZ20260425-091936-0-1777079982-ravak-umyvadlo-ceramic-slim-wall-o-55-n-s-otvorem-pro-bater.webp\",\"datePublished\":\"2026-04-27T04:43:31+00:00\",\"breadcrumb\":{\"@id\":\"https:\/\/www.technodompro.com\/index.php\/produkt\/znackovy-ravak-umyvadlo-ceramic-slim-wall-o-55-n-s-otvorem-pro-baterii-s-prepadem-cerna-matna-cerna-matna-66119\/#breadcrumb\"},\"inLanguage\":\"cs\",\"potentialAction\":[{\"@type\":\"ReadAction\",\"target\":[\"https:\/\/www.technodompro.com\/index.php\/produkt\/znackovy-ravak-umyvadlo-ceramic-slim-wall-o-55-n-s-otvorem-pro-baterii-s-prepadem-cerna-matna-cerna-matna-66119\/\"]}]},{\"@type\":\"ImageObject\",\"inLanguage\":\"cs\",\"@id\":\"https:\/\/www.technodompro.com\/index.php\/produkt\/znackovy-ravak-umyvadlo-ceramic-slim-wall-o-55-n-s-otvorem-pro-baterii-s-prepadem-cerna-matna-cerna-matna-66119\/#primaryimage\",\"url\":\"https:\/\/www.technodompro.com\/wp-content\/uploads\/2026\/SK0020743-CZ20260425-091936-0-1777079982-ravak-umyvadlo-ceramic-slim-wall-o-55-n-s-otvorem-pro-bater.webp\",\"contentUrl\":\"https:\/\/www.technodompro.com\/wp-content\/uploads\/2026\/SK0020743-CZ20260425-091936-0-1777079982-ravak-umyvadlo-ceramic-slim-wall-o-55-n-s-otvorem-pro-bater.webp\",\"width\":1000,\"height\":523},{\"@type\":\"BreadcrumbList\",\"@id\":\"https:\/\/www.technodompro.com\/index.php\/produkt\/znackovy-ravak-umyvadlo-ceramic-slim-wall-o-55-n-s-otvorem-pro-baterii-s-prepadem-cerna-matna-cerna-matna-66119\/#breadcrumb\",\"itemListElement\":[{\"@type\":\"ListItem\",\"position\":1,\"name\":\"Home\",\"item\":\"https:\/\/www.technodompro.com\/\"},{\"@type\":\"ListItem\",\"position\":2,\"name\":\"Products\",\"item\":\"https:\/\/www.technodompro.com\/index.php\/products\/\"},{\"@type\":\"ListItem\",\"position\":3,\"name\":\"Zna\u010dkov\u00fd Ravak Umyvadlo Ceramic Slim Wall O 55 N, s otvorem pro baterii, s p\u0159epadem, \u010dern\u00e1 matn\u00e1 \u010dern\u00e1 matn\u00e1\"}]},{\"@type\":\"WebSite\",\"@id\":\"https:\/\/www.technodompro.com\/#website\",\"url\":\"https:\/\/www.technodompro.com\/\",\"name\":\"\",\"description\":\"\",\"potentialAction\":[{\"@type\":\"SearchAction\",\"target\":{\"@type\":\"EntryPoint\",\"urlTemplate\":\"https:\/\/www.technodompro.com\/?s={search_term_string}\"},\"query-input\":{\"@type\":\"PropertyValueSpecification\",\"valueRequired\":true,\"valueName\":\"search_term_string\"}}],\"inLanguage\":\"cs\"}]}<\/script>\n<!-- \/ Yoast SEO plugin. -->","yoast_head_json":{"title":"Zna\u010dkov\u00fd Ravak Umyvadlo Ceramic Slim Wall O 55 N, s otvorem pro baterii, s p\u0159epadem, \u010dern\u00e1 matn\u00e1 \u010dern\u00e1 matn\u00e1 -","robots":{"index":"index","follow":"follow","max-snippet":"max-snippet:-1","max-image-preview":"max-image-preview:large","max-video-preview":"max-video-preview:-1"},"canonical":"https:\/\/www.technodompro.com\/index.php\/produkt\/znackovy-ravak-umyvadlo-ceramic-slim-wall-o-55-n-s-otvorem-pro-baterii-s-prepadem-cerna-matna-cerna-matna-66119\/","og_locale":"cs_CZ","og_type":"article","og_title":"Zna\u010dkov\u00fd Ravak Umyvadlo Ceramic Slim Wall O 55 N, s otvorem pro baterii, s p\u0159epadem, \u010dern\u00e1 matn\u00e1 \u010dern\u00e1 matn\u00e1 -","og_description":"Vlastnosti SHAPE Umyvadla Materi\u00e1l keramika CONNECTION Z\u00e1v\u011bsn\u00e1, Na desku Produktov\u00e1 skupina Keramick\u00e9 umyvadlo P\u016fvod Vyrobeno v\u00a0\u010cR Instalace samostatn\u00e1 Barva B\u00edl\u00e1 matn\u00e1, \u010dern\u00e1 matn\u00e1, b\u00edl\u00e1, antracit Parametry Zna\u010dka Ravak Popis: Rozmery (\u0161xhxv): 55,3\u00a0\u00d7\u00a045,2\u00a0\u00d7\u00a01\u00ad2,2\u00a0cm Materi\u00e1l: keramika Farebn\u00e9 vyhotovenie: antracit Prepad: \u00e1no Otvor pre stojaciu bat\u00e9riu: \u00e1no Doplnky k\u00a0dok\u00fapeniu: doska pod um\u00fdvadlo \/ skrinka pod um\u00fdvadlo na dosku, [&hellip;]","og_url":"https:\/\/www.technodompro.com\/index.php\/produkt\/znackovy-ravak-umyvadlo-ceramic-slim-wall-o-55-n-s-otvorem-pro-baterii-s-prepadem-cerna-matna-cerna-matna-66119\/","og_image":[{"width":1000,"height":523,"url":"https:\/\/www.technodompro.com\/wp-content\/uploads\/2026\/SK0020743-CZ20260425-091936-0-1777079982-ravak-umyvadlo-ceramic-slim-wall-o-55-n-s-otvorem-pro-bater.webp","type":"image\/webp"}],"twitter_card":"summary_large_image","twitter_misc":{"Odhadovan\u00e1 doba \u010dten\u00ed":"2 minuty"},"schema":{"@context":"https:\/\/schema.org","@graph":[{"@type":"WebPage","@id":"https:\/\/www.technodompro.com\/index.php\/produkt\/znackovy-ravak-umyvadlo-ceramic-slim-wall-o-55-n-s-otvorem-pro-baterii-s-prepadem-cerna-matna-cerna-matna-66119\/","url":"https:\/\/www.technodompro.com\/index.php\/produkt\/znackovy-ravak-umyvadlo-ceramic-slim-wall-o-55-n-s-otvorem-pro-baterii-s-prepadem-cerna-matna-cerna-matna-66119\/","name":"Zna\u010dkov\u00fd Ravak Umyvadlo Ceramic Slim Wall O 55 N, s otvorem pro baterii, s p\u0159epadem, \u010dern\u00e1 matn\u00e1 \u010dern\u00e1 matn\u00e1 -","isPartOf":{"@id":"https:\/\/www.technodompro.com\/#website"},"primaryImageOfPage":{"@id":"https:\/\/www.technodompro.com\/index.php\/produkt\/znackovy-ravak-umyvadlo-ceramic-slim-wall-o-55-n-s-otvorem-pro-baterii-s-prepadem-cerna-matna-cerna-matna-66119\/#primaryimage"},"image":{"@id":"https:\/\/www.technodompro.com\/index.php\/produkt\/znackovy-ravak-umyvadlo-ceramic-slim-wall-o-55-n-s-otvorem-pro-baterii-s-prepadem-cerna-matna-cerna-matna-66119\/#primaryimage"},"thumbnailUrl":"https:\/\/www.technodompro.com\/wp-content\/uploads\/2026\/SK0020743-CZ20260425-091936-0-1777079982-ravak-umyvadlo-ceramic-slim-wall-o-55-n-s-otvorem-pro-bater.webp","datePublished":"2026-04-27T04:43:31+00:00","breadcrumb":{"@id":"https:\/\/www.technodompro.com\/index.php\/produkt\/znackovy-ravak-umyvadlo-ceramic-slim-wall-o-55-n-s-otvorem-pro-baterii-s-prepadem-cerna-matna-cerna-matna-66119\/#breadcrumb"},"inLanguage":"cs","potentialAction":[{"@type":"ReadAction","target":["https:\/\/www.technodompro.com\/index.php\/produkt\/znackovy-ravak-umyvadlo-ceramic-slim-wall-o-55-n-s-otvorem-pro-baterii-s-prepadem-cerna-matna-cerna-matna-66119\/"]}]},{"@type":"ImageObject","inLanguage":"cs","@id":"https:\/\/www.technodompro.com\/index.php\/produkt\/znackovy-ravak-umyvadlo-ceramic-slim-wall-o-55-n-s-otvorem-pro-baterii-s-prepadem-cerna-matna-cerna-matna-66119\/#primaryimage","url":"https:\/\/www.technodompro.com\/wp-content\/uploads\/2026\/SK0020743-CZ20260425-091936-0-1777079982-ravak-umyvadlo-ceramic-slim-wall-o-55-n-s-otvorem-pro-bater.webp","contentUrl":"https:\/\/www.technodompro.com\/wp-content\/uploads\/2026\/SK0020743-CZ20260425-091936-0-1777079982-ravak-umyvadlo-ceramic-slim-wall-o-55-n-s-otvorem-pro-bater.webp","width":1000,"height":523},{"@type":"BreadcrumbList","@id":"https:\/\/www.technodompro.com\/index.php\/produkt\/znackovy-ravak-umyvadlo-ceramic-slim-wall-o-55-n-s-otvorem-pro-baterii-s-prepadem-cerna-matna-cerna-matna-66119\/#breadcrumb","itemListElement":[{"@type":"ListItem","position":1,"name":"Home","item":"https:\/\/www.technodompro.com\/"},{"@type":"ListItem","position":2,"name":"Products","item":"https:\/\/www.technodompro.com\/index.php\/products\/"},{"@type":"ListItem","position":3,"name":"Zna\u010dkov\u00fd Ravak Umyvadlo Ceramic Slim Wall O 55 N, s otvorem pro baterii, s p\u0159epadem, \u010dern\u00e1 matn\u00e1 \u010dern\u00e1 matn\u00e1"}]},{"@type":"WebSite","@id":"https:\/\/www.technodompro.com\/#website","url":"https:\/\/www.technodompro.com\/","name":"","description":"","potentialAction":[{"@type":"SearchAction","target":{"@type":"EntryPoint","urlTemplate":"https:\/\/www.technodompro.com\/?s={search_term_string}"},"query-input":{"@type":"PropertyValueSpecification","valueRequired":true,"valueName":"search_term_string"}}],"inLanguage":"cs"}]}},"_links":{"self":[{"href":"https:\/\/www.technodompro.com\/index.php\/wp-json\/wp\/v2\/product\/66119","targetHints":{"allow":["GET"]}}],"collection":[{"href":"https:\/\/www.technodompro.com\/index.php\/wp-json\/wp\/v2\/product"}],"about":[{"href":"https:\/\/www.technodompro.com\/index.php\/wp-json\/wp\/v2\/types\/product"}],"replies":[{"embeddable":true,"href":"https:\/\/www.technodompro.com\/index.php\/wp-json\/wp\/v2\/comments?post=66119"}],"wp:featuredmedia":[{"embeddable":true,"href":"https:\/\/www.technodompro.com\/index.php\/wp-json\/wp\/v2\/media\/66219"}],"wp:attachment":[{"href":"https:\/\/www.technodompro.com\/index.php\/wp-json\/wp\/v2\/media?parent=66119"}],"wp:term":[{"taxonomy":"product_brand","embeddable":true,"href":"https:\/\/www.technodompro.com\/index.php\/wp-json\/wp\/v2\/product_brand?post=66119"},{"taxonomy":"product_cat","embeddable":true,"href":"https:\/\/www.technodompro.com\/index.php\/wp-json\/wp\/v2\/product_cat?post=66119"},{"taxonomy":"product_tag","embeddable":true,"href":"https:\/\/www.technodompro.com\/index.php\/wp-json\/wp\/v2\/product_tag?post=66119"}],"curies":[{"name":"wp","href":"https:\/\/api.w.org\/{rel}","templated":true}]}}