{"id":66335,"date":"2026-04-27T04:43:32","date_gmt":"2026-04-27T04:43:32","guid":{"rendered":""},"modified":"2026-04-27T04:43:32","modified_gmt":"2026-04-27T04:43:32","slug":"znackovy-ravak-csd2-100-lesk-transparent-66335","status":"publish","type":"product","link":"https:\/\/www.technodompro.com\/index.php\/produkt\/znackovy-ravak-csd2-100-lesk-transparent-66335\/","title":{"rendered":"Zna\u010dkov\u00fd Ravak CSD2 100, lesk+transparent"},"content":{"rendered":"<div class=\"detail-description__right\">\n<div class=\"parameters\">\n<div class=\"table table--simple\">\n<table>\n<tbody>\n<tr>\n<td colspan=\"2\">\n<h4>Vlastnosti<\/h4>\n<\/td>\n<\/tr>\n<tr>\n<td>Strana<\/td>\n<td>oto\u010diteln\u00e1<\/td>\n<\/tr>\n<tr>\n<td>Typ dve\u0159\u00ed<\/td>\n<td>oto\u010dn\u00e9 dovnit\u0159 a do prostoru<\/td>\n<\/tr>\n<tr>\n<td>V\u00fdpl\u0148<\/td>\n<td>Transparent<\/td>\n<\/tr>\n<tr>\n<td>Typ v\u00fdpln\u011b<\/td>\n<td>sklo<\/td>\n<\/tr>\n<tr>\n<td>Tlou\u0161\u0165ka<\/td>\n<td>6 mm<\/td>\n<\/tr>\n<tr>\n<td>SHAPE<\/td>\n<td>Sprchov\u00e9 dve\u0159e<\/td>\n<\/tr>\n<tr>\n<td>Materi\u00e1l<\/td>\n<td>kov \/ sklo<\/td>\n<\/tr>\n<tr>\n<td>Produktov\u00e1 skupina<\/td>\n<td>Sprchov\u00e9 dve\u0159e<\/td>\n<\/tr>\n<tr>\n<td>P\u016fvod<\/td>\n<td>Vyrobeno v\u00a0\u010cR<\/td>\n<\/tr>\n<tr>\n<td>Instalace<\/td>\n<td>na vani\u010dku \/ bez vani\u010dky<\/td>\n<\/tr>\n<tr>\n<td>Barva<\/td>\n<td>B\u00edl\u00e1 matn\u00e1, sv\u011btle \u0161ed\u00e1, chrom, \u010dern\u00e1<\/td>\n<\/tr>\n<tr>\n<td colspan=\"2\">\n<h4>Parametry<\/h4>\n<\/td>\n<\/tr>\n<tr>\n<td>Zna\u010dka<\/td>\n<td>Ravak<\/td>\n<\/tr>\n<\/tbody>\n<\/table><\/div>\n<\/div><\/div>\n<div class=\"detail-description__top\">\t\t\t\t<\/div>\n<div class=\"detail-description__left\">\n<div class=\"detail-description__left__overflow\">\n<div class=\"detail-description__left__head\">\t\t\t\t\t\tPopis:\t\t\t\t\t<\/div>\n<div class=\"ul-style ul-style--check\">\n<ul class=\"plusminus\">\n<li><i class=\"fas fa-check\"><\/i><span>Rozm\u011br: 110\u00a0cm<\/span><\/li>\n<li><i class=\"fas fa-check\"><\/i><span>Typov\u00e9 proveden\u00ed: oto\u010diteln\u00fd v\u00fdrobek<\/span><\/li>\n<li><i class=\"fas fa-check\"><\/i><span>Barevn\u00e9 proveden\u00ed: profily: satin\u00a0\u2013 matn\u00fd chrom; madlo a dr\u017e\u00e1k:\tleskl\u00fd\u00a0chrom<\/span><\/li>\n<li><i class=\"fas fa-check\"><\/i><span>V\u00fdpl\u0148 z\u00a0bezpe\u010dnostn\u00edho skla: 6\u00a0mm; Transparent<\/span><\/li>\n<li><i class=\"fas fa-check\"><\/i><span>V\u00fd\u0161ka v\u00fdrobku: 195\u00a0cm<\/span><\/li>\n<\/ul>\n<p>Oto\u010den\u00edm v\u00fdrobku o\u00a0180\u00b0 z\u00edsk\u00e1te pravou nebo levou variantu vstupu.V\u00fdrobek se montuje do vyzd\u011bn\u00e9 niky na lit\u00e9 vani\u010dky Ravak\u00a0Gigant Pro,Gigant Pro Chrome nebo p\u0159\u00edmo na podlahu se zabudovan\u00fdm odtokov\u00fdm \u017elabem \u010dipodlahovou vpust\u00ed. Nelze kombinovat s\u00a0pevnou st\u011bnou CPS. Sou\u010d\u00e1st\u00ed v\u00fdrobkuje dr\u017e\u00e1k. Nov\u00fdm prodlou\u017een\u00fdm ustavovac\u00edm profilem CNPS m\u016f\u017eete nahraditstandardn\u00ed ustavovac\u00ed profil, kter\u00fd je sou\u010d\u00e1st\u00ed balen\u00ed v\u00fdrobku.V\u00fdm\u011bnou standardn\u00edho ustavovac\u00edho profilu za prodlou\u017een\u00fd ustavovac\u00edprofil CNPS lze v\u00fdrobek roz\u0161\u00ed\u0159it o\u00a0dal\u0161\u00ed 2\u00a0cm.<\/p>\n<p>Otev\u00edr\u00e1 se, kde pot\u0159ebujete<\/p>\n<p>Prostor koupelny nemus\u00ed omezovat v\u00e1\u0161 v\u00fdb\u011br. Vyberte si models\u00a0otev\u00edr\u00e1n\u00edm p\u0159esn\u011b tam, kde pot\u0159ebujete. Na stran\u011b, vep\u0159edu neboz\u00a0rohu? Zkombinujte dvoje sprchov\u00e9 dve\u0159e a odm\u011b\u0148te se extr\u00e9mn\u011b \u0161irok\u00fdma pohodln\u00fdm vstupem.<\/p>\n<p>Koupelna v\u00a0suchu<\/p>\n<p>D\u00edky oto\u010dn\u00e9mu sloupku se dve\u0159e otev\u00edraj\u00ed nejen sm\u011brem ven, alei\u00a0dovnit\u0159. Po spr\u0161e tak m\u016f\u017eete nechat kout v\u011btrat, voda odkape dovnit\u0159 apodlaha z\u016fstane v\u00a0suchu.<\/p>\n<p>Lehk\u00e9 a plynul\u00e9 zav\u00edr\u00e1n\u00ed<\/p>\n<p>Kdo by si nep\u0159\u00e1l otev\u00edrat a zav\u00edrat dve\u0159e sprchy lehce a plynule? Protopou\u017e\u00edv\u00e1me pouze kvalitn\u00ed zdvihov\u00e9 mechanismy. Ty nav\u00edc zvy\u0161uj\u00edi\u00a0t\u011bsnost dve\u0159\u00ed. A\u00a0takhle to z\u016fstane i\u00a0po letech.<\/p>\n<p>\u00daklid za chvili\u010dku<\/p>\n<p>\u017d\u00e1dn\u00fd horn\u00ed a spodn\u00ed profil k\u00a0\u010di\u0161t\u011bn\u00ed. Pravidelnou \u00fadr\u017ebu takvy\u0159e\u0161\u00edte rychleji, ne\u017e si mysl\u00edte.<\/p>\n<p>Mont\u00e1\u017e v\u017edy na jedni\u010dku<\/p>\n<p>Drobn\u00e9 stavebn\u00ed nerovnosti? Nezoufejte\u00a0\u2013 Chrome m\u00e1 \u0159e\u0161en\u00ed. Jehoustavovac\u00ed profily umo\u017e\u0148uj\u00ed se\u0159\u00edzen\u00ed koutu na ka\u017ed\u00e9 stran\u011b a\u017eo\u00a010\u00a0milimetr\u016f. Nebo si po\u0159i\u010fte prodlou\u017een\u00fd ustavovac\u00ed profil aroz\u0161i\u0159te sprchov\u00fd kout o\u00a0dal\u0161\u00edch 20\u00a0milimetr\u016f.<\/p>\n<p>\u0160t\u00edt proti usazenin\u00e1m<\/p>\n<p>I\u00a0ta nej\u010dist\u0161\u00ed voda zanech\u00e1v\u00e1 stopy. A\u00a0to je (vodn\u00ed) k\u00e1men \u00farazu.Skla chr\u00e1n\u00edme patentovanou technologi\u00ed RAVAK AntiCalc\u00ae. Ta p\u016fsob\u00ed protiusazov\u00e1n\u00ed vodn\u00edho kamene a \u00faklid tak bude zase o\u00a0n\u011bco\u00a0leh\u010d\u00ed.<\/p>\n<p>Z\u00e1ruka 5\u00a0let<\/p>\n<p>Za kvalitou na\u0161ich v\u00fdrobk\u016f si stoj\u00edme. Proto ke sprchov\u00e9mu koutuz\u00edsk\u00e1te prodlou\u017eenou p\u011btiletou z\u00e1ruku.<\/p>\n<\/div>\n<div class=\"detail-description__left__more\">\t\t\t\t\t\t<span> <\/span><span> <\/span>\t\t\t\t\t<\/div>\n<\/p><\/div>\n<div class=\"extra-note\">\n<p>P\u0159ed mont\u00e1\u017e\u00ed v\u00fdrobku v\u011bnujte pozornost technick\u00fdm dokument\u016fmv\u00a0z\u00e1lo\u017ece \u201eData ke sta\u017een\u00ed\u201c, \u010d\u00edslice uveden\u00e1 v\u00a0n\u00e1zvu konkr\u00e9tn\u00edhov\u00fdrobku, neud\u00e1v\u00e1 jeho p\u0159esn\u00fd rozm\u011br.<\/p>\n<\/p><\/div>\n<\/p><\/div>\n<div class=\"detail-description__more\"><span> <\/span><span> <\/span><\/div>\n<\/p><\/div>\n<\/p><\/div>\n<div class=\"tab tab-detail-7\">\n<div class=\"table-size-classic  table-size--selectable\">\n<table>\n<thead>\n<tr>\n<th data-product-code=\"[&quot;K\u00f3d&quot;]\"><span class=\"selected\">Vybr\u00e1no<\/span><span><\/span><\/th>\n<th data-product-code=\"[&quot;0QVAC300Z1&quot;]\"><span class=\"selected\">Vybr\u00e1no<\/span><span>0QVAC300Z1<\/span><\/th>\n<th data-product-code=\"[&quot;0QVACC00Z1&quot;]\"><span class=\"selected\">Vybr\u00e1no<\/span><span>0QVACC00Z1<\/span><\/th>\n<th data-product-code=\"[&quot;0QVACE00Z1&quot;]\"><span class=\"selected\">Vybr\u00e1no<\/span><span>0QVACE00Z1<\/span><\/th>\n<th data-product-code=\"[&quot;0QVACU00Z1&quot;]\"><span class=\"selected\">Vybr\u00e1no<\/span><span>0QVACU00Z1<\/span><\/th>\n<th data-product-code=\"[&quot;0QVDC300Z1&quot;]\"><span class=\"selected\">Vybr\u00e1no<\/span><span>0QVDC300Z1<\/span><\/th>\n<th data-product-code=\"[&quot;0QVDCC00Z1&quot;]\"><span class=\"selected\">Vybr\u00e1no<\/span><span>0QVDCC00Z1<\/span><\/th>\n<th data-product-code=\"[&quot;0QVDCE00Z1&quot;]\"><span class=\"selected\">Vybr\u00e1no<\/span><span>0QVDCE00Z1<\/span><\/th>\n<th data-product-code=\"[&quot;0QVDCU00Z1&quot;]\"><span class=\"selected\">Vybr\u00e1no<\/span><span>0QVDCU00Z1<\/span><\/th>\n<th data-product-code=\"[&quot;0QVGC300Z1&quot;]\"><span class=\"selected\">Vybr\u00e1no<\/span><span>0QVGC300Z1<\/span><\/th>\n<th data-product-code=\"[&quot;0QVGCC00Z1&quot;]\"><span class=\"selected\">Vybr\u00e1no<\/span><span>0QVGCC00Z1<\/span><\/th>\n<th data-product-code=\"[&quot;0QVGCE00Z1&quot;]\"><span class=\"selected\">Vybr\u00e1no<\/span><span>0QVGCE00Z1<\/span><\/th>\n<th data-product-code=\"[&quot;0QVGCU00Z1&quot;]\"><span class=\"selected\">Vybr\u00e1no<\/span><span>0QVGCU00Z1<\/span><\/th>\n<\/tr>\n<\/thead>\n<tbody>\n<tr class=\"space\">\n<td><\/td>\n<td><\/td>\n<td><\/td>\n<td><\/td>\n<td><\/td>\n<td><\/td>\n<td><\/td>\n<td><\/td>\n<td><\/td>\n<td><\/td>\n<td><\/td>\n<td><\/td>\n<td><\/td>\n<\/tr>\n<tr>\n<td><strong>Strana<\/strong><\/td>\n<td>oto\u010diteln\u00e1<\/td>\n<td>oto\u010diteln\u00e1<\/td>\n<td>oto\u010diteln\u00e1<\/td>\n<td>oto\u010diteln\u00e1<\/td>\n<td>oto\u010diteln\u00e1<\/td>\n<td>oto\u010diteln\u00e1<\/td>\n<td>oto\u010diteln\u00e1<\/td>\n<td>oto\u010diteln\u00e1<\/td>\n<td>oto\u010diteln\u00e1<\/td>\n<td>oto\u010diteln\u00e1<\/td>\n<td>oto\u010diteln\u00e1<\/td>\n<td>oto\u010diteln\u00e1<\/td>\n<\/tr>\n<tr>\n<td><strong>Typ dve\u0159\u00ed<\/strong><\/td>\n<td>oto\u010dn\u00e9 dovnit\u0159 a do prostoru<\/td>\n<td>oto\u010dn\u00e9 dovnit\u0159 a do prostoru<\/td>\n<td>oto\u010dn\u00e9 dovnit\u0159 a do prostoru<\/td>\n<td>oto\u010dn\u00e9 dovnit\u0159 a do prostoru<\/td>\n<td>oto\u010dn\u00e9 dovnit\u0159 a do prostoru<\/td>\n<td>oto\u010dn\u00e9 dovnit\u0159 a do prostoru<\/td>\n<td>oto\u010dn\u00e9 dovnit\u0159 a do prostoru<\/td>\n<td>oto\u010dn\u00e9 dovnit\u0159 a do prostoru<\/td>\n<td>oto\u010dn\u00e9 dovnit\u0159 a do prostoru<\/td>\n<td>oto\u010dn\u00e9 dovnit\u0159 a do prostoru<\/td>\n<td>oto\u010dn\u00e9 dovnit\u0159 a do prostoru<\/td>\n<td>oto\u010dn\u00e9 dovnit\u0159 a do prostoru<\/td>\n<\/tr>\n<tr>\n<td><strong>V\u00fdpl\u0148<\/strong><\/td>\n<td>Transparent<\/td>\n<td>Transparent<\/td>\n<td>Transparent<\/td>\n<td>Transparent<\/td>\n<td>Transparent<\/td>\n<td>Transparent<\/td>\n<td>Transparent<\/td>\n<td>Transparent<\/td>\n<td>Transparent<\/td>\n<td>Transparent<\/td>\n<td>Transparent<\/td>\n<td>Transparent<\/td>\n<\/tr>\n<tr>\n<td><strong>Typ v\u00fdpln\u011b<\/strong><\/td>\n<td>sklo<\/td>\n<td>sklo<\/td>\n<td>sklo<\/td>\n<td>sklo<\/td>\n<td>sklo<\/td>\n<td>sklo<\/td>\n<td>sklo<\/td>\n<td>sklo<\/td>\n<td>sklo<\/td>\n<td>sklo<\/td>\n<td>sklo<\/td>\n<td>sklo<\/td>\n<\/tr>\n<tr>\n<td><strong>Tlou\u0161\u0165ka<\/strong><\/td>\n<td>6 mm<\/td>\n<td>6 mm<\/td>\n<td>6 mm<\/td>\n<td>6 mm<\/td>\n<td>6 mm<\/td>\n<td>6 mm<\/td>\n<td>6 mm<\/td>\n<td>6 mm<\/td>\n<td>6 mm<\/td>\n<td>6 mm<\/td>\n<td>6 mm<\/td>\n<td>6 mm<\/td>\n<\/tr>\n<tr>\n<td><strong>SHAPE<\/strong><\/td>\n<td>Sprchov\u00e9 dve\u0159e<\/td>\n<td>Sprchov\u00e9 dve\u0159e<\/td>\n<td>Sprchov\u00e9 dve\u0159e<\/td>\n<td>Sprchov\u00e9 dve\u0159e<\/td>\n<td>Sprchov\u00e9 dve\u0159e<\/td>\n<td>Sprchov\u00e9 dve\u0159e<\/td>\n<td>Sprchov\u00e9 dve\u0159e<\/td>\n<td>Sprchov\u00e9 dve\u0159e<\/td>\n<td>Sprchov\u00e9 dve\u0159e<\/td>\n<td>Sprchov\u00e9 dve\u0159e<\/td>\n<td>Sprchov\u00e9 dve\u0159e<\/td>\n<td>Sprchov\u00e9 dve\u0159e<\/td>\n<\/tr>\n<tr>\n<td><strong>Materi\u00e1l<\/strong><\/td>\n<td>kov \/ sklo<\/td>\n<td>kov \/ sklo<\/td>\n<td>kov \/ sklo<\/td>\n<td>kov \/ sklo<\/td>\n<td>kov \/ sklo<\/td>\n<td>kov \/ sklo<\/td>\n<td>kov \/ sklo<\/td>\n<td>kov \/ sklo<\/td>\n<td>kov \/ sklo<\/td>\n<td>kov \/ sklo<\/td>\n<td>kov \/ sklo<\/td>\n<td>kov \/ sklo<\/td>\n<\/tr>\n<tr>\n<td><strong>Produktov\u00e1 skupina<\/strong><\/td>\n<td>Sprchov\u00e9 dve\u0159e<\/td>\n<td>Sprchov\u00e9 dve\u0159e<\/td>\n<td>Sprchov\u00e9 dve\u0159e<\/td>\n<td>Sprchov\u00e9 dve\u0159e<\/td>\n<td>Sprchov\u00e9 dve\u0159e<\/td>\n<td>Sprchov\u00e9 dve\u0159e<\/td>\n<td>Sprchov\u00e9 dve\u0159e<\/td>\n<td>Sprchov\u00e9 dve\u0159e<\/td>\n<td>Sprchov\u00e9 dve\u0159e<\/td>\n<td>Sprchov\u00e9 dve\u0159e<\/td>\n<td>Sprchov\u00e9 dve\u0159e<\/td>\n<td>Sprchov\u00e9 dve\u0159e<\/td>\n<\/tr>\n<tr>\n<td><strong>P\u016fvod<\/strong><\/td>\n<td>Vyrobeno v \u010cR<\/td>\n<td>Vyrobeno v \u010cR<\/td>\n<td>Vyrobeno v \u010cR<\/td>\n<td>Vyrobeno v \u010cR<\/td>\n<td>Vyrobeno v \u010cR<\/td>\n<td>Vyrobeno v \u010cR<\/td>\n<td>Vyrobeno v \u010cR<\/td>\n<td>Vyrobeno v \u010cR<\/td>\n<td>Vyrobeno v \u010cR<\/td>\n<td>Vyrobeno v \u010cR<\/td>\n<td>Vyrobeno v \u010cR<\/td>\n<td>Vyrobeno v \u010cR<\/td>\n<\/tr>\n<tr>\n<td><strong>OVERFLOW_HEIGHT<\/strong><\/td>\n<td>0<\/td>\n<td>0<\/td>\n<td>0<\/td>\n<td>0<\/td>\n<td>0<\/td>\n<td>0<\/td>\n<td>0<\/td>\n<td>0<\/td>\n<td>0<\/td>\n<td>0<\/td>\n<td>0<\/td>\n<td>0<\/td>\n<\/tr>\n<tr>\n<td><strong>WASTE_DIAMETER<\/strong><\/td>\n<td>0<\/td>\n<td>0<\/td>\n<td>0<\/td>\n<td>0<\/td>\n<td>0<\/td>\n<td>0<\/td>\n<td>0<\/td>\n<td>0<\/td>\n<td>0<\/td>\n<td>0<\/td>\n<td>0<\/td>\n<td>0<\/td>\n<\/tr>\n<tr>\n<td><strong>NUMBER_OF_ELEMENTS<\/strong><\/td>\n<td>0<\/td>\n<td>0<\/td>\n<td>0<\/td>\n<td>0<\/td>\n<td>0<\/td>\n<td>0<\/td>\n<td>0<\/td>\n<td>0<\/td>\n<td>0<\/td>\n<td>0<\/td>\n<td>0<\/td>\n<td>0<\/td>\n<\/tr>\n<tr>\n<td><strong>Instalace<\/strong><\/td>\n<td>na vani\u010dku \/ bez vani\u010dky<\/td>\n<td>na vani\u010dku \/ bez vani\u010dky<\/td>\n<td>na vani\u010dku \/ bez vani\u010dky<\/td>\n<td>na vani\u010dku \/ bez vani\u010dky<\/td>\n<td>na vani\u010dku \/ bez vani\u010dky<\/td>\n<td>na vani\u010dku \/ bez vani\u010dky<\/td>\n<td>na vani\u010dku \/ bez vani\u010dky<\/td>\n<td>na vani\u010dku \/ bez vani\u010dky<\/td>\n<td>na vani\u010dku \/ bez vani\u010dky<\/td>\n<td>na vani\u010dku \/ bez vani\u010dky<\/td>\n<td>na vani\u010dku \/ bez vani\u010dky<\/td>\n<td>na vani\u010dku \/ bez vani\u010dky<\/td>\n<\/tr>\n<tr>\n<td><strong>CONSTRUCTION_HEIGHT<\/strong><\/td>\n<td>0<\/td>\n<td>0<\/td>\n<td>0<\/td>\n<td>0<\/td>\n<td>0<\/td>\n<td>0<\/td>\n<td>0<\/td>\n<td>0<\/td>\n<td>0<\/td>\n<td>0<\/td>\n<td>0<\/td>\n<td>0<\/td>\n<\/tr>\n<tr>\n<td><strong>ODOR_BARRIER_HEIGHT<\/strong><\/td>\n<td>0<\/td>\n<td>0<\/td>\n<td>0<\/td>\n<td>0<\/td>\n<td>0<\/td>\n<td>0<\/td>\n<td>0<\/td>\n<td>0<\/td>\n<td>0<\/td>\n<td>0<\/td>\n<td>0<\/td>\n<td>0<\/td>\n<\/tr>\n<tr>\n<td><strong>Barva<\/strong><\/td>\n<td>\u010dern\u00e1<\/td>\n<td>chrom<\/td>\n<td>B\u00edl\u00e1 matn\u00e1<\/td>\n<td>sv\u011btle \u0161ed\u00e1<\/td>\n<td>\u010dern\u00e1<\/td>\n<td>chrom<\/td>\n<td>B\u00edl\u00e1 matn\u00e1<\/td>\n<td>sv\u011btle \u0161ed\u00e1<\/td>\n<td>\u010dern\u00e1<\/td>\n<td>chrom<\/td>\n<td>B\u00edl\u00e1 matn\u00e1<\/td>\n<td>sv\u011btle \u0161ed\u00e1<\/td>\n<\/tr>\n<\/tbody>\n<\/table>\n<\/div><\/div>\n","protected":false},"excerpt":{"rendered":"<p>Vlastnosti Strana oto\u010diteln\u00e1 Typ dve\u0159\u00ed oto\u010dn\u00e9 dovnit\u0159 a do prostoru V\u00fdpl\u0148 Transparent Typ v\u00fdpln\u011b sklo Tlou\u0161\u0165ka 6 mm SHAPE Sprchov\u00e9 dve\u0159e Materi\u00e1l kov \/ sklo Produktov\u00e1 skupina Sprchov\u00e9 dve\u0159e P\u016fvod Vyrobeno v\u00a0\u010cR Instalace na vani\u010dku \/ bez vani\u010dky Barva B\u00edl\u00e1 matn\u00e1, sv\u011btle \u0161ed\u00e1, chrom, \u010dern\u00e1 Parametry Zna\u010dka Ravak Popis: Rozm\u011br: 110\u00a0cm Typov\u00e9 proveden\u00ed: oto\u010diteln\u00fd v\u00fdrobek [&hellip;]<\/p>\n","protected":false},"featured_media":66435,"comment_status":"open","ping_status":"open","template":"","meta":[],"product_brand":[],"product_cat":[39],"product_tag":[],"class_list":{"0":"post-66335","1":"product","2":"type-product","3":"status-publish","4":"has-post-thumbnail","6":"product_cat-sanita","8":"first","9":"instock","10":"sale","11":"shipping-taxable","12":"purchasable","13":"product-type-simple"},"yoast_head":"<!-- This site is optimized with the Yoast SEO plugin v26.8 - https:\/\/yoast.com\/product\/yoast-seo-wordpress\/ -->\n<title>Zna\u010dkov\u00fd Ravak CSD2 100, lesk+transparent -<\/title>\n<meta name=\"robots\" content=\"index, follow, max-snippet:-1, max-image-preview:large, max-video-preview:-1\" \/>\n<link rel=\"canonical\" href=\"https:\/\/www.technodompro.com\/index.php\/produkt\/znackovy-ravak-csd2-100-lesk-transparent-66335\/\" \/>\n<meta property=\"og:locale\" content=\"cs_CZ\" \/>\n<meta property=\"og:type\" content=\"article\" \/>\n<meta property=\"og:title\" content=\"Zna\u010dkov\u00fd Ravak CSD2 100, lesk+transparent -\" \/>\n<meta property=\"og:description\" content=\"Vlastnosti Strana oto\u010diteln\u00e1 Typ dve\u0159\u00ed oto\u010dn\u00e9 dovnit\u0159 a do prostoru V\u00fdpl\u0148 Transparent Typ v\u00fdpln\u011b sklo Tlou\u0161\u0165ka 6 mm SHAPE Sprchov\u00e9 dve\u0159e Materi\u00e1l kov \/ sklo Produktov\u00e1 skupina Sprchov\u00e9 dve\u0159e P\u016fvod Vyrobeno v\u00a0\u010cR Instalace na vani\u010dku \/ bez vani\u010dky Barva B\u00edl\u00e1 matn\u00e1, sv\u011btle \u0161ed\u00e1, chrom, \u010dern\u00e1 Parametry Zna\u010dka Ravak Popis: Rozm\u011br: 110\u00a0cm Typov\u00e9 proveden\u00ed: oto\u010diteln\u00fd v\u00fdrobek [&hellip;]\" \/>\n<meta property=\"og:url\" content=\"https:\/\/www.technodompro.com\/index.php\/produkt\/znackovy-ravak-csd2-100-lesk-transparent-66335\/\" \/>\n<meta property=\"og:image\" content=\"https:\/\/www.technodompro.com\/wp-content\/uploads\/2026\/SK0020861-CZ20260425-091936-0-1777079982-ravak-csd2-120-biela-transparent-bila-w1200-h628-f8-b482543.webp\" \/>\n\t<meta property=\"og:image:width\" content=\"1000\" \/>\n\t<meta property=\"og:image:height\" content=\"523\" \/>\n\t<meta property=\"og:image:type\" content=\"image\/webp\" \/>\n<meta name=\"twitter:card\" content=\"summary_large_image\" \/>\n<meta name=\"twitter:label1\" content=\"Odhadovan\u00e1 doba \u010dten\u00ed\" \/>\n\t<meta name=\"twitter:data1\" content=\"4 minuty\" \/>\n<script type=\"application\/ld+json\" class=\"yoast-schema-graph\">{\"@context\":\"https:\/\/schema.org\",\"@graph\":[{\"@type\":\"WebPage\",\"@id\":\"https:\/\/www.technodompro.com\/index.php\/produkt\/znackovy-ravak-csd2-100-lesk-transparent-66335\/\",\"url\":\"https:\/\/www.technodompro.com\/index.php\/produkt\/znackovy-ravak-csd2-100-lesk-transparent-66335\/\",\"name\":\"Zna\u010dkov\u00fd Ravak CSD2 100, lesk+transparent -\",\"isPartOf\":{\"@id\":\"https:\/\/www.technodompro.com\/#website\"},\"primaryImageOfPage\":{\"@id\":\"https:\/\/www.technodompro.com\/index.php\/produkt\/znackovy-ravak-csd2-100-lesk-transparent-66335\/#primaryimage\"},\"image\":{\"@id\":\"https:\/\/www.technodompro.com\/index.php\/produkt\/znackovy-ravak-csd2-100-lesk-transparent-66335\/#primaryimage\"},\"thumbnailUrl\":\"https:\/\/www.technodompro.com\/wp-content\/uploads\/2026\/SK0020861-CZ20260425-091936-0-1777079982-ravak-csd2-120-biela-transparent-bila-w1200-h628-f8-b482543.webp\",\"datePublished\":\"2026-04-27T04:43:32+00:00\",\"breadcrumb\":{\"@id\":\"https:\/\/www.technodompro.com\/index.php\/produkt\/znackovy-ravak-csd2-100-lesk-transparent-66335\/#breadcrumb\"},\"inLanguage\":\"cs\",\"potentialAction\":[{\"@type\":\"ReadAction\",\"target\":[\"https:\/\/www.technodompro.com\/index.php\/produkt\/znackovy-ravak-csd2-100-lesk-transparent-66335\/\"]}]},{\"@type\":\"ImageObject\",\"inLanguage\":\"cs\",\"@id\":\"https:\/\/www.technodompro.com\/index.php\/produkt\/znackovy-ravak-csd2-100-lesk-transparent-66335\/#primaryimage\",\"url\":\"https:\/\/www.technodompro.com\/wp-content\/uploads\/2026\/SK0020861-CZ20260425-091936-0-1777079982-ravak-csd2-120-biela-transparent-bila-w1200-h628-f8-b482543.webp\",\"contentUrl\":\"https:\/\/www.technodompro.com\/wp-content\/uploads\/2026\/SK0020861-CZ20260425-091936-0-1777079982-ravak-csd2-120-biela-transparent-bila-w1200-h628-f8-b482543.webp\",\"width\":1000,\"height\":523},{\"@type\":\"BreadcrumbList\",\"@id\":\"https:\/\/www.technodompro.com\/index.php\/produkt\/znackovy-ravak-csd2-100-lesk-transparent-66335\/#breadcrumb\",\"itemListElement\":[{\"@type\":\"ListItem\",\"position\":1,\"name\":\"Home\",\"item\":\"https:\/\/www.technodompro.com\/\"},{\"@type\":\"ListItem\",\"position\":2,\"name\":\"Products\",\"item\":\"https:\/\/www.technodompro.com\/index.php\/products\/\"},{\"@type\":\"ListItem\",\"position\":3,\"name\":\"Zna\u010dkov\u00fd Ravak CSD2 100, lesk+transparent\"}]},{\"@type\":\"WebSite\",\"@id\":\"https:\/\/www.technodompro.com\/#website\",\"url\":\"https:\/\/www.technodompro.com\/\",\"name\":\"\",\"description\":\"\",\"potentialAction\":[{\"@type\":\"SearchAction\",\"target\":{\"@type\":\"EntryPoint\",\"urlTemplate\":\"https:\/\/www.technodompro.com\/?s={search_term_string}\"},\"query-input\":{\"@type\":\"PropertyValueSpecification\",\"valueRequired\":true,\"valueName\":\"search_term_string\"}}],\"inLanguage\":\"cs\"}]}<\/script>\n<!-- \/ Yoast SEO plugin. -->","yoast_head_json":{"title":"Zna\u010dkov\u00fd Ravak CSD2 100, lesk+transparent -","robots":{"index":"index","follow":"follow","max-snippet":"max-snippet:-1","max-image-preview":"max-image-preview:large","max-video-preview":"max-video-preview:-1"},"canonical":"https:\/\/www.technodompro.com\/index.php\/produkt\/znackovy-ravak-csd2-100-lesk-transparent-66335\/","og_locale":"cs_CZ","og_type":"article","og_title":"Zna\u010dkov\u00fd Ravak CSD2 100, lesk+transparent -","og_description":"Vlastnosti Strana oto\u010diteln\u00e1 Typ dve\u0159\u00ed oto\u010dn\u00e9 dovnit\u0159 a do prostoru V\u00fdpl\u0148 Transparent Typ v\u00fdpln\u011b sklo Tlou\u0161\u0165ka 6 mm SHAPE Sprchov\u00e9 dve\u0159e Materi\u00e1l kov \/ sklo Produktov\u00e1 skupina Sprchov\u00e9 dve\u0159e P\u016fvod Vyrobeno v\u00a0\u010cR Instalace na vani\u010dku \/ bez vani\u010dky Barva B\u00edl\u00e1 matn\u00e1, sv\u011btle \u0161ed\u00e1, chrom, \u010dern\u00e1 Parametry Zna\u010dka Ravak Popis: Rozm\u011br: 110\u00a0cm Typov\u00e9 proveden\u00ed: oto\u010diteln\u00fd v\u00fdrobek [&hellip;]","og_url":"https:\/\/www.technodompro.com\/index.php\/produkt\/znackovy-ravak-csd2-100-lesk-transparent-66335\/","og_image":[{"width":1000,"height":523,"url":"https:\/\/www.technodompro.com\/wp-content\/uploads\/2026\/SK0020861-CZ20260425-091936-0-1777079982-ravak-csd2-120-biela-transparent-bila-w1200-h628-f8-b482543.webp","type":"image\/webp"}],"twitter_card":"summary_large_image","twitter_misc":{"Odhadovan\u00e1 doba \u010dten\u00ed":"4 minuty"},"schema":{"@context":"https:\/\/schema.org","@graph":[{"@type":"WebPage","@id":"https:\/\/www.technodompro.com\/index.php\/produkt\/znackovy-ravak-csd2-100-lesk-transparent-66335\/","url":"https:\/\/www.technodompro.com\/index.php\/produkt\/znackovy-ravak-csd2-100-lesk-transparent-66335\/","name":"Zna\u010dkov\u00fd Ravak CSD2 100, lesk+transparent -","isPartOf":{"@id":"https:\/\/www.technodompro.com\/#website"},"primaryImageOfPage":{"@id":"https:\/\/www.technodompro.com\/index.php\/produkt\/znackovy-ravak-csd2-100-lesk-transparent-66335\/#primaryimage"},"image":{"@id":"https:\/\/www.technodompro.com\/index.php\/produkt\/znackovy-ravak-csd2-100-lesk-transparent-66335\/#primaryimage"},"thumbnailUrl":"https:\/\/www.technodompro.com\/wp-content\/uploads\/2026\/SK0020861-CZ20260425-091936-0-1777079982-ravak-csd2-120-biela-transparent-bila-w1200-h628-f8-b482543.webp","datePublished":"2026-04-27T04:43:32+00:00","breadcrumb":{"@id":"https:\/\/www.technodompro.com\/index.php\/produkt\/znackovy-ravak-csd2-100-lesk-transparent-66335\/#breadcrumb"},"inLanguage":"cs","potentialAction":[{"@type":"ReadAction","target":["https:\/\/www.technodompro.com\/index.php\/produkt\/znackovy-ravak-csd2-100-lesk-transparent-66335\/"]}]},{"@type":"ImageObject","inLanguage":"cs","@id":"https:\/\/www.technodompro.com\/index.php\/produkt\/znackovy-ravak-csd2-100-lesk-transparent-66335\/#primaryimage","url":"https:\/\/www.technodompro.com\/wp-content\/uploads\/2026\/SK0020861-CZ20260425-091936-0-1777079982-ravak-csd2-120-biela-transparent-bila-w1200-h628-f8-b482543.webp","contentUrl":"https:\/\/www.technodompro.com\/wp-content\/uploads\/2026\/SK0020861-CZ20260425-091936-0-1777079982-ravak-csd2-120-biela-transparent-bila-w1200-h628-f8-b482543.webp","width":1000,"height":523},{"@type":"BreadcrumbList","@id":"https:\/\/www.technodompro.com\/index.php\/produkt\/znackovy-ravak-csd2-100-lesk-transparent-66335\/#breadcrumb","itemListElement":[{"@type":"ListItem","position":1,"name":"Home","item":"https:\/\/www.technodompro.com\/"},{"@type":"ListItem","position":2,"name":"Products","item":"https:\/\/www.technodompro.com\/index.php\/products\/"},{"@type":"ListItem","position":3,"name":"Zna\u010dkov\u00fd Ravak CSD2 100, lesk+transparent"}]},{"@type":"WebSite","@id":"https:\/\/www.technodompro.com\/#website","url":"https:\/\/www.technodompro.com\/","name":"","description":"","potentialAction":[{"@type":"SearchAction","target":{"@type":"EntryPoint","urlTemplate":"https:\/\/www.technodompro.com\/?s={search_term_string}"},"query-input":{"@type":"PropertyValueSpecification","valueRequired":true,"valueName":"search_term_string"}}],"inLanguage":"cs"}]}},"_links":{"self":[{"href":"https:\/\/www.technodompro.com\/index.php\/wp-json\/wp\/v2\/product\/66335","targetHints":{"allow":["GET"]}}],"collection":[{"href":"https:\/\/www.technodompro.com\/index.php\/wp-json\/wp\/v2\/product"}],"about":[{"href":"https:\/\/www.technodompro.com\/index.php\/wp-json\/wp\/v2\/types\/product"}],"replies":[{"embeddable":true,"href":"https:\/\/www.technodompro.com\/index.php\/wp-json\/wp\/v2\/comments?post=66335"}],"wp:featuredmedia":[{"embeddable":true,"href":"https:\/\/www.technodompro.com\/index.php\/wp-json\/wp\/v2\/media\/66435"}],"wp:attachment":[{"href":"https:\/\/www.technodompro.com\/index.php\/wp-json\/wp\/v2\/media?parent=66335"}],"wp:term":[{"taxonomy":"product_brand","embeddable":true,"href":"https:\/\/www.technodompro.com\/index.php\/wp-json\/wp\/v2\/product_brand?post=66335"},{"taxonomy":"product_cat","embeddable":true,"href":"https:\/\/www.technodompro.com\/index.php\/wp-json\/wp\/v2\/product_cat?post=66335"},{"taxonomy":"product_tag","embeddable":true,"href":"https:\/\/www.technodompro.com\/index.php\/wp-json\/wp\/v2\/product_tag?post=66335"}],"curies":[{"name":"wp","href":"https:\/\/api.w.org\/{rel}","templated":true}]}}