{"id":66711,"date":"2026-04-27T04:43:33","date_gmt":"2026-04-27T04:43:33","guid":{"rendered":""},"modified":"2026-04-27T04:43:33","modified_gmt":"2026-04-27T04:43:33","slug":"zvezda-krbova-kamna-zvezda-pernik-5-kw-cerna-zv-304-nakupujte-hned-66711","status":"publish","type":"product","link":"https:\/\/www.technodompro.com\/index.php\/produkt\/zvezda-krbova-kamna-zvezda-pernik-5-kw-cerna-zv-304-nakupujte-hned-66711\/","title":{"rendered":"Zvezda Krbov\u00e1 kamna ZVEZDA PERNIK &#8211; 5 kW, \u010dern\u00e1 &#8211; ZV-304 Nakupujte Hned"},"content":{"rendered":"<div class=\"detail-description__right\">\n<div class=\"parameters\">\n<div class=\"table table--simple\">\n<table>\n<tbody>\n<tr>\n<td colspan=\"2\">\n<h4>Vlastnosti<\/h4>\n<\/td>\n<\/tr>\n<tr>\n<td>Pr\u016fm\u011br kou\u0159ovodu<\/td>\n<td>130 mm<\/td>\n<\/tr>\n<tr>\n<td>Materi\u00e1l<\/td>\n<td>ocel<\/td>\n<\/tr>\n<tr>\n<td>Pou\u017eiteln\u00e9 palivo<\/td>\n<td>d\u0159evo, brikety<\/td>\n<\/tr>\n<tr>\n<td>Rozm\u011bry p\u0159ikl\u00e1dac\u00edho otvoru (\u0160 x V)<\/td>\n<td>21\u00a0\u00d7\u00a019 cm<\/td>\n<\/tr>\n<tr>\n<td>Vyt\u00e1p\u011bc\u00ed schopnost<\/td>\n<td>50 m\u00b2<\/td>\n<\/tr>\n<tr>\n<td>ECODESIGN 2022<\/td>\n<td>ano<\/td>\n<\/tr>\n<tr>\n<td>Certifikace<\/td>\n<td>CE<\/td>\n<\/tr>\n<tr>\n<td>Energetick\u00e1 t\u0159\u00edda<\/td>\n<td>A<\/td>\n<\/tr>\n<tr>\n<td>Hmotnost<\/td>\n<td>61 kg<\/td>\n<\/tr>\n<tr>\n<td>Celkov\u00e9 rozm\u011bry  (\u0160 x H x V)<\/td>\n<td>440\u00a0\u00d7\u00a0330\u00a0\u00d7\u00a0940 mm<\/td>\n<\/tr>\n<tr>\n<td>V\u00fdvod kou\u0159ovodu<\/td>\n<td>zadn\u00ed<\/td>\n<\/tr>\n<tr>\n<td>Jmenovit\u00fd v\u00fdkon<\/td>\n<td>5 kW<\/td>\n<\/tr>\n<tr>\n<td>P\u0159ikl\u00e1dan\u00ed<\/td>\n<td>p\u0159edn\u00ed<\/td>\n<\/tr>\n<tr>\n<td>Zp\u016fsob vyt\u00e1p\u011bn\u00ed<\/td>\n<td>teplovzdu\u0161n\u00fd<\/td>\n<\/tr>\n<tr>\n<td>Provozn\u00ed tah<\/td>\n<td>12 Pa<\/td>\n<\/tr>\n<tr>\n<td colspan=\"2\">\n<h4>Parametry<\/h4>\n<\/td>\n<\/tr>\n<tr>\n<td>Z\u00e1ruka<\/td>\n<td>24 m\u011bs\u00edc\u016f<\/td>\n<\/tr>\n<tr>\n<td>Zna\u010dka<\/td>\n<td>Zvezda<\/td>\n<\/tr>\n<\/tbody>\n<\/table><\/div>\n<\/div><\/div>\n<div class=\"detail-description__top\">\t\t\t\t<\/div>\n<div class=\"detail-description__left\">\n<div class=\"detail-description__left__overflow\">\n<div class=\"detail-description__left__head\">\t\t\t\t\t\tPopis:\t\t\t\t\t<\/div>\n<div class=\"ul-style ul-style--check\">\n<p>Krbov\u00e1 kamna ZVEZDA Pernik v elegantn\u00edm \u010dern\u00e9m proveden\u00ed jsou navr\u017eena pro praktick\u00e9 pou\u017eit\u00ed v chatach, gar\u00e1\u017e\u00edch nebo men\u0161\u00edch obytn\u00fdch prostorech. Jejich <strong>jmenovit\u00fd v\u00fdkon 5 kW<\/strong> umo\u017e\u0148uje vyt\u00e1p\u011bt plochu p\u0159ibli\u017en\u011b 50 m\u00b2.<\/p>\n<ul class=\"plusminus\">\n<li><i class=\"fas fa-check\"><\/i><span>Kompaktn\u00ed a praktick\u00e1<\/span><\/li>\n<li><i class=\"fas fa-check\"><\/i><span>Stylov\u00e9 \u010dern\u00e9 proveden\u00ed<\/span><\/li>\n<li><i class=\"fas fa-check\"><\/i><span>Efektivn\u00ed v\u00fdkon<\/span><\/li>\n<\/ul>\n<p><strong>Topeni\u0161t\u011b je oblo\u017eeno<\/strong>\u00a0<strong data-start=\"465\" data-end=\"487\">\u0161amotov\u00fdmi cihlami<\/strong>, kter\u00e9 zvy\u0161uj\u00ed akumulaci tepla a zaji\u0161\u0165uj\u00ed rovnom\u011brn\u00e9 s\u00e1l\u00e1n\u00ed.\u00a0Kamna maj\u00ed\u00a0zadn\u00ed v\u00fdvod kou\u0159ovodu \u00d8130 mm, co\u017e usnad\u0148uje p\u0159ipojen\u00ed ke st\u00e1vaj\u00edc\u00edmu kom\u00ednu.<\/p>\n<div class='videoWrapper'><\/div>\n<\/div>\n<div class=\"detail-description__left__more\">\t\t\t\t\t\t<span> <\/span><span> <\/span>\t\t\t\t\t<\/div>\n<\/p><\/div>\n<\/p><\/div>\n<div class=\"detail-description__more\"><span> <\/span><span> <\/span><\/div>\n<\/p><\/div>\n<\/p><\/div>\n","protected":false},"excerpt":{"rendered":"<p>Vlastnosti Pr\u016fm\u011br kou\u0159ovodu 130 mm Materi\u00e1l ocel Pou\u017eiteln\u00e9 palivo d\u0159evo, brikety Rozm\u011bry p\u0159ikl\u00e1dac\u00edho otvoru (\u0160 x V) 21\u00a0\u00d7\u00a019 cm Vyt\u00e1p\u011bc\u00ed schopnost 50 m\u00b2 ECODESIGN 2022 ano Certifikace CE Energetick\u00e1 t\u0159\u00edda A Hmotnost 61 kg Celkov\u00e9 rozm\u011bry (\u0160 x H x V) 440\u00a0\u00d7\u00a0330\u00a0\u00d7\u00a0940 mm V\u00fdvod kou\u0159ovodu zadn\u00ed Jmenovit\u00fd v\u00fdkon 5 kW P\u0159ikl\u00e1dan\u00ed p\u0159edn\u00ed Zp\u016fsob vyt\u00e1p\u011bn\u00ed teplovzdu\u0161n\u00fd [&hellip;]<\/p>\n","protected":false},"featured_media":66811,"comment_status":"open","ping_status":"open","template":"","meta":[],"product_brand":[],"product_cat":[38],"product_tag":[],"class_list":{"0":"post-66711","1":"product","2":"type-product","3":"status-publish","4":"has-post-thumbnail","6":"product_cat-bydleni","8":"first","9":"instock","10":"sale","11":"shipping-taxable","12":"purchasable","13":"product-type-simple"},"yoast_head":"<!-- This site is optimized with the Yoast SEO plugin v26.8 - https:\/\/yoast.com\/product\/yoast-seo-wordpress\/ -->\n<title>Zvezda Krbov\u00e1 kamna ZVEZDA PERNIK - 5 kW, \u010dern\u00e1 - ZV-304 Nakupujte Hned -<\/title>\n<meta name=\"robots\" content=\"index, follow, max-snippet:-1, max-image-preview:large, max-video-preview:-1\" \/>\n<link rel=\"canonical\" href=\"https:\/\/www.technodompro.com\/index.php\/produkt\/zvezda-krbova-kamna-zvezda-pernik-5-kw-cerna-zv-304-nakupujte-hned-66711\/\" \/>\n<meta property=\"og:locale\" content=\"cs_CZ\" \/>\n<meta property=\"og:type\" content=\"article\" \/>\n<meta property=\"og:title\" content=\"Zvezda Krbov\u00e1 kamna ZVEZDA PERNIK - 5 kW, \u010dern\u00e1 - ZV-304 Nakupujte Hned -\" \/>\n<meta property=\"og:description\" content=\"Vlastnosti Pr\u016fm\u011br kou\u0159ovodu 130 mm Materi\u00e1l ocel Pou\u017eiteln\u00e9 palivo d\u0159evo, brikety Rozm\u011bry p\u0159ikl\u00e1dac\u00edho otvoru (\u0160 x V) 21\u00a0\u00d7\u00a019 cm Vyt\u00e1p\u011bc\u00ed schopnost 50 m\u00b2 ECODESIGN 2022 ano Certifikace CE Energetick\u00e1 t\u0159\u00edda A Hmotnost 61 kg Celkov\u00e9 rozm\u011bry (\u0160 x H x V) 440\u00a0\u00d7\u00a0330\u00a0\u00d7\u00a0940 mm V\u00fdvod kou\u0159ovodu zadn\u00ed Jmenovit\u00fd v\u00fdkon 5 kW P\u0159ikl\u00e1dan\u00ed p\u0159edn\u00ed Zp\u016fsob vyt\u00e1p\u011bn\u00ed teplovzdu\u0161n\u00fd [&hellip;]\" \/>\n<meta property=\"og:url\" content=\"https:\/\/www.technodompro.com\/index.php\/produkt\/zvezda-krbova-kamna-zvezda-pernik-5-kw-cerna-zv-304-nakupujte-hned-66711\/\" \/>\n<meta property=\"og:image\" content=\"https:\/\/www.technodompro.com\/wp-content\/uploads\/2026\/SK0021087-CZ20260425-091936-0-1777079982-krbova-kamna-zvezda-pernik-5-kw-zv-304-w1200-h628-f8-7b5127.webp\" \/>\n\t<meta property=\"og:image:width\" content=\"1000\" \/>\n\t<meta property=\"og:image:height\" content=\"523\" \/>\n\t<meta property=\"og:image:type\" content=\"image\/webp\" \/>\n<meta name=\"twitter:card\" content=\"summary_large_image\" \/>\n<meta name=\"twitter:label1\" content=\"Odhadovan\u00e1 doba \u010dten\u00ed\" \/>\n\t<meta name=\"twitter:data1\" content=\"1 minuta\" \/>\n<script type=\"application\/ld+json\" class=\"yoast-schema-graph\">{\"@context\":\"https:\/\/schema.org\",\"@graph\":[{\"@type\":\"WebPage\",\"@id\":\"https:\/\/www.technodompro.com\/index.php\/produkt\/zvezda-krbova-kamna-zvezda-pernik-5-kw-cerna-zv-304-nakupujte-hned-66711\/\",\"url\":\"https:\/\/www.technodompro.com\/index.php\/produkt\/zvezda-krbova-kamna-zvezda-pernik-5-kw-cerna-zv-304-nakupujte-hned-66711\/\",\"name\":\"Zvezda Krbov\u00e1 kamna ZVEZDA PERNIK - 5 kW, \u010dern\u00e1 - ZV-304 Nakupujte Hned -\",\"isPartOf\":{\"@id\":\"https:\/\/www.technodompro.com\/#website\"},\"primaryImageOfPage\":{\"@id\":\"https:\/\/www.technodompro.com\/index.php\/produkt\/zvezda-krbova-kamna-zvezda-pernik-5-kw-cerna-zv-304-nakupujte-hned-66711\/#primaryimage\"},\"image\":{\"@id\":\"https:\/\/www.technodompro.com\/index.php\/produkt\/zvezda-krbova-kamna-zvezda-pernik-5-kw-cerna-zv-304-nakupujte-hned-66711\/#primaryimage\"},\"thumbnailUrl\":\"https:\/\/www.technodompro.com\/wp-content\/uploads\/2026\/SK0021087-CZ20260425-091936-0-1777079982-krbova-kamna-zvezda-pernik-5-kw-zv-304-w1200-h628-f8-7b5127.webp\",\"datePublished\":\"2026-04-27T04:43:33+00:00\",\"breadcrumb\":{\"@id\":\"https:\/\/www.technodompro.com\/index.php\/produkt\/zvezda-krbova-kamna-zvezda-pernik-5-kw-cerna-zv-304-nakupujte-hned-66711\/#breadcrumb\"},\"inLanguage\":\"cs\",\"potentialAction\":[{\"@type\":\"ReadAction\",\"target\":[\"https:\/\/www.technodompro.com\/index.php\/produkt\/zvezda-krbova-kamna-zvezda-pernik-5-kw-cerna-zv-304-nakupujte-hned-66711\/\"]}]},{\"@type\":\"ImageObject\",\"inLanguage\":\"cs\",\"@id\":\"https:\/\/www.technodompro.com\/index.php\/produkt\/zvezda-krbova-kamna-zvezda-pernik-5-kw-cerna-zv-304-nakupujte-hned-66711\/#primaryimage\",\"url\":\"https:\/\/www.technodompro.com\/wp-content\/uploads\/2026\/SK0021087-CZ20260425-091936-0-1777079982-krbova-kamna-zvezda-pernik-5-kw-zv-304-w1200-h628-f8-7b5127.webp\",\"contentUrl\":\"https:\/\/www.technodompro.com\/wp-content\/uploads\/2026\/SK0021087-CZ20260425-091936-0-1777079982-krbova-kamna-zvezda-pernik-5-kw-zv-304-w1200-h628-f8-7b5127.webp\",\"width\":1000,\"height\":523},{\"@type\":\"BreadcrumbList\",\"@id\":\"https:\/\/www.technodompro.com\/index.php\/produkt\/zvezda-krbova-kamna-zvezda-pernik-5-kw-cerna-zv-304-nakupujte-hned-66711\/#breadcrumb\",\"itemListElement\":[{\"@type\":\"ListItem\",\"position\":1,\"name\":\"Home\",\"item\":\"https:\/\/www.technodompro.com\/\"},{\"@type\":\"ListItem\",\"position\":2,\"name\":\"Products\",\"item\":\"https:\/\/www.technodompro.com\/index.php\/products\/\"},{\"@type\":\"ListItem\",\"position\":3,\"name\":\"Zvezda Krbov\u00e1 kamna ZVEZDA PERNIK &#8211; 5 kW, \u010dern\u00e1 &#8211; ZV-304 Nakupujte Hned\"}]},{\"@type\":\"WebSite\",\"@id\":\"https:\/\/www.technodompro.com\/#website\",\"url\":\"https:\/\/www.technodompro.com\/\",\"name\":\"\",\"description\":\"\",\"potentialAction\":[{\"@type\":\"SearchAction\",\"target\":{\"@type\":\"EntryPoint\",\"urlTemplate\":\"https:\/\/www.technodompro.com\/?s={search_term_string}\"},\"query-input\":{\"@type\":\"PropertyValueSpecification\",\"valueRequired\":true,\"valueName\":\"search_term_string\"}}],\"inLanguage\":\"cs\"}]}<\/script>\n<!-- \/ Yoast SEO plugin. -->","yoast_head_json":{"title":"Zvezda Krbov\u00e1 kamna ZVEZDA PERNIK - 5 kW, \u010dern\u00e1 - ZV-304 Nakupujte Hned -","robots":{"index":"index","follow":"follow","max-snippet":"max-snippet:-1","max-image-preview":"max-image-preview:large","max-video-preview":"max-video-preview:-1"},"canonical":"https:\/\/www.technodompro.com\/index.php\/produkt\/zvezda-krbova-kamna-zvezda-pernik-5-kw-cerna-zv-304-nakupujte-hned-66711\/","og_locale":"cs_CZ","og_type":"article","og_title":"Zvezda Krbov\u00e1 kamna ZVEZDA PERNIK - 5 kW, \u010dern\u00e1 - ZV-304 Nakupujte Hned -","og_description":"Vlastnosti Pr\u016fm\u011br kou\u0159ovodu 130 mm Materi\u00e1l ocel Pou\u017eiteln\u00e9 palivo d\u0159evo, brikety Rozm\u011bry p\u0159ikl\u00e1dac\u00edho otvoru (\u0160 x V) 21\u00a0\u00d7\u00a019 cm Vyt\u00e1p\u011bc\u00ed schopnost 50 m\u00b2 ECODESIGN 2022 ano Certifikace CE Energetick\u00e1 t\u0159\u00edda A Hmotnost 61 kg Celkov\u00e9 rozm\u011bry (\u0160 x H x V) 440\u00a0\u00d7\u00a0330\u00a0\u00d7\u00a0940 mm V\u00fdvod kou\u0159ovodu zadn\u00ed Jmenovit\u00fd v\u00fdkon 5 kW P\u0159ikl\u00e1dan\u00ed p\u0159edn\u00ed Zp\u016fsob vyt\u00e1p\u011bn\u00ed teplovzdu\u0161n\u00fd [&hellip;]","og_url":"https:\/\/www.technodompro.com\/index.php\/produkt\/zvezda-krbova-kamna-zvezda-pernik-5-kw-cerna-zv-304-nakupujte-hned-66711\/","og_image":[{"width":1000,"height":523,"url":"https:\/\/www.technodompro.com\/wp-content\/uploads\/2026\/SK0021087-CZ20260425-091936-0-1777079982-krbova-kamna-zvezda-pernik-5-kw-zv-304-w1200-h628-f8-7b5127.webp","type":"image\/webp"}],"twitter_card":"summary_large_image","twitter_misc":{"Odhadovan\u00e1 doba \u010dten\u00ed":"1 minuta"},"schema":{"@context":"https:\/\/schema.org","@graph":[{"@type":"WebPage","@id":"https:\/\/www.technodompro.com\/index.php\/produkt\/zvezda-krbova-kamna-zvezda-pernik-5-kw-cerna-zv-304-nakupujte-hned-66711\/","url":"https:\/\/www.technodompro.com\/index.php\/produkt\/zvezda-krbova-kamna-zvezda-pernik-5-kw-cerna-zv-304-nakupujte-hned-66711\/","name":"Zvezda Krbov\u00e1 kamna ZVEZDA PERNIK - 5 kW, \u010dern\u00e1 - ZV-304 Nakupujte Hned -","isPartOf":{"@id":"https:\/\/www.technodompro.com\/#website"},"primaryImageOfPage":{"@id":"https:\/\/www.technodompro.com\/index.php\/produkt\/zvezda-krbova-kamna-zvezda-pernik-5-kw-cerna-zv-304-nakupujte-hned-66711\/#primaryimage"},"image":{"@id":"https:\/\/www.technodompro.com\/index.php\/produkt\/zvezda-krbova-kamna-zvezda-pernik-5-kw-cerna-zv-304-nakupujte-hned-66711\/#primaryimage"},"thumbnailUrl":"https:\/\/www.technodompro.com\/wp-content\/uploads\/2026\/SK0021087-CZ20260425-091936-0-1777079982-krbova-kamna-zvezda-pernik-5-kw-zv-304-w1200-h628-f8-7b5127.webp","datePublished":"2026-04-27T04:43:33+00:00","breadcrumb":{"@id":"https:\/\/www.technodompro.com\/index.php\/produkt\/zvezda-krbova-kamna-zvezda-pernik-5-kw-cerna-zv-304-nakupujte-hned-66711\/#breadcrumb"},"inLanguage":"cs","potentialAction":[{"@type":"ReadAction","target":["https:\/\/www.technodompro.com\/index.php\/produkt\/zvezda-krbova-kamna-zvezda-pernik-5-kw-cerna-zv-304-nakupujte-hned-66711\/"]}]},{"@type":"ImageObject","inLanguage":"cs","@id":"https:\/\/www.technodompro.com\/index.php\/produkt\/zvezda-krbova-kamna-zvezda-pernik-5-kw-cerna-zv-304-nakupujte-hned-66711\/#primaryimage","url":"https:\/\/www.technodompro.com\/wp-content\/uploads\/2026\/SK0021087-CZ20260425-091936-0-1777079982-krbova-kamna-zvezda-pernik-5-kw-zv-304-w1200-h628-f8-7b5127.webp","contentUrl":"https:\/\/www.technodompro.com\/wp-content\/uploads\/2026\/SK0021087-CZ20260425-091936-0-1777079982-krbova-kamna-zvezda-pernik-5-kw-zv-304-w1200-h628-f8-7b5127.webp","width":1000,"height":523},{"@type":"BreadcrumbList","@id":"https:\/\/www.technodompro.com\/index.php\/produkt\/zvezda-krbova-kamna-zvezda-pernik-5-kw-cerna-zv-304-nakupujte-hned-66711\/#breadcrumb","itemListElement":[{"@type":"ListItem","position":1,"name":"Home","item":"https:\/\/www.technodompro.com\/"},{"@type":"ListItem","position":2,"name":"Products","item":"https:\/\/www.technodompro.com\/index.php\/products\/"},{"@type":"ListItem","position":3,"name":"Zvezda Krbov\u00e1 kamna ZVEZDA PERNIK &#8211; 5 kW, \u010dern\u00e1 &#8211; ZV-304 Nakupujte Hned"}]},{"@type":"WebSite","@id":"https:\/\/www.technodompro.com\/#website","url":"https:\/\/www.technodompro.com\/","name":"","description":"","potentialAction":[{"@type":"SearchAction","target":{"@type":"EntryPoint","urlTemplate":"https:\/\/www.technodompro.com\/?s={search_term_string}"},"query-input":{"@type":"PropertyValueSpecification","valueRequired":true,"valueName":"search_term_string"}}],"inLanguage":"cs"}]}},"_links":{"self":[{"href":"https:\/\/www.technodompro.com\/index.php\/wp-json\/wp\/v2\/product\/66711","targetHints":{"allow":["GET"]}}],"collection":[{"href":"https:\/\/www.technodompro.com\/index.php\/wp-json\/wp\/v2\/product"}],"about":[{"href":"https:\/\/www.technodompro.com\/index.php\/wp-json\/wp\/v2\/types\/product"}],"replies":[{"embeddable":true,"href":"https:\/\/www.technodompro.com\/index.php\/wp-json\/wp\/v2\/comments?post=66711"}],"wp:featuredmedia":[{"embeddable":true,"href":"https:\/\/www.technodompro.com\/index.php\/wp-json\/wp\/v2\/media\/66811"}],"wp:attachment":[{"href":"https:\/\/www.technodompro.com\/index.php\/wp-json\/wp\/v2\/media?parent=66711"}],"wp:term":[{"taxonomy":"product_brand","embeddable":true,"href":"https:\/\/www.technodompro.com\/index.php\/wp-json\/wp\/v2\/product_brand?post=66711"},{"taxonomy":"product_cat","embeddable":true,"href":"https:\/\/www.technodompro.com\/index.php\/wp-json\/wp\/v2\/product_cat?post=66711"},{"taxonomy":"product_tag","embeddable":true,"href":"https:\/\/www.technodompro.com\/index.php\/wp-json\/wp\/v2\/product_tag?post=66711"}],"curies":[{"name":"wp","href":"https:\/\/api.w.org\/{rel}","templated":true}]}}