{"id":67586,"date":"2026-04-27T04:43:35","date_gmt":"2026-04-27T04:43:35","guid":{"rendered":""},"modified":"2026-04-27T04:43:35","modified_gmt":"2026-04-27T04:43:35","slug":"znackovy-ravak-rovs2-100-cerna-transparent-67586","status":"publish","type":"product","link":"https:\/\/www.technodompro.com\/index.php\/produkt\/znackovy-ravak-rovs2-100-cerna-transparent-67586\/","title":{"rendered":"Zna\u010dkov\u00fd Ravak ROVS2 100, \u010dern\u00e1+transparent"},"content":{"rendered":"<div class=\"detail-description__right\">\n<div class=\"parameters\">\n<div class=\"table table--simple\">\n<table>\n<tbody>\n<tr>\n<td colspan=\"2\">\n<h4>Vlastnosti<\/h4>\n<\/td>\n<\/tr>\n<tr>\n<td>Strana<\/td>\n<td>oto\u010diteln\u00e1<\/td>\n<\/tr>\n<tr>\n<td>DOOR_OPENING<\/td>\n<td>Posuvn\u00e1<\/td>\n<\/tr>\n<tr>\n<td>V\u00fdpl\u0148<\/td>\n<td>Transparent<\/td>\n<\/tr>\n<tr>\n<td>Typ v\u00fdpln\u011b<\/td>\n<td>sklo<\/td>\n<\/tr>\n<tr>\n<td>Tlou\u0161\u0165ka<\/td>\n<td>8 mm<\/td>\n<\/tr>\n<tr>\n<td>SHAPE<\/td>\n<td>K\u00a0obd\u00e9ln\u00edkov\u00fdm van\u00e1m<\/td>\n<\/tr>\n<tr>\n<td>Materi\u00e1l<\/td>\n<td>kov \/ sklo<\/td>\n<\/tr>\n<tr>\n<td>Produktov\u00e1 skupina<\/td>\n<td>Vanov\u00e1 z\u00e1st\u011bna<\/td>\n<\/tr>\n<tr>\n<td>P\u016fvod<\/td>\n<td>Vyrobeno v\u00a0\u010cR<\/td>\n<\/tr>\n<tr>\n<td>Po\u010det prvk\u016f<\/td>\n<td>2<\/td>\n<\/tr>\n<tr>\n<td>Instalace<\/td>\n<td>na vanu<\/td>\n<\/tr>\n<tr>\n<td>Barva<\/td>\n<td>\u010dern\u00e1, chrom<\/td>\n<\/tr>\n<tr>\n<td colspan=\"2\">\n<h4>Parametry<\/h4>\n<\/td>\n<\/tr>\n<tr>\n<td>Zna\u010dka<\/td>\n<td>Ravak<\/td>\n<\/tr>\n<\/tbody>\n<\/table><\/div>\n<\/div><\/div>\n<div class=\"detail-description__top\">\t\t\t\t<\/div>\n<div class=\"detail-description__left\">\n<div class=\"detail-description__left__overflow\">\n<div class=\"detail-description__left__head\">\t\t\t\t\t\tPopis:\t\t\t\t\t<\/div>\n<div class=\"ul-style ul-style--check\">\n<ul class=\"plusminus\">\n<li><i class=\"fas fa-check\"><\/i><span>Rozmery: 110\u00a0cm<\/span><\/li>\n<li><i class=\"fas fa-check\"><\/i><span>Materi\u00e1l: hlin\u00edkov\u00fd profil, vzpera nerez\/zamak, madlo\u00a0nerez<\/span><\/li>\n<li><i class=\"fas fa-check\"><\/i><span>Typov\u00e9 prevedenie: zrkadlovo oto\u010dite\u013en\u00fd v\u00fdrobok (L\/P)<\/span><\/li>\n<li><i class=\"fas fa-check\"><\/i><span>Farebn\u00e9 prevedenie: \u010dierna<\/span><\/li>\n<li><i class=\"fas fa-check\"><\/i><span>V\u00fdpl\u0148 z\u00a0bezpe\u010dnostn\u00e9ho skla: 8\u00a0mm; Transparent s\u00a0obojstrannou\tochranou skla RAVAK AntiCalc\u00ae<\/span><\/li>\n<li><i class=\"fas fa-check\"><\/i><span>V\u00fd\u0161ka v\u00fdrobku: 150\u00a0cm<\/span><\/li>\n<li><i class=\"fas fa-check\"><\/i><span>D\u013a\u017eka vzpery: 100\u00a0cm (d\u013a\u017eku vzpery je mo\u017en\u00e9 \u013eubovo\u013ene skr\u00e1ti\u0165\tpod\u013ea \u0161\u00edrky\u00a0vane)<\/span><\/li>\n<\/ul>\n<p>Z\u00e1stena sa sklad\u00e1 zo zvisl\u00e9ho ustavovacieho profilu, jedn\u00e9ho pevn\u00e9hodielu a druh\u00e9ho posuvn\u00e9ho dielu. Posuvn\u00fd diel sa pohybuje pomocoupojazdov\u00fdch koliesok po ko\u013eajnici umiestnenej na hrane vane. Varianty vstupuz\u013eava alebo sprava docielite vertik\u00e1lnym oto\u010den\u00edm z\u00e1steny o\u00a0180\u00a0\u00b0 primont\u00e1\u017ei. Va\u0148ov\u00fa z\u00e1stenu je mo\u017en\u00e9 in\u0161talova\u0165 k\u00a0obd\u013a\u017enikov\u00fdm vaniam(City, City Slim, Formy 01, Formy 01\u00a0Slim, Formy 02, Formy 02\u00a0Slim, 10\u00a0\u00b0,10\u00a0\u00b0 Slim, Chrome, Chrome Slim, Classic II, Classic Slim, Campanula II, VandaII) alebo na ktor\u00fako\u013evek klasick\u00fa obd\u013a\u017enikov\u00fa va\u0148u s\u00a0rovn\u00fdm horn\u00fdmlemom. V\u00fd\u0161ka z\u00e1steny je 1500\u00a0mm. Maxim\u00e1lna \u0161\u00edrka 1100\u00a0mm poskytujedostatok priestoru na pohodln\u00e9 osprchovanie. Zasunut\u00edm posuvn\u00e9ho dielu jemo\u017en\u00e9 celkov\u00fa \u0161\u00edrku z\u00e1steny zmen\u0161i\u0165 takmer na polovicu.<\/p>\n<p>Sprchovanie aj \u0161pliechanie bez ob\u00e1v<\/p>\n<p>U\u017eite si k\u00fape\u013e naozaj bez starost\u00ed. Va\u0148ov\u00e1 z\u00e1stena zaist\u00ed, \u017eepodlaha zostane such\u00e1 a bezpe\u010dn\u00e1 a umo\u017en\u00ed v\u00e1m aj plnohodnotn\u00e9sprchovanie.<\/p>\n<p>Pevn\u00fa alebo pohybliv\u00fa?<\/p>\n<p>Sprchov\u00e9 z\u00e1steny pote\u0161ia zvl\u00e1\u0161\u0165 svojou praktickou funkciou. Pon\u00fakamez\u00e1steny pevne ukotven\u00e9 alebo naopak pohybliv\u00e9, ktor\u00e9 pon\u00fakaj\u00fa \u0161irok\u00fdpohodln\u00fd vstup s\u00a0r\u00f4znymi sp\u00f4sobmi \u00fasporn\u00e9ho skladania dovn\u00fatra\u00a0vane.<\/p>\n<p>Rie\u0161enie pre atypick\u00e9 vane<\/p>\n<p>K\u00a0rohov\u00fdm a asymetrick\u00fdm vaniam vyv\u00edjaj\u00fa na\u0161i dizajn\u00e9ri z\u00e1steny namieru, tak\u017ee tvar vane dokonale kop\u00edruj\u00fa. Mysl\u00edme tie\u017e na zladenie vane az\u00e1steny s\u00a0celkov\u00fdm \u0161t\u00fdlom k\u00fape\u013ene. Preto pon\u00fakame varianty dekorovv\u00fdpln\u00ed aj farieb r\u00e1mov\u00a0\u2013 biela, \u010dierna, lesk chr\u00f3mu alebo\u00a0satin.<\/p>\n<p>Vyladen\u00e9 na 100\u00a0%<\/p>\n<p>Pri v\u00fdrobe z\u00e1sten vyu\u017e\u00edvame na\u0161e mnohoro\u010dn\u00e9 sk\u00fasenosti s\u00a0v\u00fdvojom av\u00fdrobou sprchov\u00fdch k\u00fatov. Preto m\u00e1me dokonale vyladen\u00e9 v\u00fdrobn\u00e9 postupy,ktor\u00e9 zaru\u010duj\u00fa mimoriadnu pevnos\u0165 a spo\u013eahlivos\u0165. Mysl\u00edme ale aj nabe\u017en\u00fa prev\u00e1dzku u\u00a0v\u00e1s doma. Bezpe\u010dnostn\u00e9 sklenen\u00e9 v\u00fdplne s\u00fa o\u0161etren\u00e9patentovanou technol\u00f3giou RAVAK AntiCalc\u00ae. T\u00e1 br\u00e1ni usadzovaniu vodn\u00e9hokame\u0148a, aby z\u00e1stena vydr\u017eala dlho kr\u00e1sna a\u00a0\u010dist\u00e1.<\/p>\n<p>Hod\u00ed sa ku ka\u017edej vani<\/p>\n<p>Z\u00e1stenu m\u00f4\u017eete jednoducho in\u0161talova\u0165 tie\u017e dodato\u010dne na takmerak\u00fako\u013evek klasick\u00fa obd\u013a\u017enikov\u00fa va\u0148u s\u00a0rovn\u00fdm horn\u00fdm lemom, vr\u00e1taneplechov\u00fdch a liatinov\u00fdch.<\/p>\n<p>Jednoduch\u00e1 mont\u00e1\u017e<\/p>\n<p>In\u0161tal\u00e1ciu z\u00e1steny k\u00a0stene zvl\u00e1dne ka\u017ed\u00fd pomocou nieko\u013ek\u00fdchskrutiek.<\/p>\n<\/div>\n<div class=\"detail-description__left__more\">\t\t\t\t\t\t<span> <\/span><span> <\/span>\t\t\t\t\t<\/div>\n<\/p><\/div>\n<\/p><\/div>\n<div class=\"detail-description__more\"><span> <\/span><span> <\/span><\/div>\n<\/p><\/div>\n<\/p><\/div>\n<div class=\"tab tab-detail-7\">\n<div class=\"table-size-classic  table-size--selectable\">\n<table>\n<thead>\n<tr>\n<th data-product-code=\"[&quot;K\u00f3d&quot;]\"><span class=\"selected\">Vybr\u00e1no<\/span><span><\/span><\/th>\n<th data-product-code=\"[&quot;X786A0300Z1&quot;]\"><span class=\"selected\">Vybr\u00e1no<\/span><span>X786A0300Z1<\/span><\/th>\n<th data-product-code=\"[&quot;X786A0C00Z1&quot;]\"><span class=\"selected\">Vybr\u00e1no<\/span><span>X786A0C00Z1<\/span><\/th>\n<th data-product-code=\"[&quot;X786D0300Z1&quot;]\"><span class=\"selected\">Vybr\u00e1no<\/span><span>X786D0300Z1<\/span><\/th>\n<th data-product-code=\"[&quot;X786D0C00Z1&quot;]\"><span class=\"selected\">Vybr\u00e1no<\/span><span>X786D0C00Z1<\/span><\/th>\n<\/tr>\n<\/thead>\n<tbody>\n<tr class=\"space\">\n<td><\/td>\n<td><\/td>\n<td><\/td>\n<td><\/td>\n<td><\/td>\n<\/tr>\n<tr>\n<td><strong>Strana<\/strong><\/td>\n<td>oto\u010diteln\u00e1<\/td>\n<td>oto\u010diteln\u00e1<\/td>\n<td>oto\u010diteln\u00e1<\/td>\n<td>oto\u010diteln\u00e1<\/td>\n<\/tr>\n<tr>\n<td><strong>DOOR_OPENING<\/strong><\/td>\n<td>Posuvn\u00e1<\/td>\n<td>Posuvn\u00e1<\/td>\n<td>Posuvn\u00e1<\/td>\n<td>Posuvn\u00e1<\/td>\n<\/tr>\n<tr>\n<td><strong>V\u00fdpl\u0148<\/strong><\/td>\n<td>Transparent<\/td>\n<td>Transparent<\/td>\n<td>Transparent<\/td>\n<td>Transparent<\/td>\n<\/tr>\n<tr>\n<td><strong>Typ v\u00fdpln\u011b<\/strong><\/td>\n<td>sklo<\/td>\n<td>sklo<\/td>\n<td>sklo<\/td>\n<td>sklo<\/td>\n<\/tr>\n<tr>\n<td><strong>Tlou\u0161\u0165ka<\/strong><\/td>\n<td>8 mm<\/td>\n<td>8 mm<\/td>\n<td>8 mm<\/td>\n<td>8 mm<\/td>\n<\/tr>\n<tr>\n<td><strong>SHAPE<\/strong><\/td>\n<td>K obd\u00e9ln\u00edkov\u00fdm van\u00e1m<\/td>\n<td>K obd\u00e9ln\u00edkov\u00fdm van\u00e1m<\/td>\n<td>K obd\u00e9ln\u00edkov\u00fdm van\u00e1m<\/td>\n<td>K obd\u00e9ln\u00edkov\u00fdm van\u00e1m<\/td>\n<\/tr>\n<tr>\n<td><strong>Materi\u00e1l<\/strong><\/td>\n<td>kov \/ sklo<\/td>\n<td>kov \/ sklo<\/td>\n<td>kov \/ sklo<\/td>\n<td>kov \/ sklo<\/td>\n<\/tr>\n<tr>\n<td><strong>Produktov\u00e1 skupina<\/strong><\/td>\n<td>Vanov\u00e1 z\u00e1st\u011bna<\/td>\n<td>Vanov\u00e1 z\u00e1st\u011bna<\/td>\n<td>Vanov\u00e1 z\u00e1st\u011bna<\/td>\n<td>Vanov\u00e1 z\u00e1st\u011bna<\/td>\n<\/tr>\n<tr>\n<td><strong>P\u016fvod<\/strong><\/td>\n<td>Vyrobeno v \u010cR<\/td>\n<td>Vyrobeno v \u010cR<\/td>\n<td>Vyrobeno v \u010cR<\/td>\n<td>Vyrobeno v \u010cR<\/td>\n<\/tr>\n<tr>\n<td><strong>OVERFLOW_HEIGHT<\/strong><\/td>\n<td>0<\/td>\n<td>0<\/td>\n<td>0<\/td>\n<td>0<\/td>\n<\/tr>\n<tr>\n<td><strong>WASTE_DIAMETER<\/strong><\/td>\n<td>0<\/td>\n<td>0<\/td>\n<td>0<\/td>\n<td>0<\/td>\n<\/tr>\n<tr>\n<td><strong>Po\u010det prvk\u016f<\/strong><\/td>\n<td>2<\/td>\n<td>2<\/td>\n<td>2<\/td>\n<td>2<\/td>\n<\/tr>\n<tr>\n<td><strong>Instalace<\/strong><\/td>\n<td>na vanu<\/td>\n<td>na vanu<\/td>\n<td>na vanu<\/td>\n<td>na vanu<\/td>\n<\/tr>\n<tr>\n<td><strong>CONSTRUCTION_HEIGHT<\/strong><\/td>\n<td>0<\/td>\n<td>0<\/td>\n<td>0<\/td>\n<td>0<\/td>\n<\/tr>\n<tr>\n<td><strong>ODOR_BARRIER_HEIGHT<\/strong><\/td>\n<td>0<\/td>\n<td>0<\/td>\n<td>0<\/td>\n<td>0<\/td>\n<\/tr>\n<tr>\n<td><strong>Barva<\/strong><\/td>\n<td>\u010dern\u00e1<\/td>\n<td>chrom<\/td>\n<td>\u010dern\u00e1<\/td>\n<td>chrom<\/td>\n<\/tr>\n<\/tbody>\n<\/table>\n<\/div><\/div>\n","protected":false},"excerpt":{"rendered":"<p>Vlastnosti Strana oto\u010diteln\u00e1 DOOR_OPENING Posuvn\u00e1 V\u00fdpl\u0148 Transparent Typ v\u00fdpln\u011b sklo Tlou\u0161\u0165ka 8 mm SHAPE K\u00a0obd\u00e9ln\u00edkov\u00fdm van\u00e1m Materi\u00e1l kov \/ sklo Produktov\u00e1 skupina Vanov\u00e1 z\u00e1st\u011bna P\u016fvod Vyrobeno v\u00a0\u010cR Po\u010det prvk\u016f 2 Instalace na vanu Barva \u010dern\u00e1, chrom Parametry Zna\u010dka Ravak Popis: Rozmery: 110\u00a0cm Materi\u00e1l: hlin\u00edkov\u00fd profil, vzpera nerez\/zamak, madlo\u00a0nerez Typov\u00e9 prevedenie: zrkadlovo oto\u010dite\u013en\u00fd v\u00fdrobok (L\/P) Farebn\u00e9 [&hellip;]<\/p>\n","protected":false},"featured_media":67686,"comment_status":"open","ping_status":"open","template":"","meta":[],"product_brand":[],"product_cat":[39],"product_tag":[],"class_list":{"0":"post-67586","1":"product","2":"type-product","3":"status-publish","4":"has-post-thumbnail","6":"product_cat-sanita","8":"first","9":"instock","10":"sale","11":"shipping-taxable","12":"purchasable","13":"product-type-simple"},"yoast_head":"<!-- This site is optimized with the Yoast SEO plugin v26.8 - https:\/\/yoast.com\/product\/yoast-seo-wordpress\/ -->\n<title>Zna\u010dkov\u00fd Ravak ROVS2 100, \u010dern\u00e1+transparent -<\/title>\n<meta name=\"robots\" content=\"index, follow, max-snippet:-1, max-image-preview:large, max-video-preview:-1\" \/>\n<link rel=\"canonical\" href=\"https:\/\/www.technodompro.com\/index.php\/produkt\/znackovy-ravak-rovs2-100-cerna-transparent-67586\/\" \/>\n<meta property=\"og:locale\" content=\"cs_CZ\" \/>\n<meta property=\"og:type\" content=\"article\" \/>\n<meta property=\"og:title\" content=\"Zna\u010dkov\u00fd Ravak ROVS2 100, \u010dern\u00e1+transparent -\" \/>\n<meta property=\"og:description\" content=\"Vlastnosti Strana oto\u010diteln\u00e1 DOOR_OPENING Posuvn\u00e1 V\u00fdpl\u0148 Transparent Typ v\u00fdpln\u011b sklo Tlou\u0161\u0165ka 8 mm SHAPE K\u00a0obd\u00e9ln\u00edkov\u00fdm van\u00e1m Materi\u00e1l kov \/ sklo Produktov\u00e1 skupina Vanov\u00e1 z\u00e1st\u011bna P\u016fvod Vyrobeno v\u00a0\u010cR Po\u010det prvk\u016f 2 Instalace na vanu Barva \u010dern\u00e1, chrom Parametry Zna\u010dka Ravak Popis: Rozmery: 110\u00a0cm Materi\u00e1l: hlin\u00edkov\u00fd profil, vzpera nerez\/zamak, madlo\u00a0nerez Typov\u00e9 prevedenie: zrkadlovo oto\u010dite\u013en\u00fd v\u00fdrobok (L\/P) Farebn\u00e9 [&hellip;]\" \/>\n<meta property=\"og:url\" content=\"https:\/\/www.technodompro.com\/index.php\/produkt\/znackovy-ravak-rovs2-100-cerna-transparent-67586\/\" \/>\n<meta property=\"og:image\" content=\"https:\/\/www.technodompro.com\/wp-content\/uploads\/2026\/SK0021882-CZ20260425-091936-0-1777079982-ravak-rovs2-110-cierna-transparent-w1200-h628-f8-b8b927d425.webp\" \/>\n\t<meta property=\"og:image:width\" content=\"1000\" \/>\n\t<meta property=\"og:image:height\" content=\"523\" \/>\n\t<meta property=\"og:image:type\" content=\"image\/webp\" \/>\n<meta name=\"twitter:card\" content=\"summary_large_image\" \/>\n<meta name=\"twitter:label1\" content=\"Odhadovan\u00e1 doba \u010dten\u00ed\" \/>\n\t<meta name=\"twitter:data1\" content=\"3 minuty\" \/>\n<script type=\"application\/ld+json\" class=\"yoast-schema-graph\">{\"@context\":\"https:\/\/schema.org\",\"@graph\":[{\"@type\":\"WebPage\",\"@id\":\"https:\/\/www.technodompro.com\/index.php\/produkt\/znackovy-ravak-rovs2-100-cerna-transparent-67586\/\",\"url\":\"https:\/\/www.technodompro.com\/index.php\/produkt\/znackovy-ravak-rovs2-100-cerna-transparent-67586\/\",\"name\":\"Zna\u010dkov\u00fd Ravak ROVS2 100, \u010dern\u00e1+transparent -\",\"isPartOf\":{\"@id\":\"https:\/\/www.technodompro.com\/#website\"},\"primaryImageOfPage\":{\"@id\":\"https:\/\/www.technodompro.com\/index.php\/produkt\/znackovy-ravak-rovs2-100-cerna-transparent-67586\/#primaryimage\"},\"image\":{\"@id\":\"https:\/\/www.technodompro.com\/index.php\/produkt\/znackovy-ravak-rovs2-100-cerna-transparent-67586\/#primaryimage\"},\"thumbnailUrl\":\"https:\/\/www.technodompro.com\/wp-content\/uploads\/2026\/SK0021882-CZ20260425-091936-0-1777079982-ravak-rovs2-110-cierna-transparent-w1200-h628-f8-b8b927d425.webp\",\"datePublished\":\"2026-04-27T04:43:35+00:00\",\"breadcrumb\":{\"@id\":\"https:\/\/www.technodompro.com\/index.php\/produkt\/znackovy-ravak-rovs2-100-cerna-transparent-67586\/#breadcrumb\"},\"inLanguage\":\"cs\",\"potentialAction\":[{\"@type\":\"ReadAction\",\"target\":[\"https:\/\/www.technodompro.com\/index.php\/produkt\/znackovy-ravak-rovs2-100-cerna-transparent-67586\/\"]}]},{\"@type\":\"ImageObject\",\"inLanguage\":\"cs\",\"@id\":\"https:\/\/www.technodompro.com\/index.php\/produkt\/znackovy-ravak-rovs2-100-cerna-transparent-67586\/#primaryimage\",\"url\":\"https:\/\/www.technodompro.com\/wp-content\/uploads\/2026\/SK0021882-CZ20260425-091936-0-1777079982-ravak-rovs2-110-cierna-transparent-w1200-h628-f8-b8b927d425.webp\",\"contentUrl\":\"https:\/\/www.technodompro.com\/wp-content\/uploads\/2026\/SK0021882-CZ20260425-091936-0-1777079982-ravak-rovs2-110-cierna-transparent-w1200-h628-f8-b8b927d425.webp\",\"width\":1000,\"height\":523},{\"@type\":\"BreadcrumbList\",\"@id\":\"https:\/\/www.technodompro.com\/index.php\/produkt\/znackovy-ravak-rovs2-100-cerna-transparent-67586\/#breadcrumb\",\"itemListElement\":[{\"@type\":\"ListItem\",\"position\":1,\"name\":\"Home\",\"item\":\"https:\/\/www.technodompro.com\/\"},{\"@type\":\"ListItem\",\"position\":2,\"name\":\"Products\",\"item\":\"https:\/\/www.technodompro.com\/index.php\/products\/\"},{\"@type\":\"ListItem\",\"position\":3,\"name\":\"Zna\u010dkov\u00fd Ravak ROVS2 100, \u010dern\u00e1+transparent\"}]},{\"@type\":\"WebSite\",\"@id\":\"https:\/\/www.technodompro.com\/#website\",\"url\":\"https:\/\/www.technodompro.com\/\",\"name\":\"\",\"description\":\"\",\"potentialAction\":[{\"@type\":\"SearchAction\",\"target\":{\"@type\":\"EntryPoint\",\"urlTemplate\":\"https:\/\/www.technodompro.com\/?s={search_term_string}\"},\"query-input\":{\"@type\":\"PropertyValueSpecification\",\"valueRequired\":true,\"valueName\":\"search_term_string\"}}],\"inLanguage\":\"cs\"}]}<\/script>\n<!-- \/ Yoast SEO plugin. -->","yoast_head_json":{"title":"Zna\u010dkov\u00fd Ravak ROVS2 100, \u010dern\u00e1+transparent -","robots":{"index":"index","follow":"follow","max-snippet":"max-snippet:-1","max-image-preview":"max-image-preview:large","max-video-preview":"max-video-preview:-1"},"canonical":"https:\/\/www.technodompro.com\/index.php\/produkt\/znackovy-ravak-rovs2-100-cerna-transparent-67586\/","og_locale":"cs_CZ","og_type":"article","og_title":"Zna\u010dkov\u00fd Ravak ROVS2 100, \u010dern\u00e1+transparent -","og_description":"Vlastnosti Strana oto\u010diteln\u00e1 DOOR_OPENING Posuvn\u00e1 V\u00fdpl\u0148 Transparent Typ v\u00fdpln\u011b sklo Tlou\u0161\u0165ka 8 mm SHAPE K\u00a0obd\u00e9ln\u00edkov\u00fdm van\u00e1m Materi\u00e1l kov \/ sklo Produktov\u00e1 skupina Vanov\u00e1 z\u00e1st\u011bna P\u016fvod Vyrobeno v\u00a0\u010cR Po\u010det prvk\u016f 2 Instalace na vanu Barva \u010dern\u00e1, chrom Parametry Zna\u010dka Ravak Popis: Rozmery: 110\u00a0cm Materi\u00e1l: hlin\u00edkov\u00fd profil, vzpera nerez\/zamak, madlo\u00a0nerez Typov\u00e9 prevedenie: zrkadlovo oto\u010dite\u013en\u00fd v\u00fdrobok (L\/P) Farebn\u00e9 [&hellip;]","og_url":"https:\/\/www.technodompro.com\/index.php\/produkt\/znackovy-ravak-rovs2-100-cerna-transparent-67586\/","og_image":[{"width":1000,"height":523,"url":"https:\/\/www.technodompro.com\/wp-content\/uploads\/2026\/SK0021882-CZ20260425-091936-0-1777079982-ravak-rovs2-110-cierna-transparent-w1200-h628-f8-b8b927d425.webp","type":"image\/webp"}],"twitter_card":"summary_large_image","twitter_misc":{"Odhadovan\u00e1 doba \u010dten\u00ed":"3 minuty"},"schema":{"@context":"https:\/\/schema.org","@graph":[{"@type":"WebPage","@id":"https:\/\/www.technodompro.com\/index.php\/produkt\/znackovy-ravak-rovs2-100-cerna-transparent-67586\/","url":"https:\/\/www.technodompro.com\/index.php\/produkt\/znackovy-ravak-rovs2-100-cerna-transparent-67586\/","name":"Zna\u010dkov\u00fd Ravak ROVS2 100, \u010dern\u00e1+transparent -","isPartOf":{"@id":"https:\/\/www.technodompro.com\/#website"},"primaryImageOfPage":{"@id":"https:\/\/www.technodompro.com\/index.php\/produkt\/znackovy-ravak-rovs2-100-cerna-transparent-67586\/#primaryimage"},"image":{"@id":"https:\/\/www.technodompro.com\/index.php\/produkt\/znackovy-ravak-rovs2-100-cerna-transparent-67586\/#primaryimage"},"thumbnailUrl":"https:\/\/www.technodompro.com\/wp-content\/uploads\/2026\/SK0021882-CZ20260425-091936-0-1777079982-ravak-rovs2-110-cierna-transparent-w1200-h628-f8-b8b927d425.webp","datePublished":"2026-04-27T04:43:35+00:00","breadcrumb":{"@id":"https:\/\/www.technodompro.com\/index.php\/produkt\/znackovy-ravak-rovs2-100-cerna-transparent-67586\/#breadcrumb"},"inLanguage":"cs","potentialAction":[{"@type":"ReadAction","target":["https:\/\/www.technodompro.com\/index.php\/produkt\/znackovy-ravak-rovs2-100-cerna-transparent-67586\/"]}]},{"@type":"ImageObject","inLanguage":"cs","@id":"https:\/\/www.technodompro.com\/index.php\/produkt\/znackovy-ravak-rovs2-100-cerna-transparent-67586\/#primaryimage","url":"https:\/\/www.technodompro.com\/wp-content\/uploads\/2026\/SK0021882-CZ20260425-091936-0-1777079982-ravak-rovs2-110-cierna-transparent-w1200-h628-f8-b8b927d425.webp","contentUrl":"https:\/\/www.technodompro.com\/wp-content\/uploads\/2026\/SK0021882-CZ20260425-091936-0-1777079982-ravak-rovs2-110-cierna-transparent-w1200-h628-f8-b8b927d425.webp","width":1000,"height":523},{"@type":"BreadcrumbList","@id":"https:\/\/www.technodompro.com\/index.php\/produkt\/znackovy-ravak-rovs2-100-cerna-transparent-67586\/#breadcrumb","itemListElement":[{"@type":"ListItem","position":1,"name":"Home","item":"https:\/\/www.technodompro.com\/"},{"@type":"ListItem","position":2,"name":"Products","item":"https:\/\/www.technodompro.com\/index.php\/products\/"},{"@type":"ListItem","position":3,"name":"Zna\u010dkov\u00fd Ravak ROVS2 100, \u010dern\u00e1+transparent"}]},{"@type":"WebSite","@id":"https:\/\/www.technodompro.com\/#website","url":"https:\/\/www.technodompro.com\/","name":"","description":"","potentialAction":[{"@type":"SearchAction","target":{"@type":"EntryPoint","urlTemplate":"https:\/\/www.technodompro.com\/?s={search_term_string}"},"query-input":{"@type":"PropertyValueSpecification","valueRequired":true,"valueName":"search_term_string"}}],"inLanguage":"cs"}]}},"_links":{"self":[{"href":"https:\/\/www.technodompro.com\/index.php\/wp-json\/wp\/v2\/product\/67586","targetHints":{"allow":["GET"]}}],"collection":[{"href":"https:\/\/www.technodompro.com\/index.php\/wp-json\/wp\/v2\/product"}],"about":[{"href":"https:\/\/www.technodompro.com\/index.php\/wp-json\/wp\/v2\/types\/product"}],"replies":[{"embeddable":true,"href":"https:\/\/www.technodompro.com\/index.php\/wp-json\/wp\/v2\/comments?post=67586"}],"wp:featuredmedia":[{"embeddable":true,"href":"https:\/\/www.technodompro.com\/index.php\/wp-json\/wp\/v2\/media\/67686"}],"wp:attachment":[{"href":"https:\/\/www.technodompro.com\/index.php\/wp-json\/wp\/v2\/media?parent=67586"}],"wp:term":[{"taxonomy":"product_brand","embeddable":true,"href":"https:\/\/www.technodompro.com\/index.php\/wp-json\/wp\/v2\/product_brand?post=67586"},{"taxonomy":"product_cat","embeddable":true,"href":"https:\/\/www.technodompro.com\/index.php\/wp-json\/wp\/v2\/product_cat?post=67586"},{"taxonomy":"product_tag","embeddable":true,"href":"https:\/\/www.technodompro.com\/index.php\/wp-json\/wp\/v2\/product_tag?post=67586"}],"curies":[{"name":"wp","href":"https:\/\/api.w.org\/{rel}","templated":true}]}}