{"id":67732,"date":"2026-04-27T04:43:36","date_gmt":"2026-04-27T04:43:36","guid":{"rendered":""},"modified":"2026-04-27T04:43:36","modified_gmt":"2026-04-27T04:43:36","slug":"znackovy-scobax-solid-2-0-m-x-1-2-m-ral-7016-67732","status":"publish","type":"product","link":"https:\/\/www.technodompro.com\/index.php\/produkt\/znackovy-scobax-solid-2-0-m-x-1-2-m-ral-7016-67732\/","title":{"rendered":"Zna\u010dkov\u00fd Scobax Solid 2,0 m x 1,2 m RAL 7016"},"content":{"rendered":"<div class=\"detail-description__right\">\n<div class=\"parameters\">\n<div class=\"table table--simple\">\n<table>\n<tbody>\n<tr>\n<td colspan=\"2\">\n<h4>V\u00fdpl\u0148<\/h4>\n<\/td>\n<\/tr>\n<tr data-perex=\"1\">\n<td>Materi\u00e1l<\/td>\n<td>ocel<\/td>\n<\/tr>\n<tr>\n<td>Barva<\/td>\n<td>hn\u011bd\u00e1, antracit<\/td>\n<\/tr>\n<tr data-perex=\"1\">\n<td>V\u00fd\u0161ka<\/td>\n<td>1200\u20131700 mm<\/td>\n<\/tr>\n<tr data-perex=\"1\">\n<td>\u0160\u00ed\u0159ka<\/td>\n<td>2000 mm<\/td>\n<\/tr>\n<tr data-perex=\"1\">\n<td>Tlou\u0161\u0165ka<\/td>\n<td>0,50\u00a0mm<\/td>\n<\/tr>\n<tr>\n<td>UV ochrana<\/td>\n<td>ano<\/td>\n<\/tr>\n<tr>\n<td colspan=\"2\">\n<h4>Konstrukce<\/h4>\n<\/td>\n<\/tr>\n<tr>\n<td>Materi\u00e1l<\/td>\n<td>ocel<\/td>\n<\/tr>\n<tr>\n<td>Antikorozn\u00ed ochrana<\/td>\n<td>galvanizov\u00e1n\u00ed<\/td>\n<\/tr>\n<tr>\n<td>Barva<\/td>\n<td>hn\u011bd\u00e1, antracit<\/td>\n<\/tr>\n<tr>\n<td>Lak<\/td>\n<td>ano<\/td>\n<\/tr>\n<tr>\n<td colspan=\"2\">\n<h4>Kotven\u00ed<\/h4>\n<\/td>\n<\/tr>\n<tr>\n<td>V\u00fd\u0161ka sloupku<\/td>\n<td>2200 mm<\/td>\n<\/tr>\n<tr>\n<td>Rozm\u011br sloupku<\/td>\n<td>60\u00d740 | 60\u00d760 mm<\/td>\n<\/tr>\n<tr>\n<td>Kotevn\u00ed patky<\/td>\n<td>ne<\/td>\n<\/tr>\n<tr>\n<td>Spojovac\u00ed materi\u00e1l<\/td>\n<td>ne<\/td>\n<\/tr>\n<tr>\n<td>Kotv\u00edc\u00ed materi\u00e1l (ur\u010den\u00ed)<\/td>\n<td>beton<\/td>\n<\/tr>\n<tr>\n<td colspan=\"2\">\n<h4>Parametry<\/h4>\n<\/td>\n<\/tr>\n<tr>\n<td>P\u016fvod<\/td>\n<td>Vyrobeno v\u00a0LT<\/td>\n<\/tr>\n<tr>\n<td>Z\u00e1ruka<\/td>\n<td>24 m\u011bs\u00edc\u016f<\/td>\n<\/tr>\n<tr>\n<td>Zna\u010dka<\/td>\n<td>Scobax<\/td>\n<\/tr>\n<\/tbody>\n<\/table><\/div>\n<\/div><\/div>\n<div class=\"detail-description__top\">\t\t\t\t<\/div>\n<div class=\"detail-description__left\">\n<div class=\"detail-description__left__overflow\">\n<div class=\"detail-description__left__head\">\t\t\t\t\t\tPopis:\t\t\t\t\t<\/div>\n<div class=\"ul-style ul-style--check\">\n<p>Ocelov\u00fd plotov\u00fd d\u00edlec je tvo\u0159en lamelami\u00a0s <strong>antikorozn\u00ed vrstvou zinku <\/strong>tlou\u0161\u0165ky 100 g\/m<sup>2<\/sup> a vysoce odoln\u00fdm lakem Pural. \u017daluziov\u00e9 lamely jsou uspo\u0159\u00e1d\u00e1ny tak, aby omezovaly p\u0159\u00edm\u00fd pohled, ale z\u00e1rove\u0148 umo\u017e\u0148ovaly proud\u011bn\u00ed vzduchu. Konce plechu jsou v\u00e1lcovan\u00e9, tak\u017ee nemaj\u00ed ostr\u00e9 konce.<\/p>\n<ul class=\"plusminus\">\n<li><i class=\"fas fa-check\"><\/i><span>Antikorozn\u00ed vrstva Aluzinc<\/span><\/li>\n<li><i class=\"fas fa-check\"><\/i><span>Vysok\u00e1 stabilita konstrukce<\/span><\/li>\n<li><i class=\"fas fa-check\"><\/i><span>Pln\u00e1 skladba lamel bez mezer<\/span><\/li>\n<li><i class=\"far fa-minus\"><\/i><span> Nutno sestavit<\/span><\/li>\n<\/ul>\n<p>Kovov\u00e9 la\u0165kov\u00e9 plotov\u00e9 panely <strong>maj\u00ed ohyb ve tvaru Z<\/strong>, tak\u017ee p\u0159i v\u011btru nevznik\u00e1 efekt \u201eplachty\u201c a umo\u017e\u0148uje pr\u016fchod sv\u011btla dovnit\u0159 plotu, zat\u00edmco zven\u010d\u00ed je zcela uzav\u0159eno, \u010d\u00edm\u017e se zachov\u00e1v\u00e1 soukrom\u00ed dvora.<\/p>\n<p>Panel je <strong>dod\u00e1v\u00e1n jako stavebnice<\/strong>. Sou\u010d\u00e1st\u00ed balen\u00ed jsou \u0161rouby pro spojen\u00ed lamel s bo\u010dn\u00edmi profily. Kotvic\u00ed \u0161rouby pro uchycen\u00ed ke sloupk\u016fm nejsou sou\u010d\u00e1st\u00ed dod\u00e1vky a vol\u00ed se podle typu sloupku (betonov\u00e9, cihlov\u00e9 nebo ocelov\u00e9).<\/p>\n<p>P\u0159i instalaci branky je nutn\u00e9, aby vzd\u00e1lenost mezi sloupky byla o\u00a012 cm v\u011bt\u0161\u00ed ne\u017e \u0161\u00ed\u0159ka samotn\u00e9 br\u00e1ny. Pro br\u00e1nu o \u0161\u00ed\u0159ce 100 cm mus\u00ed b\u00fdt mezera mezi sloupky\u00a0112 cm. Tento p\u0159esah je nezbytn\u00fd pro spr\u00e1vnou funkci a mont\u00e1\u017e br\u00e1ny.<\/p>\n<\/div>\n<div class=\"detail-description__left__more\">\t\t\t\t\t\t<span> <\/span><span> <\/span>\t\t\t\t\t<\/div>\n<\/p><\/div>\n<\/p><\/div>\n<div class=\"detail-description__more\"><span> <\/span><span> <\/span><\/div>\n<\/p><\/div>\n<\/p><\/div>\n<div class=\"tab tab-detail-7\">\n<div class=\"table-size-classic  table-size--selectable\">\n<table>\n<thead>\n<tr>\n<th data-product-code=\"[&quot;K\u00f3d&quot;]\"><span class=\"selected\">Vybr\u00e1no<\/span><span><\/span><\/th>\n<th data-product-code=\"[&quot;ST014&quot;,&quot;ST013&quot;]\"><span class=\"selected\">Vybr\u00e1no<\/span><span><\/span><\/th>\n<th data-product-code=\"[&quot;ST016&quot;,&quot;ST015&quot;]\"><span class=\"selected\">Vybr\u00e1no<\/span><span><\/span><\/th>\n<th data-product-code=\"[&quot;ST018&quot;,&quot;ST017&quot;]\"><span class=\"selected\">Vybr\u00e1no<\/span><span><\/span><\/th>\n<\/tr>\n<\/thead>\n<tbody>\n<tr class=\"space\">\n<td><\/td>\n<td><\/td>\n<td><\/td>\n<td><\/td>\n<\/tr>\n<tr>\n<td><strong>\u0160\u00ed\u0159ka<\/strong><\/td>\n<td>2000 mm<\/td>\n<td>2000 mm<\/td>\n<td>2000 mm<\/td>\n<\/tr>\n<tr>\n<td><strong>V\u00fd\u0161ka<\/strong><\/td>\n<td>1200 mm<\/td>\n<td>1500 mm<\/td>\n<td>1700 mm<\/td>\n<\/tr>\n<tr>\n<td><strong>Po\u010det lamel<\/strong><\/td>\n<td>10 ks<\/td>\n<td>13 ks<\/td>\n<td>14 ks<\/td>\n<\/tr>\n<tr>\n<td><strong>Hmotnost<\/strong><\/td>\n<td>16 kg<\/td>\n<td>19 kg<\/td>\n<td>22 kg<\/td>\n<\/tr>\n<\/tbody>\n<\/table>\n<\/div><\/div>\n","protected":false},"excerpt":{"rendered":"<p>V\u00fdpl\u0148 Materi\u00e1l ocel Barva hn\u011bd\u00e1, antracit V\u00fd\u0161ka 1200\u20131700 mm \u0160\u00ed\u0159ka 2000 mm Tlou\u0161\u0165ka 0,50\u00a0mm UV ochrana ano Konstrukce Materi\u00e1l ocel Antikorozn\u00ed ochrana galvanizov\u00e1n\u00ed Barva hn\u011bd\u00e1, antracit Lak ano Kotven\u00ed V\u00fd\u0161ka sloupku 2200 mm Rozm\u011br sloupku 60\u00d740 | 60\u00d760 mm Kotevn\u00ed patky ne Spojovac\u00ed materi\u00e1l ne Kotv\u00edc\u00ed materi\u00e1l (ur\u010den\u00ed) beton Parametry P\u016fvod Vyrobeno v\u00a0LT Z\u00e1ruka 24 [&hellip;]<\/p>\n","protected":false},"featured_media":67832,"comment_status":"open","ping_status":"open","template":"","meta":[],"product_brand":[],"product_cat":[36],"product_tag":[],"class_list":{"0":"post-67732","1":"product","2":"type-product","3":"status-publish","4":"has-post-thumbnail","6":"product_cat-zahrada","8":"first","9":"instock","10":"sale","11":"shipping-taxable","12":"purchasable","13":"product-type-simple"},"yoast_head":"<!-- This site is optimized with the Yoast SEO plugin v26.8 - https:\/\/yoast.com\/product\/yoast-seo-wordpress\/ -->\n<title>Zna\u010dkov\u00fd Scobax Solid 2,0 m x 1,2 m RAL 7016 -<\/title>\n<meta name=\"robots\" content=\"index, follow, max-snippet:-1, max-image-preview:large, max-video-preview:-1\" \/>\n<link rel=\"canonical\" href=\"https:\/\/www.technodompro.com\/index.php\/produkt\/znackovy-scobax-solid-2-0-m-x-1-2-m-ral-7016-67732\/\" \/>\n<meta property=\"og:locale\" content=\"cs_CZ\" \/>\n<meta property=\"og:type\" content=\"article\" \/>\n<meta property=\"og:title\" content=\"Zna\u010dkov\u00fd Scobax Solid 2,0 m x 1,2 m RAL 7016 -\" \/>\n<meta property=\"og:description\" content=\"V\u00fdpl\u0148 Materi\u00e1l ocel Barva hn\u011bd\u00e1, antracit V\u00fd\u0161ka 1200\u20131700 mm \u0160\u00ed\u0159ka 2000 mm Tlou\u0161\u0165ka 0,50\u00a0mm UV ochrana ano Konstrukce Materi\u00e1l ocel Antikorozn\u00ed ochrana galvanizov\u00e1n\u00ed Barva hn\u011bd\u00e1, antracit Lak ano Kotven\u00ed V\u00fd\u0161ka sloupku 2200 mm Rozm\u011br sloupku 60\u00d740 | 60\u00d760 mm Kotevn\u00ed patky ne Spojovac\u00ed materi\u00e1l ne Kotv\u00edc\u00ed materi\u00e1l (ur\u010den\u00ed) beton Parametry P\u016fvod Vyrobeno v\u00a0LT Z\u00e1ruka 24 [&hellip;]\" \/>\n<meta property=\"og:url\" content=\"https:\/\/www.technodompro.com\/index.php\/produkt\/znackovy-scobax-solid-2-0-m-x-1-2-m-ral-7016-67732\/\" \/>\n<meta property=\"og:image\" content=\"https:\/\/www.technodompro.com\/wp-content\/uploads\/2026\/SK0021938-CZ20260425-091936-0-1777079982-plotovy-panel-scobax-solid-w1200-h628-f8-6c6223418472fb58fd.webp\" \/>\n\t<meta property=\"og:image:width\" content=\"1000\" \/>\n\t<meta property=\"og:image:height\" content=\"523\" \/>\n\t<meta property=\"og:image:type\" content=\"image\/webp\" \/>\n<meta name=\"twitter:card\" content=\"summary_large_image\" \/>\n<meta name=\"twitter:label1\" content=\"Odhadovan\u00e1 doba \u010dten\u00ed\" \/>\n\t<meta name=\"twitter:data1\" content=\"1 minuta\" \/>\n<script type=\"application\/ld+json\" class=\"yoast-schema-graph\">{\"@context\":\"https:\/\/schema.org\",\"@graph\":[{\"@type\":\"WebPage\",\"@id\":\"https:\/\/www.technodompro.com\/index.php\/produkt\/znackovy-scobax-solid-2-0-m-x-1-2-m-ral-7016-67732\/\",\"url\":\"https:\/\/www.technodompro.com\/index.php\/produkt\/znackovy-scobax-solid-2-0-m-x-1-2-m-ral-7016-67732\/\",\"name\":\"Zna\u010dkov\u00fd Scobax Solid 2,0 m x 1,2 m RAL 7016 -\",\"isPartOf\":{\"@id\":\"https:\/\/www.technodompro.com\/#website\"},\"primaryImageOfPage\":{\"@id\":\"https:\/\/www.technodompro.com\/index.php\/produkt\/znackovy-scobax-solid-2-0-m-x-1-2-m-ral-7016-67732\/#primaryimage\"},\"image\":{\"@id\":\"https:\/\/www.technodompro.com\/index.php\/produkt\/znackovy-scobax-solid-2-0-m-x-1-2-m-ral-7016-67732\/#primaryimage\"},\"thumbnailUrl\":\"https:\/\/www.technodompro.com\/wp-content\/uploads\/2026\/SK0021938-CZ20260425-091936-0-1777079982-plotovy-panel-scobax-solid-w1200-h628-f8-6c6223418472fb58fd.webp\",\"datePublished\":\"2026-04-27T04:43:36+00:00\",\"breadcrumb\":{\"@id\":\"https:\/\/www.technodompro.com\/index.php\/produkt\/znackovy-scobax-solid-2-0-m-x-1-2-m-ral-7016-67732\/#breadcrumb\"},\"inLanguage\":\"cs\",\"potentialAction\":[{\"@type\":\"ReadAction\",\"target\":[\"https:\/\/www.technodompro.com\/index.php\/produkt\/znackovy-scobax-solid-2-0-m-x-1-2-m-ral-7016-67732\/\"]}]},{\"@type\":\"ImageObject\",\"inLanguage\":\"cs\",\"@id\":\"https:\/\/www.technodompro.com\/index.php\/produkt\/znackovy-scobax-solid-2-0-m-x-1-2-m-ral-7016-67732\/#primaryimage\",\"url\":\"https:\/\/www.technodompro.com\/wp-content\/uploads\/2026\/SK0021938-CZ20260425-091936-0-1777079982-plotovy-panel-scobax-solid-w1200-h628-f8-6c6223418472fb58fd.webp\",\"contentUrl\":\"https:\/\/www.technodompro.com\/wp-content\/uploads\/2026\/SK0021938-CZ20260425-091936-0-1777079982-plotovy-panel-scobax-solid-w1200-h628-f8-6c6223418472fb58fd.webp\",\"width\":1000,\"height\":523},{\"@type\":\"BreadcrumbList\",\"@id\":\"https:\/\/www.technodompro.com\/index.php\/produkt\/znackovy-scobax-solid-2-0-m-x-1-2-m-ral-7016-67732\/#breadcrumb\",\"itemListElement\":[{\"@type\":\"ListItem\",\"position\":1,\"name\":\"Home\",\"item\":\"https:\/\/www.technodompro.com\/\"},{\"@type\":\"ListItem\",\"position\":2,\"name\":\"Products\",\"item\":\"https:\/\/www.technodompro.com\/index.php\/products\/\"},{\"@type\":\"ListItem\",\"position\":3,\"name\":\"Zna\u010dkov\u00fd Scobax Solid 2,0 m x 1,2 m RAL 7016\"}]},{\"@type\":\"WebSite\",\"@id\":\"https:\/\/www.technodompro.com\/#website\",\"url\":\"https:\/\/www.technodompro.com\/\",\"name\":\"\",\"description\":\"\",\"potentialAction\":[{\"@type\":\"SearchAction\",\"target\":{\"@type\":\"EntryPoint\",\"urlTemplate\":\"https:\/\/www.technodompro.com\/?s={search_term_string}\"},\"query-input\":{\"@type\":\"PropertyValueSpecification\",\"valueRequired\":true,\"valueName\":\"search_term_string\"}}],\"inLanguage\":\"cs\"}]}<\/script>\n<!-- \/ Yoast SEO plugin. -->","yoast_head_json":{"title":"Zna\u010dkov\u00fd Scobax Solid 2,0 m x 1,2 m RAL 7016 -","robots":{"index":"index","follow":"follow","max-snippet":"max-snippet:-1","max-image-preview":"max-image-preview:large","max-video-preview":"max-video-preview:-1"},"canonical":"https:\/\/www.technodompro.com\/index.php\/produkt\/znackovy-scobax-solid-2-0-m-x-1-2-m-ral-7016-67732\/","og_locale":"cs_CZ","og_type":"article","og_title":"Zna\u010dkov\u00fd Scobax Solid 2,0 m x 1,2 m RAL 7016 -","og_description":"V\u00fdpl\u0148 Materi\u00e1l ocel Barva hn\u011bd\u00e1, antracit V\u00fd\u0161ka 1200\u20131700 mm \u0160\u00ed\u0159ka 2000 mm Tlou\u0161\u0165ka 0,50\u00a0mm UV ochrana ano Konstrukce Materi\u00e1l ocel Antikorozn\u00ed ochrana galvanizov\u00e1n\u00ed Barva hn\u011bd\u00e1, antracit Lak ano Kotven\u00ed V\u00fd\u0161ka sloupku 2200 mm Rozm\u011br sloupku 60\u00d740 | 60\u00d760 mm Kotevn\u00ed patky ne Spojovac\u00ed materi\u00e1l ne Kotv\u00edc\u00ed materi\u00e1l (ur\u010den\u00ed) beton Parametry P\u016fvod Vyrobeno v\u00a0LT Z\u00e1ruka 24 [&hellip;]","og_url":"https:\/\/www.technodompro.com\/index.php\/produkt\/znackovy-scobax-solid-2-0-m-x-1-2-m-ral-7016-67732\/","og_image":[{"width":1000,"height":523,"url":"https:\/\/www.technodompro.com\/wp-content\/uploads\/2026\/SK0021938-CZ20260425-091936-0-1777079982-plotovy-panel-scobax-solid-w1200-h628-f8-6c6223418472fb58fd.webp","type":"image\/webp"}],"twitter_card":"summary_large_image","twitter_misc":{"Odhadovan\u00e1 doba \u010dten\u00ed":"1 minuta"},"schema":{"@context":"https:\/\/schema.org","@graph":[{"@type":"WebPage","@id":"https:\/\/www.technodompro.com\/index.php\/produkt\/znackovy-scobax-solid-2-0-m-x-1-2-m-ral-7016-67732\/","url":"https:\/\/www.technodompro.com\/index.php\/produkt\/znackovy-scobax-solid-2-0-m-x-1-2-m-ral-7016-67732\/","name":"Zna\u010dkov\u00fd Scobax Solid 2,0 m x 1,2 m RAL 7016 -","isPartOf":{"@id":"https:\/\/www.technodompro.com\/#website"},"primaryImageOfPage":{"@id":"https:\/\/www.technodompro.com\/index.php\/produkt\/znackovy-scobax-solid-2-0-m-x-1-2-m-ral-7016-67732\/#primaryimage"},"image":{"@id":"https:\/\/www.technodompro.com\/index.php\/produkt\/znackovy-scobax-solid-2-0-m-x-1-2-m-ral-7016-67732\/#primaryimage"},"thumbnailUrl":"https:\/\/www.technodompro.com\/wp-content\/uploads\/2026\/SK0021938-CZ20260425-091936-0-1777079982-plotovy-panel-scobax-solid-w1200-h628-f8-6c6223418472fb58fd.webp","datePublished":"2026-04-27T04:43:36+00:00","breadcrumb":{"@id":"https:\/\/www.technodompro.com\/index.php\/produkt\/znackovy-scobax-solid-2-0-m-x-1-2-m-ral-7016-67732\/#breadcrumb"},"inLanguage":"cs","potentialAction":[{"@type":"ReadAction","target":["https:\/\/www.technodompro.com\/index.php\/produkt\/znackovy-scobax-solid-2-0-m-x-1-2-m-ral-7016-67732\/"]}]},{"@type":"ImageObject","inLanguage":"cs","@id":"https:\/\/www.technodompro.com\/index.php\/produkt\/znackovy-scobax-solid-2-0-m-x-1-2-m-ral-7016-67732\/#primaryimage","url":"https:\/\/www.technodompro.com\/wp-content\/uploads\/2026\/SK0021938-CZ20260425-091936-0-1777079982-plotovy-panel-scobax-solid-w1200-h628-f8-6c6223418472fb58fd.webp","contentUrl":"https:\/\/www.technodompro.com\/wp-content\/uploads\/2026\/SK0021938-CZ20260425-091936-0-1777079982-plotovy-panel-scobax-solid-w1200-h628-f8-6c6223418472fb58fd.webp","width":1000,"height":523},{"@type":"BreadcrumbList","@id":"https:\/\/www.technodompro.com\/index.php\/produkt\/znackovy-scobax-solid-2-0-m-x-1-2-m-ral-7016-67732\/#breadcrumb","itemListElement":[{"@type":"ListItem","position":1,"name":"Home","item":"https:\/\/www.technodompro.com\/"},{"@type":"ListItem","position":2,"name":"Products","item":"https:\/\/www.technodompro.com\/index.php\/products\/"},{"@type":"ListItem","position":3,"name":"Zna\u010dkov\u00fd Scobax Solid 2,0 m x 1,2 m RAL 7016"}]},{"@type":"WebSite","@id":"https:\/\/www.technodompro.com\/#website","url":"https:\/\/www.technodompro.com\/","name":"","description":"","potentialAction":[{"@type":"SearchAction","target":{"@type":"EntryPoint","urlTemplate":"https:\/\/www.technodompro.com\/?s={search_term_string}"},"query-input":{"@type":"PropertyValueSpecification","valueRequired":true,"valueName":"search_term_string"}}],"inLanguage":"cs"}]}},"_links":{"self":[{"href":"https:\/\/www.technodompro.com\/index.php\/wp-json\/wp\/v2\/product\/67732","targetHints":{"allow":["GET"]}}],"collection":[{"href":"https:\/\/www.technodompro.com\/index.php\/wp-json\/wp\/v2\/product"}],"about":[{"href":"https:\/\/www.technodompro.com\/index.php\/wp-json\/wp\/v2\/types\/product"}],"replies":[{"embeddable":true,"href":"https:\/\/www.technodompro.com\/index.php\/wp-json\/wp\/v2\/comments?post=67732"}],"wp:featuredmedia":[{"embeddable":true,"href":"https:\/\/www.technodompro.com\/index.php\/wp-json\/wp\/v2\/media\/67832"}],"wp:attachment":[{"href":"https:\/\/www.technodompro.com\/index.php\/wp-json\/wp\/v2\/media?parent=67732"}],"wp:term":[{"taxonomy":"product_brand","embeddable":true,"href":"https:\/\/www.technodompro.com\/index.php\/wp-json\/wp\/v2\/product_brand?post=67732"},{"taxonomy":"product_cat","embeddable":true,"href":"https:\/\/www.technodompro.com\/index.php\/wp-json\/wp\/v2\/product_cat?post=67732"},{"taxonomy":"product_tag","embeddable":true,"href":"https:\/\/www.technodompro.com\/index.php\/wp-json\/wp\/v2\/product_tag?post=67732"}],"curies":[{"name":"wp","href":"https:\/\/api.w.org\/{rel}","templated":true}]}}