{"id":67754,"date":"2026-04-27T04:43:36","date_gmt":"2026-04-27T04:43:36","guid":{"rendered":""},"modified":"2026-04-27T04:43:36","modified_gmt":"2026-04-27T04:43:36","slug":"znackovy-ceska-manufaktura-variogrow-ctverec-43-5-cm-50-x-50-cm-vcetne-nopove-folie-bez-dna-67754","status":"publish","type":"product","link":"https:\/\/www.technodompro.com\/index.php\/produkt\/znackovy-ceska-manufaktura-variogrow-ctverec-43-5-cm-50-x-50-cm-vcetne-nopove-folie-bez-dna-67754\/","title":{"rendered":"Zna\u010dkov\u00fd \u010cesk\u00e1 Manufaktura Variogrow \u010dtverec 43,5 cm 50 x 50 cm v\u010detn\u011b nopov\u00e9 f\u00f3lie bez dna"},"content":{"rendered":"<div class=\"detail-description__right\">\n<div class=\"parameters\">\n<div class=\"table table--simple\">\n<table>\n<tbody>\n<tr>\n<td colspan=\"2\">\n<h4>Vlastnosti<\/h4>\n<\/td>\n<\/tr>\n<tr>\n<td>Materi\u00e1l<\/td>\n<td>d\u0159evo<\/td>\n<\/tr>\n<tr>\n<td>Tavr<\/td>\n<td>\u010dtverec<\/td>\n<\/tr>\n<tr>\n<td>Barva<\/td>\n<td>p\u0159\u00edrodn\u00ed<\/td>\n<\/tr>\n<tr>\n<td>Nopov\u00e1 folie<\/td>\n<td>voliteln\u00e1<\/td>\n<\/tr>\n<tr>\n<td>Dno<\/td>\n<td>voliteln\u00e9<\/td>\n<\/tr>\n<tr>\n<td colspan=\"2\">\n<h4>Parametry<\/h4>\n<\/td>\n<\/tr>\n<tr>\n<td>P\u016fvod<\/td>\n<td>Vyrobeno v\u00a0\u010cR<\/td>\n<\/tr>\n<tr>\n<td>Z\u00e1ruka<\/td>\n<td>24 m\u011bs\u00edc\u016f<\/td>\n<\/tr>\n<tr>\n<td>Zna\u010dka<\/td>\n<td>\u010cesk\u00e1 Manufaktura<\/td>\n<\/tr>\n<\/tbody>\n<\/table><\/div>\n<\/div><\/div>\n<div class=\"detail-description__top\">\t\t\t\t<\/div>\n<div class=\"detail-description__left\">\n<div class=\"detail-description__left__overflow\">\n<div class=\"detail-description__left__head\">\t\t\t\t\t\tPopis:\t\t\t\t\t<\/div>\n<div class=\"ul-style ul-style--check\">\n<p>Z\u00e1hon je vyroben z kvalitn\u00edch\u00a0d\u0159ev\u011bn\u00fdch profil\u016f z certifikovan\u00e9 prob\u00edrkov\u00e9 ty\u010doviny, kter\u00e1 byla tlakov\u011b impregnov\u00e1na pro vysokou odolnost\u00ed v\u016f\u010di pov\u011btrnostn\u00edm vliv\u016fm. Jednotliv\u00e9 varianty\u00a0<strong>lze volit dnem nebo bez dna<\/strong>\u00a0\u2013 bez dna je ide\u00e1ln\u00ed pro p\u0159\u00edm\u00e9 um\u00edst\u011bn\u00ed na zem, varianta s dnem je vhodn\u00e1 zejm\u00e9na na terasy, balkony nebo zpevn\u011bn\u00e9 plochy.<\/p>\n<ul class=\"plusminus\">\n<li><i class=\"fas fa-check\"><\/i><span>Pohodln\u00fd p\u0159\u00edstup k rostlin\u00e1m<\/span><\/li>\n<li><i class=\"fas fa-check\"><\/i><span>Tlakov\u011b impregnovan\u00e9 d\u0159evo<\/span><\/li>\n<\/ul>\n<p>Voliteln\u00e1\u00a0nopov\u00e1 f\u00f3lie\u00a0chr\u00e1n\u00ed vnit\u0159n\u00ed strany konstrukce p\u0159ed vlhkost\u00ed a prodlu\u017euje \u017eivotnost z\u00e1honu p\u0159i dlouhodob\u00e9m kontaktu se zeminou. Konstrukce je navr\u017eena pro snadnou mont\u00e1\u017e, <strong>s<\/strong> <strong>p\u0159esn\u011b l\u00edcovan\u00fdmi d\u00edly<\/strong> a p\u0159ipraven\u00fdmi spoji. D\u00edky modul\u00e1rn\u00edmu proveden\u00ed je mo\u017en\u00e9 z\u00e1hon p\u0159izp\u016fsobit jak men\u0161\u00edm m\u011bstsk\u00fdm prostor\u00e1m, tak v\u011bt\u0161\u00edm zahradn\u00edm ploch\u00e1m s vy\u0161\u0161\u00edmi n\u00e1roky na objem substr\u00e1tu.<\/p>\n<div class=\"content-flickity content-flickity--3\">\n<div class=\"content-flickity__body\">\n<div class=\"carousel-item\">\t\t\t\t\t\t\t\t\t\t\t\t\t\t\t\t\t\t\t\t\t\t\t<\/div>\n<div class=\"carousel-item\">\t\t\t\t\t\t\t\t\t\t\t\t\t\t\t\t\t\t\t\t\t\t\t<\/div>\n<div class=\"carousel-item\">\t\t\t\t\t\t\t\t\t\t\t\t\t\t\t\t\t\t\t\t\t\t\t<\/div>\n<\/div>\n<div class=\"content-flickity__caption\">Mo\u017enosti roz\u0161\u00ed\u0159en\u00ed vyv\u00fd\u0161en\u00e9ho z\u00e1honu Variogrow<\/div>\n<\/div>\n<\/div>\n<div class=\"detail-description__left__more\">\t\t\t\t\t\t<span> <\/span><span> <\/span>\t\t\t\t\t<\/div>\n<\/p><\/div>\n<div class=\"extra-note\">\n<p>Barevn\u00e9 odchylky impregnovan\u00e9ho d\u0159eva vznikaj\u00ed vlivem materi\u00e1lu a sv\u011btla, \u010dasem se sjednot\u00ed. Nejde o vadu ani d\u016fvod k reklamaci.<\/p>\n<\/p><\/div>\n<\/p><\/div>\n<div class=\"detail-description__more\"><span> <\/span><span> <\/span><\/div>\n<\/p><\/div>\n<\/p><\/div>\n<div class=\"tab tab-detail-7\">\n<div class=\"table-size-classic  table-size--selectable\">\n<table>\n<thead>\n<tr>\n<th data-product-code=\"[&quot;K\u00f3d&quot;]\"><span class=\"selected\">Vybr\u00e1no<\/span><span><\/span><\/th>\n<th data-product-code=\"[&quot;77\/27-&quot;,&quot;77\/27&quot;,&quot;77\/27-3-2&quot;,&quot;77\/27-4&quot;]\"><span class=\"selected\">Vybr\u00e1no<\/span><span>27,5 x 50 x 50 cm<\/span><\/th>\n<th data-product-code=\"[&quot;77\/43-&quot;,&quot;77\/43-2&quot;,&quot;77\/43-3&quot;,&quot;77\/43-4&quot;]\"><span class=\"selected\">Vybr\u00e1no<\/span><span>43,5 x 50 x 50 cm<\/span><\/th>\n<th data-product-code=\"[&quot;80\/27-&quot;,&quot;80\/27&quot;,&quot;80\/27-4-2&quot;,&quot;80\/27-3&quot;]\"><span class=\"selected\">Vybr\u00e1no<\/span><span>27,5 x 90 x 90 cm<\/span><\/th>\n<th data-product-code=\"[&quot;80\/43-&quot;,&quot;80\/43-4&quot;,&quot;80\/43-2&quot;,&quot;80\/43-3&quot;]\"><span class=\"selected\">Vybr\u00e1no<\/span><span>43,5 x 90 x 90 cm<\/span><\/th>\n<th data-product-code=\"[&quot;83\/27-2&quot;,&quot;83\/27-3&quot;,&quot;83\/27-4&quot;,&quot;83\/27-&quot;]\"><span class=\"selected\">Vybr\u00e1no<\/span><span>27,5 x 130 x 130 cm<\/span><\/th>\n<th data-product-code=\"[&quot;83\/43-&quot;,&quot;83\/43-2&quot;,&quot;83\/43-3&quot;,&quot;83\/43-4&quot;]\"><span class=\"selected\">Vybr\u00e1no<\/span><span>43,5 x 130 x 130 cm<\/span><\/th>\n<th data-product-code=\"[&quot;86\/27-2&quot;,&quot;86\/27-3&quot;,&quot;86\/27-4&quot;]\"><span class=\"selected\">Vybr\u00e1no<\/span><span>27,5 x 170 x 170 cm<\/span><\/th>\n<th data-product-code=\"[&quot;86\/43-&quot;,&quot;86\/43-2&quot;,&quot;86\/43-3&quot;,&quot;86\/43-4&quot;]\"><span class=\"selected\">Vybr\u00e1no<\/span><span>43,5 x 170 x 170 cm<\/span><\/th>\n<th data-product-code=\"[&quot;89\/27-&quot;,&quot;89\/27-2&quot;,&quot;89\/27-3&quot;,&quot;89\/27-4&quot;]\"><span class=\"selected\">Vybr\u00e1no<\/span><span>27,5 x 210 x 210 cm<\/span><\/th>\n<th data-product-code=\"[&quot;89\/43-&quot;,&quot;89\/43-2&quot;,&quot;89\/43-3&quot;,&quot;89\/43-4&quot;]\"><span class=\"selected\">Vybr\u00e1no<\/span><span>43,5 x 210 x 210 cm<\/span><\/th>\n<\/tr>\n<\/thead>\n<tbody>\n<tr class=\"space\">\n<td><\/td>\n<td><\/td>\n<td><\/td>\n<td><\/td>\n<td><\/td>\n<td><\/td>\n<td><\/td>\n<td><\/td>\n<td><\/td>\n<td><\/td>\n<td><\/td>\n<\/tr>\n<tr>\n<td><strong>\u0160\u00ed\u0159ka<\/strong><\/td>\n<td>500\u00a0mm<\/td>\n<td>500 mm<\/td>\n<td>900 mm<\/td>\n<td>900 mm<\/td>\n<td>1300 mm<\/td>\n<td>1300 mm<\/td>\n<td>1700 mm<\/td>\n<td>1700 mm<\/td>\n<td>2100 mm<\/td>\n<td>2100 mm<\/td>\n<\/tr>\n<tr>\n<td><strong>D\u00e9lka<\/strong><\/td>\n<td>500\u00a0mm<\/td>\n<td>500 mm<\/td>\n<td>900 mm<\/td>\n<td>900 mm<\/td>\n<td>1300 mm<\/td>\n<td>1300 mm<\/td>\n<td>1700 mm<\/td>\n<td>1700 mm<\/td>\n<td>2100 mm<\/td>\n<td>2100 mm<\/td>\n<\/tr>\n<tr>\n<td><strong>V\u00fd\u0161ka<\/strong><\/td>\n<td>275 mm<\/td>\n<td>435 mm<\/td>\n<td>275 mm<\/td>\n<td>435 mm<\/td>\n<td>275 mm<\/td>\n<td>435 mm<\/td>\n<td>275 mm<\/td>\n<td>435 mm<\/td>\n<td>275 mm<\/td>\n<td>435 mm<\/td>\n<\/tr>\n<tr>\n<td><strong>Objem<\/strong><\/td>\n<td>135 l<\/td>\n<td>213 l<\/td>\n<td>225 l<\/td>\n<td>352 l<\/td>\n<td>333 l<\/td>\n<td>526 l<\/td>\n<td>619 l<\/td>\n<td>979 l<\/td>\n<td>993 l<\/td>\n<td>1570 l<\/td>\n<\/tr>\n<tr>\n<td><strong>Hmotnost<\/strong><\/td>\n<td>51 kg<\/td>\n<td>77 kg<\/td>\n<td>28 kg<\/td>\n<td>39 kg<\/td>\n<td>76 kg<\/td>\n<td>116 kg<\/td>\n<td>102 kg<\/td>\n<td>154 kg<\/td>\n<td>127 kg<\/td>\n<td>192 kg<\/td>\n<\/tr>\n<\/tbody>\n<\/table>\n<\/div><\/div>\n","protected":false},"excerpt":{"rendered":"<p>Vlastnosti Materi\u00e1l d\u0159evo Tavr \u010dtverec Barva p\u0159\u00edrodn\u00ed Nopov\u00e1 folie voliteln\u00e1 Dno voliteln\u00e9 Parametry P\u016fvod Vyrobeno v\u00a0\u010cR Z\u00e1ruka 24 m\u011bs\u00edc\u016f Zna\u010dka \u010cesk\u00e1 Manufaktura Popis: Z\u00e1hon je vyroben z kvalitn\u00edch\u00a0d\u0159ev\u011bn\u00fdch profil\u016f z certifikovan\u00e9 prob\u00edrkov\u00e9 ty\u010doviny, kter\u00e1 byla tlakov\u011b impregnov\u00e1na pro vysokou odolnost\u00ed v\u016f\u010di pov\u011btrnostn\u00edm vliv\u016fm. Jednotliv\u00e9 varianty\u00a0lze volit dnem nebo bez dna\u00a0\u2013 bez dna je ide\u00e1ln\u00ed pro [&hellip;]<\/p>\n","protected":false},"featured_media":67854,"comment_status":"open","ping_status":"open","template":"","meta":[],"product_brand":[],"product_cat":[36],"product_tag":[],"class_list":{"0":"post-67754","1":"product","2":"type-product","3":"status-publish","4":"has-post-thumbnail","6":"product_cat-zahrada","8":"first","9":"instock","10":"sale","11":"shipping-taxable","12":"purchasable","13":"product-type-simple"},"yoast_head":"<!-- This site is optimized with the Yoast SEO plugin v26.8 - https:\/\/yoast.com\/product\/yoast-seo-wordpress\/ -->\n<title>Zna\u010dkov\u00fd \u010cesk\u00e1 Manufaktura Variogrow \u010dtverec 43,5 cm 50 x 50 cm v\u010detn\u011b nopov\u00e9 f\u00f3lie bez dna -<\/title>\n<meta name=\"robots\" content=\"index, follow, max-snippet:-1, max-image-preview:large, max-video-preview:-1\" \/>\n<link rel=\"canonical\" href=\"https:\/\/www.technodompro.com\/index.php\/produkt\/znackovy-ceska-manufaktura-variogrow-ctverec-43-5-cm-50-x-50-cm-vcetne-nopove-folie-bez-dna-67754\/\" \/>\n<meta property=\"og:locale\" content=\"cs_CZ\" \/>\n<meta property=\"og:type\" content=\"article\" \/>\n<meta property=\"og:title\" content=\"Zna\u010dkov\u00fd \u010cesk\u00e1 Manufaktura Variogrow \u010dtverec 43,5 cm 50 x 50 cm v\u010detn\u011b nopov\u00e9 f\u00f3lie bez dna -\" \/>\n<meta property=\"og:description\" content=\"Vlastnosti Materi\u00e1l d\u0159evo Tavr \u010dtverec Barva p\u0159\u00edrodn\u00ed Nopov\u00e1 folie voliteln\u00e1 Dno voliteln\u00e9 Parametry P\u016fvod Vyrobeno v\u00a0\u010cR Z\u00e1ruka 24 m\u011bs\u00edc\u016f Zna\u010dka \u010cesk\u00e1 Manufaktura Popis: Z\u00e1hon je vyroben z kvalitn\u00edch\u00a0d\u0159ev\u011bn\u00fdch profil\u016f z certifikovan\u00e9 prob\u00edrkov\u00e9 ty\u010doviny, kter\u00e1 byla tlakov\u011b impregnov\u00e1na pro vysokou odolnost\u00ed v\u016f\u010di pov\u011btrnostn\u00edm vliv\u016fm. Jednotliv\u00e9 varianty\u00a0lze volit dnem nebo bez dna\u00a0\u2013 bez dna je ide\u00e1ln\u00ed pro [&hellip;]\" \/>\n<meta property=\"og:url\" content=\"https:\/\/www.technodompro.com\/index.php\/produkt\/znackovy-ceska-manufaktura-variogrow-ctverec-43-5-cm-50-x-50-cm-vcetne-nopove-folie-bez-dna-67754\/\" \/>\n<meta property=\"og:image\" content=\"https:\/\/www.technodompro.com\/wp-content\/uploads\/2026\/SK0021973-CZ20260425-091936-0-1777079982-vyvyseny-zahon-ceska-manufaktura-variogrow-ctverec-43-5-cm-.webp\" \/>\n\t<meta property=\"og:image:width\" content=\"1000\" \/>\n\t<meta property=\"og:image:height\" content=\"523\" \/>\n\t<meta property=\"og:image:type\" content=\"image\/webp\" \/>\n<meta name=\"twitter:card\" content=\"summary_large_image\" \/>\n<meta name=\"twitter:label1\" content=\"Odhadovan\u00e1 doba \u010dten\u00ed\" \/>\n\t<meta name=\"twitter:data1\" content=\"2 minuty\" \/>\n<script type=\"application\/ld+json\" class=\"yoast-schema-graph\">{\"@context\":\"https:\/\/schema.org\",\"@graph\":[{\"@type\":\"WebPage\",\"@id\":\"https:\/\/www.technodompro.com\/index.php\/produkt\/znackovy-ceska-manufaktura-variogrow-ctverec-43-5-cm-50-x-50-cm-vcetne-nopove-folie-bez-dna-67754\/\",\"url\":\"https:\/\/www.technodompro.com\/index.php\/produkt\/znackovy-ceska-manufaktura-variogrow-ctverec-43-5-cm-50-x-50-cm-vcetne-nopove-folie-bez-dna-67754\/\",\"name\":\"Zna\u010dkov\u00fd \u010cesk\u00e1 Manufaktura Variogrow \u010dtverec 43,5 cm 50 x 50 cm v\u010detn\u011b nopov\u00e9 f\u00f3lie bez dna -\",\"isPartOf\":{\"@id\":\"https:\/\/www.technodompro.com\/#website\"},\"primaryImageOfPage\":{\"@id\":\"https:\/\/www.technodompro.com\/index.php\/produkt\/znackovy-ceska-manufaktura-variogrow-ctverec-43-5-cm-50-x-50-cm-vcetne-nopove-folie-bez-dna-67754\/#primaryimage\"},\"image\":{\"@id\":\"https:\/\/www.technodompro.com\/index.php\/produkt\/znackovy-ceska-manufaktura-variogrow-ctverec-43-5-cm-50-x-50-cm-vcetne-nopove-folie-bez-dna-67754\/#primaryimage\"},\"thumbnailUrl\":\"https:\/\/www.technodompro.com\/wp-content\/uploads\/2026\/SK0021973-CZ20260425-091936-0-1777079982-vyvyseny-zahon-ceska-manufaktura-variogrow-ctverec-43-5-cm-.webp\",\"datePublished\":\"2026-04-27T04:43:36+00:00\",\"breadcrumb\":{\"@id\":\"https:\/\/www.technodompro.com\/index.php\/produkt\/znackovy-ceska-manufaktura-variogrow-ctverec-43-5-cm-50-x-50-cm-vcetne-nopove-folie-bez-dna-67754\/#breadcrumb\"},\"inLanguage\":\"cs\",\"potentialAction\":[{\"@type\":\"ReadAction\",\"target\":[\"https:\/\/www.technodompro.com\/index.php\/produkt\/znackovy-ceska-manufaktura-variogrow-ctverec-43-5-cm-50-x-50-cm-vcetne-nopove-folie-bez-dna-67754\/\"]}]},{\"@type\":\"ImageObject\",\"inLanguage\":\"cs\",\"@id\":\"https:\/\/www.technodompro.com\/index.php\/produkt\/znackovy-ceska-manufaktura-variogrow-ctverec-43-5-cm-50-x-50-cm-vcetne-nopove-folie-bez-dna-67754\/#primaryimage\",\"url\":\"https:\/\/www.technodompro.com\/wp-content\/uploads\/2026\/SK0021973-CZ20260425-091936-0-1777079982-vyvyseny-zahon-ceska-manufaktura-variogrow-ctverec-43-5-cm-.webp\",\"contentUrl\":\"https:\/\/www.technodompro.com\/wp-content\/uploads\/2026\/SK0021973-CZ20260425-091936-0-1777079982-vyvyseny-zahon-ceska-manufaktura-variogrow-ctverec-43-5-cm-.webp\",\"width\":1000,\"height\":523},{\"@type\":\"BreadcrumbList\",\"@id\":\"https:\/\/www.technodompro.com\/index.php\/produkt\/znackovy-ceska-manufaktura-variogrow-ctverec-43-5-cm-50-x-50-cm-vcetne-nopove-folie-bez-dna-67754\/#breadcrumb\",\"itemListElement\":[{\"@type\":\"ListItem\",\"position\":1,\"name\":\"Home\",\"item\":\"https:\/\/www.technodompro.com\/\"},{\"@type\":\"ListItem\",\"position\":2,\"name\":\"Products\",\"item\":\"https:\/\/www.technodompro.com\/index.php\/products\/\"},{\"@type\":\"ListItem\",\"position\":3,\"name\":\"Zna\u010dkov\u00fd \u010cesk\u00e1 Manufaktura Variogrow \u010dtverec 43,5 cm 50 x 50 cm v\u010detn\u011b nopov\u00e9 f\u00f3lie bez dna\"}]},{\"@type\":\"WebSite\",\"@id\":\"https:\/\/www.technodompro.com\/#website\",\"url\":\"https:\/\/www.technodompro.com\/\",\"name\":\"\",\"description\":\"\",\"potentialAction\":[{\"@type\":\"SearchAction\",\"target\":{\"@type\":\"EntryPoint\",\"urlTemplate\":\"https:\/\/www.technodompro.com\/?s={search_term_string}\"},\"query-input\":{\"@type\":\"PropertyValueSpecification\",\"valueRequired\":true,\"valueName\":\"search_term_string\"}}],\"inLanguage\":\"cs\"}]}<\/script>\n<!-- \/ Yoast SEO plugin. -->","yoast_head_json":{"title":"Zna\u010dkov\u00fd \u010cesk\u00e1 Manufaktura Variogrow \u010dtverec 43,5 cm 50 x 50 cm v\u010detn\u011b nopov\u00e9 f\u00f3lie bez dna -","robots":{"index":"index","follow":"follow","max-snippet":"max-snippet:-1","max-image-preview":"max-image-preview:large","max-video-preview":"max-video-preview:-1"},"canonical":"https:\/\/www.technodompro.com\/index.php\/produkt\/znackovy-ceska-manufaktura-variogrow-ctverec-43-5-cm-50-x-50-cm-vcetne-nopove-folie-bez-dna-67754\/","og_locale":"cs_CZ","og_type":"article","og_title":"Zna\u010dkov\u00fd \u010cesk\u00e1 Manufaktura Variogrow \u010dtverec 43,5 cm 50 x 50 cm v\u010detn\u011b nopov\u00e9 f\u00f3lie bez dna -","og_description":"Vlastnosti Materi\u00e1l d\u0159evo Tavr \u010dtverec Barva p\u0159\u00edrodn\u00ed Nopov\u00e1 folie voliteln\u00e1 Dno voliteln\u00e9 Parametry P\u016fvod Vyrobeno v\u00a0\u010cR Z\u00e1ruka 24 m\u011bs\u00edc\u016f Zna\u010dka \u010cesk\u00e1 Manufaktura Popis: Z\u00e1hon je vyroben z kvalitn\u00edch\u00a0d\u0159ev\u011bn\u00fdch profil\u016f z certifikovan\u00e9 prob\u00edrkov\u00e9 ty\u010doviny, kter\u00e1 byla tlakov\u011b impregnov\u00e1na pro vysokou odolnost\u00ed v\u016f\u010di pov\u011btrnostn\u00edm vliv\u016fm. Jednotliv\u00e9 varianty\u00a0lze volit dnem nebo bez dna\u00a0\u2013 bez dna je ide\u00e1ln\u00ed pro [&hellip;]","og_url":"https:\/\/www.technodompro.com\/index.php\/produkt\/znackovy-ceska-manufaktura-variogrow-ctverec-43-5-cm-50-x-50-cm-vcetne-nopove-folie-bez-dna-67754\/","og_image":[{"width":1000,"height":523,"url":"https:\/\/www.technodompro.com\/wp-content\/uploads\/2026\/SK0021973-CZ20260425-091936-0-1777079982-vyvyseny-zahon-ceska-manufaktura-variogrow-ctverec-43-5-cm-.webp","type":"image\/webp"}],"twitter_card":"summary_large_image","twitter_misc":{"Odhadovan\u00e1 doba \u010dten\u00ed":"2 minuty"},"schema":{"@context":"https:\/\/schema.org","@graph":[{"@type":"WebPage","@id":"https:\/\/www.technodompro.com\/index.php\/produkt\/znackovy-ceska-manufaktura-variogrow-ctverec-43-5-cm-50-x-50-cm-vcetne-nopove-folie-bez-dna-67754\/","url":"https:\/\/www.technodompro.com\/index.php\/produkt\/znackovy-ceska-manufaktura-variogrow-ctverec-43-5-cm-50-x-50-cm-vcetne-nopove-folie-bez-dna-67754\/","name":"Zna\u010dkov\u00fd \u010cesk\u00e1 Manufaktura Variogrow \u010dtverec 43,5 cm 50 x 50 cm v\u010detn\u011b nopov\u00e9 f\u00f3lie bez dna -","isPartOf":{"@id":"https:\/\/www.technodompro.com\/#website"},"primaryImageOfPage":{"@id":"https:\/\/www.technodompro.com\/index.php\/produkt\/znackovy-ceska-manufaktura-variogrow-ctverec-43-5-cm-50-x-50-cm-vcetne-nopove-folie-bez-dna-67754\/#primaryimage"},"image":{"@id":"https:\/\/www.technodompro.com\/index.php\/produkt\/znackovy-ceska-manufaktura-variogrow-ctverec-43-5-cm-50-x-50-cm-vcetne-nopove-folie-bez-dna-67754\/#primaryimage"},"thumbnailUrl":"https:\/\/www.technodompro.com\/wp-content\/uploads\/2026\/SK0021973-CZ20260425-091936-0-1777079982-vyvyseny-zahon-ceska-manufaktura-variogrow-ctverec-43-5-cm-.webp","datePublished":"2026-04-27T04:43:36+00:00","breadcrumb":{"@id":"https:\/\/www.technodompro.com\/index.php\/produkt\/znackovy-ceska-manufaktura-variogrow-ctverec-43-5-cm-50-x-50-cm-vcetne-nopove-folie-bez-dna-67754\/#breadcrumb"},"inLanguage":"cs","potentialAction":[{"@type":"ReadAction","target":["https:\/\/www.technodompro.com\/index.php\/produkt\/znackovy-ceska-manufaktura-variogrow-ctverec-43-5-cm-50-x-50-cm-vcetne-nopove-folie-bez-dna-67754\/"]}]},{"@type":"ImageObject","inLanguage":"cs","@id":"https:\/\/www.technodompro.com\/index.php\/produkt\/znackovy-ceska-manufaktura-variogrow-ctverec-43-5-cm-50-x-50-cm-vcetne-nopove-folie-bez-dna-67754\/#primaryimage","url":"https:\/\/www.technodompro.com\/wp-content\/uploads\/2026\/SK0021973-CZ20260425-091936-0-1777079982-vyvyseny-zahon-ceska-manufaktura-variogrow-ctverec-43-5-cm-.webp","contentUrl":"https:\/\/www.technodompro.com\/wp-content\/uploads\/2026\/SK0021973-CZ20260425-091936-0-1777079982-vyvyseny-zahon-ceska-manufaktura-variogrow-ctverec-43-5-cm-.webp","width":1000,"height":523},{"@type":"BreadcrumbList","@id":"https:\/\/www.technodompro.com\/index.php\/produkt\/znackovy-ceska-manufaktura-variogrow-ctverec-43-5-cm-50-x-50-cm-vcetne-nopove-folie-bez-dna-67754\/#breadcrumb","itemListElement":[{"@type":"ListItem","position":1,"name":"Home","item":"https:\/\/www.technodompro.com\/"},{"@type":"ListItem","position":2,"name":"Products","item":"https:\/\/www.technodompro.com\/index.php\/products\/"},{"@type":"ListItem","position":3,"name":"Zna\u010dkov\u00fd \u010cesk\u00e1 Manufaktura Variogrow \u010dtverec 43,5 cm 50 x 50 cm v\u010detn\u011b nopov\u00e9 f\u00f3lie bez dna"}]},{"@type":"WebSite","@id":"https:\/\/www.technodompro.com\/#website","url":"https:\/\/www.technodompro.com\/","name":"","description":"","potentialAction":[{"@type":"SearchAction","target":{"@type":"EntryPoint","urlTemplate":"https:\/\/www.technodompro.com\/?s={search_term_string}"},"query-input":{"@type":"PropertyValueSpecification","valueRequired":true,"valueName":"search_term_string"}}],"inLanguage":"cs"}]}},"_links":{"self":[{"href":"https:\/\/www.technodompro.com\/index.php\/wp-json\/wp\/v2\/product\/67754","targetHints":{"allow":["GET"]}}],"collection":[{"href":"https:\/\/www.technodompro.com\/index.php\/wp-json\/wp\/v2\/product"}],"about":[{"href":"https:\/\/www.technodompro.com\/index.php\/wp-json\/wp\/v2\/types\/product"}],"replies":[{"embeddable":true,"href":"https:\/\/www.technodompro.com\/index.php\/wp-json\/wp\/v2\/comments?post=67754"}],"wp:featuredmedia":[{"embeddable":true,"href":"https:\/\/www.technodompro.com\/index.php\/wp-json\/wp\/v2\/media\/67854"}],"wp:attachment":[{"href":"https:\/\/www.technodompro.com\/index.php\/wp-json\/wp\/v2\/media?parent=67754"}],"wp:term":[{"taxonomy":"product_brand","embeddable":true,"href":"https:\/\/www.technodompro.com\/index.php\/wp-json\/wp\/v2\/product_brand?post=67754"},{"taxonomy":"product_cat","embeddable":true,"href":"https:\/\/www.technodompro.com\/index.php\/wp-json\/wp\/v2\/product_cat?post=67754"},{"taxonomy":"product_tag","embeddable":true,"href":"https:\/\/www.technodompro.com\/index.php\/wp-json\/wp\/v2\/product_tag?post=67754"}],"curies":[{"name":"wp","href":"https:\/\/api.w.org\/{rel}","templated":true}]}}