{"id":68762,"date":"2026-04-27T04:43:39","date_gmt":"2026-04-27T04:43:39","guid":{"rendered":""},"modified":"2026-04-27T04:43:39","modified_gmt":"2026-04-27T04:43:39","slug":"znackovy-autolak-ve-spreji-hyundai-400ml-span-class-small-color-gray-text-muted-hyundai-h5-brown-span-68762","status":"publish","type":"product","link":"https:\/\/www.technodompro.com\/produkt\/znackovy-autolak-ve-spreji-hyundai-400ml-span-class-small-color-gray-text-muted-hyundai-h5-brown-span-68762\/","title":{"rendered":"Zna\u010dkov\u00fd Autolak ve spreji Hyundai 400ml<span class=\"small color-gray text-muted\"> &#8211; Hyundai: H5 BROWN<\/span>"},"content":{"rendered":"\n<ul class=\"nav nav-tabs nav-append-content\">\n<li>Popis <i class=\"fa fa-angle-down pull-right\"><\/i><\/li>\n<li>Recenze <span class=\"badge i-right\">1<\/span> <i class=\"fa fa-angle-down pull-right\"><\/i><\/li>\n<li>Diskuse  <i class=\"fa fa-angle-down pull-right\"><\/i><\/li>\n<li>M\u00e1te dotaz? <i class=\"fa fa-angle-down pull-right\"><\/i><\/li>\n<\/ul>\n<div class=\"tab-content TabsContentDynamicHeight\">\n<div class=\"tab-pane section-widget-base content-p\" id=\"tab-description\"> <!-- Tab-content - Long description -->\t\t\t\t\t\t\t<\/p>\n<p>Obsah spreje &#8211; 400ml<\/p>\n<p>Metalick\u00e9 i nemetalick\u00e9 odst\u00edny<\/p>\n<p>Metalick\u00e9 odst\u00edny je t\u0159eba p\u0159est\u0159\u00edkat bezbarv\u00fdm lakem<\/p>\n<\/p>\n<div class=\"clearfix\"><\/div>\n<\/p><\/div>\n<div class=\"tab-pane section-widget-base content-p\" id=\"tab-reviews\"> <!-- Tab-content - Reviews -->\t\t\t\t\t\t\t<\/p>\n<div class=\"ProductReviews comments SNIcontainer\" data-next-items=\"5\">\n<div id=\"snippet--reviewsAjax\">\n<div class=\"comments-list review-list\">\n<div class=\"media-body\">\n<h4 class=\"media-heading\" itemprop=\"author\" itemscope itemtype=\"http:\/\/schema.org\/Person\">\t\t\t\t\t\t\t\t\t\t\t\t\t\t\t<span itemprop=\"name\">Martin Mou\u010dka<\/span><time class=\"small\" datetime=\"2025-10-24 23:01\">24. 10. 2025, 23:01<\/time>\t\t\t\t\t\t\t\t\t\t\t\t\t\t<\/h4>\n<p>\t\t\t\t\t\t\t\t\t\t\t\t\t\t<meta itemprop=\"datePublished\" content=\"2025-10-24CEST23:01\">\t\t\t\t\t\t\t\t\t\t\t\t\t\t<\/p>\n<p><span class=\"rating-control RatingControl\"><span id=\"snippet-rating-32440-13569\"><i class=\"RateStar fa fa-star\"><\/i> <i class=\"RateStar fa fa-star\"><\/i> <i class=\"RateStar fa fa-star\"><\/i> <i class=\"RateStar fa fa-star\"><\/i> <i class=\"RateStar fa fa-star\"><\/i> \t\t<span itemprop=\"reviewRating\" itemscope itemtype=\"http:\/\/schema.org\/Rating\"><meta itemprop=\"ratingValue\" content=\"5\"><\/span><\/span><\/span><\/p>\n<p> <!-- RATE - components\/rating-control-review.phtml -->\t\t\t\t\t\t\t\t\t\t\t\t\t\t<\/p>\n<p id=\"reviewPositives-340\" class=\"positive\">\t\t\t\t\t\t\t\t\t\t\t\t\t\t\t<i class=\"fa fa-plus-circle i-left text-success\"><\/i>Perfektn\u011b sed\u00ed odst\u00edn.<br \/>V\u00fdrazn\u011b metalick\u00fd po p\u0159elakov\u00e1n\u00ed bezbarv\u00fdm lakem.<br \/>Rychl\u00e9 schnut\u00ed.<br \/>Skv\u011bl\u00fd aplik\u00e1tor a tvar rozst\u0159iku.\t\t\t\t\t\t\t\t\t\t\t\t\t\t\tv\u00edce\t\t\t\t\t\t\t\t\t\t\t\t\t\t<\/p>\n<p id=\"reviewPositives-340-all\" class=\"positive hidden\">\t\t\t\t\t\t\t\t\t\t\t\t\t\t\t<i class=\"fa fa-plus-circle i-left text-success\"><\/i>Perfektn\u011b sed\u00ed odst\u00edn.<br \/>V\u00fdrazn\u011b metalick\u00fd po p\u0159elakov\u00e1n\u00ed bezbarv\u00fdm lakem.<br \/>Rychl\u00e9 schnut\u00ed.<br \/>Skv\u011bl\u00fd aplik\u00e1tor a tvar rozst\u0159iku.\t\t\t\t\t\t\t\t\t\t\t\t\t\t<\/p>\n<p id=\"reviewNegatives-340\" class=\"negative\">\t\t\t\t\t\t\t\t\t\t\t\t\t\t\t<i class=\"fa fa-minus-circle i-left text-danger\"><\/i>IPA i l\u00edh barvu leptaj\u00ed.\t\t\t\t\t\t\t\t\t\t\t\t\t\t\t\t\t\t\t\t\t\t\t\t\t\t\t\t\t<\/p>\n<p id=\"reviewNegatives-340-all\" class=\"negative hidden\">\t\t\t\t\t\t\t\t\t\t\t\t\t\t\t<i class=\"fa fa-minus-circle i-left text-danger\"><\/i>IPA i l\u00edh barvu leptaj\u00ed.\t\t\t\t\t\t\t\t\t\t\t\t\t\t<\/p>\n<p>\t\t\t\t\t\t\t\t\t\t\t\t\t\t<meta itemprop=\"reviewBody\" content=\"Klady: Perfektn\u011b sed\u00ed odst\u00edn.&lt;br \/&gt;V\u00fdrazn\u011b metalick\u00fd po p\u0159elakov\u00e1n\u00ed bezbarv\u00fdm lakem.&lt;br \/&gt;Rychl\u00e9 schnut\u00ed.&lt;br \/&gt;Skv\u011bl\u00fd aplik\u00e1tor a tvar rozst\u0159iku.Z\u00e1pory: IPA i l\u00edh barvu leptaj\u00ed.\">\t\t\t\t\t\t\t\t\t\t\t\t\t\t\t<\/p>\n<p class=\"review-help\">\t\t\t\t\t\t\t\t\t\t\t\t\t\t\t\t<span class=\"inline-block-right xs\">Pomohla V\u00e1m tato recenze?<\/span>\t\t\t\t\t\t\t\t\t\t\t\t\t\t\t\t<span class=\"inline-block-right xs\">\t\t\t\t\t\t\t\t\t\t\t\t\t\t\t\t\t\t\t\t\t\t\t\t\t\t\t\t\t\t\t\t\t\t\t<i class=\"fa fa-thumbs-up\"><\/i> Ano <small>(0)<\/small>\t\t\t\t\t\t\t\t\t\t\t\t\t\t\t\t\t\t\t\t\t\t\t\t\t\t\t\t\t\t\t\t\t<\/span>\t\t\t\t\t\t\t\t\t\t\t\t\t\t\t\t<span class=\"inline-block-right xs\">\t\t\t\t\t\t\t\t\t\t\t\t\t\t\t\t\t\t\t\t\t\t\t\t\t\t\t\t\t\t\t\t\t\t\t<i class=\"fa fa-thumbs-down\"><\/i> Ne <small>(0)<\/small>\t\t\t\t\t\t\t\t\t\t\t\t\t\t\t\t\t\t\t\t\t\t\t\t\t\t\t\t\t\t\t\t\t<\/span>\t\t\t\t\t\t\t\t\t\t\t\t\t\t\t<\/p>\n<\/p><\/div>\n<\/article><\/div>\n<\/div><\/div>\n<\/p><\/div>\n","protected":false},"excerpt":{"rendered":"<p>Popis Recenze 1 Diskuse M\u00e1te dotaz? Obsah spreje &#8211; 400ml Metalick\u00e9 i nemetalick\u00e9 odst\u00edny Metalick\u00e9 odst\u00edny je t\u0159eba p\u0159est\u0159\u00edkat bezbarv\u00fdm lakem Martin Mou\u010dka24. 10. 2025, 23:01 Perfektn\u011b sed\u00ed odst\u00edn.V\u00fdrazn\u011b metalick\u00fd po p\u0159elakov\u00e1n\u00ed bezbarv\u00fdm lakem.Rychl\u00e9 schnut\u00ed.Skv\u011bl\u00fd aplik\u00e1tor a tvar rozst\u0159iku. v\u00edce Perfektn\u011b sed\u00ed odst\u00edn.V\u00fdrazn\u011b metalick\u00fd po p\u0159elakov\u00e1n\u00ed bezbarv\u00fdm lakem.Rychl\u00e9 schnut\u00ed.Skv\u011bl\u00fd aplik\u00e1tor a tvar rozst\u0159iku. IPA i [&hellip;]<\/p>\n","protected":false},"featured_media":68862,"template":"","meta":[],"product_brand":[],"product_cat":[44],"product_tag":[],"class_list":{"0":"post-68762","1":"product","2":"type-product","3":"status-publish","4":"has-post-thumbnail","6":"product_cat-autolaky-amp-prislusenstvi","8":"first","9":"instock","10":"sale","11":"shipping-taxable","12":"purchasable","13":"product-type-simple"},"yoast_head":"<!-- This site is optimized with the Yoast SEO plugin v26.8 - https:\/\/yoast.com\/product\/yoast-seo-wordpress\/ -->\n<title>Zna\u010dkov\u00fd Autolak ve spreji Hyundai 400ml - Hyundai: H5 BROWN - Modern\u00ed koupelny &amp; sanita a interi\u00e9rov\u00e9 vybaven\u00ed pro v\u00e1\u0161 domov<\/title>\n<meta name=\"robots\" content=\"index, follow, max-snippet:-1, max-image-preview:large, max-video-preview:-1\" \/>\n<link rel=\"canonical\" href=\"https:\/\/www.technodompro.com\/index.php\/produkt\/znackovy-autolak-ve-spreji-hyundai-400ml-span-class-small-color-gray-text-muted-hyundai-h5-brown-span-68762\/\" \/>\n<meta property=\"og:locale\" content=\"cs_CZ\" \/>\n<meta property=\"og:type\" content=\"article\" \/>\n<meta property=\"og:title\" content=\"Zna\u010dkov\u00fd Autolak ve spreji Hyundai 400ml - Hyundai: H5 BROWN - Modern\u00ed koupelny &amp; sanita a interi\u00e9rov\u00e9 vybaven\u00ed pro v\u00e1\u0161 domov\" \/>\n<meta property=\"og:description\" content=\"Popis Recenze 1 Diskuse M\u00e1te dotaz? Obsah spreje &#8211; 400ml Metalick\u00e9 i nemetalick\u00e9 odst\u00edny Metalick\u00e9 odst\u00edny je t\u0159eba p\u0159est\u0159\u00edkat bezbarv\u00fdm lakem Martin Mou\u010dka24. 10. 2025, 23:01 Perfektn\u011b sed\u00ed odst\u00edn.V\u00fdrazn\u011b metalick\u00fd po p\u0159elakov\u00e1n\u00ed bezbarv\u00fdm lakem.Rychl\u00e9 schnut\u00ed.Skv\u011bl\u00fd aplik\u00e1tor a tvar rozst\u0159iku. v\u00edce Perfektn\u011b sed\u00ed odst\u00edn.V\u00fdrazn\u011b metalick\u00fd po p\u0159elakov\u00e1n\u00ed bezbarv\u00fdm lakem.Rychl\u00e9 schnut\u00ed.Skv\u011bl\u00fd aplik\u00e1tor a tvar rozst\u0159iku. IPA i [&hellip;]\" \/>\n<meta property=\"og:url\" content=\"https:\/\/www.technodompro.com\/index.php\/produkt\/znackovy-autolak-ve-spreji-hyundai-400ml-span-class-small-color-gray-text-muted-hyundai-h5-brown-span-68762\/\" \/>\n<meta property=\"og:site_name\" content=\"Modern\u00ed koupelny &amp; sanita a interi\u00e9rov\u00e9 vybaven\u00ed pro v\u00e1\u0161 domov\" \/>\n<meta property=\"og:image\" content=\"https:\/\/www.technodompro.com\/wp-content\/uploads\/2026\/SK0057728-CZ20260425-092133-0-1777080118-1df43bf480953178ee0d2dfe466459c0-hyundai-logo-0.webp\" \/>\n\t<meta property=\"og:image:width\" content=\"1000\" \/>\n\t<meta property=\"og:image:height\" content=\"614\" \/>\n\t<meta property=\"og:image:type\" content=\"image\/webp\" \/>\n<meta name=\"twitter:card\" content=\"summary_large_image\" \/>\n<script type=\"application\/ld+json\" class=\"yoast-schema-graph\">{\"@context\":\"https:\/\/schema.org\",\"@graph\":[{\"@type\":\"WebPage\",\"@id\":\"https:\/\/www.technodompro.com\/index.php\/produkt\/znackovy-autolak-ve-spreji-hyundai-400ml-span-class-small-color-gray-text-muted-hyundai-h5-brown-span-68762\/\",\"url\":\"https:\/\/www.technodompro.com\/index.php\/produkt\/znackovy-autolak-ve-spreji-hyundai-400ml-span-class-small-color-gray-text-muted-hyundai-h5-brown-span-68762\/\",\"name\":\"Zna\u010dkov\u00fd Autolak ve spreji Hyundai 400ml - Hyundai: H5 BROWN - Modern\u00ed koupelny &amp; sanita a interi\u00e9rov\u00e9 vybaven\u00ed pro v\u00e1\u0161 domov\",\"isPartOf\":{\"@id\":\"https:\/\/www.technodompro.com\/#website\"},\"primaryImageOfPage\":{\"@id\":\"https:\/\/www.technodompro.com\/index.php\/produkt\/znackovy-autolak-ve-spreji-hyundai-400ml-span-class-small-color-gray-text-muted-hyundai-h5-brown-span-68762\/#primaryimage\"},\"image\":{\"@id\":\"https:\/\/www.technodompro.com\/index.php\/produkt\/znackovy-autolak-ve-spreji-hyundai-400ml-span-class-small-color-gray-text-muted-hyundai-h5-brown-span-68762\/#primaryimage\"},\"thumbnailUrl\":\"https:\/\/www.technodompro.com\/wp-content\/uploads\/2026\/SK0057728-CZ20260425-092133-0-1777080118-1df43bf480953178ee0d2dfe466459c0-hyundai-logo-0.webp\",\"datePublished\":\"2026-04-27T04:43:39+00:00\",\"breadcrumb\":{\"@id\":\"https:\/\/www.technodompro.com\/index.php\/produkt\/znackovy-autolak-ve-spreji-hyundai-400ml-span-class-small-color-gray-text-muted-hyundai-h5-brown-span-68762\/#breadcrumb\"},\"inLanguage\":\"cs\",\"potentialAction\":[{\"@type\":\"ReadAction\",\"target\":[\"https:\/\/www.technodompro.com\/index.php\/produkt\/znackovy-autolak-ve-spreji-hyundai-400ml-span-class-small-color-gray-text-muted-hyundai-h5-brown-span-68762\/\"]}]},{\"@type\":\"ImageObject\",\"inLanguage\":\"cs\",\"@id\":\"https:\/\/www.technodompro.com\/index.php\/produkt\/znackovy-autolak-ve-spreji-hyundai-400ml-span-class-small-color-gray-text-muted-hyundai-h5-brown-span-68762\/#primaryimage\",\"url\":\"https:\/\/www.technodompro.com\/wp-content\/uploads\/2026\/SK0057728-CZ20260425-092133-0-1777080118-1df43bf480953178ee0d2dfe466459c0-hyundai-logo-0.webp\",\"contentUrl\":\"https:\/\/www.technodompro.com\/wp-content\/uploads\/2026\/SK0057728-CZ20260425-092133-0-1777080118-1df43bf480953178ee0d2dfe466459c0-hyundai-logo-0.webp\",\"width\":1000,\"height\":614},{\"@type\":\"BreadcrumbList\",\"@id\":\"https:\/\/www.technodompro.com\/index.php\/produkt\/znackovy-autolak-ve-spreji-hyundai-400ml-span-class-small-color-gray-text-muted-hyundai-h5-brown-span-68762\/#breadcrumb\",\"itemListElement\":[{\"@type\":\"ListItem\",\"position\":1,\"name\":\"Home\",\"item\":\"https:\/\/www.technodompro.com\/\"},{\"@type\":\"ListItem\",\"position\":2,\"name\":\"Products\",\"item\":\"https:\/\/www.technodompro.com\/products\/\"},{\"@type\":\"ListItem\",\"position\":3,\"name\":\"Zna\u010dkov\u00fd Autolak ve spreji Hyundai 400ml &#8211; Hyundai: H5 BROWN\"}]},{\"@type\":\"WebSite\",\"@id\":\"https:\/\/www.technodompro.com\/#website\",\"url\":\"https:\/\/www.technodompro.com\/\",\"name\":\"Modern\u00ed koupelny &amp; sanita a interi\u00e9rov\u00e9 vybaven\u00ed pro v\u00e1\u0161 domov\",\"description\":\"Modern\u00ed koupelny &amp; sanita a interi\u00e9rov\u00e9 vybaven\u00ed pro v\u00e1\u0161 domov\",\"publisher\":{\"@id\":\"https:\/\/www.technodompro.com\/#organization\"},\"potentialAction\":[{\"@type\":\"SearchAction\",\"target\":{\"@type\":\"EntryPoint\",\"urlTemplate\":\"https:\/\/www.technodompro.com\/?s={search_term_string}\"},\"query-input\":{\"@type\":\"PropertyValueSpecification\",\"valueRequired\":true,\"valueName\":\"search_term_string\"}}],\"inLanguage\":\"cs\"},{\"@type\":\"Organization\",\"@id\":\"https:\/\/www.technodompro.com\/#organization\",\"name\":\"Modern\u00ed koupelny &amp; sanita a interi\u00e9rov\u00e9 vybaven\u00ed pro v\u00e1\u0161 domov\",\"url\":\"https:\/\/www.technodompro.com\/\",\"logo\":{\"@type\":\"ImageObject\",\"inLanguage\":\"cs\",\"@id\":\"https:\/\/www.technodompro.com\/#\/schema\/logo\/image\/\",\"url\":\"https:\/\/www.technodompro.com\/wp-content\/uploads\/2026\/04\/technodompro_logo.svg\",\"contentUrl\":\"https:\/\/www.technodompro.com\/wp-content\/uploads\/2026\/04\/technodompro_logo.svg\",\"width\":760,\"height\":180,\"caption\":\"Modern\u00ed koupelny &amp; sanita a interi\u00e9rov\u00e9 vybaven\u00ed pro v\u00e1\u0161 domov\"},\"image\":{\"@id\":\"https:\/\/www.technodompro.com\/#\/schema\/logo\/image\/\"}}]}<\/script>\n<!-- \/ Yoast SEO plugin. -->","yoast_head_json":{"title":"Zna\u010dkov\u00fd Autolak ve spreji Hyundai 400ml - Hyundai: H5 BROWN - Modern\u00ed koupelny &amp; sanita a interi\u00e9rov\u00e9 vybaven\u00ed pro v\u00e1\u0161 domov","robots":{"index":"index","follow":"follow","max-snippet":"max-snippet:-1","max-image-preview":"max-image-preview:large","max-video-preview":"max-video-preview:-1"},"canonical":"https:\/\/www.technodompro.com\/index.php\/produkt\/znackovy-autolak-ve-spreji-hyundai-400ml-span-class-small-color-gray-text-muted-hyundai-h5-brown-span-68762\/","og_locale":"cs_CZ","og_type":"article","og_title":"Zna\u010dkov\u00fd Autolak ve spreji Hyundai 400ml - Hyundai: H5 BROWN - Modern\u00ed koupelny &amp; sanita a interi\u00e9rov\u00e9 vybaven\u00ed pro v\u00e1\u0161 domov","og_description":"Popis Recenze 1 Diskuse M\u00e1te dotaz? Obsah spreje &#8211; 400ml Metalick\u00e9 i nemetalick\u00e9 odst\u00edny Metalick\u00e9 odst\u00edny je t\u0159eba p\u0159est\u0159\u00edkat bezbarv\u00fdm lakem Martin Mou\u010dka24. 10. 2025, 23:01 Perfektn\u011b sed\u00ed odst\u00edn.V\u00fdrazn\u011b metalick\u00fd po p\u0159elakov\u00e1n\u00ed bezbarv\u00fdm lakem.Rychl\u00e9 schnut\u00ed.Skv\u011bl\u00fd aplik\u00e1tor a tvar rozst\u0159iku. v\u00edce Perfektn\u011b sed\u00ed odst\u00edn.V\u00fdrazn\u011b metalick\u00fd po p\u0159elakov\u00e1n\u00ed bezbarv\u00fdm lakem.Rychl\u00e9 schnut\u00ed.Skv\u011bl\u00fd aplik\u00e1tor a tvar rozst\u0159iku. IPA i [&hellip;]","og_url":"https:\/\/www.technodompro.com\/index.php\/produkt\/znackovy-autolak-ve-spreji-hyundai-400ml-span-class-small-color-gray-text-muted-hyundai-h5-brown-span-68762\/","og_site_name":"Modern\u00ed koupelny &amp; sanita a interi\u00e9rov\u00e9 vybaven\u00ed pro v\u00e1\u0161 domov","og_image":[{"width":1000,"height":614,"url":"https:\/\/www.technodompro.com\/wp-content\/uploads\/2026\/SK0057728-CZ20260425-092133-0-1777080118-1df43bf480953178ee0d2dfe466459c0-hyundai-logo-0.webp","type":"image\/webp"}],"twitter_card":"summary_large_image","schema":{"@context":"https:\/\/schema.org","@graph":[{"@type":"WebPage","@id":"https:\/\/www.technodompro.com\/index.php\/produkt\/znackovy-autolak-ve-spreji-hyundai-400ml-span-class-small-color-gray-text-muted-hyundai-h5-brown-span-68762\/","url":"https:\/\/www.technodompro.com\/index.php\/produkt\/znackovy-autolak-ve-spreji-hyundai-400ml-span-class-small-color-gray-text-muted-hyundai-h5-brown-span-68762\/","name":"Zna\u010dkov\u00fd Autolak ve spreji Hyundai 400ml - Hyundai: H5 BROWN - Modern\u00ed koupelny &amp; sanita a interi\u00e9rov\u00e9 vybaven\u00ed pro v\u00e1\u0161 domov","isPartOf":{"@id":"https:\/\/www.technodompro.com\/#website"},"primaryImageOfPage":{"@id":"https:\/\/www.technodompro.com\/index.php\/produkt\/znackovy-autolak-ve-spreji-hyundai-400ml-span-class-small-color-gray-text-muted-hyundai-h5-brown-span-68762\/#primaryimage"},"image":{"@id":"https:\/\/www.technodompro.com\/index.php\/produkt\/znackovy-autolak-ve-spreji-hyundai-400ml-span-class-small-color-gray-text-muted-hyundai-h5-brown-span-68762\/#primaryimage"},"thumbnailUrl":"https:\/\/www.technodompro.com\/wp-content\/uploads\/2026\/SK0057728-CZ20260425-092133-0-1777080118-1df43bf480953178ee0d2dfe466459c0-hyundai-logo-0.webp","datePublished":"2026-04-27T04:43:39+00:00","breadcrumb":{"@id":"https:\/\/www.technodompro.com\/index.php\/produkt\/znackovy-autolak-ve-spreji-hyundai-400ml-span-class-small-color-gray-text-muted-hyundai-h5-brown-span-68762\/#breadcrumb"},"inLanguage":"cs","potentialAction":[{"@type":"ReadAction","target":["https:\/\/www.technodompro.com\/index.php\/produkt\/znackovy-autolak-ve-spreji-hyundai-400ml-span-class-small-color-gray-text-muted-hyundai-h5-brown-span-68762\/"]}]},{"@type":"ImageObject","inLanguage":"cs","@id":"https:\/\/www.technodompro.com\/index.php\/produkt\/znackovy-autolak-ve-spreji-hyundai-400ml-span-class-small-color-gray-text-muted-hyundai-h5-brown-span-68762\/#primaryimage","url":"https:\/\/www.technodompro.com\/wp-content\/uploads\/2026\/SK0057728-CZ20260425-092133-0-1777080118-1df43bf480953178ee0d2dfe466459c0-hyundai-logo-0.webp","contentUrl":"https:\/\/www.technodompro.com\/wp-content\/uploads\/2026\/SK0057728-CZ20260425-092133-0-1777080118-1df43bf480953178ee0d2dfe466459c0-hyundai-logo-0.webp","width":1000,"height":614},{"@type":"BreadcrumbList","@id":"https:\/\/www.technodompro.com\/index.php\/produkt\/znackovy-autolak-ve-spreji-hyundai-400ml-span-class-small-color-gray-text-muted-hyundai-h5-brown-span-68762\/#breadcrumb","itemListElement":[{"@type":"ListItem","position":1,"name":"Home","item":"https:\/\/www.technodompro.com\/"},{"@type":"ListItem","position":2,"name":"Products","item":"https:\/\/www.technodompro.com\/products\/"},{"@type":"ListItem","position":3,"name":"Zna\u010dkov\u00fd Autolak ve spreji Hyundai 400ml &#8211; Hyundai: H5 BROWN"}]},{"@type":"WebSite","@id":"https:\/\/www.technodompro.com\/#website","url":"https:\/\/www.technodompro.com\/","name":"Modern\u00ed koupelny &amp; sanita a interi\u00e9rov\u00e9 vybaven\u00ed pro v\u00e1\u0161 domov","description":"Modern\u00ed koupelny &amp; sanita a interi\u00e9rov\u00e9 vybaven\u00ed pro v\u00e1\u0161 domov","publisher":{"@id":"https:\/\/www.technodompro.com\/#organization"},"potentialAction":[{"@type":"SearchAction","target":{"@type":"EntryPoint","urlTemplate":"https:\/\/www.technodompro.com\/?s={search_term_string}"},"query-input":{"@type":"PropertyValueSpecification","valueRequired":true,"valueName":"search_term_string"}}],"inLanguage":"cs"},{"@type":"Organization","@id":"https:\/\/www.technodompro.com\/#organization","name":"Modern\u00ed koupelny &amp; sanita a interi\u00e9rov\u00e9 vybaven\u00ed pro v\u00e1\u0161 domov","url":"https:\/\/www.technodompro.com\/","logo":{"@type":"ImageObject","inLanguage":"cs","@id":"https:\/\/www.technodompro.com\/#\/schema\/logo\/image\/","url":"https:\/\/www.technodompro.com\/wp-content\/uploads\/2026\/04\/technodompro_logo.svg","contentUrl":"https:\/\/www.technodompro.com\/wp-content\/uploads\/2026\/04\/technodompro_logo.svg","width":760,"height":180,"caption":"Modern\u00ed koupelny &amp; sanita a interi\u00e9rov\u00e9 vybaven\u00ed pro v\u00e1\u0161 domov"},"image":{"@id":"https:\/\/www.technodompro.com\/#\/schema\/logo\/image\/"}}]}},"_links":{"self":[{"href":"https:\/\/www.technodompro.com\/wp-json\/wp\/v2\/product\/68762","targetHints":{"allow":["GET"]}}],"collection":[{"href":"https:\/\/www.technodompro.com\/wp-json\/wp\/v2\/product"}],"about":[{"href":"https:\/\/www.technodompro.com\/wp-json\/wp\/v2\/types\/product"}],"wp:featuredmedia":[{"embeddable":true,"href":"https:\/\/www.technodompro.com\/wp-json\/wp\/v2\/media\/68862"}],"wp:attachment":[{"href":"https:\/\/www.technodompro.com\/wp-json\/wp\/v2\/media?parent=68762"}],"wp:term":[{"taxonomy":"product_brand","embeddable":true,"href":"https:\/\/www.technodompro.com\/wp-json\/wp\/v2\/product_brand?post=68762"},{"taxonomy":"product_cat","embeddable":true,"href":"https:\/\/www.technodompro.com\/wp-json\/wp\/v2\/product_cat?post=68762"},{"taxonomy":"product_tag","embeddable":true,"href":"https:\/\/www.technodompro.com\/wp-json\/wp\/v2\/product_tag?post=68762"}],"curies":[{"name":"wp","href":"https:\/\/api.w.org\/{rel}","templated":true}]}}