{"id":70755,"date":"2026-04-27T04:43:45","date_gmt":"2026-04-27T04:43:45","guid":{"rendered":""},"modified":"2026-04-27T04:43:45","modified_gmt":"2026-04-27T04:43:45","slug":"znackovy-proxxon-24062-nozova-hlava-pd-250-e-pd-400-70755","status":"publish","type":"product","link":"https:\/\/www.technodompro.com\/index.php\/produkt\/znackovy-proxxon-24062-nozova-hlava-pd-250-e-pd-400-70755\/","title":{"rendered":"Zna\u010dkov\u00fd PROXXON 24062 No\u017eov\u00e1 hlava (PD 250\/E,PD 400)"},"content":{"rendered":"<table>\n<div class=\"tab-pane active product-description\" id=\"popis\" role=\"tabpanel\">\n<div class=\"short-description\" itemprop=\"description\"><\/div>\n<div class=\"description\"><span class='bullet-line'>N\u00e1stavec na \u0159ez\u00e1n\u00ed r\u00e1diusu pro FD150,PD230,PD250,PD400<br \/><\/span><span class='bullet-line'>P\u0159\u00edslu\u0161enstv\u00ed pro soustruh PD 230\/E, PD 250\/E a PD 400<br \/><\/span><span class='bullet-line'>Upev\u0148uje se nam\u00edsto no\u017eov\u00e9ho dr\u017e\u00e1ku suportu. Na opracov\u00e1n\u00ed obl\u00fdch tvar\u016f.\u00a0Umo\u017e\u0148uje soustru\u017een\u00ed \u00fahl\u016f nebo\u00a0\u010d\u00e1st\u00ed kulovit\u00fdch tvar\u016f do \u00d8 max. 32 mm.<br \/><\/span><span class='bullet-line'>V\u00fd\u0161kov\u011b nastaviteln\u00fd dr\u017e\u00e1k n\u00e1stroj\u016f (hrot vyvrt\u00e1vac\u00edho n\u00e1stroje nastaviteln\u00fd od 30 do 45 mm nad k\u0159\u00ed\u017eov\u00fdm posuvem) pro pou\u017eit\u00ed se soustruhy FD 150 \/ E, PD 250 \/ E, PD 400 a star\u0161\u00edmi p\u0159\u00edstroji PROXXON.<br \/><\/span> <br \/> \u25bc Balen\u00ed obsahuje \u25bc<span class='bullet-line'>Kompletn\u00ed sada nat\u00e1\u010dec\u00ed hlavy a 1ks soustru\u017enick\u00e9ho no\u017ee 8 x 8 x 80 mm. Baleno v d\u0159ev\u011bn\u00e9 krabi\u010dce.<\/span><\/div>\n<div class=\"parameters\">\n<tr>\n<td>Rozm\u011bry<\/td>\n<td>z\u00e1kladn\u00ed deska<\/td>\n<\/tr>\n<tr>\n<td>Soustru\u017enick\u00fd n\u016f\u017e<\/td>\n<td>8 x 8 x 80 mm<\/td>\n<\/tr><\/div>\n<\/table>\n","protected":false},"excerpt":{"rendered":"<p>N\u00e1stavec na \u0159ez\u00e1n\u00ed r\u00e1diusu pro FD150,PD230,PD250,PD400P\u0159\u00edslu\u0161enstv\u00ed pro soustruh PD 230\/E, PD 250\/E a PD 400Upev\u0148uje se nam\u00edsto no\u017eov\u00e9ho dr\u017e\u00e1ku suportu. Na opracov\u00e1n\u00ed obl\u00fdch tvar\u016f.\u00a0Umo\u017e\u0148uje soustru\u017een\u00ed \u00fahl\u016f nebo\u00a0\u010d\u00e1st\u00ed kulovit\u00fdch tvar\u016f do \u00d8 max. 32 mm.V\u00fd\u0161kov\u011b nastaviteln\u00fd dr\u017e\u00e1k n\u00e1stroj\u016f (hrot vyvrt\u00e1vac\u00edho n\u00e1stroje nastaviteln\u00fd od 30 do 45 mm nad k\u0159\u00ed\u017eov\u00fdm posuvem) pro pou\u017eit\u00ed se soustruhy FD 150 [&hellip;]<\/p>\n","protected":false},"featured_media":70855,"comment_status":"open","ping_status":"open","template":"","meta":[],"product_brand":[],"product_cat":[49],"product_tag":[],"class_list":{"0":"post-70755","1":"product","2":"type-product","3":"status-publish","4":"has-post-thumbnail","6":"product_cat-stroje","8":"first","9":"instock","10":"sale","11":"shipping-taxable","12":"purchasable","13":"product-type-simple"},"yoast_head":"<!-- This site is optimized with the Yoast SEO plugin v26.8 - https:\/\/yoast.com\/product\/yoast-seo-wordpress\/ -->\n<title>Zna\u010dkov\u00fd PROXXON 24062 No\u017eov\u00e1 hlava (PD 250\/E,PD 400) -<\/title>\n<meta name=\"robots\" content=\"index, follow, max-snippet:-1, max-image-preview:large, max-video-preview:-1\" \/>\n<link rel=\"canonical\" href=\"https:\/\/www.technodompro.com\/index.php\/produkt\/znackovy-proxxon-24062-nozova-hlava-pd-250-e-pd-400-70755\/\" \/>\n<meta property=\"og:locale\" content=\"cs_CZ\" \/>\n<meta property=\"og:type\" content=\"article\" \/>\n<meta property=\"og:title\" content=\"Zna\u010dkov\u00fd PROXXON 24062 No\u017eov\u00e1 hlava (PD 250\/E,PD 400) -\" \/>\n<meta property=\"og:description\" content=\"N\u00e1stavec na \u0159ez\u00e1n\u00ed r\u00e1diusu pro FD150,PD230,PD250,PD400P\u0159\u00edslu\u0161enstv\u00ed pro soustruh PD 230\/E, PD 250\/E a PD 400Upev\u0148uje se nam\u00edsto no\u017eov\u00e9ho dr\u017e\u00e1ku suportu. Na opracov\u00e1n\u00ed obl\u00fdch tvar\u016f.\u00a0Umo\u017e\u0148uje soustru\u017een\u00ed \u00fahl\u016f nebo\u00a0\u010d\u00e1st\u00ed kulovit\u00fdch tvar\u016f do \u00d8 max. 32 mm.V\u00fd\u0161kov\u011b nastaviteln\u00fd dr\u017e\u00e1k n\u00e1stroj\u016f (hrot vyvrt\u00e1vac\u00edho n\u00e1stroje nastaviteln\u00fd od 30 do 45 mm nad k\u0159\u00ed\u017eov\u00fdm posuvem) pro pou\u017eit\u00ed se soustruhy FD 150 [&hellip;]\" \/>\n<meta property=\"og:url\" content=\"https:\/\/www.technodompro.com\/index.php\/produkt\/znackovy-proxxon-24062-nozova-hlava-pd-250-e-pd-400-70755\/\" \/>\n<meta property=\"og:image\" content=\"https:\/\/www.technodompro.com\/wp-content\/uploads\/2026\/SK0016974-CZ20260425-092328-0-1777080210-206112-1_114101.webp\" \/>\n\t<meta property=\"og:image:width\" content=\"999\" \/>\n\t<meta property=\"og:image:height\" content=\"671\" \/>\n\t<meta property=\"og:image:type\" content=\"image\/webp\" \/>\n<meta name=\"twitter:card\" content=\"summary_large_image\" \/>\n<meta name=\"twitter:label1\" content=\"Odhadovan\u00e1 doba \u010dten\u00ed\" \/>\n\t<meta name=\"twitter:data1\" content=\"1 minuta\" \/>\n<script type=\"application\/ld+json\" class=\"yoast-schema-graph\">{\"@context\":\"https:\/\/schema.org\",\"@graph\":[{\"@type\":\"WebPage\",\"@id\":\"https:\/\/www.technodompro.com\/index.php\/produkt\/znackovy-proxxon-24062-nozova-hlava-pd-250-e-pd-400-70755\/\",\"url\":\"https:\/\/www.technodompro.com\/index.php\/produkt\/znackovy-proxxon-24062-nozova-hlava-pd-250-e-pd-400-70755\/\",\"name\":\"Zna\u010dkov\u00fd PROXXON 24062 No\u017eov\u00e1 hlava (PD 250\/E,PD 400) -\",\"isPartOf\":{\"@id\":\"https:\/\/www.technodompro.com\/#website\"},\"primaryImageOfPage\":{\"@id\":\"https:\/\/www.technodompro.com\/index.php\/produkt\/znackovy-proxxon-24062-nozova-hlava-pd-250-e-pd-400-70755\/#primaryimage\"},\"image\":{\"@id\":\"https:\/\/www.technodompro.com\/index.php\/produkt\/znackovy-proxxon-24062-nozova-hlava-pd-250-e-pd-400-70755\/#primaryimage\"},\"thumbnailUrl\":\"https:\/\/www.technodompro.com\/wp-content\/uploads\/2026\/SK0016974-CZ20260425-092328-0-1777080210-206112-1_114101.webp\",\"datePublished\":\"2026-04-27T04:43:45+00:00\",\"breadcrumb\":{\"@id\":\"https:\/\/www.technodompro.com\/index.php\/produkt\/znackovy-proxxon-24062-nozova-hlava-pd-250-e-pd-400-70755\/#breadcrumb\"},\"inLanguage\":\"cs\",\"potentialAction\":[{\"@type\":\"ReadAction\",\"target\":[\"https:\/\/www.technodompro.com\/index.php\/produkt\/znackovy-proxxon-24062-nozova-hlava-pd-250-e-pd-400-70755\/\"]}]},{\"@type\":\"ImageObject\",\"inLanguage\":\"cs\",\"@id\":\"https:\/\/www.technodompro.com\/index.php\/produkt\/znackovy-proxxon-24062-nozova-hlava-pd-250-e-pd-400-70755\/#primaryimage\",\"url\":\"https:\/\/www.technodompro.com\/wp-content\/uploads\/2026\/SK0016974-CZ20260425-092328-0-1777080210-206112-1_114101.webp\",\"contentUrl\":\"https:\/\/www.technodompro.com\/wp-content\/uploads\/2026\/SK0016974-CZ20260425-092328-0-1777080210-206112-1_114101.webp\",\"width\":999,\"height\":671},{\"@type\":\"BreadcrumbList\",\"@id\":\"https:\/\/www.technodompro.com\/index.php\/produkt\/znackovy-proxxon-24062-nozova-hlava-pd-250-e-pd-400-70755\/#breadcrumb\",\"itemListElement\":[{\"@type\":\"ListItem\",\"position\":1,\"name\":\"Home\",\"item\":\"https:\/\/www.technodompro.com\/\"},{\"@type\":\"ListItem\",\"position\":2,\"name\":\"Products\",\"item\":\"https:\/\/www.technodompro.com\/index.php\/products\/\"},{\"@type\":\"ListItem\",\"position\":3,\"name\":\"Zna\u010dkov\u00fd PROXXON 24062 No\u017eov\u00e1 hlava (PD 250\/E,PD 400)\"}]},{\"@type\":\"WebSite\",\"@id\":\"https:\/\/www.technodompro.com\/#website\",\"url\":\"https:\/\/www.technodompro.com\/\",\"name\":\"\",\"description\":\"\",\"potentialAction\":[{\"@type\":\"SearchAction\",\"target\":{\"@type\":\"EntryPoint\",\"urlTemplate\":\"https:\/\/www.technodompro.com\/?s={search_term_string}\"},\"query-input\":{\"@type\":\"PropertyValueSpecification\",\"valueRequired\":true,\"valueName\":\"search_term_string\"}}],\"inLanguage\":\"cs\"}]}<\/script>\n<!-- \/ Yoast SEO plugin. -->","yoast_head_json":{"title":"Zna\u010dkov\u00fd PROXXON 24062 No\u017eov\u00e1 hlava (PD 250\/E,PD 400) -","robots":{"index":"index","follow":"follow","max-snippet":"max-snippet:-1","max-image-preview":"max-image-preview:large","max-video-preview":"max-video-preview:-1"},"canonical":"https:\/\/www.technodompro.com\/index.php\/produkt\/znackovy-proxxon-24062-nozova-hlava-pd-250-e-pd-400-70755\/","og_locale":"cs_CZ","og_type":"article","og_title":"Zna\u010dkov\u00fd PROXXON 24062 No\u017eov\u00e1 hlava (PD 250\/E,PD 400) -","og_description":"N\u00e1stavec na \u0159ez\u00e1n\u00ed r\u00e1diusu pro FD150,PD230,PD250,PD400P\u0159\u00edslu\u0161enstv\u00ed pro soustruh PD 230\/E, PD 250\/E a PD 400Upev\u0148uje se nam\u00edsto no\u017eov\u00e9ho dr\u017e\u00e1ku suportu. Na opracov\u00e1n\u00ed obl\u00fdch tvar\u016f.\u00a0Umo\u017e\u0148uje soustru\u017een\u00ed \u00fahl\u016f nebo\u00a0\u010d\u00e1st\u00ed kulovit\u00fdch tvar\u016f do \u00d8 max. 32 mm.V\u00fd\u0161kov\u011b nastaviteln\u00fd dr\u017e\u00e1k n\u00e1stroj\u016f (hrot vyvrt\u00e1vac\u00edho n\u00e1stroje nastaviteln\u00fd od 30 do 45 mm nad k\u0159\u00ed\u017eov\u00fdm posuvem) pro pou\u017eit\u00ed se soustruhy FD 150 [&hellip;]","og_url":"https:\/\/www.technodompro.com\/index.php\/produkt\/znackovy-proxxon-24062-nozova-hlava-pd-250-e-pd-400-70755\/","og_image":[{"width":999,"height":671,"url":"https:\/\/www.technodompro.com\/wp-content\/uploads\/2026\/SK0016974-CZ20260425-092328-0-1777080210-206112-1_114101.webp","type":"image\/webp"}],"twitter_card":"summary_large_image","twitter_misc":{"Odhadovan\u00e1 doba \u010dten\u00ed":"1 minuta"},"schema":{"@context":"https:\/\/schema.org","@graph":[{"@type":"WebPage","@id":"https:\/\/www.technodompro.com\/index.php\/produkt\/znackovy-proxxon-24062-nozova-hlava-pd-250-e-pd-400-70755\/","url":"https:\/\/www.technodompro.com\/index.php\/produkt\/znackovy-proxxon-24062-nozova-hlava-pd-250-e-pd-400-70755\/","name":"Zna\u010dkov\u00fd PROXXON 24062 No\u017eov\u00e1 hlava (PD 250\/E,PD 400) -","isPartOf":{"@id":"https:\/\/www.technodompro.com\/#website"},"primaryImageOfPage":{"@id":"https:\/\/www.technodompro.com\/index.php\/produkt\/znackovy-proxxon-24062-nozova-hlava-pd-250-e-pd-400-70755\/#primaryimage"},"image":{"@id":"https:\/\/www.technodompro.com\/index.php\/produkt\/znackovy-proxxon-24062-nozova-hlava-pd-250-e-pd-400-70755\/#primaryimage"},"thumbnailUrl":"https:\/\/www.technodompro.com\/wp-content\/uploads\/2026\/SK0016974-CZ20260425-092328-0-1777080210-206112-1_114101.webp","datePublished":"2026-04-27T04:43:45+00:00","breadcrumb":{"@id":"https:\/\/www.technodompro.com\/index.php\/produkt\/znackovy-proxxon-24062-nozova-hlava-pd-250-e-pd-400-70755\/#breadcrumb"},"inLanguage":"cs","potentialAction":[{"@type":"ReadAction","target":["https:\/\/www.technodompro.com\/index.php\/produkt\/znackovy-proxxon-24062-nozova-hlava-pd-250-e-pd-400-70755\/"]}]},{"@type":"ImageObject","inLanguage":"cs","@id":"https:\/\/www.technodompro.com\/index.php\/produkt\/znackovy-proxxon-24062-nozova-hlava-pd-250-e-pd-400-70755\/#primaryimage","url":"https:\/\/www.technodompro.com\/wp-content\/uploads\/2026\/SK0016974-CZ20260425-092328-0-1777080210-206112-1_114101.webp","contentUrl":"https:\/\/www.technodompro.com\/wp-content\/uploads\/2026\/SK0016974-CZ20260425-092328-0-1777080210-206112-1_114101.webp","width":999,"height":671},{"@type":"BreadcrumbList","@id":"https:\/\/www.technodompro.com\/index.php\/produkt\/znackovy-proxxon-24062-nozova-hlava-pd-250-e-pd-400-70755\/#breadcrumb","itemListElement":[{"@type":"ListItem","position":1,"name":"Home","item":"https:\/\/www.technodompro.com\/"},{"@type":"ListItem","position":2,"name":"Products","item":"https:\/\/www.technodompro.com\/index.php\/products\/"},{"@type":"ListItem","position":3,"name":"Zna\u010dkov\u00fd PROXXON 24062 No\u017eov\u00e1 hlava (PD 250\/E,PD 400)"}]},{"@type":"WebSite","@id":"https:\/\/www.technodompro.com\/#website","url":"https:\/\/www.technodompro.com\/","name":"","description":"","potentialAction":[{"@type":"SearchAction","target":{"@type":"EntryPoint","urlTemplate":"https:\/\/www.technodompro.com\/?s={search_term_string}"},"query-input":{"@type":"PropertyValueSpecification","valueRequired":true,"valueName":"search_term_string"}}],"inLanguage":"cs"}]}},"_links":{"self":[{"href":"https:\/\/www.technodompro.com\/index.php\/wp-json\/wp\/v2\/product\/70755","targetHints":{"allow":["GET"]}}],"collection":[{"href":"https:\/\/www.technodompro.com\/index.php\/wp-json\/wp\/v2\/product"}],"about":[{"href":"https:\/\/www.technodompro.com\/index.php\/wp-json\/wp\/v2\/types\/product"}],"replies":[{"embeddable":true,"href":"https:\/\/www.technodompro.com\/index.php\/wp-json\/wp\/v2\/comments?post=70755"}],"wp:featuredmedia":[{"embeddable":true,"href":"https:\/\/www.technodompro.com\/index.php\/wp-json\/wp\/v2\/media\/70855"}],"wp:attachment":[{"href":"https:\/\/www.technodompro.com\/index.php\/wp-json\/wp\/v2\/media?parent=70755"}],"wp:term":[{"taxonomy":"product_brand","embeddable":true,"href":"https:\/\/www.technodompro.com\/index.php\/wp-json\/wp\/v2\/product_brand?post=70755"},{"taxonomy":"product_cat","embeddable":true,"href":"https:\/\/www.technodompro.com\/index.php\/wp-json\/wp\/v2\/product_cat?post=70755"},{"taxonomy":"product_tag","embeddable":true,"href":"https:\/\/www.technodompro.com\/index.php\/wp-json\/wp\/v2\/product_tag?post=70755"}],"curies":[{"name":"wp","href":"https:\/\/api.w.org\/{rel}","templated":true}]}}