{"id":70956,"date":"2026-04-27T04:43:45","date_gmt":"2026-04-27T04:43:45","guid":{"rendered":""},"modified":"2026-04-27T04:43:45","modified_gmt":"2026-04-27T04:43:45","slug":"znackovy-proxxon-28132-sverak-ms-4-70956","status":"publish","type":"product","link":"https:\/\/www.technodompro.com\/index.php\/produkt\/znackovy-proxxon-28132-sverak-ms-4-70956\/","title":{"rendered":"Zna\u010dkov\u00fd PROXXON 28132 Sv\u011br\u00e1k MS 4"},"content":{"rendered":"<table>\n<div class=\"tab-pane active product-description\" id=\"popis\" role=\"tabpanel\">\n<div class=\"short-description\" itemprop=\"description\"><\/div>\n<div class=\"description\"><span class='bullet-line'>Strojn\u00ed sv\u011br\u00e1k MS 4 <\/span><span class='bullet-line'>Ide\u00e1ln\u00ed dopln\u011bk k vrtac\u00edm stojan\u016fm MB 140\/S a MB 200 nebo pro stoln\u00ed vrta\u010dku TMB220.<\/span><span class='bullet-line'>Vyroben z tlakov\u00e9ho zinkov\u00e9ho odlitku. Se t\u0159emi rovinn\u011b fr\u00e9zovan\u00fdmi dosedac\u00edmi plochami. Svisl\u00e9 a vodorovn\u00e9 prizma na kulat\u00fd materi\u00e1l. \u0160\u00ed\u0159e \u010delist\u00ed 50 mm, v\u00fd\u0161ka \u010delist\u00ed 10 mm, maxim\u00e1ln\u00ed rozsah 34 mm.<\/span><span class='bullet-line'>Dr\u00e1\u017eka k nasazen\u00ed na pod\u00e9ln\u00fd doraz na vrtac\u00ed stojan MB 140\/S a MB 200 nebo pro stoln\u00ed vrta\u010dku TBM 220.<\/span><\/div>\n<\/table>\n","protected":false},"excerpt":{"rendered":"<p>Strojn\u00ed sv\u011br\u00e1k MS 4 Ide\u00e1ln\u00ed dopln\u011bk k vrtac\u00edm stojan\u016fm MB 140\/S a MB 200 nebo pro stoln\u00ed vrta\u010dku TMB220.Vyroben z tlakov\u00e9ho zinkov\u00e9ho odlitku. Se t\u0159emi rovinn\u011b fr\u00e9zovan\u00fdmi dosedac\u00edmi plochami. Svisl\u00e9 a vodorovn\u00e9 prizma na kulat\u00fd materi\u00e1l. \u0160\u00ed\u0159e \u010delist\u00ed 50 mm, v\u00fd\u0161ka \u010delist\u00ed 10 mm, maxim\u00e1ln\u00ed rozsah 34 mm.Dr\u00e1\u017eka k nasazen\u00ed na pod\u00e9ln\u00fd doraz na vrtac\u00ed [&hellip;]<\/p>\n","protected":false},"featured_media":71056,"comment_status":"open","ping_status":"open","template":"","meta":[],"product_brand":[],"product_cat":[46],"product_tag":[],"class_list":{"0":"post-70956","1":"product","2":"type-product","3":"status-publish","4":"has-post-thumbnail","6":"product_cat-dilna","8":"first","9":"instock","10":"sale","11":"shipping-taxable","12":"purchasable","13":"product-type-simple"},"yoast_head":"<!-- This site is optimized with the Yoast SEO plugin v26.8 - https:\/\/yoast.com\/product\/yoast-seo-wordpress\/ -->\n<title>Zna\u010dkov\u00fd PROXXON 28132 Sv\u011br\u00e1k MS 4 -<\/title>\n<meta name=\"robots\" content=\"index, follow, max-snippet:-1, max-image-preview:large, max-video-preview:-1\" \/>\n<link rel=\"canonical\" href=\"https:\/\/www.technodompro.com\/index.php\/produkt\/znackovy-proxxon-28132-sverak-ms-4-70956\/\" \/>\n<meta property=\"og:locale\" content=\"cs_CZ\" \/>\n<meta property=\"og:type\" content=\"article\" \/>\n<meta property=\"og:title\" content=\"Zna\u010dkov\u00fd PROXXON 28132 Sv\u011br\u00e1k MS 4 -\" \/>\n<meta property=\"og:description\" content=\"Strojn\u00ed sv\u011br\u00e1k MS 4 Ide\u00e1ln\u00ed dopln\u011bk k vrtac\u00edm stojan\u016fm MB 140\/S a MB 200 nebo pro stoln\u00ed vrta\u010dku TMB220.Vyroben z tlakov\u00e9ho zinkov\u00e9ho odlitku. Se t\u0159emi rovinn\u011b fr\u00e9zovan\u00fdmi dosedac\u00edmi plochami. Svisl\u00e9 a vodorovn\u00e9 prizma na kulat\u00fd materi\u00e1l. \u0160\u00ed\u0159e \u010delist\u00ed 50 mm, v\u00fd\u0161ka \u010delist\u00ed 10 mm, maxim\u00e1ln\u00ed rozsah 34 mm.Dr\u00e1\u017eka k nasazen\u00ed na pod\u00e9ln\u00fd doraz na vrtac\u00ed [&hellip;]\" \/>\n<meta property=\"og:url\" content=\"https:\/\/www.technodompro.com\/index.php\/produkt\/znackovy-proxxon-28132-sverak-ms-4-70956\/\" \/>\n<meta property=\"og:image\" content=\"https:\/\/www.technodompro.com\/wp-content\/uploads\/2026\/SK0017081-CZ20260425-092328-0-1777080210-206225-1_103855.webp\" \/>\n\t<meta property=\"og:image:width\" content=\"1000\" \/>\n\t<meta property=\"og:image:height\" content=\"790\" \/>\n\t<meta property=\"og:image:type\" content=\"image\/webp\" \/>\n<meta name=\"twitter:card\" content=\"summary_large_image\" \/>\n<script type=\"application\/ld+json\" class=\"yoast-schema-graph\">{\"@context\":\"https:\/\/schema.org\",\"@graph\":[{\"@type\":\"WebPage\",\"@id\":\"https:\/\/www.technodompro.com\/index.php\/produkt\/znackovy-proxxon-28132-sverak-ms-4-70956\/\",\"url\":\"https:\/\/www.technodompro.com\/index.php\/produkt\/znackovy-proxxon-28132-sverak-ms-4-70956\/\",\"name\":\"Zna\u010dkov\u00fd PROXXON 28132 Sv\u011br\u00e1k MS 4 -\",\"isPartOf\":{\"@id\":\"https:\/\/www.technodompro.com\/#website\"},\"primaryImageOfPage\":{\"@id\":\"https:\/\/www.technodompro.com\/index.php\/produkt\/znackovy-proxxon-28132-sverak-ms-4-70956\/#primaryimage\"},\"image\":{\"@id\":\"https:\/\/www.technodompro.com\/index.php\/produkt\/znackovy-proxxon-28132-sverak-ms-4-70956\/#primaryimage\"},\"thumbnailUrl\":\"https:\/\/www.technodompro.com\/wp-content\/uploads\/2026\/SK0017081-CZ20260425-092328-0-1777080210-206225-1_103855.webp\",\"datePublished\":\"2026-04-27T04:43:45+00:00\",\"breadcrumb\":{\"@id\":\"https:\/\/www.technodompro.com\/index.php\/produkt\/znackovy-proxxon-28132-sverak-ms-4-70956\/#breadcrumb\"},\"inLanguage\":\"cs\",\"potentialAction\":[{\"@type\":\"ReadAction\",\"target\":[\"https:\/\/www.technodompro.com\/index.php\/produkt\/znackovy-proxxon-28132-sverak-ms-4-70956\/\"]}]},{\"@type\":\"ImageObject\",\"inLanguage\":\"cs\",\"@id\":\"https:\/\/www.technodompro.com\/index.php\/produkt\/znackovy-proxxon-28132-sverak-ms-4-70956\/#primaryimage\",\"url\":\"https:\/\/www.technodompro.com\/wp-content\/uploads\/2026\/SK0017081-CZ20260425-092328-0-1777080210-206225-1_103855.webp\",\"contentUrl\":\"https:\/\/www.technodompro.com\/wp-content\/uploads\/2026\/SK0017081-CZ20260425-092328-0-1777080210-206225-1_103855.webp\",\"width\":1000,\"height\":790},{\"@type\":\"BreadcrumbList\",\"@id\":\"https:\/\/www.technodompro.com\/index.php\/produkt\/znackovy-proxxon-28132-sverak-ms-4-70956\/#breadcrumb\",\"itemListElement\":[{\"@type\":\"ListItem\",\"position\":1,\"name\":\"Home\",\"item\":\"https:\/\/www.technodompro.com\/\"},{\"@type\":\"ListItem\",\"position\":2,\"name\":\"Products\",\"item\":\"https:\/\/www.technodompro.com\/index.php\/products\/\"},{\"@type\":\"ListItem\",\"position\":3,\"name\":\"Zna\u010dkov\u00fd PROXXON 28132 Sv\u011br\u00e1k MS 4\"}]},{\"@type\":\"WebSite\",\"@id\":\"https:\/\/www.technodompro.com\/#website\",\"url\":\"https:\/\/www.technodompro.com\/\",\"name\":\"\",\"description\":\"\",\"potentialAction\":[{\"@type\":\"SearchAction\",\"target\":{\"@type\":\"EntryPoint\",\"urlTemplate\":\"https:\/\/www.technodompro.com\/?s={search_term_string}\"},\"query-input\":{\"@type\":\"PropertyValueSpecification\",\"valueRequired\":true,\"valueName\":\"search_term_string\"}}],\"inLanguage\":\"cs\"}]}<\/script>\n<!-- \/ Yoast SEO plugin. -->","yoast_head_json":{"title":"Zna\u010dkov\u00fd PROXXON 28132 Sv\u011br\u00e1k MS 4 -","robots":{"index":"index","follow":"follow","max-snippet":"max-snippet:-1","max-image-preview":"max-image-preview:large","max-video-preview":"max-video-preview:-1"},"canonical":"https:\/\/www.technodompro.com\/index.php\/produkt\/znackovy-proxxon-28132-sverak-ms-4-70956\/","og_locale":"cs_CZ","og_type":"article","og_title":"Zna\u010dkov\u00fd PROXXON 28132 Sv\u011br\u00e1k MS 4 -","og_description":"Strojn\u00ed sv\u011br\u00e1k MS 4 Ide\u00e1ln\u00ed dopln\u011bk k vrtac\u00edm stojan\u016fm MB 140\/S a MB 200 nebo pro stoln\u00ed vrta\u010dku TMB220.Vyroben z tlakov\u00e9ho zinkov\u00e9ho odlitku. Se t\u0159emi rovinn\u011b fr\u00e9zovan\u00fdmi dosedac\u00edmi plochami. Svisl\u00e9 a vodorovn\u00e9 prizma na kulat\u00fd materi\u00e1l. \u0160\u00ed\u0159e \u010delist\u00ed 50 mm, v\u00fd\u0161ka \u010delist\u00ed 10 mm, maxim\u00e1ln\u00ed rozsah 34 mm.Dr\u00e1\u017eka k nasazen\u00ed na pod\u00e9ln\u00fd doraz na vrtac\u00ed [&hellip;]","og_url":"https:\/\/www.technodompro.com\/index.php\/produkt\/znackovy-proxxon-28132-sverak-ms-4-70956\/","og_image":[{"width":1000,"height":790,"url":"https:\/\/www.technodompro.com\/wp-content\/uploads\/2026\/SK0017081-CZ20260425-092328-0-1777080210-206225-1_103855.webp","type":"image\/webp"}],"twitter_card":"summary_large_image","schema":{"@context":"https:\/\/schema.org","@graph":[{"@type":"WebPage","@id":"https:\/\/www.technodompro.com\/index.php\/produkt\/znackovy-proxxon-28132-sverak-ms-4-70956\/","url":"https:\/\/www.technodompro.com\/index.php\/produkt\/znackovy-proxxon-28132-sverak-ms-4-70956\/","name":"Zna\u010dkov\u00fd PROXXON 28132 Sv\u011br\u00e1k MS 4 -","isPartOf":{"@id":"https:\/\/www.technodompro.com\/#website"},"primaryImageOfPage":{"@id":"https:\/\/www.technodompro.com\/index.php\/produkt\/znackovy-proxxon-28132-sverak-ms-4-70956\/#primaryimage"},"image":{"@id":"https:\/\/www.technodompro.com\/index.php\/produkt\/znackovy-proxxon-28132-sverak-ms-4-70956\/#primaryimage"},"thumbnailUrl":"https:\/\/www.technodompro.com\/wp-content\/uploads\/2026\/SK0017081-CZ20260425-092328-0-1777080210-206225-1_103855.webp","datePublished":"2026-04-27T04:43:45+00:00","breadcrumb":{"@id":"https:\/\/www.technodompro.com\/index.php\/produkt\/znackovy-proxxon-28132-sverak-ms-4-70956\/#breadcrumb"},"inLanguage":"cs","potentialAction":[{"@type":"ReadAction","target":["https:\/\/www.technodompro.com\/index.php\/produkt\/znackovy-proxxon-28132-sverak-ms-4-70956\/"]}]},{"@type":"ImageObject","inLanguage":"cs","@id":"https:\/\/www.technodompro.com\/index.php\/produkt\/znackovy-proxxon-28132-sverak-ms-4-70956\/#primaryimage","url":"https:\/\/www.technodompro.com\/wp-content\/uploads\/2026\/SK0017081-CZ20260425-092328-0-1777080210-206225-1_103855.webp","contentUrl":"https:\/\/www.technodompro.com\/wp-content\/uploads\/2026\/SK0017081-CZ20260425-092328-0-1777080210-206225-1_103855.webp","width":1000,"height":790},{"@type":"BreadcrumbList","@id":"https:\/\/www.technodompro.com\/index.php\/produkt\/znackovy-proxxon-28132-sverak-ms-4-70956\/#breadcrumb","itemListElement":[{"@type":"ListItem","position":1,"name":"Home","item":"https:\/\/www.technodompro.com\/"},{"@type":"ListItem","position":2,"name":"Products","item":"https:\/\/www.technodompro.com\/index.php\/products\/"},{"@type":"ListItem","position":3,"name":"Zna\u010dkov\u00fd PROXXON 28132 Sv\u011br\u00e1k MS 4"}]},{"@type":"WebSite","@id":"https:\/\/www.technodompro.com\/#website","url":"https:\/\/www.technodompro.com\/","name":"","description":"","potentialAction":[{"@type":"SearchAction","target":{"@type":"EntryPoint","urlTemplate":"https:\/\/www.technodompro.com\/?s={search_term_string}"},"query-input":{"@type":"PropertyValueSpecification","valueRequired":true,"valueName":"search_term_string"}}],"inLanguage":"cs"}]}},"_links":{"self":[{"href":"https:\/\/www.technodompro.com\/index.php\/wp-json\/wp\/v2\/product\/70956","targetHints":{"allow":["GET"]}}],"collection":[{"href":"https:\/\/www.technodompro.com\/index.php\/wp-json\/wp\/v2\/product"}],"about":[{"href":"https:\/\/www.technodompro.com\/index.php\/wp-json\/wp\/v2\/types\/product"}],"replies":[{"embeddable":true,"href":"https:\/\/www.technodompro.com\/index.php\/wp-json\/wp\/v2\/comments?post=70956"}],"wp:featuredmedia":[{"embeddable":true,"href":"https:\/\/www.technodompro.com\/index.php\/wp-json\/wp\/v2\/media\/71056"}],"wp:attachment":[{"href":"https:\/\/www.technodompro.com\/index.php\/wp-json\/wp\/v2\/media?parent=70956"}],"wp:term":[{"taxonomy":"product_brand","embeddable":true,"href":"https:\/\/www.technodompro.com\/index.php\/wp-json\/wp\/v2\/product_brand?post=70956"},{"taxonomy":"product_cat","embeddable":true,"href":"https:\/\/www.technodompro.com\/index.php\/wp-json\/wp\/v2\/product_cat?post=70956"},{"taxonomy":"product_tag","embeddable":true,"href":"https:\/\/www.technodompro.com\/index.php\/wp-json\/wp\/v2\/product_tag?post=70956"}],"curies":[{"name":"wp","href":"https:\/\/api.w.org\/{rel}","templated":true}]}}