{"id":71153,"date":"2026-04-27T04:43:46","date_gmt":"2026-04-27T04:43:46","guid":{"rendered":""},"modified":"2026-04-27T04:43:46","modified_gmt":"2026-04-27T04:43:46","slug":"znackovy-proxxon-28667-brusny-kot-50mm-k400-12ks-71153","status":"publish","type":"product","link":"https:\/\/www.technodompro.com\/index.php\/produkt\/znackovy-proxxon-28667-brusny-kot-50mm-k400-12ks-71153\/","title":{"rendered":"Zna\u010dkov\u00fd PROXXON 28667 Brusn\u00fd kot. 50mm (K400) 12ks"},"content":{"rendered":"<table>\n<div class=\"tab-pane active product-description\" id=\"popis\" role=\"tabpanel\">\n<div class=\"short-description\" itemprop=\"description\"><\/div>\n<div class=\"description\"><span class='bullet-line'>Brusn\u00fd kotou\u010d &#8211; hrubost 400, 12ks<\/span><span class='bullet-line'>P\u0159\u00edslu\u0161enstv\u00ed pro \u00fahlovou le\u0161tic\u00ed brusku WP\/E a WP\/A<\/span><span class='bullet-line'>Brusn\u00fd kotou\u010d velmi jemn\u00fd, hrubost K 400. Z karbidu k\u0159em\u00edku. Pro dokon\u010dovac\u00ed pr\u00e1ce u lakov\u00e1n\u00ed. Ur\u010den\u00e9 pro odstran\u011bn\u00ed lak\u016f a inkluz\u00ed, pro p\u0159ebrou\u0161en\u00ed fin\u00e1ln\u00ed barvy. Se such\u00fdm zipem.<\/span> <\/p>\n<p> \u25bc Balen\u00ed obsahuje \u25bc<span class='bullet-line'>12ks<\/span><\/div>\n<div class=\"parameters\">\n<tr>\n<td>Pr\u016fm\u011br<\/td>\n<td>\u00d8 50 mm<\/td>\n<\/tr><\/div>\n<\/table>\n","protected":false},"excerpt":{"rendered":"<p>Brusn\u00fd kotou\u010d &#8211; hrubost 400, 12ksP\u0159\u00edslu\u0161enstv\u00ed pro \u00fahlovou le\u0161tic\u00ed brusku WP\/E a WP\/ABrusn\u00fd kotou\u010d velmi jemn\u00fd, hrubost K 400. Z karbidu k\u0159em\u00edku. Pro dokon\u010dovac\u00ed pr\u00e1ce u lakov\u00e1n\u00ed. Ur\u010den\u00e9 pro odstran\u011bn\u00ed lak\u016f a inkluz\u00ed, pro p\u0159ebrou\u0161en\u00ed fin\u00e1ln\u00ed barvy. Se such\u00fdm zipem. \u25bc Balen\u00ed obsahuje \u25bc12ks Pr\u016fm\u011br \u00d8 50 mm<\/p>\n","protected":false},"featured_media":71253,"comment_status":"open","ping_status":"open","template":"","meta":[],"product_brand":[],"product_cat":[45],"product_tag":[],"class_list":{"0":"post-71153","1":"product","2":"type-product","3":"status-publish","4":"has-post-thumbnail","6":"product_cat-naradi","8":"first","9":"instock","10":"sale","11":"shipping-taxable","12":"purchasable","13":"product-type-simple"},"yoast_head":"<!-- This site is optimized with the Yoast SEO plugin v26.8 - https:\/\/yoast.com\/product\/yoast-seo-wordpress\/ -->\n<title>Zna\u010dkov\u00fd PROXXON 28667 Brusn\u00fd kot. 50mm (K400) 12ks -<\/title>\n<meta name=\"robots\" content=\"index, follow, max-snippet:-1, max-image-preview:large, max-video-preview:-1\" \/>\n<link rel=\"canonical\" href=\"https:\/\/www.technodompro.com\/index.php\/produkt\/znackovy-proxxon-28667-brusny-kot-50mm-k400-12ks-71153\/\" \/>\n<meta property=\"og:locale\" content=\"cs_CZ\" \/>\n<meta property=\"og:type\" content=\"article\" \/>\n<meta property=\"og:title\" content=\"Zna\u010dkov\u00fd PROXXON 28667 Brusn\u00fd kot. 50mm (K400) 12ks -\" \/>\n<meta property=\"og:description\" content=\"Brusn\u00fd kotou\u010d &#8211; hrubost 400, 12ksP\u0159\u00edslu\u0161enstv\u00ed pro \u00fahlovou le\u0161tic\u00ed brusku WP\/E a WP\/ABrusn\u00fd kotou\u010d velmi jemn\u00fd, hrubost K 400. Z karbidu k\u0159em\u00edku. Pro dokon\u010dovac\u00ed pr\u00e1ce u lakov\u00e1n\u00ed. Ur\u010den\u00e9 pro odstran\u011bn\u00ed lak\u016f a inkluz\u00ed, pro p\u0159ebrou\u0161en\u00ed fin\u00e1ln\u00ed barvy. Se such\u00fdm zipem. \u25bc Balen\u00ed obsahuje \u25bc12ks Pr\u016fm\u011br \u00d8 50 mm\" \/>\n<meta property=\"og:url\" content=\"https:\/\/www.technodompro.com\/index.php\/produkt\/znackovy-proxxon-28667-brusny-kot-50mm-k400-12ks-71153\/\" \/>\n<meta property=\"og:image\" content=\"https:\/\/www.technodompro.com\/wp-content\/uploads\/2026\/SK0017178-CZ20260425-092328-0-1777080210-206331-1_100756.webp\" \/>\n\t<meta property=\"og:image:width\" content=\"591\" \/>\n\t<meta property=\"og:image:height\" content=\"322\" \/>\n\t<meta property=\"og:image:type\" content=\"image\/webp\" \/>\n<meta name=\"twitter:card\" content=\"summary_large_image\" \/>\n<script type=\"application\/ld+json\" class=\"yoast-schema-graph\">{\"@context\":\"https:\/\/schema.org\",\"@graph\":[{\"@type\":\"WebPage\",\"@id\":\"https:\/\/www.technodompro.com\/index.php\/produkt\/znackovy-proxxon-28667-brusny-kot-50mm-k400-12ks-71153\/\",\"url\":\"https:\/\/www.technodompro.com\/index.php\/produkt\/znackovy-proxxon-28667-brusny-kot-50mm-k400-12ks-71153\/\",\"name\":\"Zna\u010dkov\u00fd PROXXON 28667 Brusn\u00fd kot. 50mm (K400) 12ks -\",\"isPartOf\":{\"@id\":\"https:\/\/www.technodompro.com\/#website\"},\"primaryImageOfPage\":{\"@id\":\"https:\/\/www.technodompro.com\/index.php\/produkt\/znackovy-proxxon-28667-brusny-kot-50mm-k400-12ks-71153\/#primaryimage\"},\"image\":{\"@id\":\"https:\/\/www.technodompro.com\/index.php\/produkt\/znackovy-proxxon-28667-brusny-kot-50mm-k400-12ks-71153\/#primaryimage\"},\"thumbnailUrl\":\"https:\/\/www.technodompro.com\/wp-content\/uploads\/2026\/SK0017178-CZ20260425-092328-0-1777080210-206331-1_100756.webp\",\"datePublished\":\"2026-04-27T04:43:46+00:00\",\"breadcrumb\":{\"@id\":\"https:\/\/www.technodompro.com\/index.php\/produkt\/znackovy-proxxon-28667-brusny-kot-50mm-k400-12ks-71153\/#breadcrumb\"},\"inLanguage\":\"cs\",\"potentialAction\":[{\"@type\":\"ReadAction\",\"target\":[\"https:\/\/www.technodompro.com\/index.php\/produkt\/znackovy-proxxon-28667-brusny-kot-50mm-k400-12ks-71153\/\"]}]},{\"@type\":\"ImageObject\",\"inLanguage\":\"cs\",\"@id\":\"https:\/\/www.technodompro.com\/index.php\/produkt\/znackovy-proxxon-28667-brusny-kot-50mm-k400-12ks-71153\/#primaryimage\",\"url\":\"https:\/\/www.technodompro.com\/wp-content\/uploads\/2026\/SK0017178-CZ20260425-092328-0-1777080210-206331-1_100756.webp\",\"contentUrl\":\"https:\/\/www.technodompro.com\/wp-content\/uploads\/2026\/SK0017178-CZ20260425-092328-0-1777080210-206331-1_100756.webp\",\"width\":591,\"height\":322},{\"@type\":\"BreadcrumbList\",\"@id\":\"https:\/\/www.technodompro.com\/index.php\/produkt\/znackovy-proxxon-28667-brusny-kot-50mm-k400-12ks-71153\/#breadcrumb\",\"itemListElement\":[{\"@type\":\"ListItem\",\"position\":1,\"name\":\"Home\",\"item\":\"https:\/\/www.technodompro.com\/\"},{\"@type\":\"ListItem\",\"position\":2,\"name\":\"Products\",\"item\":\"https:\/\/www.technodompro.com\/index.php\/products\/\"},{\"@type\":\"ListItem\",\"position\":3,\"name\":\"Zna\u010dkov\u00fd PROXXON 28667 Brusn\u00fd kot. 50mm (K400) 12ks\"}]},{\"@type\":\"WebSite\",\"@id\":\"https:\/\/www.technodompro.com\/#website\",\"url\":\"https:\/\/www.technodompro.com\/\",\"name\":\"\",\"description\":\"\",\"potentialAction\":[{\"@type\":\"SearchAction\",\"target\":{\"@type\":\"EntryPoint\",\"urlTemplate\":\"https:\/\/www.technodompro.com\/?s={search_term_string}\"},\"query-input\":{\"@type\":\"PropertyValueSpecification\",\"valueRequired\":true,\"valueName\":\"search_term_string\"}}],\"inLanguage\":\"cs\"}]}<\/script>\n<!-- \/ Yoast SEO plugin. -->","yoast_head_json":{"title":"Zna\u010dkov\u00fd PROXXON 28667 Brusn\u00fd kot. 50mm (K400) 12ks -","robots":{"index":"index","follow":"follow","max-snippet":"max-snippet:-1","max-image-preview":"max-image-preview:large","max-video-preview":"max-video-preview:-1"},"canonical":"https:\/\/www.technodompro.com\/index.php\/produkt\/znackovy-proxxon-28667-brusny-kot-50mm-k400-12ks-71153\/","og_locale":"cs_CZ","og_type":"article","og_title":"Zna\u010dkov\u00fd PROXXON 28667 Brusn\u00fd kot. 50mm (K400) 12ks -","og_description":"Brusn\u00fd kotou\u010d &#8211; hrubost 400, 12ksP\u0159\u00edslu\u0161enstv\u00ed pro \u00fahlovou le\u0161tic\u00ed brusku WP\/E a WP\/ABrusn\u00fd kotou\u010d velmi jemn\u00fd, hrubost K 400. Z karbidu k\u0159em\u00edku. Pro dokon\u010dovac\u00ed pr\u00e1ce u lakov\u00e1n\u00ed. Ur\u010den\u00e9 pro odstran\u011bn\u00ed lak\u016f a inkluz\u00ed, pro p\u0159ebrou\u0161en\u00ed fin\u00e1ln\u00ed barvy. Se such\u00fdm zipem. \u25bc Balen\u00ed obsahuje \u25bc12ks Pr\u016fm\u011br \u00d8 50 mm","og_url":"https:\/\/www.technodompro.com\/index.php\/produkt\/znackovy-proxxon-28667-brusny-kot-50mm-k400-12ks-71153\/","og_image":[{"width":591,"height":322,"url":"https:\/\/www.technodompro.com\/wp-content\/uploads\/2026\/SK0017178-CZ20260425-092328-0-1777080210-206331-1_100756.webp","type":"image\/webp"}],"twitter_card":"summary_large_image","schema":{"@context":"https:\/\/schema.org","@graph":[{"@type":"WebPage","@id":"https:\/\/www.technodompro.com\/index.php\/produkt\/znackovy-proxxon-28667-brusny-kot-50mm-k400-12ks-71153\/","url":"https:\/\/www.technodompro.com\/index.php\/produkt\/znackovy-proxxon-28667-brusny-kot-50mm-k400-12ks-71153\/","name":"Zna\u010dkov\u00fd PROXXON 28667 Brusn\u00fd kot. 50mm (K400) 12ks -","isPartOf":{"@id":"https:\/\/www.technodompro.com\/#website"},"primaryImageOfPage":{"@id":"https:\/\/www.technodompro.com\/index.php\/produkt\/znackovy-proxxon-28667-brusny-kot-50mm-k400-12ks-71153\/#primaryimage"},"image":{"@id":"https:\/\/www.technodompro.com\/index.php\/produkt\/znackovy-proxxon-28667-brusny-kot-50mm-k400-12ks-71153\/#primaryimage"},"thumbnailUrl":"https:\/\/www.technodompro.com\/wp-content\/uploads\/2026\/SK0017178-CZ20260425-092328-0-1777080210-206331-1_100756.webp","datePublished":"2026-04-27T04:43:46+00:00","breadcrumb":{"@id":"https:\/\/www.technodompro.com\/index.php\/produkt\/znackovy-proxxon-28667-brusny-kot-50mm-k400-12ks-71153\/#breadcrumb"},"inLanguage":"cs","potentialAction":[{"@type":"ReadAction","target":["https:\/\/www.technodompro.com\/index.php\/produkt\/znackovy-proxxon-28667-brusny-kot-50mm-k400-12ks-71153\/"]}]},{"@type":"ImageObject","inLanguage":"cs","@id":"https:\/\/www.technodompro.com\/index.php\/produkt\/znackovy-proxxon-28667-brusny-kot-50mm-k400-12ks-71153\/#primaryimage","url":"https:\/\/www.technodompro.com\/wp-content\/uploads\/2026\/SK0017178-CZ20260425-092328-0-1777080210-206331-1_100756.webp","contentUrl":"https:\/\/www.technodompro.com\/wp-content\/uploads\/2026\/SK0017178-CZ20260425-092328-0-1777080210-206331-1_100756.webp","width":591,"height":322},{"@type":"BreadcrumbList","@id":"https:\/\/www.technodompro.com\/index.php\/produkt\/znackovy-proxxon-28667-brusny-kot-50mm-k400-12ks-71153\/#breadcrumb","itemListElement":[{"@type":"ListItem","position":1,"name":"Home","item":"https:\/\/www.technodompro.com\/"},{"@type":"ListItem","position":2,"name":"Products","item":"https:\/\/www.technodompro.com\/index.php\/products\/"},{"@type":"ListItem","position":3,"name":"Zna\u010dkov\u00fd PROXXON 28667 Brusn\u00fd kot. 50mm (K400) 12ks"}]},{"@type":"WebSite","@id":"https:\/\/www.technodompro.com\/#website","url":"https:\/\/www.technodompro.com\/","name":"","description":"","potentialAction":[{"@type":"SearchAction","target":{"@type":"EntryPoint","urlTemplate":"https:\/\/www.technodompro.com\/?s={search_term_string}"},"query-input":{"@type":"PropertyValueSpecification","valueRequired":true,"valueName":"search_term_string"}}],"inLanguage":"cs"}]}},"_links":{"self":[{"href":"https:\/\/www.technodompro.com\/index.php\/wp-json\/wp\/v2\/product\/71153","targetHints":{"allow":["GET"]}}],"collection":[{"href":"https:\/\/www.technodompro.com\/index.php\/wp-json\/wp\/v2\/product"}],"about":[{"href":"https:\/\/www.technodompro.com\/index.php\/wp-json\/wp\/v2\/types\/product"}],"replies":[{"embeddable":true,"href":"https:\/\/www.technodompro.com\/index.php\/wp-json\/wp\/v2\/comments?post=71153"}],"wp:featuredmedia":[{"embeddable":true,"href":"https:\/\/www.technodompro.com\/index.php\/wp-json\/wp\/v2\/media\/71253"}],"wp:attachment":[{"href":"https:\/\/www.technodompro.com\/index.php\/wp-json\/wp\/v2\/media?parent=71153"}],"wp:term":[{"taxonomy":"product_brand","embeddable":true,"href":"https:\/\/www.technodompro.com\/index.php\/wp-json\/wp\/v2\/product_brand?post=71153"},{"taxonomy":"product_cat","embeddable":true,"href":"https:\/\/www.technodompro.com\/index.php\/wp-json\/wp\/v2\/product_cat?post=71153"},{"taxonomy":"product_tag","embeddable":true,"href":"https:\/\/www.technodompro.com\/index.php\/wp-json\/wp\/v2\/product_tag?post=71153"}],"curies":[{"name":"wp","href":"https:\/\/api.w.org\/{rel}","templated":true}]}}