{"id":71161,"date":"2026-04-27T04:43:46","date_gmt":"2026-04-27T04:43:46","guid":{"rendered":""},"modified":"2026-04-27T04:43:46","modified_gmt":"2026-04-27T04:43:46","slug":"znackovy-proxxon-28710-frezy-sada-wolfr-vanad-5ks-71161","status":"publish","type":"product","link":"https:\/\/www.technodompro.com\/index.php\/produkt\/znackovy-proxxon-28710-frezy-sada-wolfr-vanad-5ks-71161\/","title":{"rendered":"Zna\u010dkov\u00fd PROXXON 28710 Fr\u00e9zy sada (Wolfr.vanad) 5ks"},"content":{"rendered":"<table>\n<div class=\"tab-pane active product-description\" id=\"popis\" role=\"tabpanel\">\n<div class=\"short-description\" itemprop=\"description\"><\/div>\n<div class=\"description\"><span class='bullet-line'>Stopkov\u00e9 fr\u00e9zy &#8211; sada 5ks <br \/><\/span><span class='bullet-line'>N\u00e1stavce pro MICROMOT vrtac\u00ed a fr\u00e9zovac\u00ed syst\u00e9my v pr\u016fmyslov\u00e9 a dent\u00e1ln\u00ed kvalit\u011b.<br \/><\/span><span class='bullet-line'>Stopkov\u00e9 fr\u00e9zy jsou vyrobeny z wolfram-vanadov\u00e9 oceli. Vybran\u00e1 ocel je legovan\u00e1 wolframem a vanadem. \u00da\u010deln\u00e1 a stabiln\u00ed konstrukce stopky a fr\u00e9zy z jednoho kusu. P\u0159esn\u00e9 ozuben\u00ed a optim\u00e1ln\u00ed p\u0159esnost vyst\u0159ed\u011bn\u00e9ho b\u011bhu p\u0159i stejn\u00e9 hou\u017eevnatosti. Na opracov\u00e1n\u00ed m\u011bkk\u00e9ho a tvrd\u00e9ho d\u0159eva, ne\u017eelezn\u00fdch i u\u0161lechtil\u00fdch kov\u016f, plast\u016f a s\u00e1dry. Stopky \u00d8 2,35 nebo 3mm (28722 a 28727). Optim\u00e1ln\u00ed na tvarov\u00e1n\u00ed, profilov\u00e1n\u00ed a dr\u00e1\u017ekov\u00e1n\u00ed. Pro p\u0159esn\u00e9 upnut\u00ed fr\u00e9z doporu\u010dujeme MICROMOT up\u00ednac\u00ed kle\u0161tiny (viz.objednac\u00ed \u010d\u00edslo 28940).<br \/><\/span><span class='bullet-line'>Vhodn\u00e9 pro barevn\u00e9 kovy, plasty a s\u00e1dru.<br \/><\/span> <br \/> \u25bc Balen\u00ed obsahuje \u25bc<span class='bullet-line'>5ks<\/span><\/div>\n<\/table>\n","protected":false},"excerpt":{"rendered":"<p>Stopkov\u00e9 fr\u00e9zy &#8211; sada 5ks N\u00e1stavce pro MICROMOT vrtac\u00ed a fr\u00e9zovac\u00ed syst\u00e9my v pr\u016fmyslov\u00e9 a dent\u00e1ln\u00ed kvalit\u011b.Stopkov\u00e9 fr\u00e9zy jsou vyrobeny z wolfram-vanadov\u00e9 oceli. Vybran\u00e1 ocel je legovan\u00e1 wolframem a vanadem. \u00da\u010deln\u00e1 a stabiln\u00ed konstrukce stopky a fr\u00e9zy z jednoho kusu. P\u0159esn\u00e9 ozuben\u00ed a optim\u00e1ln\u00ed p\u0159esnost vyst\u0159ed\u011bn\u00e9ho b\u011bhu p\u0159i stejn\u00e9 hou\u017eevnatosti. Na opracov\u00e1n\u00ed m\u011bkk\u00e9ho a tvrd\u00e9ho [&hellip;]<\/p>\n","protected":false},"featured_media":71261,"comment_status":"open","ping_status":"open","template":"","meta":[],"product_brand":[],"product_cat":[45],"product_tag":[],"class_list":{"0":"post-71161","1":"product","2":"type-product","3":"status-publish","4":"has-post-thumbnail","6":"product_cat-naradi","8":"first","9":"instock","10":"sale","11":"shipping-taxable","12":"purchasable","13":"product-type-simple"},"yoast_head":"<!-- This site is optimized with the Yoast SEO plugin v26.8 - https:\/\/yoast.com\/product\/yoast-seo-wordpress\/ -->\n<title>Zna\u010dkov\u00fd PROXXON 28710 Fr\u00e9zy sada (Wolfr.vanad) 5ks -<\/title>\n<meta name=\"robots\" content=\"index, follow, max-snippet:-1, max-image-preview:large, max-video-preview:-1\" \/>\n<link rel=\"canonical\" href=\"https:\/\/www.technodompro.com\/index.php\/produkt\/znackovy-proxxon-28710-frezy-sada-wolfr-vanad-5ks-71161\/\" \/>\n<meta property=\"og:locale\" content=\"cs_CZ\" \/>\n<meta property=\"og:type\" content=\"article\" \/>\n<meta property=\"og:title\" content=\"Zna\u010dkov\u00fd PROXXON 28710 Fr\u00e9zy sada (Wolfr.vanad) 5ks -\" \/>\n<meta property=\"og:description\" content=\"Stopkov\u00e9 fr\u00e9zy &#8211; sada 5ks N\u00e1stavce pro MICROMOT vrtac\u00ed a fr\u00e9zovac\u00ed syst\u00e9my v pr\u016fmyslov\u00e9 a dent\u00e1ln\u00ed kvalit\u011b.Stopkov\u00e9 fr\u00e9zy jsou vyrobeny z wolfram-vanadov\u00e9 oceli. Vybran\u00e1 ocel je legovan\u00e1 wolframem a vanadem. \u00da\u010deln\u00e1 a stabiln\u00ed konstrukce stopky a fr\u00e9zy z jednoho kusu. P\u0159esn\u00e9 ozuben\u00ed a optim\u00e1ln\u00ed p\u0159esnost vyst\u0159ed\u011bn\u00e9ho b\u011bhu p\u0159i stejn\u00e9 hou\u017eevnatosti. Na opracov\u00e1n\u00ed m\u011bkk\u00e9ho a tvrd\u00e9ho [&hellip;]\" \/>\n<meta property=\"og:url\" content=\"https:\/\/www.technodompro.com\/index.php\/produkt\/znackovy-proxxon-28710-frezy-sada-wolfr-vanad-5ks-71161\/\" \/>\n<meta property=\"og:image\" content=\"https:\/\/www.technodompro.com\/wp-content\/uploads\/2026\/SK0017186-CZ20260425-092328-0-1777080210-206339-1_100856.webp\" \/>\n\t<meta property=\"og:image:width\" content=\"574\" \/>\n\t<meta property=\"og:image:height\" content=\"800\" \/>\n\t<meta property=\"og:image:type\" content=\"image\/webp\" \/>\n<meta name=\"twitter:card\" content=\"summary_large_image\" \/>\n<meta name=\"twitter:label1\" content=\"Odhadovan\u00e1 doba \u010dten\u00ed\" \/>\n\t<meta name=\"twitter:data1\" content=\"1 minuta\" \/>\n<script type=\"application\/ld+json\" class=\"yoast-schema-graph\">{\"@context\":\"https:\/\/schema.org\",\"@graph\":[{\"@type\":\"WebPage\",\"@id\":\"https:\/\/www.technodompro.com\/index.php\/produkt\/znackovy-proxxon-28710-frezy-sada-wolfr-vanad-5ks-71161\/\",\"url\":\"https:\/\/www.technodompro.com\/index.php\/produkt\/znackovy-proxxon-28710-frezy-sada-wolfr-vanad-5ks-71161\/\",\"name\":\"Zna\u010dkov\u00fd PROXXON 28710 Fr\u00e9zy sada (Wolfr.vanad) 5ks -\",\"isPartOf\":{\"@id\":\"https:\/\/www.technodompro.com\/#website\"},\"primaryImageOfPage\":{\"@id\":\"https:\/\/www.technodompro.com\/index.php\/produkt\/znackovy-proxxon-28710-frezy-sada-wolfr-vanad-5ks-71161\/#primaryimage\"},\"image\":{\"@id\":\"https:\/\/www.technodompro.com\/index.php\/produkt\/znackovy-proxxon-28710-frezy-sada-wolfr-vanad-5ks-71161\/#primaryimage\"},\"thumbnailUrl\":\"https:\/\/www.technodompro.com\/wp-content\/uploads\/2026\/SK0017186-CZ20260425-092328-0-1777080210-206339-1_100856.webp\",\"datePublished\":\"2026-04-27T04:43:46+00:00\",\"breadcrumb\":{\"@id\":\"https:\/\/www.technodompro.com\/index.php\/produkt\/znackovy-proxxon-28710-frezy-sada-wolfr-vanad-5ks-71161\/#breadcrumb\"},\"inLanguage\":\"cs\",\"potentialAction\":[{\"@type\":\"ReadAction\",\"target\":[\"https:\/\/www.technodompro.com\/index.php\/produkt\/znackovy-proxxon-28710-frezy-sada-wolfr-vanad-5ks-71161\/\"]}]},{\"@type\":\"ImageObject\",\"inLanguage\":\"cs\",\"@id\":\"https:\/\/www.technodompro.com\/index.php\/produkt\/znackovy-proxxon-28710-frezy-sada-wolfr-vanad-5ks-71161\/#primaryimage\",\"url\":\"https:\/\/www.technodompro.com\/wp-content\/uploads\/2026\/SK0017186-CZ20260425-092328-0-1777080210-206339-1_100856.webp\",\"contentUrl\":\"https:\/\/www.technodompro.com\/wp-content\/uploads\/2026\/SK0017186-CZ20260425-092328-0-1777080210-206339-1_100856.webp\",\"width\":574,\"height\":800},{\"@type\":\"BreadcrumbList\",\"@id\":\"https:\/\/www.technodompro.com\/index.php\/produkt\/znackovy-proxxon-28710-frezy-sada-wolfr-vanad-5ks-71161\/#breadcrumb\",\"itemListElement\":[{\"@type\":\"ListItem\",\"position\":1,\"name\":\"Home\",\"item\":\"https:\/\/www.technodompro.com\/\"},{\"@type\":\"ListItem\",\"position\":2,\"name\":\"Products\",\"item\":\"https:\/\/www.technodompro.com\/index.php\/products\/\"},{\"@type\":\"ListItem\",\"position\":3,\"name\":\"Zna\u010dkov\u00fd PROXXON 28710 Fr\u00e9zy sada (Wolfr.vanad) 5ks\"}]},{\"@type\":\"WebSite\",\"@id\":\"https:\/\/www.technodompro.com\/#website\",\"url\":\"https:\/\/www.technodompro.com\/\",\"name\":\"\",\"description\":\"\",\"potentialAction\":[{\"@type\":\"SearchAction\",\"target\":{\"@type\":\"EntryPoint\",\"urlTemplate\":\"https:\/\/www.technodompro.com\/?s={search_term_string}\"},\"query-input\":{\"@type\":\"PropertyValueSpecification\",\"valueRequired\":true,\"valueName\":\"search_term_string\"}}],\"inLanguage\":\"cs\"}]}<\/script>\n<!-- \/ Yoast SEO plugin. -->","yoast_head_json":{"title":"Zna\u010dkov\u00fd PROXXON 28710 Fr\u00e9zy sada (Wolfr.vanad) 5ks -","robots":{"index":"index","follow":"follow","max-snippet":"max-snippet:-1","max-image-preview":"max-image-preview:large","max-video-preview":"max-video-preview:-1"},"canonical":"https:\/\/www.technodompro.com\/index.php\/produkt\/znackovy-proxxon-28710-frezy-sada-wolfr-vanad-5ks-71161\/","og_locale":"cs_CZ","og_type":"article","og_title":"Zna\u010dkov\u00fd PROXXON 28710 Fr\u00e9zy sada (Wolfr.vanad) 5ks -","og_description":"Stopkov\u00e9 fr\u00e9zy &#8211; sada 5ks N\u00e1stavce pro MICROMOT vrtac\u00ed a fr\u00e9zovac\u00ed syst\u00e9my v pr\u016fmyslov\u00e9 a dent\u00e1ln\u00ed kvalit\u011b.Stopkov\u00e9 fr\u00e9zy jsou vyrobeny z wolfram-vanadov\u00e9 oceli. Vybran\u00e1 ocel je legovan\u00e1 wolframem a vanadem. \u00da\u010deln\u00e1 a stabiln\u00ed konstrukce stopky a fr\u00e9zy z jednoho kusu. P\u0159esn\u00e9 ozuben\u00ed a optim\u00e1ln\u00ed p\u0159esnost vyst\u0159ed\u011bn\u00e9ho b\u011bhu p\u0159i stejn\u00e9 hou\u017eevnatosti. Na opracov\u00e1n\u00ed m\u011bkk\u00e9ho a tvrd\u00e9ho [&hellip;]","og_url":"https:\/\/www.technodompro.com\/index.php\/produkt\/znackovy-proxxon-28710-frezy-sada-wolfr-vanad-5ks-71161\/","og_image":[{"width":574,"height":800,"url":"https:\/\/www.technodompro.com\/wp-content\/uploads\/2026\/SK0017186-CZ20260425-092328-0-1777080210-206339-1_100856.webp","type":"image\/webp"}],"twitter_card":"summary_large_image","twitter_misc":{"Odhadovan\u00e1 doba \u010dten\u00ed":"1 minuta"},"schema":{"@context":"https:\/\/schema.org","@graph":[{"@type":"WebPage","@id":"https:\/\/www.technodompro.com\/index.php\/produkt\/znackovy-proxxon-28710-frezy-sada-wolfr-vanad-5ks-71161\/","url":"https:\/\/www.technodompro.com\/index.php\/produkt\/znackovy-proxxon-28710-frezy-sada-wolfr-vanad-5ks-71161\/","name":"Zna\u010dkov\u00fd PROXXON 28710 Fr\u00e9zy sada (Wolfr.vanad) 5ks -","isPartOf":{"@id":"https:\/\/www.technodompro.com\/#website"},"primaryImageOfPage":{"@id":"https:\/\/www.technodompro.com\/index.php\/produkt\/znackovy-proxxon-28710-frezy-sada-wolfr-vanad-5ks-71161\/#primaryimage"},"image":{"@id":"https:\/\/www.technodompro.com\/index.php\/produkt\/znackovy-proxxon-28710-frezy-sada-wolfr-vanad-5ks-71161\/#primaryimage"},"thumbnailUrl":"https:\/\/www.technodompro.com\/wp-content\/uploads\/2026\/SK0017186-CZ20260425-092328-0-1777080210-206339-1_100856.webp","datePublished":"2026-04-27T04:43:46+00:00","breadcrumb":{"@id":"https:\/\/www.technodompro.com\/index.php\/produkt\/znackovy-proxxon-28710-frezy-sada-wolfr-vanad-5ks-71161\/#breadcrumb"},"inLanguage":"cs","potentialAction":[{"@type":"ReadAction","target":["https:\/\/www.technodompro.com\/index.php\/produkt\/znackovy-proxxon-28710-frezy-sada-wolfr-vanad-5ks-71161\/"]}]},{"@type":"ImageObject","inLanguage":"cs","@id":"https:\/\/www.technodompro.com\/index.php\/produkt\/znackovy-proxxon-28710-frezy-sada-wolfr-vanad-5ks-71161\/#primaryimage","url":"https:\/\/www.technodompro.com\/wp-content\/uploads\/2026\/SK0017186-CZ20260425-092328-0-1777080210-206339-1_100856.webp","contentUrl":"https:\/\/www.technodompro.com\/wp-content\/uploads\/2026\/SK0017186-CZ20260425-092328-0-1777080210-206339-1_100856.webp","width":574,"height":800},{"@type":"BreadcrumbList","@id":"https:\/\/www.technodompro.com\/index.php\/produkt\/znackovy-proxxon-28710-frezy-sada-wolfr-vanad-5ks-71161\/#breadcrumb","itemListElement":[{"@type":"ListItem","position":1,"name":"Home","item":"https:\/\/www.technodompro.com\/"},{"@type":"ListItem","position":2,"name":"Products","item":"https:\/\/www.technodompro.com\/index.php\/products\/"},{"@type":"ListItem","position":3,"name":"Zna\u010dkov\u00fd PROXXON 28710 Fr\u00e9zy sada (Wolfr.vanad) 5ks"}]},{"@type":"WebSite","@id":"https:\/\/www.technodompro.com\/#website","url":"https:\/\/www.technodompro.com\/","name":"","description":"","potentialAction":[{"@type":"SearchAction","target":{"@type":"EntryPoint","urlTemplate":"https:\/\/www.technodompro.com\/?s={search_term_string}"},"query-input":{"@type":"PropertyValueSpecification","valueRequired":true,"valueName":"search_term_string"}}],"inLanguage":"cs"}]}},"_links":{"self":[{"href":"https:\/\/www.technodompro.com\/index.php\/wp-json\/wp\/v2\/product\/71161","targetHints":{"allow":["GET"]}}],"collection":[{"href":"https:\/\/www.technodompro.com\/index.php\/wp-json\/wp\/v2\/product"}],"about":[{"href":"https:\/\/www.technodompro.com\/index.php\/wp-json\/wp\/v2\/types\/product"}],"replies":[{"embeddable":true,"href":"https:\/\/www.technodompro.com\/index.php\/wp-json\/wp\/v2\/comments?post=71161"}],"wp:featuredmedia":[{"embeddable":true,"href":"https:\/\/www.technodompro.com\/index.php\/wp-json\/wp\/v2\/media\/71261"}],"wp:attachment":[{"href":"https:\/\/www.technodompro.com\/index.php\/wp-json\/wp\/v2\/media?parent=71161"}],"wp:term":[{"taxonomy":"product_brand","embeddable":true,"href":"https:\/\/www.technodompro.com\/index.php\/wp-json\/wp\/v2\/product_brand?post=71161"},{"taxonomy":"product_cat","embeddable":true,"href":"https:\/\/www.technodompro.com\/index.php\/wp-json\/wp\/v2\/product_cat?post=71161"},{"taxonomy":"product_tag","embeddable":true,"href":"https:\/\/www.technodompro.com\/index.php\/wp-json\/wp\/v2\/product_tag?post=71161"}],"curies":[{"name":"wp","href":"https:\/\/api.w.org\/{rel}","templated":true}]}}