{"id":74131,"date":"2026-04-27T04:43:55","date_gmt":"2026-04-27T04:43:55","guid":{"rendered":""},"modified":"2026-04-27T04:43:55","modified_gmt":"2026-04-27T04:43:55","slug":"znackovy-keramicka-sprchova-vanicka-obdelnik-80x70x2cm-cenere-mat-74131","status":"publish","type":"product","link":"https:\/\/www.technodompro.com\/index.php\/produkt\/znackovy-keramicka-sprchova-vanicka-obdelnik-80x70x2cm-cenere-mat-74131\/","title":{"rendered":"Zna\u010dkov\u00fd Keramick\u00e1 sprchov\u00e1 vani\u010dka, obd\u00e9ln\u00edk 80x70x2cm, cenere mat"},"content":{"rendered":"<div class=\"basic-description\">\n<h3>Detailn\u00ed popis produktu<\/h3>\n<p style=\"text-align: justify;\">Keramick\u00e9 vani\u010dky EXTRA FLAT v&nbsp;modern\u00edm designu a n\u00edzk\u00e9 v\u00fd\u0161ce jsou obl\u00edben\u00e9 pro sv\u00e9 praktick\u00e9 vlastnosti &#8211; stoprocentn\u00ed tvarovou st\u00e1lost, odolnost proti po\u0161kr\u00e1b\u00e1n\u00ed, snadnou \u00fadr\u017ebu a neomezenou \u017eivotnost. Nav\u00edc jsou opat\u0159eny protiskluzovou keramickou strukturou.<\/p>\n<p style=\"text-align: justify;\"><strong>Vani\u010dky umo\u017e\u0148uj\u00ed instalaci na podlahu nebo s \u00farovn\u00ed podlahy se zapu\u0161t\u011bn\u00fdm sifonem i&nbsp;klasick\u00e9 podezd\u011bn\u00ed vani\u010dky.<\/strong><\/p>\n<p><strong>Boky vani\u010dek, kter\u00e9 jsou neglazovan\u00e9 (ur\u010den\u00e9 k&nbsp;zazd\u011bn\u00ed do zdi, \u010di pod obklad), jsou na technick\u00e9m v\u00fdkresu ozna\u010deny &#8222;not glazed side&#8220;.<\/strong><\/p>\n<ul>\n<li>Rozm\u011brov\u00e1 tolerance u&nbsp;sanit\u00e1rn\u00ed keramiky:&nbsp; +1 %<\/li>\n<\/ul>\n<p><span>P\u0159i instalaci vani\u010dek je nutn\u00e9 nechat mezi vani\u010dkou a obklady dilata\u010dn\u00ed sp\u00e1ru, kterou vypln\u00edte pru\u017en\u00fdm tmelem (silikonem). Vani\u010dka nesm\u00ed b\u00fdt zabudov\u00e1na \u00fapln\u011b napevno kv\u016fli mo\u017en\u00fdm pohyb\u016fm stavby. T\u00edmto postupem p\u0159edejdete jej\u00edmu mo\u017en\u00e9mu po\u0161kozen\u00ed. Podrobn\u00e9 instrukce viz n\u00e1vod.<\/span><\/p>\n<\/p><\/div>\n<div class=\"extended-description\">\n<h3>Dopl\u0148kov\u00e9 parametry<\/h3>\n<table class=\"detail-parameters\">\n<tbody>\n<tr>\n<th>        <span class=\"row-header-label\">            Kategorie<span class=\"row-header-label-colon\">:<\/span>        <\/span>    <\/th>\n<td>            <\/td>\n<\/tr>\n<tr>\n<th>            <span class=\"row-header-label\">                Z\u00e1ruka<span class=\"row-header-label-colon\">:<\/span>            <\/span>        <\/th>\n<td>            24        <\/td>\n<\/tr>\n<tr>\n<th>            <span class=\"row-header-label\">                Hmotnost<span class=\"row-header-label-colon\">:<\/span>            <\/span>        <\/th>\n<td>            20 kg        <\/td>\n<\/tr>\n<tr class=\"productEan\">\n<th>          <span class=\"row-header-label productEan__label\">              EAN<span class=\"row-header-label-colon\">:<\/span>          <\/span>      <\/th>\n<td>          <span class=\"productEan__value\">8057729352851<\/span>      <\/td>\n<\/tr>\n<tr>\n<th>                <span class=\"row-header-label\">                                            Balen\u00ed<span class=\"row-header-label-colon\">:<\/span>                                    <\/span>            <\/th>\n<td>                                                            1 ks                                                <\/td>\n<\/tr>\n<tr>\n<th>                <span class=\"row-header-label\">                                            Barva<span class=\"row-header-label-colon\">:<\/span>                                    <\/span>            <\/th>\n<td>                                                            \u0160ed\u00e1                                                <\/td>\n<\/tr>\n<tr>\n<th>                <span class=\"row-header-label\">                                            D\u00e9lka<span class=\"row-header-label-colon\">:<\/span>                                    <\/span>            <\/th>\n<td>                                                            800 mm                                                <\/td>\n<\/tr>\n<tr>\n<th>                <span class=\"row-header-label\">                                            Dostupnost<span class=\"row-header-label-colon\">:<\/span>                                    <\/span>            <\/th>\n<td>                                                            Dod\u00e1n\u00ed do 8 t\u00fddn\u016f                                                <\/td>\n<\/tr>\n<tr>\n<th>                <span class=\"row-header-label\">                                            Materi\u00e1l<span class=\"row-header-label-colon\">:<\/span>                                    <\/span>            <\/th>\n<td>                                                            Keramika                                                <\/td>\n<\/tr>\n<tr>\n<th>                <span class=\"row-header-label\">                                            Nosnost<span class=\"row-header-label-colon\">:<\/span>                                    <\/span>            <\/th>\n<td>                                                            150 kg                                                <\/td>\n<\/tr>\n<tr>\n<th>                <span class=\"row-header-label\">                                            Pr\u016fm\u011br odpadu<span class=\"row-header-label-colon\">:<\/span>                                    <\/span>            <\/th>\n<td>                                                            90 mm                                                <\/td>\n<\/tr>\n<tr>\n<th>                <span class=\"row-header-label\">                                            Reli\u00e9f (povrch) dna<span class=\"row-header-label-colon\">:<\/span>                                    <\/span>            <\/th>\n<td>                                                            Hladk\u00fd                                                <\/td>\n<\/tr>\n<tr>\n<th>                <span class=\"row-header-label\">                                            Rozm\u011br<span class=\"row-header-label-colon\">:<\/span>                                    <\/span>            <\/th>\n<td>                                                            80x70x2 cm                                                <\/td>\n<\/tr>\n<tr>\n<th>                <span class=\"row-header-label\">                                            \u0160\u00ed\u0159ka<span class=\"row-header-label-colon\">:<\/span>                                    <\/span>            <\/th>\n<td>                                                            700 mm                                                <\/td>\n<\/tr>\n<tr>\n<th>                <span class=\"row-header-label\">                                            Tvar<span class=\"row-header-label-colon\">:<\/span>                                    <\/span>            <\/th>\n<td>                                                            Obd\u00e9ln\u00edkov\u00e9                                                <\/td>\n<\/tr>\n<tr>\n<th>                <span class=\"row-header-label\">                                            V\u00fd\u0161ka<span class=\"row-header-label-colon\">:<\/span>                                    <\/span>            <\/th>\n<td>                                                            20 mm                                                <\/td>\n<\/tr>\n<tr>\n<th>                <span class=\"row-header-label\">                                            Z\u00e1ruka<span class=\"row-header-label-colon\">:<\/span>                                    <\/span>            <\/th>\n<td>                                                            2 roky                                                <\/td>\n<\/tr>\n<\/tbody>\n<\/table><\/div>\n<\/p><\/div>\n<\/p><\/div>\n","protected":false},"excerpt":{"rendered":"<p>Detailn\u00ed popis produktu Keramick\u00e9 vani\u010dky EXTRA FLAT v&nbsp;modern\u00edm designu a n\u00edzk\u00e9 v\u00fd\u0161ce jsou obl\u00edben\u00e9 pro sv\u00e9 praktick\u00e9 vlastnosti &#8211; stoprocentn\u00ed tvarovou st\u00e1lost, odolnost proti po\u0161kr\u00e1b\u00e1n\u00ed, snadnou \u00fadr\u017ebu a neomezenou \u017eivotnost. Nav\u00edc jsou opat\u0159eny protiskluzovou keramickou strukturou. Vani\u010dky umo\u017e\u0148uj\u00ed instalaci na podlahu nebo s \u00farovn\u00ed podlahy se zapu\u0161t\u011bn\u00fdm sifonem i&nbsp;klasick\u00e9 podezd\u011bn\u00ed vani\u010dky. Boky vani\u010dek, kter\u00e9 jsou [&hellip;]<\/p>\n","protected":false},"featured_media":74231,"comment_status":"open","ping_status":"open","template":"","meta":[],"product_brand":[],"product_cat":[53],"product_tag":[],"class_list":{"0":"post-74131","1":"product","2":"type-product","3":"status-publish","4":"has-post-thumbnail","6":"product_cat-sprchove-vanicky","8":"first","9":"instock","10":"sale","11":"shipping-taxable","12":"purchasable","13":"product-type-simple"},"yoast_head":"<!-- This site is optimized with the Yoast SEO plugin v26.8 - https:\/\/yoast.com\/product\/yoast-seo-wordpress\/ -->\n<title>Zna\u010dkov\u00fd Keramick\u00e1 sprchov\u00e1 vani\u010dka, obd\u00e9ln\u00edk 80x70x2cm, cenere mat -<\/title>\n<meta name=\"robots\" content=\"index, follow, max-snippet:-1, max-image-preview:large, max-video-preview:-1\" \/>\n<link rel=\"canonical\" href=\"https:\/\/www.technodompro.com\/index.php\/produkt\/znackovy-keramicka-sprchova-vanicka-obdelnik-80x70x2cm-cenere-mat-74131\/\" \/>\n<meta property=\"og:locale\" content=\"cs_CZ\" \/>\n<meta property=\"og:type\" content=\"article\" \/>\n<meta property=\"og:title\" content=\"Zna\u010dkov\u00fd Keramick\u00e1 sprchov\u00e1 vani\u010dka, obd\u00e9ln\u00edk 80x70x2cm, cenere mat -\" \/>\n<meta property=\"og:description\" content=\"Detailn\u00ed popis produktu Keramick\u00e9 vani\u010dky EXTRA FLAT v&nbsp;modern\u00edm designu a n\u00edzk\u00e9 v\u00fd\u0161ce jsou obl\u00edben\u00e9 pro sv\u00e9 praktick\u00e9 vlastnosti &#8211; stoprocentn\u00ed tvarovou st\u00e1lost, odolnost proti po\u0161kr\u00e1b\u00e1n\u00ed, snadnou \u00fadr\u017ebu a neomezenou \u017eivotnost. Nav\u00edc jsou opat\u0159eny protiskluzovou keramickou strukturou. Vani\u010dky umo\u017e\u0148uj\u00ed instalaci na podlahu nebo s \u00farovn\u00ed podlahy se zapu\u0161t\u011bn\u00fdm sifonem i&nbsp;klasick\u00e9 podezd\u011bn\u00ed vani\u010dky. Boky vani\u010dek, kter\u00e9 jsou [&hellip;]\" \/>\n<meta property=\"og:url\" content=\"https:\/\/www.technodompro.com\/index.php\/produkt\/znackovy-keramicka-sprchova-vanicka-obdelnik-80x70x2cm-cenere-mat-74131\/\" \/>\n<meta property=\"og:image\" content=\"https:\/\/www.technodompro.com\/wp-content\/uploads\/2026\/SK0018530-CZ20260425-092556-0-1777080363-1658350_keramicka-sprchova-vanicka--obdelnik-80x70x2cm--cen.webp\" \/>\n\t<meta property=\"og:image:width\" content=\"1000\" \/>\n\t<meta property=\"og:image:height\" content=\"750\" \/>\n\t<meta property=\"og:image:type\" content=\"image\/webp\" \/>\n<meta name=\"twitter:card\" content=\"summary_large_image\" \/>\n<meta name=\"twitter:label1\" content=\"Odhadovan\u00e1 doba \u010dten\u00ed\" \/>\n\t<meta name=\"twitter:data1\" content=\"1 minuta\" \/>\n<script type=\"application\/ld+json\" class=\"yoast-schema-graph\">{\"@context\":\"https:\/\/schema.org\",\"@graph\":[{\"@type\":\"WebPage\",\"@id\":\"https:\/\/www.technodompro.com\/index.php\/produkt\/znackovy-keramicka-sprchova-vanicka-obdelnik-80x70x2cm-cenere-mat-74131\/\",\"url\":\"https:\/\/www.technodompro.com\/index.php\/produkt\/znackovy-keramicka-sprchova-vanicka-obdelnik-80x70x2cm-cenere-mat-74131\/\",\"name\":\"Zna\u010dkov\u00fd Keramick\u00e1 sprchov\u00e1 vani\u010dka, obd\u00e9ln\u00edk 80x70x2cm, cenere mat -\",\"isPartOf\":{\"@id\":\"https:\/\/www.technodompro.com\/#website\"},\"primaryImageOfPage\":{\"@id\":\"https:\/\/www.technodompro.com\/index.php\/produkt\/znackovy-keramicka-sprchova-vanicka-obdelnik-80x70x2cm-cenere-mat-74131\/#primaryimage\"},\"image\":{\"@id\":\"https:\/\/www.technodompro.com\/index.php\/produkt\/znackovy-keramicka-sprchova-vanicka-obdelnik-80x70x2cm-cenere-mat-74131\/#primaryimage\"},\"thumbnailUrl\":\"https:\/\/www.technodompro.com\/wp-content\/uploads\/2026\/SK0018530-CZ20260425-092556-0-1777080363-1658350_keramicka-sprchova-vanicka--obdelnik-80x70x2cm--cen.webp\",\"datePublished\":\"2026-04-27T04:43:55+00:00\",\"breadcrumb\":{\"@id\":\"https:\/\/www.technodompro.com\/index.php\/produkt\/znackovy-keramicka-sprchova-vanicka-obdelnik-80x70x2cm-cenere-mat-74131\/#breadcrumb\"},\"inLanguage\":\"cs\",\"potentialAction\":[{\"@type\":\"ReadAction\",\"target\":[\"https:\/\/www.technodompro.com\/index.php\/produkt\/znackovy-keramicka-sprchova-vanicka-obdelnik-80x70x2cm-cenere-mat-74131\/\"]}]},{\"@type\":\"ImageObject\",\"inLanguage\":\"cs\",\"@id\":\"https:\/\/www.technodompro.com\/index.php\/produkt\/znackovy-keramicka-sprchova-vanicka-obdelnik-80x70x2cm-cenere-mat-74131\/#primaryimage\",\"url\":\"https:\/\/www.technodompro.com\/wp-content\/uploads\/2026\/SK0018530-CZ20260425-092556-0-1777080363-1658350_keramicka-sprchova-vanicka--obdelnik-80x70x2cm--cen.webp\",\"contentUrl\":\"https:\/\/www.technodompro.com\/wp-content\/uploads\/2026\/SK0018530-CZ20260425-092556-0-1777080363-1658350_keramicka-sprchova-vanicka--obdelnik-80x70x2cm--cen.webp\",\"width\":1000,\"height\":750},{\"@type\":\"BreadcrumbList\",\"@id\":\"https:\/\/www.technodompro.com\/index.php\/produkt\/znackovy-keramicka-sprchova-vanicka-obdelnik-80x70x2cm-cenere-mat-74131\/#breadcrumb\",\"itemListElement\":[{\"@type\":\"ListItem\",\"position\":1,\"name\":\"Home\",\"item\":\"https:\/\/www.technodompro.com\/\"},{\"@type\":\"ListItem\",\"position\":2,\"name\":\"Products\",\"item\":\"https:\/\/www.technodompro.com\/index.php\/products\/\"},{\"@type\":\"ListItem\",\"position\":3,\"name\":\"Zna\u010dkov\u00fd Keramick\u00e1 sprchov\u00e1 vani\u010dka, obd\u00e9ln\u00edk 80x70x2cm, cenere mat\"}]},{\"@type\":\"WebSite\",\"@id\":\"https:\/\/www.technodompro.com\/#website\",\"url\":\"https:\/\/www.technodompro.com\/\",\"name\":\"\",\"description\":\"\",\"potentialAction\":[{\"@type\":\"SearchAction\",\"target\":{\"@type\":\"EntryPoint\",\"urlTemplate\":\"https:\/\/www.technodompro.com\/?s={search_term_string}\"},\"query-input\":{\"@type\":\"PropertyValueSpecification\",\"valueRequired\":true,\"valueName\":\"search_term_string\"}}],\"inLanguage\":\"cs\"}]}<\/script>\n<!-- \/ Yoast SEO plugin. -->","yoast_head_json":{"title":"Zna\u010dkov\u00fd Keramick\u00e1 sprchov\u00e1 vani\u010dka, obd\u00e9ln\u00edk 80x70x2cm, cenere mat -","robots":{"index":"index","follow":"follow","max-snippet":"max-snippet:-1","max-image-preview":"max-image-preview:large","max-video-preview":"max-video-preview:-1"},"canonical":"https:\/\/www.technodompro.com\/index.php\/produkt\/znackovy-keramicka-sprchova-vanicka-obdelnik-80x70x2cm-cenere-mat-74131\/","og_locale":"cs_CZ","og_type":"article","og_title":"Zna\u010dkov\u00fd Keramick\u00e1 sprchov\u00e1 vani\u010dka, obd\u00e9ln\u00edk 80x70x2cm, cenere mat -","og_description":"Detailn\u00ed popis produktu Keramick\u00e9 vani\u010dky EXTRA FLAT v&nbsp;modern\u00edm designu a n\u00edzk\u00e9 v\u00fd\u0161ce jsou obl\u00edben\u00e9 pro sv\u00e9 praktick\u00e9 vlastnosti &#8211; stoprocentn\u00ed tvarovou st\u00e1lost, odolnost proti po\u0161kr\u00e1b\u00e1n\u00ed, snadnou \u00fadr\u017ebu a neomezenou \u017eivotnost. Nav\u00edc jsou opat\u0159eny protiskluzovou keramickou strukturou. Vani\u010dky umo\u017e\u0148uj\u00ed instalaci na podlahu nebo s \u00farovn\u00ed podlahy se zapu\u0161t\u011bn\u00fdm sifonem i&nbsp;klasick\u00e9 podezd\u011bn\u00ed vani\u010dky. Boky vani\u010dek, kter\u00e9 jsou [&hellip;]","og_url":"https:\/\/www.technodompro.com\/index.php\/produkt\/znackovy-keramicka-sprchova-vanicka-obdelnik-80x70x2cm-cenere-mat-74131\/","og_image":[{"width":1000,"height":750,"url":"https:\/\/www.technodompro.com\/wp-content\/uploads\/2026\/SK0018530-CZ20260425-092556-0-1777080363-1658350_keramicka-sprchova-vanicka--obdelnik-80x70x2cm--cen.webp","type":"image\/webp"}],"twitter_card":"summary_large_image","twitter_misc":{"Odhadovan\u00e1 doba \u010dten\u00ed":"1 minuta"},"schema":{"@context":"https:\/\/schema.org","@graph":[{"@type":"WebPage","@id":"https:\/\/www.technodompro.com\/index.php\/produkt\/znackovy-keramicka-sprchova-vanicka-obdelnik-80x70x2cm-cenere-mat-74131\/","url":"https:\/\/www.technodompro.com\/index.php\/produkt\/znackovy-keramicka-sprchova-vanicka-obdelnik-80x70x2cm-cenere-mat-74131\/","name":"Zna\u010dkov\u00fd Keramick\u00e1 sprchov\u00e1 vani\u010dka, obd\u00e9ln\u00edk 80x70x2cm, cenere mat -","isPartOf":{"@id":"https:\/\/www.technodompro.com\/#website"},"primaryImageOfPage":{"@id":"https:\/\/www.technodompro.com\/index.php\/produkt\/znackovy-keramicka-sprchova-vanicka-obdelnik-80x70x2cm-cenere-mat-74131\/#primaryimage"},"image":{"@id":"https:\/\/www.technodompro.com\/index.php\/produkt\/znackovy-keramicka-sprchova-vanicka-obdelnik-80x70x2cm-cenere-mat-74131\/#primaryimage"},"thumbnailUrl":"https:\/\/www.technodompro.com\/wp-content\/uploads\/2026\/SK0018530-CZ20260425-092556-0-1777080363-1658350_keramicka-sprchova-vanicka--obdelnik-80x70x2cm--cen.webp","datePublished":"2026-04-27T04:43:55+00:00","breadcrumb":{"@id":"https:\/\/www.technodompro.com\/index.php\/produkt\/znackovy-keramicka-sprchova-vanicka-obdelnik-80x70x2cm-cenere-mat-74131\/#breadcrumb"},"inLanguage":"cs","potentialAction":[{"@type":"ReadAction","target":["https:\/\/www.technodompro.com\/index.php\/produkt\/znackovy-keramicka-sprchova-vanicka-obdelnik-80x70x2cm-cenere-mat-74131\/"]}]},{"@type":"ImageObject","inLanguage":"cs","@id":"https:\/\/www.technodompro.com\/index.php\/produkt\/znackovy-keramicka-sprchova-vanicka-obdelnik-80x70x2cm-cenere-mat-74131\/#primaryimage","url":"https:\/\/www.technodompro.com\/wp-content\/uploads\/2026\/SK0018530-CZ20260425-092556-0-1777080363-1658350_keramicka-sprchova-vanicka--obdelnik-80x70x2cm--cen.webp","contentUrl":"https:\/\/www.technodompro.com\/wp-content\/uploads\/2026\/SK0018530-CZ20260425-092556-0-1777080363-1658350_keramicka-sprchova-vanicka--obdelnik-80x70x2cm--cen.webp","width":1000,"height":750},{"@type":"BreadcrumbList","@id":"https:\/\/www.technodompro.com\/index.php\/produkt\/znackovy-keramicka-sprchova-vanicka-obdelnik-80x70x2cm-cenere-mat-74131\/#breadcrumb","itemListElement":[{"@type":"ListItem","position":1,"name":"Home","item":"https:\/\/www.technodompro.com\/"},{"@type":"ListItem","position":2,"name":"Products","item":"https:\/\/www.technodompro.com\/index.php\/products\/"},{"@type":"ListItem","position":3,"name":"Zna\u010dkov\u00fd Keramick\u00e1 sprchov\u00e1 vani\u010dka, obd\u00e9ln\u00edk 80x70x2cm, cenere mat"}]},{"@type":"WebSite","@id":"https:\/\/www.technodompro.com\/#website","url":"https:\/\/www.technodompro.com\/","name":"","description":"","potentialAction":[{"@type":"SearchAction","target":{"@type":"EntryPoint","urlTemplate":"https:\/\/www.technodompro.com\/?s={search_term_string}"},"query-input":{"@type":"PropertyValueSpecification","valueRequired":true,"valueName":"search_term_string"}}],"inLanguage":"cs"}]}},"_links":{"self":[{"href":"https:\/\/www.technodompro.com\/index.php\/wp-json\/wp\/v2\/product\/74131","targetHints":{"allow":["GET"]}}],"collection":[{"href":"https:\/\/www.technodompro.com\/index.php\/wp-json\/wp\/v2\/product"}],"about":[{"href":"https:\/\/www.technodompro.com\/index.php\/wp-json\/wp\/v2\/types\/product"}],"replies":[{"embeddable":true,"href":"https:\/\/www.technodompro.com\/index.php\/wp-json\/wp\/v2\/comments?post=74131"}],"wp:featuredmedia":[{"embeddable":true,"href":"https:\/\/www.technodompro.com\/index.php\/wp-json\/wp\/v2\/media\/74231"}],"wp:attachment":[{"href":"https:\/\/www.technodompro.com\/index.php\/wp-json\/wp\/v2\/media?parent=74131"}],"wp:term":[{"taxonomy":"product_brand","embeddable":true,"href":"https:\/\/www.technodompro.com\/index.php\/wp-json\/wp\/v2\/product_brand?post=74131"},{"taxonomy":"product_cat","embeddable":true,"href":"https:\/\/www.technodompro.com\/index.php\/wp-json\/wp\/v2\/product_cat?post=74131"},{"taxonomy":"product_tag","embeddable":true,"href":"https:\/\/www.technodompro.com\/index.php\/wp-json\/wp\/v2\/product_tag?post=74131"}],"curies":[{"name":"wp","href":"https:\/\/api.w.org\/{rel}","templated":true}]}}