{"id":75521,"date":"2026-04-27T04:43:59","date_gmt":"2026-04-27T04:43:59","guid":{"rendered":""},"modified":"2026-04-27T04:43:59","modified_gmt":"2026-04-27T04:43:59","slug":"znackovy-kerala-umyvadlova-skrinka-100x35x47-5cm-1x-zasuvka-agila-75521","status":"publish","type":"product","link":"https:\/\/www.technodompro.com\/index.php\/produkt\/znackovy-kerala-umyvadlova-skrinka-100x35x47-5cm-1x-zasuvka-agila-75521\/","title":{"rendered":"Zna\u010dkov\u00fd KERALA umyvadlov\u00e1 sk\u0159\u00ed\u0148ka 100x35x47,5cm, 1x z\u00e1suvka, agila"},"content":{"rendered":"<div class=\"basic-description\">\n<h3>Detailn\u00ed popis produktu<\/h3>\n<ul>\n<li>V\u00fdsuv BLUM\u00ae s funkc\u00ed tlumen\u00ed BLUMOTION s do\u017eivotn\u00ed z\u00e1rukou<\/li>\n<\/ul>\n<p style=\"text-align: justify;\">Lakovan\u00e1 s\u00e9rie n\u00e1bytku KERALA pro umyvadla na postaven\u00ed v&nbsp;modern\u00edch matn\u00fdch barv\u00e1ch se vyzna\u010duje&nbsp;v\u00fdrazn\u00fdm designov\u00fdm prvkem &#8211; zaoblen\u00fdmi boky a \u010delem z\u00e1suvky. Sk\u0159\u00ed\u0148ky jsou jednoz\u00e1suvkov\u00e9, bez\u00fachytkov\u00e9 a s&nbsp;plynul\u00fdm dov\u00edr\u00e1n\u00edm. V&nbsp;nab\u00eddce jsou 2 typy desek o tl.12 mm: b\u00edl\u00e1 matn\u00e1 Rockstone a \u010dern\u00e1 matn\u00e1 kompaktn\u00ed deska PREMIO z&nbsp;vysokotlak\u00e9ho lamin\u00e1tu. Umyvadlo na desku lze libovoln\u011b um\u00edstit po cel\u00e9 \u0161\u00ed\u0159ce sk\u0159\u00ed\u0148ky. Umyvadlov\u00e9 sk\u0159\u00ed\u0148ky nab\u00edz\u00edme v&nbsp;\u0161\u00ed\u0159k\u00e1ch 80, 100, 120 a 140 cm a lze je doplnit o vysokou dv\u00ed\u0159kovou sk\u0159\u00ed\u0148ku ve stejn\u00e9m obl\u00e9m designu.<\/p>\n<div class=\"product-explanation-item\">\n<h3>Lze vyrobit v tomto barevn\u00e9m proveden\u00ed:<\/h3>\n<\/p>\n<div style=\"float: left; width: 18%; text-align: center;\">41 Carina<\/div>\n<div style=\"float: left; width: 18%; text-align: center;\">42 Siena<\/div>\n<div style=\"float: left; width: 18%; text-align: center;\">43 Agila<\/div>\n<div style=\"float: left; width: 18%; text-align: center;\">44 Verde<\/div>\n<div style=\"clear: both;\"><\/div>\n<p>jak\u00e1koliv barva dle vzorn\u00edku RAL nebo NCS v leskl\u00e9m nebo matn\u00e9m proveden\u00ed<\/p>\n<div style=\"float: left; width: 18%; text-align: center;\">RAL1019 \u0160edob\u00e9\u017eov\u00e1<\/div>\n<div style=\"float: left; width: 18%; text-align: center;\">RAL3004 Bord\u00f3<\/div>\n<div style=\"float: left; width: 18%; text-align: center;\">RAL6004 Modrozelen\u00e1<\/div>\n<div style=\"float: left; width: 18%; text-align: center;\">RAL7031 \u0160edomodr\u00e1<\/div>\n<div style=\"clear: both;\"><\/div>\n<p>Dodac\u00ed lh\u016fta je 6 t\u00fddn\u016f.<\/p>\n<\/div>\n<div class=\"product-explanation-item\">\n<h3>Tich\u00e9 a plynul\u00e9 zav\u00edr\u00e1n\u00ed<\/h3>\n<div style=\"float: left;\"><\/div>\n<p style=\"text-align: justify;\">N\u00e1bytek je vybaven pojezdy z\u00e1suvek s pomal\u00fdm dojezdem a syst\u00e9mem automatick\u00e9ho dov\u0159en\u00ed z\u00e1suvek. Ji\u017e \u017e\u00e1dn\u00e9 hlu\u010dn\u00e9 dov\u00edr\u00e1n\u00ed.<\/p>\n<\/div>\n<p><b>Video ke shl\u00e9dnut\u00ed<\/b><video width=\"640\" height=\"480\" controls><source src=\"https:\/\/ubc.k2.cz\/K2FTPdata\/UBC\/video\/produkt_ostatne\/led-pasek-k-umyvadlove-skrince.mp4\" type=\"video\/mp4\">V\u00e1\u0161 prohl\u00ed\u017ee\u010d nepodporuje video tag.<\/video>                            <\/div>\n<div class=\"extended-description\">\n<h3>Dopl\u0148kov\u00e9 parametry<\/h3>\n<table class=\"detail-parameters\">\n<tbody>\n<tr>\n<th>        <span class=\"row-header-label\">            Kategorie<span class=\"row-header-label-colon\">:<\/span>        <\/span>    <\/th>\n<td>            <\/td>\n<\/tr>\n<tr>\n<th>            <span class=\"row-header-label\">                Z\u00e1ruka<span class=\"row-header-label-colon\">:<\/span>            <\/span>        <\/th>\n<td>            24        <\/td>\n<\/tr>\n<tr>\n<th>            <span class=\"row-header-label\">                Hmotnost<span class=\"row-header-label-colon\">:<\/span>            <\/span>        <\/th>\n<td>            29.393 kg        <\/td>\n<\/tr>\n<tr class=\"productEan\">\n<th>          <span class=\"row-header-label productEan__label\">              EAN<span class=\"row-header-label-colon\">:<\/span>          <\/span>      <\/th>\n<td>          <span class=\"productEan__value\">8590913995248<\/span>      <\/td>\n<\/tr>\n<tr>\n<th>                <span class=\"row-header-label\">                                            3D model<span class=\"row-header-label-colon\">:<\/span>                                    <\/span>            <\/th>\n<td>                                                            ANO                                                <\/td>\n<\/tr>\n<tr>\n<th>                <span class=\"row-header-label\">                                            Balen\u00ed neobsahuje<span class=\"row-header-label-colon\">:<\/span>                                    <\/span>            <\/th>\n<td>                                                            Deska                                                <\/td>\n<\/tr>\n<tr>\n<th>                <span class=\"row-header-label\">                                            Barva<span class=\"row-header-label-colon\">:<\/span>                                    <\/span>            <\/th>\n<td>                                                            Hn\u011bd\u00e1                                                <\/td>\n<\/tr>\n<tr>\n<th>                <span class=\"row-header-label\">                                            Dostupnost<span class=\"row-header-label-colon\">:<\/span>                                    <\/span>            <\/th>\n<td>                                                            Dod\u00e1n\u00ed do 6ti t\u00fddn\u016f                                                <\/td>\n<\/tr>\n<tr>\n<th>                <span class=\"row-header-label\">                                            Hloubka<span class=\"row-header-label-colon\">:<\/span>                                    <\/span>            <\/th>\n<td>                                                            475 mm                                                <\/td>\n<\/tr>\n<tr>\n<th>                <span class=\"row-header-label\">                                            Instalace<span class=\"row-header-label-colon\">:<\/span>                                    <\/span>            <\/th>\n<td>                                                            Z\u00e1v\u011bsn\u00e9 na st\u011bnu                                                <\/td>\n<\/tr>\n<tr>\n<th>                <span class=\"row-header-label\">                                            Jin\u00e9 barevn\u00e9 proveden\u00ed<span class=\"row-header-label-colon\">:<\/span>                                    <\/span>            <\/th>\n<td>                                                            Dle vzorn\u00edku                                                <\/td>\n<\/tr>\n<tr>\n<th>                <span class=\"row-header-label\">                                            Materi\u00e1l<span class=\"row-header-label-colon\">:<\/span>                                    <\/span>            <\/th>\n<td>                                                            MDF\/lamino                                                <\/td>\n<\/tr>\n<tr>\n<th>                <span class=\"row-header-label\">                                            Rozm\u011br<span class=\"row-header-label-colon\">:<\/span>                                    <\/span>            <\/th>\n<td>                                                            100x35x47,5 cm                                                <\/td>\n<\/tr>\n<tr>\n<th>                <span class=\"row-header-label\">                                            \u0160\u00ed\u0159ka<span class=\"row-header-label-colon\">:<\/span>                                    <\/span>            <\/th>\n<td>                                                            1000 mm                                                <\/td>\n<\/tr>\n<tr>\n<th>                <span class=\"row-header-label\">                                            Typ sk\u0159\u00ed\u0148ky<span class=\"row-header-label-colon\">:<\/span>                                    <\/span>            <\/th>\n<td>                                                            Z\u00e1suvky                                                <\/td>\n<\/tr>\n<tr>\n<th>                <span class=\"row-header-label\">                                            Typ umyvadla<span class=\"row-header-label-colon\">:<\/span>                                    <\/span>            <\/th>\n<td>                                                            Umyvadlo na desku                                                <\/td>\n<\/tr>\n<tr>\n<th>                <span class=\"row-header-label\">                                            V\u00fdbava<span class=\"row-header-label-colon\">:<\/span>                                    <\/span>            <\/th>\n<td>                                                            Tich\u00e9 a plynul\u00e9 zav\u00edr\u00e1n\u00ed                                                <\/td>\n<\/tr>\n<tr>\n<th>                <span class=\"row-header-label\">                                            V\u00fd\u0161ka<span class=\"row-header-label-colon\">:<\/span>                                    <\/span>            <\/th>\n<td>                                                            350 mm                                                <\/td>\n<\/tr>\n<tr>\n<th>                <span class=\"row-header-label\">                                            Z\u00e1ruka<span class=\"row-header-label-colon\">:<\/span>                                    <\/span>            <\/th>\n<td>                                                            2 roky                                                <\/td>\n<\/tr>\n<\/tbody>\n<\/table><\/div>\n<\/p><\/div>\n<\/p><\/div>\n","protected":false},"excerpt":{"rendered":"<p>Detailn\u00ed popis produktu V\u00fdsuv BLUM\u00ae s funkc\u00ed tlumen\u00ed BLUMOTION s do\u017eivotn\u00ed z\u00e1rukou Lakovan\u00e1 s\u00e9rie n\u00e1bytku KERALA pro umyvadla na postaven\u00ed v&nbsp;modern\u00edch matn\u00fdch barv\u00e1ch se vyzna\u010duje&nbsp;v\u00fdrazn\u00fdm designov\u00fdm prvkem &#8211; zaoblen\u00fdmi boky a \u010delem z\u00e1suvky. Sk\u0159\u00ed\u0148ky jsou jednoz\u00e1suvkov\u00e9, bez\u00fachytkov\u00e9 a s&nbsp;plynul\u00fdm dov\u00edr\u00e1n\u00edm. V&nbsp;nab\u00eddce jsou 2 typy desek o tl.12 mm: b\u00edl\u00e1 matn\u00e1 Rockstone a \u010dern\u00e1 matn\u00e1 kompaktn\u00ed [&hellip;]<\/p>\n","protected":false},"featured_media":75621,"comment_status":"open","ping_status":"open","template":"","meta":[],"product_brand":[],"product_cat":[63],"product_tag":[],"class_list":{"0":"post-75521","1":"product","2":"type-product","3":"status-publish","4":"has-post-thumbnail","6":"product_cat-umyvadlove-skrinky","8":"first","9":"instock","10":"sale","11":"shipping-taxable","12":"purchasable","13":"product-type-simple"},"yoast_head":"<!-- This site is optimized with the Yoast SEO plugin v26.8 - https:\/\/yoast.com\/product\/yoast-seo-wordpress\/ -->\n<title>Zna\u010dkov\u00fd KERALA umyvadlov\u00e1 sk\u0159\u00ed\u0148ka 100x35x47,5cm, 1x z\u00e1suvka, agila -<\/title>\n<meta name=\"robots\" content=\"index, follow, max-snippet:-1, max-image-preview:large, max-video-preview:-1\" \/>\n<link rel=\"canonical\" href=\"https:\/\/www.technodompro.com\/index.php\/produkt\/znackovy-kerala-umyvadlova-skrinka-100x35x47-5cm-1x-zasuvka-agila-75521\/\" \/>\n<meta property=\"og:locale\" content=\"cs_CZ\" \/>\n<meta property=\"og:type\" content=\"article\" \/>\n<meta property=\"og:title\" content=\"Zna\u010dkov\u00fd KERALA umyvadlov\u00e1 sk\u0159\u00ed\u0148ka 100x35x47,5cm, 1x z\u00e1suvka, agila -\" \/>\n<meta property=\"og:description\" content=\"Detailn\u00ed popis produktu V\u00fdsuv BLUM\u00ae s funkc\u00ed tlumen\u00ed BLUMOTION s do\u017eivotn\u00ed z\u00e1rukou Lakovan\u00e1 s\u00e9rie n\u00e1bytku KERALA pro umyvadla na postaven\u00ed v&nbsp;modern\u00edch matn\u00fdch barv\u00e1ch se vyzna\u010duje&nbsp;v\u00fdrazn\u00fdm designov\u00fdm prvkem &#8211; zaoblen\u00fdmi boky a \u010delem z\u00e1suvky. Sk\u0159\u00ed\u0148ky jsou jednoz\u00e1suvkov\u00e9, bez\u00fachytkov\u00e9 a s&nbsp;plynul\u00fdm dov\u00edr\u00e1n\u00edm. V&nbsp;nab\u00eddce jsou 2 typy desek o tl.12 mm: b\u00edl\u00e1 matn\u00e1 Rockstone a \u010dern\u00e1 matn\u00e1 kompaktn\u00ed [&hellip;]\" \/>\n<meta property=\"og:url\" content=\"https:\/\/www.technodompro.com\/index.php\/produkt\/znackovy-kerala-umyvadlova-skrinka-100x35x47-5cm-1x-zasuvka-agila-75521\/\" \/>\n<meta property=\"og:image\" content=\"https:\/\/www.technodompro.com\/wp-content\/uploads\/2026\/SK0019278-CZ20260425-092556-0-1777080363-1670539_kr100-4343-251118147865777.webp\" \/>\n\t<meta property=\"og:image:width\" content=\"1000\" \/>\n\t<meta property=\"og:image:height\" content=\"750\" \/>\n\t<meta property=\"og:image:type\" content=\"image\/webp\" \/>\n<meta name=\"twitter:card\" content=\"summary_large_image\" \/>\n<meta name=\"twitter:label1\" content=\"Odhadovan\u00e1 doba \u010dten\u00ed\" \/>\n\t<meta name=\"twitter:data1\" content=\"1 minuta\" \/>\n<script type=\"application\/ld+json\" class=\"yoast-schema-graph\">{\"@context\":\"https:\/\/schema.org\",\"@graph\":[{\"@type\":\"WebPage\",\"@id\":\"https:\/\/www.technodompro.com\/index.php\/produkt\/znackovy-kerala-umyvadlova-skrinka-100x35x47-5cm-1x-zasuvka-agila-75521\/\",\"url\":\"https:\/\/www.technodompro.com\/index.php\/produkt\/znackovy-kerala-umyvadlova-skrinka-100x35x47-5cm-1x-zasuvka-agila-75521\/\",\"name\":\"Zna\u010dkov\u00fd KERALA umyvadlov\u00e1 sk\u0159\u00ed\u0148ka 100x35x47,5cm, 1x z\u00e1suvka, agila -\",\"isPartOf\":{\"@id\":\"https:\/\/www.technodompro.com\/#website\"},\"primaryImageOfPage\":{\"@id\":\"https:\/\/www.technodompro.com\/index.php\/produkt\/znackovy-kerala-umyvadlova-skrinka-100x35x47-5cm-1x-zasuvka-agila-75521\/#primaryimage\"},\"image\":{\"@id\":\"https:\/\/www.technodompro.com\/index.php\/produkt\/znackovy-kerala-umyvadlova-skrinka-100x35x47-5cm-1x-zasuvka-agila-75521\/#primaryimage\"},\"thumbnailUrl\":\"https:\/\/www.technodompro.com\/wp-content\/uploads\/2026\/SK0019278-CZ20260425-092556-0-1777080363-1670539_kr100-4343-251118147865777.webp\",\"datePublished\":\"2026-04-27T04:43:59+00:00\",\"breadcrumb\":{\"@id\":\"https:\/\/www.technodompro.com\/index.php\/produkt\/znackovy-kerala-umyvadlova-skrinka-100x35x47-5cm-1x-zasuvka-agila-75521\/#breadcrumb\"},\"inLanguage\":\"cs\",\"potentialAction\":[{\"@type\":\"ReadAction\",\"target\":[\"https:\/\/www.technodompro.com\/index.php\/produkt\/znackovy-kerala-umyvadlova-skrinka-100x35x47-5cm-1x-zasuvka-agila-75521\/\"]}]},{\"@type\":\"ImageObject\",\"inLanguage\":\"cs\",\"@id\":\"https:\/\/www.technodompro.com\/index.php\/produkt\/znackovy-kerala-umyvadlova-skrinka-100x35x47-5cm-1x-zasuvka-agila-75521\/#primaryimage\",\"url\":\"https:\/\/www.technodompro.com\/wp-content\/uploads\/2026\/SK0019278-CZ20260425-092556-0-1777080363-1670539_kr100-4343-251118147865777.webp\",\"contentUrl\":\"https:\/\/www.technodompro.com\/wp-content\/uploads\/2026\/SK0019278-CZ20260425-092556-0-1777080363-1670539_kr100-4343-251118147865777.webp\",\"width\":1000,\"height\":750},{\"@type\":\"BreadcrumbList\",\"@id\":\"https:\/\/www.technodompro.com\/index.php\/produkt\/znackovy-kerala-umyvadlova-skrinka-100x35x47-5cm-1x-zasuvka-agila-75521\/#breadcrumb\",\"itemListElement\":[{\"@type\":\"ListItem\",\"position\":1,\"name\":\"Home\",\"item\":\"https:\/\/www.technodompro.com\/\"},{\"@type\":\"ListItem\",\"position\":2,\"name\":\"Products\",\"item\":\"https:\/\/www.technodompro.com\/index.php\/products\/\"},{\"@type\":\"ListItem\",\"position\":3,\"name\":\"Zna\u010dkov\u00fd KERALA umyvadlov\u00e1 sk\u0159\u00ed\u0148ka 100x35x47,5cm, 1x z\u00e1suvka, agila\"}]},{\"@type\":\"WebSite\",\"@id\":\"https:\/\/www.technodompro.com\/#website\",\"url\":\"https:\/\/www.technodompro.com\/\",\"name\":\"\",\"description\":\"\",\"potentialAction\":[{\"@type\":\"SearchAction\",\"target\":{\"@type\":\"EntryPoint\",\"urlTemplate\":\"https:\/\/www.technodompro.com\/?s={search_term_string}\"},\"query-input\":{\"@type\":\"PropertyValueSpecification\",\"valueRequired\":true,\"valueName\":\"search_term_string\"}}],\"inLanguage\":\"cs\"}]}<\/script>\n<!-- \/ Yoast SEO plugin. -->","yoast_head_json":{"title":"Zna\u010dkov\u00fd KERALA umyvadlov\u00e1 sk\u0159\u00ed\u0148ka 100x35x47,5cm, 1x z\u00e1suvka, agila -","robots":{"index":"index","follow":"follow","max-snippet":"max-snippet:-1","max-image-preview":"max-image-preview:large","max-video-preview":"max-video-preview:-1"},"canonical":"https:\/\/www.technodompro.com\/index.php\/produkt\/znackovy-kerala-umyvadlova-skrinka-100x35x47-5cm-1x-zasuvka-agila-75521\/","og_locale":"cs_CZ","og_type":"article","og_title":"Zna\u010dkov\u00fd KERALA umyvadlov\u00e1 sk\u0159\u00ed\u0148ka 100x35x47,5cm, 1x z\u00e1suvka, agila -","og_description":"Detailn\u00ed popis produktu V\u00fdsuv BLUM\u00ae s funkc\u00ed tlumen\u00ed BLUMOTION s do\u017eivotn\u00ed z\u00e1rukou Lakovan\u00e1 s\u00e9rie n\u00e1bytku KERALA pro umyvadla na postaven\u00ed v&nbsp;modern\u00edch matn\u00fdch barv\u00e1ch se vyzna\u010duje&nbsp;v\u00fdrazn\u00fdm designov\u00fdm prvkem &#8211; zaoblen\u00fdmi boky a \u010delem z\u00e1suvky. Sk\u0159\u00ed\u0148ky jsou jednoz\u00e1suvkov\u00e9, bez\u00fachytkov\u00e9 a s&nbsp;plynul\u00fdm dov\u00edr\u00e1n\u00edm. V&nbsp;nab\u00eddce jsou 2 typy desek o tl.12 mm: b\u00edl\u00e1 matn\u00e1 Rockstone a \u010dern\u00e1 matn\u00e1 kompaktn\u00ed [&hellip;]","og_url":"https:\/\/www.technodompro.com\/index.php\/produkt\/znackovy-kerala-umyvadlova-skrinka-100x35x47-5cm-1x-zasuvka-agila-75521\/","og_image":[{"width":1000,"height":750,"url":"https:\/\/www.technodompro.com\/wp-content\/uploads\/2026\/SK0019278-CZ20260425-092556-0-1777080363-1670539_kr100-4343-251118147865777.webp","type":"image\/webp"}],"twitter_card":"summary_large_image","twitter_misc":{"Odhadovan\u00e1 doba \u010dten\u00ed":"1 minuta"},"schema":{"@context":"https:\/\/schema.org","@graph":[{"@type":"WebPage","@id":"https:\/\/www.technodompro.com\/index.php\/produkt\/znackovy-kerala-umyvadlova-skrinka-100x35x47-5cm-1x-zasuvka-agila-75521\/","url":"https:\/\/www.technodompro.com\/index.php\/produkt\/znackovy-kerala-umyvadlova-skrinka-100x35x47-5cm-1x-zasuvka-agila-75521\/","name":"Zna\u010dkov\u00fd KERALA umyvadlov\u00e1 sk\u0159\u00ed\u0148ka 100x35x47,5cm, 1x z\u00e1suvka, agila -","isPartOf":{"@id":"https:\/\/www.technodompro.com\/#website"},"primaryImageOfPage":{"@id":"https:\/\/www.technodompro.com\/index.php\/produkt\/znackovy-kerala-umyvadlova-skrinka-100x35x47-5cm-1x-zasuvka-agila-75521\/#primaryimage"},"image":{"@id":"https:\/\/www.technodompro.com\/index.php\/produkt\/znackovy-kerala-umyvadlova-skrinka-100x35x47-5cm-1x-zasuvka-agila-75521\/#primaryimage"},"thumbnailUrl":"https:\/\/www.technodompro.com\/wp-content\/uploads\/2026\/SK0019278-CZ20260425-092556-0-1777080363-1670539_kr100-4343-251118147865777.webp","datePublished":"2026-04-27T04:43:59+00:00","breadcrumb":{"@id":"https:\/\/www.technodompro.com\/index.php\/produkt\/znackovy-kerala-umyvadlova-skrinka-100x35x47-5cm-1x-zasuvka-agila-75521\/#breadcrumb"},"inLanguage":"cs","potentialAction":[{"@type":"ReadAction","target":["https:\/\/www.technodompro.com\/index.php\/produkt\/znackovy-kerala-umyvadlova-skrinka-100x35x47-5cm-1x-zasuvka-agila-75521\/"]}]},{"@type":"ImageObject","inLanguage":"cs","@id":"https:\/\/www.technodompro.com\/index.php\/produkt\/znackovy-kerala-umyvadlova-skrinka-100x35x47-5cm-1x-zasuvka-agila-75521\/#primaryimage","url":"https:\/\/www.technodompro.com\/wp-content\/uploads\/2026\/SK0019278-CZ20260425-092556-0-1777080363-1670539_kr100-4343-251118147865777.webp","contentUrl":"https:\/\/www.technodompro.com\/wp-content\/uploads\/2026\/SK0019278-CZ20260425-092556-0-1777080363-1670539_kr100-4343-251118147865777.webp","width":1000,"height":750},{"@type":"BreadcrumbList","@id":"https:\/\/www.technodompro.com\/index.php\/produkt\/znackovy-kerala-umyvadlova-skrinka-100x35x47-5cm-1x-zasuvka-agila-75521\/#breadcrumb","itemListElement":[{"@type":"ListItem","position":1,"name":"Home","item":"https:\/\/www.technodompro.com\/"},{"@type":"ListItem","position":2,"name":"Products","item":"https:\/\/www.technodompro.com\/index.php\/products\/"},{"@type":"ListItem","position":3,"name":"Zna\u010dkov\u00fd KERALA umyvadlov\u00e1 sk\u0159\u00ed\u0148ka 100x35x47,5cm, 1x z\u00e1suvka, agila"}]},{"@type":"WebSite","@id":"https:\/\/www.technodompro.com\/#website","url":"https:\/\/www.technodompro.com\/","name":"","description":"","potentialAction":[{"@type":"SearchAction","target":{"@type":"EntryPoint","urlTemplate":"https:\/\/www.technodompro.com\/?s={search_term_string}"},"query-input":{"@type":"PropertyValueSpecification","valueRequired":true,"valueName":"search_term_string"}}],"inLanguage":"cs"}]}},"_links":{"self":[{"href":"https:\/\/www.technodompro.com\/index.php\/wp-json\/wp\/v2\/product\/75521","targetHints":{"allow":["GET"]}}],"collection":[{"href":"https:\/\/www.technodompro.com\/index.php\/wp-json\/wp\/v2\/product"}],"about":[{"href":"https:\/\/www.technodompro.com\/index.php\/wp-json\/wp\/v2\/types\/product"}],"replies":[{"embeddable":true,"href":"https:\/\/www.technodompro.com\/index.php\/wp-json\/wp\/v2\/comments?post=75521"}],"wp:featuredmedia":[{"embeddable":true,"href":"https:\/\/www.technodompro.com\/index.php\/wp-json\/wp\/v2\/media\/75621"}],"wp:attachment":[{"href":"https:\/\/www.technodompro.com\/index.php\/wp-json\/wp\/v2\/media?parent=75521"}],"wp:term":[{"taxonomy":"product_brand","embeddable":true,"href":"https:\/\/www.technodompro.com\/index.php\/wp-json\/wp\/v2\/product_brand?post=75521"},{"taxonomy":"product_cat","embeddable":true,"href":"https:\/\/www.technodompro.com\/index.php\/wp-json\/wp\/v2\/product_cat?post=75521"},{"taxonomy":"product_tag","embeddable":true,"href":"https:\/\/www.technodompro.com\/index.php\/wp-json\/wp\/v2\/product_tag?post=75521"}],"curies":[{"name":"wp","href":"https:\/\/api.w.org\/{rel}","templated":true}]}}