{"id":76298,"date":"2026-04-27T04:44:01","date_gmt":"2026-04-27T04:44:01","guid":{"rendered":""},"modified":"2026-04-27T04:44:01","modified_gmt":"2026-04-27T04:44:01","slug":"znackovy-sapho-forata-stojankova-bidetova-baterie-bez-vypusti-cerna-mat-76298","status":"publish","type":"product","link":"https:\/\/www.technodompro.com\/index.php\/produkt\/znackovy-sapho-forata-stojankova-bidetova-baterie-bez-vypusti-cerna-mat-76298\/","title":{"rendered":"Zna\u010dkov\u00fd Sapho Forata Stoj\u00e1nkov\u00e1 bidetov\u00e1 baterie bez v\u00fdpusti, \u010dern\u00e1 mat"},"content":{"rendered":"<div class=\"ProductDetail-content NoFixImageContainer\" id=\"productDescription\">\n<div class=\"Heading\">\n<h2 class=\"Heading-title\">Popis produktu <span class=''>Sapho Forata Stoj\u00e1nkov\u00e1 bidetov\u00e1 baterie bez v\u00fdpusti, \u010dern\u00e1 mat<\/span><\/h2>\n<\/p><\/div>\n<div class=\"ProductDetailContent\">\n<ul>\n<li><span style=\"font-size:16px\">\u0160\u00ed\u0159ka: 55 mm<\/span><\/li>\n<li><span style=\"font-size:16px\">Hloubka: 140 mm<\/span><\/li>\n<li><span style=\"font-size:16px\">V\u00fd\u0161ka: 148 mm<\/span><\/li>\n<li><span style=\"font-size:16px\">Barva: \u010dern\u00e1 mat<\/span><\/li>\n<li><span style=\"font-size:16px\">Materi\u00e1l: Mosaz<\/span><\/li>\n<li><span style=\"font-size:16px\">Tvar: Hranat\u00e9<\/span><\/li>\n<li><span style=\"font-size:16px\">Instalace: Stoj\u00e1nkov\u00e1<\/span><\/li>\n<li><span style=\"font-size:16px\">Druh ovl\u00e1d\u00e1n\u00ed: P\u00e1ka<\/span><\/li>\n<\/ul><\/div>\n<div class=\"ProductDetailContent\">                                                                    <\/div>\n<\/p><\/div>\n<\/p><\/div>\n<\/p><\/div>\n","protected":false},"excerpt":{"rendered":"<p>Popis produktu Sapho Forata Stoj\u00e1nkov\u00e1 bidetov\u00e1 baterie bez v\u00fdpusti, \u010dern\u00e1 mat \u0160\u00ed\u0159ka: 55 mm Hloubka: 140 mm V\u00fd\u0161ka: 148 mm Barva: \u010dern\u00e1 mat Materi\u00e1l: Mosaz Tvar: Hranat\u00e9 Instalace: Stoj\u00e1nkov\u00e1 Druh ovl\u00e1d\u00e1n\u00ed: P\u00e1ka<\/p>\n","protected":false},"featured_media":76398,"comment_status":"open","ping_status":"open","template":"","meta":[],"product_brand":[],"product_cat":[72],"product_tag":[],"class_list":{"0":"post-76298","1":"product","2":"type-product","3":"status-publish","4":"has-post-thumbnail","6":"product_cat-koupelny","8":"first","9":"instock","10":"sale","11":"shipping-taxable","12":"purchasable","13":"product-type-simple"},"yoast_head":"<!-- This site is optimized with the Yoast SEO plugin v26.8 - https:\/\/yoast.com\/product\/yoast-seo-wordpress\/ -->\n<title>Zna\u010dkov\u00fd Sapho Forata Stoj\u00e1nkov\u00e1 bidetov\u00e1 baterie bez v\u00fdpusti, \u010dern\u00e1 mat -<\/title>\n<meta name=\"robots\" content=\"index, follow, max-snippet:-1, max-image-preview:large, max-video-preview:-1\" \/>\n<link rel=\"canonical\" href=\"https:\/\/www.technodompro.com\/index.php\/produkt\/znackovy-sapho-forata-stojankova-bidetova-baterie-bez-vypusti-cerna-mat-76298\/\" \/>\n<meta property=\"og:locale\" content=\"cs_CZ\" \/>\n<meta property=\"og:type\" content=\"article\" \/>\n<meta property=\"og:title\" content=\"Zna\u010dkov\u00fd Sapho Forata Stoj\u00e1nkov\u00e1 bidetov\u00e1 baterie bez v\u00fdpusti, \u010dern\u00e1 mat -\" \/>\n<meta property=\"og:description\" content=\"Popis produktu Sapho Forata Stoj\u00e1nkov\u00e1 bidetov\u00e1 baterie bez v\u00fdpusti, \u010dern\u00e1 mat \u0160\u00ed\u0159ka: 55 mm Hloubka: 140 mm V\u00fd\u0161ka: 148 mm Barva: \u010dern\u00e1 mat Materi\u00e1l: Mosaz Tvar: Hranat\u00e9 Instalace: Stoj\u00e1nkov\u00e1 Druh ovl\u00e1d\u00e1n\u00ed: P\u00e1ka\" \/>\n<meta property=\"og:url\" content=\"https:\/\/www.technodompro.com\/index.php\/produkt\/znackovy-sapho-forata-stojankova-bidetova-baterie-bez-vypusti-cerna-mat-76298\/\" \/>\n<meta property=\"og:image\" content=\"https:\/\/www.technodompro.com\/wp-content\/uploads\/2026\/SK0017465-CZ20260425-092632-0-1777080397-sapho-forata-stojankova-bidetova-baterie-bez-vypusti-cerna-.webp\" \/>\n\t<meta property=\"og:image:width\" content=\"578\" \/>\n\t<meta property=\"og:image:height\" content=\"600\" \/>\n\t<meta property=\"og:image:type\" content=\"image\/webp\" \/>\n<meta name=\"twitter:card\" content=\"summary_large_image\" \/>\n<script type=\"application\/ld+json\" class=\"yoast-schema-graph\">{\"@context\":\"https:\/\/schema.org\",\"@graph\":[{\"@type\":\"WebPage\",\"@id\":\"https:\/\/www.technodompro.com\/index.php\/produkt\/znackovy-sapho-forata-stojankova-bidetova-baterie-bez-vypusti-cerna-mat-76298\/\",\"url\":\"https:\/\/www.technodompro.com\/index.php\/produkt\/znackovy-sapho-forata-stojankova-bidetova-baterie-bez-vypusti-cerna-mat-76298\/\",\"name\":\"Zna\u010dkov\u00fd Sapho Forata Stoj\u00e1nkov\u00e1 bidetov\u00e1 baterie bez v\u00fdpusti, \u010dern\u00e1 mat -\",\"isPartOf\":{\"@id\":\"https:\/\/www.technodompro.com\/#website\"},\"primaryImageOfPage\":{\"@id\":\"https:\/\/www.technodompro.com\/index.php\/produkt\/znackovy-sapho-forata-stojankova-bidetova-baterie-bez-vypusti-cerna-mat-76298\/#primaryimage\"},\"image\":{\"@id\":\"https:\/\/www.technodompro.com\/index.php\/produkt\/znackovy-sapho-forata-stojankova-bidetova-baterie-bez-vypusti-cerna-mat-76298\/#primaryimage\"},\"thumbnailUrl\":\"https:\/\/www.technodompro.com\/wp-content\/uploads\/2026\/SK0017465-CZ20260425-092632-0-1777080397-sapho-forata-stojankova-bidetova-baterie-bez-vypusti-cerna-.webp\",\"datePublished\":\"2026-04-27T04:44:01+00:00\",\"breadcrumb\":{\"@id\":\"https:\/\/www.technodompro.com\/index.php\/produkt\/znackovy-sapho-forata-stojankova-bidetova-baterie-bez-vypusti-cerna-mat-76298\/#breadcrumb\"},\"inLanguage\":\"cs\",\"potentialAction\":[{\"@type\":\"ReadAction\",\"target\":[\"https:\/\/www.technodompro.com\/index.php\/produkt\/znackovy-sapho-forata-stojankova-bidetova-baterie-bez-vypusti-cerna-mat-76298\/\"]}]},{\"@type\":\"ImageObject\",\"inLanguage\":\"cs\",\"@id\":\"https:\/\/www.technodompro.com\/index.php\/produkt\/znackovy-sapho-forata-stojankova-bidetova-baterie-bez-vypusti-cerna-mat-76298\/#primaryimage\",\"url\":\"https:\/\/www.technodompro.com\/wp-content\/uploads\/2026\/SK0017465-CZ20260425-092632-0-1777080397-sapho-forata-stojankova-bidetova-baterie-bez-vypusti-cerna-.webp\",\"contentUrl\":\"https:\/\/www.technodompro.com\/wp-content\/uploads\/2026\/SK0017465-CZ20260425-092632-0-1777080397-sapho-forata-stojankova-bidetova-baterie-bez-vypusti-cerna-.webp\",\"width\":578,\"height\":600},{\"@type\":\"BreadcrumbList\",\"@id\":\"https:\/\/www.technodompro.com\/index.php\/produkt\/znackovy-sapho-forata-stojankova-bidetova-baterie-bez-vypusti-cerna-mat-76298\/#breadcrumb\",\"itemListElement\":[{\"@type\":\"ListItem\",\"position\":1,\"name\":\"Home\",\"item\":\"https:\/\/www.technodompro.com\/\"},{\"@type\":\"ListItem\",\"position\":2,\"name\":\"Products\",\"item\":\"https:\/\/www.technodompro.com\/index.php\/products\/\"},{\"@type\":\"ListItem\",\"position\":3,\"name\":\"Zna\u010dkov\u00fd Sapho Forata Stoj\u00e1nkov\u00e1 bidetov\u00e1 baterie bez v\u00fdpusti, \u010dern\u00e1 mat\"}]},{\"@type\":\"WebSite\",\"@id\":\"https:\/\/www.technodompro.com\/#website\",\"url\":\"https:\/\/www.technodompro.com\/\",\"name\":\"\",\"description\":\"\",\"potentialAction\":[{\"@type\":\"SearchAction\",\"target\":{\"@type\":\"EntryPoint\",\"urlTemplate\":\"https:\/\/www.technodompro.com\/?s={search_term_string}\"},\"query-input\":{\"@type\":\"PropertyValueSpecification\",\"valueRequired\":true,\"valueName\":\"search_term_string\"}}],\"inLanguage\":\"cs\"}]}<\/script>\n<!-- \/ Yoast SEO plugin. -->","yoast_head_json":{"title":"Zna\u010dkov\u00fd Sapho Forata Stoj\u00e1nkov\u00e1 bidetov\u00e1 baterie bez v\u00fdpusti, \u010dern\u00e1 mat -","robots":{"index":"index","follow":"follow","max-snippet":"max-snippet:-1","max-image-preview":"max-image-preview:large","max-video-preview":"max-video-preview:-1"},"canonical":"https:\/\/www.technodompro.com\/index.php\/produkt\/znackovy-sapho-forata-stojankova-bidetova-baterie-bez-vypusti-cerna-mat-76298\/","og_locale":"cs_CZ","og_type":"article","og_title":"Zna\u010dkov\u00fd Sapho Forata Stoj\u00e1nkov\u00e1 bidetov\u00e1 baterie bez v\u00fdpusti, \u010dern\u00e1 mat -","og_description":"Popis produktu Sapho Forata Stoj\u00e1nkov\u00e1 bidetov\u00e1 baterie bez v\u00fdpusti, \u010dern\u00e1 mat \u0160\u00ed\u0159ka: 55 mm Hloubka: 140 mm V\u00fd\u0161ka: 148 mm Barva: \u010dern\u00e1 mat Materi\u00e1l: Mosaz Tvar: Hranat\u00e9 Instalace: Stoj\u00e1nkov\u00e1 Druh ovl\u00e1d\u00e1n\u00ed: P\u00e1ka","og_url":"https:\/\/www.technodompro.com\/index.php\/produkt\/znackovy-sapho-forata-stojankova-bidetova-baterie-bez-vypusti-cerna-mat-76298\/","og_image":[{"width":578,"height":600,"url":"https:\/\/www.technodompro.com\/wp-content\/uploads\/2026\/SK0017465-CZ20260425-092632-0-1777080397-sapho-forata-stojankova-bidetova-baterie-bez-vypusti-cerna-.webp","type":"image\/webp"}],"twitter_card":"summary_large_image","schema":{"@context":"https:\/\/schema.org","@graph":[{"@type":"WebPage","@id":"https:\/\/www.technodompro.com\/index.php\/produkt\/znackovy-sapho-forata-stojankova-bidetova-baterie-bez-vypusti-cerna-mat-76298\/","url":"https:\/\/www.technodompro.com\/index.php\/produkt\/znackovy-sapho-forata-stojankova-bidetova-baterie-bez-vypusti-cerna-mat-76298\/","name":"Zna\u010dkov\u00fd Sapho Forata Stoj\u00e1nkov\u00e1 bidetov\u00e1 baterie bez v\u00fdpusti, \u010dern\u00e1 mat -","isPartOf":{"@id":"https:\/\/www.technodompro.com\/#website"},"primaryImageOfPage":{"@id":"https:\/\/www.technodompro.com\/index.php\/produkt\/znackovy-sapho-forata-stojankova-bidetova-baterie-bez-vypusti-cerna-mat-76298\/#primaryimage"},"image":{"@id":"https:\/\/www.technodompro.com\/index.php\/produkt\/znackovy-sapho-forata-stojankova-bidetova-baterie-bez-vypusti-cerna-mat-76298\/#primaryimage"},"thumbnailUrl":"https:\/\/www.technodompro.com\/wp-content\/uploads\/2026\/SK0017465-CZ20260425-092632-0-1777080397-sapho-forata-stojankova-bidetova-baterie-bez-vypusti-cerna-.webp","datePublished":"2026-04-27T04:44:01+00:00","breadcrumb":{"@id":"https:\/\/www.technodompro.com\/index.php\/produkt\/znackovy-sapho-forata-stojankova-bidetova-baterie-bez-vypusti-cerna-mat-76298\/#breadcrumb"},"inLanguage":"cs","potentialAction":[{"@type":"ReadAction","target":["https:\/\/www.technodompro.com\/index.php\/produkt\/znackovy-sapho-forata-stojankova-bidetova-baterie-bez-vypusti-cerna-mat-76298\/"]}]},{"@type":"ImageObject","inLanguage":"cs","@id":"https:\/\/www.technodompro.com\/index.php\/produkt\/znackovy-sapho-forata-stojankova-bidetova-baterie-bez-vypusti-cerna-mat-76298\/#primaryimage","url":"https:\/\/www.technodompro.com\/wp-content\/uploads\/2026\/SK0017465-CZ20260425-092632-0-1777080397-sapho-forata-stojankova-bidetova-baterie-bez-vypusti-cerna-.webp","contentUrl":"https:\/\/www.technodompro.com\/wp-content\/uploads\/2026\/SK0017465-CZ20260425-092632-0-1777080397-sapho-forata-stojankova-bidetova-baterie-bez-vypusti-cerna-.webp","width":578,"height":600},{"@type":"BreadcrumbList","@id":"https:\/\/www.technodompro.com\/index.php\/produkt\/znackovy-sapho-forata-stojankova-bidetova-baterie-bez-vypusti-cerna-mat-76298\/#breadcrumb","itemListElement":[{"@type":"ListItem","position":1,"name":"Home","item":"https:\/\/www.technodompro.com\/"},{"@type":"ListItem","position":2,"name":"Products","item":"https:\/\/www.technodompro.com\/index.php\/products\/"},{"@type":"ListItem","position":3,"name":"Zna\u010dkov\u00fd Sapho Forata Stoj\u00e1nkov\u00e1 bidetov\u00e1 baterie bez v\u00fdpusti, \u010dern\u00e1 mat"}]},{"@type":"WebSite","@id":"https:\/\/www.technodompro.com\/#website","url":"https:\/\/www.technodompro.com\/","name":"","description":"","potentialAction":[{"@type":"SearchAction","target":{"@type":"EntryPoint","urlTemplate":"https:\/\/www.technodompro.com\/?s={search_term_string}"},"query-input":{"@type":"PropertyValueSpecification","valueRequired":true,"valueName":"search_term_string"}}],"inLanguage":"cs"}]}},"_links":{"self":[{"href":"https:\/\/www.technodompro.com\/index.php\/wp-json\/wp\/v2\/product\/76298","targetHints":{"allow":["GET"]}}],"collection":[{"href":"https:\/\/www.technodompro.com\/index.php\/wp-json\/wp\/v2\/product"}],"about":[{"href":"https:\/\/www.technodompro.com\/index.php\/wp-json\/wp\/v2\/types\/product"}],"replies":[{"embeddable":true,"href":"https:\/\/www.technodompro.com\/index.php\/wp-json\/wp\/v2\/comments?post=76298"}],"wp:featuredmedia":[{"embeddable":true,"href":"https:\/\/www.technodompro.com\/index.php\/wp-json\/wp\/v2\/media\/76398"}],"wp:attachment":[{"href":"https:\/\/www.technodompro.com\/index.php\/wp-json\/wp\/v2\/media?parent=76298"}],"wp:term":[{"taxonomy":"product_brand","embeddable":true,"href":"https:\/\/www.technodompro.com\/index.php\/wp-json\/wp\/v2\/product_brand?post=76298"},{"taxonomy":"product_cat","embeddable":true,"href":"https:\/\/www.technodompro.com\/index.php\/wp-json\/wp\/v2\/product_cat?post=76298"},{"taxonomy":"product_tag","embeddable":true,"href":"https:\/\/www.technodompro.com\/index.php\/wp-json\/wp\/v2\/product_tag?post=76298"}],"curies":[{"name":"wp","href":"https:\/\/api.w.org\/{rel}","templated":true}]}}