{"id":76499,"date":"2026-04-27T04:44:02","date_gmt":"2026-04-27T04:44:02","guid":{"rendered":""},"modified":"2026-04-27T04:44:02","modified_gmt":"2026-04-27T04:44:02","slug":"znackovy-giacomini-htr230-manualni-termostat-230v-76499","status":"publish","type":"product","link":"https:\/\/www.technodompro.com\/index.php\/produkt\/znackovy-giacomini-htr230-manualni-termostat-230v-76499\/","title":{"rendered":"Zna\u010dkov\u00fd Giacomini HTR230 Manu\u00e1ln\u00ed termostat 230V"},"content":{"rendered":"<div class=\"ProductDetail-content NoFixImageContainer\" id=\"productDescription\">\n<div class=\"Heading\">\n<h2 class=\"Heading-title\">Popis produktu <span class=''>Giacomini HTR230 Manu\u00e1ln\u00ed termostat 230V<\/span><\/h2>\n<\/p><\/div>\n<div class=\"ProductDetailContent\">\n<ul>\n<li><span style=\"font-size:16px\">tich\u00e9 sp\u00edn\u00e1n\u00ed<\/span><\/li>\n<li><span style=\"font-size:16px\">funkce PWM \u2013 zaji\u0161\u0165uje p\u0159esn\u00e9 udr\u017eov\u00e1n\u00ed nastaven\u00e9 pokojov\u00e9 teploty<\/span><\/li>\n<li><span style=\"font-size:16px\">funkce NSB \u2013 sn\u00ed\u017een\u00ed teploty (termostat v re\u017eimu SLAVE)<\/span><\/li>\n<li><span style=\"font-size:16px\">funkce VP \u2013 ochrana ventilu<\/span><\/li>\n<li><span style=\"font-size:16px\">automatick\u00e9 p\u0159ep\u00edn\u00e1n\u00ed vyt\u00e1p\u011bn\u00ed \/ chlazen\u00ed<\/span><\/li>\n<li><span style=\"font-size:16px\">funkce blokov\u00e1n\u00ed chlazen\u00ed<\/span><\/li>\n<li><span style=\"font-size:16px\">mo\u017enost p\u0159ipojen\u00ed k svorkovnici KL08NSB nebo KL06-M (230V)<\/span><\/li>\n<li><span style=\"font-size:16px\">termostat funguje pouze s pohony NC<\/span><\/li>\n<\/ul>\n<div class=\"et_clickable et_pb_bg_layout_light et_pb_module et_pb_text et_pb_text_0_tb_body et_pb_text_align_left\">\n<div class=\"et_pb_text_inner\">\n<h3>Technick\u00e9 informace<\/h3>\n<table style=\"width:441px\">\n<tbody>\n<tr>\n<th style=\"text-align:left; width:255.486px\"><span style=\"font-size:16px\">Nap\u00e1jen\u00ed termostatu<\/span><\/th>\n<td style=\"width:178.212px\"><span style=\"font-size:16px\">230V AC 50Hz<\/span><\/td>\n<\/tr>\n<tr>\n<th style=\"text-align:left; width:255.486px\"><span style=\"font-size:16px\">Maxim\u00e1ln\u00ed odporov\u00e1 z\u00e1t\u011b\u017e<\/span><\/th>\n<td style=\"width:178.212px\"><span style=\"font-size:16px\">0,5 A<\/span><\/td>\n<\/tr>\n<tr>\n<th style=\"text-align:left; width:255.486px\"><span style=\"font-size:16px\">Sp\u00edn\u00e1n\u00ed<\/span><\/th>\n<td style=\"width:178.212px\"><span style=\"font-size:16px\">Nap\u011b\u0165ov\u00e9 230V<\/span><\/td>\n<\/tr>\n<tr>\n<th style=\"text-align:left; width:255.486px\"><span style=\"font-size:16px\">Rozsah \u0159\u00edzen\u00ed teploty<\/span><\/th>\n<td style=\"width:178.212px\"><span style=\"font-size:16px\">5-30\u00b0C<\/span><\/td>\n<\/tr>\n<tr>\n<th style=\"text-align:left; width:255.486px\"><span style=\"font-size:16px\">Hystereze<\/span><\/th>\n<td style=\"width:178.212px\"><span style=\"font-size:16px\">\u00b10,5\u00b0C<\/span><\/td>\n<\/tr>\n<tr>\n<th style=\"text-align:left; width:255.486px\"><span style=\"font-size:16px\">Rozm\u011bry termostatu [mm]<\/span><\/th>\n<td style=\"width:178.212px\"><span style=\"font-size:16px\">85 x 85 x 25<\/span><\/td>\n<\/tr>\n<\/tbody>\n<\/table>\n<\/div>\n<\/div><\/div>\n<div class=\"ProductDetailContent\">                                                                    <\/div>\n<\/p><\/div>\n<\/p><\/div>\n<\/p><\/div>\n","protected":false},"excerpt":{"rendered":"<p>Popis produktu Giacomini HTR230 Manu\u00e1ln\u00ed termostat 230V tich\u00e9 sp\u00edn\u00e1n\u00ed funkce PWM \u2013 zaji\u0161\u0165uje p\u0159esn\u00e9 udr\u017eov\u00e1n\u00ed nastaven\u00e9 pokojov\u00e9 teploty funkce NSB \u2013 sn\u00ed\u017een\u00ed teploty (termostat v re\u017eimu SLAVE) funkce VP \u2013 ochrana ventilu automatick\u00e9 p\u0159ep\u00edn\u00e1n\u00ed vyt\u00e1p\u011bn\u00ed \/ chlazen\u00ed funkce blokov\u00e1n\u00ed chlazen\u00ed mo\u017enost p\u0159ipojen\u00ed k svorkovnici KL08NSB nebo KL06-M (230V) termostat funguje pouze s pohony NC Technick\u00e9 [&hellip;]<\/p>\n","protected":false},"featured_media":76599,"comment_status":"open","ping_status":"open","template":"","meta":[],"product_brand":[],"product_cat":[73],"product_tag":[],"class_list":{"0":"post-76499","1":"product","2":"type-product","3":"status-publish","4":"has-post-thumbnail","6":"product_cat-topeni","8":"first","9":"instock","10":"sale","11":"shipping-taxable","12":"purchasable","13":"product-type-simple"},"yoast_head":"<!-- This site is optimized with the Yoast SEO plugin v26.8 - https:\/\/yoast.com\/product\/yoast-seo-wordpress\/ -->\n<title>Zna\u010dkov\u00fd Giacomini HTR230 Manu\u00e1ln\u00ed termostat 230V -<\/title>\n<meta name=\"robots\" content=\"index, follow, max-snippet:-1, max-image-preview:large, max-video-preview:-1\" \/>\n<link rel=\"canonical\" href=\"https:\/\/www.technodompro.com\/index.php\/produkt\/znackovy-giacomini-htr230-manualni-termostat-230v-76499\/\" \/>\n<meta property=\"og:locale\" content=\"cs_CZ\" \/>\n<meta property=\"og:type\" content=\"article\" \/>\n<meta property=\"og:title\" content=\"Zna\u010dkov\u00fd Giacomini HTR230 Manu\u00e1ln\u00ed termostat 230V -\" \/>\n<meta property=\"og:description\" content=\"Popis produktu Giacomini HTR230 Manu\u00e1ln\u00ed termostat 230V tich\u00e9 sp\u00edn\u00e1n\u00ed funkce PWM \u2013 zaji\u0161\u0165uje p\u0159esn\u00e9 udr\u017eov\u00e1n\u00ed nastaven\u00e9 pokojov\u00e9 teploty funkce NSB \u2013 sn\u00ed\u017een\u00ed teploty (termostat v re\u017eimu SLAVE) funkce VP \u2013 ochrana ventilu automatick\u00e9 p\u0159ep\u00edn\u00e1n\u00ed vyt\u00e1p\u011bn\u00ed \/ chlazen\u00ed funkce blokov\u00e1n\u00ed chlazen\u00ed mo\u017enost p\u0159ipojen\u00ed k svorkovnici KL08NSB nebo KL06-M (230V) termostat funguje pouze s pohony NC Technick\u00e9 [&hellip;]\" \/>\n<meta property=\"og:url\" content=\"https:\/\/www.technodompro.com\/index.php\/produkt\/znackovy-giacomini-htr230-manualni-termostat-230v-76499\/\" \/>\n<meta property=\"og:image\" content=\"https:\/\/www.technodompro.com\/wp-content\/uploads\/2026\/SK0017577-CZ20260425-092632-0-1777080397-giacomini-htr230-manualni-termostat-230v-1115015.webp\" \/>\n\t<meta property=\"og:image:width\" content=\"600\" \/>\n\t<meta property=\"og:image:height\" content=\"490\" \/>\n\t<meta property=\"og:image:type\" content=\"image\/webp\" \/>\n<meta name=\"twitter:card\" content=\"summary_large_image\" \/>\n<meta name=\"twitter:label1\" content=\"Odhadovan\u00e1 doba \u010dten\u00ed\" \/>\n\t<meta name=\"twitter:data1\" content=\"1 minuta\" \/>\n<script type=\"application\/ld+json\" class=\"yoast-schema-graph\">{\"@context\":\"https:\/\/schema.org\",\"@graph\":[{\"@type\":\"WebPage\",\"@id\":\"https:\/\/www.technodompro.com\/index.php\/produkt\/znackovy-giacomini-htr230-manualni-termostat-230v-76499\/\",\"url\":\"https:\/\/www.technodompro.com\/index.php\/produkt\/znackovy-giacomini-htr230-manualni-termostat-230v-76499\/\",\"name\":\"Zna\u010dkov\u00fd Giacomini HTR230 Manu\u00e1ln\u00ed termostat 230V -\",\"isPartOf\":{\"@id\":\"https:\/\/www.technodompro.com\/#website\"},\"primaryImageOfPage\":{\"@id\":\"https:\/\/www.technodompro.com\/index.php\/produkt\/znackovy-giacomini-htr230-manualni-termostat-230v-76499\/#primaryimage\"},\"image\":{\"@id\":\"https:\/\/www.technodompro.com\/index.php\/produkt\/znackovy-giacomini-htr230-manualni-termostat-230v-76499\/#primaryimage\"},\"thumbnailUrl\":\"https:\/\/www.technodompro.com\/wp-content\/uploads\/2026\/SK0017577-CZ20260425-092632-0-1777080397-giacomini-htr230-manualni-termostat-230v-1115015.webp\",\"datePublished\":\"2026-04-27T04:44:02+00:00\",\"breadcrumb\":{\"@id\":\"https:\/\/www.technodompro.com\/index.php\/produkt\/znackovy-giacomini-htr230-manualni-termostat-230v-76499\/#breadcrumb\"},\"inLanguage\":\"cs\",\"potentialAction\":[{\"@type\":\"ReadAction\",\"target\":[\"https:\/\/www.technodompro.com\/index.php\/produkt\/znackovy-giacomini-htr230-manualni-termostat-230v-76499\/\"]}]},{\"@type\":\"ImageObject\",\"inLanguage\":\"cs\",\"@id\":\"https:\/\/www.technodompro.com\/index.php\/produkt\/znackovy-giacomini-htr230-manualni-termostat-230v-76499\/#primaryimage\",\"url\":\"https:\/\/www.technodompro.com\/wp-content\/uploads\/2026\/SK0017577-CZ20260425-092632-0-1777080397-giacomini-htr230-manualni-termostat-230v-1115015.webp\",\"contentUrl\":\"https:\/\/www.technodompro.com\/wp-content\/uploads\/2026\/SK0017577-CZ20260425-092632-0-1777080397-giacomini-htr230-manualni-termostat-230v-1115015.webp\",\"width\":600,\"height\":490},{\"@type\":\"BreadcrumbList\",\"@id\":\"https:\/\/www.technodompro.com\/index.php\/produkt\/znackovy-giacomini-htr230-manualni-termostat-230v-76499\/#breadcrumb\",\"itemListElement\":[{\"@type\":\"ListItem\",\"position\":1,\"name\":\"Home\",\"item\":\"https:\/\/www.technodompro.com\/\"},{\"@type\":\"ListItem\",\"position\":2,\"name\":\"Products\",\"item\":\"https:\/\/www.technodompro.com\/index.php\/products\/\"},{\"@type\":\"ListItem\",\"position\":3,\"name\":\"Zna\u010dkov\u00fd Giacomini HTR230 Manu\u00e1ln\u00ed termostat 230V\"}]},{\"@type\":\"WebSite\",\"@id\":\"https:\/\/www.technodompro.com\/#website\",\"url\":\"https:\/\/www.technodompro.com\/\",\"name\":\"\",\"description\":\"\",\"potentialAction\":[{\"@type\":\"SearchAction\",\"target\":{\"@type\":\"EntryPoint\",\"urlTemplate\":\"https:\/\/www.technodompro.com\/?s={search_term_string}\"},\"query-input\":{\"@type\":\"PropertyValueSpecification\",\"valueRequired\":true,\"valueName\":\"search_term_string\"}}],\"inLanguage\":\"cs\"}]}<\/script>\n<!-- \/ Yoast SEO plugin. -->","yoast_head_json":{"title":"Zna\u010dkov\u00fd Giacomini HTR230 Manu\u00e1ln\u00ed termostat 230V -","robots":{"index":"index","follow":"follow","max-snippet":"max-snippet:-1","max-image-preview":"max-image-preview:large","max-video-preview":"max-video-preview:-1"},"canonical":"https:\/\/www.technodompro.com\/index.php\/produkt\/znackovy-giacomini-htr230-manualni-termostat-230v-76499\/","og_locale":"cs_CZ","og_type":"article","og_title":"Zna\u010dkov\u00fd Giacomini HTR230 Manu\u00e1ln\u00ed termostat 230V -","og_description":"Popis produktu Giacomini HTR230 Manu\u00e1ln\u00ed termostat 230V tich\u00e9 sp\u00edn\u00e1n\u00ed funkce PWM \u2013 zaji\u0161\u0165uje p\u0159esn\u00e9 udr\u017eov\u00e1n\u00ed nastaven\u00e9 pokojov\u00e9 teploty funkce NSB \u2013 sn\u00ed\u017een\u00ed teploty (termostat v re\u017eimu SLAVE) funkce VP \u2013 ochrana ventilu automatick\u00e9 p\u0159ep\u00edn\u00e1n\u00ed vyt\u00e1p\u011bn\u00ed \/ chlazen\u00ed funkce blokov\u00e1n\u00ed chlazen\u00ed mo\u017enost p\u0159ipojen\u00ed k svorkovnici KL08NSB nebo KL06-M (230V) termostat funguje pouze s pohony NC Technick\u00e9 [&hellip;]","og_url":"https:\/\/www.technodompro.com\/index.php\/produkt\/znackovy-giacomini-htr230-manualni-termostat-230v-76499\/","og_image":[{"width":600,"height":490,"url":"https:\/\/www.technodompro.com\/wp-content\/uploads\/2026\/SK0017577-CZ20260425-092632-0-1777080397-giacomini-htr230-manualni-termostat-230v-1115015.webp","type":"image\/webp"}],"twitter_card":"summary_large_image","twitter_misc":{"Odhadovan\u00e1 doba \u010dten\u00ed":"1 minuta"},"schema":{"@context":"https:\/\/schema.org","@graph":[{"@type":"WebPage","@id":"https:\/\/www.technodompro.com\/index.php\/produkt\/znackovy-giacomini-htr230-manualni-termostat-230v-76499\/","url":"https:\/\/www.technodompro.com\/index.php\/produkt\/znackovy-giacomini-htr230-manualni-termostat-230v-76499\/","name":"Zna\u010dkov\u00fd Giacomini HTR230 Manu\u00e1ln\u00ed termostat 230V -","isPartOf":{"@id":"https:\/\/www.technodompro.com\/#website"},"primaryImageOfPage":{"@id":"https:\/\/www.technodompro.com\/index.php\/produkt\/znackovy-giacomini-htr230-manualni-termostat-230v-76499\/#primaryimage"},"image":{"@id":"https:\/\/www.technodompro.com\/index.php\/produkt\/znackovy-giacomini-htr230-manualni-termostat-230v-76499\/#primaryimage"},"thumbnailUrl":"https:\/\/www.technodompro.com\/wp-content\/uploads\/2026\/SK0017577-CZ20260425-092632-0-1777080397-giacomini-htr230-manualni-termostat-230v-1115015.webp","datePublished":"2026-04-27T04:44:02+00:00","breadcrumb":{"@id":"https:\/\/www.technodompro.com\/index.php\/produkt\/znackovy-giacomini-htr230-manualni-termostat-230v-76499\/#breadcrumb"},"inLanguage":"cs","potentialAction":[{"@type":"ReadAction","target":["https:\/\/www.technodompro.com\/index.php\/produkt\/znackovy-giacomini-htr230-manualni-termostat-230v-76499\/"]}]},{"@type":"ImageObject","inLanguage":"cs","@id":"https:\/\/www.technodompro.com\/index.php\/produkt\/znackovy-giacomini-htr230-manualni-termostat-230v-76499\/#primaryimage","url":"https:\/\/www.technodompro.com\/wp-content\/uploads\/2026\/SK0017577-CZ20260425-092632-0-1777080397-giacomini-htr230-manualni-termostat-230v-1115015.webp","contentUrl":"https:\/\/www.technodompro.com\/wp-content\/uploads\/2026\/SK0017577-CZ20260425-092632-0-1777080397-giacomini-htr230-manualni-termostat-230v-1115015.webp","width":600,"height":490},{"@type":"BreadcrumbList","@id":"https:\/\/www.technodompro.com\/index.php\/produkt\/znackovy-giacomini-htr230-manualni-termostat-230v-76499\/#breadcrumb","itemListElement":[{"@type":"ListItem","position":1,"name":"Home","item":"https:\/\/www.technodompro.com\/"},{"@type":"ListItem","position":2,"name":"Products","item":"https:\/\/www.technodompro.com\/index.php\/products\/"},{"@type":"ListItem","position":3,"name":"Zna\u010dkov\u00fd Giacomini HTR230 Manu\u00e1ln\u00ed termostat 230V"}]},{"@type":"WebSite","@id":"https:\/\/www.technodompro.com\/#website","url":"https:\/\/www.technodompro.com\/","name":"","description":"","potentialAction":[{"@type":"SearchAction","target":{"@type":"EntryPoint","urlTemplate":"https:\/\/www.technodompro.com\/?s={search_term_string}"},"query-input":{"@type":"PropertyValueSpecification","valueRequired":true,"valueName":"search_term_string"}}],"inLanguage":"cs"}]}},"_links":{"self":[{"href":"https:\/\/www.technodompro.com\/index.php\/wp-json\/wp\/v2\/product\/76499","targetHints":{"allow":["GET"]}}],"collection":[{"href":"https:\/\/www.technodompro.com\/index.php\/wp-json\/wp\/v2\/product"}],"about":[{"href":"https:\/\/www.technodompro.com\/index.php\/wp-json\/wp\/v2\/types\/product"}],"replies":[{"embeddable":true,"href":"https:\/\/www.technodompro.com\/index.php\/wp-json\/wp\/v2\/comments?post=76499"}],"wp:featuredmedia":[{"embeddable":true,"href":"https:\/\/www.technodompro.com\/index.php\/wp-json\/wp\/v2\/media\/76599"}],"wp:attachment":[{"href":"https:\/\/www.technodompro.com\/index.php\/wp-json\/wp\/v2\/media?parent=76499"}],"wp:term":[{"taxonomy":"product_brand","embeddable":true,"href":"https:\/\/www.technodompro.com\/index.php\/wp-json\/wp\/v2\/product_brand?post=76499"},{"taxonomy":"product_cat","embeddable":true,"href":"https:\/\/www.technodompro.com\/index.php\/wp-json\/wp\/v2\/product_cat?post=76499"},{"taxonomy":"product_tag","embeddable":true,"href":"https:\/\/www.technodompro.com\/index.php\/wp-json\/wp\/v2\/product_tag?post=76499"}],"curies":[{"name":"wp","href":"https:\/\/api.w.org\/{rel}","templated":true}]}}