{"id":78171,"date":"2026-04-27T04:44:06","date_gmt":"2026-04-27T04:44:06","guid":{"rendered":""},"modified":"2026-04-27T04:44:06","modified_gmt":"2026-04-27T04:44:06","slug":"znackovy-koupelnova-skrinka-pod-umyvadlo-na-desku-101-cm-mereo-aira-multidecor-dub-sand-barbera-cn792sdsb1-78171","status":"publish","type":"product","link":"https:\/\/www.technodompro.com\/index.php\/produkt\/znackovy-koupelnova-skrinka-pod-umyvadlo-na-desku-101-cm-mereo-aira-multidecor-dub-sand-barbera-cn792sdsb1-78171\/","title":{"rendered":"Zna\u010dkov\u00fd Koupelnov\u00e1 sk\u0159\u00ed\u0148ka pod umyvadlo na desku 101 cm Mereo Aira Multidecor, Dub Sand Barbera &#8211; CN792SDSB1"},"content":{"rendered":"<div class=\"ProductDetail-content NoFixImageContainer\" id=\"productDescription\">\n<div class=\"Heading\">\n<h2 class=\"Heading-title\">Popis produktu <span class=''>Koupelnov\u00e1 sk\u0159\u00ed\u0148ka pod umyvadlo na desku 101 cm Mereo Aira Multidecor, Dub Sand Barbera &#8211; CN792SDSB1<\/span><\/h2>\n<\/p><\/div>\n<div class=\"ProductDetailContent\">                                                                    <\/div>\n<div class=\"ProductDetailContent\">\n<div class=\"ProductDetailContent-item\">                                            S\u00e9rie koupelnov\u00e9ho n\u00e1bytku Aira umo\u017e\u0148uje kombinovat horn\u00ed i spodn\u00ed sk\u0159\u00ed\u0148ky do mnoha r\u016fzn\u00fdch variant. Vytvo\u0159it tak lze jak slo\u017eit\u00e9 kombinace do velk\u00fdch koupelen, tak minimalistick\u00e9 \u0159e\u0161en\u00ed v modern\u00edm designu. Otev\u00edr\u00e1n\u00ed z\u00e1suvek a dv\u00ed\u0159ek je \u0159e\u0161eno syst\u00e9mem push-open, tedy otev\u00edr\u00e1n\u00edm, bez \u00fachytek. \u0160upl\u00edky jsou osazeny pojezdy s pomal\u00fdm dov\u00edr\u00e1n\u00edm. Na v\u00fdb\u011br je z mnoha barevn\u00fdch kombinac\u00ed, Multidecor. Sk\u0159\u00ed\u0148ky jsou dod\u00e1v\u00e1ny smontovan\u00e9 a v\u0161echny jsou ur\u010den\u00e9 k zav\u011b\u0161en\u00ed.                                        <\/div>\n<div class=\"ProductDetailContent-item\">\n<ul>\n<li>Typ: <strong>Pod umyvadlo<\/strong><\/li>\n<li>Barva: <strong>Dub Sand Barbera<\/strong><\/li>\n<li>S\u00e9rie: <strong>Aira<\/strong><\/li>\n<li>\u0160\u00ed\u0159ka: <strong>1008 mm<\/strong><\/li>\n<li>Hloubka: <strong>465 mm<\/strong><\/li>\n<li>Um\u00edst\u011bn\u00ed: <strong>K zav\u011b\u0161en\u00ed<\/strong><\/li>\n<li>D\u00e9lka\/V\u00fd\u0161ka: <strong>528 mm<\/strong><\/li>\n<\/ul><\/div>\n<\/p><\/div>\n<\/p><\/div>\n<\/p><\/div>\n<\/p><\/div>\n","protected":false},"excerpt":{"rendered":"<p>Popis produktu Koupelnov\u00e1 sk\u0159\u00ed\u0148ka pod umyvadlo na desku 101 cm Mereo Aira Multidecor, Dub Sand Barbera &#8211; CN792SDSB1 S\u00e9rie koupelnov\u00e9ho n\u00e1bytku Aira umo\u017e\u0148uje kombinovat horn\u00ed i spodn\u00ed sk\u0159\u00ed\u0148ky do mnoha r\u016fzn\u00fdch variant. Vytvo\u0159it tak lze jak slo\u017eit\u00e9 kombinace do velk\u00fdch koupelen, tak minimalistick\u00e9 \u0159e\u0161en\u00ed v modern\u00edm designu. Otev\u00edr\u00e1n\u00ed z\u00e1suvek a dv\u00ed\u0159ek je \u0159e\u0161eno syst\u00e9mem push-open, [&hellip;]<\/p>\n","protected":false},"featured_media":78271,"comment_status":"open","ping_status":"open","template":"","meta":[],"product_brand":[],"product_cat":[72],"product_tag":[],"class_list":{"0":"post-78171","1":"product","2":"type-product","3":"status-publish","4":"has-post-thumbnail","6":"product_cat-koupelny","8":"first","9":"instock","10":"sale","11":"shipping-taxable","12":"purchasable","13":"product-type-simple"},"yoast_head":"<!-- This site is optimized with the Yoast SEO plugin v26.8 - https:\/\/yoast.com\/product\/yoast-seo-wordpress\/ -->\n<title>Zna\u010dkov\u00fd Koupelnov\u00e1 sk\u0159\u00ed\u0148ka pod umyvadlo na desku 101 cm Mereo Aira Multidecor, Dub Sand Barbera - CN792SDSB1 -<\/title>\n<meta name=\"robots\" content=\"index, follow, max-snippet:-1, max-image-preview:large, max-video-preview:-1\" \/>\n<link rel=\"canonical\" href=\"https:\/\/www.technodompro.com\/index.php\/produkt\/znackovy-koupelnova-skrinka-pod-umyvadlo-na-desku-101-cm-mereo-aira-multidecor-dub-sand-barbera-cn792sdsb1-78171\/\" \/>\n<meta property=\"og:locale\" content=\"cs_CZ\" \/>\n<meta property=\"og:type\" content=\"article\" \/>\n<meta property=\"og:title\" content=\"Zna\u010dkov\u00fd Koupelnov\u00e1 sk\u0159\u00ed\u0148ka pod umyvadlo na desku 101 cm Mereo Aira Multidecor, Dub Sand Barbera - CN792SDSB1 -\" \/>\n<meta property=\"og:description\" content=\"Popis produktu Koupelnov\u00e1 sk\u0159\u00ed\u0148ka pod umyvadlo na desku 101 cm Mereo Aira Multidecor, Dub Sand Barbera &#8211; CN792SDSB1 S\u00e9rie koupelnov\u00e9ho n\u00e1bytku Aira umo\u017e\u0148uje kombinovat horn\u00ed i spodn\u00ed sk\u0159\u00ed\u0148ky do mnoha r\u016fzn\u00fdch variant. Vytvo\u0159it tak lze jak slo\u017eit\u00e9 kombinace do velk\u00fdch koupelen, tak minimalistick\u00e9 \u0159e\u0161en\u00ed v modern\u00edm designu. Otev\u00edr\u00e1n\u00ed z\u00e1suvek a dv\u00ed\u0159ek je \u0159e\u0161eno syst\u00e9mem push-open, [&hellip;]\" \/>\n<meta property=\"og:url\" content=\"https:\/\/www.technodompro.com\/index.php\/produkt\/znackovy-koupelnova-skrinka-pod-umyvadlo-na-desku-101-cm-mereo-aira-multidecor-dub-sand-barbera-cn792sdsb1-78171\/\" \/>\n<meta property=\"og:image\" content=\"https:\/\/www.technodompro.com\/wp-content\/uploads\/2026\/SK0018665-CZ20260425-092632-0-1777080397-koupelnova-skrinka-pod-umyvadlo-na-desku-101-cm-mereo-aira-.webp\" \/>\n\t<meta property=\"og:image:width\" content=\"600\" \/>\n\t<meta property=\"og:image:height\" content=\"600\" \/>\n\t<meta property=\"og:image:type\" content=\"image\/webp\" \/>\n<meta name=\"twitter:card\" content=\"summary_large_image\" \/>\n<meta name=\"twitter:label1\" content=\"Odhadovan\u00e1 doba \u010dten\u00ed\" \/>\n\t<meta name=\"twitter:data1\" content=\"1 minuta\" \/>\n<script type=\"application\/ld+json\" class=\"yoast-schema-graph\">{\"@context\":\"https:\/\/schema.org\",\"@graph\":[{\"@type\":\"WebPage\",\"@id\":\"https:\/\/www.technodompro.com\/index.php\/produkt\/znackovy-koupelnova-skrinka-pod-umyvadlo-na-desku-101-cm-mereo-aira-multidecor-dub-sand-barbera-cn792sdsb1-78171\/\",\"url\":\"https:\/\/www.technodompro.com\/index.php\/produkt\/znackovy-koupelnova-skrinka-pod-umyvadlo-na-desku-101-cm-mereo-aira-multidecor-dub-sand-barbera-cn792sdsb1-78171\/\",\"name\":\"Zna\u010dkov\u00fd Koupelnov\u00e1 sk\u0159\u00ed\u0148ka pod umyvadlo na desku 101 cm Mereo Aira Multidecor, Dub Sand Barbera - CN792SDSB1 -\",\"isPartOf\":{\"@id\":\"https:\/\/www.technodompro.com\/#website\"},\"primaryImageOfPage\":{\"@id\":\"https:\/\/www.technodompro.com\/index.php\/produkt\/znackovy-koupelnova-skrinka-pod-umyvadlo-na-desku-101-cm-mereo-aira-multidecor-dub-sand-barbera-cn792sdsb1-78171\/#primaryimage\"},\"image\":{\"@id\":\"https:\/\/www.technodompro.com\/index.php\/produkt\/znackovy-koupelnova-skrinka-pod-umyvadlo-na-desku-101-cm-mereo-aira-multidecor-dub-sand-barbera-cn792sdsb1-78171\/#primaryimage\"},\"thumbnailUrl\":\"https:\/\/www.technodompro.com\/wp-content\/uploads\/2026\/SK0018665-CZ20260425-092632-0-1777080397-koupelnova-skrinka-pod-umyvadlo-na-desku-101-cm-mereo-aira-.webp\",\"datePublished\":\"2026-04-27T04:44:06+00:00\",\"breadcrumb\":{\"@id\":\"https:\/\/www.technodompro.com\/index.php\/produkt\/znackovy-koupelnova-skrinka-pod-umyvadlo-na-desku-101-cm-mereo-aira-multidecor-dub-sand-barbera-cn792sdsb1-78171\/#breadcrumb\"},\"inLanguage\":\"cs\",\"potentialAction\":[{\"@type\":\"ReadAction\",\"target\":[\"https:\/\/www.technodompro.com\/index.php\/produkt\/znackovy-koupelnova-skrinka-pod-umyvadlo-na-desku-101-cm-mereo-aira-multidecor-dub-sand-barbera-cn792sdsb1-78171\/\"]}]},{\"@type\":\"ImageObject\",\"inLanguage\":\"cs\",\"@id\":\"https:\/\/www.technodompro.com\/index.php\/produkt\/znackovy-koupelnova-skrinka-pod-umyvadlo-na-desku-101-cm-mereo-aira-multidecor-dub-sand-barbera-cn792sdsb1-78171\/#primaryimage\",\"url\":\"https:\/\/www.technodompro.com\/wp-content\/uploads\/2026\/SK0018665-CZ20260425-092632-0-1777080397-koupelnova-skrinka-pod-umyvadlo-na-desku-101-cm-mereo-aira-.webp\",\"contentUrl\":\"https:\/\/www.technodompro.com\/wp-content\/uploads\/2026\/SK0018665-CZ20260425-092632-0-1777080397-koupelnova-skrinka-pod-umyvadlo-na-desku-101-cm-mereo-aira-.webp\",\"width\":600,\"height\":600},{\"@type\":\"BreadcrumbList\",\"@id\":\"https:\/\/www.technodompro.com\/index.php\/produkt\/znackovy-koupelnova-skrinka-pod-umyvadlo-na-desku-101-cm-mereo-aira-multidecor-dub-sand-barbera-cn792sdsb1-78171\/#breadcrumb\",\"itemListElement\":[{\"@type\":\"ListItem\",\"position\":1,\"name\":\"Home\",\"item\":\"https:\/\/www.technodompro.com\/\"},{\"@type\":\"ListItem\",\"position\":2,\"name\":\"Products\",\"item\":\"https:\/\/www.technodompro.com\/index.php\/products\/\"},{\"@type\":\"ListItem\",\"position\":3,\"name\":\"Zna\u010dkov\u00fd Koupelnov\u00e1 sk\u0159\u00ed\u0148ka pod umyvadlo na desku 101 cm Mereo Aira Multidecor, Dub Sand Barbera &#8211; CN792SDSB1\"}]},{\"@type\":\"WebSite\",\"@id\":\"https:\/\/www.technodompro.com\/#website\",\"url\":\"https:\/\/www.technodompro.com\/\",\"name\":\"\",\"description\":\"\",\"potentialAction\":[{\"@type\":\"SearchAction\",\"target\":{\"@type\":\"EntryPoint\",\"urlTemplate\":\"https:\/\/www.technodompro.com\/?s={search_term_string}\"},\"query-input\":{\"@type\":\"PropertyValueSpecification\",\"valueRequired\":true,\"valueName\":\"search_term_string\"}}],\"inLanguage\":\"cs\"}]}<\/script>\n<!-- \/ Yoast SEO plugin. -->","yoast_head_json":{"title":"Zna\u010dkov\u00fd Koupelnov\u00e1 sk\u0159\u00ed\u0148ka pod umyvadlo na desku 101 cm Mereo Aira Multidecor, Dub Sand Barbera - CN792SDSB1 -","robots":{"index":"index","follow":"follow","max-snippet":"max-snippet:-1","max-image-preview":"max-image-preview:large","max-video-preview":"max-video-preview:-1"},"canonical":"https:\/\/www.technodompro.com\/index.php\/produkt\/znackovy-koupelnova-skrinka-pod-umyvadlo-na-desku-101-cm-mereo-aira-multidecor-dub-sand-barbera-cn792sdsb1-78171\/","og_locale":"cs_CZ","og_type":"article","og_title":"Zna\u010dkov\u00fd Koupelnov\u00e1 sk\u0159\u00ed\u0148ka pod umyvadlo na desku 101 cm Mereo Aira Multidecor, Dub Sand Barbera - CN792SDSB1 -","og_description":"Popis produktu Koupelnov\u00e1 sk\u0159\u00ed\u0148ka pod umyvadlo na desku 101 cm Mereo Aira Multidecor, Dub Sand Barbera &#8211; CN792SDSB1 S\u00e9rie koupelnov\u00e9ho n\u00e1bytku Aira umo\u017e\u0148uje kombinovat horn\u00ed i spodn\u00ed sk\u0159\u00ed\u0148ky do mnoha r\u016fzn\u00fdch variant. Vytvo\u0159it tak lze jak slo\u017eit\u00e9 kombinace do velk\u00fdch koupelen, tak minimalistick\u00e9 \u0159e\u0161en\u00ed v modern\u00edm designu. Otev\u00edr\u00e1n\u00ed z\u00e1suvek a dv\u00ed\u0159ek je \u0159e\u0161eno syst\u00e9mem push-open, [&hellip;]","og_url":"https:\/\/www.technodompro.com\/index.php\/produkt\/znackovy-koupelnova-skrinka-pod-umyvadlo-na-desku-101-cm-mereo-aira-multidecor-dub-sand-barbera-cn792sdsb1-78171\/","og_image":[{"width":600,"height":600,"url":"https:\/\/www.technodompro.com\/wp-content\/uploads\/2026\/SK0018665-CZ20260425-092632-0-1777080397-koupelnova-skrinka-pod-umyvadlo-na-desku-101-cm-mereo-aira-.webp","type":"image\/webp"}],"twitter_card":"summary_large_image","twitter_misc":{"Odhadovan\u00e1 doba \u010dten\u00ed":"1 minuta"},"schema":{"@context":"https:\/\/schema.org","@graph":[{"@type":"WebPage","@id":"https:\/\/www.technodompro.com\/index.php\/produkt\/znackovy-koupelnova-skrinka-pod-umyvadlo-na-desku-101-cm-mereo-aira-multidecor-dub-sand-barbera-cn792sdsb1-78171\/","url":"https:\/\/www.technodompro.com\/index.php\/produkt\/znackovy-koupelnova-skrinka-pod-umyvadlo-na-desku-101-cm-mereo-aira-multidecor-dub-sand-barbera-cn792sdsb1-78171\/","name":"Zna\u010dkov\u00fd Koupelnov\u00e1 sk\u0159\u00ed\u0148ka pod umyvadlo na desku 101 cm Mereo Aira Multidecor, Dub Sand Barbera - CN792SDSB1 -","isPartOf":{"@id":"https:\/\/www.technodompro.com\/#website"},"primaryImageOfPage":{"@id":"https:\/\/www.technodompro.com\/index.php\/produkt\/znackovy-koupelnova-skrinka-pod-umyvadlo-na-desku-101-cm-mereo-aira-multidecor-dub-sand-barbera-cn792sdsb1-78171\/#primaryimage"},"image":{"@id":"https:\/\/www.technodompro.com\/index.php\/produkt\/znackovy-koupelnova-skrinka-pod-umyvadlo-na-desku-101-cm-mereo-aira-multidecor-dub-sand-barbera-cn792sdsb1-78171\/#primaryimage"},"thumbnailUrl":"https:\/\/www.technodompro.com\/wp-content\/uploads\/2026\/SK0018665-CZ20260425-092632-0-1777080397-koupelnova-skrinka-pod-umyvadlo-na-desku-101-cm-mereo-aira-.webp","datePublished":"2026-04-27T04:44:06+00:00","breadcrumb":{"@id":"https:\/\/www.technodompro.com\/index.php\/produkt\/znackovy-koupelnova-skrinka-pod-umyvadlo-na-desku-101-cm-mereo-aira-multidecor-dub-sand-barbera-cn792sdsb1-78171\/#breadcrumb"},"inLanguage":"cs","potentialAction":[{"@type":"ReadAction","target":["https:\/\/www.technodompro.com\/index.php\/produkt\/znackovy-koupelnova-skrinka-pod-umyvadlo-na-desku-101-cm-mereo-aira-multidecor-dub-sand-barbera-cn792sdsb1-78171\/"]}]},{"@type":"ImageObject","inLanguage":"cs","@id":"https:\/\/www.technodompro.com\/index.php\/produkt\/znackovy-koupelnova-skrinka-pod-umyvadlo-na-desku-101-cm-mereo-aira-multidecor-dub-sand-barbera-cn792sdsb1-78171\/#primaryimage","url":"https:\/\/www.technodompro.com\/wp-content\/uploads\/2026\/SK0018665-CZ20260425-092632-0-1777080397-koupelnova-skrinka-pod-umyvadlo-na-desku-101-cm-mereo-aira-.webp","contentUrl":"https:\/\/www.technodompro.com\/wp-content\/uploads\/2026\/SK0018665-CZ20260425-092632-0-1777080397-koupelnova-skrinka-pod-umyvadlo-na-desku-101-cm-mereo-aira-.webp","width":600,"height":600},{"@type":"BreadcrumbList","@id":"https:\/\/www.technodompro.com\/index.php\/produkt\/znackovy-koupelnova-skrinka-pod-umyvadlo-na-desku-101-cm-mereo-aira-multidecor-dub-sand-barbera-cn792sdsb1-78171\/#breadcrumb","itemListElement":[{"@type":"ListItem","position":1,"name":"Home","item":"https:\/\/www.technodompro.com\/"},{"@type":"ListItem","position":2,"name":"Products","item":"https:\/\/www.technodompro.com\/index.php\/products\/"},{"@type":"ListItem","position":3,"name":"Zna\u010dkov\u00fd Koupelnov\u00e1 sk\u0159\u00ed\u0148ka pod umyvadlo na desku 101 cm Mereo Aira Multidecor, Dub Sand Barbera &#8211; CN792SDSB1"}]},{"@type":"WebSite","@id":"https:\/\/www.technodompro.com\/#website","url":"https:\/\/www.technodompro.com\/","name":"","description":"","potentialAction":[{"@type":"SearchAction","target":{"@type":"EntryPoint","urlTemplate":"https:\/\/www.technodompro.com\/?s={search_term_string}"},"query-input":{"@type":"PropertyValueSpecification","valueRequired":true,"valueName":"search_term_string"}}],"inLanguage":"cs"}]}},"_links":{"self":[{"href":"https:\/\/www.technodompro.com\/index.php\/wp-json\/wp\/v2\/product\/78171","targetHints":{"allow":["GET"]}}],"collection":[{"href":"https:\/\/www.technodompro.com\/index.php\/wp-json\/wp\/v2\/product"}],"about":[{"href":"https:\/\/www.technodompro.com\/index.php\/wp-json\/wp\/v2\/types\/product"}],"replies":[{"embeddable":true,"href":"https:\/\/www.technodompro.com\/index.php\/wp-json\/wp\/v2\/comments?post=78171"}],"wp:featuredmedia":[{"embeddable":true,"href":"https:\/\/www.technodompro.com\/index.php\/wp-json\/wp\/v2\/media\/78271"}],"wp:attachment":[{"href":"https:\/\/www.technodompro.com\/index.php\/wp-json\/wp\/v2\/media?parent=78171"}],"wp:term":[{"taxonomy":"product_brand","embeddable":true,"href":"https:\/\/www.technodompro.com\/index.php\/wp-json\/wp\/v2\/product_brand?post=78171"},{"taxonomy":"product_cat","embeddable":true,"href":"https:\/\/www.technodompro.com\/index.php\/wp-json\/wp\/v2\/product_cat?post=78171"},{"taxonomy":"product_tag","embeddable":true,"href":"https:\/\/www.technodompro.com\/index.php\/wp-json\/wp\/v2\/product_tag?post=78171"}],"curies":[{"name":"wp","href":"https:\/\/api.w.org\/{rel}","templated":true}]}}